{"id":47330,"date":"2024-04-10T19:46:08","date_gmt":"2024-04-10T23:46:08","guid":{"rendered":"https:\/\/www.sisinternational.com\/?page_id=47330"},"modified":"2026-01-26T18:47:04","modified_gmt":"2026-01-26T23:47:04","slug":"pesquisa-de-mercado-de-oleodutos-e-gasodutos","status":"publish","type":"page","link":"https:\/\/www.sisinternational.com\/pt\/solucoes\/pesquisa-de-mercado-de-oleodutos-e-gasodutos\/","title":{"rendered":"Pesquisa de mercado de oleodutos e gasodutos"},"content":{"rendered":"<h1 class=\"wp-block-heading\">Pesquisa de mercado de oleodutos e gasodutos<\/h1>\n\n\n\n<figure class=\"gb-block-image gb-block-image-ba953e5b\"><img loading=\"lazy\" decoding=\"async\" width=\"1456\" height=\"816\" class=\"gb-image gb-image-ba953e5b\" src=\"https:\/\/www.sisinternational.com\/wp-content\/uploads\/2025\/08\/Oil-2.jpg\" alt=\"Pesquisa e Estrat\u00e9gia de Mercado Internacional da SIS\" title=\"Oil (2)\" srcset=\"https:\/\/www.sisinternational.com\/wp-content\/uploads\/2025\/08\/Oil-2.jpg 1456w, https:\/\/www.sisinternational.com\/wp-content\/uploads\/2025\/08\/Oil-2-300x168.jpg 300w, https:\/\/www.sisinternational.com\/wp-content\/uploads\/2025\/08\/Oil-2-1024x574.jpg 1024w, https:\/\/www.sisinternational.com\/wp-content\/uploads\/2025\/08\/Oil-2-768x430.jpg 768w, https:\/\/www.sisinternational.com\/wp-content\/uploads\/2025\/08\/Oil-2-18x10.jpg 18w\" sizes=\"auto, (max-width: 1456px) 100vw, 1456px\"><\/figure>\n\n\n\n<hr class=\"wp-block-separator has-alpha-channel-opacity is-style-dots\"\/>\n\n\n\n<p>No cen\u00e1rio complexo e em constante evolu\u00e7\u00e3o do setor energ\u00e9tico, a pesquisa de mercado de oleodutos e gasodutos constitui uma ferramenta cr\u00edtica para as partes interessadas da ind\u00fastria, esclarecendo como informa as decis\u00f5es estrat\u00e9gicas na explora\u00e7\u00e3o, produ\u00e7\u00e3o e distribui\u00e7\u00e3o. Ao examinar os desafios e oportunidades enfrentados pela ind\u00fastria de oleodutos e gasodutos, esta investiga\u00e7\u00e3o fornece informa\u00e7\u00f5es valiosas para investidores, decisores pol\u00edticos e operadores que se esfor\u00e7am por navegar na intrincada rede de oferta e procura numa busca pela seguran\u00e7a e sustentabilidade energ\u00e9tica.<\/p>\n\n\n\n<h2 class=\"wp-block-heading\">O que \u00e9 pesquisa de mercado de oleodutos e gasodutos?<\/h2>\n\n\n\n<p><a href=\"https:\/\/www.sisinternational.com\/pt\/pericia\/industrias\/pesquisa-de-mercado-de-oleo-de-palma\/\" title=\"Pesquisa de mercado de \u00f3leo de palma\"  data-wpil-monitor-id=\"3450\">Oil and gas pipeline market research<\/a> systematically analyzes trends, challenges, opportunities, and dynamics within the oil and gas pipeline industry. It involves gathering and analyzing data related to pipeline construction, operation, maintenance, regulatory frameworks, market demand, and emerging technologies.<\/p>\n\n\n\n<h2 class=\"wp-block-heading\">Por que as empresas precisam de pesquisas de mercado de oleodutos e gasodutos?<\/h2>\n\n\n\n<p>A ind\u00fastria de oleodutos e gasodutos \u00e9 inerentemente complexa e repleta de riscos, incluindo quest\u00f5es de conformidade regulamentar, preocupa\u00e7\u00f5es ambientais e instabilidade geopol\u00edtica. \u00c9 por isso que a pesquisa de mercado ajuda as empresas a identificar e avaliar estes riscos, permitindo-lhes desenvolver estrat\u00e9gias para mitigar potenciais impactos negativos nas opera\u00e7\u00f5es e nos investimentos.<\/p>\n\n\n\n<p><a href=\"https:\/\/www.sisinternational.com\/pt\/pericia\/industrias\/pesquisa-de-mercado-de-petroleo-e-gas\/\" title=\"Pesquisa de mercado de petr\u00f3leo e g\u00e1s\"  data-wpil-monitor-id=\"3080\">Oil and gas pipeline market research<\/a> also gives businesses valuable insights into market trends, competitor strategies, and emerging technologies, allowing them to make informed decisions regarding pipeline development, expansion, and optimization.<\/p>\n\n\n\n<p>Al\u00e9m disso, a pesquisa de mercado ajuda as empresas a identificar mercados inexplorados, avaliar a din\u00e2mica da procura-oferta e avaliar a viabilidade de novos projetos em pipeline, permitindo-lhes capitalizar oportunidades de crescimento e diversificar os seus fluxos de receitas. No entanto, traz muitos outros benef\u00edcios para as empresas, incluindo:<\/p>\n\n\n\n<ul class=\"wp-block-list\">\n<li><strong>Tomada de decis\u00e3o informada:<\/strong> By providing comprehensive insights into market trends, regulatory landscapes, and competitor strategies, <a href=\"https:\/\/www.sisinternational.com\/pt\/pericia\/industrias\/pesquisa-de-mercado-de-oleo-vegetal\/\" title=\"Pesquisa de mercado de \u00f3leos vegetais\"  data-wpil-monitor-id=\"3219\">pesquisa de mercado de oleodutos e gasodutos<\/a> empowers businesses to make informed decisions regarding pipeline development, investment priorities, and strategic partnerships.<\/li>\n\n\n\n<li><strong>Mitiga\u00e7\u00e3o de riscos:<\/strong> Atrav\u00e9s de uma an\u00e1lise minuciosa da din\u00e2mica do mercado e dos quadros regulamentares, a pesquisa de mercado ajuda as empresas a identificar e avaliar riscos potenciais, incluindo responsabilidades ambientais, incumprimento regulamentar e instabilidade geopol\u00edtica, permitindo-lhes implementar estrat\u00e9gias proativas de mitiga\u00e7\u00e3o de riscos e salvaguardar as suas opera\u00e7\u00f5es e investimentos.<\/li>\n\n\n\n<li><strong>Identifica\u00e7\u00e3o de oportunidade:<\/strong> A pesquisa de mercado permite que as empresas identifiquem oportunidades emergentes para expans\u00e3o, diversifica\u00e7\u00e3o e inova\u00e7\u00e3o do mercado no setor de oleodutos e gasodutos.<\/li>\n\n\n\n<li><strong>Vantagem competitiva:<\/strong> A pesquisa de mercado de oleodutos e gasodutos ajuda as empresas a obter uma vantagem competitiva, fornecendo insights sobre estrat\u00e9gias de concorrentes, posicionamento de mercado e prefer\u00eancias dos clientes.<\/li>\n\n\n\n<li><strong>Aloca\u00e7\u00e3o otimizada de recursos:<\/strong> A pesquisa de mercado analisa a demanda do mercado, a din\u00e2mica da oferta e os requisitos de infraestrutura, permitindo que as empresas otimizem a aloca\u00e7\u00e3o de recursos e as decis\u00f5es de investimento.<\/li>\n<\/ul>\n\n\n\n<h2 class=\"wp-block-heading\">Quem usa pesquisa de mercado de oleodutos e gasodutos<\/h2>\n\n\n\n<p>As empresas de energia, incluindo produtores de petr\u00f3leo e g\u00e1s, operadores de oleodutos e empresas de energia integradas, dependem de pesquisas de mercado para informar a tomada de decis\u00f5es estrat\u00e9gicas relativas ao desenvolvimento, expans\u00e3o e otimiza\u00e7\u00e3o de oleodutos. Ao compreender as tend\u00eancias do mercado, os cen\u00e1rios regulat\u00f3rios e as estrat\u00e9gias dos concorrentes, as empresas de energia podem mitigar riscos, maximizar o retorno do investimento e manter uma vantagem competitiva no mercado.<\/p>\n\n\n\n<p>As empresas de engenharia e constru\u00e7\u00e3o desempenham um papel crucial no projeto, constru\u00e7\u00e3o e manuten\u00e7\u00e3o de oleodutos e gasodutos. A pesquisa de mercado ajuda essas empresas a identificar oportunidades de mercado, avaliar a viabilidade do projeto e desenvolver solu\u00e7\u00f5es personalizadas para atender \u00e0s necessidades dos clientes.<\/p>\n\n\n\n<p>Government Agencies and Regulators engage in <a href=\"https:\/\/www.sisinternational.com\/pt\/pericia\/industrias\/pesquisa-de-mercado-de-elite-politica\/\" title=\"Pesquisa de mercado de elite pol\u00edtica\u00a0\"  data-wpil-monitor-id=\"6228\">market research to inform policy<\/a> decisions, monitor market dynamics, and ensure compliance with regulatory requirements. Government agencies can identify emerging trends, assess industry risks, and develop effective regulatory frameworks to promote safety, environmental protection, and market competitiveness.<\/p>\n\n\n\n<p>As Institui\u00e7\u00f5es Financeiras e Investidores utilizam pesquisas de mercado para avaliar oportunidades de investimento, avaliar a viabilidade de projetos e gerenciar a exposi\u00e7\u00e3o ao risco. Ao realizar a devida dilig\u00eancia e an\u00e1lise de mercado, podem tomar decis\u00f5es de investimento informadas, alocar capital de forma eficiente e maximizar o retorno do investimento no sector do petr\u00f3leo e do g\u00e1s.<\/p>\n\n\n\n<h2 class=\"wp-block-heading\">Resultados esperados dos servi\u00e7os de pesquisa de mercado de oleodutos e gasodutos da SIS International<\/h2>\n\n\n\n<p>A SIS International oferece servi\u00e7os abrangentes de pesquisa de mercado de oleodutos e gasodutos para fornecer insights pr\u00e1ticos e impulsionar o sucesso dos neg\u00f3cios. Aqui est\u00e3o os resultados esperados que os clientes podem antecipar:<\/p>\n\n\n\n<ul class=\"wp-block-list\">\n<li><strong>An\u00e1lise aprofundada do mercado:<\/strong> SIS conducts thorough <a href=\"https:\/\/www.sisinternational.com\/pt\/solucoes\/solucoes-de-pesquisa-quantitativa-qualitativa\/pesquisa-de-mercado-de-analise-de-cluster\/\" title=\"Pesquisa de mercado de an\u00e1lise de cluster\"  data-wpil-monitor-id=\"7033\">oil and gas pipeline<\/a> market research, providing clients with a deep understanding of industry trends, market dynamics, and competitive landscapes. By analyzing market demand, regulatory frameworks, and technological advancements, SIS International delivers insights that inform strategic decision-making and drive business growth.<\/li>\n\n\n\n<li><strong>Inteligencia competitiva:<\/strong> A pesquisa da SIS International inclui intelig\u00eancia competitiva, permitindo que os clientes obtenham insights sobre estrat\u00e9gias de concorrentes, posicionamento de mercado e prefer\u00eancias dos clientes. Ao comparar com os concorrentes e identificar lacunas de mercado, os clientes podem desenvolver ofertas diferenciadas, aumentar a sua vantagem competitiva e conquistar quota de mercado de forma eficaz.<\/li>\n\n\n\n<li><strong>Orienta\u00e7\u00e3o de Conformidade Regulat\u00f3ria:<\/strong> Com experi\u00eancia em cen\u00e1rios regulat\u00f3rios e padr\u00f5es do setor, a SIS fornece aos clientes orienta\u00e7\u00e3o sobre conformidade regulat\u00f3ria, garantindo a ades\u00e3o aos regulamentos e padr\u00f5es aplic\u00e1veis. Ao permanecerem atualizados sobre os desenvolvimentos regulat\u00f3rios e os requisitos de conformidade, os clientes podem mitigar os riscos regulat\u00f3rios, evitar penalidades dispendiosas e manter uma reputa\u00e7\u00e3o favor\u00e1vel no setor.<\/li>\n\n\n\n<li><a href=\"https:\/\/www.sisinternational.com\/pt\/solucoes\/pesquisa-de-mercado-de-ia-e-consultoria-estrategica\/pesquisa-de-mercado-de-reconhecimento-facial\/\" title=\"Pesquisa de mercado de reconhecimento facial\"  data-wpil-monitor-id=\"2034\">Market Expansion Opportunities: SIS International&#8217;s research<\/a> identifies market expansion opportunities, enabling clients to assess market demand, evaluate entry barriers, and develop market entry strategies. By identifying untapped markets, assessing competitive landscapes, and understanding consumer preferences, clients can expand their presence in new markets, diversify revenue streams, and drive business growth.<\/li>\n<\/ul>\n\n\n\n<h2 class=\"wp-block-heading\">Participantes do mercado de oleodutos e gasodutos<\/h2>\n\n\n\n<figure class=\"gb-block-image gb-block-image-a75315cb\"><img loading=\"lazy\" decoding=\"async\" width=\"1456\" height=\"816\" class=\"gb-image gb-image-a75315cb\" src=\"https:\/\/www.sisinternational.com\/wp-content\/uploads\/2025\/08\/Oil-3.jpg\" alt=\"Pesquisa e Estrat\u00e9gia de Mercado Internacional da SIS\" title=\"Oil (3)\" srcset=\"https:\/\/www.sisinternational.com\/wp-content\/uploads\/2025\/08\/Oil-3.jpg 1456w, https:\/\/www.sisinternational.com\/wp-content\/uploads\/2025\/08\/Oil-3-300x168.jpg 300w, https:\/\/www.sisinternational.com\/wp-content\/uploads\/2025\/08\/Oil-3-1024x574.jpg 1024w, https:\/\/www.sisinternational.com\/wp-content\/uploads\/2025\/08\/Oil-3-768x430.jpg 768w, https:\/\/www.sisinternational.com\/wp-content\/uploads\/2025\/08\/Oil-3-18x10.jpg 18w\" sizes=\"auto, (max-width: 1456px) 100vw, 1456px\"><\/figure>\n\n\n\n<p><\/p>\n\n\n\n<p>O mercado de oleodutos e gasodutos \u00e9 dominado por v\u00e1rios players importantes, incluindo:<\/p>\n\n\n\n<ul class=\"wp-block-list\">\n<li><strong>Energia CT:<\/strong> Anteriormente conhecida como TransCanada Corporation, a TC Energy \u00e9 uma empresa l\u00edder em infraestrutura de energia na Am\u00e9rica do Norte, com uma vasta rede de gasodutos de g\u00e1s natural e l\u00edquidos no Canad\u00e1, nos Estados Unidos e no M\u00e9xico. Conhecida por sua extensa rede de dutos e experi\u00eancia na constru\u00e7\u00e3o e opera\u00e7\u00e3o de dutos, a TC Energy desempenha um papel fundamental na facilita\u00e7\u00e3o do transporte de recursos energ\u00e9ticos em toda a Am\u00e9rica do Norte.<\/li>\n\n\n\n<li><strong>Kinder Morgan:<\/strong> A Kinder Morgan \u00e9 uma das maiores empresas de infraestrutura energ\u00e9tica da Am\u00e9rica do Norte, operando um portf\u00f3lio diversificado de oleodutos, terminais e instala\u00e7\u00f5es de armazenamento. Com foco em g\u00e1s natural, produtos refinados e oleodutos, a Kinder Morgan desempenha um papel fundamental na conex\u00e3o de regi\u00f5es produtoras de energia com mercados e centros de demanda importantes.<\/li>\n\n\n\n<li><strong>Gazprom:<\/strong> A Gazprom \u00e9 uma empresa de energia russa e a maior produtora mundial de g\u00e1s natural. Com uma extensa rede de gasodutos que abrange a R\u00fassia e a Europa, a Gazprom domina o fornecimento de g\u00e1s natural aos mercados nacionais e internacionais, contribuindo para a seguran\u00e7a energ\u00e9tica e o desenvolvimento econ\u00f3mico.<\/li>\n\n\n\n<li><strong>Ar\u00e1bia Saudita:<\/strong> A Saudi Aramco \u00e9 a maior produtora e exportadora de petr\u00f3leo do mundo, operando uma vasta rede de oleodutos, terminais e refinarias na Ar\u00e1bia Saudita e no mundo. Como interveniente fundamental na ind\u00fastria do petr\u00f3leo e do g\u00e1s, a Saudi Aramco \u00e9 crucial para garantir o fornecimento fi\u00e1vel de petr\u00f3leo bruto aos mercados globais e para apoiar a transi\u00e7\u00e3o energ\u00e9tica global.<\/li>\n<\/ul>\n\n\n\n<h2 class=\"wp-block-heading\">Oportunidades no mercado de oleodutos e gasodutos<\/h2>\n\n\n\n<p><a href=\"https:\/\/www.sisinternational.com\/pt\/venezuela-oil-mining-industry-potential-strategic-forecast-2026-2036\/\" title=\"Venezuela Oil &amp; Mining Industry Potential: Strategic Forecast 2026-2036\"  data-wpil-monitor-id=\"1296\">Oil and gas pipeline market research<\/a> presents several opportunities for businesses operating within the industry:<\/p>\n\n\n\n<ul class=\"wp-block-list\">\n<li><strong>Expans\u00e3o do mercado:<\/strong> A pesquisa de mercado permite que as empresas identifiquem novas oportunidades de mercado e perspectivas de expans\u00e3o no setor de oleodutos e gasodutos. Ao analisar as tend\u00eancias do mercado, os cen\u00e1rios regulamentares e as prefer\u00eancias dos consumidores, as empresas podem avaliar a viabilidade de entrar em novos mercados, expandir as opera\u00e7\u00f5es existentes ou diversificar as suas ofertas de produtos para responder \u00e0s crescentes exig\u00eancias do mercado.<\/li>\n\n\n\n<li><strong>Inova\u00e7\u00e3o e ado\u00e7\u00e3o de tecnologia:<\/strong> A pesquisa sobre tecnologias emergentes e tend\u00eancias da ind\u00fastria permite que as empresas inovem e permane\u00e7am \u00e0 frente da curva do setor de oleodutos e gasodutos. Ao investir em pesquisa e desenvolvimento, as empresas podem explorar novas tecnologias, como materiais avan\u00e7ados, automa\u00e7\u00e3o e digitaliza\u00e7\u00e3o, para melhorar o desempenho dos dutos, melhorar a seguran\u00e7a e reduzir os impactos ambientais.<\/li>\n\n\n\n<li><strong>Parcerias e Colabora\u00e7\u00f5es Estrat\u00e9gicas:<\/strong> A pesquisa de tend\u00eancias de mercado e atividades concorrentes permite que as empresas identifiquem potenciais parceiros, fornecedores e colaboradores dentro do ecossistema de oleodutos e gasodutos. Ao estabelecer parcerias e colabora\u00e7\u00f5es estrat\u00e9gicas, as empresas podem aproveitar for\u00e7as complementares, partilhar recursos e procurar joint ventures para capitalizar as oportunidades de mercado e alcan\u00e7ar crescimento e sucesso m\u00fatuos.<\/li>\n<\/ul>\n\n\n\n<h2 class=\"wp-block-heading\">Como os servi\u00e7os de pesquisa de mercado de oleodutos e gasodutos da SIS International ajudam as empresas<\/h2>\n\n\n\n<p>A SIS International oferece uma gama de servi\u00e7os especializados adaptados para apoiar as empresas na navega\u00e7\u00e3o pelas complexidades da ind\u00fastria de oleodutos e gasodutos. Veja como os servi\u00e7os da SIS International podem beneficiar as empresas:<\/p>\n\n\n\n<ul class=\"wp-block-list\">\n<li><strong>Abordagem de pesquisa personalizada:<\/strong> A SIS International adota uma abordagem de pesquisa personalizada, adaptada \u00e0s necessidades e objetivos espec\u00edficos de cada cliente. Ao colaborar estreitamente com os clientes para compreender seus objetivos, desafios e din\u00e2mica do setor, oferecemos solu\u00e7\u00f5es de pesquisa que fornecem insights acion\u00e1veis e impulsionam a tomada de decis\u00f5es estrat\u00e9gicas.<\/li>\n\n\n\n<li><strong>Experi\u00eancia no setor:<\/strong> Com uma equipe de pesquisadores experientes e especialistas do setor, a SIS traz profundo conhecimento e experi\u00eancia no setor de oleodutos e gasodutos. Aproveitando a ampla experi\u00eancia no setor e a intelig\u00eancia de mercado, nossos consultores oferecem insights que permitem aos clientes ficar \u00e0 frente da concorr\u00eancia, identificar oportunidades de crescimento e mitigar riscos de forma eficaz.<\/li>\n\n\n\n<li><strong>Alcance global:<\/strong> SIS&#8217;s global presence enables businesses to access insights from diverse markets and regions, facilitating informed decision-making and market expansion strategies. With a network of research professionals and partners worldwide, we carry out research solutions that provide a comprehensive understanding of global <a href=\"https:\/\/www.sisinternational.com\/pt\/pericia\/industrias\/pesquisa-de-mercado-de-delicatessen\/\" title=\"Pesquisa de mercado de delicatessen\"  data-wpil-monitor-id=\"4615\">market<\/a> dynamics and regulatory landscapes.<\/li>\n\n\n\n<li><strong>An\u00e1lise Avan\u00e7ada:<\/strong> Utilizando ferramentas e t\u00e9cnicas anal\u00edticas avan\u00e7adas, a SIS International oferece an\u00e1lises robustas de tend\u00eancias de mercado, atividades de concorrentes e prefer\u00eancias de clientes. Ao aplicar insights baseados em dados e an\u00e1lises preditivas, o SIS ajuda os clientes a identificar tend\u00eancias emergentes, prever a din\u00e2mica do mercado e desenvolver estrat\u00e9gias para capitalizar eficazmente as oportunidades de mercado.<\/li>\n\n\n\n<li><strong>Recomenda\u00e7\u00f5es Estrat\u00e9gicas:<\/strong> Com base nos resultados da pesquisa, o SIS fornece recomenda\u00e7\u00f5es estrat\u00e9gicas e insights pr\u00e1ticos para orientar os processos de tomada de decis\u00e3o dos clientes. Ao traduzir os insights da pesquisa em estrat\u00e9gias e recomenda\u00e7\u00f5es vi\u00e1veis, a SIS International capacita os clientes a otimizar a aloca\u00e7\u00e3o de recursos, mitigar riscos e atingir seus objetivos de neg\u00f3cios no setor de oleodutos e gasodutos.<\/li>\n<\/ul>\n\n\n\n<p><\/p>","protected":false},"excerpt":{"rendered":"<p>A pesquisa de mercado sobre oleodutos e gasodutos analisa as tend\u00eancias, os desafios, as oportunidades e a din\u00e2mica do setor de oleodutos e gasodutos.<\/p>","protected":false},"author":1,"featured_media":63380,"parent":14457,"menu_order":35,"comment_status":"closed","ping_status":"closed","template":"","meta":{"footnotes":""},"class_list":["post-47330","page","type-page","status-publish","has-post-thumbnail"],"_links":{"self":[{"href":"https:\/\/www.sisinternational.com\/pt\/wp-json\/wp\/v2\/pages\/47330","targetHints":{"allow":["GET"]}}],"collection":[{"href":"https:\/\/www.sisinternational.com\/pt\/wp-json\/wp\/v2\/pages"}],"about":[{"href":"https:\/\/www.sisinternational.com\/pt\/wp-json\/wp\/v2\/types\/page"}],"author":[{"embeddable":true,"href":"https:\/\/www.sisinternational.com\/pt\/wp-json\/wp\/v2\/users\/1"}],"replies":[{"embeddable":true,"href":"https:\/\/www.sisinternational.com\/pt\/wp-json\/wp\/v2\/comments?post=47330"}],"version-history":[{"count":13,"href":"https:\/\/www.sisinternational.com\/pt\/wp-json\/wp\/v2\/pages\/47330\/revisions"}],"predecessor-version":[{"id":80598,"href":"https:\/\/www.sisinternational.com\/pt\/wp-json\/wp\/v2\/pages\/47330\/revisions\/80598"}],"up":[{"embeddable":true,"href":"https:\/\/www.sisinternational.com\/pt\/wp-json\/wp\/v2\/pages\/14457"}],"wp:featuredmedia":[{"embeddable":true,"href":"https:\/\/www.sisinternational.com\/pt\/wp-json\/wp\/v2\/media\/63380"}],"wp:attachment":[{"href":"https:\/\/www.sisinternational.com\/pt\/wp-json\/wp\/v2\/media?parent=47330"}],"curies":[{"name":"wp","href":"https:\/\/api.w.org\/{rel}","templated":true}]}}