{"id":47325,"date":"2024-04-10T20:07:01","date_gmt":"2024-04-11T00:07:01","guid":{"rendered":"https:\/\/www.sisinternational.com\/?page_id=47325"},"modified":"2026-01-26T16:50:54","modified_gmt":"2026-01-26T21:50:54","slug":"pesquisa-de-mercado-sobre-escassez-de-agua","status":"publish","type":"page","link":"https:\/\/www.sisinternational.com\/pt\/pericia\/pesquisa-de-mercado-sobre-escassez-de-agua\/","title":{"rendered":"Pesquisa de mercado sobre escassez de \u00e1gua"},"content":{"rendered":"<h1 class=\"wp-block-heading\">Pesquisa de mercado sobre escassez de \u00e1gua<\/h1>\n\n\n\n<figure class=\"gb-block-image gb-block-image-cd20d6fe\"><img loading=\"lazy\" decoding=\"async\" width=\"1456\" height=\"816\" class=\"gb-image gb-image-cd20d6fe\" src=\"https:\/\/www.sisinternational.com\/wp-content\/uploads\/2025\/08\/Bottled-water-6.jpg\" alt=\"Pesquisa e Estrat\u00e9gia de Mercado Internacional da SIS\" title=\"Bottled water (6)\" srcset=\"https:\/\/www.sisinternational.com\/wp-content\/uploads\/2025\/08\/Bottled-water-6.jpg 1456w, https:\/\/www.sisinternational.com\/wp-content\/uploads\/2025\/08\/Bottled-water-6-300x168.jpg 300w, https:\/\/www.sisinternational.com\/wp-content\/uploads\/2025\/08\/Bottled-water-6-1024x574.jpg 1024w, https:\/\/www.sisinternational.com\/wp-content\/uploads\/2025\/08\/Bottled-water-6-768x430.jpg 768w, https:\/\/www.sisinternational.com\/wp-content\/uploads\/2025\/08\/Bottled-water-6-18x10.jpg 18w\" sizes=\"auto, (max-width: 1456px) 100vw, 1456px\"><\/figure>\n\n\n\n<hr class=\"wp-block-separator has-alpha-channel-opacity is-style-dots\"\/>\n\n\n\n<p>A pesquisa de mercado sobre a escassez de \u00e1gua \u00e9 crucial para impulsionar a inova\u00e7\u00e3o e a colabora\u00e7\u00e3o no setor da \u00e1gua. Ao identificar as melhores pr\u00e1ticas, os avan\u00e7os tecnol\u00f3gicos e os estudos de caso bem-sucedidos, esta investiga\u00e7\u00e3o promove a partilha de conhecimentos e o desenvolvimento de capacidades entre as partes interessadas, permitindo uma a\u00e7\u00e3o coletiva para enfrentar os desafios da escassez de \u00e1gua \u00e0s escalas local, regional e global.<\/p>\n\n\n\n<h2 class=\"wp-block-heading\">What is Water scarcity market research?<\/h2>\n\n\n\n<p>Water scarcity market research systematically analyzes factors contributing to water scarcity, including supply-demand dynamics, resource management practices, regulatory frameworks, and technological innovations. This research aims to understand the root causes of water scarcity, assess its impacts on various stakeholders, and identify sustainable water management solutions and opportunities.<\/p>\n\n\n\n<h2 class=\"wp-block-heading\">Por que isso \u00e9 importante?<\/h2>\n\n\n\n<p><a href=\"https:\/\/www.sisinternational.com\/pt\/pericia\/industrias\/pesquisa-de-mercado-de-tecnologia-de-agua\/\" title=\"Pesquisa de mercado de tecnologia de \u00e1gua\"  data-wpil-monitor-id=\"4675\">Water scarcity market research<\/a> conducts comprehensive market analysis and provides insights into regional water stress levels, water usage patterns, and emerging trends in water management practices. This information helps businesses, policymakers, and other stakeholders make informed decisions about water conservation, infrastructure investments, and adaptation strategies to mitigate the risks associated with water scarcity.<\/p>\n\n\n\n<p>Moreover, many businesses rely on water-intensive supply chains for sourcing raw materials, manufacturing processes, and distribution networks. <a href=\"https:\/\/www.sisinternational.com\/pt\/pericia\/industrias\/pesquisa-de-mercado-de-agua-engarrafada\/\" title=\"Pesquisa de mercado de \u00e1gua engarrafada\"  data-wpil-monitor-id=\"4957\">Water scarcity market research<\/a> enables businesses to understand the vulnerabilities in their supply chains related to water availability, quality, and reliability. With this knowledge, companies can implement measures to enhance supply chain resilience, such as diversifying water sources, optimizing water use efficiency, and collaborating with suppliers to promote sustainable water management practices.<\/p>\n\n\n\n<p>A pesquisa de mercado sobre escassez de \u00e1gua oferece in\u00fameros benef\u00edcios para as empresas que se esfor\u00e7am para navegar no cen\u00e1rio complexo da escassez de \u00e1gua e da sustentabilidade. Aqui est\u00e3o as principais vantagens:<\/p>\n\n\n\n<ul class=\"wp-block-list\">\n<li><strong>Tomada de decis\u00e3o informada:<\/strong> A pesquisa de mercado fornece \u00e0s empresas informa\u00e7\u00f5es valiosas sobre tend\u00eancias de escassez de \u00e1gua, din\u00e2mica regional e cen\u00e1rios regulat\u00f3rios.<\/li>\n\n\n\n<li><strong>Mitiga\u00e7\u00e3o de riscos:<\/strong> Ao realizar pesquisas de mercado sobre a escassez de \u00e1gua, as empresas podem identificar e avaliar riscos potenciais relacionados com a disponibilidade, qualidade e conformidade regulamentar da \u00e1gua.<\/li>\n\n\n\n<li><strong>Gest\u00e3o de reputa\u00e7\u00e3o:<\/strong> Demonstrating a commitment to addressing <a href=\"https:\/\/www.sisinternational.com\/pt\/pericia\/industrias\/pesquisa-de-mercado-de-reputacao\/\" title=\"Pesquisa de mercado de reputa\u00e7\u00e3o\"  data-wpil-monitor-id=\"4079\">water scarcity through market research<\/a> and proactive initiatives enhances businesses&#8217; reputation and credibility among customers, investors, and other stakeholders.<\/li>\n\n\n\n<li><strong>Inova\u00e7\u00e3o e vantagem competitiva:<\/strong> A pesquisa de mercado pode revelar oportunidades de inova\u00e7\u00e3o e diferencia\u00e7\u00e3o de mercado em tecnologias, produtos e servi\u00e7os eficientes em termos de \u00e1gua.<\/li>\n<\/ul>\n\n\n\n<h2 class=\"wp-block-heading\">Who Uses Water scarcity market research<\/h2>\n\n\n\n<p>Government Agencies at local, regional, and national levels rely on water scarcity <a href=\"https:\/\/www.sisinternational.com\/pt\/pericia\/industrias\/pesquisa-de-mercado-de-elite-politica\/\" title=\"Pesquisa de mercado de elite pol\u00edtica\u00a0\"  data-wpil-monitor-id=\"6230\">market research to formulate policies<\/a>, regulations, and initiatives to address water scarcity challenges. Recognizing and understanding the drivers and impacts of water scarcity, government agencies can develop targeted interventions, allocate resources effectively, and promote sustainable water management practices to safeguard water resources and ensure water security for communities and ecosystems.<\/p>\n\n\n\n<p>As Organiza\u00e7\u00f5es N\u00e3o Governamentais (ONG) s\u00e3o cruciais na defesa da conserva\u00e7\u00e3o da \u00e1gua, na sensibiliza\u00e7\u00e3o para as quest\u00f5es de escassez de \u00e1gua e na implementa\u00e7\u00e3o de projectos de gest\u00e3o da \u00e1gua baseados na comunidade. A pesquisa de mercado sobre escassez de \u00e1gua fornece \u00e0s ONG informa\u00e7\u00f5es valiosas sobre os n\u00edveis locais de estresse h\u00eddrico, vulnerabilidades socioecon\u00f4micas e impactos ambientais. Permite-lhes conceber interven\u00e7\u00f5es baseadas em evid\u00eancias, mobilizar recursos e envolver as partes interessadas em esfor\u00e7os colaborativos para promover a sustentabilidade e a resili\u00eancia da \u00e1gua.<\/p>\n\n\n\n<p>Academic and <a href=\"https:\/\/www.sisinternational.com\/pt\/solucoes\/pesquisa-de-mercado-de-ia-e-consultoria-estrategica\/pesquisa-de-mercado-de-reconhecimento-facial\/\" title=\"Pesquisa de mercado de reconhecimento facial\"  data-wpil-monitor-id=\"2039\">Research Institutions conduct water scarcity market<\/a> research to advance scientific understanding, develop innovative solutions, and inform policy debates on water scarcity and sustainability. They contribute to knowledge generation, capacity building, and technology transfer initiatives to address water scarcity challenges and promote sustainable water management practices.<\/p>\n\n\n\n<p>As empresas do sector privado em v\u00e1rios sectores, incluindo agricultura, ind\u00fastria transformadora, energia e turismo, utilizam pesquisas de mercado sobre escassez de \u00e1gua para avaliar riscos, identificar oportunidades e implementar estrat\u00e9gias de gest\u00e3o da \u00e1gua que melhorem a resili\u00eancia operacional e a sustentabilidade. Ao integrar considera\u00e7\u00f5es sobre a escassez de \u00e1gua nos processos de tomada de decis\u00f5es empresariais, as empresas podem optimizar a efici\u00eancia da utiliza\u00e7\u00e3o da \u00e1gua, reduzir custos e refor\u00e7ar a competitividade, minimizando ao mesmo tempo os impactos ambientais e os riscos sociais associados \u00e0 escassez de \u00e1gua.<\/p>\n\n\n\n<p>Organiza\u00e7\u00f5es internacionais como as Na\u00e7\u00f5es Unidas, o Banco Mundial e os bancos de desenvolvimento regional aproveitam a investiga\u00e7\u00e3o do mercado sobre a escassez de \u00e1gua para apoiar o di\u00e1logo pol\u00edtico, o refor\u00e7o de capacidades e os esfor\u00e7os de planeamento de investimentos para enfrentar os desafios da escassez de \u00e1gua \u00e0s escalas global, regional e nacional.<\/p>\n\n\n\n<h2 class=\"wp-block-heading\">resultados esperados<\/h2>\n\n\n\n<p>O envolvimento em pesquisas de mercado sobre escassez de \u00e1gua com a SIS International produz v\u00e1rios resultados esperados que contribuem para a tomada de decis\u00f5es informadas e a\u00e7\u00f5es estrat\u00e9gicas para enfrentar os desafios da escassez de \u00e1gua:<\/p>\n\n\n\n<ul class=\"wp-block-list\">\n<li><strong>Insights acion\u00e1veis:<\/strong> A pesquisa de mercado sobre escassez de \u00e1gua da SIS International fornece \u00e0s empresas, ag\u00eancias governamentais, ONGs e outras partes interessadas insights pr\u00e1ticos sobre os impulsionadores, impactos e solu\u00e7\u00f5es para a escassez de \u00e1gua. Atrav\u00e9s da an\u00e1lise abrangente de dados, do envolvimento das partes interessadas e da compreens\u00e3o contextual, o SISInternational fornece insights que informam a tomada de decis\u00f5es baseadas em evid\u00eancias e permitem que as partes interessadas desenvolvam eficazmente interven\u00e7\u00f5es e estrat\u00e9gias direcionadas para enfrentar os desafios da escassez de \u00e1gua.<\/li>\n\n\n\n<li><strong>Recomenda\u00e7\u00f5es Estrat\u00e9gicas:<\/strong> Al\u00e9m de insights, a SIS International oferece recomenda\u00e7\u00f5es estrat\u00e9gicas adaptadas \u00e0s necessidades e prioridades exclusivas de cada cliente. Estas recomenda\u00e7\u00f5es baseiam-se em an\u00e1lises rigorosas, consultas \u00e0s partes interessadas e melhores pr\u00e1ticas na gest\u00e3o da \u00e1gua, permitindo que as partes interessadas priorizem a\u00e7\u00f5es, aloquem recursos de forma eficiente e implementem solu\u00e7\u00f5es que maximizem o impacto e a sustentabilidade na abordagem da escassez de \u00e1gua.<\/li>\n\n\n\n<li><strong>Oportunidades de parceria:<\/strong> A pesquisa de mercado sobre escassez de \u00e1gua da SIS International facilita oportunidades de parceria entre diversas partes interessadas, incluindo parcerias p\u00fablico-privadas, colabora\u00e7\u00f5es multiatores e redes de partilha de conhecimento. Ao promover a coopera\u00e7\u00e3o e o di\u00e1logo entre as partes interessadas, a SIS International cria oportunidades para ac\u00e7\u00e3o colectiva, mobiliza\u00e7\u00e3o de recursos e capacita\u00e7\u00e3o para enfrentar os desafios da escassez de \u00e1gua de forma colaborativa e hol\u00edstica.<\/li>\n\n\n\n<li><strong>Influ\u00eancia pol\u00edtica:<\/strong> As conclus\u00f5es e recomenda\u00e7\u00f5es da investiga\u00e7\u00e3o da SIS International podem informar o di\u00e1logo pol\u00edtico, os esfor\u00e7os de defesa e os processos de formula\u00e7\u00e3o de pol\u00edticas relacionados com a escassez de \u00e1gua a n\u00edvel local, nacional e internacional. Ao fornecer informa\u00e7\u00f5es baseadas em evid\u00eancias sobre a din\u00e2mica da escassez de \u00e1gua, o SIS capacita as partes interessadas a defenderem reformas pol\u00edticas, mudan\u00e7as regulamentares e prioridades de investimento que promovam pr\u00e1ticas sustent\u00e1veis de gest\u00e3o da \u00e1gua e garantam a seguran\u00e7a h\u00eddrica para todos.<\/li>\n<\/ul>\n\n\n\n<h2 class=\"wp-block-heading\">Ind\u00fastrias<\/h2>\n\n\n\n<figure class=\"gb-block-image gb-block-image-225d1340\"><img loading=\"lazy\" decoding=\"async\" width=\"1456\" height=\"816\" class=\"gb-image gb-image-225d1340\" src=\"https:\/\/www.sisinternational.com\/wp-content\/uploads\/2025\/08\/Bottled-water-3.jpg\" alt=\"Pesquisa e Estrat\u00e9gia de Mercado Internacional da SIS\" title=\"Bottled water (3)\" srcset=\"https:\/\/www.sisinternational.com\/wp-content\/uploads\/2025\/08\/Bottled-water-3.jpg 1456w, https:\/\/www.sisinternational.com\/wp-content\/uploads\/2025\/08\/Bottled-water-3-300x168.jpg 300w, https:\/\/www.sisinternational.com\/wp-content\/uploads\/2025\/08\/Bottled-water-3-1024x574.jpg 1024w, https:\/\/www.sisinternational.com\/wp-content\/uploads\/2025\/08\/Bottled-water-3-768x430.jpg 768w, https:\/\/www.sisinternational.com\/wp-content\/uploads\/2025\/08\/Bottled-water-3-18x10.jpg 18w\" sizes=\"auto, (max-width: 1456px) 100vw, 1456px\"><\/figure>\n\n\n\n<p><\/p>\n\n\n\n<ul class=\"wp-block-list\">\n<li><strong>Agricultura:<\/strong> A agricultura \u00e9 uma das ind\u00fastrias que mais utiliza \u00e1gua, sendo respons\u00e1vel por retiradas significativas de \u00e1gua a n\u00edvel mundial. A escassez de \u00e1gua coloca desafios \u00e0 agricultura irrigada, afectando o rendimento das colheitas, a seguran\u00e7a alimentar e os meios de subsist\u00eancia. Pr\u00e1ticas agr\u00edcolas sustent\u00e1veis, como a irriga\u00e7\u00e3o gota a gota, a monitoriza\u00e7\u00e3o da humidade do solo e a diversifica\u00e7\u00e3o das culturas, s\u00e3o essenciais para mitigar os impactos da escassez de \u00e1gua e promover t\u00e9cnicas agr\u00edcolas eficientes em termos de \u00e1gua.<\/li>\n\n\n\n<li><strong>Fabrica\u00e7\u00e3o:<\/strong> O setor manufatureiro depende fortemente da \u00e1gua para processos industriais, resfriamento, limpeza e fabrica\u00e7\u00e3o de produtos. A escassez de \u00e1gua pode perturbar as opera\u00e7\u00f5es de produ\u00e7\u00e3o, aumentar os custos de produ\u00e7\u00e3o e impactar as cadeias de abastecimento. Tecnologias eficientes em termos de \u00e1gua, sistemas de reciclagem e reutiliza\u00e7\u00e3o e medidas de preven\u00e7\u00e3o da polui\u00e7\u00e3o s\u00e3o fundamentais para reduzir o consumo de \u00e1gua e minimizar a pegada ambiental das atividades industriais em regi\u00f5es com escassez de \u00e1gua.<\/li>\n\n\n\n<li><strong>Produ\u00e7\u00e3o de energia:<\/strong> O sector da energia, incluindo a produ\u00e7\u00e3o de energia, a extrac\u00e7\u00e3o de petr\u00f3leo e g\u00e1s e a produ\u00e7\u00e3o de energia hidroel\u00e9ctrica, requer recursos h\u00eddricos substanciais para arrefecimento, processamento e produ\u00e7\u00e3o de electricidade. A escassez de \u00e1gua pode impactar a produ\u00e7\u00e3o de energia, perturbar as cadeias de abastecimento e aumentar os riscos operacionais para as empresas de energia. Investir em tecnologias de poupan\u00e7a de \u00e1gua, fontes de energia renov\u00e1veis e sistemas de refrigera\u00e7\u00e3o alternativos pode ajudar a mitigar os impactos da escassez de \u00e1gua na produ\u00e7\u00e3o de energia e garantir a seguran\u00e7a energ\u00e9tica.<\/li>\n\n\n\n<li><strong>Turismo e hospitalidade:<\/strong> A ind\u00fastria do turismo e hospitalidade depende da \u00e1gua para diversas atividades, incluindo alojamento, recrea\u00e7\u00e3o e servi\u00e7os de alimenta\u00e7\u00e3o e bebidas. A escassez de \u00e1gua pode afectar os destinos tur\u00edsticos, afectar as experi\u00eancias dos visitantes e prejudicar a sustentabilidade das opera\u00e7\u00f5es tur\u00edsticas. Pr\u00e1ticas sustent\u00e1veis de gest\u00e3o da \u00e1gua, iniciativas de conserva\u00e7\u00e3o da \u00e1gua e campanhas de sensibiliza\u00e7\u00e3o p\u00fablica s\u00e3o essenciais para minimizar a pegada h\u00eddrica da ind\u00fastria do turismo e promover pr\u00e1ticas de turismo respons\u00e1vel em regi\u00f5es com escassez de \u00e1gua.<\/li>\n<\/ul>\n\n\n\n<h2 class=\"wp-block-heading\">Oportunidades<\/h2>\n\n\n\n<p>Apesar dos desafios colocados pela escassez de \u00e1gua, as empresas t\u00eam oportunidades significativas de contribuir para a gest\u00e3o sustent\u00e1vel e a inova\u00e7\u00e3o da \u00e1gua. Aqui est\u00e3o algumas oportunidades importantes:<\/p>\n\n\n\n<ul class=\"wp-block-list\">\n<li><strong>Tecnologias com efici\u00eancia h\u00eddrica:<\/strong> O desenvolvimento e a comercializa\u00e7\u00e3o de tecnologias eficientes em termos de \u00e1gua apresentam oportunidades lucrativas para as empresas. Desde aparelhos e acess\u00f3rios que poupam \u00e1gua at\u00e9 sistemas de irriga\u00e7\u00e3o inteligentes e dispositivos de dete\u00e7\u00e3o de fugas, as empresas podem capitalizar a crescente procura de produtos que ajudem os consumidores e as ind\u00fastrias a conservar e reduzir o desperd\u00edcio de \u00e1gua.<\/li>\n\n\n\n<li><strong>Tratamento e Reciclagem de \u00c1gua:<\/strong> A procura de solu\u00e7\u00f5es de tratamento e reciclagem de \u00e1gua est\u00e1 a aumentar \u00e0 medida que as comunidades e as ind\u00fastrias procuram maximizar os recursos h\u00eddricos dispon\u00edveis. As empresas envolvidas no desenvolvimento e implementa\u00e7\u00e3o de tecnologias avan\u00e7adas de tratamento de \u00e1gua, tais como filtra\u00e7\u00e3o por membranas, desinfec\u00e7\u00e3o UV e tratamento com ozono, poder\u00e3o beneficiar de oportunidades nos sectores municipal, industrial e agr\u00edcola.<\/li>\n\n\n\n<li><strong>Desenvolvimento de infraestrutura:<\/strong> O investimento em projectos de infra-estruturas h\u00eddricas, tais como esta\u00e7\u00f5es de dessaliniza\u00e7\u00e3o, esta\u00e7\u00f5es de tratamento de \u00e1guas residuais e redes de distribui\u00e7\u00e3o de \u00e1gua, oferece oportunidades de crescimento a longo prazo para as empresas. \u00c0 medida que os governos e os servi\u00e7os p\u00fablicos procuram expandir e modernizar as infra-estruturas h\u00eddricas para satisfazer a procura crescente e enfrentar os desafios da escassez de \u00e1gua, as empresas envolvidas na constru\u00e7\u00e3o, engenharia e gest\u00e3o de projectos podem garantir contratos e parcerias para apoiar iniciativas de desenvolvimento de infra-estruturas.<\/li>\n\n\n\n<li><strong>An\u00e1lise de dados e solu\u00e7\u00f5es de software:<\/strong> A prolifera\u00e7\u00e3o de an\u00e1lises de dados e solu\u00e7\u00f5es de software apresenta oportunidades para as empresas melhorarem as pr\u00e1ticas de gest\u00e3o da \u00e1gua e os processos de tomada de decis\u00e3o. As empresas podem ajudar as partes interessadas a analisar dados h\u00eddricos, otimizar opera\u00e7\u00f5es e implementar estrat\u00e9gias de conserva\u00e7\u00e3o de \u00e1gua mais eficazes, desenvolvendo e oferecendo plataformas de software de gest\u00e3o h\u00eddrica, ferramentas de an\u00e1lise preditiva e tecnologias de visualiza\u00e7\u00e3o de dados.<\/li>\n\n\n\n<li><strong>Parcerias P\u00fablico-Privadas (PPP):<\/strong> Collaborating with governments and other stakeholders through PPPs presents opportunities for businesses to leverage resources, expertise, and funding to address water scarcity challenges. <\/li>\n<\/ul>\n\n\n\n<h2 class=\"wp-block-heading\">The SIS Advantage<\/h2>\n\n\n\n<p>A pesquisa de mercado sobre escassez de \u00e1gua da SIS International oferece informa\u00e7\u00f5es valiosas e suporte estrat\u00e9gico para empresas que buscam navegar no cen\u00e1rio complexo de escassez de \u00e1gua e sustentabilidade. Veja como os servi\u00e7os de pesquisa da SIS International beneficiam as empresas:<\/p>\n\n\n\n<ul class=\"wp-block-list\">\n<li><strong>Tomada de decis\u00e3o informada:<\/strong> SIS provides businesses with comprehensive data analysis, market intelligence, and strategic recommendations to support informed decision-making on water-related issues. <\/li>\n\n\n\n<li><strong>Avalia\u00e7\u00e3o e Mitiga\u00e7\u00e3o de Riscos:<\/strong> Ajudamos as empresas a avaliar a sua exposi\u00e7\u00e3o a riscos relacionados com a \u00e1gua, tais como escassez de \u00e1gua, problemas de qualidade da \u00e1gua e requisitos de conformidade regulamentar. Atrav\u00e9s de avalia\u00e7\u00f5es de risco e an\u00e1lises de cen\u00e1rios, a SIS International permite que as empresas identifiquem vulnerabilidades, priorizem riscos e implementem medidas de mitiga\u00e7\u00e3o de riscos para salvaguardar as suas opera\u00e7\u00f5es e cadeias de abastecimento contra perturba\u00e7\u00f5es relacionadas com a \u00e1gua.<\/li>\n\n\n\n<li><strong>Identifica\u00e7\u00e3o de oportunidade de mercado:<\/strong> Nossos consultores identificam oportunidades de mercado para empresas no setor de \u00e1gua, incluindo oportunidades para inova\u00e7\u00e3o de produtos, ado\u00e7\u00e3o de tecnologia e expans\u00e3o de mercado. A SIS International ajuda as empresas a capitalizarem oportunidades emergentes e a obterem uma vantagem competitiva no mercado de escassez de \u00e1gua.<\/li>\n\n\n\n<li><strong>Envolvimento e colabora\u00e7\u00e3o das partes interessadas:<\/strong> O SIS facilita o envolvimento e a colabora\u00e7\u00e3o das partes interessadas entre empresas, governos, ONG e outras partes interessadas para enfrentar colectivamente os desafios da escassez de \u00e1gua. A SIS International promove a colabora\u00e7\u00e3o, a partilha de conhecimento e a a\u00e7\u00e3o coletiva, organizando workshops com as partes interessadas, mesas redondas e iniciativas de constru\u00e7\u00e3o de parcerias para promover pr\u00e1ticas sustent\u00e1veis de gest\u00e3o da \u00e1gua e resili\u00eancia.<\/li>\n\n\n\n<li><strong>Defesa e influ\u00eancia de pol\u00edticas:<\/strong> A SIS International apoia as empresas na defesa de reformas pol\u00edticas, mudan\u00e7as regulamentares e prioridades de investimento que promovam a gest\u00e3o sustent\u00e1vel da \u00e1gua e enfrentem os desafios da escassez de \u00e1gua. Ajudamos as empresas a interagir com os decisores pol\u00edticos, a influenciar os processos de tomada de decis\u00e3o e a moldar pol\u00edticas e regulamentos relacionados com a \u00e1gua para criar um ambiente prop\u00edcio para solu\u00e7\u00f5es h\u00eddricas sustent\u00e1veis.<\/li>\n<\/ul>\n\n\n\n<p><\/p>","protected":false},"excerpt":{"rendered":"<p>A pesquisa de mercado sobre escassez de \u00e1gua analisa fatores de escassez de \u00e1gua, como oferta-demanda, gest\u00e3o de recursos, regulamenta\u00e7\u00f5es e tecnologia.<\/p>","protected":false},"author":1,"featured_media":63908,"parent":14514,"menu_order":442,"comment_status":"closed","ping_status":"closed","template":"","meta":{"footnotes":""},"class_list":["post-47325","page","type-page","status-publish","has-post-thumbnail"],"_links":{"self":[{"href":"https:\/\/www.sisinternational.com\/pt\/wp-json\/wp\/v2\/pages\/47325","targetHints":{"allow":["GET"]}}],"collection":[{"href":"https:\/\/www.sisinternational.com\/pt\/wp-json\/wp\/v2\/pages"}],"about":[{"href":"https:\/\/www.sisinternational.com\/pt\/wp-json\/wp\/v2\/types\/page"}],"author":[{"embeddable":true,"href":"https:\/\/www.sisinternational.com\/pt\/wp-json\/wp\/v2\/users\/1"}],"replies":[{"embeddable":true,"href":"https:\/\/www.sisinternational.com\/pt\/wp-json\/wp\/v2\/comments?post=47325"}],"version-history":[{"count":14,"href":"https:\/\/www.sisinternational.com\/pt\/wp-json\/wp\/v2\/pages\/47325\/revisions"}],"predecessor-version":[{"id":79814,"href":"https:\/\/www.sisinternational.com\/pt\/wp-json\/wp\/v2\/pages\/47325\/revisions\/79814"}],"up":[{"embeddable":true,"href":"https:\/\/www.sisinternational.com\/pt\/wp-json\/wp\/v2\/pages\/14514"}],"wp:featuredmedia":[{"embeddable":true,"href":"https:\/\/www.sisinternational.com\/pt\/wp-json\/wp\/v2\/media\/63908"}],"wp:attachment":[{"href":"https:\/\/www.sisinternational.com\/pt\/wp-json\/wp\/v2\/media?parent=47325"}],"curies":[{"name":"wp","href":"https:\/\/api.w.org\/{rel}","templated":true}]}}