{"id":47316,"date":"2024-04-10T20:29:02","date_gmt":"2024-04-11T00:29:02","guid":{"rendered":"https:\/\/www.sisinternational.com\/?page_id=47316"},"modified":"2026-01-24T16:48:12","modified_gmt":"2026-01-24T21:48:12","slug":"consultoria-em-roadmap-estrategico","status":"publish","type":"page","link":"https:\/\/www.sisinternational.com\/pt\/solucoes\/consultoria-estrategica\/consultoria-em-roadmap-estrategico\/","title":{"rendered":"Consultoria em Roadmap Estrat\u00e9gico"},"content":{"rendered":"<h1 class=\"wp-block-heading\">Consultoria em Roadmap Estrat\u00e9gico<\/h1>\n\n\n\n<figure class=\"gb-block-image gb-block-image-4708480d\"><img loading=\"lazy\" decoding=\"async\" width=\"1456\" height=\"816\" class=\"gb-image gb-image-4708480d\" src=\"https:\/\/www.sisinternational.com\/wp-content\/uploads\/2025\/08\/Strategy-consulting-2.jpg\" alt=\"Pesquisa e Estrat\u00e9gia de Mercado Internacional da SIS\" title=\"Strategy consulting (2)\" srcset=\"https:\/\/www.sisinternational.com\/wp-content\/uploads\/2025\/08\/Strategy-consulting-2.jpg 1456w, https:\/\/www.sisinternational.com\/wp-content\/uploads\/2025\/08\/Strategy-consulting-2-300x168.jpg 300w, https:\/\/www.sisinternational.com\/wp-content\/uploads\/2025\/08\/Strategy-consulting-2-1024x574.jpg 1024w, https:\/\/www.sisinternational.com\/wp-content\/uploads\/2025\/08\/Strategy-consulting-2-768x430.jpg 768w, https:\/\/www.sisinternational.com\/wp-content\/uploads\/2025\/08\/Strategy-consulting-2-18x10.jpg 18w\" sizes=\"auto, (max-width: 1456px) 100vw, 1456px\"><\/figure>\n\n\n\n<hr class=\"wp-block-separator has-alpha-channel-opacity is-style-dots\"\/>\n\n\n\n<p>No cen\u00e1rio empresarial em constante evolu\u00e7\u00e3o, manter-se \u00e0 frente da curva exige mais do que reagir \u00e0s mudan\u00e7as do mercado; exige uma abordagem proativa e estrat\u00e9gica. \u00c9 por isso que a consultoria de roadmap estrat\u00e9gico \u00e9 uma ferramenta poderosa que capacita as empresas a navegar pela complexidade, aproveitar oportunidades e alcan\u00e7ar seus objetivos de longo prazo com clareza e confian\u00e7a.<\/p>\n\n\n\n<h2 class=\"wp-block-heading\">O que \u00e9 consultoria de roadmap estrat\u00e9gico?<\/h2>\n\n\n\n<p>A consultoria de roteiro estrat\u00e9gico envolve o desenvolvimento de um roteiro claro e pr\u00e1tico para orientar a jornada de uma organiza\u00e7\u00e3o desde seu estado atual at\u00e9 seu estado futuro desejado. Abrange uma s\u00e9rie de iniciativas estrat\u00e9gicas, marcos e indicadores-chave de desempenho (KPIs) projetados para se alinhar \u00e0s metas e objetivos gerais da organiza\u00e7\u00e3o.<\/p>\n\n\n\n<p>Atrav\u00e9s de um processo colaborativo e iterativo, a consultoria ajuda as empresas a priorizar iniciativas, alocar recursos de forma eficaz e adaptar-se \u00e0s mudan\u00e7as na din\u00e2mica do mercado para impulsionar o crescimento sustent\u00e1vel e a vantagem competitiva.<\/p>\n\n\n\n<h2 class=\"wp-block-heading\">Por que as empresas precisam de consultoria em roadmap estrat\u00e9gico?<\/h2>\n\n\n\n<p><a href=\"https:\/\/www.sisinternational.com\/pt\/solucoes\/consultoria-estrategica\/fornecimento-estrategico\/\" title=\"Consultoria de Sourcing Estrat\u00e9gico\"  data-wpil-monitor-id=\"6542\">Strategic roadmap consulting<\/a> provides businesses with a clear direction and focus by defining their long-term vision and outlining the steps needed to achieve it. This way, businesses can ensure alignment across teams and departments, fostering a collective sense of purpose and direction.<\/p>\n\n\n\n<p>Al\u00e9m disso, esta consultoria ajuda as empresas a antecipar e mitigar riscos, identificando potenciais obst\u00e1culos e desenvolvendo planos de conting\u00eancia para os resolver de forma proativa. Ao avaliar sistematicamente os riscos e as incertezas, as empresas podem ultrapassar os obst\u00e1culos de forma mais eficaz e minimizar as perturba\u00e7\u00f5es nas suas opera\u00e7\u00f5es.<\/p>\n\n\n\n<p>Al\u00e9m disso, esta consultoria ajuda as empresas a otimizar a aloca\u00e7\u00e3o de recursos, priorizando iniciativas com base no seu impacto potencial e import\u00e2ncia estrat\u00e9gica. As empresas podem tomar decis\u00f5es informadas sobre a atribui\u00e7\u00e3o de recursos, garantindo que os recursos s\u00e3o atribu\u00eddos a iniciativas que oferecem o maior retorno do investimento. No entanto, traz alguns outros benef\u00edcios adicionais, incluindo:<\/p>\n\n\n\n<ul class=\"wp-block-list\">\n<li><strong>Vis\u00e3o clara e alinhamento:<\/strong> Um roteiro estrat\u00e9gico bem desenvolvido fornece \u00e0s empresas uma vis\u00e3o clara de sua dire\u00e7\u00e3o e objetivos futuros.<\/li>\n\n\n\n<li><strong>Prioriza\u00e7\u00e3o e foco:<\/strong> A consultoria ajuda as empresas a priorizar iniciativas e alocar recursos de forma eficaz.<\/li>\n\n\n\n<li><strong>Gest\u00e3o e Mitiga\u00e7\u00e3o de Riscos:<\/strong> By conducting thorough risk assessments and scenario planning, <a href=\"https:\/\/www.sisinternational.com\/pt\/venezuela-oil-mining-industry-potential-strategic-forecast-2026-2036\/\" title=\"Venezuela Oil &amp; Mining Industry Potential: Strategic Forecast 2026-2036\"  data-wpil-monitor-id=\"1303\">consultoria em roadmap estrat\u00e9gico<\/a> enables businesses to identify potential risks and develop mitigation strategies.<\/li>\n\n\n\n<li><strong>Melhor tomada de decis\u00e3o:<\/strong> Essa consultoria fornece \u00e0s empresas os dados e insights de que precisam para tomar decis\u00f5es informadas.<\/li>\n\n\n\n<li><strong>Execu\u00e7\u00e3o e responsabilidade aprimoradas:<\/strong> Um roteiro estrat\u00e9gico bem definido inclui marcos, prazos e medidas de responsabiliza\u00e7\u00e3o claros, facilitando a execu\u00e7\u00e3o eficaz e o acompanhamento do progresso.<\/li>\n<\/ul>\n\n\n\n<h2 class=\"wp-block-heading\">Quem utiliza esta consultoria?<\/h2>\n\n\n\n<p>Grandes corpora\u00e7\u00f5es frequentemente se envolvem nessa consultoria para tra\u00e7ar seu rumo para crescimento, inova\u00e7\u00e3o e expans\u00e3o de mercado. Estas organiza\u00e7\u00f5es podem impulsionar a efici\u00eancia operacional, aumentar a competitividade e capturar novas oportunidades no mercado.<\/p>\n\n\n\n<p>Startups e Scaleups se beneficiam dessa consultoria \u00e0 medida que enfrentam os desafios de crescimento e escalabilidade. Ao desenvolver um roteiro claro para o desenvolvimento de produtos, entrada no mercado e aquisi\u00e7\u00e3o de clientes, estas empresas podem acelerar a sua trajet\u00f3ria de crescimento, atrair investimentos e estabelecer uma base s\u00f3lida para o sucesso a longo prazo.<\/p>\n\n\n\n<p>As organiza\u00e7\u00f5es sem fins lucrativos tamb\u00e9m aproveitam a consultoria para atingir os seus objetivos sociais e orientados para a miss\u00e3o. Eles podem maximizar o seu impacto, otimizar a aloca\u00e7\u00e3o de recursos e promover mudan\u00e7as significativas nas suas comunidades.<\/p>\n\n\n\n<p>As ag\u00eancias governamentais utilizam consultoria para enfrentar desafios sociais complexos, impulsionar o desenvolvimento econ\u00f3mico e melhorar os servi\u00e7os p\u00fablicos. Atrav\u00e9s do desenvolvimento de planos estrat\u00e9gicos que d\u00e3o prioridade \u00e0s necessidades dos cidad\u00e3os, aos objectivos pol\u00edticos e \u00e0s restri\u00e7\u00f5es or\u00e7amentais, estas organiza\u00e7\u00f5es podem prestar servi\u00e7os mais eficazes e eficientes ao p\u00fablico.<\/p>\n\n\n\n<h2 class=\"wp-block-heading\">Quando conduzir consultoria de roadmap estrat\u00e9gico<\/h2>\n\n\n\n<figure class=\"gb-block-image gb-block-image-4b7489b3\"><img loading=\"lazy\" decoding=\"async\" width=\"1456\" height=\"816\" class=\"gb-image gb-image-4b7489b3\" src=\"https:\/\/www.sisinternational.com\/wp-content\/uploads\/2025\/08\/Strategy-consulting-6.jpg\" alt=\"Pesquisa e Estrat\u00e9gia de Mercado Internacional da SIS\" title=\"Strategy consulting (6)\" srcset=\"https:\/\/www.sisinternational.com\/wp-content\/uploads\/2025\/08\/Strategy-consulting-6.jpg 1456w, https:\/\/www.sisinternational.com\/wp-content\/uploads\/2025\/08\/Strategy-consulting-6-300x168.jpg 300w, https:\/\/www.sisinternational.com\/wp-content\/uploads\/2025\/08\/Strategy-consulting-6-1024x574.jpg 1024w, https:\/\/www.sisinternational.com\/wp-content\/uploads\/2025\/08\/Strategy-consulting-6-768x430.jpg 768w, https:\/\/www.sisinternational.com\/wp-content\/uploads\/2025\/08\/Strategy-consulting-6-18x10.jpg 18w\" sizes=\"auto, (max-width: 1456px) 100vw, 1456px\"><\/figure>\n\n\n\n<p><\/p>\n\n\n\n<p>Determinar o momento ideal para a consultoria de roadmap estrat\u00e9gico \u00e9 crucial para maximizar a sua efic\u00e1cia e impacto. Aqui est\u00e3o algumas considera\u00e7\u00f5es importantes:<\/p>\n\n\n\n<ul class=\"wp-block-list\">\n<li><strong>Pontos de Inflex\u00e3o Estrat\u00e9gicos:<\/strong> As empresas devem considerar a realiza\u00e7\u00e3o de consultoria em roteiros estrat\u00e9gicos durante pontos de inflex\u00e3o estrat\u00e9gicos, como grandes mudan\u00e7as no cen\u00e1rio do mercado, tecnologias disruptivas ou mudan\u00e7as nos ambientes regulat\u00f3rios. Estes pontos de inflex\u00e3o apresentam frequentemente oportunidades e amea\u00e7as, tornando essencial que as empresas reavaliem as suas estrat\u00e9gias e se adaptem em conformidade.<\/li>\n\n\n\n<li><strong>Est\u00e1gios do ciclo de vida empresarial:<\/strong> Diferentes est\u00e1gios do ciclo de vida empresarial podem justificar consultoria. Por exemplo, as startups podem envolver-se no planeamento estrat\u00e9gico para definir as suas estrat\u00e9gias de crescimento e garantir o financiamento, enquanto as empresas maduras podem realizar revis\u00f5es peri\u00f3dicas para realinhar as suas estrat\u00e9gias com as mudan\u00e7as nas condi\u00e7\u00f5es do mercado e nas prioridades empresariais.<\/li>\n\n\n\n<li><strong>Perturba\u00e7\u00f5es ou incertezas do mercado:<\/strong> Durante perturba\u00e7\u00f5es do mercado, incerteza econ\u00f3mica ou convuls\u00f5es na ind\u00fastria, as empresas podem beneficiar da consultoria de roteiros estrat\u00e9gicos para enfrentar desafios, identificar oportunidades emergentes e posicionar-se para o sucesso a longo prazo. O planejamento proativo durante tempos turbulentos pode ajudar as empresas a mitigar riscos e capitalizar as mudan\u00e7as do mercado.<\/li>\n\n\n\n<li><strong>Lan\u00e7amentos de produtos ou servi\u00e7os:<\/strong> As empresas que planejam lan\u00e7ar novos produtos, servi\u00e7os ou ofertas de mercado podem se beneficiar de consultoria para garantir lan\u00e7amentos bem-sucedidos. Ao desenvolver estrat\u00e9gias abrangentes de entrada no mercado, roteiros de produtos e planos de aquisi\u00e7\u00e3o de clientes, as empresas podem maximizar o impacto de suas novas ofertas e obter uma vantagem competitiva no mercado.<\/li>\n\n\n\n<li><strong>Transi\u00e7\u00f5es ou Reestrutura\u00e7\u00f5es Organizacionais:<\/strong> Durante per\u00edodos de transi\u00e7\u00f5es organizacionais, como fus\u00f5es, aquisi\u00e7\u00f5es ou mudan\u00e7as de lideran\u00e7a, a consultoria pode ajudar as empresas a realinhar as suas estrat\u00e9gias, integrar sistemas e culturas d\u00edspares e definir uma dire\u00e7\u00e3o clara para a entidade combinada.<\/li>\n<\/ul>\n\n\n\n<h2 class=\"wp-block-heading\">Resultados esperados da consultoria de roteiro estrat\u00e9gico da SIS International<\/h2>\n\n\n\n<p>Envolver a SIS International para consultoria de roteiro estrat\u00e9gico pode produzir v\u00e1rios resultados esperados:<\/p>\n\n\n\n<ul class=\"wp-block-list\">\n<li><strong>Dire\u00e7\u00e3o e alinhamento claros:<\/strong> A SIS International trabalha em estreita colabora\u00e7\u00e3o com os clientes para desenvolver uma dire\u00e7\u00e3o estrat\u00e9gica clara e garantir o alinhamento em toda a organiza\u00e7\u00e3o. Ao facilitar workshops estrat\u00e9gicos, realizar entrevistas com as partes interessadas e analisar tend\u00eancias de mercado, a SIS International ajuda as empresas a articular a sua vis\u00e3o, definir os seus objetivos e estabelecer um roteiro coeso que orienta a tomada de decis\u00f5es e impulsiona o alinhamento organizacional.<\/li>\n\n\n\n<li><strong>Tomada de decis\u00e3o informada:<\/strong> O SIS fornece aos clientes insights acion\u00e1veis e recomenda\u00e7\u00f5es baseadas em dados para informar a tomada de decis\u00f5es estrat\u00e9gicas. Atrav\u00e9s de consultoria abrangente, an\u00e1lise competitiva e benchmarking do setor, a SIS International fornece \u00e0s empresas as informa\u00e7\u00f5es necess\u00e1rias para identificar oportunidades de crescimento, mitigar riscos e fazer escolhas informadas que apoiem os seus objetivos de longo prazo.<\/li>\n\n\n\n<li><strong>Agilidade e adaptabilidade aprimoradas:<\/strong> Com a orienta\u00e7\u00e3o da SIS International, as empresas podem tornar-se mais \u00e1geis e adapt\u00e1veis em resposta \u00e0s mudan\u00e7as na din\u00e2mica do mercado e \u00e0s press\u00f5es competitivas. Ao adotar metodologias \u00e1geis, processos de planejamento iterativos e t\u00e9cnicas de planejamento de cen\u00e1rios, a SIS International ajuda os clientes a antecipar mudan\u00e7as, navegar pela incerteza e dinamizar suas estrat\u00e9gias de forma eficaz para se manterem \u00e0 frente da curva.<\/li>\n\n\n\n<li><strong>Aloca\u00e7\u00e3o otimizada de recursos:<\/strong> A SIS International auxilia os clientes na otimiza\u00e7\u00e3o da aloca\u00e7\u00e3o de recursos e na prioriza\u00e7\u00e3o de iniciativas estrat\u00e9gicas para maximizar o retorno do investimento (ROI). Atrav\u00e9s de an\u00e1lises financeiras rigorosas, modelagem de otimiza\u00e7\u00e3o de recursos e t\u00e9cnicas de gerenciamento de portf\u00f3lio, a SIS International ajuda as empresas a alocar recursos estrategicamente, minimizar o desperd\u00edcio e garantir que os recursos sejam implantados de forma eficiente para apoiar as principais prioridades estrat\u00e9gicas.<\/li>\n<\/ul>\n\n\n\n<h2 class=\"wp-block-heading\">Oportunidades em consultoria de roadmap estrat\u00e9gico<\/h2>\n\n\n\n<p>O envolvimento em consultoria de roadmap estrat\u00e9gico oferece in\u00fameras oportunidades para as empresas prosperarem e atingirem seus objetivos:<\/p>\n\n\n\n<ul class=\"wp-block-list\">\n<li><strong>Aloca\u00e7\u00e3o otimizada de recursos:<\/strong> Esta consultoria ajuda as empresas a otimizar a aloca\u00e7\u00e3o de recursos, tanto financeiros como humanos.<\/li>\n\n\n\n<li><strong>Melhor alinhamento das partes interessadas:<\/strong> A consultoria eficaz promove o alinhamento e a colabora\u00e7\u00e3o entre as partes interessadas organizacionais.<\/li>\n\n\n\n<li><strong>Agilidade e Adaptabilidade:<\/strong> A consultoria de roadmap estrat\u00e9gico permite que as empresas se tornem mais \u00e1geis e adapt\u00e1veis em resposta \u00e0s mudan\u00e7as nas condi\u00e7\u00f5es do mercado e nas necessidades dos clientes.<\/li>\n\n\n\n<li><strong>Resultados mensur\u00e1veis e responsabilidade:<\/strong> Por meio da consultoria, as empresas podem estabelecer m\u00e9tricas e KPIs claros para medir o sucesso de suas iniciativas estrat\u00e9gicas.<\/li>\n<\/ul>\n\n\n\n<h2 class=\"wp-block-heading\">Como a consultoria de roteiro estrat\u00e9gico da SIS International ajuda as empresas<\/h2>\n\n\n\n<p>A SIS International oferece servi\u00e7os abrangentes de consultoria em roteiros estrat\u00e9gicos, projetados para capacitar as empresas a atingir com confian\u00e7a seus objetivos de longo prazo e navegar em cen\u00e1rios de mercado complexos. Veja como nossa experi\u00eancia pode beneficiar sua organiza\u00e7\u00e3o:<\/p>\n\n\n\n<ul class=\"wp-block-list\">\n<li><strong>Abordagem personalizada:<\/strong> Na SIS International, entendemos que cada neg\u00f3cio \u00e9 \u00fanico, com os seus pr\u00f3prios desafios, oportunidades e objetivos. Nossos servi\u00e7os de consultoria s\u00e3o adaptados para atender \u00e0s necessidades e objetivos espec\u00edficos de cada cliente, garantindo que nossas recomenda\u00e7\u00f5es estejam alinhadas com a vis\u00e3o, miss\u00e3o e valores da sua organiza\u00e7\u00e3o.<\/li>\n\n\n\n<li><strong>Insights baseados em dados:<\/strong> Our team of experienced <a href=\"https:\/\/www.sisinternational.com\/pt\/b2b\/\" title=\"Cost-Effective and Actionable Insights to Drive Your Next Strategic Move\"  data-wpil-monitor-id=\"1497\">consultants<\/a> leverages a data-driven approach to strategic planning, drawing insights from market research, industry analysis, and competitive intelligence to inform decision-making. By combining qualitative and quantitative data, we provide actionable insights that enable businesses to make informed strategic decisions and stay ahead of the competition.<\/li>\n\n\n\n<li><strong>Processo Colaborativo:<\/strong> Acreditamos na promo\u00e7\u00e3o da colabora\u00e7\u00e3o e parceria com nossos clientes durante todo o processo de planejamento estrat\u00e9gico. Nossos consultores trabalham em estreita colabora\u00e7\u00e3o com as principais partes interessadas da organiza\u00e7\u00e3o para coletar informa\u00e7\u00f5es, solicitar feedback e garantir o alinhamento com as prioridades e objetivos estrat\u00e9gicos.<\/li>\n\n\n\n<li><strong>Metodologias \u00e1geis:<\/strong> In today&#8217;s rapidly evolving business environment, agility is essential for success. Our <a href=\"https:\/\/www.sisinternational.com\/pt\/solucoes\/sis-crescimento-global\/consultoria-em-planejamento-estrategico\/\" title=\"Consultoria em Planejamento Estrat\u00e9gico\"  data-wpil-monitor-id=\"6373\">consultoria em roadmap estrat\u00e9gico<\/a> services incorporate agile methodologies and iterative planning processes to enable businesses to adapt quickly to changing market conditions, customer preferences, and competitive pressures.<\/li>\n\n\n\n<li><strong>Resultados mensur\u00e1veis:<\/strong> Na SIS International, acreditamos na entrega de resultados mensur\u00e1veis e tang\u00edveis para nossos clientes. Trabalhamos em estreita colabora\u00e7\u00e3o com as empresas para definir objetivos claros, estabelecer indicadores-chave de desempenho (KPIs) e desenvolver sistemas de medi\u00e7\u00e3o de desempenho para acompanhar o progresso e avaliar o sucesso.<\/li>\n<\/ul>\n\n\n\n<p><\/p>","protected":false},"excerpt":{"rendered":"<p>A consultoria de roteiro estrat\u00e9gico envolve a cria\u00e7\u00e3o de um roteiro para a jornada de uma organiza\u00e7\u00e3o do estado presente ao estado futuro.<\/p>","protected":false},"author":1,"featured_media":62545,"parent":14567,"menu_order":48,"comment_status":"closed","ping_status":"closed","template":"","meta":{"footnotes":""},"class_list":["post-47316","page","type-page","status-publish","has-post-thumbnail"],"_links":{"self":[{"href":"https:\/\/www.sisinternational.com\/pt\/wp-json\/wp\/v2\/pages\/47316","targetHints":{"allow":["GET"]}}],"collection":[{"href":"https:\/\/www.sisinternational.com\/pt\/wp-json\/wp\/v2\/pages"}],"about":[{"href":"https:\/\/www.sisinternational.com\/pt\/wp-json\/wp\/v2\/types\/page"}],"author":[{"embeddable":true,"href":"https:\/\/www.sisinternational.com\/pt\/wp-json\/wp\/v2\/users\/1"}],"replies":[{"embeddable":true,"href":"https:\/\/www.sisinternational.com\/pt\/wp-json\/wp\/v2\/comments?post=47316"}],"version-history":[{"count":11,"href":"https:\/\/www.sisinternational.com\/pt\/wp-json\/wp\/v2\/pages\/47316\/revisions"}],"predecessor-version":[{"id":80124,"href":"https:\/\/www.sisinternational.com\/pt\/wp-json\/wp\/v2\/pages\/47316\/revisions\/80124"}],"up":[{"embeddable":true,"href":"https:\/\/www.sisinternational.com\/pt\/wp-json\/wp\/v2\/pages\/14567"}],"wp:featuredmedia":[{"embeddable":true,"href":"https:\/\/www.sisinternational.com\/pt\/wp-json\/wp\/v2\/media\/62545"}],"wp:attachment":[{"href":"https:\/\/www.sisinternational.com\/pt\/wp-json\/wp\/v2\/media?parent=47316"}],"curies":[{"name":"wp","href":"https:\/\/api.w.org\/{rel}","templated":true}]}}