{"id":47298,"date":"2024-04-09T11:20:46","date_gmt":"2024-04-09T15:20:46","guid":{"rendered":"https:\/\/www.sisinternational.com\/?page_id=47298"},"modified":"2026-01-26T19:01:43","modified_gmt":"2026-01-27T00:01:43","slug":"pesquisa-de-mercado-de-agua-engarrafada","status":"publish","type":"page","link":"https:\/\/www.sisinternational.com\/pt\/pericia\/pesquisa-de-mercado-de-agua-engarrafada\/","title":{"rendered":"Pesquisa de mercado de \u00e1gua engarrafada"},"content":{"rendered":"<h1 class=\"wp-block-heading\">Pesquisa de mercado de \u00e1gua engarrafada<\/h1>\n\n\n\n<figure class=\"gb-block-image gb-block-image-913ae9c0\"><img loading=\"lazy\" decoding=\"async\" width=\"1456\" height=\"816\" class=\"gb-image gb-image-913ae9c0\" src=\"https:\/\/www.sisinternational.com\/wp-content\/uploads\/2025\/08\/Bottled-water-2.jpg\" alt=\"Pesquisa e Estrat\u00e9gia de Mercado Internacional da SIS\" title=\"Bottled water (2)\" srcset=\"https:\/\/www.sisinternational.com\/wp-content\/uploads\/2025\/08\/Bottled-water-2.jpg 1456w, https:\/\/www.sisinternational.com\/wp-content\/uploads\/2025\/08\/Bottled-water-2-300x168.jpg 300w, https:\/\/www.sisinternational.com\/wp-content\/uploads\/2025\/08\/Bottled-water-2-1024x574.jpg 1024w, https:\/\/www.sisinternational.com\/wp-content\/uploads\/2025\/08\/Bottled-water-2-768x430.jpg 768w, https:\/\/www.sisinternational.com\/wp-content\/uploads\/2025\/08\/Bottled-water-2-18x10.jpg 18w\" sizes=\"auto, (max-width: 1456px) 100vw, 1456px\"><\/figure>\n\n\n\n<hr class=\"wp-block-separator has-alpha-channel-opacity is-style-dots\"\/>\n\n\n\n<p>Por meio de pesquisas meticulosas de mercado de \u00e1gua engarrafada, os pesquisadores fornecem \u00e0s partes interessadas intelig\u00eancia acion\u00e1vel para otimizar o desenvolvimento de produtos, iniciativas de marketing e desempenho geral dos neg\u00f3cios no setor.<\/p>\n\n\n\n<h2 class=\"wp-block-heading\">What Is Bottled water market research?<\/h2>\n\n\n\n<p>Bottled water market research analyzes the global bottled water industry, including various aspects such as market trends, consumer behavior, competitive landscape, and regulatory environment. This research involves gathering and analyzing data to uncover valuable insights that can guide business strategies and decision-making processes within the bottled water sector.<\/p>\n\n\n\n<h2 class=\"wp-block-heading\">Por que isso \u00e9 importante?<\/h2>\n\n\n\n<p>Businesses in the bottled <a href=\"https:\/\/www.sisinternational.com\/pt\/pericia\/industrias\/pesquisa-de-mercado-de-tecnologia-de-agua\/\" title=\"Pesquisa de mercado de tecnologia de \u00e1gua\"  data-wpil-monitor-id=\"4668\">water industry require market research<\/a> to stay ahead of the curve. It helps them understand shifting consumer demands and tailor their product offerings to effectively meet specific needs and preferences. Moreover, comprehensive market research enables businesses to identify emerging trends and capitalize on new opportunities within the bottled water market.<\/p>\n\n\n\n<p>Al\u00e9m disso, a pesquisa de mercado fornece informa\u00e7\u00f5es valiosas sobre o cen\u00e1rio competitivo, permitindo que as empresas avaliem a sua posi\u00e7\u00e3o em rela\u00e7\u00e3o aos concorrentes e elaborem estrat\u00e9gias para obter uma vantagem competitiva.<\/p>\n\n\n\n<p>Em qualquer caso, a realiza\u00e7\u00e3o de pesquisas minuciosas de mercado de \u00e1gua engarrafada oferece v\u00e1rios benef\u00edcios adicionais para as empresas que operam no setor, incluindo:<\/p>\n\n\n\n<ul class=\"wp-block-list\">\n<li><strong>Insights sobre as prefer\u00eancias do consumidor:<\/strong> A pesquisa de mercado ajuda as empresas a compreender as prefer\u00eancias em constante mudan\u00e7a dos consumidores, permitindo-lhes desenvolver produtos que se alinhem estreitamente com as exig\u00eancias do mercado.<\/li>\n\n\n\n<li><strong>Analise competitiva:<\/strong> Por meio de pesquisas de mercado, as empresas obt\u00eam informa\u00e7\u00f5es valiosas sobre as estrat\u00e9gias e t\u00e1ticas empregadas pelos concorrentes.<\/li>\n\n\n\n<li><strong>Identifica\u00e7\u00e3o de oportunidades de crescimento:<\/strong> A an\u00e1lise de mercado auxilia as empresas na identifica\u00e7\u00e3o de tend\u00eancias emergentes e segmentos de mercado inexplorados na ind\u00fastria de \u00e1gua engarrafada.<\/li>\n\n\n\n<li><strong>Mitiga\u00e7\u00e3o de riscos:<\/strong> Ao realizar pesquisas minuciosas de mercado de \u00e1gua engarrafada, as empresas podem mitigar os riscos associados ao lan\u00e7amento de produtos, campanhas de marketing e iniciativas estrat\u00e9gicas.<\/li>\n<\/ul>\n\n\n\n<h2 class=\"wp-block-heading\">Who Uses Bottled water market research<\/h2>\n\n\n\n<ul class=\"wp-block-list\">\n<li>Bottled Water Manufacturers rely on market research to understand consumer preferences, assess competitive dynamics, and identify growth opportunities. <\/li>\n\n\n\n<li>Os varejistas usam pesquisas de mercado para compreender as tend\u00eancias do mercado, os padr\u00f5es de demanda e as prefer\u00eancias do consumidor. Isso lhes permite otimizar a variedade de produtos, estrat\u00e9gias de pre\u00e7os e atividades promocionais para impulsionar as vendas e aumentar a satisfa\u00e7\u00e3o do cliente.<\/li>\n\n\n\n<li>Investidores e institui\u00e7\u00f5es financeiras realizam pesquisas de mercado para avaliar a viabilidade financeira e o potencial de crescimento das empresas que operam no setor de \u00e1gua engarrafada. Atrav\u00e9s da an\u00e1lise das tend\u00eancias do mercado, da din\u00e2mica competitiva e da evolu\u00e7\u00e3o regulamentar, os investidores podem tomar decis\u00f5es informadas sobre oportunidades de investimento, fus\u00f5es, aquisi\u00e7\u00f5es e acordos de financiamento no sector.<\/li>\n\n\n\n<li>Government Agencies and Regulatory Bodies use <a href=\"https:\/\/www.sisinternational.com\/pt\/pericia\/industrias\/pesquisa-de-mercado-do-governo-federal\/\" title=\"Pesquisa de Mercado do Governo Federal\"  data-wpil-monitor-id=\"7197\">pesquisa de mercado<\/a> to monitor industry trends, assess compliance with regulatory requirements, and safeguard public health and safety. <\/li>\n<\/ul>\n\n\n\n<h2 class=\"wp-block-heading\">Quando realizar pesquisas de mercado de \u00e1gua engarrafada<\/h2>\n\n\n\n<p>Market research in the bottled water industry should be conducted strategically at various stages of business development and in response to specific market conditions. Here are key instances when conducting <a href=\"https:\/\/www.sisinternational.com\/pt\/cobertura\/as-americas\/cobertura-dos-eua\/pesquisa-de-mercado-em-key-west-florida\/\" title=\"Pesquisa de mercado de Key West Fl\u00f3rida\"  data-wpil-monitor-id=\"7175\">pesquisa de mercado de \u00e1gua engarrafada<\/a> is particularly advantageous:<\/p>\n\n\n\n<ul class=\"wp-block-list\">\n<li><strong>Desenvolvimento de Produto:<\/strong> Antes de lan\u00e7ar um novo produto de \u00e1gua engarrafada ou introduzir varia\u00e7\u00f5es nas ofertas existentes, \u00e9 essencial realizar pesquisas de mercado para avaliar as prefer\u00eancias do consumidor, avaliar a procura e identificar potenciais barreiras \u00e0 ado\u00e7\u00e3o. Compreender as tend\u00eancias do mercado e as prefer\u00eancias do consumidor no in\u00edcio do processo de desenvolvimento do produto pode ajudar as empresas a refinar as caracter\u00edsticas do produto, os designs das embalagens e as estrat\u00e9gias de marca para maximizar a aceita\u00e7\u00e3o e a competitividade do mercado.<\/li>\n\n\n\n<li><strong>Entrada ou Expans\u00e3o no Mercado:<\/strong> When considering entering new geographic markets or expanding product lines, companies should conduct market research to assess market size, competitive dynamics, regulatory requirements, and consumer preferences in the target markets. <\/li>\n\n\n\n<li><strong>Benchmarking competitivo:<\/strong> Monitorar e analisar regularmente as atividades dos concorrentes \u00e9 essencial para permanecer competitivo no setor de \u00e1gua engarrafada. A realiza\u00e7\u00e3o de benchmarking competitivo por meio de pesquisas de mercado ajuda as empresas a compreender estrat\u00e9gias de concorrentes, ofertas de produtos, t\u00e1ticas de pre\u00e7os, canais de distribui\u00e7\u00e3o e iniciativas de marketing.<\/li>\n\n\n\n<li><strong>Conformidade regulat\u00f3ria:<\/strong> A conformidade com os requisitos regulamentares \u00e9 essencial para garantir a seguran\u00e7a, a qualidade e a conformidade legal do produto na ind\u00fastria de \u00e1gua engarrafada. A realiza\u00e7\u00e3o de pesquisas regulat\u00f3rias e o monitoramento de mudan\u00e7as em regulamenta\u00e7\u00f5es, padr\u00f5es e requisitos de rotulagem ajudam as empresas a se manterem informadas sobre a evolu\u00e7\u00e3o das obriga\u00e7\u00f5es de conformidade e a enfrentar proativamente os desafios regulat\u00f3rios.<\/li>\n<\/ul>\n\n\n\n<h2 class=\"wp-block-heading\">Jogadores-chave<\/h2>\n\n\n\n<p>No mercado de \u00e1gua engarrafada, v\u00e1rios players importantes dominam o cen\u00e1rio da ind\u00fastria, cada um contribuindo para o crescimento e a competitividade do mercado. Algumas marcas, empresas e produtos proeminentes incluem:<\/p>\n\n\n\n<ul class=\"wp-block-list\">\n<li><strong>\u00c1guas Nestl\u00e9:<\/strong> Como uma das principais empresas de \u00e1gua engarrafada do mundo, a Nestl\u00e9 Waters oferece um portf\u00f3lio diversificado de marcas, incluindo Perrier, Poland Spring e Pure Life.<\/li>\n\n\n\n<li><strong>A empresa Coca-Cola:<\/strong> Atrav\u00e9s de suas marcas subsidi\u00e1rias, como Dasani e Smartwater, a Coca-Cola \u00e9 um importante player no mercado de \u00e1gua engarrafada.<\/li>\n\n\n\n<li><strong>PepsiCo:<\/strong> A marca Aquafina da PepsiCo \u00e9 um player proeminente no mercado de \u00e1gua engarrafada, conhecida por suas ofertas de \u00e1gua purificada. Com foco na sustentabilidade e na inova\u00e7\u00e3o de produtos, a PepsiCo compete vigorosamente no segmento de \u00e1gua engarrafada para conquistar participa\u00e7\u00e3o de mercado e atender \u00e0 demanda dos consumidores por op\u00e7\u00f5es de hidrata\u00e7\u00e3o de qualidade.<\/li>\n\n\n\n<li><strong>Danon:<\/strong> A divis\u00e3o de \u00e1gua engarrafada da Danone, incluindo marcas como Evian e Volvic, det\u00e9m uma participa\u00e7\u00e3o significativa no mercado global de \u00e1gua engarrafada.<\/li>\n\n\n\n<li><strong>Bebidas e Alimentos Suntory:<\/strong> Como uma das principais empresas de bebidas do Jap\u00e3o, a Suntory Beverage &amp; Food produz uma variedade de marcas de \u00e1gua engarrafada, incluindo Suntory Tennensui e Iyemon.<\/li>\n<\/ul>\n\n\n\n<h2 class=\"wp-block-heading\">Oportunidades<\/h2>\n\n\n\n<figure class=\"gb-block-image gb-block-image-31f82528\"><img loading=\"lazy\" decoding=\"async\" width=\"1456\" height=\"816\" class=\"gb-image gb-image-31f82528\" src=\"https:\/\/www.sisinternational.com\/wp-content\/uploads\/2025\/08\/Bottled-water-6.jpg\" alt=\"Pesquisa e Estrat\u00e9gia de Mercado Internacional da SIS\" title=\"Bottled water (6)\" srcset=\"https:\/\/www.sisinternational.com\/wp-content\/uploads\/2025\/08\/Bottled-water-6.jpg 1456w, https:\/\/www.sisinternational.com\/wp-content\/uploads\/2025\/08\/Bottled-water-6-300x168.jpg 300w, https:\/\/www.sisinternational.com\/wp-content\/uploads\/2025\/08\/Bottled-water-6-1024x574.jpg 1024w, https:\/\/www.sisinternational.com\/wp-content\/uploads\/2025\/08\/Bottled-water-6-768x430.jpg 768w, https:\/\/www.sisinternational.com\/wp-content\/uploads\/2025\/08\/Bottled-water-6-18x10.jpg 18w\" sizes=\"auto, (max-width: 1456px) 100vw, 1456px\"><\/figure>\n\n\n\n<p><\/p>\n\n\n\n<p>No cen\u00e1rio din\u00e2mico do mercado de \u00e1gua engarrafada, existem v\u00e1rias oportunidades importantes para as empresas capitalizarem as tend\u00eancias do mercado, as prefer\u00eancias dos consumidores e as oportunidades emergentes. Algumas oportunidades principais incluem:<\/p>\n\n\n\n<ul class=\"wp-block-list\">\n<li><strong>Tend\u00eancias de sa\u00fade e bem-estar:<\/strong> Com uma \u00eanfase crescente na sa\u00fade e no bem-estar, h\u00e1 uma procura crescente por produtos de \u00e1gua engarrafada que oferecem benef\u00edcios funcionais, tais como hidrata\u00e7\u00e3o melhorada, reposi\u00e7\u00e3o de eletr\u00f3litos e adi\u00e7\u00e3o de vitaminas ou minerais. As empresas podem capitalizar esta tend\u00eancia desenvolvendo formula\u00e7\u00f5es inovadoras que atendam a necessidades espec\u00edficas de sa\u00fade ou prefer\u00eancias de estilo de vida, como \u00e1gua alcalina, \u00e1gua aromatizada ou \u00e1gua infundida com ingredientes naturais.<\/li>\n\n\n\n<li><strong>Iniciativas de Sustentabilidade:<\/strong> \u00c0 medida que as preocupa\u00e7\u00f5es ambientais se tornam mais pronunciadas, h\u00e1 uma procura crescente por produtos de \u00e1gua engarrafada sustent\u00e1veis que minimizem o impacto ambiental ao longo do ciclo de vida do produto. As empresas podem aproveitar as oportunidades adotando solu\u00e7\u00f5es de embalagens ecol\u00f3gicas, implementando pr\u00e1ticas de gest\u00e3o da \u00e1gua e apoiando iniciativas de reciclagem e conserva\u00e7\u00e3o.<\/li>\n\n\n\n<li><strong>Premiumiza\u00e7\u00e3o e Diferencia\u00e7\u00e3o:<\/strong> O mercado de \u00e1gua engarrafada oferece \u00e0s empresas oportunidades para diferenciar os seus produtos atrav\u00e9s de estrat\u00e9gias de premiumiza\u00e7\u00e3o, como a oferta de produtos de \u00e1gua artesanais ou de luxo provenientes de locais geol\u00f3gicos \u00fanicos ou com designs de embalagens distintos.<\/li>\n\n\n\n<li><strong>\u00c1guas Funcionais e Aromatizadas:<\/strong> The growing popularity of functional beverages and flavored waters presents opportunities for businesses to innovate and diversify their product portfolios. <\/li>\n<\/ul>\n\n\n\n<h2 class=\"wp-block-heading\">The SIS Advantage<\/h2>\n\n\n\n<p>Os servi\u00e7os de pesquisa de mercado de \u00e1gua engarrafada da SIS International s\u00e3o adaptados para atender \u00e0s necessidades e desafios espec\u00edficos enfrentados pelas empresas que operam no din\u00e2mico setor de \u00e1gua engarrafada. Veja como a experi\u00eancia da SIS International pode beneficiar as empresas:<\/p>\n\n\n\n<ul class=\"wp-block-list\">\n<li><strong>Insights abrangentes de mercado:<\/strong> SIS International conducts in-depth market research to provide businesses with comprehensive insights into market trends, consumer preferences, and competitive dynamics within the bottled water industry. <\/li>\n\n\n\n<li><strong>Alcance e experi\u00eancia globais:<\/strong> Com uma rede global de profissionais de pesquisa e especialistas do setor, oferecemos \u00e0s empresas acesso \u00e0 intelig\u00eancia de mercado localizada e ao conhecimento do setor em diferentes regi\u00f5es geogr\u00e1ficas.<\/li>\n\n\n\n<li><strong>Tomada de decis\u00e3o baseada em dados:<\/strong> SIS empowers businesses with data-driven decision-making tools and analytical frameworks that facilitate strategic planning and performance optimization. <\/li>\n\n\n\n<li><strong>Recomenda\u00e7\u00f5es acion\u00e1veis:<\/strong> A SIS International fornece recomenda\u00e7\u00f5es pr\u00e1ticas e insights estrat\u00e9gicos derivados dos resultados de suas pesquisas, permitindo que as empresas traduzam insights em resultados comerciais tang\u00edveis.<\/li>\n<\/ul>\n\n\n\n<p><\/p>","protected":false},"excerpt":{"rendered":"<p>A pesquisa de mercado de \u00e1gua engarrafada analisa a ind\u00fastria de \u00e1gua engarrafada globalmente, incluindo tend\u00eancias, comportamento do consumidor, concorr\u00eancia e regulamenta\u00e7\u00f5es.<\/p>","protected":false},"author":1,"featured_media":63904,"parent":14514,"menu_order":439,"comment_status":"closed","ping_status":"closed","template":"","meta":{"footnotes":""},"class_list":["post-47298","page","type-page","status-publish","has-post-thumbnail"],"_links":{"self":[{"href":"https:\/\/www.sisinternational.com\/pt\/wp-json\/wp\/v2\/pages\/47298","targetHints":{"allow":["GET"]}}],"collection":[{"href":"https:\/\/www.sisinternational.com\/pt\/wp-json\/wp\/v2\/pages"}],"about":[{"href":"https:\/\/www.sisinternational.com\/pt\/wp-json\/wp\/v2\/types\/page"}],"author":[{"embeddable":true,"href":"https:\/\/www.sisinternational.com\/pt\/wp-json\/wp\/v2\/users\/1"}],"replies":[{"embeddable":true,"href":"https:\/\/www.sisinternational.com\/pt\/wp-json\/wp\/v2\/comments?post=47298"}],"version-history":[{"count":12,"href":"https:\/\/www.sisinternational.com\/pt\/wp-json\/wp\/v2\/pages\/47298\/revisions"}],"predecessor-version":[{"id":80760,"href":"https:\/\/www.sisinternational.com\/pt\/wp-json\/wp\/v2\/pages\/47298\/revisions\/80760"}],"up":[{"embeddable":true,"href":"https:\/\/www.sisinternational.com\/pt\/wp-json\/wp\/v2\/pages\/14514"}],"wp:featuredmedia":[{"embeddable":true,"href":"https:\/\/www.sisinternational.com\/pt\/wp-json\/wp\/v2\/media\/63904"}],"wp:attachment":[{"href":"https:\/\/www.sisinternational.com\/pt\/wp-json\/wp\/v2\/media?parent=47298"}],"curies":[{"name":"wp","href":"https:\/\/api.w.org\/{rel}","templated":true}]}}