{"id":47296,"date":"2024-04-09T11:33:19","date_gmt":"2024-04-09T15:33:19","guid":{"rendered":"https:\/\/www.sisinternational.com\/?page_id=47296"},"modified":"2026-01-25T19:27:49","modified_gmt":"2026-01-26T00:27:49","slug":"pesquisa-de-mercado-de-alimentos-qsr","status":"publish","type":"page","link":"https:\/\/www.sisinternational.com\/pt\/solucoes\/pesquisa-de-mercado-de-alimentos-qsr\/","title":{"rendered":"Pesquisa de mercado de alimentos QSR"},"content":{"rendered":"<h1 class=\"wp-block-heading\">Pesquisa de mercado de alimentos QSR<\/h1>\n\n\n\n<figure class=\"gb-block-image gb-block-image-a0db2433\"><img loading=\"lazy\" decoding=\"async\" width=\"1456\" height=\"816\" class=\"gb-image gb-image-a0db2433\" src=\"https:\/\/www.sisinternational.com\/wp-content\/uploads\/2025\/09\/Asian-food-12.jpg\" alt=\"Pesquisa e Estrat\u00e9gia de Mercado Internacional da SIS\" title=\"Asian food (12)\" srcset=\"https:\/\/www.sisinternational.com\/wp-content\/uploads\/2025\/09\/Asian-food-12.jpg 1456w, https:\/\/www.sisinternational.com\/wp-content\/uploads\/2025\/09\/Asian-food-12-300x168.jpg 300w, https:\/\/www.sisinternational.com\/wp-content\/uploads\/2025\/09\/Asian-food-12-1024x574.jpg 1024w, https:\/\/www.sisinternational.com\/wp-content\/uploads\/2025\/09\/Asian-food-12-768x430.jpg 768w, https:\/\/www.sisinternational.com\/wp-content\/uploads\/2025\/09\/Asian-food-12-18x10.jpg 18w\" sizes=\"auto, (max-width: 1456px) 100vw, 1456px\"><\/figure>\n\n\n\n<hr class=\"wp-block-separator has-alpha-channel-opacity is-style-dots\"\/>\n\n\n\n<p>In the bustling food industry, quick-service restaurants (QSRs) are pillars of convenience, serving fast and flavorful meals to satisfy busy consumers&#8217; cravings&#8230; But what drives the success of these establishments behind the scenes? These questions underscore the importance of QSR food market research, a strategic tool that illuminates the dynamics of the QSR landscape and guides businesses toward culinary excellence and market dominance.<\/p>\n\n\n\n<h2 class=\"wp-block-heading\">O que \u00e9 pesquisa de mercado de alimentos QSR?<\/h2>\n\n\n\n<p>QSR <a href=\"https:\/\/sisaisolutions.com\/ai-in-food-and-beverage\/\" target=\"_blank\" rel=\"noopener\">food market research<\/a> focuses on understanding the dynamics of QSRs and the broader fast-food industry. It encompasses a range of research methodologies aimed at uncovering consumer preferences, market trends, competitive landscapes, and operational insights within the QSR sector.<\/p>\n\n\n\n<p>Um aspecto fundamental desta pesquisa de mercado \u00e9 a an\u00e1lise do comportamento e das prefer\u00eancias do consumidor. Os pesquisadores examinam prefer\u00eancias de sabor, tend\u00eancias alimentares, necessidades de conveni\u00eancia e h\u00e1bitos de consumo para entender o que leva os consumidores a escolher um QSR em vez de outro. Ao obter insights sobre as prefer\u00eancias dos consumidores, os operadores de QSR podem adaptar melhor seus menus, estrat\u00e9gias de pre\u00e7os e esfor\u00e7os de marketing para atender melhor \u00e0s necessidades e expectativas de seu p\u00fablico-alvo.<\/p>\n\n\n\n<h2 class=\"wp-block-heading\">Por que as empresas precisam de pesquisas de mercado de alimentos QSR?<\/h2>\n\n\n\n<p>Ao realizar pesquisas de mercado, os operadores de QSR podem identificar novas oportunidades, capitalizar as tend\u00eancias emergentes e inovar as suas ofertas de menu para satisfazer as crescentes exig\u00eancias dos consumidores, garantindo relev\u00e2ncia e rentabilidade a longo prazo.<\/p>\n\n\n\n<p>Al\u00e9m disso, esta pesquisa de mercado fornece informa\u00e7\u00f5es valiosas sobre a efici\u00eancia operacional e a satisfa\u00e7\u00e3o do cliente. Desde a simplifica\u00e7\u00e3o dos fluxos de trabalho da cozinha at\u00e9 a otimiza\u00e7\u00e3o dos n\u00edveis de pessoal, os operadores de QSR podem usar os resultados das pesquisas de mercado para impulsionar a excel\u00eancia operacional e oferecer um servi\u00e7o excepcional aos seus clientes.<\/p>\n\n\n\n<p>QSR <a href=\"https:\/\/www.sisinternational.com\/pt\/pericia\/industrias\/pesquisa-de-mercado-de-alimentos-congelados\/\" title=\"Pesquisa de mercado de alimentos congelados\" data-wpil-monitor-id=\"3107\">food market research<\/a> also enables businesses to benchmark their performance against competitors, analyzing factors such as menu offerings, pricing strategies, customer service, and brand perception. By identifying strengths, weaknesses, and opportunities for improvement, QSR operators can develop strategies to differentiate themselves, capitalize on market gaps, and gain a competitive edge in the industry.<\/p>\n\n\n\n<h2 class=\"wp-block-heading\">Quais s\u00e3o os benef\u00edcios da pesquisa de mercado de alimentos QSR?<\/h2>\n\n\n\n<p>QSR <a href=\"https:\/\/www.sisinternational.com\/pt\/pericia\/industrias\/pesquisa-de-mercado-de-franquias-de-fast-food\/\" title=\"Pesquisa de mercado de franquia de fast food\" data-wpil-monitor-id=\"3992\">food market research<\/a> offers businesses several benefits, empowering them to make informed decisions, drive strategic growth, and maintain a competitive edge in the fast-paced world of quick service restaurants. Some key benefits include:<\/p>\n\n\n\n<ul class=\"wp-block-list\">\n<li><strong>Tomada de decis\u00e3o informada:<\/strong> Ao aproveitar os insights desta pesquisa de mercado, as empresas podem tomar decis\u00f5es informadas sobre o desenvolvimento de card\u00e1pios, estrat\u00e9gias de pre\u00e7os, campanhas de marketing e melhorias operacionais.<\/li>\n\n\n\n<li><strong>Maior satisfa\u00e7\u00e3o do cliente:<\/strong> Compreender as prefer\u00eancias e expectativas do cliente \u00e9 fundamental na ind\u00fastria de QSR, onde a satisfa\u00e7\u00e3o do cliente impacta diretamente a fidelidade e a repeti\u00e7\u00e3o de neg\u00f3cios. A pesquisa de mercado permite que as empresas obtenham feedback, avaliem os n\u00edveis de satisfa\u00e7\u00e3o do cliente e identifiquem \u00e1reas para melhoria na qualidade do servi\u00e7o, nas ofertas de menu e na experi\u00eancia gastron\u00f4mica geral.<\/li>\n\n\n\n<li><strong>Diferencia\u00e7\u00e3o de mercado:<\/strong> Esta an\u00e1lise de mercado permite que as empresas identifiquem propostas de vendas exclusivas, capitalizem as tend\u00eancias emergentes e se diferenciem dos concorrentes.<\/li>\n\n\n\n<li><strong>Efici\u00eancia operacional:<\/strong> A an\u00e1lise do mercado alimentar QSR ajuda as empresas a otimizar processos operacionais, agilizar fluxos de trabalho e melhorar a aloca\u00e7\u00e3o de recursos para aumentar a efici\u00eancia e reduzir custos.<\/li>\n\n\n\n<li><strong>Crescimento Estrat\u00e9gico:<\/strong> A pesquisa de mercado permite que as empresas impulsionem o crescimento estrat\u00e9gico e expandam sua presen\u00e7a no mercado. Ao alinhar as suas estrat\u00e9gias de crescimento com as prefer\u00eancias dos consumidores e a din\u00e2mica do mercado, as empresas podem alcan\u00e7ar um crescimento sustent\u00e1vel e sucesso a longo prazo na din\u00e2mica ind\u00fastria de QSR.<\/li>\n<\/ul>\n\n\n\n<h2 class=\"wp-block-heading\">Quem usa a pesquisa de mercado de alimentos QSR<\/h2>\n\n\n\n<figure class=\"gb-block-image gb-block-image-57e81931\"><img loading=\"lazy\" decoding=\"async\" width=\"1456\" height=\"816\" class=\"gb-image gb-image-57e81931\" src=\"https:\/\/www.sisinternational.com\/wp-content\/uploads\/2025\/09\/Asian-food-55-1.jpg\" alt=\"Pesquisa e Estrat\u00e9gia de Mercado Internacional da SIS\" title=\"Asian food 55 (1)\" srcset=\"https:\/\/www.sisinternational.com\/wp-content\/uploads\/2025\/09\/Asian-food-55-1.jpg 1456w, https:\/\/www.sisinternational.com\/wp-content\/uploads\/2025\/09\/Asian-food-55-1-300x168.jpg 300w, https:\/\/www.sisinternational.com\/wp-content\/uploads\/2025\/09\/Asian-food-55-1-1024x574.jpg 1024w, https:\/\/www.sisinternational.com\/wp-content\/uploads\/2025\/09\/Asian-food-55-1-768x430.jpg 768w, https:\/\/www.sisinternational.com\/wp-content\/uploads\/2025\/09\/Asian-food-55-1-18x10.jpg 18w\" sizes=\"auto, (max-width: 1456px) 100vw, 1456px\"><\/figure>\n\n\n\n<p><\/p>\n\n\n\n<p>Os operadores de QSR dependem de insights de mercado para compreender as prefer\u00eancias dos consumidores, avaliar tend\u00eancias de mercado e tomar decis\u00f5es estrat\u00e9gicas relativas ao desenvolvimento de menus, estrat\u00e9gias de pre\u00e7os, melhorias operacionais e iniciativas de marketing.<\/p>\n\n\n\n<p>Os propriet\u00e1rios de franquias usam insights de mercado para avaliar a demanda do mercado, identificar oportunidades de crescimento e otimizar suas opera\u00e7\u00f5es para maximizar a lucratividade. Seja selecionando novos locais, expandindo as ofertas de card\u00e1pio ou implementando estrat\u00e9gias de marketing, os propriet\u00e1rios de franquias usam dados de pesquisa de mercado para tomar decis\u00f5es informadas e impulsionar o sucesso em seus respectivos mercados.<\/p>\n\n\n\n<p>Investidores e institui\u00e7\u00f5es financeiras aproveitam a pesquisa de mercado para avaliar oportunidades de investimento, avaliar o desempenho das empresas QSR e tomar decis\u00f5es de investimento informadas. Ao analisar as tend\u00eancias do mercado, as prefer\u00eancias dos consumidores e os cen\u00e1rios competitivos, os investidores podem identificar oportunidades de elevado potencial, mitigar riscos e alocar capital estrategicamente no setor de QSR.<\/p>\n\n\n\n<p>As associa\u00e7\u00f5es industriais e os \u00f3rg\u00e3os reguladores utilizam pesquisas de mercado para avaliar as tend\u00eancias da ind\u00fastria, defender mudan\u00e7as pol\u00edticas e orientar os operadores de QSR sobre as melhores pr\u00e1ticas e requisitos de conformidade.<\/p>\n\n\n\n<h2 class=\"wp-block-heading\">Quando realizar pesquisas de mercado de alimentos QSR<\/h2>\n\n\n\n<p>Timing is crucial when it comes to conducting QSR <a href=\"https:\/\/www.sisinternational.com\/pt\/pericia\/industrias\/pesquisa-de-mercado-de-perda-de-peso-de-alimentos-dieteticos\/\" title=\"Pesquisa de mercado de alimentos diet\u00e9ticos e perda de peso\" data-wpil-monitor-id=\"5654\">food market research<\/a> to ensure maximum effectiveness and relevance. Here are key considerations for determining when to conduct such research:<\/p>\n\n\n\n<ul class=\"wp-block-list\">\n<li><strong>Desenvolvimento de card\u00e1pio:<\/strong> Os operadores de QSR devem realizar pesquisas de mercado durante a fase de desenvolvimento do menu para recolher informa\u00e7\u00f5es sobre as prefer\u00eancias dos consumidores, tend\u00eancias emergentes e ofertas competitivas. Ao compreender quais sabores, ingredientes e itens de menu t\u00eam maior repercuss\u00e3o em seu p\u00fablico-alvo, os operadores de QSR podem criar ofertas de menu atraentes e alinhadas com a demanda do mercado, maximizando a probabilidade de sucesso no lan\u00e7amento.<\/li>\n\n\n\n<li><strong>Promo\u00e7\u00f5es sazonais:<\/strong> Os QSRs costumam lan\u00e7ar promo\u00e7\u00f5es sazonais e ofertas por tempo limitado para atrair clientes e impulsionar as vendas. Ao compreender as tend\u00eancias sazonais e as prefer\u00eancias dos consumidores, os QSRs podem otimizar os seus esfor\u00e7os promocionais para maximizar o impacto e capitalizar a procura sazonal.<\/li>\n\n\n\n<li><strong>Feedback do cliente:<\/strong> Os operadores de QSR devem realizar pesquisas de mercado para recolher feedback dos clientes e avaliar regularmente os n\u00edveis de satisfa\u00e7\u00e3o. Esse feedback pode informar decis\u00f5es operacionais, ajustes de menu e melhorias de servi\u00e7o para aumentar a satisfa\u00e7\u00e3o e a fidelidade do cliente.<\/li>\n<\/ul>\n\n\n\n<h2 class=\"wp-block-heading\">Principais players no mercado de alimentos QSR<\/h2>\n\n\n\n<p>O mercado de alimentos para restaurantes de servi\u00e7o r\u00e1pido \u00e9 dominado por v\u00e1rios players importantes que moldam o cen\u00e1rio da ind\u00fastria com sua forte presen\u00e7a de marca, ofertas inovadoras e amplo alcance de mercado. Aqui est\u00e3o alguns dos principais players do mercado de alimentos QSR:<\/p>\n\n\n\n<ul class=\"wp-block-list\">\n<li><strong>McDonald\u2019s:<\/strong> Como uma das maiores e mais ic\u00f4nicas cadeias de QSR do mundo, o McDonald&#039;s influencia significativamente a ind\u00fastria de QSR. Conhecido por seus itens cl\u00e1ssicos de card\u00e1pio, como Big Macs, McNuggets e batatas fritas, o McDonald&#039;s inova continuamente para se manter relevante no mercado, introduzindo novos itens de card\u00e1pio, op\u00e7\u00f5es de pedidos digitais e iniciativas de sustentabilidade para atrair os consumidores modernos.<\/li>\n\n\n\n<li><strong>Metr\u00f4:<\/strong> A Subway \u00e9 um player proeminente na ind\u00fastria de QSR, especializada em sandu\u00edches e saladas submarinas feitas sob encomenda. Com foco na personaliza\u00e7\u00e3o e em op\u00e7\u00f5es mais saud\u00e1veis, a Subway construiu uma base de clientes fi\u00e9is e uma vasta rede de franquias em todo o mundo. A \u00eanfase da marca em ingredientes frescos e ofertas de menu personaliz\u00e1veis a diferenciam no cen\u00e1rio QSR.<\/li>\n\n\n\n<li><strong>Starbucks:<\/strong> Embora seja conhecida principalmente por seu caf\u00e9, a Starbucks expandiu seu card\u00e1pio para incluir v\u00e1rios itens alimentares, tornando-se um player significativo no mercado de alimentos QSR. A Starbucks oferece uma variedade de sandu\u00edches, doces e lanches para o caf\u00e9 da manh\u00e3 para complementar sua oferta de bebidas, atendendo consumidores em movimento que buscam conveni\u00eancia e qualidade.<\/li>\n\n\n\n<li><strong>Burger King:<\/strong> O Burger King \u00e9 conhecido por seus hamb\u00fargueres grelhados e pelo sandu\u00edche Whopper exclusivo, o que o torna um player importante no segmento de hamb\u00fargueres QSR. A marca frequentemente apresenta itens de menu e promo\u00e7\u00f5es por tempo limitado para atrair clientes e se diferenciar dos concorrentes no altamente competitivo mercado de hamb\u00fargueres.<\/li>\n\n\n\n<li><strong>A pizza do domin\u00f3:<\/strong> A Domino&#039;s Pizza \u00e9 l\u00edder no segmento de pizza QSR, conhecida por seus servi\u00e7os de entrega e entrega. Com foco na inova\u00e7\u00e3o digital e na conveni\u00eancia do cliente, a Domino&#039;s investiu fortemente em tecnologia para agilizar os processos de encomenda e entrega, oferecendo aos clientes uma experi\u00eancia cont\u00ednua e eficiente.<\/li>\n\n\n\n<li><strong>Taco Bell:<\/strong> O Taco Bell \u00e9 especializado em culin\u00e1ria de inspira\u00e7\u00e3o Tex-Mex, oferecendo uma variedade de tacos, burritos e outros itens de menu de inspira\u00e7\u00e3o mexicana. Conhecida por seus sabores ousados e cria\u00e7\u00f5es de card\u00e1pio inovadoras, a Taco Bell atrai muitos clientes que buscam op\u00e7\u00f5es saborosas e acess\u00edveis.<\/li>\n<\/ul>\n\n\n\n<h2 class=\"wp-block-heading\">Como a pesquisa de mercado alimentar QSR da SIS International ajuda as empresas<\/h2>\n\n\n\n<p><a href=\"https:\/\/www.sisinternational.com\/pt\/pascoa-e-o-inevitavel-coelhinho-de-chocolate\/\" title=\"Pesquisa de mercado de P\u00e1scoa\" data-wpil-monitor-id=\"3630\">SIS International offers comprehensive QSR food market<\/a> research services that empower businesses to make informed decisions, drive strategic growth, and gain a competitive edge in the dynamic QSR industry. Here&#8217;s how SIS International&#8217;s expertise and capabilities benefit businesses:<\/p>\n\n\n\n<ul class=\"wp-block-list\">\n<li><strong>Solu\u00e7\u00f5es de pesquisa personalizadas:<\/strong> A SIS colabora estreitamente com os clientes para compreender suas necessidades, objetivos e desafios exclusivos. Ao personalizar solu\u00e7\u00f5es de pesquisa adaptadas \u00e0s necessidades de cada cliente, a SIS garante que os esfor\u00e7os de pesquisa abordem quest\u00f5es cr\u00edticas de neg\u00f3cios, forne\u00e7am insights acion\u00e1veis e gerem resultados tang\u00edveis para os operadores de QSR.<\/li>\n\n\n\n<li><strong>Alcance e experi\u00eancia globais:<\/strong> Com uma rede global de profissionais de pesquisa e especialistas do setor, a SIS International tem o alcance e a experi\u00eancia para conduzir pesquisas de mercado alimentar QSR em diversos mercados geogr\u00e1ficos.<\/li>\n\n\n\n<li><strong>Metodologias de pesquisa multifacetadas:<\/strong> Nossos consultores empregam uma variedade de metodologias de pesquisa, incluindo pesquisas quantitativas, entrevistas qualitativas, grupos focais, pesquisas etnogr\u00e1ficas e estudos observacionais, para descobrir insights profundos sobre comportamentos, prefer\u00eancias e tend\u00eancias de mercado dos consumidores.<\/li>\n\n\n\n<li><strong>Insights e recomenda\u00e7\u00f5es baseadas em dados:<\/strong> A pesquisa de mercado alimentar QSR da SIS International fornece insights baseados em dados e recomenda\u00e7\u00f5es pr\u00e1ticas que permitem \u00e0s empresas tomar decis\u00f5es informadas e gerar resultados estrat\u00e9gicos.<\/li>\n\n\n\n<li><strong>Monitoramento e An\u00e1lise Cont\u00ednua:<\/strong> Al\u00e9m de realizar estudos de investiga\u00e7\u00e3o \u00fanicos, a SIS International oferece servi\u00e7os cont\u00ednuos de monitoriza\u00e7\u00e3o e an\u00e1lise que permitem \u00e0s empresas manterem-se a par da evolu\u00e7\u00e3o das tend\u00eancias do mercado, das prefer\u00eancias dos consumidores e da din\u00e2mica competitiva. Atrav\u00e9s do monitoramento cont\u00ednuo dos principais indicadores de desempenho, o SIS ajuda as empresas a identificar oportunidades emergentes, mitigar riscos e adaptar suas estrat\u00e9gias em tempo real para manter uma vantagem competitiva na ind\u00fastria de QSR em ritmo acelerado.<\/li>\n\n\n\n<li><strong>Parcerias Estrat\u00e9gicas e Colabora\u00e7\u00e3o:<\/strong> A SIS International \u00e9 uma parceira e colaboradora confi\u00e1vel para empresas do setor de QSR, fornecendo orienta\u00e7\u00e3o estrat\u00e9gica, lideran\u00e7a inovadora e insights acion\u00e1veis que impulsionam o sucesso dos neg\u00f3cios<\/li>\n<\/ul>","protected":false},"excerpt":{"rendered":"<p>A pesquisa de mercado de alimentos QSR utiliza v\u00e1rias metodologias para descobrir as prefer\u00eancias dos consumidores, as tend\u00eancias do mercado, a concorr\u00eancia e as percep\u00e7\u00f5es operacionais.<\/p>","protected":false},"author":1,"featured_media":65471,"parent":14457,"menu_order":34,"comment_status":"closed","ping_status":"closed","template":"","meta":{"footnotes":""},"class_list":["post-47296","page","type-page","status-publish","has-post-thumbnail"],"_links":{"self":[{"href":"https:\/\/www.sisinternational.com\/pt\/wp-json\/wp\/v2\/pages\/47296","targetHints":{"allow":["GET"]}}],"collection":[{"href":"https:\/\/www.sisinternational.com\/pt\/wp-json\/wp\/v2\/pages"}],"about":[{"href":"https:\/\/www.sisinternational.com\/pt\/wp-json\/wp\/v2\/types\/page"}],"author":[{"embeddable":true,"href":"https:\/\/www.sisinternational.com\/pt\/wp-json\/wp\/v2\/users\/1"}],"replies":[{"embeddable":true,"href":"https:\/\/www.sisinternational.com\/pt\/wp-json\/wp\/v2\/comments?post=47296"}],"version-history":[{"count":11,"href":"https:\/\/www.sisinternational.com\/pt\/wp-json\/wp\/v2\/pages\/47296\/revisions"}],"predecessor-version":[{"id":79355,"href":"https:\/\/www.sisinternational.com\/pt\/wp-json\/wp\/v2\/pages\/47296\/revisions\/79355"}],"up":[{"embeddable":true,"href":"https:\/\/www.sisinternational.com\/pt\/wp-json\/wp\/v2\/pages\/14457"}],"wp:featuredmedia":[{"embeddable":true,"href":"https:\/\/www.sisinternational.com\/pt\/wp-json\/wp\/v2\/media\/65471"}],"wp:attachment":[{"href":"https:\/\/www.sisinternational.com\/pt\/wp-json\/wp\/v2\/media?parent=47296"}],"curies":[{"name":"wp","href":"https:\/\/api.w.org\/{rel}","templated":true}]}}