{"id":47269,"date":"2024-04-09T10:24:53","date_gmt":"2024-04-09T14:24:53","guid":{"rendered":"https:\/\/www.sisinternational.com\/?page_id=47269"},"modified":"2026-01-26T18:26:56","modified_gmt":"2026-01-26T23:26:56","slug":"pesquisa-de-mercado-de-acessorios-para-panelas-e-assadeiras","status":"publish","type":"page","link":"https:\/\/www.sisinternational.com\/pt\/pericia\/pesquisa-de-mercado-de-acessorios-para-panelas-e-assadeiras\/","title":{"rendered":"Pesquisa de mercado de panelas e assadeiras, panelas e acess\u00f3rios"},"content":{"rendered":"<h1 class=\"wp-block-heading\">Pesquisa de mercado de panelas e assadeiras, panelas e acess\u00f3rios<\/h1>\n\n\n\n<figure class=\"gb-block-image gb-block-image-eddaf8cf\"><img loading=\"lazy\" decoding=\"async\" width=\"1456\" height=\"816\" class=\"gb-image gb-image-eddaf8cf\" src=\"https:\/\/www.sisinternational.com\/wp-content\/uploads\/2025\/08\/Cookware-5.jpg\" alt=\"Pesquisa e Estrat\u00e9gia de Mercado Internacional da SIS\" title=\"Cookware (5)\" srcset=\"https:\/\/www.sisinternational.com\/wp-content\/uploads\/2025\/08\/Cookware-5.jpg 1456w, https:\/\/www.sisinternational.com\/wp-content\/uploads\/2025\/08\/Cookware-5-300x168.jpg 300w, https:\/\/www.sisinternational.com\/wp-content\/uploads\/2025\/08\/Cookware-5-1024x574.jpg 1024w, https:\/\/www.sisinternational.com\/wp-content\/uploads\/2025\/08\/Cookware-5-768x430.jpg 768w, https:\/\/www.sisinternational.com\/wp-content\/uploads\/2025\/08\/Cookware-5-18x10.jpg 18w\" sizes=\"auto, (max-width: 1456px) 100vw, 1456px\"><\/figure>\n\n\n\n<hr class=\"wp-block-separator has-alpha-channel-opacity is-style-dots\"\/>\n\n\n\n<p>A pesquisa de mercado de panelas e assadeiras, panelas e acess\u00f3rios serve como uma b\u00fassola que orienta as empresas atrav\u00e9s do intrincado terreno do mercado culin\u00e1rio.<\/p>\n\n\n\n<p>Num mercado movimentado onde as inova\u00e7\u00f5es culin\u00e1rias e as prefer\u00eancias dos consumidores se entrela\u00e7am, uma quest\u00e3o crucial persiste: como navegar no cen\u00e1rio din\u00e2mico dos utens\u00edlios de cozinha e de forno, panelas e acess\u00f3rios? A pesquisa de mercado de panelas e assadeiras, panelas e acess\u00f3rios \u00e9 a melhor ferramenta para entender o cen\u00e1rio de neg\u00f3cios e ter sucesso neste setor competitivo.<\/p>\n\n\n\n<h2 class=\"wp-block-heading\">O que \u00e9 pesquisa de mercado de panelas e assadeiras, panelas e acess\u00f3rios?<\/h2>\n\n\n\n<p>A pesquisa de mercado de panelas, assadeiras, panelas e acess\u00f3rios abrange uma an\u00e1lise abrangente da din\u00e2mica do setor, incluindo tend\u00eancias, comportamento do consumidor, estrat\u00e9gias da concorr\u00eancia e oportunidades emergentes. Ao examinar fatores como prefer\u00eancias de materiais, est\u00e9tica de design, sensibilidade ao pre\u00e7o e avan\u00e7os tecnol\u00f3gicos, as empresas podem obter informa\u00e7\u00f5es valiosas para informar o desenvolvimento de produtos, estrat\u00e9gias de marketing e planos de expans\u00e3o.<\/p>\n\n\n\n<h2 class=\"wp-block-heading\">Por que as empresas precisam de pesquisas de mercado de panelas e assadeiras, panelas e acess\u00f3rios?<\/h2>\n\n\n\n<p>A pesquisa de mercado de panelas e assadeiras, panelas e acess\u00f3rios revela dados inestim\u00e1veis sobre o comportamento e as prefer\u00eancias do consumidor. Ele analisa padr\u00f5es de compra, tend\u00eancias demogr\u00e1ficas e escolhas de estilo de vida para ajudar as empresas a adaptar suas ofertas de produtos de maneira eficaz.<\/p>\n\n\n\n<p>Al\u00e9m disso, a pesquisa de mercado de utens\u00edlios de cozinha e assadeiras, panelas e acess\u00f3rios permite que as empresas obtenham uma vantagem competitiva, mantendo-se a par das tend\u00eancias e inova\u00e7\u00f5es do setor. Quer se trate do surgimento de materiais ecol\u00f3gicos, da popularidade de utens\u00edlios de cozinha multifuncionais ou da ado\u00e7\u00e3o de tecnologias de cozinha inteligentes, manter-se informado permite que as empresas capitalizem as oportunidades emergentes e se diferenciem dos concorrentes.<\/p>\n\n\n\n<p>No entanto, oferece muitos benef\u00edcios para as empresas que operam neste setor. Aqui est\u00e3o algumas das principais vantagens adicionais:<\/p>\n\n\n\n<ul class=\"wp-block-list\">\n<li><strong>Insights sobre as prefer\u00eancias do consumidor:<\/strong> Compreender as prefer\u00eancias diferenciadas dos consumidores em rela\u00e7\u00e3o ao material, design, funcionalidade e faixa de pre\u00e7o permite que as empresas desenvolvam produtos que se alinhem com a demanda do mercado, aumentando a satisfa\u00e7\u00e3o e a fidelidade do cliente.<\/li>\n\n\n\n<li><strong>Identifica\u00e7\u00e3o de tend\u00eancias emergentes:<\/strong> A pesquisa de mercado de panelas e assadeiras, panelas e acess\u00f3rios permite que as empresas identifiquem tend\u00eancias e inova\u00e7\u00f5es emergentes na ind\u00fastria de panelas e assadeiras.<\/li>\n\n\n\n<li><strong>Analise competitiva:<\/strong> Ao conduzir pesquisas de mercado abrangentes, as empresas podem obter insights sobre estrat\u00e9gias de concorrentes, ofertas de produtos, t\u00e1ticas de pre\u00e7os e canais de distribui\u00e7\u00e3o.<\/li>\n\n\n\n<li><strong>Desenvolvimento e inova\u00e7\u00e3o de produtos:<\/strong> Com as percep\u00e7\u00f5es dos consumidores e as tend\u00eancias do mercado, as empresas podem inovar e desenvolver novos produtos que atendam \u00e0s necessidades n\u00e3o atendidas ou capitalizem as oportunidades emergentes.<\/li>\n\n\n\n<li><strong>Estrat\u00e9gias otimizadas de marketing e distribui\u00e7\u00e3o:<\/strong> A pesquisa de mercado de utens\u00edlios de cozinha, panelas e acess\u00f3rios informa campanhas de marketing direcionadas e estrat\u00e9gias de distribui\u00e7\u00e3o adaptadas a segmentos e canais de consumidores espec\u00edficos.<\/li>\n<\/ul>\n\n\n\n<h2 class=\"wp-block-heading\">Quem usa panelas e assadeiras, panelas e acess\u00f3rios Pesquisa de mercado<\/h2>\n\n\n\n<p>Os fabricantes contam com pesquisas de mercado para compreender as mudan\u00e7as nas prefer\u00eancias dos consumidores, os avan\u00e7os tecnol\u00f3gicos e as estrat\u00e9gias dos concorrentes. Esse insight orienta os esfor\u00e7os de desenvolvimento de produtos, garantindo que as ofertas estejam alinhadas com a demanda do mercado e as tend\u00eancias do setor.<\/p>\n\n\n\n<p>Os varejistas aproveitam a pesquisa de mercado de utens\u00edlios de cozinha, panelas e acess\u00f3rios para identificar os produtos mais vendidos, otimizar a aloca\u00e7\u00e3o de espa\u00e7o nas prateleiras e adaptar estrat\u00e9gias promocionais para maximizar as vendas. Seja estocando aparelhos de cozinha modernos, oferecendo conjuntos de utens\u00edlios de cozinha exclusivos ou fazendo parceria com fabricantes para lan\u00e7ar linhas de marca pr\u00f3pria, os varejistas usam insights de mercado para aprimorar sua variedade de produtos e impulsionar o envolvimento do cliente.<\/p>\n\n\n\n<p>Restaurants, hotels, and catering services use high-quality cookware and bakeware to deliver exceptional culinary experiences to their patrons. Cookware and bakeware, pans, and accessories <a href=\"https:\/\/www.sisinternational.com\/pt\/pericia\/industrias\/pesquisa-de-mercado-para-administradores-hospitalares\/\" title=\"Pesquisa de mercado de administradores hospitalares\"  data-wpil-monitor-id=\"6281\">market research helps hospitality<\/a> professionals stay informed about the latest industry trends, innovative kitchen technologies, and durable cookware solutions.<\/p>\n\n\n\n<h2 class=\"wp-block-heading\">Resultados esperados da pesquisa de mercado de panelas e assadeiras, panelas e acess\u00f3rios da SIS<\/h2>\n\n\n\n<figure class=\"gb-block-image gb-block-image-cae6cd25\"><img loading=\"lazy\" decoding=\"async\" width=\"1456\" height=\"816\" class=\"gb-image gb-image-cae6cd25\" src=\"https:\/\/www.sisinternational.com\/wp-content\/uploads\/2025\/08\/Cookware-2.jpg\" alt=\"Pesquisa e Estrat\u00e9gia de Mercado Internacional da SIS\" title=\"Cookware (2)\" srcset=\"https:\/\/www.sisinternational.com\/wp-content\/uploads\/2025\/08\/Cookware-2.jpg 1456w, https:\/\/www.sisinternational.com\/wp-content\/uploads\/2025\/08\/Cookware-2-300x168.jpg 300w, https:\/\/www.sisinternational.com\/wp-content\/uploads\/2025\/08\/Cookware-2-1024x574.jpg 1024w, https:\/\/www.sisinternational.com\/wp-content\/uploads\/2025\/08\/Cookware-2-768x430.jpg 768w, https:\/\/www.sisinternational.com\/wp-content\/uploads\/2025\/08\/Cookware-2-18x10.jpg 18w\" sizes=\"auto, (max-width: 1456px) 100vw, 1456px\"><\/figure>\n\n\n\n<p><\/p>\n\n\n\n<p>A SIS International Research oferece servi\u00e7os abrangentes de pesquisa de mercado de utens\u00edlios de cozinha, panelas e acess\u00f3rios para fornecer insights acion\u00e1veis e gerar resultados estrat\u00e9gicos para os clientes. Aqui est\u00e3o alguns resultados esperados do envolvimento com o SIS:<\/p>\n\n\n\n<ul class=\"wp-block-list\">\n<li><strong>Insights detalhados do consumidor:<\/strong> SIS&#8217;s <a href=\"https:\/\/www.sisinternational.com\/pt\/pericia\/industrias\/pesquisa-de-mercado-de-aprendizagem-profunda\/\" title=\"Pesquisa de mercado de aprendizagem profunda\"  data-wpil-monitor-id=\"6129\">market research delves deep<\/a> into consumer preferences, behaviors, and purchasing patterns within the cookware and bakeware sector. Clients can expect to gain a nuanced understanding of demographic trends, lifestyle choices, and product preferences, enabling them to tailor their offerings to meet the diverse needs of their target audience.<\/li>\n\n\n\n<li><strong>An\u00e1lise Competitiva e Benchmarking:<\/strong> A SIS conduz an\u00e1lises competitivas completas para identificar os principais participantes, estrat\u00e9gias de posicionamento de mercado e \u00e1reas de vantagem competitiva na ind\u00fastria de utens\u00edlios de cozinha e panifica\u00e7\u00e3o. Os clientes recebem informa\u00e7\u00f5es valiosas sobre ofertas de produtos concorrentes, estrat\u00e9gias de pre\u00e7os, canais de distribui\u00e7\u00e3o e t\u00e1ticas de marketing, capacitando-os a se diferenciarem no mercado e capitalizarem oportunidades inexploradas.<\/li>\n\n\n\n<li><strong>Tend\u00eancias e previs\u00f5es de mercado:<\/strong> A SIS fornece aos clientes insights atualizados sobre tend\u00eancias de mercado, tecnologias emergentes e proje\u00e7\u00f5es futuras no mercado de utens\u00edlios de cozinha e panifica\u00e7\u00e3o. Ao prever a evolu\u00e7\u00e3o da ind\u00fastria e antecipar as prefer\u00eancias dos consumidores, os clientes podem tomar decis\u00f5es informadas relativamente ao desenvolvimento de produtos, inova\u00e7\u00e3o e investimentos estrat\u00e9gicos, garantindo relev\u00e2ncia e rentabilidade a longo prazo.<\/li>\n\n\n\n<li><strong>Oportunidades de desenvolvimento e inova\u00e7\u00e3o de produtos:<\/strong> Atrav\u00e9s da pesquisa de mercado da SIS, os clientes obt\u00eam informa\u00e7\u00f5es valiosas sobre as necessidades n\u00e3o atendidas dos consumidores, os avan\u00e7os tecnol\u00f3gicos e as oportunidades de inova\u00e7\u00e3o no setor de panelas e utens\u00edlios de cozinha. Com esse conhecimento, os clientes podem desenvolver produtos inovadores, aprimorar as ofertas existentes e capitalizar as tend\u00eancias emergentes, posicionando-se como l\u00edderes no setor.<\/li>\n<\/ul>\n\n\n\n<h2 class=\"wp-block-heading\">Oportunidades no mercado de panelas e assadeiras, panelas e acess\u00f3rios<\/h2>\n\n\n\n<p>O mercado de utens\u00edlios de cozinha e assadeiras, panelas e acess\u00f3rios apresenta diversas oportunidades para as empresas prosperarem e inovarem \u2013 e aqui est\u00e3o algumas \u00e1reas principais de oportunidade:<\/p>\n\n\n\n<ul class=\"wp-block-list\">\n<li><strong>Materiais Inovadores:<\/strong> Com a crescente conscientiza\u00e7\u00e3o dos consumidores sobre a sustentabilidade ambiental e a preocupa\u00e7\u00e3o com a sa\u00fade, h\u00e1 uma demanda crescente por utens\u00edlios de cozinha e assadeiras feitos de materiais inovadores, como cer\u00e2mica, ferro fundido e tit\u00e2nio. As empresas podem capitalizar esta tend\u00eancia desenvolvendo produtos ecol\u00f3gicos e preocupados com a sa\u00fade que repercutam nos consumidores ambientalmente conscientes.<\/li>\n\n\n\n<li><strong>Tecnologias de cozinha inteligente:<\/strong> A integra\u00e7\u00e3o de tecnologias inteligentes em eletrodom\u00e9sticos e utens\u00edlios de cozinha apresenta uma oportunidade significativa para as empresas se diferenciarem no mercado. Desde frigideiras inteligentes com sensores de temperatura at\u00e9 utens\u00edlios de cozinha controlados por aplica\u00e7\u00f5es, as empresas podem aproveitar a tecnologia para melhorar a conveni\u00eancia, a efici\u00eancia e a precis\u00e3o na cozinha, atendendo a consumidores com conhecimentos de tecnologia que procuram solu\u00e7\u00f5es de cozinha inovadoras.<\/li>\n\n\n\n<li><strong>Personaliza\u00e7\u00e3o e Personaliza\u00e7\u00e3o:<\/strong> As empresas podem oferecer op\u00e7\u00f5es personaliz\u00e1veis de utens\u00edlios de cozinha e assadeiras, permitindo que os consumidores adaptem os produtos \u00e0s suas prefer\u00eancias, como monogramas gravados, op\u00e7\u00f5es de cores personalizadas ou panelas de tamanho personalizado. Ao oferecer produtos personalizados, as empresas podem aumentar o envolvimento do cliente, promover a fidelidade \u00e0 marca e obter pre\u00e7os premium.<\/li>\n<\/ul>\n\n\n\n<h2 class=\"wp-block-heading\">Como a pesquisa de mercado de panelas e assadeiras, panelas e acess\u00f3rios da SIS International ajuda as empresas<\/h2>\n\n\n\n<p>SIS International specializes in providing comprehensive <a href=\"https:\/\/www.sisinternational.com\/pt\/pesquisa-de-mercado-de-mobilidade-inteligente\/\" title=\"Pesquisa de mercado de mobilidade inteligente\"  data-wpil-monitor-id=\"6871\">market research solutions<\/a> tailored to the specific needs of businesses operating in the cookware and bakeware, pans, and accessories industry. Here&#8217;s how SIS&#8217;s expertise can benefit businesses:<\/p>\n\n\n\n<ul class=\"wp-block-list\">\n<li><strong>An\u00e1lise aprofundada da ind\u00fastria:<\/strong> Nossos especialistas conduzem an\u00e1lises completas do setor para fornecer \u00e0s empresas uma compreens\u00e3o profunda da din\u00e2mica do mercado, incluindo tend\u00eancias emergentes, cen\u00e1rio competitivo e oportunidades de crescimento. Ao aproveitar os conhecimentos do SIS, as empresas podem tomar decis\u00f5es informadas relativamente ao desenvolvimento de produtos, estrat\u00e9gias de marketing e iniciativas de expans\u00e3o, maximizando a sua vantagem competitiva no mercado.<\/li>\n\n\n\n<li><strong>Abordagem de pesquisa personalizada:<\/strong> A SIS adota uma abordagem de pesquisa personalizada para atender \u00e0s necessidades exclusivas de cada cliente. Projetamos metodologias de pesquisa adaptadas aos seus objetivos espec\u00edficos e restri\u00e7\u00f5es or\u00e7ament\u00e1rias, garantindo valor m\u00e1ximo e insights acion\u00e1veis.<\/li>\n\n\n\n<li><strong>Alcance e experi\u00eancia globais:<\/strong> Com uma rede global de pesquisadores experientes e especialistas do setor, oferecemos \u00e0s empresas acesso a insights de diversos mercados e regi\u00f5es em todo o mundo. A experi\u00eancia global da SIS permite que as empresas naveguem pelas complexidades e capitalizem as oportunidades no mercado global.<\/li>\n\n\n\n<li><strong>Recomenda\u00e7\u00f5es acion\u00e1veis:<\/strong> O SIS fornece \u00e0s empresas recomenda\u00e7\u00f5es pr\u00e1ticas baseadas em insights baseados em dados e an\u00e1lises estrat\u00e9gicas. Ao traduzir os resultados da pesquisa em estrat\u00e9gias e recomenda\u00e7\u00f5es tang\u00edveis, o SIS capacita as empresas a implementar solu\u00e7\u00f5es eficazes, impulsionar o crescimento e atingir os seus objetivos de neg\u00f3cios na ind\u00fastria de utens\u00edlios de cozinha e de panifica\u00e7\u00e3o.<\/li>\n\n\n\n<li><strong>Parceria de longo prazo:<\/strong> Nossos consultores promovem parcerias de longo prazo com clientes, atuando como consultores de confian\u00e7a e parceiros estrat\u00e9gicos em sua jornada rumo ao sucesso. Ao oferecer suporte, consultoria e colabora\u00e7\u00e3o cont\u00ednuos, garantimos que as empresas tenham acesso a insights e orienta\u00e7\u00f5es oportunas para enfrentar desafios, capitalizar oportunidades e permanecer \u00e0 frente da concorr\u00eancia no mercado de utens\u00edlios de cozinha e assadeiras em constante evolu\u00e7\u00e3o.<\/li>\n<\/ul>\n\n\n\n<p><\/p>","protected":false},"excerpt":{"rendered":"<p>A pesquisa de mercado de panelas, assadeiras, panelas e acess\u00f3rios abrange tend\u00eancias, comportamento do consumidor, estrat\u00e9gias da concorr\u00eancia e oportunidades emergentes.<\/p>","protected":false},"author":1,"featured_media":64258,"parent":14514,"menu_order":436,"comment_status":"closed","ping_status":"closed","template":"","meta":{"footnotes":""},"class_list":["post-47269","page","type-page","status-publish","has-post-thumbnail"],"_links":{"self":[{"href":"https:\/\/www.sisinternational.com\/pt\/wp-json\/wp\/v2\/pages\/47269","targetHints":{"allow":["GET"]}}],"collection":[{"href":"https:\/\/www.sisinternational.com\/pt\/wp-json\/wp\/v2\/pages"}],"about":[{"href":"https:\/\/www.sisinternational.com\/pt\/wp-json\/wp\/v2\/types\/page"}],"author":[{"embeddable":true,"href":"https:\/\/www.sisinternational.com\/pt\/wp-json\/wp\/v2\/users\/1"}],"replies":[{"embeddable":true,"href":"https:\/\/www.sisinternational.com\/pt\/wp-json\/wp\/v2\/comments?post=47269"}],"version-history":[{"count":8,"href":"https:\/\/www.sisinternational.com\/pt\/wp-json\/wp\/v2\/pages\/47269\/revisions"}],"predecessor-version":[{"id":80442,"href":"https:\/\/www.sisinternational.com\/pt\/wp-json\/wp\/v2\/pages\/47269\/revisions\/80442"}],"up":[{"embeddable":true,"href":"https:\/\/www.sisinternational.com\/pt\/wp-json\/wp\/v2\/pages\/14514"}],"wp:featuredmedia":[{"embeddable":true,"href":"https:\/\/www.sisinternational.com\/pt\/wp-json\/wp\/v2\/media\/64258"}],"wp:attachment":[{"href":"https:\/\/www.sisinternational.com\/pt\/wp-json\/wp\/v2\/media?parent=47269"}],"curies":[{"name":"wp","href":"https:\/\/api.w.org\/{rel}","templated":true}]}}