{"id":47259,"date":"2024-04-09T10:32:57","date_gmt":"2024-04-09T14:32:57","guid":{"rendered":"https:\/\/www.sisinternational.com\/?page_id=47259"},"modified":"2026-01-24T21:02:07","modified_gmt":"2026-01-25T02:02:07","slug":"pesquisa-de-mercado-de-alimentos-na-arabia-saudita","status":"publish","type":"page","link":"https:\/\/www.sisinternational.com\/pt\/cobertura\/pesquisa-de-mercado-medio-oriente\/pesquisa-de-mercado-de-alimentos-na-arabia-saudita\/","title":{"rendered":"Pesquisa de mercado de alimentos na Ar\u00e1bia Saudita"},"content":{"rendered":"<h1 class=\"wp-block-heading\">Pesquisa de mercado de alimentos na Ar\u00e1bia Saudita<\/h1>\n\n\n\n<figure class=\"gb-block-image gb-block-image-03fe48f1\"><img loading=\"lazy\" decoding=\"async\" width=\"1456\" height=\"816\" class=\"gb-image gb-image-03fe48f1\" src=\"https:\/\/www.sisinternational.com\/wp-content\/uploads\/2025\/08\/Saudi-Arabia-33-30.jpg\" alt=\"Pesquisa e Estrat\u00e9gia de Mercado Internacional da SIS\" title=\"Saudi Arabia 33 (30)\" srcset=\"https:\/\/www.sisinternational.com\/wp-content\/uploads\/2025\/08\/Saudi-Arabia-33-30.jpg 1456w, https:\/\/www.sisinternational.com\/wp-content\/uploads\/2025\/08\/Saudi-Arabia-33-30-300x168.jpg 300w, https:\/\/www.sisinternational.com\/wp-content\/uploads\/2025\/08\/Saudi-Arabia-33-30-1024x574.jpg 1024w, https:\/\/www.sisinternational.com\/wp-content\/uploads\/2025\/08\/Saudi-Arabia-33-30-768x430.jpg 768w, https:\/\/www.sisinternational.com\/wp-content\/uploads\/2025\/08\/Saudi-Arabia-33-30-18x10.jpg 18w\" sizes=\"auto, (max-width: 1456px) 100vw, 1456px\"><\/figure>\n\n\n\n<p><\/p>\n\n\n\n<hr class=\"wp-block-separator has-alpha-channel-opacity is-style-dots\"\/>\n\n\n\n<h3 class=\"wp-block-heading\">A pesquisa do mercado alimentar na Ar\u00e1bia Saudita ajuda as empresas a identificar tend\u00eancias e oportunidades emergentes, permitindo-lhes manter-se \u00e0 frente da concorr\u00eancia e capitalizar em novos segmentos de mercado.<\/h3>\n\n\n\n<p>O mercado alimentar na Ar\u00e1bia Saudita tem um enorme potencial de crescimento e inova\u00e7\u00e3o. \u00c9 por isso que a pesquisa do mercado alimentar na Ar\u00e1bia Saudita explora o seu cen\u00e1rio atual, as principais tend\u00eancias e as perspetivas para descobrir as oportunidades e os desafios que as empresas enfrentam neste mercado pr\u00f3spero.<\/p>\n\n\n\n<h2 class=\"wp-block-heading\">O que \u00e9 pesquisa de mercado de alimentos na Ar\u00e1bia Saudita?<\/h2>\n\n\n\n<p><a href=\"https:\/\/sisaisolutions.com\/ai-in-food-and-beverage\/\" target=\"_blank\" rel=\"noopener\">Food market research<\/a> in Saudi Arabia gathers data about the country&#8217;s food industry. Studying factors such as consumer preferences, purchasing habits, and industry regulations, it provides insights into market trends, consumer behavior, and competitive landscapes.<\/p>\n\n\n\n<h2 class=\"wp-block-heading\">Por que isso \u00e9 importante?<\/h2>\n\n\n\n<p>A pesquisa de mercado fornece \u00e0s empresas informa\u00e7\u00f5es valiosas sobre as prefer\u00eancias do consumidor, comportamento de compra e tend\u00eancias no mercado alimentar na Ar\u00e1bia Saudita. Ajuda as empresas a desenvolver produtos e estrat\u00e9gias de marketing que repercutam em seu p\u00fablico-alvo.<\/p>\n\n\n\n<p>Comida <a class=\"wpil_keyword_link\" href=\"https:\/\/www.sisinternational.com\/pt\/cobertura\/pesquisa-de-mercado-medio-oriente\/pesquisa-de-mercado-na-arabia-saudita\/\" title=\"Pesquisa de mercado na Ar\u00e1bia Saudita\" data-wpil-keyword-link=\"linked\" data-wpil-monitor-id=\"268\">market research in Saudi Arabia<\/a> also enables businesses to understand their competitors&#8217; strategies, market positioning, and offerings. Likewise, this market research helps businesses identify potential risks and challenges in the Saudi Arabian food market, such as regulatory changes or shifting consumer preferences.<\/p>\n\n\n\n<p>No entanto, a pesquisa de mercado oferece v\u00e1rios benef\u00edcios importantes para as empresas que operam no mercado alimentar na Ar\u00e1bia Saudita, incluindo:<\/p>\n\n\n\n<ul class=\"wp-block-list\">\n<li><strong>Desenvolvimento de Produto:<\/strong> A an\u00e1lise das necessidades e prefer\u00eancias dos consumidores da Ar\u00e1bia Saudita pode ajudar as empresas a desenvolver novos produtos alimentares.<\/li>\n\n\n\n<li><strong>Marketing direcionado:<\/strong> A pesquisa de mercado ajuda as empresas a adaptar as suas estrat\u00e9gias de marketing para atingir eficazmente o seu p\u00fablico-alvo na Ar\u00e1bia Saudita, levando a um maior reconhecimento da marca e ao envolvimento do cliente.<\/li>\n\n\n\n<li><strong>Vantagem competitiva:<\/strong> Ao manterem-se informadas sobre as estrat\u00e9gias e ofertas dos seus concorrentes, as empresas podem identificar oportunidades para se diferenciarem e obterem uma vantagem competitiva no mercado alimentar da Ar\u00e1bia Saudita.<\/li>\n\n\n\n<li><strong>Mitiga\u00e7\u00e3o de riscos:<\/strong> Ajuda as empresas a identificar riscos e desafios potenciais no mercado alimentar da Ar\u00e1bia Saudita, permitindo-lhes desenvolver estrat\u00e9gias para mitigar esses riscos e proteger os seus interesses comerciais.<\/li>\n\n\n\n<li><strong>Identifica\u00e7\u00e3o de oportunidade:<\/strong> A pesquisa de mercado ajuda as empresas a identificar novas oportunidades e nichos de mercado na Ar\u00e1bia Saudita, permitindo-lhes capitalizar as tend\u00eancias emergentes e as prefer\u00eancias dos consumidores.<\/li>\n<\/ul>\n\n\n\n<h2 class=\"wp-block-heading\">Quando realizar pesquisas de mercado de alimentos na Ar\u00e1bia Saudita<\/h2>\n\n\n\n<figure class=\"gb-block-image gb-block-image-e3090f6a\"><img loading=\"lazy\" decoding=\"async\" width=\"1456\" height=\"816\" class=\"gb-image gb-image-e3090f6a\" src=\"https:\/\/www.sisinternational.com\/wp-content\/uploads\/2025\/08\/Saudi-Arabia-33-27.jpg\" alt=\"Pesquisa e Estrat\u00e9gia de Mercado Internacional da SIS\" title=\"Saudi Arabia 33 (27)\" srcset=\"https:\/\/www.sisinternational.com\/wp-content\/uploads\/2025\/08\/Saudi-Arabia-33-27.jpg 1456w, https:\/\/www.sisinternational.com\/wp-content\/uploads\/2025\/08\/Saudi-Arabia-33-27-300x168.jpg 300w, https:\/\/www.sisinternational.com\/wp-content\/uploads\/2025\/08\/Saudi-Arabia-33-27-1024x574.jpg 1024w, https:\/\/www.sisinternational.com\/wp-content\/uploads\/2025\/08\/Saudi-Arabia-33-27-768x430.jpg 768w, https:\/\/www.sisinternational.com\/wp-content\/uploads\/2025\/08\/Saudi-Arabia-33-27-18x10.jpg 18w\" sizes=\"auto, (max-width: 1456px) 100vw, 1456px\"><\/figure>\n\n\n\n<p><\/p>\n\n\n\n<p><a href=\"https:\/\/www.sisinternational.com\/pt\/solucoes\/pesquisa-de-mercado-de-alimentos-qsr\/\" title=\"Pesquisa de mercado de alimentos QSR\" data-wpil-monitor-id=\"2302\">Food market research<\/a> in Saudi Arabia should be conducted at various stages of a business&#8217;s growth and development:<\/p>\n\n\n\n<ul class=\"wp-block-list\">\n<li><strong>A entrada no mercado:<\/strong> Antes de entrar no mercado da Ar\u00e1bia Saudita, as empresas devem realizar pesquisas de mercado para compreender as prefer\u00eancias dos consumidores, as tend\u00eancias do mercado e o cen\u00e1rio competitivo.<\/li>\n\n\n\n<li><strong>Desenvolvimento de Produto:<\/strong> A pesquisa de mercado \u00e9 essencial durante a fase de desenvolvimento do produto para garantir que os novos produtos alimentares satisfa\u00e7am as necessidades e prefer\u00eancias dos consumidores da Ar\u00e1bia Saudita.<\/li>\n\n\n\n<li><strong>Campanhas de marketing:<\/strong> A pesquisa de mercado pode ajudar as empresas a desenvolver campanhas de marketing direcionadas que ressoem com seu p\u00fablico-alvo na Ar\u00e1bia Saudita.<\/li>\n\n\n\n<li><strong>Analise competitiva:<\/strong> A pesquisa regular de mercado ajuda as empresas a se manterem informadas sobre as estrat\u00e9gias e ofertas de seus concorrentes na Ar\u00e1bia Saudita.<\/li>\n\n\n\n<li><strong>Conformidade regulat\u00f3ria:<\/strong> Mercado <a href=\"https:\/\/www.sisinternational.com\/pt\/pericia\/industrias\/pesquisa-de-mercado-de-seguranca-viaria\/\" title=\"Pesquisa de mercado de seguran\u00e7a rodovi\u00e1ria\" data-wpil-monitor-id=\"7151\">pesquisar<\/a> can help businesses understand and comply with Saudi Arabia&#8217;s food safety and quality regulations.<\/li>\n\n\n\n<li><strong>Planejamento estrat\u00e9gico:<\/strong> A pesquisa de mercado fornece informa\u00e7\u00f5es valiosas para as empresas desenvolverem planos estrat\u00e9gicos de crescimento e expans\u00e3o na Ar\u00e1bia Saudita.<\/li>\n<\/ul>\n\n\n\n<h2 class=\"wp-block-heading\">Expected Results from Food Market Research in Saudi Arabia<\/h2>\n\n\n\n<p>From SIS International&#8217;s <a href=\"https:\/\/www.sisinternational.com\/pt\/pericia\/industrias\/pesquisa-de-mercado-de-alimentos-congelados\/\" title=\"Pesquisa de mercado de alimentos congelados\" data-wpil-monitor-id=\"3111\">food market research<\/a> in Saudi Arabia, businesses can expect a comprehensive analysis that provides valuable insights and actionable recommendations for the Saudi Arabian food market. Some expected results from the research might include:<\/p>\n\n\n\n<ul class=\"wp-block-list\">\n<li><strong>An\u00e1lise do cen\u00e1rio competitivo:<\/strong> Uma vis\u00e3o geral dos principais players do mercado alimentar da Ar\u00e1bia Saudita, suas participa\u00e7\u00f5es de mercado, pontos fortes, pontos fracos e estrat\u00e9gias competitivas, permitindo \u00e0s empresas avaliar seu desempenho e identificar oportunidades de diferencia\u00e7\u00e3o.<\/li>\n\n\n\n<li><strong>Insights do canal de distribui\u00e7\u00e3o:<\/strong> An analysis of the distribution channels for food products in Saudi Arabia, including supermarkets, hypermarkets, online platforms, and food service channels, to help businesses optimize their distribution strategy.<\/li>\n\n\n\n<li><strong>An\u00e1lise de pre\u00e7os:<\/strong> Informa\u00e7\u00f5es sobre estrat\u00e9gias e faixas de pre\u00e7os no mercado de alimentos da Ar\u00e1bia Saudita, auxiliando as empresas na defini\u00e7\u00e3o de pre\u00e7os competitivos que maximizam a lucratividade e, ao mesmo tempo, atraem os consumidores locais.<\/li>\n\n\n\n<li><strong>Requisitos regulat\u00f3rios e de conformidade:<\/strong> Uma vis\u00e3o geral do cen\u00e1rio regulat\u00f3rio que afeta o mercado de alimentos na Ar\u00e1bia Saudita, incluindo seguran\u00e7a alimentar, rotulagem e regulamentos de importa\u00e7\u00e3o, para garantir a conformidade e mitigar os riscos.<\/li>\n\n\n\n<li><strong>Considera\u00e7\u00f5es Culturais e Religiosas:<\/strong> Informa\u00e7\u00f5es sobre os factores culturais e religiosos que influenciam o consumo alimentar na Ar\u00e1bia Saudita, tais como a certifica\u00e7\u00e3o halal e as restri\u00e7\u00f5es alimentares durante o Ramad\u00e3o, para ajudar as empresas a adaptar os seus produtos e estrat\u00e9gias de marketing.<\/li>\n\n\n\n<li><strong>Oportunidades e Desafios:<\/strong> Identifica\u00e7\u00e3o de potenciais oportunidades de crescimento e expans\u00e3o, bem como desafios que as empresas podem enfrentar no mercado alimentar da Ar\u00e1bia Saudita, tais como mudan\u00e7as nas prefer\u00eancias dos consumidores ou obst\u00e1culos regulamentares.<\/li>\n\n\n\n<li><strong>Recomenda\u00e7\u00f5es e insights estrat\u00e9gicos:<\/strong> Com base nos resultados da investiga\u00e7\u00e3o, a SIS International pode fornecer recomenda\u00e7\u00f5es estrat\u00e9gicas para ajudar as empresas a capitalizar oportunidades, superar desafios e alcan\u00e7ar os seus objetivos no mercado alimentar da Ar\u00e1bia Saudita.<\/li>\n<\/ul>\n\n\n\n<h2 class=\"wp-block-heading\">Jogadores-chave<\/h2>\n\n\n\n<p>O mercado alimentar na Ar\u00e1bia Saudita \u00e9 um setor din\u00e2mico e em crescimento, com v\u00e1rios intervenientes importantes a operar em diversos segmentos, como latic\u00ednios, carnes, bebidas e alimentos embalados. Alguns dos principais players do mercado de alimentos da Ar\u00e1bia Saudita incluem:<\/p>\n\n\n\n<ul class=\"wp-block-list\">\n<li><strong>Empresa Almarai:<\/strong> Almarai \u00e9 uma das maiores empresas de latic\u00ednios do Oriente M\u00e9dio, conhecida por sua ampla variedade de latic\u00ednios, sucos e itens de panifica\u00e7\u00e3o.<\/li>\n\n\n\n<li><strong>Grupo Savola:<\/strong> Savola is a leading food company in Saudi Arabia, interested in edible oils, sugar, pasta, and retail (through its subsidiary Panda Retail Company).<\/li>\n\n\n\n<li><strong>Empresa Saudita de Latic\u00ednios e Alimentos (SADAFCO):<\/strong> A SADAFCO \u00e9 l\u00edder na produ\u00e7\u00e3o de latic\u00ednios, incluindo leite, iogurte e sorvete, bem como pasta de tomate e salgadinhos.<\/li>\n\n\n\n<li><strong>Empresa Nacional de Desenvolvimento Agr\u00edcola (NADEC):<\/strong> A NADEC \u00e9 uma grande empresa agr\u00edcola e de processamento de alimentos, com produtos que v\u00e3o desde latic\u00ednios e sucos at\u00e9 azeite e itens de panifica\u00e7\u00e3o.<\/li>\n\n\n\n<li><strong>Al Safi Danone:<\/strong> Uma joint venture entre Al Safi e Danone, esta empresa \u00e9 conhecida pelos seus produtos l\u00e1cteos, especialmente iogurtes e outros produtos fermentados.<\/li>\n<\/ul>\n\n\n\n<h2 class=\"wp-block-heading\">Oportunidades<\/h2>\n\n\n\n<figure class=\"gb-block-image gb-block-image-3c54c0ee\"><img loading=\"lazy\" decoding=\"async\" width=\"1456\" height=\"816\" class=\"gb-image gb-image-3c54c0ee\" src=\"https:\/\/www.sisinternational.com\/wp-content\/uploads\/2025\/08\/Saudi-Arabia-33-26.jpg\" alt=\"Pesquisa e Estrat\u00e9gia de Mercado Internacional da SIS\" title=\"Saudi Arabia 33 (26)\" srcset=\"https:\/\/www.sisinternational.com\/wp-content\/uploads\/2025\/08\/Saudi-Arabia-33-26.jpg 1456w, https:\/\/www.sisinternational.com\/wp-content\/uploads\/2025\/08\/Saudi-Arabia-33-26-300x168.jpg 300w, https:\/\/www.sisinternational.com\/wp-content\/uploads\/2025\/08\/Saudi-Arabia-33-26-1024x574.jpg 1024w, https:\/\/www.sisinternational.com\/wp-content\/uploads\/2025\/08\/Saudi-Arabia-33-26-768x430.jpg 768w, https:\/\/www.sisinternational.com\/wp-content\/uploads\/2025\/08\/Saudi-Arabia-33-26-18x10.jpg 18w\" sizes=\"auto, (max-width: 1456px) 100vw, 1456px\"><\/figure>\n\n\n\n<p><\/p>\n\n\n\n<p>The food market in <a href=\"https:\/\/www.sisinternational.com\/pt\/entrando-no-mercado-latino-americano\/\" title=\"Entrando no mercado latino-americano\" data-wpil-monitor-id=\"7542\">Ar\u00e1bia Saudita<\/a> offers several opportunities for businesses looking to enter or expand in the market:<\/p>\n\n\n\n<ul class=\"wp-block-list\">\n<li><strong>Crescimento da popula\u00e7\u00e3o:<\/strong> A popula\u00e7\u00e3o da Ar\u00e1bia Saudita est\u00e1 a crescer rapidamente, impulsionando a procura de produtos alimentares e criando oportunidades para as empresas expandirem a sua presen\u00e7a no mercado.<\/li>\n\n\n\n<li><strong>Mudando as prefer\u00eancias do consumidor:<\/strong> Na Ar\u00e1bia Saudita, as prefer\u00eancias dos consumidores est\u00e3o a mudar para op\u00e7\u00f5es alimentares mais saud\u00e1veis e convenientes, criando oportunidades para as empresas introduzirem novos produtos que atendam a essas prefer\u00eancias.<\/li>\n\n\n\n<li><strong>Diversifica\u00e7\u00e3o Econ\u00f3mica:<\/strong> A Ar\u00e1bia Saudita est\u00e1 a envidar esfor\u00e7os de diversifica\u00e7\u00e3o econ\u00f3mica, conduzindo a um aumento dos investimentos no sector alimentar e de bebidas e criando oportunidades para as empresas entrarem no mercado.<\/li>\n\n\n\n<li><strong>Com\u00e9rcio eletr\u00f4nico:<\/strong> A ascens\u00e3o do com\u00e9rcio eletr\u00f3nico na Ar\u00e1bia Saudita criou novos canais de distribui\u00e7\u00e3o de produtos alimentares, permitindo \u00e0s empresas atingir um p\u00fablico mais vasto e aumentar as vendas.<\/li>\n\n\n\n<li><strong>Iniciativas Governamentais:<\/strong> O governo saudita est\u00e1 a implementar diversas iniciativas para apoiar a ind\u00fastria alimentar, tais como programas de seguran\u00e7a alimentar e incentivos ao investimento, que criam oportunidades para as empresas no mercado.<\/li>\n<\/ul>\n\n\n\n<h2 class=\"wp-block-heading\">What Makes SIS International a Top Food Market Research in Saudi Arabia<\/h2>\n\n\n\n<p><a href=\"https:\/\/www.linkedin.com\/company\/sisinternationalresearch\/\" target=\"_blank\" rel=\"noopener\">SIS Internacional<\/a> is a global market research and strategic consulting firm that provides various services to help businesses in the food market in Saudi Arabia. Here&#8217;s how their services can be beneficial:<\/p>\n\n\n\n<ul class=\"wp-block-list\">\n<li><strong>Estrat\u00e9gia de entrada no mercado:<\/strong> A SIS International pode ajudar as empresas do mercado alimentar no desenvolvimento de estrat\u00e9gias eficazes de entrada no mercado para a Ar\u00e1bia Saudita, incluindo a identifica\u00e7\u00e3o de segmentos-alvo, a compreens\u00e3o das prefer\u00eancias dos consumidores e a navega\u00e7\u00e3o nos requisitos regulamentares.<\/li>\n\n\n\n<li><strong>Pesquisa de consumo:<\/strong> We conduct consumer research to gather insights into Saudi Arabian consumers&#8217; eating habits, preferences, and attitudes toward different food products. This information can help businesses tailor their offerings to meet local tastes and demands.<\/li>\n\n\n\n<li><strong>Analise competitiva:<\/strong> O SIS fornece uma an\u00e1lise aprofundada dos concorrentes no mercado alimentar da Ar\u00e1bia Saudita, incluindo as suas estrat\u00e9gias, pontos fortes, pontos fracos e quota de mercado, permitindo que as empresas se posicionem de forma eficaz.<\/li>\n\n\n\n<li><strong>An\u00e1lise da cadeia de suprimentos:<\/strong> Nossos especialistas ajudam as empresas a compreender a din\u00e2mica da cadeia de abastecimento no mercado alimentar saudita, incluindo os desafios de abastecimento, distribui\u00e7\u00e3o e log\u00edstica, para otimizar suas opera\u00e7\u00f5es e reduzir custos.<\/li>\n\n\n\n<li><strong>Desenvolvimento de estrat\u00e9gia de marca:<\/strong> A SIS International desenvolve estrat\u00e9gias de marca que repercutem nos consumidores sauditas, incluindo posicionamento de marca, mensagens e estrat\u00e9gias de comunica\u00e7\u00e3o.<\/li>\n\n\n\n<li><strong>Desenvolvimento e inova\u00e7\u00e3o de produtos:<\/strong> O SIS fornece informa\u00e7\u00f5es sobre tend\u00eancias alimentares emergentes e prefer\u00eancias dos consumidores na Ar\u00e1bia Saudita, ajudando as empresas a inovar e a desenvolver novos produtos que atendam aos gostos locais.<\/li>\n\n\n\n<li><strong>Estudos de Viabilidade de Investimento:<\/strong> A SIS International pode realizar estudos de viabilidade para avaliar a viabilidade de projetos de investimento e identificar potenciais riscos e oportunidades para empresas que pretendam investir no mercado alimentar da Ar\u00e1bia Saudita.<\/li>\n<\/ul>\n\n\n\n<h2 class=\"wp-block-heading\">Localiza\u00e7\u00e3o de nossas instala\u00e7\u00f5es em Nova York<\/h2>\n\n\n\n<p>\n\n\n\n<iframe loading=\"lazy\" src=\"https:\/\/www.google.com\/maps\/embed?pb=!1m18!1m12!1m3!1d3022.976188376966!2d-73.99130312499956!3d40.740549471389315!2m3!1f0!2f0!3f0!3m2!1i1024!2i768!4f13.1!3m3!1m2!1s0x89c259a15798c731%3A0xd695d09bdd495f25!2s11%20E%2022nd%20St%20FL%202%2C%20New%20York%2C%20NY%2010010%2C%20USA!5e0!3m2!1sen!2spe!4v1726171763526!5m2!1sen!2spe\" width=\"600\" height=\"450\" allowfullscreen=\"allowfullscreen\" data-mce-fragment=\"1\"><\/iframe>\n\n\n\n<\/p>\n\n\n\n<h3 class=\"wp-block-heading\">11 E 22nd Street, 2\u00ba andar, Nova York, NY 10010 T: +1(212) 505-6805<\/h3>\n\n\n\n<h2 class=\"wp-block-heading\"><span style=\"font-weight: 400;\">Sobre SIS Internacional<\/span><\/h2>\n\n\n\n<p><a href=\"https:\/\/www.sisinternational.com\/pt\/\"><span style=\"font-weight: 400;\">SIS Internacional<\/span><\/a><span style=\"font-weight: 400;\"> oferece pesquisa quantitativa, qualitativa e estrat\u00e9gica. Fornecemos dados, ferramentas, estrat\u00e9gias, relat\u00f3rios e insights para a tomada de decis\u00f5es. Tamb\u00e9m realizamos entrevistas, pesquisas, grupos focais e outros m\u00e9todos e abordagens de Pesquisa de Mercado.<\/span><a href=\"https:\/\/www.sisinternational.com\/pt\/sobre-a-sis-international-research\/contact-sis-international-market-research\/\"><span style=\"font-weight: 400;\"> Entre em contato conosco<\/span><\/a><span style=\"font-weight: 400;\"> para o seu pr\u00f3ximo projeto de pesquisa de mercado.<\/span><\/p>\n\n\n\n<p><\/p>","protected":false},"excerpt":{"rendered":"<p>A pesquisa do mercado alimentar na Ar\u00e1bia Saudita envolve a coleta, an\u00e1lise e interpreta\u00e7\u00e3o de dados relacionados \u00e0 ind\u00fastria aliment\u00edcia do pa\u00eds.<\/p>","protected":false},"author":1,"featured_media":65112,"parent":36619,"menu_order":20,"comment_status":"closed","ping_status":"closed","template":"","meta":{"footnotes":""},"class_list":["post-47259","page","type-page","status-publish","has-post-thumbnail"],"_links":{"self":[{"href":"https:\/\/www.sisinternational.com\/pt\/wp-json\/wp\/v2\/pages\/47259","targetHints":{"allow":["GET"]}}],"collection":[{"href":"https:\/\/www.sisinternational.com\/pt\/wp-json\/wp\/v2\/pages"}],"about":[{"href":"https:\/\/www.sisinternational.com\/pt\/wp-json\/wp\/v2\/types\/page"}],"author":[{"embeddable":true,"href":"https:\/\/www.sisinternational.com\/pt\/wp-json\/wp\/v2\/users\/1"}],"replies":[{"embeddable":true,"href":"https:\/\/www.sisinternational.com\/pt\/wp-json\/wp\/v2\/comments?post=47259"}],"version-history":[{"count":16,"href":"https:\/\/www.sisinternational.com\/pt\/wp-json\/wp\/v2\/pages\/47259\/revisions"}],"predecessor-version":[{"id":81169,"href":"https:\/\/www.sisinternational.com\/pt\/wp-json\/wp\/v2\/pages\/47259\/revisions\/81169"}],"up":[{"embeddable":true,"href":"https:\/\/www.sisinternational.com\/pt\/wp-json\/wp\/v2\/pages\/36619"}],"wp:featuredmedia":[{"embeddable":true,"href":"https:\/\/www.sisinternational.com\/pt\/wp-json\/wp\/v2\/media\/65112"}],"wp:attachment":[{"href":"https:\/\/www.sisinternational.com\/pt\/wp-json\/wp\/v2\/media?parent=47259"}],"curies":[{"name":"wp","href":"https:\/\/api.w.org\/{rel}","templated":true}]}}