{"id":47074,"date":"2024-03-21T12:04:27","date_gmt":"2024-03-21T16:04:27","guid":{"rendered":"https:\/\/www.sisinternational.com\/?page_id=47074"},"modified":"2026-01-19T22:12:46","modified_gmt":"2026-01-20T03:12:46","slug":"consultoria-alterix","status":"publish","type":"page","link":"https:\/\/www.sisinternational.com\/pt\/pericia\/consultoria-alterix\/","title":{"rendered":"Alteryx Consultoria"},"content":{"rendered":"<h1 class=\"wp-block-heading\">Alteryx Consultoria<\/h1>\n\n\n\n<figure class=\"gb-block-image gb-block-image-fa700491\"><img loading=\"lazy\" decoding=\"async\" width=\"1456\" height=\"816\" class=\"gb-image gb-image-fa700491\" src=\"https:\/\/www.sisinternational.com\/wp-content\/uploads\/2025\/08\/Strategy-consulting-6.jpg\" alt=\"Pesquisa e Estrat\u00e9gia de Mercado Internacional da SIS\" title=\"Strategy consulting (6)\" srcset=\"https:\/\/www.sisinternational.com\/wp-content\/uploads\/2025\/08\/Strategy-consulting-6.jpg 1456w, https:\/\/www.sisinternational.com\/wp-content\/uploads\/2025\/08\/Strategy-consulting-6-300x168.jpg 300w, https:\/\/www.sisinternational.com\/wp-content\/uploads\/2025\/08\/Strategy-consulting-6-1024x574.jpg 1024w, https:\/\/www.sisinternational.com\/wp-content\/uploads\/2025\/08\/Strategy-consulting-6-768x430.jpg 768w, https:\/\/www.sisinternational.com\/wp-content\/uploads\/2025\/08\/Strategy-consulting-6-18x10.jpg 18w\" sizes=\"auto, (max-width: 1456px) 100vw, 1456px\"><\/figure>\n\n\n\n<hr class=\"wp-block-separator has-alpha-channel-opacity is-style-dots\"\/>\n\n\n\n<p>Com seus recursos robustos e interface intuitiva, o Alteryx capacita as empresas a desbloquear insights valiosos a partir de seus dados, facilitando estrat\u00e9gias mais inovadoras e opera\u00e7\u00f5es mais \u00e1geis. \u00c9 por isso que a consultoria Alteryx surge como uma for\u00e7a transformadora, revolucionando a forma como as organiza\u00e7\u00f5es aproveitam o poder dos dados para impulsionar a tomada de decis\u00f5es informadas.<\/p>\n\n\n\n<h2 class=\"wp-block-heading\">O que \u00e9 Consultoria Alteryx?<\/h2>\n\n\n\n<p>A consultoria Alteryx gira em torno do aproveitamento da plataforma Alteryx para capacitar as empresas com an\u00e1lises avan\u00e7adas, prepara\u00e7\u00e3o de dados e recursos de automa\u00e7\u00e3o. Basicamente, o Alteryx permite que as organiza\u00e7\u00f5es simplifiquem seus fluxos de trabalho de dados, desde a ingest\u00e3o e limpeza de dados at\u00e9 a an\u00e1lise e visualiza\u00e7\u00e3o, em uma plataforma f\u00e1cil de usar.<\/p>\n\n\n\n<p>Os servi\u00e7os de assist\u00eancia da Alteryx abrangem uma s\u00e9rie de atividades, incluindo implementa\u00e7\u00e3o, customiza\u00e7\u00e3o, treinamento e suporte cont\u00ednuo. Os consultores trabalham em estreita colabora\u00e7\u00e3o com as organiza\u00e7\u00f5es para compreender seus requisitos de neg\u00f3cios exclusivos, desafios de dados e objetivos estrat\u00e9gicos.<\/p>\n\n\n\n<h2 class=\"wp-block-heading\">Por que as empresas precisam da consultoria Alteryx?<\/h2>\n\n\n\n<p>O Alteryx permite que as empresas integrem dados de fontes distintas de maneira integrada e os preparem para an\u00e1lise. Com sua interface intuitiva de arrastar e soltar e poderosos recursos de combina\u00e7\u00e3o de dados, o Alteryx agiliza o processo de prepara\u00e7\u00e3o de dados, economizando tempo e esfor\u00e7o das empresas. Por esse motivo, os consultores fornecem experi\u00eancia na otimiza\u00e7\u00e3o de fluxos de trabalho de dados, garantindo a qualidade dos dados e automatizando tarefas repetitivas, permitindo que as empresas se concentrem na extra\u00e7\u00e3o de insights em vez de na disputa de dados.<\/p>\n\n\n\n<p>Additionally, these consulting <a href=\"https:\/\/www.sisinternational.com\/pt\/pericia\/industrias\/selecione-pesquisa-de-mercado-de-hoteis-de-servico\/\" title=\"Selecione pesquisa de mercado de hot\u00e9is de servi\u00e7o\"  data-wpil-monitor-id=\"8979\">services guide businesses on model selection<\/a>, parameter tuning, and validation techniques, helping them derive actionable insights and make informed decisions. It also helps businesses identify opportunities for automation, design efficient workflows, and implement automation solutions that drive productivity and cost savings.<\/p>\n\n\n\n<h2 class=\"wp-block-heading\">No entanto, este servi\u00e7o de consultoria traz muitos outros benef\u00edcios, incluindo:<\/h2>\n\n\n\n<ul class=\"wp-block-list\">\n<li><strong>Processos de dados simplificados:<\/strong> A consultoria ajuda as empresas a otimizar seus processos de dados, desde a integra\u00e7\u00e3o e prepara\u00e7\u00e3o de dados at\u00e9 a an\u00e1lise e relat\u00f3rios. Os consultores otimizam fluxos de trabalho de dados, automatizam tarefas repetitivas e garantem a qualidade dos dados, resultando em processos de dados mais eficientes e confi\u00e1veis.<\/li>\n\n\n\n<li><strong>Capacidades anal\u00edticas avan\u00e7adas:<\/strong> Com a consultoria, as empresas obt\u00eam acesso a recursos anal\u00edticos avan\u00e7ados que lhes permitem descobrir insights valiosos a partir de seus dados. Os consultores fornecem experi\u00eancia em modelagem preditiva, an\u00e1lise espacial e aprendizado de m\u00e1quina, capacitando as empresas a tomar decis\u00f5es baseadas em dados e obter vantagem competitiva.<\/li>\n\n\n\n<li><strong>Melhor tomada de decis\u00e3o:<\/strong> Consulting helps businesses identify trends, patterns, and opportunities in their data, enabling them to optimize operations, mitigate risks, and <a href=\"https:\/\/www.sisinternational.com\/pt\/solucoes\/pesquisa-de-consultoria-em-estrategia-fintech\/pesquisa-de-mercado-mercado-de-capitais\/\" title=\"Pesquisa de mercado de mercado de capitais\"  data-wpil-monitor-id=\"8976\">capitalize on market<\/a> opportunities.<\/li>\n\n\n\n<li><strong>Poupan\u00e7a de custos:<\/strong> A an\u00e1lise do Alteryx permite que as empresas otimizem seus processos de dados e simplifiquem as opera\u00e7\u00f5es, resultando em economia de custos. As empresas podem reduzir custos operacionais e alocar recursos de forma mais eficaz, automatizando tarefas manuais, reduzindo erros e melhorando a efici\u00eancia.<\/li>\n\n\n\n<li><strong>Produtividade aprimorada:<\/strong> As empresas podem melhorar a produtividade automatizando tarefas repetitivas e liberando tempo valioso para que os funcion\u00e1rios se concentrem em atividades de maior valor.<\/li>\n<\/ul>\n\n\n\n<h2 class=\"wp-block-heading\">Quem usa a consultoria Alteryx<\/h2>\n\n\n\n<p>Grandes corpora\u00e7\u00f5es de v\u00e1rios setores, incluindo finan\u00e7as, varejo, sa\u00fade e manufatura, utilizam consultoria para otimizar seus processos de dados e obter insights acion\u00e1veis a partir de seus dados. Com sua escalabilidade e flexibilidade, o Alteryx atende \u00e0s complexas necessidades anal\u00edticas das organiza\u00e7\u00f5es de n\u00edvel empresarial, permitindo-lhes tomar decis\u00f5es informadas e impulsionar o crescimento dos neg\u00f3cios.<\/p>\n\n\n\n<p>As ag\u00eancias governamentais aproveitam a consultoria da Alteryx para aproveitar o poder dos dados para enfrentar desafios complexos e fornecer servi\u00e7os p\u00fablicos com mais efici\u00eancia. Da an\u00e1lise de tend\u00eancias demogr\u00e1ficas \u00e0 otimiza\u00e7\u00e3o da aloca\u00e7\u00e3o de recursos, o Alteryx permite que ag\u00eancias governamentais tomem decis\u00f5es baseadas em dados que beneficiam cidad\u00e3os e comunidades.<\/p>\n\n\n\n<p>As organiza\u00e7\u00f5es sem fins lucrativos dependem da an\u00e1lise de dados para gerar impacto, otimizar opera\u00e7\u00f5es e maximizar a efic\u00e1cia dos seus programas e servi\u00e7os. Os servi\u00e7os de consultoria da Alteryx ajudam as organiza\u00e7\u00f5es sem fins lucrativos a aproveitar seus ativos de dados para entender melhor seus benefici\u00e1rios, melhorar os esfor\u00e7os de arrecada\u00e7\u00e3o de fundos e alcan\u00e7ar os objetivos de sua miss\u00e3o.<\/p>\n\n\n\n<p>Educational Institutions utilize this consulting to support academic research, teach data analytics skills, and empower students with hands-on experience in data analysis. Alteryx provides educators a powerful <a href=\"https:\/\/www.sisinternational.com\/pt\/sis-revela-plataforma-de-ciencia-de-dados-e-analise-quantitativa\/\" title=\"SIS revela plataforma de ci\u00eancia de dados e an\u00e1lise quantitativa\"  data-wpil-monitor-id=\"8973\">platform for teaching data analytics<\/a> concepts and techniques, preparing students for careers in data-driven fields.<\/p>\n\n\n\n<h2 class=\"wp-block-heading\">Quando conduzir a consultoria Alteryx<\/h2>\n\n\n\n<p>Determinar o momento ideal para contratar a consultoria Alteryx depende de v\u00e1rios fatores, incluindo as necessidades espec\u00edficas, os objetivos e a prontid\u00e3o da organiza\u00e7\u00e3o para aproveitar a an\u00e1lise de dados. Aqui est\u00e3o as principais considera\u00e7\u00f5es sobre quando realizar avalia\u00e7\u00f5es do Alteryx:<\/p>\n\n\n\n<ul class=\"wp-block-list\">\n<li><strong><a href=\"https:\/\/www.sisinternational.com\/pt\/solucoes\/sis-crescimento-global\/consultoria-em-planejamento-estrategico\/\" title=\"Consultoria em Planejamento Estrat\u00e9gico\"  data-wpil-monitor-id=\"8975\">Planejamento estrat\u00e9gico<\/a> Phase:<\/strong> As organiza\u00e7\u00f5es devem considerar envolver-se neste tipo de consultoria durante a fase de planeamento estrat\u00e9gico de uma iniciativa de an\u00e1lise de dados. Isso permite que os consultores trabalhem em estreita colabora\u00e7\u00e3o com as partes interessadas para compreender os objetivos, desafios e requisitos da organiza\u00e7\u00e3o, estabelecendo as bases para uma implementa\u00e7\u00e3o anal\u00edtica bem-sucedida.<\/li>\n\n\n\n<li><a href=\"https:\/\/www.sisinternational.com\/pt\/solucoes\/consultoria-estrategica\/analise-de-dados\/\" title=\"Empresa de an\u00e1lise de dados\"  data-wpil-monitor-id=\"8977\">Data Assessment Stage: Before diving into analytics<\/a> implementation, organizations should comprehensively assess their data assets. Alteryx experts can help organizations evaluate the quality, completeness, and accessibility of their data, identifying any gaps or issues that need to be addressed before proceeding with analytics projects.<\/li>\n\n\n\n<li><strong>Prepara\u00e7\u00e3o para Implementa\u00e7\u00e3o:<\/strong> \u00c0 medida que as organiza\u00e7\u00f5es se preparam para implementar o Alteryx ou expandir o uso existente, os servi\u00e7os de consultoria podem fornecer um suporte valioso na configura\u00e7\u00e3o da plataforma, na configura\u00e7\u00e3o de fluxos de trabalho e na integra\u00e7\u00e3o com outros sistemas. Os consultores trabalham com equipes de TI e usu\u00e1rios empresariais para garantir um processo de implementa\u00e7\u00e3o tranquilo e maximizar a efic\u00e1cia da plataforma.<\/li>\n<\/ul>\n\n\n\n<h2 class=\"wp-block-heading\">Resultados esperados da consultoria Alteryx da SIS<\/h2>\n\n\n\n<p>Envolver-se na consultoria Alteryx com a SIS International pode gerar v\u00e1rios resultados esperados para as empresas:<\/p>\n\n\n\n<ul class=\"wp-block-list\">\n<li><strong>Efici\u00eancia aprimorada de an\u00e1lise de dados:<\/strong> Os servi\u00e7os de consultoria Alteryx da SIS International simplificam os processos de an\u00e1lise de dados, permitindo que as empresas analisem grandes volumes de dados com mais efici\u00eancia. Ao automatizar tarefas manuais e otimizar fluxos de trabalho, as empresas podem reduzir o tempo e o esfor\u00e7o necess\u00e1rios para a an\u00e1lise de dados, libertando recursos para outras atividades estrat\u00e9gicas.<\/li>\n\n\n\n<li><strong>Tomada de decis\u00e3o aprimorada:<\/strong> Com os servi\u00e7os de suporte Alteryx da SIS International, as empresas obt\u00eam acesso a recursos anal\u00edticos avan\u00e7ados que lhes permitem tomar decis\u00f5es mais informadas e baseadas em dados. Ao aproveitar as ferramentas de modelagem preditiva e aprendizado de m\u00e1quina da Alteryx, as empresas podem descobrir insights valiosos de seus dados, permitindo-lhes identificar tend\u00eancias, prever resultados e tomar decis\u00f5es estrat\u00e9gicas com seguran\u00e7a.<\/li>\n\n\n\n<li><strong>Economia de custos e otimiza\u00e7\u00e3o de recursos:<\/strong> Os servi\u00e7os de otimiza\u00e7\u00e3o Alteryx da SIS ajudam as empresas a otimizar seus processos de dados e melhorar a efici\u00eancia operacional, resultando em economia de custos. Ao automatizar tarefas repetitivas, reduzir erros e melhorar a produtividade, as empresas podem reduzir custos operacionais e alocar recursos de forma mais eficaz, maximizando o ROI.<\/li>\n\n\n\n<li><strong>Vantagem competitiva aprimorada:<\/strong> Ao aproveitar os servi\u00e7os de consultoria Alteryx da SIS International, as empresas ganham uma vantagem competitiva em seus respectivos mercados. Ao aproveitar o poder da an\u00e1lise de dados, as empresas podem obter insights sobre tend\u00eancias de mercado, comportamento do cliente e din\u00e2mica competitiva, permitindo-lhes identificar oportunidades e diferenciar-se dos concorrentes.<\/li>\n\n\n\n<li><strong>Escalabilidade e flexibilidade:<\/strong> SIS International&#8217;s consulting services provide businesses with scalability and flexibility to adapt to changing business needs and evolving data requirements. Whether businesses analyze large volumes of data or expand into new markets, SIS International&#8217;s consultants help businesses scale their analytics capabilities and ensure they remain <a href=\"https:\/\/www.sisinternational.com\/pt\/solucoes\/inovacao\/pesquisa-de-mercado-agil\/\" title=\"Pesquisa de mercado \u00e1gil\"  data-wpil-monitor-id=\"8969\">agile and responsive to market<\/a> demands.<\/li>\n<\/ul>\n\n\n\n<h2 class=\"wp-block-heading\">Oportunidades<\/h2>\n\n\n\n<p>As empresas podem aproveitar diversas oportunidades aproveitando os servi\u00e7os de consultoria da Alteryx. Essas oportunidades incluem:<\/p>\n\n\n\n<ul class=\"wp-block-list\">\n<li><strong>Otimiza\u00e7\u00e3o e Automa\u00e7\u00e3o de Processos:<\/strong> A consultoria ajuda as empresas a otimizar seus processos de dados e automatizar tarefas repetitivas, melhorando a efici\u00eancia e a produtividade. As empresas podem economizar tempo e recursos automatizando a prepara\u00e7\u00e3o de dados, an\u00e1lise e fluxos de trabalho de relat\u00f3rios, permitindo que os funcion\u00e1rios se concentrem em iniciativas mais estrat\u00e9gicas.<\/li>\n\n\n\n<li><strong>Efici\u00eancia operacional e economia de custos:<\/strong> A consultoria Alteryx ajuda as empresas a melhorar a efici\u00eancia operacional e reduzir custos, simplificando processos de dados e automatizando tarefas manuais. Otimizar fluxos de trabalho e eliminar inefici\u00eancias pode reduzir custos operacionais, aumentar a produtividade e melhorar o desempenho geral dos neg\u00f3cios.<\/li>\n\n\n\n<li><strong>Vantagem Competitiva e Inova\u00e7\u00e3o:<\/strong> By leveraging consulting services, businesses can gain a competitive advantage in their respective <a href=\"https:\/\/www.sisinternational.com\/pt\/pericia\/industrias\/pesquisa-de-mercado-de-energia-a-carvao\/\" title=\"Pesquisa de mercado de energia a carv\u00e3o\"  data-wpil-monitor-id=\"8978\">markets by harnessing the power<\/a> of data analytics to drive innovation and differentiation. By adopting advanced analytics techniques and staying ahead of emerging trends, businesses can innovate new products and services, enter new markets, and outperform competitors.<\/li>\n<\/ul>\n\n\n\n<h2 class=\"wp-block-heading\">Como a consultoria da SIS International ajuda as empresas<\/h2>\n\n\n\n<p>A SIS International oferece servi\u00e7os abrangentes de consultoria Alteryx, adaptados para atender \u00e0s necessidades e objetivos exclusivos das empresas em v\u00e1rios setores. Veja como os servi\u00e7os de consultoria Alteryx da SIS International podem ajudar as empresas:<\/p>\n\n\n\n<ul class=\"wp-block-list\">\n<li><strong>Conhecimento e experi\u00eancia:<\/strong> SIS International&#8217;s team of experienced <a href=\"https:\/\/www.sisinternational.com\/pt\/pericia\/industrias\/consultoria-em-analise-de-ciencia-de-dados\/\" title=\"Consultoria em Ci\u00eancia de Dados e Analytics\"  data-wpil-monitor-id=\"8971\">consultants brings deep expertise in data analytics<\/a>, business intelligence, and Alteryx platform to help businesses leverage advanced analytics capabilities effectively. With extensive experience across industries and business functions, SIS International consultants provide valuable insights and best practices to guide businesses through the analytics lifecycle.<\/li>\n\n\n\n<li><strong>Solu\u00e7\u00f5es personalizadas:<\/strong> A SIS trabalha em estreita colabora\u00e7\u00e3o com as empresas para compreender os seus objetivos, desafios e requisitos espec\u00edficos, desenvolvendo solu\u00e7\u00f5es personalizadas adaptadas \u00e0s suas necessidades \u00fanicas. Quer as empresas procurem otimizar processos de dados, realizar an\u00e1lises avan\u00e7adas ou automatizar fluxos de trabalho, os nossos consultores concebem solu\u00e7\u00f5es que abordam os seus casos de utiliza\u00e7\u00e3o espec\u00edficos e proporcionam resultados mensur\u00e1veis.<\/li>\n\n\n\n<li><strong>Suporte ponta a ponta:<\/strong> Oferecemos suporte completo durante todo o trabalho de consultoria da Alteryx, desde a avalia\u00e7\u00e3o inicial e planejamento at\u00e9 a implementa\u00e7\u00e3o, treinamento e suporte cont\u00ednuo. Os consultores trabalham em estreita colabora\u00e7\u00e3o com as empresas para garantir uma transi\u00e7\u00e3o perfeita para o uso do Alteryx para an\u00e1lise de dados, fornecendo treinamento, orienta\u00e7\u00e3o e assist\u00eancia para solu\u00e7\u00e3o de problemas, conforme necess\u00e1rio.<\/li>\n\n\n\n<li><strong>Parceria estrat\u00e9gica:<\/strong> A SIS International \u00e9 um parceiro estrat\u00e9gico para empresas, fornecendo apoio e orienta\u00e7\u00e3o cont\u00ednuos para ajud\u00e1-las a atingir os seus objetivos de an\u00e1lise de dados. Os consultores colaboram estreitamente com as partes interessadas do neg\u00f3cio para alinhar iniciativas de an\u00e1lise com objetivos estrat\u00e9gicos, identificar oportunidades de melhoria e impulsionar inova\u00e7\u00e3o e otimiza\u00e7\u00e3o cont\u00ednuas.<\/li>\n\n\n\n<li><strong>Abordagem Orientada a Resultados:<\/strong> A SIS adota uma abordagem de consultoria orientada para resultados, com foco na entrega de resultados tang\u00edveis e ROI mensur\u00e1vel para as empresas. Os consultores definem objetivos claros, estabelecem KPIs e acompanham o progresso ao longo do trabalho, garantindo que as empresas obtenham o m\u00e1ximo valor do seu investimento em an\u00e1lise de dados.<\/li>\n<\/ul>\n\n\n\n<p><\/p>","protected":false},"excerpt":{"rendered":"<p>A consultoria Alteryx usa a plataforma Alteryx para capacitar as empresas com an\u00e1lises avan\u00e7adas, prepara\u00e7\u00e3o de dados e recursos de automa\u00e7\u00e3o.<\/p>","protected":false},"author":1,"featured_media":62549,"parent":14514,"menu_order":432,"comment_status":"closed","ping_status":"closed","template":"","meta":{"footnotes":""},"class_list":["post-47074","page","type-page","status-publish","has-post-thumbnail"],"_links":{"self":[{"href":"https:\/\/www.sisinternational.com\/pt\/wp-json\/wp\/v2\/pages\/47074","targetHints":{"allow":["GET"]}}],"collection":[{"href":"https:\/\/www.sisinternational.com\/pt\/wp-json\/wp\/v2\/pages"}],"about":[{"href":"https:\/\/www.sisinternational.com\/pt\/wp-json\/wp\/v2\/types\/page"}],"author":[{"embeddable":true,"href":"https:\/\/www.sisinternational.com\/pt\/wp-json\/wp\/v2\/users\/1"}],"replies":[{"embeddable":true,"href":"https:\/\/www.sisinternational.com\/pt\/wp-json\/wp\/v2\/comments?post=47074"}],"version-history":[{"count":6,"href":"https:\/\/www.sisinternational.com\/pt\/wp-json\/wp\/v2\/pages\/47074\/revisions"}],"predecessor-version":[{"id":81503,"href":"https:\/\/www.sisinternational.com\/pt\/wp-json\/wp\/v2\/pages\/47074\/revisions\/81503"}],"up":[{"embeddable":true,"href":"https:\/\/www.sisinternational.com\/pt\/wp-json\/wp\/v2\/pages\/14514"}],"wp:featuredmedia":[{"embeddable":true,"href":"https:\/\/www.sisinternational.com\/pt\/wp-json\/wp\/v2\/media\/62549"}],"wp:attachment":[{"href":"https:\/\/www.sisinternational.com\/pt\/wp-json\/wp\/v2\/media?parent=47074"}],"curies":[{"name":"wp","href":"https:\/\/api.w.org\/{rel}","templated":true}]}}