{"id":47069,"date":"2024-03-21T11:55:58","date_gmt":"2024-03-21T15:55:58","guid":{"rendered":"https:\/\/www.sisinternational.com\/?page_id=47069"},"modified":"2026-01-27T16:44:17","modified_gmt":"2026-01-27T21:44:17","slug":"consultoria-em-estrategia-de-pesquisa-de-mercado-para-usuarios-finais","status":"publish","type":"page","link":"https:\/\/www.sisinternational.com\/pt\/solucoes\/consultoria-estrategica\/consultoria-em-estrategia-de-pesquisa-de-mercado-para-usuarios-finais\/","title":{"rendered":"Pesquisa de mercado para usu\u00e1rios finais e consultoria estrat\u00e9gica"},"content":{"rendered":"<h1 class=\"wp-block-heading\">Pesquisa de mercado para usu\u00e1rios finais e consultoria estrat\u00e9gica<\/h1>\n\n\n\n<figure class=\"gb-block-image gb-block-image-e3d9711c\"><img loading=\"lazy\" decoding=\"async\" width=\"1456\" height=\"816\" class=\"gb-image gb-image-e3d9711c\" src=\"https:\/\/www.sisinternational.com\/wp-content\/uploads\/2025\/08\/Strategy-consulting-4.jpg\" alt=\"Pesquisa e Estrat\u00e9gia de Mercado Internacional da SIS\" title=\"Strategy consulting (4)\" srcset=\"https:\/\/www.sisinternational.com\/wp-content\/uploads\/2025\/08\/Strategy-consulting-4.jpg 1456w, https:\/\/www.sisinternational.com\/wp-content\/uploads\/2025\/08\/Strategy-consulting-4-300x168.jpg 300w, https:\/\/www.sisinternational.com\/wp-content\/uploads\/2025\/08\/Strategy-consulting-4-1024x574.jpg 1024w, https:\/\/www.sisinternational.com\/wp-content\/uploads\/2025\/08\/Strategy-consulting-4-768x430.jpg 768w, https:\/\/www.sisinternational.com\/wp-content\/uploads\/2025\/08\/Strategy-consulting-4-18x10.jpg 18w\" sizes=\"auto, (max-width: 1456px) 100vw, 1456px\"><\/figure>\n\n\n\n<hr class=\"wp-block-separator has-alpha-channel-opacity is-style-dots\"\/>\n\n\n\n<p>As empresas est\u00e3o realmente alinhando suas estrat\u00e9gias com o pulso de seus usu\u00e1rios finais? Compreender a import\u00e2ncia da pesquisa abrangente de mercado do usu\u00e1rio final e da consultoria estrat\u00e9gica tornou-se vantajoso e essencial para o sucesso sustentado. Pode fazer a diferen\u00e7a entre uma iniciativa empresarial bem-sucedida que tenha repercuss\u00e3o no mercado \u2013 e um plano de neg\u00f3cios fracassado sem um p\u00fablico-alvo claro.<\/p>\n\n\n\n<h2 class=\"wp-block-heading\">O que \u00e9 pesquisa de mercado de usu\u00e1rio final e consultoria estrat\u00e9gica?<\/h2>\n\n\n\n<p>End <a class=\"wpil_keyword_link\" href=\"https:\/\/www.sisinternational.com\/pt\/solucoes\/solucoes-de-branding-e-pesquisa-de-clientes\/teste-de-usabilidade-pesquisa-de-experiencia-do-usuario\/\"   title=\"Pesquisa de mercado de usu\u00e1rios e testes de usabilidade\" data-wpil-keyword-link=\"linked\"  data-wpil-monitor-id=\"516\">user market research<\/a> and strategy consulting is a multidimensional approach to gain deep insights into consumers&#8217; or end users&#8217; behavior, preferences, and needs. It involves meticulous data collection, analysis, and interpretation to unveil market trends, consumer sentiment, and competitive landscapes. This process is about gathering statistics and understanding the underlying motivations and psychological triggers that drive consumer decision-making.<\/p>\n\n\n\n<h2 class=\"wp-block-heading\">Por que as empresas precisam de pesquisa de mercado para usu\u00e1rios finais e consultoria estrat\u00e9gica?<\/h2>\n\n\n\n<p>Compreender o mercado de utilizadores finais permite \u00e0s empresas antecipar mudan\u00e7as nas prefer\u00eancias dos consumidores e adaptar as suas estrat\u00e9gias em conformidade. Ao permanecerem \u00e0 frente das tend\u00eancias e das exig\u00eancias dos consumidores, as empresas podem posicionar-se como l\u00edderes do setor e obter uma vantagem competitiva. Al\u00e9m disso, a pesquisa de mercado do usu\u00e1rio final permite que as empresas refinem seus esfor\u00e7os de marketing, otimizem o desenvolvimento de produtos e aumentem a satisfa\u00e7\u00e3o geral do cliente, levando a uma maior fidelidade e \u00e0 repeti\u00e7\u00e3o de neg\u00f3cios.<\/p>\n\n\n\n<p>However, end user market research and <a href=\"https:\/\/www.sisinternational.com\/pt\/estrategias-de-sustentabilidade-corporativa-um-estudo-de-caso-da-siemens-2\/\" title=\"Estrat\u00e9gias de Sustentabilidade Corporativa: Um Estudo de Caso da Siemens\"  data-wpil-monitor-id=\"1741\">consultoria estrat\u00e9gica<\/a> offer a multitude of benefits to businesses striving for sustainable growth and market dominance, including:<\/p>\n\n\n\n<ul class=\"wp-block-list\">\n<li><strong>Tomada de decis\u00e3o informada:<\/strong> Ao obter uma compreens\u00e3o profunda do comportamento do consumidor e da din\u00e2mica do mercado, as empresas podem tomar decis\u00f5es informadas sobre o desenvolvimento de produtos, estrat\u00e9gias de marketing e aloca\u00e7\u00e3o de recursos.<\/li>\n\n\n\n<li><strong>Vantagem competitiva:<\/strong> Com insights sobre as prefer\u00eancias dos consumidores e tend\u00eancias de mercado, as empresas podem permanecer \u00e0 frente inovando e oferecendo propostas de valor exclusivas que repercutam em seu p\u00fablico-alvo.<\/li>\n\n\n\n<li><strong>Mitiga\u00e7\u00e3o de riscos:<\/strong> End user market <a href=\"https:\/\/www.sisinternational.com\/pt\/what-to-expect-in-your-first-year-entering-a-new-market-5-essential-strategies\/\" title=\"What to Expect in Your First Year Entering a New Market: 5 Essential Strategies\"  data-wpil-monitor-id=\"1092\">research and strategy consulting<\/a> allows businesses to mitigate risks associated with launching new products or entering new markets. Companies can minimize the likelihood of costly failures by understanding consumer preferences and potential market barriers.<\/li>\n\n\n\n<li><strong>Maior satisfa\u00e7\u00e3o do cliente:<\/strong> Ao alinhar produtos e servi\u00e7os com as necessidades e prefer\u00eancias dos utilizadores finais, as empresas podem proporcionar experi\u00eancias superiores aos clientes, promovendo a lealdade e associa\u00e7\u00f5es positivas \u00e0 marca.<\/li>\n\n\n\n<li><strong>Esfor\u00e7os de marketing otimizados:<\/strong> Campanhas de marketing direcionadas com base em pesquisas de mercado abrangentes podem gerar taxas de convers\u00e3o mais altas e melhor retorno sobre o investimento (ROI).<\/li>\n\n\n\n<li><strong>Adaptabilidade e Agilidade:<\/strong> Acompanhando o sentimento do consumidor e as tend\u00eancias do mercado, as empresas podem adaptar-se rapidamente \u00e0s mudan\u00e7as no cen\u00e1rio competitivo, no ambiente regulat\u00f3rio ou no comportamento do consumidor.<\/li>\n<\/ul>\n\n\n\n<h2 class=\"wp-block-heading\">Fatores cr\u00edticos de sucesso para uma pesquisa de mercado de usu\u00e1rio final bem-sucedida e consultoria estrat\u00e9gica<\/h2>\n\n\n\n<figure class=\"gb-block-image gb-block-image-74c6907b\"><img loading=\"lazy\" decoding=\"async\" width=\"1456\" height=\"816\" class=\"gb-image gb-image-74c6907b\" src=\"https:\/\/www.sisinternational.com\/wp-content\/uploads\/2025\/08\/Strategy-consulting-2.jpg\" alt=\"Pesquisa e Estrat\u00e9gia de Mercado Internacional da SIS\" title=\"Strategy consulting (2)\" srcset=\"https:\/\/www.sisinternational.com\/wp-content\/uploads\/2025\/08\/Strategy-consulting-2.jpg 1456w, https:\/\/www.sisinternational.com\/wp-content\/uploads\/2025\/08\/Strategy-consulting-2-300x168.jpg 300w, https:\/\/www.sisinternational.com\/wp-content\/uploads\/2025\/08\/Strategy-consulting-2-1024x574.jpg 1024w, https:\/\/www.sisinternational.com\/wp-content\/uploads\/2025\/08\/Strategy-consulting-2-768x430.jpg 768w, https:\/\/www.sisinternational.com\/wp-content\/uploads\/2025\/08\/Strategy-consulting-2-18x10.jpg 18w\" sizes=\"auto, (max-width: 1456px) 100vw, 1456px\"><\/figure>\n\n\n\n<p><\/p>\n\n\n\n<p>Successfully executing end user market <a href=\"https:\/\/www.sisinternational.com\/pt\/solucoes\/consultoria-estrategica\/empreendedores-de-pesquisa-estrategica\/\" title=\"Pesquisa estrat\u00e9gica para empreendedores\"  data-wpil-monitor-id=\"6956\">research and strategy<\/a> consulting requires attention to several essential factors that can significantly impact the outcomes. Here are some key elements to consider:<\/p>\n\n\n\n<ul class=\"wp-block-list\">\n<li><strong>Coleta de dados de qualidade:<\/strong> Garantir a qualidade e a fiabilidade dos dados recolhidos \u00e9 fundamental para o sucesso da iniciativa de investiga\u00e7\u00e3o. Isto envolve um planeamento meticuloso, procedimentos rigorosos de recolha de dados e medidas de garantia de qualidade para minimizar erros e preconceitos que possam comprometer a integridade dos resultados.<\/li>\n\n\n\n<li><strong>An\u00e1lise e interpreta\u00e7\u00e3o especializada:<\/strong> A an\u00e1lise e interpreta\u00e7\u00e3o minuciosas dos resultados da investiga\u00e7\u00e3o por profissionais experientes s\u00e3o essenciais para extrair conhecimentos significativos e recomenda\u00e7\u00f5es pr\u00e1ticas. A experi\u00eancia em an\u00e1lise de dados, din\u00e2mica de mercado e tend\u00eancias do setor permite que os consultores descubram padr\u00f5es ocultos, identifiquem oportunidades emergentes e fa\u00e7am recomenda\u00e7\u00f5es estrat\u00e9gicas informadas.<\/li>\n\n\n\n<li><strong>Colabora\u00e7\u00e3o e Comunica\u00e7\u00e3o:<\/strong> A colabora\u00e7\u00e3o e a comunica\u00e7\u00e3o eficazes entre todas as partes interessadas, incluindo l\u00edderes empresariais, investigadores e consultores, s\u00e3o fundamentais para garantir o alinhamento e a ades\u00e3o ao longo de todo o processo de investiga\u00e7\u00e3o. A comunica\u00e7\u00e3o transparente facilita a troca de ideias, estimula a criatividade e aumenta a probabilidade de resultados bem-sucedidos.<\/li>\n\n\n\n<li><strong>Abordagem Iterativa:<\/strong> Reconhecendo que a din\u00e2mica do mercado est\u00e1 em constante evolu\u00e7\u00e3o, a ado\u00e7\u00e3o de uma abordagem iterativa \u00e0 pesquisa de mercado do utilizador final permite que as empresas adaptem as suas estrat\u00e9gias em resposta \u00e0s mudan\u00e7as nas condi\u00e7\u00f5es do mercado e nas prefer\u00eancias dos consumidores. A revis\u00e3o e atualiza\u00e7\u00e3o regular dos resultados da investiga\u00e7\u00e3o garante que as decis\u00f5es estrat\u00e9gicas permanecem relevantes e eficazes.<\/li>\n<\/ul>\n\n\n\n<h2 class=\"wp-block-heading\">Resultados esperados da pesquisa de mercado de usu\u00e1rio final e consultoria estrat\u00e9gica da SIS International<\/h2>\n\n\n\n<p>SIS offers comprehensive <a href=\"https:\/\/www.sisinternational.com\/pt\/sis-strategy-consulting-2\/\" title=\"SIS Strategy Consulting\u00a0\"  data-wpil-monitor-id=\"2777\">end user market research and strategy<\/a> consulting services designed to deliver actionable insights and drive business success. Here are some expected results businesses can anticipate from partnering with SIS International:<\/p>\n\n\n\n<ul class=\"wp-block-list\">\n<li><strong>Compreens\u00e3o aprofundada do p\u00fablico-alvo:<\/strong> SIS International&#8217;s research methodologies delve deep into consumer behavior, preferences, and motivations, providing businesses with a comprehensive understanding of their target audience. <\/li>\n\n\n\n<li><strong>Inteligencia competitiva:<\/strong> Our research capabilities extend beyond understanding the target audience to include comprehensive competitive analysis. <\/li>\n\n\n\n<li><strong>Recomenda\u00e7\u00f5es Estrat\u00e9gicas:<\/strong> Aproveitando sua experi\u00eancia em pesquisa de mercado e consultoria estrat\u00e9gica, a SIS oferece recomenda\u00e7\u00f5es estrat\u00e9gicas adaptadas \u00e0s necessidades e objetivos exclusivos de cada cliente. Seja otimizando ofertas de produtos, refinando estrat\u00e9gias de marketing ou explorando novas oportunidades de mercado, a SIS International fornece insights pr\u00e1ticos para impulsionar o crescimento dos neg\u00f3cios.<\/li>\n\n\n\n<li><strong>Sucesso a longo prazo:<\/strong> Ao fazer parceria com a SIS, as empresas ganham um consultor confi\u00e1vel e um parceiro estrat\u00e9gico comprometido com seu sucesso a longo prazo. Com foco na constru\u00e7\u00e3o de relacionamentos duradouros e na entrega de valor, a SIS International ajuda as empresas a atingirem seus objetivos e sustentarem o crescimento em um cen\u00e1rio de mercado em constante mudan\u00e7a.<\/li>\n<\/ul>\n\n\n\n<h2 class=\"wp-block-heading\">Oportunidades em pesquisa de mercado de usu\u00e1rio final e consultoria estrat\u00e9gica para empresas<\/h2>\n\n\n\n<p>Exploring the opportunities presented by end user market research and <a href=\"https:\/\/www.sisinternational.com\/pt\/midias-sociais-em-pequenas-empresas\/\" title=\"Estrat\u00e9gias de m\u00eddia social para pequenas empresas\"  data-wpil-monitor-id=\"7534\">consultoria estrat\u00e9gica<\/a> can unlock significant growth potential for businesses across various sectors. Here are some key opportunities to consider:<\/p>\n\n\n\n<ul class=\"wp-block-list\">\n<li><strong>Identificando mercados inexplorados:<\/strong> Atrav\u00e9s de uma pesquisa de mercado abrangente, as empresas podem identificar segmentos de mercado inexplorados ou oportunidades de nicho que se alinhem com as suas capacidades e ofertas.<\/li>\n\n\n\n<li><strong>Personaliza\u00e7\u00e3o de produtos e servi\u00e7os:<\/strong> A pesquisa de mercado do usu\u00e1rio final permite que as empresas adaptem seus produtos e servi\u00e7os para atender \u00e0s necessidades e prefer\u00eancias espec\u00edficas de seu p\u00fablico-alvo.<\/li>\n\n\n\n<li><strong>Otimizando estrat\u00e9gias de pre\u00e7os:<\/strong> Compreender as percep\u00e7\u00f5es do consumidor sobre valor e disposi\u00e7\u00e3o a pagar \u00e9 essencial para otimizar estrat\u00e9gias de pre\u00e7os.<\/li>\n\n\n\n<li><strong>Ficando \u00e0 frente das tend\u00eancias:<\/strong> Manter-se \u00e0 frente \u00e9 essencial para manter uma vantagem competitiva em mercados em r\u00e1pida evolu\u00e7\u00e3o. A pesquisa de mercado do usu\u00e1rio final ajuda as empresas a antecipar mudan\u00e7as no comportamento do consumidor, tend\u00eancias de mercado emergentes e tecnologias disruptivas, permitindo-lhes adaptar suas estrat\u00e9gias de forma proativa e capitalizar novas oportunidades.<\/li>\n<\/ul>\n\n\n\n<h2 class=\"wp-block-heading\">Como a pesquisa de mercado de usu\u00e1rio final e a consultoria estrat\u00e9gica da SIS International ajudam as empresas<\/h2>\n\n\n\n<p>Os servi\u00e7os de pesquisa de mercado e consultoria estrat\u00e9gica do usu\u00e1rio final da SIS International s\u00e3o adaptados para atender \u00e0s diversas necessidades de empresas de todos os setores. Veja como a SIS International pode ajudar as empresas a atingir seus objetivos:<\/p>\n\n\n\n<ul class=\"wp-block-list\">\n<li><strong>Comprehensive <a href=\"https:\/\/www.sisinternational.com\/pt\/pericia\/industrias\/pesquisa-de-mercado-mrna\/\" title=\"Pesquisa de mercado de mRNA\"  data-wpil-monitor-id=\"4643\">Pesquisar<\/a> Expertise:<\/strong> Com d\u00e9cadas de experi\u00eancia em pesquisa de mercado, a SIS International oferece um conjunto abrangente de metodologias de pesquisa adaptadas \u00e0s necessidades e objetivos exclusivos de cada cliente. Desde m\u00e9todos de pesquisa qualitativa, como grupos focais e entrevistas aprofundadas, at\u00e9 abordagens quantitativas, como pesquisas e an\u00e1lise de dados, a SIS International oferece insights pr\u00e1ticos que impulsionam a tomada de decis\u00f5es informadas.<\/li>\n\n\n\n<li><strong>Insights espec\u00edficos do setor:<\/strong> Os especialistas da SIS possuem profundo conhecimento e compreens\u00e3o de v\u00e1rios setores, incluindo varejo, tecnologia, sa\u00fade, finan\u00e7as, automotivo e muito mais. Esta experi\u00eancia espec\u00edfica do setor permite \u00e0 SIS International fornecer insights personalizados e recomenda\u00e7\u00f5es estrat\u00e9gicas que abordam os desafios e oportunidades \u00fanicos de cada cliente.<\/li>\n\n\n\n<li><strong>Alcance global e experi\u00eancia local:<\/strong> <a href=\"https:\/\/www.sisinternational.com\/pt\/escritorio-da-sis-ny-comemora-milesimo-aluguel-de-instalacoes\/\" title=\"Escrit\u00f3rio da SIS NY comemora mil\u00e9simo aluguel de instala\u00e7\u00f5es\"  data-wpil-monitor-id=\"4491\">SIS<\/a> International offers unparalleled access to diverse markets and consumer segments worldwide with a global network of offices and partners spanning six continents. Our local expertise ensures that clients receive relevant and actionable insights regardless of location.<\/li>\n\n\n\n<li><strong>Apoio \u00e0 decis\u00e3o baseado em dados:<\/strong> SIS combines rigorous data collection and analysis with strategic consulting expertise to provide clients with actionable recommendations that drive business success. <\/li>\n\n\n\n<li><strong>Abordagem colaborativa:<\/strong> We take a collaborative approach to client engagement, working closely with stakeholders to understand their business objectives, challenges, and constraints. <\/li>\n<\/ul>\n\n\n\n<p><\/p>","protected":false},"excerpt":{"rendered":"<p>A pesquisa de mercado do usu\u00e1rio final e a consultoria estrat\u00e9gica s\u00e3o uma abordagem multifacetada para compreender o comportamento, as prefer\u00eancias e as necessidades do consumidor ou usu\u00e1rio.<\/p>","protected":false},"author":1,"featured_media":62547,"parent":14567,"menu_order":47,"comment_status":"closed","ping_status":"closed","template":"","meta":{"footnotes":""},"class_list":["post-47069","page","type-page","status-publish","has-post-thumbnail"],"_links":{"self":[{"href":"https:\/\/www.sisinternational.com\/pt\/wp-json\/wp\/v2\/pages\/47069","targetHints":{"allow":["GET"]}}],"collection":[{"href":"https:\/\/www.sisinternational.com\/pt\/wp-json\/wp\/v2\/pages"}],"about":[{"href":"https:\/\/www.sisinternational.com\/pt\/wp-json\/wp\/v2\/types\/page"}],"author":[{"embeddable":true,"href":"https:\/\/www.sisinternational.com\/pt\/wp-json\/wp\/v2\/users\/1"}],"replies":[{"embeddable":true,"href":"https:\/\/www.sisinternational.com\/pt\/wp-json\/wp\/v2\/comments?post=47069"}],"version-history":[{"count":17,"href":"https:\/\/www.sisinternational.com\/pt\/wp-json\/wp\/v2\/pages\/47069\/revisions"}],"predecessor-version":[{"id":81160,"href":"https:\/\/www.sisinternational.com\/pt\/wp-json\/wp\/v2\/pages\/47069\/revisions\/81160"}],"up":[{"embeddable":true,"href":"https:\/\/www.sisinternational.com\/pt\/wp-json\/wp\/v2\/pages\/14567"}],"wp:featuredmedia":[{"embeddable":true,"href":"https:\/\/www.sisinternational.com\/pt\/wp-json\/wp\/v2\/media\/62547"}],"wp:attachment":[{"href":"https:\/\/www.sisinternational.com\/pt\/wp-json\/wp\/v2\/media?parent=47069"}],"curies":[{"name":"wp","href":"https:\/\/api.w.org\/{rel}","templated":true}]}}