{"id":47039,"date":"2024-03-20T22:10:02","date_gmt":"2024-03-21T02:10:02","guid":{"rendered":"https:\/\/www.sisinternational.com\/?page_id=47039"},"modified":"2026-01-27T16:50:35","modified_gmt":"2026-01-27T21:50:35","slug":"consultoria-em-automacao-de-ar","status":"publish","type":"page","link":"https:\/\/www.sisinternational.com\/pt\/solucoes\/pesquisa-de-mercado-de-ia-e-consultoria-estrategica\/consultoria-em-automacao-de-ar\/","title":{"rendered":"Consultoria em automa\u00e7\u00e3o AR"},"content":{"rendered":"<h1 class=\"wp-block-heading\">Consultoria em automa\u00e7\u00e3o AR<\/h1>\n\n\n\n<figure class=\"gb-block-image gb-block-image-5421e5fd\"><img loading=\"lazy\" decoding=\"async\" width=\"1456\" height=\"816\" class=\"gb-image gb-image-5421e5fd\" src=\"https:\/\/www.sisinternational.com\/wp-content\/uploads\/2025\/08\/Medical-dewvice-2.jpg\" alt=\"Pesquisa e Estrat\u00e9gia de Mercado Internacional da SIS\" title=\"Medical dewvice (2)\" srcset=\"https:\/\/www.sisinternational.com\/wp-content\/uploads\/2025\/08\/Medical-dewvice-2.jpg 1456w, https:\/\/www.sisinternational.com\/wp-content\/uploads\/2025\/08\/Medical-dewvice-2-300x168.jpg 300w, https:\/\/www.sisinternational.com\/wp-content\/uploads\/2025\/08\/Medical-dewvice-2-1024x574.jpg 1024w, https:\/\/www.sisinternational.com\/wp-content\/uploads\/2025\/08\/Medical-dewvice-2-768x430.jpg 768w, https:\/\/www.sisinternational.com\/wp-content\/uploads\/2025\/08\/Medical-dewvice-2-18x10.jpg 18w\" sizes=\"auto, (max-width: 1456px) 100vw, 1456px\"><\/figure>\n\n\n\n<hr class=\"wp-block-separator has-alpha-channel-opacity is-style-dots\"\/>\n\n\n\n<p><span style=\"font-size: inherit;\">A mudan\u00e7a de processos tradicionais de AR manuais para sistemas automatizados requer uma abordagem cuidadosa ao treinamento de funcion\u00e1rios, redesenho do fluxo de trabalho e comunica\u00e7\u00e3o com as partes interessadas \u2013 e a consultoria de automa\u00e7\u00e3o de AR garante interrup\u00e7\u00f5es m\u00ednimas e maximiza a ado\u00e7\u00e3o pelos usu\u00e1rios.<\/span><\/p>\n\n\n\n<p>How can companies streamline their operations to ensure efficiency, accuracy, and scalability? Enter AR automation consulting is a transformative approach that revolutionizes accounts receivable processes, propelling businesses into the future of financial management. This consulting simplifies the receivables process and unlocks new avenues for growth, resilience, and competitive advantage in an increasingly digital world.<\/p>\n\n\n\n<h2 class=\"wp-block-heading\">What Is AR automation consulting?<\/h2>\n\n\n\n<p>AR automation consulting involves strategically implementing software solutions designed to automate and optimize the accounts receivable process, from invoice generation to payment collection. This field is driven by improving cash flow, reducing manual errors, and enhancing operational efficiency.<\/p>\n\n\n\n<p>Moreover, the role of AR automation consulting extends beyond the mere selection of software. Consultants comprehensively assess a company&#8217;s current AR processes, identifying bottlenecks, inefficiencies, and error-prone areas.<\/p>\n\n\n\n<h2 class=\"wp-block-heading\">Por que isso \u00e9 importante?&nbsp;<\/h2>\n\n\n\n<figure class=\"gb-block-image gb-block-image-dfe777d2\"><img loading=\"lazy\" decoding=\"async\" width=\"1456\" height=\"816\" class=\"gb-image gb-image-dfe777d2\" src=\"https:\/\/www.sisinternational.com\/wp-content\/uploads\/2025\/08\/Virtual-nurse-1.jpg\" alt=\"Pesquisa e Estrat\u00e9gia de Mercado Internacional da SIS\" title=\"Virtual nurse (1)\" srcset=\"https:\/\/www.sisinternational.com\/wp-content\/uploads\/2025\/08\/Virtual-nurse-1.jpg 1456w, https:\/\/www.sisinternational.com\/wp-content\/uploads\/2025\/08\/Virtual-nurse-1-300x168.jpg 300w, https:\/\/www.sisinternational.com\/wp-content\/uploads\/2025\/08\/Virtual-nurse-1-1024x574.jpg 1024w, https:\/\/www.sisinternational.com\/wp-content\/uploads\/2025\/08\/Virtual-nurse-1-768x430.jpg 768w, https:\/\/www.sisinternational.com\/wp-content\/uploads\/2025\/08\/Virtual-nurse-1-18x10.jpg 18w\" sizes=\"auto, (max-width: 1456px) 100vw, 1456px\"><\/figure>\n\n\n\n<p><\/p>\n\n\n\n<p>Esta an\u00e1lise informa a customiza\u00e7\u00e3o de solu\u00e7\u00f5es de automa\u00e7\u00e3o que se alinham com as estrat\u00e9gias financeiras da empresa, pol\u00edticas de envolvimento do cliente e objetivos de crescimento de longo prazo. A \u00eanfase est\u00e1 na cria\u00e7\u00e3o de um sistema escal\u00e1vel e flex\u00edvel que possa se adaptar \u00e0 evolu\u00e7\u00e3o dos modelos de neg\u00f3cios e \u00e0s demandas do mercado.<\/p>\n\n\n\n<p>One of the primary reasons businesses seek AR automation <a href=\"https:\/\/www.sisinternational.com\/pt\/solucoes\/pesquisa-de-mercado-de-ia-e-consultoria-estrategica\/consultoria-de-inteligencia-artificial-de-automacao-de-gerenciamento-de-mudancas\/\" title=\"Automa\u00e7\u00e3o de gerenciamento de mudan\u00e7as e consultoria de IA\"  data-wpil-monitor-id=\"7617\">consultando<\/a> is the drive to improve cash flow management. Slow and error-prone manual invoicing and collections can significantly delay payments, affecting a company&#8217;s liquidity and financial stability. AR automation introduces efficiencies that speed up the billing cycle, reduce errors, and ensure faster payment processing.<\/p>\n\n\n\n<p>Al\u00e9m disso, a consultoria de automa\u00e7\u00e3o de AR ajuda as empresas a aproveitar dados financeiros para obter insights sobre o comportamento do cliente, tend\u00eancias de pagamento e riscos financeiros potenciais. Os sistemas automatizados de AR podem fornecer an\u00e1lises e relat\u00f3rios em tempo real, permitindo que as empresas tomem decis\u00f5es informadas, prevejam o fluxo de caixa com mais precis\u00e3o e adaptem as suas pol\u00edticas de cr\u00e9dito para mitigar o risco. Esse uso estrat\u00e9gico de dados aprimora o planejamento financeiro e o gerenciamento do relacionamento com o cliente.<\/p>\n\n\n\n<h2 class=\"wp-block-heading\">What Are the Benefits of Conducting AR Automation Consulting?<\/h2>\n\n\n\n<p>A implementa\u00e7\u00e3o da automa\u00e7\u00e3o AR traz m\u00faltiplos benef\u00edcios para empresas que buscam modernizar suas opera\u00e7\u00f5es financeiras. Essas vantagens agilizam os processos de contas a receber e contribuem para objetivos estrat\u00e9gicos mais amplos, melhorando o desempenho geral do neg\u00f3cio. Confira abaixo os principais benef\u00edcios:<\/p>\n\n\n\n<ul class=\"wp-block-list\">\n<li><strong>Fluxo de caixa aprimorado:<\/strong> By accelerating invoice processing and payments, AR automation reduces days sales outstanding (DSO), enhancing a business&#8217;s liquidity and cash flow.<\/li>\n\n\n\n<li><strong>Efici\u00eancia aprimorada:<\/strong> A automatiza\u00e7\u00e3o de tarefas rotineiras libera os membros da equipe financeira para se concentrarem em atividades mais estrat\u00e9gicas. Esta mudan\u00e7a aumenta a produtividade e contribui para a satisfa\u00e7\u00e3o dos funcion\u00e1rios, aliviando a carga do trabalho manual repetitivo.<\/li>\n\n\n\n<li><strong>Escalabilidade:<\/strong> As solu\u00e7\u00f5es de automa\u00e7\u00e3o de AR podem se adaptar facilmente aos crescentes volumes de transa\u00e7\u00f5es e \u00e0s crescentes necessidades de neg\u00f3cios. Esta escalabilidade garante que as empresas possam expandir-se sem serem limitadas pela sua infraestrutura de opera\u00e7\u00f5es financeiras.<\/li>\n\n\n\n<li><strong>Maior satisfa\u00e7\u00e3o do cliente:<\/strong> Os sistemas automatizados fornecem faturamento mais oportuno e preciso, bem como op\u00e7\u00f5es de pagamento flex\u00edveis, melhorando a experi\u00eancia geral do cliente. Al\u00e9m disso, com dados mais precisos, as empresas podem oferecer atendimento e suporte personalizados, melhorando ainda mais o relacionamento com os clientes.<\/li>\n\n\n\n<li><strong>Insights baseados em dados:<\/strong> As ferramentas de automa\u00e7\u00e3o de AR oferecem recursos avan\u00e7ados de an\u00e1lise e relat\u00f3rios, fornecendo \u00e0s empresas informa\u00e7\u00f5es valiosas sobre padr\u00f5es de pagamento, comportamento do cliente e riscos financeiros.<\/li>\n<\/ul>\n\n\n\n<h2 class=\"wp-block-heading\">When to Conduct AR Automation Consulting?<\/h2>\n\n\n\n<figure class=\"gb-block-image gb-block-image-7f7d6c0b\"><img loading=\"lazy\" decoding=\"async\" width=\"1456\" height=\"816\" class=\"gb-image gb-image-7f7d6c0b\" src=\"https:\/\/www.sisinternational.com\/wp-content\/uploads\/2025\/08\/Medical-dewvice-4.jpg\" alt=\"Pesquisa e Estrat\u00e9gia de Mercado Internacional da SIS\" title=\"Medical dewvice (4)\" srcset=\"https:\/\/www.sisinternational.com\/wp-content\/uploads\/2025\/08\/Medical-dewvice-4.jpg 1456w, https:\/\/www.sisinternational.com\/wp-content\/uploads\/2025\/08\/Medical-dewvice-4-300x168.jpg 300w, https:\/\/www.sisinternational.com\/wp-content\/uploads\/2025\/08\/Medical-dewvice-4-1024x574.jpg 1024w, https:\/\/www.sisinternational.com\/wp-content\/uploads\/2025\/08\/Medical-dewvice-4-768x430.jpg 768w, https:\/\/www.sisinternational.com\/wp-content\/uploads\/2025\/08\/Medical-dewvice-4-18x10.jpg 18w\" sizes=\"auto, (max-width: 1456px) 100vw, 1456px\"><\/figure>\n\n\n\n<p><\/p>\n\n\n\n<p>Deciding when to engage in AR automation consulting is crucial for businesses aiming to optimize their financial operations effectively. The transition to an automated accounts receivable process should be timely, aligning with the organization&#8217;s growth trajectory and operational needs.<\/p>\n\n\n\n<p>Here are several key indicators that signal the need for AR automation consulting:<\/p>\n\n\n\n<ul class=\"wp-block-list\">\n<li><strong>Aumento dos volumes de transa\u00e7\u00f5es:<\/strong> \u00c0 medida que uma empresa cresce, a gest\u00e3o manual do n\u00famero crescente de transa\u00e7\u00f5es torna-se ineficiente e propensa a erros. Quando o volume de faturas e pagamentos sobrecarrega a equipe financeira, \u00e9 hora de considerar a automa\u00e7\u00e3o.<\/li>\n\n\n\n<li><strong>Preocupa\u00e7\u00f5es com o fluxo de caixa:<\/strong> If managing cash flow becomes a challenge, with payment delays affecting the business&#8217;s overall financial health, AR automation can provide a solution by streamlining billing and collections processes.<\/li>\n\n\n\n<li><strong>Opera\u00e7\u00f5es de escalonamento:<\/strong> As empresas que planeiam escalar atrav\u00e9s da oferta de novos produtos ou servi\u00e7os devem considerar a automatiza\u00e7\u00e3o da AR para garantir que as suas opera\u00e7\u00f5es financeiras possam suportar este crescimento sem se tornarem num estrangulamento.<\/li>\n\n\n\n<li><strong>Problemas de satisfa\u00e7\u00e3o do cliente:<\/strong> Se erros de faturamento ou atrasos no processamento de pagamentos levarem \u00e0 insatisfa\u00e7\u00e3o do cliente, a automa\u00e7\u00e3o de AR pode resolver esses problemas, garantindo precis\u00e3o e efici\u00eancia no faturamento e no processamento de pagamentos.<\/li>\n\n\n\n<li><strong>Necessidade de melhores insights financeiros:<\/strong> As empresas que buscam insights mais profundos sobre suas opera\u00e7\u00f5es financeiras, comportamentos de pagamento de clientes ou gerenciamento de riscos se beneficiar\u00e3o dos recursos de an\u00e1lise de dados fornecidos pelas solu\u00e7\u00f5es de automa\u00e7\u00e3o de AR.<\/li>\n<\/ul>\n\n\n\n<h2 class=\"wp-block-heading\">Critical Factors<\/h2>\n\n\n\n<p>Para que uma implementa\u00e7\u00e3o de automa\u00e7\u00e3o de AR seja bem-sucedida, certos fatores cr\u00edticos de sucesso devem ser cuidadosamente considerados e abordados. Estes factores s\u00e3o fundamentais para garantir uma transi\u00e7\u00e3o suave para processos automatizados, alcan\u00e7ar os resultados desejados e obter benef\u00edcios a longo prazo. Aqui est\u00e1 uma vis\u00e3o geral desses elementos essenciais:<\/p>\n\n\n\n<ul class=\"wp-block-list\">\n<li><strong>Objetivos e expectativas claros:<\/strong> Before embarking on AR automation, businesses must define clear goals for what they aim to achieve through automation.<\/li>\n\n\n\n<li><strong>Patroc\u00ednio executivo e ades\u00e3o das partes interessadas:<\/strong> A implementa\u00e7\u00e3o bem sucedida requer um forte apoio da gest\u00e3o s\u00e9nior e a ades\u00e3o de todas as partes interessadas envolvidas no processo de AR. O patroc\u00ednio executivo garante que o projeto receba os recursos e a aten\u00e7\u00e3o necess\u00e1rios, enquanto a ades\u00e3o das partes interessadas facilita a ado\u00e7\u00e3o pelos usu\u00e1rios e a integra\u00e7\u00e3o operacional.<\/li>\n\n\n\n<li><strong>Sele\u00e7\u00e3o da solu\u00e7\u00e3o tecnol\u00f3gica certa:<\/strong> A escolha do software de automa\u00e7\u00e3o AR apropriado \u00e9 fundamental. A solu\u00e7\u00e3o selecionada deve estar alinhada com as necessidades espec\u00edficas da empresa, integrar-se perfeitamente aos sistemas financeiros existentes e oferecer escalabilidade para crescimento futuro.<\/li>\n\n\n\n<li><strong>Qualidade e integridade dos dados:<\/strong> O sucesso da automa\u00e7\u00e3o de AR depende da qualidade e precis\u00e3o dos dados inseridos no sistema. Garantir a integridade dos dados e resolver problemas de qualidade dos dados antes da implementa\u00e7\u00e3o \u00e9 crucial para uma automa\u00e7\u00e3o eficaz.<\/li>\n\n\n\n<li><strong>Monitoramento Regular e Melhoria Cont\u00ednua:<\/strong> After implementation, monitoring the system\u2019s performance against set objectives is necessary. Continuous improvement efforts should be made based on feedback and performance data to optimize the AR process further.<\/li>\n<\/ul>\n\n\n\n<h2 class=\"wp-block-heading\">The Benefits of Working with SIS AR Automation Consulting<\/h2>\n\n\n\n<p>Engaging with SIS for AR automation consulting positions businesses to achieve significant and measurable outcomes from their automation initiatives. SIS\u2019s comprehensive approach ensures <a class=\"wpil_keyword_link\" href=\"https:\/\/www.sisinternational.com\/pt\/pericia\/clientes\/\"   title=\"Nossos clientes\" data-wpil-keyword-link=\"linked\"  data-wpil-monitor-id=\"554\">clientes<\/a> implement the right solutions and align their AR processes with strategic business objectives.<\/p>\n\n\n\n<p>Aqui est\u00e3o os resultados esperados:<\/p>\n\n\n\n<ul class=\"wp-block-list\">\n<li><strong>Vendas pendentes em dias reduzidos (DSO):<\/strong> Uma diminui\u00e7\u00e3o not\u00e1vel no DSO \u00e9 o resultado principal de uma consultoria eficaz. Essa melhoria significa uma convers\u00e3o mais r\u00e1pida dos receb\u00edveis em caixa, melhorando a liquidez e a sa\u00fade financeira da empresa.<\/li>\n\n\n\n<li><strong>Maior satisfa\u00e7\u00e3o do cliente:<\/strong> Os sistemas automatizados de faturamento e pagamento oferecem aos clientes uma experi\u00eancia mais simplificada e f\u00e1cil de usar. O faturamento oportuno e preciso e as op\u00e7\u00f5es de pagamento flex\u00edveis contribuem para melhorar a satisfa\u00e7\u00e3o e a fidelidade do cliente.<\/li>\n\n\n\n<li><strong>Insights baseados em dados para tomada de decis\u00f5es estrat\u00e9gicas:<\/strong> As solu\u00e7\u00f5es de automa\u00e7\u00e3o AR fornecem acesso a dados e an\u00e1lises financeiras em tempo real. As empresas podem aproveitar esses insights para melhorar a previs\u00e3o, o gerenciamento de riscos e o planejamento estrat\u00e9gico, apoiando a tomada de decis\u00f5es informadas.<\/li>\n\n\n\n<li><strong>Escalabilidade para crescimento futuro:<\/strong> A consultoria de automa\u00e7\u00e3o de AR da SIS garante que as solu\u00e7\u00f5es implementadas sejam escal\u00e1veis e possam acomodar o crescimento futuro dos neg\u00f3cios sem exigir investimento adicional significativo ou revis\u00e3o do processo de AR.<\/li>\n<\/ul>\n\n\n\n<h2 class=\"wp-block-heading\">Ind\u00fastrias<\/h2>\n\n\n\n<figure class=\"wp-block-image\"><img decoding=\"async\" src=\"https:\/\/www.sisinternational.com\/wp-content\/uploads\/2025\/06\/AI-37.jpg\" alt=\"Pesquisa e Estrat\u00e9gia de Mercado Internacional da SIS\" class=\"wp-image-60054\"><\/figure>\n\n\n\n<p><\/p>\n\n\n\n<p>A consultoria em automa\u00e7\u00e3o AR n\u00e3o se limita a um setor espec\u00edfico; abrange v\u00e1rios setores, cada um com desafios e oportunidades \u00fanicos. A implementa\u00e7\u00e3o de solu\u00e7\u00f5es de automa\u00e7\u00e3o de AR adaptadas \u00e0s necessidades espec\u00edficas dessas ind\u00fastrias pode gerar melhorias significativas na efici\u00eancia, no fluxo de caixa e no relacionamento com os clientes. Aqui est\u00e3o os principais setores onde a consultoria de automa\u00e7\u00e3o AR desempenha um papel fundamental:<\/p>\n\n\n\n<ul class=\"wp-block-list\">\n<li><strong>Fabrica\u00e7\u00e3o:<\/strong> Na ind\u00fastria de manufatura, a automa\u00e7\u00e3o de AR pode agilizar processos, reduzir erros e melhorar o gerenciamento do fluxo de caixa. Empresas como a General Electric e a Siemens beneficiam da automatiza\u00e7\u00e3o da AR, garantindo uma fatura\u00e7\u00e3o precisa e ciclos de pagamento mais r\u00e1pidos, cruciais para manter a efici\u00eancia operacional e o investimento em inova\u00e7\u00e3o.<\/li>\n\n\n\n<li><strong>Varejo:<\/strong> For retail giants such as Walmart and Amazon, managing a high volume of transactions efficiently is essential. AR automation <a href=\"https:\/\/www.sisinternational.com\/pt\/solucoes\/pesquisa-de-consultoria-em-estrategia-fintech\/consultoria-em-cofre-de-pagamentos\/\" title=\"Consultoria em cofre de pagamentos\"  data-wpil-monitor-id=\"4813\">consulting helps these companies to process payments<\/a> swiftly, manage returns and credits effectively, and provide superior customer service, enhancing customer loyalty and driving sales.<\/li>\n\n\n\n<li><strong>Assist\u00eancia m\u00e9dica:<\/strong> Os prestadores de cuidados de sa\u00fade, incluindo hospitais e empresas farmac\u00eauticas como a Johnson &amp; Johnson e a Pfizer, enfrentam desafios \u00fanicos de fatura\u00e7\u00e3o e processamento de reclama\u00e7\u00f5es de seguros. Essa consultoria permite que essas entidades gerenciem o faturamento dos pacientes com mais efici\u00eancia, reduzam as recusas de sinistros e garantam a conformidade com regulamenta\u00e7\u00f5es complexas de sa\u00fade.<\/li>\n\n\n\n<li><strong>Tecnologia e Software:<\/strong> Para empresas de tecnologia e desenvolvedores de software como Microsoft e Adobe, modelos baseados em assinatura e vendas internacionais introduzem complexidades de cobran\u00e7a e reconhecimento de receitas. A consultoria auxilia essas empresas no gerenciamento de faturamento recorrente, no manuseio de diversas moedas e no fornecimento de faturas claras e oportunas aos clientes, promovendo relacionamentos s\u00f3lidos com os clientes e fluxos de receita previs\u00edveis.<\/li>\n<\/ul>\n\n\n\n<h2 class=\"wp-block-heading\">Why SIS AR Automation Consulting<\/h2>\n\n\n\n<p>SIS International\u2019s AR <a href=\"https:\/\/www.sisinternational.com\/pt\/solucoes\/pesquisa-de-mercado-de-ia-e-consultoria-estrategica\/consultoria-de-ia-em-automacao-de-servicos-de-bens-de-consumo\/\" title=\"Automa\u00e7\u00e3o de bens de consumo e servi\u00e7os e consultoria em IA\"  data-wpil-monitor-id=\"3882\">automation consulting services<\/a> empower businesses across various industries to revolutionize their accounts receivable processes. SIS International helps clients achieve operational efficiency, financial optimization, and strategic growth. Here&#8217;s how our consulting services bring <a class=\"wpil_keyword_link\" href=\"https:\/\/www.sisinternational.com\/pt\/sobre-a-sis-international-research\/\"   title=\"Sobre n\u00f3s\" data-wpil-keyword-link=\"linked\"  data-wpil-monitor-id=\"552\">about<\/a> transformational change:<\/p>\n\n\n\n<ul class=\"wp-block-list\">\n<li><strong>Design de solu\u00e7\u00e3o sob medida:<\/strong> SIS International recognizes that each business has unique challenges and objectives. Its consultants meticulously assess the client&#8217;s current AR processes, identify inefficiencies, and design automation solutions that are precisely tailored to meet those specific needs.<\/li>\n\n\n\n<li><strong>Apoio \u00e0 implementa\u00e7\u00e3o estrat\u00e9gica:<\/strong> Transitioning to an automated AR system can be complex. SIS provides comprehensive support throughout the implementation phase, ensuring minimal disruption to daily operations.&nbsp;<\/li>\n\n\n\n<li><strong>Treinamento e gerenciamento de mudan\u00e7as:<\/strong> A key aspect of <a href=\"https:\/\/www.linkedin.com\/company\/sisinternationalresearch\/\" target=\"_blank\" rel=\"noopener\">SIS Internacional<\/a>\u2019s services is its focus on training and change management. Recognizing that the success of AR automation depends on user adoption, SIS offers extensive staff training, ensuring they are proficient in using the new system.<\/li>\n\n\n\n<li><strong>An\u00e1lise de dados e insights:<\/strong> With AR automation, businesses access valuable data that can drive strategic decision-making. SIS International helps clients leverage this data, offering analytics services that provide insights into payment patterns, customer behavior, and financial trends.&nbsp;<\/li>\n<\/ul>\n\n\n\n<div class=\"is-root-container is-desktop-preview is-layout-flow wp-block-post-content block-editor-block-list__layout\" spellcheck=\"false\">\n<div id=\"block-37fdf129-2515-4c97-9c3a-bd8432dd582f\" class=\"block-editor-block-list__block wp-block is-selected wp-block-freeform\" tabindex=\"0\" role=\"document\" aria-label=\"Block: Classic\" data-block=\"37fdf129-2515-4c97-9c3a-bd8432dd582f\" data-type=\"core\/freeform\" data-title=\"Classic\">\n<div id=\"editor-37fdf129-2515-4c97-9c3a-bd8432dd582f\" class=\"wp-block-freeform block-library-rich-text__tinymce mce-content-body html5-captions mce-edit-focus\" style=\"position: relative;\" contenteditable=\"true\">\n<h2>Localiza\u00e7\u00e3o de nossas instala\u00e7\u00f5es em Nova York<\/h2>\n<p>\n\n\n\n<iframe loading=\"lazy\" src=\"https:\/\/www.google.com\/maps\/embed?pb=!1m18!1m12!1m3!1d3022.976188376966!2d-73.99130312499956!3d40.740549471389315!2m3!1f0!2f0!3f0!3m2!1i1024!2i768!4f13.1!3m3!1m2!1s0x89c259a15798c731%3A0xd695d09bdd495f25!2s11%20E%2022nd%20St%20FL%202%2C%20New%20York%2C%20NY%2010010%2C%20USA!5e0!3m2!1sen!2spe!4v1726171763526!5m2!1sen!2spe\" width=\"600\" height=\"450\" allowfullscreen=\"allowfullscreen\" data-mce-fragment=\"1\"><\/iframe>\n\n\n\n<\/p>\n<h3 class=\"wp-block-heading\">11 E 22nd Street, 2\u00ba andar, Nova York, NY 10010 T: +1(212) 505-6805<\/h3>\n<hr>\n<h2><span style=\"font-weight: 400;\">Sobre SIS Internacional<\/span><\/h2>\n<p><a href=\"https:\/\/www.sisinternational.com\/pt\/\"><span style=\"font-weight: 400;\">SIS Internacional<\/span><\/a><span style=\"font-weight: 400;\"> offers Quantitative, Qualitative, and Strategy Research. We provide data, tools, strategies, reports, and insights for decision-making. We also conduct interviews, surveys, focus groups, and other <a class=\"wpil_keyword_link\" href=\"https:\/\/www.sisinternational.com\/pt\/estudos-de-caso\/\" title=\"Estudos de caso\" data-wpil-keyword-link=\"linked\" data-wpil-monitor-id=\"553\">Pesquisa de mercado<\/a> methods and approaches.<\/span><a href=\"https:\/\/www.sisinternational.com\/pt\/sobre-a-sis-international-research\/contact-sis-international-market-research\/\"><span style=\"font-weight: 400;\"> Entre em contato conosco<\/span><\/a><span style=\"font-weight: 400;\"> para o seu pr\u00f3ximo projeto de pesquisa de mercado.<\/span><\/p>\n<hr><\/div>\n<\/div>\n<\/div>","protected":false},"excerpt":{"rendered":"<p>A consultoria de automa\u00e7\u00e3o AR implementa estrategicamente solu\u00e7\u00f5es de software projetadas para automatizar e otimizar o processo de contas a receber.<\/p>","protected":false},"author":1,"featured_media":63845,"parent":44406,"menu_order":77,"comment_status":"closed","ping_status":"closed","template":"","meta":{"footnotes":""},"class_list":["post-47039","page","type-page","status-publish","has-post-thumbnail"],"_links":{"self":[{"href":"https:\/\/www.sisinternational.com\/pt\/wp-json\/wp\/v2\/pages\/47039","targetHints":{"allow":["GET"]}}],"collection":[{"href":"https:\/\/www.sisinternational.com\/pt\/wp-json\/wp\/v2\/pages"}],"about":[{"href":"https:\/\/www.sisinternational.com\/pt\/wp-json\/wp\/v2\/types\/page"}],"author":[{"embeddable":true,"href":"https:\/\/www.sisinternational.com\/pt\/wp-json\/wp\/v2\/users\/1"}],"replies":[{"embeddable":true,"href":"https:\/\/www.sisinternational.com\/pt\/wp-json\/wp\/v2\/comments?post=47039"}],"version-history":[{"count":13,"href":"https:\/\/www.sisinternational.com\/pt\/wp-json\/wp\/v2\/pages\/47039\/revisions"}],"predecessor-version":[{"id":81240,"href":"https:\/\/www.sisinternational.com\/pt\/wp-json\/wp\/v2\/pages\/47039\/revisions\/81240"}],"up":[{"embeddable":true,"href":"https:\/\/www.sisinternational.com\/pt\/wp-json\/wp\/v2\/pages\/44406"}],"wp:featuredmedia":[{"embeddable":true,"href":"https:\/\/www.sisinternational.com\/pt\/wp-json\/wp\/v2\/media\/63845"}],"wp:attachment":[{"href":"https:\/\/www.sisinternational.com\/pt\/wp-json\/wp\/v2\/media?parent=47039"}],"curies":[{"name":"wp","href":"https:\/\/api.w.org\/{rel}","templated":true}]}}