{"id":46997,"date":"2024-03-20T00:28:49","date_gmt":"2024-03-20T04:28:49","guid":{"rendered":"https:\/\/www.sisinternational.com\/?page_id=46997"},"modified":"2026-03-25T20:19:14","modified_gmt":"2026-03-26T00:19:14","slug":"pesquisa-de-due-diligence-em-fusoes-e-aquisicoes","status":"publish","type":"page","link":"https:\/\/www.sisinternational.com\/pt\/solucoes\/pesquisa-de-due-diligence-em-fusoes-e-aquisicoes\/","title":{"rendered":"Pesquisa de Due Diligence de Fus\u00f5es e Aquisi\u00e7\u00f5es"},"content":{"rendered":"<h1 class=\"wp-block-heading\">Pesquisa de Due Diligence de Fus\u00f5es e Aquisi\u00e7\u00f5es<\/h1>\n\n\n\n<figure class=\"gb-block-image gb-block-image-7420f231\"><img loading=\"lazy\" decoding=\"async\" width=\"1456\" height=\"816\" class=\"gb-image gb-image-7420f231\" src=\"https:\/\/www.sisinternational.com\/wp-content\/uploads\/2025\/08\/B2B-2-5.jpg\" alt=\"Pesquisa e Estrat\u00e9gia de Mercado Internacional da SIS\" title=\"B2B 2 (5)\" srcset=\"https:\/\/www.sisinternational.com\/wp-content\/uploads\/2025\/08\/B2B-2-5.jpg 1456w, https:\/\/www.sisinternational.com\/wp-content\/uploads\/2025\/08\/B2B-2-5-300x168.jpg 300w, https:\/\/www.sisinternational.com\/wp-content\/uploads\/2025\/08\/B2B-2-5-1024x574.jpg 1024w, https:\/\/www.sisinternational.com\/wp-content\/uploads\/2025\/08\/B2B-2-5-768x430.jpg 768w, https:\/\/www.sisinternational.com\/wp-content\/uploads\/2025\/08\/B2B-2-5-18x10.jpg 18w\" sizes=\"auto, (max-width: 1456px) 100vw, 1456px\"><\/figure>\n\n\n\n<p><\/p>\n\n\n\n<hr class=\"wp-block-separator has-alpha-channel-opacity is-style-dots\"\/>\n\n\n\n<p>Numa era em que as alian\u00e7as estrat\u00e9gicas e as expans\u00f5es corporativas s\u00e3o comuns, a investiga\u00e7\u00e3o de due diligence em fus\u00f5es e aquisi\u00e7\u00f5es estabelece as bases para fus\u00f5es e aquisi\u00e7\u00f5es bem-sucedidas... Mas qual \u00e9 exatamente o papel desta investiga\u00e7\u00e3o e por que \u00e9 fundamental para as empresas?<\/p>\n\n\n\n<h2 class=\"wp-block-heading\">Compreendendo a pesquisa de due diligence em fus\u00f5es e aquisi\u00e7\u00f5es<\/h2>\n\n\n\n<p>A pesquisa de due diligence em fus\u00f5es e aquisi\u00e7\u00f5es \u00e9 um processo de avalia\u00e7\u00e3o abrangente que precede qualquer fus\u00e3o ou aquisi\u00e7\u00e3o corporativa. Esta pesquisa investiga as facetas operacionais, financeiras, jur\u00eddicas e estrat\u00e9gicas da empresa-alvo, com o objetivo de descobrir quaisquer riscos ou responsabilidades potenciais que possam impactar o sucesso do neg\u00f3cio. A natureza meticulosa desta investiga\u00e7\u00e3o garante que as empresas adquirentes estejam totalmente informadas sobre os seus investimentos potenciais, permitindo-lhes tomar decis\u00f5es bem fundamentadas.<\/p>\n\n\n\n<p>The process involves thoroughly examining the target company&#8217;s financial statements, legal contracts, operational processes, and market positioning. <a href=\"https:\/\/www.sisinternational.com\/pt\/solucoes\/consultoria-estrategica\/identificacao-de-alvos-de-fusoes-e-aquisicoes\/\" title=\"Pesquisa de Fus\u00f5es e Aquisi\u00e7\u00f5es\"  data-wpil-monitor-id=\"6945\">Mergers and acquisitions due diligence research<\/a> not only assesses the current health and viability of the business but also projects its future performance within the context of the acquiring company&#8217;s strategic goals.<\/p>\n\n\n\n<h2 class=\"wp-block-heading\">Por que as empresas precisam de pesquisas de due diligence em fus\u00f5es e aquisi\u00e7\u00f5es?<\/h2>\n\n\n\n<p>A pesquisa de due diligence em fus\u00f5es e aquisi\u00e7\u00f5es reduz o risco. Ao revelar as dimens\u00f5es financeiras, jur\u00eddicas, operacionais e estrat\u00e9gicas da empresa-alvo, as empresas podem identificar potenciais sinais de alerta ou problemas que possam comprometer o sucesso da transa\u00e7\u00e3o.<\/p>\n\n\n\n<p>Al\u00e9m disso, esta pesquisa facilita um processo de integra\u00e7\u00e3o p\u00f3s-aquisi\u00e7\u00e3o mais tranquilo. Compreender as nuances culturais, operacionais e estrat\u00e9gicas da empresa-alvo permite que as empresas adquirentes desenvolvam planos de integra\u00e7\u00e3o abrangentes que minimizem as interrup\u00e7\u00f5es e acelerem a realiza\u00e7\u00e3o de sinergias. Este trabalho preparat\u00f3rio \u00e9 fundamental para manter a continuidade dos neg\u00f3cios, o moral dos funcion\u00e1rios e a satisfa\u00e7\u00e3o do cliente durante o per\u00edodo de transi\u00e7\u00e3o.<\/p>\n\n\n\n<p>Al\u00e9m disso, permite que as empresas avaliem seu p\u00fablico-alvo com precis\u00e3o. Ao investigar a sa\u00fade financeira, as perspectivas de crescimento e o posicionamento de mercado da empresa, os adquirentes podem determinar uma avalia\u00e7\u00e3o justa e realista que reflita tanto o valor atual como o potencial futuro. Esta vis\u00e3o financeira \u00e9 crucial para estruturar um neg\u00f3cio que ofere\u00e7a valor justo a ambas as partes e apoie o sucesso a longo prazo da entidade resultante da fus\u00e3o.<\/p>\n\n\n\n<h2 class=\"wp-block-heading\">Quem usa pesquisas de due diligence em fus\u00f5es e aquisi\u00e7\u00f5es<\/h2>\n\n\n\n<p>Os Executivos Corporativos contam com pesquisas de due diligence para tomar decis\u00f5es informadas sobre poss\u00edveis fus\u00f5es ou aquisi\u00e7\u00f5es. Esta pesquisa fornece-lhes uma compreens\u00e3o abrangente da sa\u00fade financeira, efici\u00eancia operacional e posicionamento estrat\u00e9gico da empresa-alvo. Permite-lhes avaliar at\u00e9 que ponto o neg\u00f3cio potencial se alinha com a sua estrat\u00e9gia corporativa e objetivos de crescimento.<\/p>\n\n\n\n<p>Os banqueiros de investimento tamb\u00e9m utilizam esta investiga\u00e7\u00e3o como base dos seus servi\u00e7os de consultoria. Quer representem o comprador ou o vendedor, os banqueiros de investimento analisam as conclus\u00f5es da devida dilig\u00eancia para aconselhar sobre a estrutura\u00e7\u00e3o de neg\u00f3cios, avalia\u00e7\u00e3o e estrat\u00e9gias de negocia\u00e7\u00e3o, garantindo que os seus clientes tomam decis\u00f5es de investimento bem informadas.<\/p>\n\n\n\n<p>Os investidores em private equity s\u00e3o outro grupo significativo de usu\u00e1rios. Dado o seu foco na maximiza\u00e7\u00e3o do retorno do investimento, estes investidores dependem de uma devida dilig\u00eancia minuciosa para descobrir o verdadeiro valor dos potenciais alvos de aquisi\u00e7\u00e3o. Esta pesquisa os ajuda a identificar oportunidades de cria\u00e7\u00e3o de valor, avaliar riscos e determinar o potencial para melhorias operacionais e crescimento estrat\u00e9gico p\u00f3s-aquisi\u00e7\u00e3o.<\/p>\n\n\n\n<p>Al\u00e9m disso, os consultores jur\u00eddicos aproveitam a pesquisa de due diligence em fus\u00f5es e aquisi\u00e7\u00f5es para identificar quaisquer responsabilidades legais, obriga\u00e7\u00f5es contratuais ou quest\u00f5es regulat\u00f3rias associadas \u00e0 empresa-alvo. Essas informa\u00e7\u00f5es s\u00e3o cruciais para avaliar riscos jur\u00eddicos, garantir o cumprimento das leis e regulamentos pertinentes e aconselhar os clientes sobre os aspectos jur\u00eddicos da transa\u00e7\u00e3o.<\/p>\n\n\n\n<h2 class=\"wp-block-heading\">Resultados esperados da pesquisa de due diligence de fus\u00f5es e aquisi\u00e7\u00f5es da SIS<\/h2>\n\n\n\n<figure class=\"gb-block-image gb-block-image-f1a6353b\"><img loading=\"lazy\" decoding=\"async\" width=\"1456\" height=\"816\" class=\"gb-image gb-image-f1a6353b\" src=\"https:\/\/www.sisinternational.com\/wp-content\/uploads\/2025\/08\/Global-4.jpg\" alt=\"Pesquisa e Estrat\u00e9gia de Mercado Internacional da SIS\" title=\"Global (4)\" srcset=\"https:\/\/www.sisinternational.com\/wp-content\/uploads\/2025\/08\/Global-4.jpg 1456w, https:\/\/www.sisinternational.com\/wp-content\/uploads\/2025\/08\/Global-4-300x168.jpg 300w, https:\/\/www.sisinternational.com\/wp-content\/uploads\/2025\/08\/Global-4-1024x574.jpg 1024w, https:\/\/www.sisinternational.com\/wp-content\/uploads\/2025\/08\/Global-4-768x430.jpg 768w, https:\/\/www.sisinternational.com\/wp-content\/uploads\/2025\/08\/Global-4-18x10.jpg 18w\" sizes=\"auto, (max-width: 1456px) 100vw, 1456px\"><\/figure>\n\n\n\n<p><\/p>\n\n\n\n<p>Ao contratar a SIS International para pesquisas de due diligence em fus\u00f5es e aquisi\u00e7\u00f5es, os clientes podem antecipar um conjunto abrangente de descobertas que iluminam a natureza multifacetada de poss\u00edveis transa\u00e7\u00f5es de fus\u00f5es e aquisi\u00e7\u00f5es. A abordagem do SIS garante que as empresas estejam equipadas com o conhecimento profundo necess\u00e1rio para navegar pelas complexidades das fus\u00f5es e aquisi\u00e7\u00f5es, orientando, em \u00faltima an\u00e1lise, decis\u00f5es estrat\u00e9gicas e facilitando integra\u00e7\u00f5es bem-sucedidas.<\/p>\n\n\n\n<ul class=\"wp-block-list\">\n<li><strong>An\u00e1lise Financeira Abrangente:<\/strong> Um exame detalhado da sa\u00fade financeira da empresa-alvo est\u00e1 no centro da devida dilig\u00eancia do SIS. Os clientes podem esperar insights sobre os fluxos de receita, lucratividade, estabilidade do fluxo de caixa e passivos financeiros da empresa. Esta an\u00e1lise revela a robustez financeira do alvo, destacando quaisquer \u00e1reas de preocupa\u00e7\u00e3o que possam afetar o valor da transa\u00e7\u00e3o.<\/li>\n\n\n\n<li><strong>Revis\u00e3o da efic\u00e1cia operacional:<\/strong> O SIS investiga os aspectos operacionais da empresa-alvo, avaliando sua efici\u00eancia, escalabilidade e infraestrutura tecnol\u00f3gica. Esta revis\u00e3o identifica pontos fortes e fracos operacionais, mostrando claramente a capacidade de integra\u00e7\u00e3o e crescimento da empresa nas opera\u00e7\u00f5es da entidade adquirente.<\/li>\n\n\n\n<li><strong>Avalia\u00e7\u00e3o de conformidade legal e regulat\u00f3ria:<\/strong> Compreender o cen\u00e1rio jur\u00eddico \u00e9 crucial nas transa\u00e7\u00f5es de fus\u00f5es e aquisi\u00e7\u00f5es. A pesquisa do SIS avalia minuciosamente a conformidade da empresa-alvo com as leis e regulamentos relevantes, direitos de propriedade intelectual, obriga\u00e7\u00f5es contratuais e potenciais riscos de lit\u00edgio. Isso garante que os clientes conhe\u00e7am as considera\u00e7\u00f5es legais que podem impactar o neg\u00f3cio.<\/li>\n\n\n\n<li><strong>An\u00e1lise do Potencial de Ajuste Estrat\u00e9gico e Sinergia:<\/strong> Al\u00e9m das m\u00e9tricas financeiras e operacionais, o SIS avalia o qu\u00e3o bem a empresa-alvo se alinha com os objetivos estrat\u00e9gicos do cliente e identifica potenciais sinergias. Esta an\u00e1lise oferece um roteiro para integrar a empresa-alvo e maximizar o valor da entidade combinada.<\/li>\n\n\n\n<li><strong>Vis\u00e3o geral do mercado e do cen\u00e1rio competitivo:<\/strong> O SIS oferece uma vis\u00e3o aprofundada do posicionamento de mercado, do ambiente competitivo e das tend\u00eancias do setor do alvo. Essa perspectiva de mercado mais ampla ajuda os clientes a compreender o potencial de crescimento e vantagem competitiva da empresa-alvo no cen\u00e1rio mais amplo do setor.<\/li>\n<\/ul>\n\n\n\n<h2 class=\"wp-block-heading\">Oportunidades<\/h2>\n\n\n\n<p>Mergers and acquisitions due diligence <a class=\"wpil_keyword_link\" href=\"https:\/\/www.sisinternational.com\/pt\/solucoes\/\"   title=\"Solu\u00e7\u00f5es\" data-wpil-keyword-link=\"linked\"  data-wpil-monitor-id=\"558\">pesquisa de mercado<\/a> offers several opportunities for businesses, including:<\/p>\n\n\n\n<ul class=\"wp-block-list\">\n<li><strong>Identifica\u00e7\u00e3o de valor:<\/strong> A pesquisa de due diligence pode revelar valor oculto na empresa-alvo, como ativos subutilizados, mercados inexplorados ou tecnologias inovadoras. Isto pode ajudar a empresa adquirente a identificar sinergias e oportunidades de crescimento que podem n\u00e3o ser imediatamente aparentes.<\/li>\n\n\n\n<li><strong>Alinhamento estrat\u00e9gico:<\/strong> Pesquisar os objetivos estrat\u00e9gicos, a cultura e as pr\u00e1ticas operacionais da empresa-alvo pode ajudar a avaliar a compatibilidade entre as duas empresas. Isto \u00e9 crucial para garantir uma integra\u00e7\u00e3o bem-sucedida e alcan\u00e7ar objetivos estrat\u00e9gicos de longo prazo.<\/li>\n\n\n\n<li><strong>Conformidade regulat\u00f3ria:<\/strong> A devida dilig\u00eancia envolve a revis\u00e3o da conformidade com os regulamentos e padr\u00f5es do setor relevantes. Isto \u00e9 essencial para evitar quest\u00f5es legais e regulat\u00f3rias que possam surgir ap\u00f3s a aquisi\u00e7\u00e3o.<\/li>\n\n\n\n<li><a href=\"https:\/\/www.sisinternational.com\/pt\/cobertura\/pesquisa-de-mercado-asia\/pesquisa-de-mercado-em-taiwan\/\" title=\"Pesquisa de mercado em Taiwan\"  data-wpil-monitor-id=\"5644\">Market Positioning: Researching<\/a> the target company&#8217;s market position, competitive landscape, and industry trends can provide insights into how the acquisition will impact the acquirer&#8217;s market standing.<\/li>\n\n\n\n<li><strong>Tecnologia e Propriedade Intelectual:<\/strong> A avalia\u00e7\u00e3o dos ativos tecnol\u00f3gicos e da propriedade intelectual da empresa-alvo pode revelar oportunidades de inova\u00e7\u00e3o e diferencia\u00e7\u00e3o. Isto \u00e9 particularmente importante em ind\u00fastrias orientadas para a tecnologia, onde a propriedade intelectual pode ser um fator-chave de valor.<\/li>\n<\/ul>\n\n\n\n<h2 class=\"wp-block-heading\">Desafios<\/h2>\n\n\n\n<p>A pesquisa de due diligence em fus\u00f5es e aquisi\u00e7\u00f5es apresenta v\u00e1rios desafios para as empresas. Aqui est\u00e3o alguns problemas comuns:<\/p>\n\n\n\n<ul class=\"wp-block-list\">\n<li><strong>Informa\u00e7\u00e3o assim\u00e9trica:<\/strong> A empresa-alvo pode reter informa\u00e7\u00f5es ou fornecer dados incompletos, levando a uma compreens\u00e3o imprecisa do seu valor, riscos e oportunidades. Garantir a transpar\u00eancia e o acesso a informa\u00e7\u00f5es relevantes \u00e9 um grande desafio.<\/li>\n\n\n\n<li><strong>Complexidade da Empresa Alvo:<\/strong> Empresas-alvo maiores ou mais complexas podem apresentar desafios significativos na devida dilig\u00eancia. Compreender estruturas financeiras complexas, diversas unidades de neg\u00f3cios e opera\u00e7\u00f5es globais requer conhecimentos e recursos.<\/li>\n\n\n\n<li><strong>Discrep\u00e2ncias de avalia\u00e7\u00e3o:<\/strong> Estimar o valor justo da empresa-alvo envolve suposi\u00e7\u00f5es e julgamentos que podem levar a discrep\u00e2ncias entre o valor percebido e o valor real. Isso pode impactar o processo de negocia\u00e7\u00e3o e o sucesso da aquisi\u00e7\u00e3o.<\/li>\n\n\n\n<li><strong>Riscos de seguran\u00e7a cibern\u00e9tica:<\/strong> Na era digital de hoje, avaliar a postura de seguran\u00e7a cibern\u00e9tica da empresa-alvo \u00e9 fundamental. Identificar vulnerabilidades e potenciais responsabilidades relacionadas com viola\u00e7\u00f5es de dados ou amea\u00e7as cibern\u00e9ticas \u00e9 um desafio crescente.<\/li>\n\n\n\n<li><strong>Quest\u00f5es Ambientais e Sociais:<\/strong> As responsabilidades ambientais e as preocupa\u00e7\u00f5es de responsabilidade social podem ter implica\u00e7\u00f5es financeiras e de reputa\u00e7\u00e3o significativas. A devida dilig\u00eancia deve abranger esses aspectos para garantir pr\u00e1ticas comerciais sustent\u00e1veis e respons\u00e1veis.<\/li>\n<\/ul>\n\n\n\n<h2 class=\"wp-block-heading\">Como a pesquisa de due diligence em fus\u00f5es e aquisi\u00e7\u00f5es da SIS International ajuda as empresas<\/h2>\n\n\n\n<p>A pesquisa de due diligence de fus\u00f5es e aquisi\u00e7\u00f5es da SIS International oferece \u00e0s empresas uma vantagem cr\u00edtica na navega\u00e7\u00e3o em transa\u00e7\u00f5es de fus\u00f5es e aquisi\u00e7\u00f5es. Aproveitando a vasta experi\u00eancia, uma rede global de recursos e uma abordagem multidisciplinar, a SIS equipa os clientes com insights abrangentes e orienta\u00e7\u00e3o estrat\u00e9gica necess\u00e1rios para tomar decis\u00f5es informadas e alcan\u00e7ar resultados bem-sucedidos. Veja como a experi\u00eancia da SIS International em pesquisa de due diligence beneficia empresas que realizam atividades de fus\u00f5es e aquisi\u00e7\u00f5es.<\/p>\n\n\n\n<ul class=\"wp-block-list\">\n<li><strong>An\u00e1lise financeira aprofundada e insights de avalia\u00e7\u00e3o:<\/strong> A an\u00e1lise financeira meticulosa da SIS International revela a verdadeira sa\u00fade financeira da empresa-alvo, revelando riscos e oportunidades subjacentes que impactam a avalia\u00e7\u00e3o e a estrutura\u00e7\u00e3o do neg\u00f3cio. Este escrut\u00ednio financeiro minucioso garante que as empresas paguem um pre\u00e7o justo pelas suas aquisi\u00e7\u00f5es, mitigando o risco de sobrevaloriza\u00e7\u00e3o e subsequente subdesempenho financeiro.<\/li>\n\n\n\n<li><strong>Efici\u00eancia Operacional e Identifica\u00e7\u00e3o de Sinergia:<\/strong> Atrav\u00e9s da due diligence operacional, a SIS International identifica \u00e1reas onde efici\u00eancias operacionais e sinergias podem ser realizadas, fornecendo um roteiro claro para integra\u00e7\u00e3o e cria\u00e7\u00e3o de valor p\u00f3s-fus\u00e3o. Essa an\u00e1lise ajuda as empresas a entender como mesclar melhor as opera\u00e7\u00f5es, agilizar processos e obter economia de custos, impulsionando a lucratividade e o crescimento.<\/li>\n\n\n\n<li><strong>Gest\u00e3o e Mitiga\u00e7\u00e3o de Riscos:<\/strong> A identifica\u00e7\u00e3o de riscos potenciais \u2013 sejam eles financeiros, legais, operacionais ou estrat\u00e9gicos \u2013 \u00e9 uma pedra angular dos servi\u00e7os de due diligence da SIS International. Al\u00e9m da mera identifica\u00e7\u00e3o, o SIS fornece estrat\u00e9gias vi\u00e1veis para mitiga\u00e7\u00e3o de riscos, permitindo que as empresas resolvam poss\u00edveis problemas antes que se tornem problem\u00e1ticos, salvaguardando o sucesso da transa\u00e7\u00e3o.<\/li>\n\n\n\n<li><strong>Ajuste Estrat\u00e9gico e Posicionamento de Mercado:<\/strong> A SIS International avalia o ajuste estrat\u00e9gico entre a empresa adquirente e o alvo, garantindo o alinhamento com os objetivos estrat\u00e9gicos de longo prazo. Al\u00e9m disso, os recursos de pesquisa de mercado da empresa oferecem insights sobre tend\u00eancias de mercado, posicionamento competitivo e oportunidades de crescimento, informando decis\u00f5es estrat\u00e9gicas e estrat\u00e9gias de integra\u00e7\u00e3o p\u00f3s-fus\u00e3o.<\/li>\n<\/ul>\n\n\n\n<h2 class=\"wp-block-heading\">Localiza\u00e7\u00e3o de nossas instala\u00e7\u00f5es em Nova York<\/h2>\n\n\n\n<p>\n\n\n\n<iframe loading=\"lazy\" src=\"https:\/\/www.google.com\/maps\/embed?pb=!1m18!1m12!1m3!1d3022.976188376966!2d-73.99130312499956!3d40.740549471389315!2m3!1f0!2f0!3f0!3m2!1i1024!2i768!4f13.1!3m3!1m2!1s0x89c259a15798c731%3A0xd695d09bdd495f25!2s11%20E%2022nd%20St%20FL%202%2C%20New%20York%2C%20NY%2010010%2C%20USA!5e0!3m2!1sen!2spe!4v1726171763526!5m2!1sen!2spe\" width=\"600\" height=\"450\" allowfullscreen=\"allowfullscreen\" data-mce-fragment=\"1\"><\/iframe>\n\n\n\n<\/p>\n\n\n\n<h3 class=\"wp-block-heading\">11 E 22nd Street, 2\u00ba andar, Nova York, NY 10010 T: +1(212) 505-6805<\/h3>\n\n\n\n<hr class=\"wp-block-separator has-alpha-channel-opacity\"\/>\n\n\n\n<h2 class=\"wp-block-heading\"><span style=\"font-weight: 400;\">Sobre SIS Internacional<\/span><\/h2>\n\n\n\n<p><a href=\"https:\/\/www.sisinternational.com\/pt\/\"><span style=\"font-weight: 400;\">SIS Internacional<\/span><\/a><span style=\"font-weight: 400;\"> oferece pesquisa quantitativa, qualitativa e estrat\u00e9gica. Fornecemos dados, ferramentas, estrat\u00e9gias, relat\u00f3rios e insights para a tomada de decis\u00f5es. Tamb\u00e9m realizamos entrevistas, pesquisas, grupos focais e outros m\u00e9todos e abordagens de Pesquisa de Mercado.<\/span><a href=\"https:\/\/www.sisinternational.com\/pt\/sobre-a-sis-international-research\/contact-sis-international-market-research\/\"><span style=\"font-weight: 400;\"> Entre em contato conosco<\/span><\/a><span style=\"font-weight: 400;\"> para o seu pr\u00f3ximo projeto de pesquisa de mercado.<\/span><\/p>\n\n\n\n<p><\/p>\n\n\n\n<p>&nbsp;<\/p>\n\n\n\n<p>&nbsp;<\/p>","protected":false},"excerpt":{"rendered":"<p>A pesquisa de due diligence em fus\u00f5es e aquisi\u00e7\u00f5es visa identificar riscos e responsabilidades potenciais que podem afetar o sucesso do neg\u00f3cio.<\/p>","protected":false},"author":1,"featured_media":62376,"parent":14457,"menu_order":33,"comment_status":"closed","ping_status":"closed","template":"","meta":{"footnotes":""},"class_list":["post-46997","page","type-page","status-publish","has-post-thumbnail"],"_links":{"self":[{"href":"https:\/\/www.sisinternational.com\/pt\/wp-json\/wp\/v2\/pages\/46997","targetHints":{"allow":["GET"]}}],"collection":[{"href":"https:\/\/www.sisinternational.com\/pt\/wp-json\/wp\/v2\/pages"}],"about":[{"href":"https:\/\/www.sisinternational.com\/pt\/wp-json\/wp\/v2\/types\/page"}],"author":[{"embeddable":true,"href":"https:\/\/www.sisinternational.com\/pt\/wp-json\/wp\/v2\/users\/1"}],"replies":[{"embeddable":true,"href":"https:\/\/www.sisinternational.com\/pt\/wp-json\/wp\/v2\/comments?post=46997"}],"version-history":[{"count":18,"href":"https:\/\/www.sisinternational.com\/pt\/wp-json\/wp\/v2\/pages\/46997\/revisions"}],"predecessor-version":[{"id":85103,"href":"https:\/\/www.sisinternational.com\/pt\/wp-json\/wp\/v2\/pages\/46997\/revisions\/85103"}],"up":[{"embeddable":true,"href":"https:\/\/www.sisinternational.com\/pt\/wp-json\/wp\/v2\/pages\/14457"}],"wp:featuredmedia":[{"embeddable":true,"href":"https:\/\/www.sisinternational.com\/pt\/wp-json\/wp\/v2\/media\/62376"}],"wp:attachment":[{"href":"https:\/\/www.sisinternational.com\/pt\/wp-json\/wp\/v2\/media?parent=46997"}],"curies":[{"name":"wp","href":"https:\/\/api.w.org\/{rel}","templated":true}]}}