{"id":46995,"date":"2024-03-20T00:26:29","date_gmt":"2024-03-20T04:26:29","guid":{"rendered":"https:\/\/www.sisinternational.com\/?page_id=46995"},"modified":"2026-01-26T18:57:32","modified_gmt":"2026-01-26T23:57:32","slug":"pesquisa-de-mercado-de-plataforma-automotiva-on-line","status":"publish","type":"page","link":"https:\/\/www.sisinternational.com\/pt\/pericia\/pesquisa-de-mercado-de-plataforma-automotiva-on-line\/","title":{"rendered":"Pesquisa de mercado on-line da plataforma automotiva"},"content":{"rendered":"<h1 class=\"wp-block-heading\">Pesquisa de mercado on-line da plataforma automotiva<\/h1>\n\n\n\n<figure class=\"gb-block-image gb-block-image-b8c5adb6\"><img loading=\"lazy\" decoding=\"async\" width=\"1456\" height=\"816\" class=\"gb-image gb-image-b8c5adb6\" src=\"https:\/\/www.sisinternational.com\/wp-content\/uploads\/2025\/09\/Car-show-car-clinic-5.jpg\" alt=\"Pesquisa e Estrat\u00e9gia de Mercado Internacional da SIS\" title=\"Car show car clinic (5)\" srcset=\"https:\/\/www.sisinternational.com\/wp-content\/uploads\/2025\/09\/Car-show-car-clinic-5.jpg 1456w, https:\/\/www.sisinternational.com\/wp-content\/uploads\/2025\/09\/Car-show-car-clinic-5-300x168.jpg 300w, https:\/\/www.sisinternational.com\/wp-content\/uploads\/2025\/09\/Car-show-car-clinic-5-1024x574.jpg 1024w, https:\/\/www.sisinternational.com\/wp-content\/uploads\/2025\/09\/Car-show-car-clinic-5-768x430.jpg 768w, https:\/\/www.sisinternational.com\/wp-content\/uploads\/2025\/09\/Car-show-car-clinic-5-18x10.jpg 18w\" sizes=\"auto, (max-width: 1456px) 100vw, 1456px\"><\/figure>\n\n\n\n<p><\/p>\n\n\n\n<hr class=\"wp-block-separator has-alpha-channel-opacity is-style-dots\"\/>\n\n\n\n<p>A revolu\u00e7\u00e3o digital expandiu o alcance do mercado para as empresas autom\u00f3veis e proporcionou aos consumidores um acesso sem precedentes a muitas op\u00e7\u00f5es, todas ao seu alcance... Mas, o que impulsiona este setor em expans\u00e3o e como \u00e9 que as empresas est\u00e3o a aproveitar as plataformas autom\u00f3veis online para se manterem \u00e0 frente da concorr\u00eancia? A pesquisa de mercado on-line da plataforma automotiva permite que as empresas entendam os fatores de sucesso e as expectativas dos clientes para impulsionar o crescimento e a lucratividade.<\/p>\n\n\n\n<h2 class=\"wp-block-heading\">What is Online car platform market research?<\/h2>\n\n\n\n<p>A pesquisa de mercado on-line da plataforma automotiva ajuda as empresas a compreender a din\u00e2mica desse mercado digital, fornecendo insights sobre as prefer\u00eancias dos consumidores, tend\u00eancias de mercado e cen\u00e1rios competitivos.<\/p>\n\n\n\n<p>It enables businesses to tap into a wealth of data about consumer behavior, preferences, and purchasing patterns. Moreover, this <a class=\"wpil_keyword_link\" href=\"https:\/\/www.sisinternational.com\/pt\/home-2\/\"   title=\"Home Mock up for Ruth\" data-wpil-keyword-link=\"linked\"  data-wpil-monitor-id=\"559\">pesquisa de mercado<\/a> assists businesses in understanding the effectiveness of their digital marketing strategies to gauge the impact of advertising campaigns, promotional offers, and other marketing tactics.<\/p>\n\n\n\n<h2 class=\"wp-block-heading\">What are the benefits of Online car platform market research?<\/h2>\n\n\n\n<p>The benefits of conducting online <a href=\"https:\/\/www.sisinternational.com\/pt\/connected_car_market_research\/\" title=\"Pesquisa de mercado de carros conectados\"  data-wpil-monitor-id=\"2046\">car platform market research<\/a> in this innovative sector are numerous, extending beyond simple consumer insights to drive strategic decision-making and competitive advantage.<\/p>\n\n\n\n<ul class=\"wp-block-list\">\n<li><a href=\"https:\/\/www.sisinternational.com\/pt\/pericia\/industrias\/pesquisa-de-mercado-de-entrega-de-comida-on-line\/\" title=\"Pesquisa de mercado de entrega de alimentos on-line\"  data-wpil-monitor-id=\"5675\">Online car platform market research<\/a> provides invaluable data that helps businesses understand the market landscape, consumer preferences, and emerging trends. This insight is crucial for developing a platform that meets and exceeds consumer expectations, ensuring a seamless and engaging user experience.<\/li>\n\n\n\n<li>Ele fornece a capacidade de identificar e capitalizar oportunidades de mercado. No mundo digital acelerado, as tend\u00eancias podem surgir e evoluir rapidamente. Esta an\u00e1lise de mercado mant\u00e9m as empresas na vanguarda da inova\u00e7\u00e3o, permitindo-lhes identificar e explorar novas tend\u00eancias antes dos seus concorrentes.<\/li>\n\n\n\n<li>Em um mercado lotado, se destacar \u00e9 fundamental. Os insights da pesquisa de mercado podem informar propostas de valor exclusivas que diferenciam a plataforma de seus concorrentes.<\/li>\n\n\n\n<li><a href=\"https:\/\/www.sisinternational.com\/pt\/pericia\/industrias\/pesquisa-de-mercado-de-aplicativos-de-namoro-online\/\" title=\"Pesquisa de mercado de aplicativos de namoro online\"  data-wpil-monitor-id=\"5930\">Online car platform market research<\/a> facilitates continuous improvement. Regular <a href=\"https:\/\/www.sisinternational.com\/pt\/solucoes\/inovacao\/pesquisa-de-mercado-agil\/\" title=\"Pesquisa de mercado \u00e1gil\"  data-wpil-monitor-id=\"6119\">market research enables businesses to stay agile<\/a>, adapting to new technologies, changing consumer behaviors, and market dynamics.<\/li>\n<\/ul>\n\n\n\n<h2 class=\"wp-block-heading\">Competitors in this market<\/h2>\n\n\n\n<figure class=\"gb-block-image gb-block-image-dfdb7dc0\"><img loading=\"lazy\" decoding=\"async\" width=\"1456\" height=\"816\" class=\"gb-image gb-image-dfdb7dc0\" src=\"https:\/\/www.sisinternational.com\/wp-content\/uploads\/2025\/09\/Car-show-car-clinic-8.jpg\" alt=\"Pesquisa e Estrat\u00e9gia de Mercado Internacional da SIS\" title=\"Car show car clinic (8)\" srcset=\"https:\/\/www.sisinternational.com\/wp-content\/uploads\/2025\/09\/Car-show-car-clinic-8.jpg 1456w, https:\/\/www.sisinternational.com\/wp-content\/uploads\/2025\/09\/Car-show-car-clinic-8-300x168.jpg 300w, https:\/\/www.sisinternational.com\/wp-content\/uploads\/2025\/09\/Car-show-car-clinic-8-1024x574.jpg 1024w, https:\/\/www.sisinternational.com\/wp-content\/uploads\/2025\/09\/Car-show-car-clinic-8-768x430.jpg 768w, https:\/\/www.sisinternational.com\/wp-content\/uploads\/2025\/09\/Car-show-car-clinic-8-18x10.jpg 18w\" sizes=\"auto, (max-width: 1456px) 100vw, 1456px\"><\/figure>\n\n\n\n<p><\/p>\n\n\n\n<p>O mercado de plataformas automotivas online \u00e9 um cen\u00e1rio din\u00e2mico e competitivo que apresenta uma mistura de gigantes estabelecidos e rec\u00e9m-chegados inovadores. Compreender quem s\u00e3o os principais participantes fornece informa\u00e7\u00f5es sobre a din\u00e2mica competitiva e as tend\u00eancias de inova\u00e7\u00e3o do setor.<\/p>\n\n\n\n<ul class=\"wp-block-list\">\n<li>AutoTrader, uma plataforma veterana de compra e venda de carros online que h\u00e1 anos se adapta e evolui com as necessidades dos consumidores e os avan\u00e7os tecnol\u00f3gicos. Suas listagens abrangentes de ve\u00edculos, an\u00e1lises detalhadas de carros e interface amig\u00e1vel tornam-no um recurso obrigat\u00f3rio para compradores e vendedores.<\/li>\n\n\n\n<li>CarGurus adota uma abordagem baseada em dados para o mercado automotivo on-line, oferecendo an\u00e1lises detalhadas e ferramentas de pre\u00e7os para ajudar os usu\u00e1rios a encontrar as melhores ofertas. Sua \u00eanfase na transpar\u00eancia e no valor para compradores e vendedores a diferencia no concorrido espa\u00e7o automotivo online.<\/li>\n\n\n\n<li>Cars.com is another significant player, known for its extensive listings and powerful search tools that cater to a wide range of consumer preferences. Its investment in mobile technology and digital marketing tools has solidified its presence among tech-savvy <a href=\"https:\/\/www.sisinternational.com\/pt\/pericia\/industrias\/pesquisa-de-mercado-de-intencao-do-comprador\/\" title=\"Pesquisa de mercado de inten\u00e7\u00e3o do comprador\"  data-wpil-monitor-id=\"7178\">car<\/a> buyers and sellers.<\/li>\n\n\n\n<li>Bring a Trailer conquistou um nicho atendendo entusiastas e colecionadores, oferecendo uma sele\u00e7\u00e3o selecionada de ve\u00edculos raros, antigos e de alta qualidade, acompanhados por uma comunidade apaixonada de usu\u00e1rios.<\/li>\n\n\n\n<li>A Carvana revolucionou o processo tradicional de compra de autom\u00f3veis, oferecendo uma experi\u00eancia de compra totalmente online, com entrega em domic\u00edlio. Seu uso inovador de locais de coleta no estilo de m\u00e1quinas de venda autom\u00e1tica e a experi\u00eancia do cliente enfatizam-no como uma escolha popular entre os consumidores mais jovens e que priorizam o digital.<\/li>\n<\/ul>\n\n\n\n<h2 class=\"wp-block-heading\">What Makes SIS International a Top Online Car Platform Market Research Provider?<\/h2>\n\n\n\n<p>In the fast-paced and competitive world of online car platforms, SIS International offers comprehensive online car <a href=\"https:\/\/www.sisinternational.com\/pt\/pericia\/industrias\/pesquisa-de-mercado-automotivo\/clinicas-de-carros-estaticos-vs-dinamicos\/\" title=\"Market Research Methods for Automotive Research &#8211; Static vs Dynamic Car Clinics\"  data-wpil-monitor-id=\"1543\">platform market research<\/a> services that empower businesses to navigate the complexities of the digital automotive marketplace confidently. By leveraging deep industry expertise and cutting-edge analytical tools, SIS provides actionable insights that help businesses make informed strategic decisions, optimize their offerings, and achieve sustainable growth.<\/p>\n\n\n\n<ul class=\"wp-block-list\">\n<li><strong>Tomada de decis\u00f5es estrat\u00e9gicas:<\/strong> A pesquisa de mercado da SIS International fornece \u00e0s empresas um conhecimento profundo do mercado de plataformas automotivas on-line, incluindo comportamentos, prefer\u00eancias e tend\u00eancias emergentes do consumidor. Esta vis\u00e3o inestim\u00e1vel apoia a tomada de decis\u00f5es estrat\u00e9gicas, permitindo que as empresas alinhem o desenvolvimento de produtos, estrat\u00e9gias de marketing e modelos de neg\u00f3cios com as demandas e oportunidades do mercado.<\/li>\n\n\n\n<li><strong>Analise competitiva:<\/strong> O SIS fornece an\u00e1lises detalhadas dos concorrentes, incluindo seus pontos fortes, fracos, posicionamento de mercado e estrat\u00e9gias. Permite que as empresas identifiquem propostas de valor \u00fanicas, diferenciem-se dos concorrentes e conquistem quota de mercado.<\/li>\n\n\n\n<li><strong>Inova\u00e7\u00e3o e Desenvolvimento de Produtos:<\/strong> A pesquisa de mercado da plataforma automotiva on-line da SIS identifica essas tend\u00eancias antecipadamente, fornecendo \u00e0s empresas uma base para inova\u00e7\u00e3o e desenvolvimento de produtos. Esta abordagem voltada para o futuro garante que as empresas permane\u00e7am \u00e0 frente da curva, oferecendo recursos e servi\u00e7os de ponta que atendam \u00e0s necessidades futuras dos consumidores.<\/li>\n\n\n\n<li><strong>Marketing e posicionamento da marca:<\/strong> O marketing eficaz e o posicionamento da marca s\u00e3o fundamentais para atrair e reter utilizadores em plataformas autom\u00f3veis online. Os consultores da SIS descobrem insights sobre os canais, mensagens e estrat\u00e9gias de marketing mais eficazes, ajudando as empresas a criar campanhas direcionadas que repercutam em seu p\u00fablico e construam uma marca forte e reconhec\u00edvel.<\/li>\n<\/ul>\n\n\n\n<h2 class=\"wp-block-heading\">Localiza\u00e7\u00e3o de nossas instala\u00e7\u00f5es em Nova York<\/h2>\n\n\n\n<p>\n\n\n\n<iframe loading=\"lazy\" src=\"https:\/\/www.google.com\/maps\/embed?pb=!1m18!1m12!1m3!1d3022.976188376966!2d-73.99130312499956!3d40.740549471389315!2m3!1f0!2f0!3f0!3m2!1i1024!2i768!4f13.1!3m3!1m2!1s0x89c259a15798c731%3A0xd695d09bdd495f25!2s11%20E%2022nd%20St%20FL%202%2C%20New%20York%2C%20NY%2010010%2C%20USA!5e0!3m2!1sen!2spe!4v1726171763526!5m2!1sen!2spe\" width=\"600\" height=\"450\" allowfullscreen=\"allowfullscreen\" data-mce-fragment=\"1\"><\/iframe>\n\n\n\n<\/p>\n\n\n\n<h3 class=\"wp-block-heading\">11 E 22nd Street, 2\u00ba andar, Nova York, NY 10010 T: +1(212) 505-6805<\/h3>\n\n\n\n<hr class=\"wp-block-separator has-alpha-channel-opacity\"\/>\n\n\n\n<h2 class=\"wp-block-heading\"><span style=\"font-weight: 400;\">Sobre SIS Internacional<\/span><\/h2>\n\n\n\n<p><a href=\"https:\/\/www.sisinternational.com\/pt\/\"><span style=\"font-weight: 400;\">SIS Internacional<\/span><\/a><span style=\"font-weight: 400;\"> oferece pesquisa quantitativa, qualitativa e estrat\u00e9gica. Fornecemos dados, ferramentas, estrat\u00e9gias, relat\u00f3rios e insights para a tomada de decis\u00f5es. Tamb\u00e9m realizamos entrevistas, pesquisas, grupos focais e outros m\u00e9todos e abordagens de Pesquisa de Mercado.<\/span><a href=\"https:\/\/www.sisinternational.com\/pt\/sobre-a-sis-international-research\/contact-sis-international-market-research\/\"><span style=\"font-weight: 400;\"> Entre em contato conosco<\/span><\/a><span style=\"font-weight: 400;\"> para o seu pr\u00f3ximo projeto de pesquisa de mercado.<\/span><\/p>\n\n\n\n<p><\/p>","protected":false},"excerpt":{"rendered":"<p>A pesquisa de mercado on-line da plataforma automotiva ajuda as empresas automotivas a compreender o mercado digital, fornecendo percep\u00e7\u00f5es e tend\u00eancias do consumidor.<\/p>","protected":false},"author":1,"featured_media":66809,"parent":14514,"menu_order":430,"comment_status":"closed","ping_status":"closed","template":"","meta":{"footnotes":""},"class_list":["post-46995","page","type-page","status-publish","has-post-thumbnail"],"_links":{"self":[{"href":"https:\/\/www.sisinternational.com\/pt\/wp-json\/wp\/v2\/pages\/46995","targetHints":{"allow":["GET"]}}],"collection":[{"href":"https:\/\/www.sisinternational.com\/pt\/wp-json\/wp\/v2\/pages"}],"about":[{"href":"https:\/\/www.sisinternational.com\/pt\/wp-json\/wp\/v2\/types\/page"}],"author":[{"embeddable":true,"href":"https:\/\/www.sisinternational.com\/pt\/wp-json\/wp\/v2\/users\/1"}],"replies":[{"embeddable":true,"href":"https:\/\/www.sisinternational.com\/pt\/wp-json\/wp\/v2\/comments?post=46995"}],"version-history":[{"count":15,"href":"https:\/\/www.sisinternational.com\/pt\/wp-json\/wp\/v2\/pages\/46995\/revisions"}],"predecessor-version":[{"id":80740,"href":"https:\/\/www.sisinternational.com\/pt\/wp-json\/wp\/v2\/pages\/46995\/revisions\/80740"}],"up":[{"embeddable":true,"href":"https:\/\/www.sisinternational.com\/pt\/wp-json\/wp\/v2\/pages\/14514"}],"wp:featuredmedia":[{"embeddable":true,"href":"https:\/\/www.sisinternational.com\/pt\/wp-json\/wp\/v2\/media\/66809"}],"wp:attachment":[{"href":"https:\/\/www.sisinternational.com\/pt\/wp-json\/wp\/v2\/media?parent=46995"}],"curies":[{"name":"wp","href":"https:\/\/api.w.org\/{rel}","templated":true}]}}