{"id":46991,"date":"2024-03-19T23:49:40","date_gmt":"2024-03-20T03:49:40","guid":{"rendered":"https:\/\/www.sisinternational.com\/?page_id=46991"},"modified":"2026-01-26T16:58:39","modified_gmt":"2026-01-26T21:58:39","slug":"pesquisa-de-mercado-de-hospitalidade-com-pagamentos-instantaneos-de-gorjetas","status":"publish","type":"page","link":"https:\/\/www.sisinternational.com\/pt\/solucoes\/pesquisa-de-consultoria-em-estrategia-fintech\/pesquisa-de-mercado-de-hospitalidade-com-pagamentos-instantaneos-de-gorjetas\/","title":{"rendered":"Pesquisa de mercado de hospitalidade com pagamentos instant\u00e2neos de gorjetas"},"content":{"rendered":"<h1 class=\"gb-headline gb-headline-90a7cac9 gb-headline-text\">Pesquisa de mercado de hospitalidade com pagamentos instant\u00e2neos de gorjetas<\/h1>\n\n\n\n<figure class=\"gb-block-image gb-block-image-945cd4d5\"><img loading=\"lazy\" decoding=\"async\" width=\"1456\" height=\"816\" class=\"gb-image gb-image-945cd4d5\" src=\"https:\/\/www.sisinternational.com\/wp-content\/uploads\/2025\/08\/Hospitality-3.jpg\" alt=\"Pesquisa e Estrat\u00e9gia de Mercado Internacional da SIS\" title=\"Hospitality (3)\" srcset=\"https:\/\/www.sisinternational.com\/wp-content\/uploads\/2025\/08\/Hospitality-3.jpg 1456w, https:\/\/www.sisinternational.com\/wp-content\/uploads\/2025\/08\/Hospitality-3-300x168.jpg 300w, https:\/\/www.sisinternational.com\/wp-content\/uploads\/2025\/08\/Hospitality-3-1024x574.jpg 1024w, https:\/\/www.sisinternational.com\/wp-content\/uploads\/2025\/08\/Hospitality-3-768x430.jpg 768w, https:\/\/www.sisinternational.com\/wp-content\/uploads\/2025\/08\/Hospitality-3-18x10.jpg 18w\" sizes=\"auto, (max-width: 1456px) 100vw, 1456px\"><\/figure>\n\n\n\n<p><\/p>\n\n\n\n<hr class=\"wp-block-separator has-alpha-channel-opacity is-style-dots\"\/>\n\n\n\n<p>No mundo acelerado da hospitalidade, as empresas procuram constantemente formas inovadoras de melhorar os seus servi\u00e7os e agilizar as opera\u00e7\u00f5es... Ent\u00e3o, como podem os estabelecimentos gerir eficientemente o pagamento de gorjetas em tempo real para melhorar a satisfa\u00e7\u00e3o dos funcion\u00e1rios e a qualidade geral do servi\u00e7o? A pesquisa de mercado de hospitalidade com pagamentos instant\u00e2neos de gorjetas geralmente \u00e9 a resposta.<\/p>\n\n\n\n<h2 class=\"wp-block-heading\">O que s\u00e3o pesquisas de mercado de hospitalidade com pagamentos instant\u00e2neos de gorjetas?<\/h2>\n\n\n\n<p>Instant tip payouts in the hospitality industry refer to a system that allows employees (such as servers, bartenders, and other tipped staff) to receive their tips instantly or shortly after their shift ends, rather than waiting for the traditional pay cycle. Therefore, instant tip payouts hospitality <a class=\"wpil_keyword_link\" href=\"https:\/\/www.sisinternational.com\/pt\/home-2\/\"   title=\"Home Mock up for Ruth\" data-wpil-keyword-link=\"linked\"  data-wpil-monitor-id=\"561\">pesquisa de mercado<\/a> provides valuable insights for hospitality businesses considering implementing instant tip payout systems, as well as for technology providers and financial institutions offering relevant services.<\/p>\n\n\n\n<p>It also investigates how widely hospitality businesses, including restaurants, bars, hotels, and other service-oriented establishments adopt instant tip payout systems. This market research analyzes how instant tip payouts affect the overall business, including potential impacts on cash flow, administrative burden, and the ability to attract and retain staff.<\/p>\n\n\n\n<h2 class=\"wp-block-heading\">Quais s\u00e3o os benef\u00edcios da pesquisa de mercado de hospitalidade com pagamentos instant\u00e2neos de gorjetas?<\/h2>\n\n\n\n<p>Instant tip payouts <a href=\"https:\/\/www.sisinternational.com\/pt\/pericia\/industrias\/pesquisa-de-mercado-para-administradores-hospitalares\/\" title=\"Pesquisa de mercado de administradores hospitalares\"  data-wpil-monitor-id=\"6267\">hospitality market research<\/a> offers many advantages for businesses and employees within the hospitality industry.<\/p>\n\n\n\n<ul class=\"wp-block-list\">\n<li><strong>Maior satisfa\u00e7\u00e3o dos funcion\u00e1rios:<\/strong> Providing staff immediate access to their tips promotes fairness and transparency, leading to higher morale and job satisfaction.<\/li>\n\n\n\n<li><strong>Melhor qualidade de servi\u00e7o:<\/strong> O pagamento de gorjetas em tempo h\u00e1bil incentiva os funcion\u00e1rios a prestar um servi\u00e7o excepcional, pois eles colhem diretamente os frutos de seus esfor\u00e7os.<\/li>\n\n\n\n<li><strong>Opera\u00e7\u00f5es simplificadas:<\/strong> Businesses can automate and simplify distributing gratuities by leveraging digital platforms for instant tip payouts.<\/li>\n\n\n\n<li><strong>Vantagem competitiva:<\/strong> A ado\u00e7\u00e3o de pagamentos instant\u00e2neos de gorjetas demonstra um compromisso com a inova\u00e7\u00e3o e o bem-estar dos funcion\u00e1rios, diferenciando as empresas dos concorrentes.<\/li>\n\n\n\n<li><strong>Percep\u00e7\u00e3o P\u00fablica Positiva:<\/strong> Os consumidores e as partes interessadas veem favoravelmente as empresas que priorizam pr\u00e1ticas de remunera\u00e7\u00e3o justas e transparentes.<\/li>\n<\/ul>\n\n\n\n<h2 class=\"wp-block-heading\">Fatores cr\u00edticos de sucesso para uma implementa\u00e7\u00e3o bem-sucedida<\/h2>\n\n\n\n<figure class=\"gb-block-image gb-block-image-0babff77\"><img loading=\"lazy\" decoding=\"async\" width=\"1456\" height=\"816\" class=\"gb-image gb-image-0babff77\" src=\"https:\/\/www.sisinternational.com\/wp-content\/uploads\/2025\/08\/Hospitality-1.jpg\" alt=\"Pesquisa e Estrat\u00e9gia de Mercado Internacional da SIS\" title=\"Hospitality (1)\" srcset=\"https:\/\/www.sisinternational.com\/wp-content\/uploads\/2025\/08\/Hospitality-1.jpg 1456w, https:\/\/www.sisinternational.com\/wp-content\/uploads\/2025\/08\/Hospitality-1-300x168.jpg 300w, https:\/\/www.sisinternational.com\/wp-content\/uploads\/2025\/08\/Hospitality-1-1024x574.jpg 1024w, https:\/\/www.sisinternational.com\/wp-content\/uploads\/2025\/08\/Hospitality-1-768x430.jpg 768w, https:\/\/www.sisinternational.com\/wp-content\/uploads\/2025\/08\/Hospitality-1-18x10.jpg 18w\" sizes=\"auto, (max-width: 1456px) 100vw, 1456px\"><\/figure>\n\n\n\n<p><\/p>\n\n\n\n<p>Successfully implementing instant tip payouts hospitality <a href=\"https:\/\/www.sisinternational.com\/pt\/pericia\/industrias\/pesquisa-de-mercado-de-cuidados-com-animais-de-estimacao\/\" title=\"Pesquisa de mercado de cuidados com animais de estima\u00e7\u00e3o\"  data-wpil-monitor-id=\"6325\">market research requires careful<\/a> consideration of several key factors:<\/p>\n\n\n\n<ul class=\"wp-block-list\">\n<li><strong>Infraestrutura tecnol\u00f3gica robusta:<\/strong> As empresas devem investir em plataformas digitais confi\u00e1veis e seguras, capazes de processar e distribuir dicas em tempo real. Isto inclui garantir a compatibilidade com os sistemas existentes e o cumprimento dos regulamentos de privacidade de dados.<\/li>\n\n\n\n<li><strong>Comunica\u00e7\u00e3o e treinamento claros:<\/strong> A comunica\u00e7\u00e3o eficaz \u00e9 essencial para garantir que os funcion\u00e1rios entendam como funcionam os pagamentos instant\u00e2neos de gorjetas e o que \u00e9 esperado. Fornecer recursos e sess\u00f5es de treinamento abrangentes pode ajudar a mitigar a confus\u00e3o e promover a ado\u00e7\u00e3o.<\/li>\n\n\n\n<li><strong>Pol\u00edticas justas e transparentes:<\/strong> Estabelecer diretrizes claras para a distribui\u00e7\u00e3o de gorjetas, incluindo crit\u00e9rios de elegibilidade e aloca\u00e7\u00e3o, \u00e9 crucial para manter a justi\u00e7a e a confian\u00e7a entre os funcion\u00e1rios. A transpar\u00eancia na forma como as gorjetas s\u00e3o calculadas e distribu\u00eddas ajuda a evitar disputas e queixas.<\/li>\n\n\n\n<li><strong>Adaptabilidade e flexibilidade:<\/strong> As empresas de hospitalidade operam em ambientes din\u00e2micos com demanda e n\u00edveis de pessoal flutuantes. A flexibilidade no ajuste dos processos de pagamento de gorjetas para acomodar as mudan\u00e7as nas circunst\u00e2ncias \u00e9 essencial para garantir opera\u00e7\u00f5es tranquilas e a satisfa\u00e7\u00e3o dos funcion\u00e1rios.<\/li>\n\n\n\n<li><strong>Conformidade legal:<\/strong> A conformidade com as leis e regulamentos trabalhistas que regem a distribui\u00e7\u00e3o de gorjetas n\u00e3o \u00e9 negoci\u00e1vel. Para evitar poss\u00edveis responsabilidades legais, as empresas devem garantir que suas pr\u00e1ticas de pagamento instant\u00e2neo de gorjetas cumpram as leis aplic\u00e1veis e os padr\u00f5es do setor.<\/li>\n\n\n\n<li><strong>Alinhamento Cultural:<\/strong> Os pagamentos instant\u00e2neos de gorjetas devem estar alinhados com os valores e a cultura da organiza\u00e7\u00e3o, refletindo um compromisso genu\u00edno de apoiar e recompensar os funcion\u00e1rios pelas suas contribui\u00e7\u00f5es.<\/li>\n<\/ul>\n\n\n\n<h2 class=\"wp-block-heading\">Resultados esperados das solu\u00e7\u00f5es de pagamento instant\u00e2neo de gorjetas da SIS International<\/h2>\n\n\n\n<p>Com os inovadores pagamentos instant\u00e2neos de gorjetas da SIS International, as empresas de pesquisa de mercado hoteleiro podem antecipar v\u00e1rios resultados importantes, tais como:<\/p>\n\n\n\n<ul class=\"wp-block-list\">\n<li><strong>Maior satisfa\u00e7\u00e3o dos funcion\u00e1rios:<\/strong> O processo simplificado e transparente de pagamento de gorjetas do SIS garante que os funcion\u00e1rios recebam suas gratifica\u00e7\u00f5es prontamente, aumentando o moral e a satisfa\u00e7\u00e3o no trabalho.<\/li>\n\n\n\n<li><strong>Qualidade de servi\u00e7o aprimorada:<\/strong> Ao incentivar os funcion\u00e1rios a prestar um servi\u00e7o excepcional atrav\u00e9s de pagamentos instant\u00e2neos de gorjetas, as empresas podem esperar ver uma melhoria tang\u00edvel na qualidade das intera\u00e7\u00f5es com os clientes.<\/li>\n\n\n\n<li><strong>Efici\u00eancia operacional:<\/strong> A plataforma digital do SIS automatiza o processo de pagamento de gorjetas, reduzindo despesas administrativas e minimizando erros.<\/li>\n\n\n\n<li><strong>Vantagem competitiva:<\/strong> A ado\u00e7\u00e3o das solu\u00e7\u00f5es de pagamento instant\u00e2neo de gorjetas da SIS demonstra um compromisso com a inova\u00e7\u00e3o e o bem-estar dos funcion\u00e1rios, diferenciando as empresas dos concorrentes.<\/li>\n\n\n\n<li><strong>Conformidade e Mitiga\u00e7\u00e3o de Riscos:<\/strong> As solu\u00e7\u00f5es da SIS garantem o cumprimento das leis e regulamentos trabalhistas que regem a distribui\u00e7\u00e3o de gorjetas, reduzindo o risco de responsabilidades legais.<\/li>\n\n\n\n<li><strong>Percep\u00e7\u00e3o P\u00fablica Positiva:<\/strong> A parceria com a SIS International reflete um compromisso com pr\u00e1ticas de remunera\u00e7\u00e3o justas e transparentes, melhorando a reputa\u00e7\u00e3o de uma empresa entre consumidores e partes interessadas.<\/li>\n<\/ul>\n\n\n\n<h2 class=\"wp-block-heading\">Oportunidades em pesquisas de mercado de hospitalidade com pagamentos instant\u00e2neos de gorjetas<\/h2>\n\n\n\n<p>Adopting instant tip payout solutions presents numerous opportunities for businesses operating in the hospitality sector and beyond.<\/p>\n\n\n\n<ul class=\"wp-block-list\">\n<li><strong>Experi\u00eancia aprimorada do cliente:<\/strong> Satisfied and motivated employees are likelier to deliver exceptional service, resulting in a superior customer experience. Instant tip payouts incentivize staff to go above and beyond in catering to customer needs, ultimately fostering loyalty and driving repeat business.<\/li>\n\n\n\n<li><strong>Aloca\u00e7\u00e3o eficiente de recursos:<\/strong> As plataformas digitais para pagamentos instant\u00e2neos de gorjetas simplificam os processos administrativos, permitindo que as empresas aloquem recursos de forma mais eficiente.<\/li>\n\n\n\n<li><strong>Diferencia\u00e7\u00e3o Competitiva:<\/strong> In a crowded marketplace, offering instant tip payouts can set businesses apart from competitors and attract top talent. By demonstrating a commitment to fair and transparent compensation practices, establishments can enhance their reputation and appeal to discerning customers and employees.<\/li>\n<\/ul>\n\n\n\n<h2 class=\"wp-block-heading\">How SIS International\u2019s Instant Tip Payouts Hospitality Market Research Helps Businesses<\/h2>\n\n\n\n<figure class=\"gb-block-image gb-block-image-e6acbc9c\"><img loading=\"lazy\" decoding=\"async\" width=\"1456\" height=\"816\" class=\"gb-image gb-image-e6acbc9c\" src=\"https:\/\/www.sisinternational.com\/wp-content\/uploads\/2025\/08\/Hospitality-6.jpg\" alt=\"Pesquisa e Estrat\u00e9gia de Mercado Internacional da SIS\" title=\"Hospitality (6)\" srcset=\"https:\/\/www.sisinternational.com\/wp-content\/uploads\/2025\/08\/Hospitality-6.jpg 1456w, https:\/\/www.sisinternational.com\/wp-content\/uploads\/2025\/08\/Hospitality-6-300x168.jpg 300w, https:\/\/www.sisinternational.com\/wp-content\/uploads\/2025\/08\/Hospitality-6-1024x574.jpg 1024w, https:\/\/www.sisinternational.com\/wp-content\/uploads\/2025\/08\/Hospitality-6-768x430.jpg 768w, https:\/\/www.sisinternational.com\/wp-content\/uploads\/2025\/08\/Hospitality-6-18x10.jpg 18w\" sizes=\"auto, (max-width: 1456px) 100vw, 1456px\"><\/figure>\n\n\n\n<p><\/p>\n\n\n\n<p>SIS International offers comprehensive instant tip payouts hospitality <a class=\"wpil_keyword_link\" href=\"https:\/\/www.sisinternational.com\/pt\/solucoes\/\"   title=\"Solu\u00e7\u00f5es\" data-wpil-keyword-link=\"linked\"  data-wpil-monitor-id=\"560\">market research solutions<\/a> designed to address the specific needs and challenges of businesses \u2013 and here&#8217;s how our solutions can benefit establishments:<\/p>\n\n\n\n<ul class=\"wp-block-list\">\n<li><strong>Customized <a class=\"wpil_keyword_link\" href=\"https:\/\/www.sisinternational.com\/pt\/solucoes\/inovacao-tecnologica\/\"   title=\"SIS Technology &amp; Innovation Solutions\" data-wpil-keyword-link=\"linked\"  data-wpil-monitor-id=\"562\">Technology Solutions<\/a>:<\/strong> SIS International provides customizable digital platforms tailored to each business&#8217;s unique requirements. Our scalable, flexible, and user-friendly technology solutions enable seamless integration with existing systems and workflows.<\/li>\n\n\n\n<li><strong>Garantia de Conformidade:<\/strong> With expertise in labor laws and regulations governing tip distribution, SIS ensures its solutions fully comply with legal requirements. Businesses can trust that their tip payout practices adhere to industry standards and mitigate the risk of potential legal liabilities.<\/li>\n\n\n\n<li><strong>Ferramentas de engajamento de funcion\u00e1rios:<\/strong> As solu\u00e7\u00f5es da SIS incluem recursos para promover o envolvimento e a satisfa\u00e7\u00e3o dos funcion\u00e1rios, como feedback de desempenho em tempo real, programas de reconhecimento e reconhecimento entre pares.<\/li>\n\n\n\n<li><strong>An\u00e1lises e insights:<\/strong> Os consultores da SIS oferecem recursos anal\u00edticos avan\u00e7ados, fornecendo \u00e0s empresas insights pr\u00e1ticos sobre o desempenho dos funcion\u00e1rios, feedback dos clientes e tend\u00eancias operacionais.<\/li>\n\n\n\n<li><strong>Treinamento e Suporte:<\/strong> A SIS International oferece treinamento e suporte abrangentes para ajudar as empresas a implementar e otimizar suas solu\u00e7\u00f5es de pagamento instant\u00e2neo de gorjetas de maneira eficaz. Desde a configura\u00e7\u00e3o inicial at\u00e9 a manuten\u00e7\u00e3o cont\u00ednua, sua equipe de especialistas garante uma transi\u00e7\u00e3o tranquila e bem-sucedida.<\/li>\n\n\n\n<li><strong>Inova\u00e7\u00e3o Cont\u00ednua:<\/strong> As technology and market trends evolve, we remain at the forefront of innovation, continually enhancing solutions to meet businesses&#8217; changing needs.<\/li>\n<\/ul>\n\n\n\n<h2 class=\"wp-block-heading\">Localiza\u00e7\u00e3o de nossas instala\u00e7\u00f5es em Nova York<\/h2>\n\n\n\n<p>\n\n\n\n<iframe loading=\"lazy\" src=\"https:\/\/www.google.com\/maps\/embed?pb=!1m18!1m12!1m3!1d3022.976188376966!2d-73.99130312499956!3d40.740549471389315!2m3!1f0!2f0!3f0!3m2!1i1024!2i768!4f13.1!3m3!1m2!1s0x89c259a15798c731%3A0xd695d09bdd495f25!2s11%20E%2022nd%20St%20FL%202%2C%20New%20York%2C%20NY%2010010%2C%20USA!5e0!3m2!1sen!2spe!4v1726171763526!5m2!1sen!2spe\" width=\"600\" height=\"450\" allowfullscreen=\"allowfullscreen\" data-mce-fragment=\"1\"><\/iframe>\n\n\n\n<\/p>\n\n\n\n<h3 class=\"wp-block-heading\">11 E 22nd Street, 2\u00ba andar, Nova York, NY 10010 T: +1(212) 505-6805<\/h3>\n\n\n\n<hr class=\"wp-block-separator has-alpha-channel-opacity\"\/>\n\n\n\n<h2 class=\"wp-block-heading\"><span style=\"font-weight: 400;\">Sobre SIS Internacional<\/span><\/h2>\n\n\n\n<p><a href=\"https:\/\/www.sisinternational.com\/pt\/\"><span style=\"font-weight: 400;\">SIS Internacional<\/span><\/a><span style=\"font-weight: 400;\"> oferece pesquisa quantitativa, qualitativa e estrat\u00e9gica. Fornecemos dados, ferramentas, estrat\u00e9gias, relat\u00f3rios e insights para a tomada de decis\u00f5es. Tamb\u00e9m realizamos entrevistas, pesquisas, grupos focais e outros m\u00e9todos e abordagens de Pesquisa de Mercado.<\/span><a href=\"https:\/\/www.sisinternational.com\/pt\/sobre-a-sis-international-research\/contact-sis-international-market-research\/\"><span style=\"font-weight: 400;\"> Entre em contato conosco<\/span><\/a><span style=\"font-weight: 400;\"> para o seu pr\u00f3ximo projeto de pesquisa de mercado.<\/span><\/p>\n\n\n\n<p><\/p>","protected":false},"excerpt":{"rendered":"<p>A pesquisa de mercado de hospitalidade com pagamentos instant\u00e2neos de gorjetas fornece insights para empresas de hospitalidade, fornecedores de tecnologia e institui\u00e7\u00f5es financeiras.<\/p>","protected":false},"author":1,"featured_media":62439,"parent":27462,"menu_order":78,"comment_status":"closed","ping_status":"closed","template":"","meta":{"footnotes":""},"class_list":["post-46991","page","type-page","status-publish","has-post-thumbnail"],"_links":{"self":[{"href":"https:\/\/www.sisinternational.com\/pt\/wp-json\/wp\/v2\/pages\/46991","targetHints":{"allow":["GET"]}}],"collection":[{"href":"https:\/\/www.sisinternational.com\/pt\/wp-json\/wp\/v2\/pages"}],"about":[{"href":"https:\/\/www.sisinternational.com\/pt\/wp-json\/wp\/v2\/types\/page"}],"author":[{"embeddable":true,"href":"https:\/\/www.sisinternational.com\/pt\/wp-json\/wp\/v2\/users\/1"}],"replies":[{"embeddable":true,"href":"https:\/\/www.sisinternational.com\/pt\/wp-json\/wp\/v2\/comments?post=46991"}],"version-history":[{"count":11,"href":"https:\/\/www.sisinternational.com\/pt\/wp-json\/wp\/v2\/pages\/46991\/revisions"}],"predecessor-version":[{"id":79908,"href":"https:\/\/www.sisinternational.com\/pt\/wp-json\/wp\/v2\/pages\/46991\/revisions\/79908"}],"up":[{"embeddable":true,"href":"https:\/\/www.sisinternational.com\/pt\/wp-json\/wp\/v2\/pages\/27462"}],"wp:featuredmedia":[{"embeddable":true,"href":"https:\/\/www.sisinternational.com\/pt\/wp-json\/wp\/v2\/media\/62439"}],"wp:attachment":[{"href":"https:\/\/www.sisinternational.com\/pt\/wp-json\/wp\/v2\/media?parent=46991"}],"curies":[{"name":"wp","href":"https:\/\/api.w.org\/{rel}","templated":true}]}}