{"id":46984,"date":"2024-03-19T23:46:56","date_gmt":"2024-03-20T03:46:56","guid":{"rendered":"https:\/\/www.sisinternational.com\/?page_id=46984"},"modified":"2026-01-27T16:44:16","modified_gmt":"2026-01-27T21:44:16","slug":"consultoria-em-pesquisa-de-mercado-de-powertrain","status":"publish","type":"page","link":"https:\/\/www.sisinternational.com\/pt\/pericia\/consultoria-em-pesquisa-de-mercado-de-powertrain\/","title":{"rendered":"Pesquisa e consultoria de mercado de powertrain"},"content":{"rendered":"<h1 class=\"wp-block-heading\">Pesquisa e consultoria de mercado de powertrain<\/h1>\n\n\n\n<figure class=\"gb-block-image gb-block-image-1ab4b53e\"><img loading=\"lazy\" decoding=\"async\" width=\"1456\" height=\"816\" class=\"gb-image gb-image-1ab4b53e\" src=\"https:\/\/www.sisinternational.com\/wp-content\/uploads\/2025\/08\/Power-train-5.jpg\" alt=\"Pesquisa e Estrat\u00e9gia de Mercado Internacional da SIS\" title=\"Power train (5)\" srcset=\"https:\/\/www.sisinternational.com\/wp-content\/uploads\/2025\/08\/Power-train-5.jpg 1456w, https:\/\/www.sisinternational.com\/wp-content\/uploads\/2025\/08\/Power-train-5-300x168.jpg 300w, https:\/\/www.sisinternational.com\/wp-content\/uploads\/2025\/08\/Power-train-5-1024x574.jpg 1024w, https:\/\/www.sisinternational.com\/wp-content\/uploads\/2025\/08\/Power-train-5-768x430.jpg 768w, https:\/\/www.sisinternational.com\/wp-content\/uploads\/2025\/08\/Power-train-5-18x10.jpg 18w\" sizes=\"auto, (max-width: 1456px) 100vw, 1456px\"><\/figure>\n\n\n\n<hr class=\"wp-block-separator has-alpha-channel-opacity is-style-dots\"\/>\n\n\n\n<p>Num cen\u00e1rio autom\u00f3vel em mudan\u00e7a, onde as regulamenta\u00e7\u00f5es ambientais e as prefer\u00eancias dos consumidores levam a uma mudan\u00e7a significativa em dire\u00e7\u00e3o \u00e0 eletrifica\u00e7\u00e3o, a pesquisa de mercado e a consultoria de grupos motopropulsores tornaram-se ferramentas indispens\u00e1veis.<\/p>\n\n\n\n<h2 class=\"wp-block-heading\">What Is Powertrain market research? <\/h2>\n\n\n\n<p>A pesquisa e consultoria de mercado de powertrain oferecem insights que impulsionam avan\u00e7os no desempenho dos ve\u00edculos, efici\u00eancia de combust\u00edvel e redu\u00e7\u00e3o de emiss\u00f5es. Esta \u00e1rea especializada de pesquisa lan\u00e7a luz sobre as tend\u00eancias atuais do mercado e os avan\u00e7os tecnol\u00f3gicos e prev\u00ea dire\u00e7\u00f5es futuras, permitindo que as empresas permane\u00e7am \u00e0 frente num setor extremamente competitivo.<\/p>\n\n\n\n<h2 class=\"wp-block-heading\">Por que isso \u00e9 importante? <\/h2>\n\n\n\n<p>Powertrain <a class=\"wpil_keyword_link\" href=\"https:\/\/www.sisinternational.com\/pt\/publicacoes\/\"   title=\"Publica\u00e7\u00f5es\" data-wpil-keyword-link=\"linked\"  data-wpil-monitor-id=\"565\">pesquisa de mercado<\/a> and consulting comprehensively analyze the components that drive the automotive industry forward. This includes engines, transmissions, electric motors, batteries, and the software that controls these elements.<\/p>\n\n\n\n<p>Furthermore, this market research and consulting facilitate a deeper understanding of the competitive dynamics within the <a href=\"https:\/\/www.sisinternational.com\/pt\/mercado-global-de-sensores-automotivos\/\" title=\"Pesquisa de mercado de sensores automotivos\"  data-wpil-monitor-id=\"7532\">automotivo<\/a> industry. Through analysis of market leaders, emerging players, and technological innovations, businesses can benchmark their offerings and identify opportunities for differentiation and growth.<\/p>\n\n\n\n<p>Additionally, powertrain market research and consulting help businesses develop powertrain solutions that meet consumer demands. Insights into consumer trends enable companies to prioritize research and development efforts, ensuring their products resonate with market expectations and drive sales. It also allows businesses to keep pace with these technological changes, identifying opportunities for innovation and differentiation. <\/p>\n\n\n\n<h2 class=\"wp-block-heading\">Its Benefits<\/h2>\n\n\n\n<p>O envolvimento em pesquisas e consultoria de mercado de powertrain oferece \u00e0s empresas do setor automotivo uma vantagem competitiva, permitindo-lhes navegar com confian\u00e7a no cen\u00e1rio em r\u00e1pida mudan\u00e7a. Os insights obtidos com esta pesquisa especializada fornecem uma base s\u00f3lida para a tomada de decis\u00f5es estrat\u00e9gicas, impulsionando a inova\u00e7\u00e3o e promovendo o crescimento sustent\u00e1vel.<\/p>\n\n\n\n<ul class=\"wp-block-list\">\n<li><strong>Tomada de decis\u00e3o estrat\u00e9gica aprimorada:<\/strong> A pesquisa de mercado e a consultoria de powertrain fornecem aos tomadores de decis\u00e3o insights baseados em dados sobre as tend\u00eancias atuais e futuras da ind\u00fastria automotiva. Esta compreens\u00e3o abrangente facilita o desenvolvimento de estrat\u00e9gias informadas que se alinham com as crescentes demandas do mercado, os avan\u00e7os tecnol\u00f3gicos e as estruturas regulat\u00f3rias.<\/li>\n\n\n\n<li><strong>Inova\u00e7\u00e3o e Desenvolvimento de Produtos:<\/strong> Esta pesquisa de mercado identifica tecnologias emergentes e prefer\u00eancias dos consumidores, orientando o desenvolvimento de solu\u00e7\u00f5es novas e melhoradas de motores que atendam ou superem as expectativas do mercado.<\/li>\n\n\n\n<li><strong>Posicionamento de mercado e vantagem competitiva:<\/strong> A pesquisa e consultoria de mercado oferecem an\u00e1lises detalhadas dos concorrentes, incluindo seus pontos fortes, fracos e movimentos estrat\u00e9gicos. Esta intelig\u00eancia permite \u00e0s empresas identificar pontos de venda \u00fanicos e desenvolver estrat\u00e9gias de posicionamento destacando as suas vantagens, melhorando a sua posi\u00e7\u00e3o competitiva no mercado.<\/li>\n\n\n\n<li><strong>Identificando oportunidades de parceria e colabora\u00e7\u00e3o:<\/strong> A colabora\u00e7\u00e3o torna-se cada vez mais importante \u00e0 medida que a ind\u00fastria autom\u00f3vel avan\u00e7a em dire\u00e7\u00e3o \u00e0 eletrifica\u00e7\u00e3o e a solu\u00e7\u00f5es de mobilidade inteligentes. A pesquisa e consultoria de mercado de Powertrain podem revelar oportunidades potenciais de parceria com provedores de tecnologia, fornecedores e institui\u00e7\u00f5es de pesquisa.<\/li>\n<\/ul>\n\n\n\n<h2 class=\"wp-block-heading\">When to Conduct Powertrain Market Research <\/h2>\n\n\n\n<p>Para as empresas da ind\u00fastria automotiva, compreender o momento ideal para realizar pesquisas e consultoria de mercado de powertrain \u00e9 crucial para aproveitar todos os seus benef\u00edcios. Este momento estrat\u00e9gico pode influenciar significativamente os ciclos de desenvolvimento de produtos, as estrat\u00e9gias de entrada no mercado e o posicionamento competitivo.<\/p>\n\n\n\n<ul class=\"wp-block-list\">\n<li><strong>\u00c0 frente do desenvolvimento de novos produtos:<\/strong> Before developing a new powertrain system or component, conducting market research is essential. This early-stage <a href=\"https:\/\/www.sisinternational.com\/pt\/analise-da-industria-textil\/\" title=\"Pesquisa de Mercado T\u00eaxtil\"  data-wpil-monitor-id=\"2071\">research helps identify current market<\/a> needs, emerging trends, and potential technological advancements.<\/li>\n\n\n\n<li><strong>Em resposta \u00e0s mudan\u00e7as tecnol\u00f3gicas:<\/strong> O setor do grupo motopropulsor autom\u00f3vel est\u00e1 sujeito a r\u00e1pidas mudan\u00e7as tecnol\u00f3gicas, como a mudan\u00e7a para a eletrifica\u00e7\u00e3o e a hibridiza\u00e7\u00e3o. As empresas devem realizar pesquisas de mercado quando ocorrem mudan\u00e7as tecnol\u00f3gicas significativas para avaliar o impacto nas suas linhas de produtos e identificar oportunidades de inova\u00e7\u00e3o.<\/li>\n\n\n\n<li><strong>Ap\u00f3s mudan\u00e7as regulat\u00f3rias:<\/strong> As altera\u00e7\u00f5es regulamentares, especialmente as relacionadas com as emiss\u00f5es e os padr\u00f5es de efici\u00eancia de combust\u00edvel, t\u00eam um impacto significativo nas tecnologias de grupos motopropulsores. As empresas devem realizar pesquisas de mercado e consultoria ap\u00f3s tais mudan\u00e7as para compreender as suas implica\u00e7\u00f5es e ajustar as suas estrat\u00e9gias de produtos em conformidade.<\/li>\n<\/ul>\n\n\n\n<h2 class=\"wp-block-heading\">The SIS Advantage<\/h2>\n\n\n\n<p>Quando as empresas se envolvem com a SIS International para pesquisa e consultoria de mercado de powertrain, elas podem antecipar uma s\u00e9rie de resultados estrat\u00e9gicos que refor\u00e7am sua posi\u00e7\u00e3o na ind\u00fastria automotiva. Estes resultados s\u00e3o elaborados n\u00e3o apenas para enfrentar os desafios imediatos do mercado, mas tamb\u00e9m para aproveitar as oportunidades de longo prazo. Aqui est\u00e1 o que as empresas podem esperar:<\/p>\n\n\n\n<figure class=\"gb-block-image gb-block-image-c66fc5a8\"><img loading=\"lazy\" decoding=\"async\" width=\"1456\" height=\"816\" class=\"gb-image gb-image-c66fc5a8\" src=\"https:\/\/www.sisinternational.com\/wp-content\/uploads\/2025\/08\/Power-train-2.jpg\" alt=\"Pesquisa e Estrat\u00e9gia de Mercado Internacional da SIS\" title=\"Power train (2)\" srcset=\"https:\/\/www.sisinternational.com\/wp-content\/uploads\/2025\/08\/Power-train-2.jpg 1456w, https:\/\/www.sisinternational.com\/wp-content\/uploads\/2025\/08\/Power-train-2-300x168.jpg 300w, https:\/\/www.sisinternational.com\/wp-content\/uploads\/2025\/08\/Power-train-2-1024x574.jpg 1024w, https:\/\/www.sisinternational.com\/wp-content\/uploads\/2025\/08\/Power-train-2-768x430.jpg 768w, https:\/\/www.sisinternational.com\/wp-content\/uploads\/2025\/08\/Power-train-2-18x10.jpg 18w\" sizes=\"auto, (max-width: 1456px) 100vw, 1456px\"><\/figure>\n\n\n\n<p><\/p>\n\n\n\n<ul class=\"wp-block-list\">\n<li><strong>Comprehensive <\/strong><a href=\"https:\/\/www.sisinternational.com\/pt\/transporte-de-ambulancia\/\" title=\"Pesquisa de mercado de transporte de ambul\u00e2ncias\"  data-wpil-monitor-id=\"2088\">Market Insights: SIS\u2019s research<\/a> provides an extensive analysis of the powertrain market, covering trends, consumer preferences, technological advancements, and regulatory landscapes. This depth of insight ensures businesses have a holistic understanding of the environment in which they operate, allowing for more nuanced and informed strategic planning.<\/li>\n\n\n\n<li><strong>Caminhos de inova\u00e7\u00e3o:<\/strong> Atrav\u00e9s de pesquisa e consultoria diligentes, a SIS identifica tecnologias e inova\u00e7\u00f5es emergentes no setor de powertrain que as empresas podem explorar. Esses insights podem levar ao desenvolvimento de produtos e servi\u00e7os inovadores que atendam \u00e0s crescentes demandas do mercado e separem as empresas de seus concorrentes.<\/li>\n\n\n\n<li><strong>Estrat\u00e9gias Competitivas:<\/strong> Com a an\u00e1lise competitiva detalhada do SIS, as empresas compreendem a sua posi\u00e7\u00e3o em rela\u00e7\u00e3o aos principais concorrentes, incluindo insights sobre estrat\u00e9gias, pontos fortes e fracos dos concorrentes. Esse conhecimento \u00e9 fundamental para o desenvolvimento de estrat\u00e9gias diferenciadas que capitalizam os pontos fortes de neg\u00f3cios e as oportunidades de mercado \u00fanicas.<\/li>\n\n\n\n<li><strong>Conformidade regulat\u00f3ria:<\/strong> O SIS orienta a navega\u00e7\u00e3o nos complexos requisitos regulamentares que afetam as tecnologias de powertrain, ajudando as empresas a antecipar e a adaptar-se \u00e0s mudan\u00e7as regulamentares. Esta abordagem proativa garante a conformidade e reduz o risco de penalidades dispendiosas ou danos \u00e0 reputa\u00e7\u00e3o.<\/li>\n\n\n\n<li><strong>Oportunidades de parceria e investimento descobertas:<\/strong> Por \u00faltimo, a pesquisa de mercado da SIS pode revelar potenciais parcerias e oportunidades de investimento que podem acelerar o crescimento e a inova\u00e7\u00e3o. As empresas podem buscar colabora\u00e7\u00f5es que melhorem suas ofertas e presen\u00e7a no mercado, identificando empresas com tecnologias ou capacidades complementares.<\/li>\n<\/ul>\n\n\n\n<h2 class=\"wp-block-heading\">Ind\u00fastrias<\/h2>\n\n\n\n<p>O setor de powertrain \u00e9 parte integrante de v\u00e1rios setores, com seus avan\u00e7os e inova\u00e7\u00f5es moldando o futuro da mobilidade e do transporte. Aqui est\u00e3o ind\u00fastrias espec\u00edficas que dependem de pesquisa de mercado e consultoria de powertrain para desenvolvimento, competitividade e sustentabilidade.<\/p>\n\n\n\n<ul class=\"wp-block-list\">\n<li><strong>Fabrica\u00e7\u00e3o automotiva:<\/strong> Os fabricantes automotivos aproveitam os servi\u00e7os de pesquisa e consultoria para desenvolver e refinar motores, transmiss\u00f5es e unidades de acionamento el\u00e9trico. Empresas como Toyota, Volkswagen e Tesla procuram continuamente formas de melhorar a efici\u00eancia de combust\u00edvel, reduzir emiss\u00f5es e melhorar o desempenho, baseando-se em conhecimentos de mercado para orientar as suas estrat\u00e9gias de desenvolvimento de produtos.<\/li>\n\n\n\n<li><strong>Ve\u00edculos Comerciais e M\u00e1quinas Pesadas:<\/strong> Os fabricantes de ve\u00edculos comerciais e maquinaria pesada, incluindo empresas como Volvo, Caterpillar e John Deere, tamb\u00e9m dependem dos avan\u00e7os tecnol\u00f3gicos dos grupos motopropulsores. Este setor se concentra em maximizar a efici\u00eancia, durabilidade e confiabilidade para atender \u00e0s rigorosas demandas de servi\u00e7os de constru\u00e7\u00e3o, agricultura e transporte.<\/li>\n\n\n\n<li><strong>Fabricantes de ve\u00edculos el\u00e9tricos (EV) e h\u00edbridos:<\/strong> The rapid growth of the EV and hybrid <a href=\"https:\/\/www.sisinternational.com\/pt\/pericia\/pesquisa-de-mercado-de-produtos-quimicos-a-granel\/\" title=\"Pesquisa de mercado de produtos qu\u00edmicos a granel\"  data-wpil-monitor-id=\"2123\">markets has underscored the importance of powertrain<\/a> research in developing efficient battery systems, electric motors, and integrated control software.<\/li>\n\n\n\n<li><strong>Ind\u00fastria aeroespacial:<\/strong> Embora n\u00e3o seja imediatamente aparente, a ind\u00fastria aeroespacial, incluindo empresas como a Boeing e a Airbus, est\u00e1 a explorar cada vez mais sistemas de propuls\u00e3o el\u00e9ctrica para aeronaves. A pesquisa de powertrain neste setor concentra-se no desenvolvimento de motores e eletr\u00f4nicos de pot\u00eancia leves e de alta efici\u00eancia que possam atender \u00e0s demandas exclusivas da avia\u00e7\u00e3o.<\/li>\n\n\n\n<li><strong>Setor Mar\u00edtimo:<\/strong> Os construtores navais e os fabricantes de sistemas de propuls\u00e3o mar\u00edtima tamb\u00e9m est\u00e3o envolvidos em pesquisas de mercado de grupos motopropulsores, procurando formas de reduzir o impacto ambiental do transporte mar\u00edtimo. Empresas como a Rolls-Royce Marine e a W\u00e4rtsil\u00e4 est\u00e3o a explorar a eletrifica\u00e7\u00e3o, sistemas h\u00edbridos e combust\u00edveis alternativos para alimentar embarca\u00e7\u00f5es comerciais e recreativas de forma mais sustent\u00e1vel.<\/li>\n<\/ul>\n\n\n\n<h2 class=\"wp-block-heading\">Why SIS?<\/h2>\n\n\n\n<p>O SIS fornece insights e an\u00e1lises abrangentes que podem ajudar as empresas das seguintes maneiras:<\/p>\n\n\n\n<ul class=\"wp-block-list\">\n<li><strong>Compreens\u00e3o do mercado:<\/strong> Os consultores da SIS International ajudam as empresas a compreender o estado atual do mercado de powertrain, incluindo tend\u00eancias, motivadores de demanda e prefer\u00eancias dos clientes. Essas informa\u00e7\u00f5es s\u00e3o cruciais para a tomada de decis\u00f5es informadas sobre o desenvolvimento de produtos e estrat\u00e9gias de marketing.<\/li>\n\n\n\n<li><strong>Analise competitiva:<\/strong> A empresa fornece insights sobre o cen\u00e1rio competitivo, ajudando as empresas a identificar seus principais concorrentes, compreender suas estrat\u00e9gias e encontrar oportunidades para diferenciar suas ofertas.<\/li>\n\n\n\n<li><strong>Tend\u00eancias tecnol\u00f3gicas:<\/strong> Com a ind\u00fastria autom\u00f3vel a passar por mudan\u00e7as significativas, especialmente na eletrifica\u00e7\u00e3o e nas tecnologias h\u00edbridas, o SIS ajuda as empresas a manterem-se \u00e0 frente, identificando tecnologias emergentes e tend\u00eancias de mercado.<\/li>\n\n\n\n<li><strong>Informa\u00e7\u00f5es regulat\u00f3rias:<\/strong> Fornecemos an\u00e1lises de tend\u00eancias regulat\u00f3rias e seu impacto no mercado de powertrain, ajudando as empresas a navegar no complexo ambiente regulat\u00f3rio e a planejar a conformidade.<\/li>\n\n\n\n<li><strong>Desenvolvimento de Produto:<\/strong> Os insights fornecidos por nossos especialistas podem informar as decis\u00f5es de desenvolvimento de produtos, ajudando as empresas a projetar solu\u00e7\u00f5es de trem de for\u00e7a que atendam \u00e0s demandas do mercado e \u00e0s expectativas dos clientes.<\/li>\n\n\n\n<li><strong>Entrada e Expans\u00e3o no Mercado:<\/strong> For businesses looking to enter new markets or expand their presence, SIS International&#8217;s <a href=\"https:\/\/www.sisinternational.com\/pt\/solucoes\/pesquisa-de-mercado-b2b2c\/\" title=\"Pesquisa de mercado B2B2C\"  data-wpil-monitor-id=\"2137\">research can provide valuable insights into market<\/a> potential, entry barriers, and local competition.<\/li>\n\n\n\n<li><strong>Otimiza\u00e7\u00e3o da Cadeia de Suprimentos:<\/strong> Podemos ajudar as empresas a otimizar a sua cadeia de abastecimento, identificando os principais fornecedores, analisando estruturas de custos e avaliando riscos.<\/li>\n<\/ul>\n\n\n\n<p><\/p>","protected":false},"excerpt":{"rendered":"<p>A pesquisa e consultoria de mercado de Powertrain analisam de forma abrangente os componentes que impulsionam a ind\u00fastria automotiva.<\/p>","protected":false},"author":1,"featured_media":64834,"parent":14514,"menu_order":429,"comment_status":"closed","ping_status":"closed","template":"","meta":{"footnotes":""},"class_list":["post-46984","page","type-page","status-publish","has-post-thumbnail"],"_links":{"self":[{"href":"https:\/\/www.sisinternational.com\/pt\/wp-json\/wp\/v2\/pages\/46984","targetHints":{"allow":["GET"]}}],"collection":[{"href":"https:\/\/www.sisinternational.com\/pt\/wp-json\/wp\/v2\/pages"}],"about":[{"href":"https:\/\/www.sisinternational.com\/pt\/wp-json\/wp\/v2\/types\/page"}],"author":[{"embeddable":true,"href":"https:\/\/www.sisinternational.com\/pt\/wp-json\/wp\/v2\/users\/1"}],"replies":[{"embeddable":true,"href":"https:\/\/www.sisinternational.com\/pt\/wp-json\/wp\/v2\/comments?post=46984"}],"version-history":[{"count":13,"href":"https:\/\/www.sisinternational.com\/pt\/wp-json\/wp\/v2\/pages\/46984\/revisions"}],"predecessor-version":[{"id":81158,"href":"https:\/\/www.sisinternational.com\/pt\/wp-json\/wp\/v2\/pages\/46984\/revisions\/81158"}],"up":[{"embeddable":true,"href":"https:\/\/www.sisinternational.com\/pt\/wp-json\/wp\/v2\/pages\/14514"}],"wp:featuredmedia":[{"embeddable":true,"href":"https:\/\/www.sisinternational.com\/pt\/wp-json\/wp\/v2\/media\/64834"}],"wp:attachment":[{"href":"https:\/\/www.sisinternational.com\/pt\/wp-json\/wp\/v2\/media?parent=46984"}],"curies":[{"name":"wp","href":"https:\/\/api.w.org\/{rel}","templated":true}]}}