{"id":46981,"date":"2024-03-19T23:45:21","date_gmt":"2024-03-20T03:45:21","guid":{"rendered":"https:\/\/www.sisinternational.com\/?page_id=46981"},"modified":"2026-03-12T12:48:53","modified_gmt":"2026-03-12T16:48:53","slug":"pesquisa-de-mercado-de-cuidados-urgentes","status":"publish","type":"page","link":"https:\/\/www.sisinternational.com\/pt\/solucoes\/pesquisa-de-mercado-de-saude\/pesquisa-de-mercado-de-cuidados-urgentes\/","title":{"rendered":"Pesquisa de mercado de atendimento urgente"},"content":{"rendered":"<h1 class=\"wp-block-heading\">Pesquisa de mercado de atendimento urgente<\/h1>\n\n\n\n<figure class=\"gb-block-image gb-block-image-6f28a32a\"><img loading=\"lazy\" decoding=\"async\" width=\"1456\" height=\"816\" class=\"gb-image gb-image-6f28a32a\" src=\"https:\/\/www.sisinternational.com\/wp-content\/uploads\/2025\/08\/Hospitan-urgent-care-4.jpg\" alt=\"Pesquisa e Estrat\u00e9gia de Mercado Internacional da SIS\" title=\"Hospita\u00f1 urgent care (4)\" srcset=\"https:\/\/www.sisinternational.com\/wp-content\/uploads\/2025\/08\/Hospitan-urgent-care-4.jpg 1456w, https:\/\/www.sisinternational.com\/wp-content\/uploads\/2025\/08\/Hospitan-urgent-care-4-300x168.jpg 300w, https:\/\/www.sisinternational.com\/wp-content\/uploads\/2025\/08\/Hospitan-urgent-care-4-1024x574.jpg 1024w, https:\/\/www.sisinternational.com\/wp-content\/uploads\/2025\/08\/Hospitan-urgent-care-4-768x430.jpg 768w, https:\/\/www.sisinternational.com\/wp-content\/uploads\/2025\/08\/Hospitan-urgent-care-4-18x10.jpg 18w\" sizes=\"auto, (max-width: 1456px) 100vw, 1456px\"><\/figure>\n\n\n\n<hr class=\"wp-block-separator has-alpha-channel-opacity is-style-dots\"\/>\n\n\n\n<p>A pesquisa de mercado de atendimento de urg\u00eancia \u00e9 crucial no planejamento estrat\u00e9gico e no investimento no setor de sa\u00fade. Permite que as partes interessadas identifiquem tend\u00eancias emergentes, como a integra\u00e7\u00e3o de servi\u00e7os de telemedicina, e avaliem a resposta do mercado \u00e0s inova\u00e7\u00f5es na presta\u00e7\u00e3o de cuidados.<\/p>\n\n\n\n<h2 class=\"wp-block-heading\">What Is Urgent care market research?<\/h2>\n\n\n\n<p>Urgent care market research is an analytical process designed to gather, analyze, and interpret data related to the urgent care industry. It delves into various sector aspects, including patient demographics, service demand patterns, competitive landscape, and operational challenges. <\/p>\n\n\n\n<h2 class=\"wp-block-heading\">Por que isso \u00e9 importante? <\/h2>\n\n\n\n<p>Patients increasingly opt for urgent care centers over traditional primary care physicians or hospital emergency rooms for non-life-threatening conditions due to shorter wait times and lower costs. Urgent care <a class=\"wpil_keyword_link\" href=\"https:\/\/www.sisinternational.com\/pt\/\"   title=\"In\u00edcio\" data-wpil-keyword-link=\"linked\"  data-wpil-monitor-id=\"566\">pesquisa de mercado<\/a> helps businesses understand these shifting preferences and adapt their services to meet consumer demands effectively.<\/p>\n\n\n\n<p>Al\u00e9m disso, a ind\u00fastria dos cuidados urgentes est\u00e1 a tornar-se mais saturada com a entrada de novos intervenientes no mercado, tornando essencial que os centros existentes se diferenciem. Por meio de pesquisas de mercado abrangentes, as empresas podem obter insights sobre estrat\u00e9gias competitivas, tend\u00eancias de mercado e melhores pr\u00e1ticas. Estas informa\u00e7\u00f5es permitem que os prestadores de cuidados urgentes refinem os seus modelos operacionais, melhorem as experi\u00eancias dos pacientes e implementem servi\u00e7os inovadores que os diferenciam dos concorrentes.<\/p>\n\n\n\n<p>Moreover, regulatory changes and healthcare reforms are continuously shaping the operational landscape of urgent care centers. This <a href=\"https:\/\/www.sisinternational.com\/pt\/cobertura\/pesquisa-de-mercado-africa\/pesquisa-de-mercado-na-mauritania-africa\/\" title=\"Pesquisa de Mercado na Maurit\u00e2nia, \u00c1frica \u2013 uma Vis\u00e3o Geral\"  data-wpil-monitor-id=\"5303\">market research provides a detailed overview<\/a> of the regulatory environment, helping businesses navigate legal requirements and leverage policy changes.<\/p>\n\n\n\n<h2 class=\"wp-block-heading\">Additional Benefits of Urgent Care Market Research<\/h2>\n\n\n\n<ul class=\"wp-block-list\">\n<li><strong>Planejamento Estrat\u00e9gico Informado:<\/strong> A pesquisa de mercado fornece \u00e0s empresas dados cr\u00edticos sobre tend\u00eancias de mercado, prefer\u00eancias do consumidor e cen\u00e1rios competitivos. Essa riqueza de informa\u00e7\u00f5es \u00e9 a base do planejamento estrat\u00e9gico. Permite que os centros de cuidados de urg\u00eancia alinhem os seus servi\u00e7os com as exig\u00eancias do mercado, antecipem as tend\u00eancias futuras e se posicionem estrategicamente na ind\u00fastria.<\/li>\n\n\n\n<li><strong>Experi\u00eancia aprimorada do paciente:<\/strong> Research helps identify what patients value most in their healthcare experiences, from shorter waiting times and convenient locations to digital health services and transparent pricing. <\/li>\n\n\n\n<li><strong>Efici\u00eancia operacional:<\/strong> Through market research, businesses can gain insights into operational best practices, innovative service delivery models, and <a class=\"wpil_keyword_link\" href=\"https:\/\/www.sisinternational.com\/pt\/solucoes\/inovacao-tecnologica\/\"   title=\"SIS Technology &amp; Innovation Solutions\" data-wpil-keyword-link=\"linked\"  data-wpil-monitor-id=\"567\">technology solutions<\/a> that streamline processes. This knowledge can lead to the implementation of more efficient workflows, reduced operational costs, and improved patient throughput.<\/li>\n\n\n\n<li><strong>Diferencia\u00e7\u00e3o Competitiva:<\/strong> A an\u00e1lise de mercado fornece uma compreens\u00e3o profunda do cen\u00e1rio competitivo, incluindo os pontos fortes e fracos dos centros rivais, suas ofertas de servi\u00e7os e estrat\u00e9gias de marketing. Com esta informa\u00e7\u00e3o, os centros de cuidados urgentes podem desenvolver propostas de valor \u00fanicas, servi\u00e7os inovadores e campanhas de marketing direcionadas que os diferenciam dos concorrentes, atraindo mais pacientes e estabelecendo uma forte presen\u00e7a no mercado.<\/li>\n\n\n\n<li><strong>Gerenciamento de riscos:<\/strong> Urgent <a href=\"https:\/\/www.sisinternational.com\/pt\/pericia\/industrias\/pesquisa-de-mercado-para-tratamento-de-feridas\/\" title=\"Pesquisa de mercado para tratamento de feridas\"  data-wpil-monitor-id=\"3158\">care market research<\/a> helps identify risks early, allowing businesses to implement strategies to mitigate their impact. Urgent care centers can navigate challenges more effectively by staying informed and agile, ensuring long-term sustainability and growth.<\/li>\n<\/ul>\n\n\n\n<h2 class=\"wp-block-heading\">Who Uses Urgent care market research<\/h2>\n\n\n\n<p>Healthcare Providers use <a href=\"https:\/\/www.sisinternational.com\/pt\/pericia\/industrias\/pesquisa-de-mercado-demografica\/\" title=\"Pesquisa de mercado demogr\u00e1fica\"  data-wpil-monitor-id=\"3242\">market research to understand patient demographics<\/a>, preferences, and behaviors. Additionally, understanding the competitive landscape helps these providers position themselves strategically in the market, enhancing their marketing efforts and service offerings to attract and retain patients.<\/p>\n\n\n\n<p>O setor de cuidados urgentes tamb\u00e9m atraiu interesse significativo de investidores que procuram oportunidades de crescimento no setor de sa\u00fade. Eles confiam nesta pesquisa para avaliar a viabilidade de potenciais investimentos, compreender as tend\u00eancias do mercado e identificar centros de alto desempenho com potencial de expans\u00e3o ou aquisi\u00e7\u00e3o.<\/p>\n\n\n\n<p>Furthermore, government agencies and <a href=\"https:\/\/www.sisinternational.com\/pt\/dia-mundial-do-autismo\/\" title=\"Estudos de pesquisa de mercado sobre autismo\"  data-wpil-monitor-id=\"2094\">healthcare regulatory bodies use urgent care market<\/a> research to inform policy development and healthcare planning. Research insights help identify gaps in healthcare services, understand the role of urgent care centers in the broader healthcare system, and assess the impact of regulatory changes on the sector.<\/p>\n\n\n\n<h2 class=\"wp-block-heading\">The SIS Advantage<\/h2>\n\n\n\n<figure class=\"gb-block-image gb-block-image-d48de8a6\"><img loading=\"lazy\" decoding=\"async\" width=\"1456\" height=\"816\" class=\"gb-image gb-image-d48de8a6\" src=\"https:\/\/www.sisinternational.com\/wp-content\/uploads\/2025\/08\/Hospitan-urgent-care-5.jpg\" alt=\"Pesquisa e Estrat\u00e9gia de Mercado Internacional da SIS\" title=\"Hospita\u00f1 urgent care (5)\" srcset=\"https:\/\/www.sisinternational.com\/wp-content\/uploads\/2025\/08\/Hospitan-urgent-care-5.jpg 1456w, https:\/\/www.sisinternational.com\/wp-content\/uploads\/2025\/08\/Hospitan-urgent-care-5-300x168.jpg 300w, https:\/\/www.sisinternational.com\/wp-content\/uploads\/2025\/08\/Hospitan-urgent-care-5-1024x574.jpg 1024w, https:\/\/www.sisinternational.com\/wp-content\/uploads\/2025\/08\/Hospitan-urgent-care-5-768x430.jpg 768w, https:\/\/www.sisinternational.com\/wp-content\/uploads\/2025\/08\/Hospitan-urgent-care-5-18x10.jpg 18w\" sizes=\"auto, (max-width: 1456px) 100vw, 1456px\"><\/figure>\n\n\n\n<p><\/p>\n\n\n\n<p>When engaging in urgent <a href=\"https:\/\/www.sisinternational.com\/pt\/pericia\/industrias\/pesquisa-de-mercado-de-cuidados-com-animais-de-estimacao\/\" title=\"Pesquisa de mercado de cuidados com animais de estima\u00e7\u00e3o\"  data-wpil-monitor-id=\"6304\">care market research<\/a> with SIS International, healthcare providers and stakeholders can anticipate impactful outcomes that enhance strategic decision-making and operational excellence. SIS&#8217;s comprehensive approach to market research delivers in-depth insights and actionable recommendations, guiding urgent care centers toward achieving their business objectives. Here are some expected results from leveraging SIS&#8217;s expertise:<\/p>\n\n\n\n<ul class=\"wp-block-list\">\n<li><strong>Compreens\u00e3o aprofundada do cen\u00e1rio do mercado:<\/strong> SIS\u2019s urgent care market research provides a detailed analysis of the market environment, including patient demographics, consumer behavior, and competitive analysis. <\/li>\n\n\n\n<li><strong>Identifica\u00e7\u00e3o de oportunidades de crescimento:<\/strong> O SIS revela oportunidades potenciais de expans\u00e3o e crescimento no setor de cuidados urgentes. Isto pode incluir informa\u00e7\u00f5es sobre \u00e1reas geogr\u00e1ficas mal servidas, necessidades emergentes dos pacientes ou novas ofertas de servi\u00e7os que atendam \u00e0s crescentes exig\u00eancias dos consumidores de cuidados de sa\u00fade. Com esta informa\u00e7\u00e3o, os prestadores de cuidados urgentes podem planear estrategicamente a expans\u00e3o, diversificar os seus servi\u00e7os e capturar novos segmentos de mercado.<\/li>\n\n\n\n<li><strong>Recomenda\u00e7\u00f5es de efici\u00eancia operacional:<\/strong> A pesquisa de mercado do SIS vai al\u00e9m da din\u00e2mica do mercado para avaliar os aspectos operacionais dos centros de atendimento de urg\u00eancia. O resultado s\u00e3o recomenda\u00e7\u00f5es direcionadas para aumentar a efici\u00eancia operacional, reduzir os tempos de espera e melhorar a experi\u00eancia geral do paciente, gerando maior satisfa\u00e7\u00e3o e fidelidade.<\/li>\n\n\n\n<li><strong>Insights estrat\u00e9gicos de marketing:<\/strong> Understanding how to reach and communicate with target patients effectively is crucial for the success of urgent care centers. SIS provides strategic marketing insights, identifying the most effective channels, messages, and strategies for patient engagement. <\/li>\n<\/ul>\n\n\n\n<h2 class=\"wp-block-heading\">Oportunidades<\/h2>\n\n\n\n<p>O setor de cuidados urgentes apresenta uma riqueza de oportunidades para empresas que procuram inovar, expandir e melhorar os seus servi\u00e7os no setor da sa\u00fade. Aqui, existem v\u00e1rias \u00e1reas-chave onde as empresas podem aproveitar a pesquisa de mercado para identificar e capitalizar oportunidades no mercado de cuidados urgentes.<\/p>\n\n\n\n<ul class=\"wp-block-list\">\n<li><strong>Expans\u00e3o para novas \u00e1reas geogr\u00e1ficas:<\/strong> One of the most significant opportunities is the expansion into new geographic locations. <\/li>\n\n\n\n<li><strong>Ado\u00e7\u00e3o de tecnologias avan\u00e7adas:<\/strong> A integra\u00e7\u00e3o tecnol\u00f3gica na \u00e1rea da sa\u00fade est\u00e1 avan\u00e7ando rapidamente, oferecendo novas maneiras de melhorar o atendimento ao paciente e a efici\u00eancia operacional. A pesquisa de mercado ajuda as empresas a identificar tend\u00eancias tecnol\u00f3gicas e prefer\u00eancias dos pacientes por solu\u00e7\u00f5es digitais de sa\u00fade, como telemedicina, agendamento de consultas on-line e registros eletr\u00f4nicos de sa\u00fade.<\/li>\n\n\n\n<li><strong>Diversifica\u00e7\u00e3o de servi\u00e7os:<\/strong> Compreender as necessidades dos pacientes e as lacunas do mercado \u00e9 crucial para diversificar os servi\u00e7os oferecidos pelos centros de atendimento de urg\u00eancia. A an\u00e1lise de mercado pode revelar necessidades n\u00e3o satisfeitas dos pacientes ou \u00e1reas de elevada procura, tais como servi\u00e7os de sa\u00fade ocupacional, cuidados pedi\u00e1tricos especializados ou servi\u00e7os integrados de sa\u00fade mental.<\/li>\n\n\n\n<li><strong>Parcerias e Colabora\u00e7\u00f5es:<\/strong> Collaborating with other healthcare providers, technology companies, or community organizations presents another opportunity for urgent care centers to enhance their services and extend their reach. <\/li>\n<\/ul>\n\n\n\n<p><\/p>","protected":false},"excerpt":{"rendered":"<p>A pesquisa de mercado de atendimento de urg\u00eancia \u00e9 um processo anal\u00edtico projetado para coletar, analisar e interpretar dados relacionados ao setor de atendimento de urg\u00eancia.<\/p>","protected":false},"author":1,"featured_media":63571,"parent":11294,"menu_order":428,"comment_status":"closed","ping_status":"closed","template":"","meta":{"footnotes":""},"class_list":["post-46981","page","type-page","status-publish","has-post-thumbnail"],"_links":{"self":[{"href":"https:\/\/www.sisinternational.com\/pt\/wp-json\/wp\/v2\/pages\/46981","targetHints":{"allow":["GET"]}}],"collection":[{"href":"https:\/\/www.sisinternational.com\/pt\/wp-json\/wp\/v2\/pages"}],"about":[{"href":"https:\/\/www.sisinternational.com\/pt\/wp-json\/wp\/v2\/types\/page"}],"author":[{"embeddable":true,"href":"https:\/\/www.sisinternational.com\/pt\/wp-json\/wp\/v2\/users\/1"}],"replies":[{"embeddable":true,"href":"https:\/\/www.sisinternational.com\/pt\/wp-json\/wp\/v2\/comments?post=46981"}],"version-history":[{"count":14,"href":"https:\/\/www.sisinternational.com\/pt\/wp-json\/wp\/v2\/pages\/46981\/revisions"}],"predecessor-version":[{"id":79887,"href":"https:\/\/www.sisinternational.com\/pt\/wp-json\/wp\/v2\/pages\/46981\/revisions\/79887"}],"up":[{"embeddable":true,"href":"https:\/\/www.sisinternational.com\/pt\/wp-json\/wp\/v2\/pages\/11294"}],"wp:featuredmedia":[{"embeddable":true,"href":"https:\/\/www.sisinternational.com\/pt\/wp-json\/wp\/v2\/media\/63571"}],"wp:attachment":[{"href":"https:\/\/www.sisinternational.com\/pt\/wp-json\/wp\/v2\/media?parent=46981"}],"curies":[{"name":"wp","href":"https:\/\/api.w.org\/{rel}","templated":true}]}}