{"id":46971,"date":"2024-03-19T16:31:26","date_gmt":"2024-03-19T20:31:26","guid":{"rendered":"https:\/\/www.sisinternational.com\/?page_id=46971"},"modified":"2026-01-25T18:51:05","modified_gmt":"2026-01-25T23:51:05","slug":"pesquisa-de-mercado-de-consultoria-de-ia-de-seguros-bentech","status":"publish","type":"page","link":"https:\/\/www.sisinternational.com\/pt\/solucoes\/pesquisa-de-mercado-de-ia-e-consultoria-estrategica\/pesquisa-de-mercado-de-consultoria-de-ia-de-seguros-bentech\/","title":{"rendered":"BenTech Insurance AI Consultoria e Pesquisa de Mercado"},"content":{"rendered":"<h1 class=\"gb-headline gb-headline-969afd6f gb-headline-text\">BenTech Insurance AI Consultoria e Pesquisa de Mercado<\/h1>\n\n\n\n<figure class=\"gb-block-image gb-block-image-b0b6035b\"><img loading=\"lazy\" decoding=\"async\" width=\"1456\" height=\"816\" class=\"gb-image gb-image-b0b6035b\" src=\"https:\/\/www.sisinternational.com\/wp-content\/uploads\/2025\/08\/AI-2.jpg\" alt=\"Pesquisa e Estrat\u00e9gia de Mercado Internacional da SIS\" title=\"AI (2)\" srcset=\"https:\/\/www.sisinternational.com\/wp-content\/uploads\/2025\/08\/AI-2.jpg 1456w, https:\/\/www.sisinternational.com\/wp-content\/uploads\/2025\/08\/AI-2-300x168.jpg 300w, https:\/\/www.sisinternational.com\/wp-content\/uploads\/2025\/08\/AI-2-1024x574.jpg 1024w, https:\/\/www.sisinternational.com\/wp-content\/uploads\/2025\/08\/AI-2-768x430.jpg 768w, https:\/\/www.sisinternational.com\/wp-content\/uploads\/2025\/08\/AI-2-18x10.jpg 18w\" sizes=\"auto, (max-width: 1456px) 100vw, 1456px\"><\/figure>\n\n\n\n<hr class=\"wp-block-separator has-alpha-channel-opacity is-style-dots\"\/>\n\n\n\n<h3 class=\"wp-block-heading\">O cora\u00e7\u00e3o da consultoria de IA de seguros da BenTech reside na sua capacidade de desmistificar tecnologias complexas de IA para seguradoras, permitindo-lhes tomar decis\u00f5es informadas sobre quais ferramentas e estrat\u00e9gias atender\u00e3o melhor \u00e0s suas necessidades espec\u00edficas.<\/h3>\n\n\n\n<p>Como podem as companhias de seguros aproveitar o poder transformador da IA para se manterem competitivas e redefinir o valor que entregam aos seus clientes? A consultoria e pesquisa de mercado de IA de seguros da BenTech \u00e9 uma \u00e1rea especializada preparada para orientar as seguradoras atrav\u00e9s das complexidades da ado\u00e7\u00e3o e implementa\u00e7\u00e3o de IA \u2013 e esta pesquisa \u00e9 cada vez mais utilizada por empresas em todo o mundo.<\/p>\n\n\n\n<h2 class=\"wp-block-heading\">What Is BenTech insurance AI consulting and market research?<\/h2>\n\n\n\n<p>BenTech insurance AI consulting and market research empower insurance companies to navigate the intricacies of AI technology, ensuring that their investments enhance operational efficiencies and drive meaningful customer experiences.&nbsp;<\/p>\n\n\n\n<p>It provides the expertise to understand and implement AI technologies effectively. However, leveraging AI requires specialized knowledge to apply technologies to enhance operational efficiencies, improve risk assessment, and deliver personalized customer experiences.&nbsp;<\/p>\n\n\n\n<h2 class=\"wp-block-heading\">Why Is BenTech insurance AI consulting?<\/h2>\n\n\n\n<p>This market research and <a class=\"wpil_keyword_link\" href=\"https:\/\/www.sisinternational.com\/pt\/pericia\/industrias\/pesquisa-de-mercado-para-deficientes\/\"   title=\"Disability Market Consulting\" data-wpil-keyword-link=\"linked\"  data-wpil-monitor-id=\"573\">consultando<\/a> provide actionable insights that inform strategic decisions. This includes identifying new market opportunities, understanding competitive pressures, and gauging customer sentiment towards AI-driven services.<\/p>\n\n\n\n<p>Additionally, insurers can gain a more nuanced understanding of risk through <a class=\"wpil_keyword_link\" href=\"https:\/\/www.sisinternational.com\/pt\/predictive-analytics\/\"   title=\"Predictive Analytics: Your Crystal Ball for Business Success\" data-wpil-keyword-link=\"linked\"  data-wpil-monitor-id=\"575\">predictive analytics<\/a> and machine learning, leading to more accurate pricing and underwriting decisions. BenTech <a href=\"https:\/\/www.sisinternational.com\/pt\/pericia\/industrias\/construcao-de-consultoria-em-estrategia-de-pesquisa-de-mercado-de-seguros\/\" title=\"Building Insurance Market Research\"  data-wpil-monitor-id=\"5025\">insurance AI consulting and market research<\/a> facilitate this advanced risk assessment, enabling insurers to offer more competitive rates while managing their risk portfolios effectively.<\/p>\n\n\n\n<p>De qualquer forma, esta pesquisa e consultoria traz v\u00e1rios outros benef\u00edcios para as empresas, incluindo:<\/p>\n\n\n\n<ul class=\"wp-block-list\">\n<li><strong>Personaliza\u00e7\u00e3o em escala:<\/strong> AI algorithms analyze vast amounts of data to derive insights <a class=\"wpil_keyword_link\" href=\"https:\/\/www.sisinternational.com\/pt\/sobre-a-sis-international-research\/\"   title=\"Sobre n\u00f3s\" data-wpil-keyword-link=\"linked\"  data-wpil-monitor-id=\"576\">about<\/a> individual customer preferences. This enables insurers to tailor their products and services to meet each client&#8217;s needs, from customized insurance policies to personalized communication strategies.<\/li>\n\n\n\n<li><strong>Opera\u00e7\u00f5es simplificadas e custos reduzidos:<\/strong> AI technologies automate and optimize various insurance processes, from claims processing to underwriting. This automation speeds up operations and reduces the likelihood of human error, leading to more accurate outcomes.<\/li>\n\n\n\n<li><strong>Avalia\u00e7\u00e3o de risco aprimorada:<\/strong> Os modelos de IA podem prever com precis\u00e3o riscos e resultados potenciais, analisando padr\u00f5es de dados. Isto permite que as seguradoras precifiquem os seus produtos com mais precis\u00e3o, levando a pr\u00e9mios de cliente mais justos e a uma melhor gest\u00e3o do risco da empresa.<\/li>\n<\/ul>\n\n\n\n<h2 class=\"wp-block-heading\">Who Leverages BenTech Insurance AI consulting<\/h2>\n\n\n\n<figure class=\"gb-block-image gb-block-image-2efda06f\"><img loading=\"lazy\" decoding=\"async\" width=\"1456\" height=\"816\" class=\"gb-image gb-image-2efda06f\" src=\"https:\/\/www.sisinternational.com\/wp-content\/uploads\/2025\/08\/AI-12.jpg\" alt=\"Pesquisa e Estrat\u00e9gia de Mercado Internacional da SIS\" title=\"AI (12)\" srcset=\"https:\/\/www.sisinternational.com\/wp-content\/uploads\/2025\/08\/AI-12.jpg 1456w, https:\/\/www.sisinternational.com\/wp-content\/uploads\/2025\/08\/AI-12-300x168.jpg 300w, https:\/\/www.sisinternational.com\/wp-content\/uploads\/2025\/08\/AI-12-1024x574.jpg 1024w, https:\/\/www.sisinternational.com\/wp-content\/uploads\/2025\/08\/AI-12-768x430.jpg 768w, https:\/\/www.sisinternational.com\/wp-content\/uploads\/2025\/08\/AI-12-18x10.jpg 18w\" sizes=\"auto, (max-width: 1456px) 100vw, 1456px\"><\/figure>\n\n\n\n<p><\/p>\n\n\n\n<p>The insurtech startups are disruptors in the insurance space, often built around AI and digital technologies from the outset. These companies utilize BenTech insurance <a class=\"wpil_keyword_link\" href=\"https:\/\/www.sisinternational.com\/pt\/solucoes\/pesquisa-de-mercado-de-ia-e-consultoria-estrategica\/\"   title=\"Pesquisa e estrat\u00e9gia de mercado de IA\" data-wpil-keyword-link=\"linked\"  data-wpil-monitor-id=\"274\">AI market research<\/a> to identify gaps in the market, understand consumer needs, and develop innovative solutions that challenge traditional insurance models.<\/p>\n\n\n\n<p>Os Provedores de Tecnologia tamb\u00e9m se beneficiam desta consultoria e pesquisa de mercado. Estes fornecedores utilizam informa\u00e7\u00f5es provenientes de pesquisas de mercado para adaptar os seus produtos \u00e0s necessidades espec\u00edficas do setor segurador, garantindo que as suas solu\u00e7\u00f5es s\u00e3o relevantes e eficazes.<\/p>\n\n\n\n<p>Embora n\u00e3o sejam utilizadores diretos, os organismos reguladores desempenham um papel fundamental na defini\u00e7\u00e3o da ado\u00e7\u00e3o da IA nos seguros. Os insights provenientes de estudos de mercado podem informar a elabora\u00e7\u00e3o de pol\u00edticas e os quadros regulamentares, garantindo que a integra\u00e7\u00e3o das tecnologias de IA protege os consumidores e promove uma concorr\u00eancia saud\u00e1vel.<\/p>\n\n\n\n<h2 class=\"wp-block-heading\">Why SIS International BenTech insurance AI consulting<\/h2>\n\n\n\n<p>Engaging with <a href=\"https:\/\/www.sisinternational.com\/pt\/dia-memorial\/\" title=\"Pesquisa de mercado do Memorial Day\"  data-wpil-monitor-id=\"2032\">SIS for BenTech insurance AI consulting<\/a> and market research offers insurance companies a strategic advantage. It enables them to navigate the complexities of AI adoption with confidence and precision.&nbsp;<\/p>\n\n\n\n<ul class=\"wp-block-list\">\n<li><strong>Vantagem Competitiva Aprimorada:<\/strong> SIS&#8217;s <a class=\"wpil_keyword_link\" href=\"https:\/\/www.sisinternational.com\/pt\/solucoes\/consultando-servicos\/\"   title=\"Consultando servi\u00e7os\" data-wpil-keyword-link=\"linked\"  data-wpil-monitor-id=\"577\">consultando servi\u00e7os<\/a> equip insurers with the insights and strategies needed to outperform competitors. With the latest AI technologies and innovations, insurers can offer differentiated products and services, enhancing their appeal to consumers and securing a stronger position in the market.<\/li>\n\n\n\n<li><strong>Maior efici\u00eancia operacional:<\/strong> Atrav\u00e9s da implementa\u00e7\u00e3o de processos orientados por IA para tratamento de sinistros, atendimento ao cliente e avalia\u00e7\u00e3o de riscos, as seguradoras podem esperar melhorias significativas na efici\u00eancia operacional.<\/li>\n\n\n\n<li><strong>Insights baseados em dados:<\/strong> One of the most valuable outcomes of SIS\u2019s BenTech <a href=\"https:\/\/www.sisinternational.com\/pt\/pericia\/industrias\/pesquisa-de-mercado-de-seguros-contra-acidentes-patrimoniais\/\" title=\"Pesquisa de mercado de seguros de propriedades e acidentes\"  data-wpil-monitor-id=\"5213\">insurance AI market research<\/a> is the wealth of data-driven insights it provides. Insurers can leverage these insights for more informed strategic planning, product development, and market positioning, ensuring that decisions are backed by solid data and aligned with market trends and customer needs.<\/li>\n\n\n\n<li><strong>Inova\u00e7\u00e3o e Crescimento:<\/strong> Finally, partnering with <a href=\"https:\/\/www.sisinternational.com\/pt\/socorro\/\" title=\"Pesquisa de mercado do primeiro de maio\"  data-wpil-monitor-id=\"2555\">SIS for BenTech insurance AI consulting<\/a> and market research fosters an environment of continuous innovation. Insurers are better positioned to identify and capitalize on new opportunities, explore untapped markets, and develop groundbreaking products and services, driving sustainable growth and market leadership.<\/li>\n<\/ul>\n\n\n\n<h2 class=\"wp-block-heading\">Technologies in BenTech insurance AI consulting<\/h2>\n\n\n\n<p>A integra\u00e7\u00e3o da IA no setor dos seguros \u00e9 impulsionada por tecnologias e ferramentas avan\u00e7adas, cada uma desempenhando um papel crucial na transforma\u00e7\u00e3o dos processos tradicionais e no fornecimento de solu\u00e7\u00f5es inovadoras. A consultoria de IA de seguros e a pesquisa de mercado da BenTech aproveitam essas tecnologias para impulsionar a efici\u00eancia, aprimorar as experi\u00eancias do cliente e fornecer insights mais profundos sobre as tend\u00eancias do mercado e o comportamento do cliente.<\/p>\n\n\n\n<ul class=\"wp-block-list\">\n<li><strong>Processamento de Linguagem Natural (PNL):<\/strong> As tecnologias de PNL permitem que os computadores entendam, interpretem e gerem a linguagem humana. No contexto de seguros, a PNL \u00e9 usada em chatbots e assistentes virtuais para facilitar intera\u00e7\u00f5es naturais com os clientes, automatizar tarefas de atendimento ao cliente e processar sinistros com mais efici\u00eancia.<\/li>\n\n\n\n<li><strong>Automa\u00e7\u00e3o Rob\u00f3tica de Processos (RPA):<\/strong> A RPA envolve o uso de rob\u00f4s de software para automatizar tarefas rotineiras baseadas em regras e repetitivas. Nos seguros, a RPA pode acelerar significativamente processos como entrada de dados, administra\u00e7\u00e3o de ap\u00f3lices e processamento de sinistros, reduzindo custos e liberando funcion\u00e1rios humanos para tarefas mais complexas.<\/li>\n\n\n\n<li><strong>Computa\u00e7\u00e3o em nuvem:<\/strong> Insurers increasingly adopt cloud-based platforms to support AI technologies&#8217; scalability, flexibility, and security requirements. Cloud computing facilitates storing and processing large datasets, powers advanced analytics, and supports deploying AI applications across the organization.<\/li>\n\n\n\n<li><strong>Blockchain:<\/strong> Embora n\u00e3o seja diretamente uma tecnologia de IA, o blockchain oferece benef\u00edcios significativos em rela\u00e7\u00e3o \u00e0 integridade, transpar\u00eancia e seguran\u00e7a dos dados. Ele pode ser usado com IA para agilizar o processamento de sinistros, gerenciar fraudes e aumentar a confian\u00e7a do cliente por meio de manuten\u00e7\u00e3o de registros transparentes e \u00e0 prova de falsifica\u00e7\u00e3o.<\/li>\n\n\n\n<li><strong>Plataformas Insurtech:<\/strong> As plataformas modernas de insurtech muitas vezes incorporam IA para oferecer produtos e servi\u00e7os de seguros inovadores. Essas plataformas permitem que as seguradoras implementem rapidamente solu\u00e7\u00f5es baseadas em IA, desde seguros de autom\u00f3veis baseados em telem\u00e1tica at\u00e9 monitoramento de sa\u00fade e bem-estar baseado em IA para seguros de vida.<\/li>\n<\/ul>\n\n\n\n<h2 class=\"wp-block-heading\">Oportunidades<\/h2>\n\n\n\n<p>A consultoria e pesquisa de mercado de IA de seguros da BenTech apresentam muitas oportunidades para as empresas. Estas oportunidades melhoram a efici\u00eancia operacional, redefinindo as experi\u00eancias dos clientes e abrindo novos caminhos para inova\u00e7\u00e3o e crescimento.<\/p>\n\n\n\n<ul class=\"wp-block-list\">\n<li><strong>Innovative Product Development<\/strong>: AI enables insurance companies to develop innovative products tailored to their customers&#8217; needs and preferences. For example, usage-based insurance models powered by AI algorithms can offer personalized premiums based on individual risk factors.<\/li>\n\n\n\n<li><strong>Experi\u00eancia aprimorada do cliente:<\/strong> As seguradoras podem melhorar significativamente a experi\u00eancia do cliente aproveitando as tecnologias de IA. Desde chatbots orientados por IA que fornecem atendimento instant\u00e2neo ao cliente at\u00e9 recomenda\u00e7\u00f5es de pol\u00edticas personalizadas, as oportunidades de envolver os clientes de maneiras novas e significativas s\u00e3o vastas.<\/li>\n\n\n\n<li><strong>Efici\u00eancia Operacional e Redu\u00e7\u00e3o de Custos:<\/strong> Tecnologias de IA, como automa\u00e7\u00e3o rob\u00f3tica de processos e aprendizado de m\u00e1quina, podem agilizar v\u00e1rios processos de seguros, desde o processamento de sinistros at\u00e9 a subscri\u00e7\u00e3o. Isto aumenta a efici\u00eancia operacional e reduz custos associados a tarefas manuais e erros humanos.<\/li>\n\n\n\n<li><strong>Expans\u00e3o de Mercado e Novos Modelos de Neg\u00f3cios:<\/strong> <a href=\"https:\/\/www.sisinternational.com\/pt\/solucoes\/consultoria-em-hotelaria-e-turismo-em-viagens\/consultoria-de-marketing-hoteleiro\/\" title=\"Consultoria de marketing hoteleiro\"  data-wpil-monitor-id=\"2996\">BenTech insurance AI<\/a> consulting and market research allow insurance companies to explore new markets and business models. For instance, the advent of insurtech startups shows the potential for innovative approaches to insurance that leverage digital platforms and AI technologies.<\/li>\n<\/ul>\n\n\n\n<h2 class=\"wp-block-heading\">SIS International&#8217;s BenTech insurance AI consulting and Market Research Services<\/h2>\n\n\n\n<figure class=\"gb-block-image gb-block-image-c7b4345f\"><img loading=\"lazy\" decoding=\"async\" width=\"1456\" height=\"816\" class=\"gb-image gb-image-c7b4345f\" src=\"https:\/\/www.sisinternational.com\/wp-content\/uploads\/2025\/08\/AI-6.jpg\" alt=\"Pesquisa e Estrat\u00e9gia de Mercado Internacional da SIS\" title=\"AI (6)\" srcset=\"https:\/\/www.sisinternational.com\/wp-content\/uploads\/2025\/08\/AI-6.jpg 1456w, https:\/\/www.sisinternational.com\/wp-content\/uploads\/2025\/08\/AI-6-300x168.jpg 300w, https:\/\/www.sisinternational.com\/wp-content\/uploads\/2025\/08\/AI-6-1024x574.jpg 1024w, https:\/\/www.sisinternational.com\/wp-content\/uploads\/2025\/08\/AI-6-768x430.jpg 768w, https:\/\/www.sisinternational.com\/wp-content\/uploads\/2025\/08\/AI-6-18x10.jpg 18w\" sizes=\"auto, (max-width: 1456px) 100vw, 1456px\"><\/figure>\n\n\n\n<p><\/p>\n\n\n\n<p>SIS International&#8217;s BenTech insurance AI consulting and market research services are strategically designed to empower businesses in the insurance sector to capitalize on the transformative potential of <a class=\"wpil_keyword_link\" href=\"https:\/\/www.sisinternational.com\/pt\/solucoes\/pesquisa-de-mercado-de-ia-e-consultoria-estrategica\/ia-inteligencia-artificial\/\"   title=\"Pesquisa de mercado de intelig\u00eancia artificial\" data-wpil-keyword-link=\"linked\"  data-wpil-monitor-id=\"574\">intelig\u00eancia artificial<\/a> fully. Through a combination of deep industry insights, cutting-edge technological expertise, and strategic foresight, SIS International helps insurance companies navigate the complexities of AI integration, ensuring they seize AI&#8217;s vast opportunities for innovation, efficiency, and growth.<\/p>\n\n\n\n<ul class=\"wp-block-list\">\n<li><strong>Alinhamento Estrat\u00e9gico e Roadmapping:<\/strong> SIS works closely with businesses to ensure their AI initiatives perfectly align with their strategic objectives. We help companies prioritize their investments in technology, ensuring that each step contributes to the overarching goals of enhancing operational efficiency, improving customer satisfaction, and driving growth.<\/li>\n\n\n\n<li><strong>Vis\u00e3o de mercado e vantagem competitiva:<\/strong> Leveraging extensive market research capabilities, <a data-wplink-url-error=\"true\" href=\"http:\/\/BenTech Insurance AI Consulting and Market Research\">SIS Internacional<\/a> provides businesses with invaluable insights into customer behaviors, market trends, and competitive dynamics.<\/li>\n\n\n\n<li><strong>Sele\u00e7\u00e3o de tecnologia e suporte \u00e0 implementa\u00e7\u00e3o:<\/strong> With expertise in the latest AI technologies and tools, SIS experts advise businesses on selecting the most appropriate technologies to address their specific challenges and opportunities.<\/li>\n\n\n\n<li><strong>Orienta\u00e7\u00e3o sobre gest\u00e3o de riscos e conformidade:<\/strong> Compreendendo a import\u00e2ncia da gest\u00e3o de riscos e da conformidade regulat\u00f3ria no setor de seguros, a SIS International fornece aconselhamento abrangente sobre como lidar com os riscos potenciais associados \u00e0 ado\u00e7\u00e3o da IA.<\/li>\n\n\n\n<li><strong>Inova\u00e7\u00e3o e Adapta\u00e7\u00e3o Cont\u00ednuas:<\/strong> Num campo t\u00e3o din\u00e2mico como a IA, a inova\u00e7\u00e3o constante \u00e9 fundamental para manter a lideran\u00e7a. A SIS International apoia as empresas no estabelecimento de processos cont\u00ednuos de aprendizagem e adapta\u00e7\u00e3o, permitindo-lhes manter-se \u00e0 frente dos avan\u00e7os tecnol\u00f3gicos e das tend\u00eancias dos mercados emergentes.<\/li>\n<\/ul>\n\n\n\n<div class=\"is-root-container is-desktop-preview is-layout-flow wp-block-post-content block-editor-block-list__layout\" spellcheck=\"false\">\n<div id=\"block-37fdf129-2515-4c97-9c3a-bd8432dd582f\" class=\"block-editor-block-list__block wp-block is-selected wp-block-freeform is-hovered\" tabindex=\"0\" role=\"document\" aria-label=\"Block: Classic\" data-block=\"37fdf129-2515-4c97-9c3a-bd8432dd582f\" data-type=\"core\/freeform\" data-title=\"Classic\">\n<div id=\"editor-37fdf129-2515-4c97-9c3a-bd8432dd582f\" class=\"wp-block-freeform block-library-rich-text__tinymce mce-content-body html5-captions mce-edit-focus\" style=\"position: relative;\" contenteditable=\"true\">\n<h2>Localiza\u00e7\u00e3o de nossas instala\u00e7\u00f5es em Nova York<\/h2>\n<p>\n\n\n\n<iframe loading=\"lazy\" src=\"https:\/\/www.google.com\/maps\/embed?pb=!1m18!1m12!1m3!1d3022.976188376966!2d-73.99130312499956!3d40.740549471389315!2m3!1f0!2f0!3f0!3m2!1i1024!2i768!4f13.1!3m3!1m2!1s0x89c259a15798c731%3A0xd695d09bdd495f25!2s11%20E%2022nd%20St%20FL%202%2C%20New%20York%2C%20NY%2010010%2C%20USA!5e0!3m2!1sen!2spe!4v1726171763526!5m2!1sen!2spe\" width=\"600\" height=\"450\" allowfullscreen=\"allowfullscreen\" data-mce-fragment=\"1\"><\/iframe>\n\n\n\n<\/p>\n<h3 class=\"wp-block-heading\">11 E 22nd Street, 2\u00ba andar, Nova York, NY 10010 T: +1(212) 505-6805<\/h3>\n<hr>\n<h2><span style=\"font-weight: 400;\">Sobre SIS Internacional<\/span><\/h2>\n<p><a href=\"https:\/\/www.sisinternational.com\/pt\/\"><span style=\"font-weight: 400;\">SIS Internacional<\/span><\/a><span style=\"font-weight: 400;\"> oferece pesquisa quantitativa, qualitativa e estrat\u00e9gica. Fornecemos dados, ferramentas, estrat\u00e9gias, relat\u00f3rios e insights para a tomada de decis\u00f5es. Tamb\u00e9m realizamos entrevistas, pesquisas, grupos focais e outros m\u00e9todos e abordagens de Pesquisa de Mercado.<\/span><a href=\"https:\/\/www.sisinternational.com\/pt\/sobre-a-sis-international-research\/contact-sis-international-market-research\/\"><span style=\"font-weight: 400;\"> Entre em contato conosco<\/span><\/a><span style=\"font-weight: 400;\"> para o seu pr\u00f3ximo projeto de pesquisa de mercado.<\/span><\/p>\n<hr><\/div>\n<\/div>\n<\/div>","protected":false},"excerpt":{"rendered":"<p>A consultoria e pesquisa de mercado de IA de seguros da BenTech aprimoram as opera\u00e7\u00f5es e as experi\u00eancias dos clientes das seguradoras.<\/p>","protected":false},"author":1,"featured_media":62594,"parent":44406,"menu_order":76,"comment_status":"closed","ping_status":"closed","template":"","meta":{"footnotes":""},"class_list":["post-46971","page","type-page","status-publish","has-post-thumbnail"],"_links":{"self":[{"href":"https:\/\/www.sisinternational.com\/pt\/wp-json\/wp\/v2\/pages\/46971","targetHints":{"allow":["GET"]}}],"collection":[{"href":"https:\/\/www.sisinternational.com\/pt\/wp-json\/wp\/v2\/pages"}],"about":[{"href":"https:\/\/www.sisinternational.com\/pt\/wp-json\/wp\/v2\/types\/page"}],"author":[{"embeddable":true,"href":"https:\/\/www.sisinternational.com\/pt\/wp-json\/wp\/v2\/users\/1"}],"replies":[{"embeddable":true,"href":"https:\/\/www.sisinternational.com\/pt\/wp-json\/wp\/v2\/comments?post=46971"}],"version-history":[{"count":18,"href":"https:\/\/www.sisinternational.com\/pt\/wp-json\/wp\/v2\/pages\/46971\/revisions"}],"predecessor-version":[{"id":79067,"href":"https:\/\/www.sisinternational.com\/pt\/wp-json\/wp\/v2\/pages\/46971\/revisions\/79067"}],"up":[{"embeddable":true,"href":"https:\/\/www.sisinternational.com\/pt\/wp-json\/wp\/v2\/pages\/44406"}],"wp:featuredmedia":[{"embeddable":true,"href":"https:\/\/www.sisinternational.com\/pt\/wp-json\/wp\/v2\/media\/62594"}],"wp:attachment":[{"href":"https:\/\/www.sisinternational.com\/pt\/wp-json\/wp\/v2\/media?parent=46971"}],"curies":[{"name":"wp","href":"https:\/\/api.w.org\/{rel}","templated":true}]}}