{"id":46881,"date":"2024-03-17T00:51:25","date_gmt":"2024-03-17T04:51:25","guid":{"rendered":"https:\/\/www.sisinternational.com\/?page_id=46881"},"modified":"2026-03-12T22:37:13","modified_gmt":"2026-03-13T02:37:13","slug":"pesquisa-de-mercado-de-granito","status":"publish","type":"page","link":"https:\/\/www.sisinternational.com\/pt\/construction-market-research-solutions\/pesquisa-de-mercado-de-granito\/","title":{"rendered":"Pesquisa de mercado de granito"},"content":{"rendered":"<h1 class=\"wp-block-heading\">Pesquisa de mercado de granito<\/h1>\n\n\n\n<figure class=\"gb-block-image gb-block-image-3344142a\"><img loading=\"lazy\" decoding=\"async\" width=\"1456\" height=\"816\" class=\"gb-image gb-image-3344142a\" src=\"https:\/\/www.sisinternational.com\/wp-content\/uploads\/2025\/08\/Marble-granite-3.jpg\" alt=\"Pesquisa e Estrat\u00e9gia de Mercado Internacional da SIS\" title=\"Marble granite (3)\" srcset=\"https:\/\/www.sisinternational.com\/wp-content\/uploads\/2025\/08\/Marble-granite-3.jpg 1456w, https:\/\/www.sisinternational.com\/wp-content\/uploads\/2025\/08\/Marble-granite-3-300x168.jpg 300w, https:\/\/www.sisinternational.com\/wp-content\/uploads\/2025\/08\/Marble-granite-3-1024x574.jpg 1024w, https:\/\/www.sisinternational.com\/wp-content\/uploads\/2025\/08\/Marble-granite-3-768x430.jpg 768w, https:\/\/www.sisinternational.com\/wp-content\/uploads\/2025\/08\/Marble-granite-3-18x10.jpg 18w\" sizes=\"auto, (max-width: 1456px) 100vw, 1456px\"><\/figure>\n\n\n\n<p><\/p>\n\n\n\n<p>Num mundo onde a procura por materiais de constru\u00e7\u00e3o dur\u00e1veis e visualmente agrad\u00e1veis nunca cessa, o granito destaca-se como um s\u00edmbolo de for\u00e7a e beleza\u2026 Mas, alguma vez j\u00e1 se perguntou sobre a intricada din\u00e2mica que rege o mercado global do granito? A pesquisa de mercado de granito investiga profundamente essas complexidades, oferecendo insights cruciais para as partes interessadas que buscam navegar nesta ind\u00fastria robusta.<\/p>\n\n\n\n<h2 class=\"wp-block-heading\">What Is Granite market research?<\/h2>\n\n\n\n<p>A pesquisa de mercado de granito visa compreender as diversas facetas da ind\u00fastria do granito, desde a produ\u00e7\u00e3o global e cadeias de abastecimento at\u00e9 tend\u00eancias de mercado e prefer\u00eancias do consumidor. Esta pesquisa abrange um exame detalhado dos fatores que influenciam a demanda, a oferta, o pre\u00e7o e a distribui\u00e7\u00e3o do granito em todo o mundo.<\/p>\n\n\n\n<p>Na sua ess\u00eancia, a pesquisa de mercado do granito procura descodificar as prefer\u00eancias e comportamentos dos utilizadores finais, ao mesmo tempo que examina o cen\u00e1rio competitivo. Isto envolve a an\u00e1lise das estrat\u00e9gias dos principais fornecedores, fabricantes e distribuidores de granito e o exame do impacto dos avan\u00e7os tecnol\u00f3gicos e dos quadros regulamentares na ind\u00fastria.<\/p>\n\n\n\n<h2 class=\"wp-block-heading\">Por que isso \u00e9 importante?<\/h2>\n\n\n\n<p>A pesquisa de mercado de granito fornece uma an\u00e1lise detalhada dessas prefer\u00eancias, destacando tend\u00eancias em design, cor, acabamento e aplica\u00e7\u00e3o que est\u00e3o ganhando popularidade. Esse conhecimento permite que as empresas adaptem suas ofertas de produtos para atender \u00e0s demandas do mercado, aumentando a satisfa\u00e7\u00e3o e a fidelidade do cliente.<\/p>\n\n\n\n<p>Moreover, market research equips businesses with the foresight to navigate these fluctuations, ensuring they can adjust their supply chain and production strategies swiftly and efficiently. Additionally, through comprehensive market research, companies understand their competitors&#8217; strategies, strengths, and weaknesses. <\/p>\n\n\n\n<p>Embarcar na pesquisa de mercado de granito oferece uma infinidade de benef\u00edcios estrat\u00e9gicos para empresas nos setores de constru\u00e7\u00e3o e design \u2013 e aqui est\u00e3o as vantagens mais importantes:<\/p>\n\n\n\n<ul class=\"wp-block-list\">\n<li><strong>Tomada de decis\u00e3o informada:<\/strong> A pesquisa de mercado fornece dados e insights cr\u00edticos sobre tend\u00eancias de mercado, prefer\u00eancias do consumidor e cen\u00e1rio competitivo. Esta riqueza de informa\u00e7\u00f5es apoia a tomada de decis\u00f5es informadas, permitindo \u00e0s empresas tra\u00e7ar estrat\u00e9gias com precis\u00e3o e confian\u00e7a.<\/li>\n\n\n\n<li><strong>Posicionamento e segmenta\u00e7\u00e3o de mercado:<\/strong> A pesquisa de mercado de granito ajuda as empresas a se posicionarem de forma vantajosa em um mercado lotado, visando os segmentos certos com ofertas personalizadas.<\/li>\n\n\n\n<li><strong>Vantagem competitiva:<\/strong> Insights profundos sobre as estrat\u00e9gias, pontos fortes e fracos dos concorrentes oferecem uma vantagem competitiva. As empresas podem aproveitar essas informa\u00e7\u00f5es para diferenciar, inovar e conquistar uma maior participa\u00e7\u00e3o de mercado.<\/li>\n\n\n\n<li><strong>Identifica\u00e7\u00e3o de oportunidade:<\/strong> A pesquisa de mercado revela oportunidades emergentes, desde novas aplica\u00e7\u00f5es para produtos de granito at\u00e9 mercados inexplorados. As empresas podem aproveitar estas oportunidades para diversificar as suas ofertas e explorar novas fontes de receitas.<\/li>\n\n\n\n<li><strong>Orienta\u00e7\u00e3o de Investimento:<\/strong> Para as empresas que consideram investir em novas tecnologias, instala\u00e7\u00f5es ou mercados, a pesquisa de mercado do granito fornece uma base s\u00f3lida para estas decis\u00f5es. Insights sobre a din\u00e2mica do mercado, potencial de crescimento e retorno do investimento ajudam a orientar os investimentos estrat\u00e9gicos.<\/li>\n<\/ul>\n\n\n\n<h2 class=\"wp-block-heading\">Quem usa pesquisa de mercado de granito<\/h2>\n\n\n\n<figure class=\"gb-block-image gb-block-image-5b8d5aa1\"><img loading=\"lazy\" decoding=\"async\" width=\"1456\" height=\"816\" class=\"gb-image gb-image-5b8d5aa1\" src=\"https:\/\/www.sisinternational.com\/wp-content\/uploads\/2025\/08\/Marble-granite-2.jpg\" alt=\"Pesquisa e Estrat\u00e9gia de Mercado Internacional da SIS\" title=\"Marble granite (2)\" srcset=\"https:\/\/www.sisinternational.com\/wp-content\/uploads\/2025\/08\/Marble-granite-2.jpg 1456w, https:\/\/www.sisinternational.com\/wp-content\/uploads\/2025\/08\/Marble-granite-2-300x168.jpg 300w, https:\/\/www.sisinternational.com\/wp-content\/uploads\/2025\/08\/Marble-granite-2-1024x574.jpg 1024w, https:\/\/www.sisinternational.com\/wp-content\/uploads\/2025\/08\/Marble-granite-2-768x430.jpg 768w, https:\/\/www.sisinternational.com\/wp-content\/uploads\/2025\/08\/Marble-granite-2-18x10.jpg 18w\" sizes=\"auto, (max-width: 1456px) 100vw, 1456px\"><\/figure>\n\n\n\n<p><\/p>\n\n\n\n<p>Manufacturers and <a href=\"https:\/\/www.sisinternational.com\/pt\/pericia\/industrias\/pesquisa-de-mercado-de-diversidade-de-fornecedores\/\" title=\"Pesquisa de mercado de diversidade de fornecedores\"  data-wpil-monitor-id=\"5801\">Suppliers rely on market research<\/a> to understand current market demands and forecast future trends. This information helps adjust production levels, explore new color and design preferences, and make strategic inventory and distribution decisions.<\/p>\n\n\n\n<p>Architects and Interior <a href=\"https:\/\/www.sisinternational.com\/pt\/solucoes\/inovacao\/pensamento-de-design\/\" title=\"Pesquisa de mercado de pensamento de design\"  data-wpil-monitor-id=\"7009\">Designers also utilize this market research<\/a> to stay ahead of aesthetic and functional trends in building materials. Understanding the preferences of homeowners, commercial developers, and public sector projects enables them to propose contemporary designs that are likely to satisfy their clients&#8217; tastes and requirements.<\/p>\n\n\n\n<p>Furthermore, Construction Companies and Contractors depend on <a href=\"https:\/\/www.sisinternational.com\/pt\/pericia\/industrias\/pesquisa-de-mercado-de-manuseio-de-materiais\/\" title=\"Pesquisa de mercado de manuseio de materiais\"  data-wpil-monitor-id=\"6038\">market research to source materials<\/a> that meet both their projects&#8217; quality standards and budget constraints. Insights into pricing trends, availability, and emerging granite alternatives can significantly impact their bidding strategies and project planning.<\/p>\n\n\n\n<p>Da mesma forma, investidores e analistas financeiros utilizam a an\u00e1lise do mercado de granito para avaliar a sa\u00fade do mercado, identificar oportunidades de crescimento e tomar decis\u00f5es de investimento informadas. Compreender os fatores que impulsionam a procura do granito ajuda a avaliar o potencial das empresas desta cadeia de abastecimento.<\/p>\n\n\n\n<h2 class=\"wp-block-heading\">Critical Factors<\/h2>\n\n\n\n<p>For granite <a href=\"https:\/\/www.sisinternational.com\/pt\/solucoes\/pesquisa-de-mercado-de-ia-e-consultoria-estrategica\/pesquisa-de-mercado-generativa-de-ia\/\" title=\"Pesquisa de mercado de IA generativa\"  data-wpil-monitor-id=\"2040\">market research to generate<\/a> actionable insights and drive strategic decisions, certain critical success factors must be meticulously observed. These factors ensure the research is comprehensive and aligned with the business&#8217;s specific needs and objectives.<\/p>\n\n\n\n<ul class=\"wp-block-list\">\n<li><strong>Objetivos e escopo claros:<\/strong> Defining clear research objectives and establishing the scope of the study are foundational to successful <a href=\"https:\/\/www.sisinternational.com\/pt\/pericia\/industrias\/pesquisa-de-mercado-mrna\/\" title=\"Pesquisa de mercado de mRNA\"  data-wpil-monitor-id=\"4650\">granite<\/a> market research. This clarity guides the research process, ensuring it remains focused on answering the most pertinent questions for the business, whether they relate to consumer preferences, market trends, competitive analysis, or regulatory impacts.<\/li>\n\n\n\n<li><strong>Metodologia Robusta:<\/strong> Employing a robust methodology that combines both primary and secondary research techniques ensures a comprehensive understanding of the market. Surveys, interviews, and focus groups can provide direct insights from consumers and industry players, while analysis of industry reports, trade <a class=\"wpil_keyword_link\" href=\"https:\/\/www.sisinternational.com\/pt\/publicacoes\/\"   title=\"Publica\u00e7\u00f5es\" data-wpil-keyword-link=\"linked\"  data-wpil-monitor-id=\"585\">publica\u00e7\u00f5es<\/a>, and market data offers broader market trends and patterns.<\/li>\n\n\n\n<li><strong>Envolvimento das partes interessadas:<\/strong> O envolvimento das principais partes interessadas ao longo do processo de investiga\u00e7\u00e3o aumenta a relev\u00e2ncia e a utilidade dos resultados. O feedback de equipes internas, parceiros e clientes pode ajudar a refinar o foco da pesquisa e garantir que os resultados abordem as quest\u00f5es estrat\u00e9gicas mais cr\u00edticas.<\/li>\n\n\n\n<li><strong>Qualidade e integridade dos dados:<\/strong> A validade dos resultados da pesquisa de mercado depende da qualidade e integridade dos dados recolhidos. Empregar padr\u00f5es rigorosos de coleta e an\u00e1lise de dados, garantir a conformidade com a privacidade dos dados e validar fontes s\u00e3o essenciais para produzir insights confi\u00e1veis.<\/li>\n\n\n\n<li><strong>Insights acion\u00e1veis:<\/strong> Em \u00faltima an\u00e1lise, o sucesso da pesquisa de mercado \u00e9 medido pela capacidade de a\u00e7\u00e3o dos seus insights. A investiga\u00e7\u00e3o deve culminar em recomenda\u00e7\u00f5es estrat\u00e9gicas claras que possam orientar as decis\u00f5es empresariais, desde o desenvolvimento de produtos e estrat\u00e9gias de entrada no mercado at\u00e9 ao posicionamento competitivo e \u00e0s prioridades de investimento.<\/li>\n<\/ul>\n\n\n\n<h2 class=\"wp-block-heading\">Ind\u00fastrias<\/h2>\n\n\n\n<p>A pesquisa de mercado de granito desempenha um papel fundamental em v\u00e1rios setores, sustentando decis\u00f5es estrat\u00e9gicas com insights cr\u00edticos sobre oferta, demanda, tend\u00eancias e prefer\u00eancias. A versatilidade, durabilidade e apelo est\u00e9tico da pedra natural fazem dela um material procurado em diversos setores-chave:<\/p>\n\n\n\n<ul class=\"wp-block-list\">\n<li><strong>Constru\u00e7\u00e3o e Constru\u00e7\u00e3o:<\/strong> A ind\u00fastria da constru\u00e7\u00e3o \u00e9 a principal consumidora de granito, utilizando-o em projetos residenciais e comerciais para pisos, revestimentos de paredes, bancadas e paisagismo externo. A pesquisa de mercado de granito ajuda a identificar tend\u00eancias emergentes de constru\u00e7\u00e3o, potenciais de mercado regionais e prefer\u00eancias dos clientes, orientando fornecedores e empreiteiros em suas propostas de projetos e estrat\u00e9gias de fornecimento de materiais.<\/li>\n\n\n\n<li><strong>Design de interiores e reforma residencial:<\/strong> Interior designers and <a href=\"https:\/\/www.sisinternational.com\/pt\/pericia\/industrias\/pesquisa-de-mercado-de-loja-de-ferragens\/\" title=\"Pesquisa de mercado de lojas de ferragens e melhorias residenciais\"  data-wpil-monitor-id=\"5932\">home improvement retailers rely on market research<\/a> to stay ahead of home d\u00e9cor trends. Insights into popular granite colors, finishes, and applications inform product offerings and marketing strategies, catering to homeowners looking to upgrade their living spaces.<\/li>\n\n\n\n<li><strong>Monumento e Arte Memorial:<\/strong> O uso do granito em monumentos e memoriais \u00e9 uma prova da qualidade duradoura do material. A pesquisa de mercado neste nicho concentra-se em padr\u00f5es de demanda, tend\u00eancias de design e prefer\u00eancias do consumidor, auxiliando artes\u00e3os e fornecedores na elabora\u00e7\u00e3o de pe\u00e7as que ressoem com os sentimentos de seus clientes.<\/li>\n\n\n\n<li><strong>Aplica\u00e7\u00f5es arquitet\u00f4nicas e decorativas:<\/strong> Arquitetos e decoradores aproveitam o granito por seu apelo est\u00e9tico na cria\u00e7\u00e3o de pe\u00e7as, fachadas e elementos decorativos marcantes. A pesquisa ajuda a identificar usos inovadores do granito, influenciando decis\u00f5es de design e tend\u00eancias arquitet\u00f4nicas.<\/li>\n\n\n\n<li><strong>Usos Industriais:<\/strong> Beyond its aesthetic applications, granite is used in industrial settings for its physical properties, such as in precision machinery for its stability and resistance to wear. <\/li>\n<\/ul>\n\n\n\n<h2 class=\"wp-block-heading\">Oportunidades<\/h2>\n\n\n\n<figure class=\"gb-block-image gb-block-image-8d6adf98\"><img loading=\"lazy\" decoding=\"async\" width=\"1456\" height=\"816\" class=\"gb-image gb-image-8d6adf98\" src=\"https:\/\/www.sisinternational.com\/wp-content\/uploads\/2025\/08\/Marble-granite-4.jpg\" alt=\"Pesquisa e Estrat\u00e9gia de Mercado Internacional da SIS\" title=\"Marble granite (4)\" srcset=\"https:\/\/www.sisinternational.com\/wp-content\/uploads\/2025\/08\/Marble-granite-4.jpg 1456w, https:\/\/www.sisinternational.com\/wp-content\/uploads\/2025\/08\/Marble-granite-4-300x168.jpg 300w, https:\/\/www.sisinternational.com\/wp-content\/uploads\/2025\/08\/Marble-granite-4-1024x574.jpg 1024w, https:\/\/www.sisinternational.com\/wp-content\/uploads\/2025\/08\/Marble-granite-4-768x430.jpg 768w, https:\/\/www.sisinternational.com\/wp-content\/uploads\/2025\/08\/Marble-granite-4-18x10.jpg 18w\" sizes=\"auto, (max-width: 1456px) 100vw, 1456px\"><\/figure>\n\n\n\n<p><\/p>\n\n\n\n<p>A pesquisa de mercado de granito abre muitas oportunidades para empresas que operam dentro e ao redor da ind\u00fastria de granito. Ao fornecer um mergulho profundo na din\u00e2mica do mercado, nas prefer\u00eancias dos consumidores e nos cen\u00e1rios competitivos, esta pesquisa ilumina caminhos para o crescimento, a inova\u00e7\u00e3o e a vantagem estrat\u00e9gica. Aqui est\u00e1 uma explora\u00e7\u00e3o das principais oportunidades que a pesquisa de mercado de granito revela para as empresas:<\/p>\n\n\n\n<ul class=\"wp-block-list\">\n<li><strong>Expandindo o alcance do mercado:<\/strong> Granite <a href=\"https:\/\/www.sisinternational.com\/pt\/considerando-o-oriente-medio-para-pesquisa-de-mercado\/\" title=\"Pesquisa de entrada no mercado do Oriente M\u00e9dio\"  data-wpil-monitor-id=\"1432\">market research identifies emerging<\/a> markets and untapped segments, offering businesses the chance to expand their reach. Insights into regional demand patterns, economic indicators, and consumer preferences guide strategic market entry and product positioning efforts.<\/li>\n\n\n\n<li><strong>Inova\u00e7\u00e3o e Diversifica\u00e7\u00e3o de Produtos:<\/strong> Compreender as mudan\u00e7as nas prefer\u00eancias dos consumidores e os avan\u00e7os tecnol\u00f3gicos permite que as empresas inovem e diversifiquem as suas ofertas de produtos. A pesquisa pode destacar oportunidades para a introdu\u00e7\u00e3o de novos acabamentos, cores ou aplica\u00e7\u00f5es de granito que atendam \u00e0s crescentes demandas do mercado.<\/li>\n\n\n\n<li><strong>Aprimoramento da estrat\u00e9gia competitiva:<\/strong> A an\u00e1lise abrangente do cen\u00e1rio competitivo fornece \u00e0s empresas a intelig\u00eancia necess\u00e1ria para refinar suas estrat\u00e9gias competitivas. Identificar os pontos fortes e fracos dos concorrentes, a participa\u00e7\u00e3o no mercado e os movimentos estrat\u00e9gicos permite o desenvolvimento de ofertas diferenciadas e estrat\u00e9gias de marketing direcionadas.<\/li>\n\n\n\n<li><strong>Otimiza\u00e7\u00e3o da Cadeia de Suprimentos:<\/strong> Insights into the supply dynamics of the granite industry, including sourcing, production, and distribution challenges, enable businesses to optimize their supply chains. <\/li>\n\n\n\n<li><strong>Oportunidades de investimento e parceria:<\/strong> A pesquisa de mercado pode revelar oportunidades para investimentos estrat\u00e9gicos e parcerias que impulsionem o crescimento dos neg\u00f3cios. Isto pode incluir colabora\u00e7\u00f5es com fornecedores de tecnologia, fus\u00f5es com empresas complementares ou investimentos em t\u00e9cnicas inovadoras de minera\u00e7\u00e3o e processamento.<\/li>\n<\/ul>\n\n\n\n<h2 class=\"wp-block-heading\">Desafios<\/h2>\n\n\n\n<p>Embora a pesquisa de mercado de granito ofere\u00e7a informa\u00e7\u00f5es valiosas para as empresas, navegar neste terreno complexo traz desafios. Esses obst\u00e1culos podem impactar a precis\u00e3o dos resultados da pesquisa e, consequentemente, as decis\u00f5es estrat\u00e9gicas tomadas com base nesses insights.<\/p>\n\n\n\n<ul class=\"wp-block-list\">\n<li><strong>Acessando dados confi\u00e1veis:<\/strong> Um dos principais desafios \u00e9 reunir dados confi\u00e1veis e atualizados de todo o mercado global de granito. A vastid\u00e3o da ind\u00fastria e os numerosos mercados n\u00e3o regulamentados podem dificultar a recolha de dados, conduzindo potencialmente a lacunas na compreens\u00e3o do mercado.<\/li>\n\n\n\n<li><strong>Analisando Tend\u00eancias de Mercado:<\/strong> O mercado de granito \u00e9 influenciado por v\u00e1rios fatores, incluindo flutua\u00e7\u00f5es econ\u00f3micas, mudan\u00e7as nas prefer\u00eancias dos consumidores e avan\u00e7os tecnol\u00f3gicos. Desvendar estas influ\u00eancias para identificar tend\u00eancias claras de mercado requer ferramentas anal\u00edticas sofisticadas e conhecimentos especializados, o que representa um desafio para muitas empresas.<\/li>\n\n\n\n<li><strong>Adapta\u00e7\u00e3o \u00e0s varia\u00e7\u00f5es regionais:<\/strong> A investiga\u00e7\u00e3o de mercado deve ter em conta varia\u00e7\u00f5es regionais significativas na procura, oferta, ambientes regulamentares e cen\u00e1rios competitivos. Adaptar metodologias de pesquisa para capturar essas nuances pode ser desafiador, mas \u00e9 essencial para uma an\u00e1lise de mercado precisa.<\/li>\n\n\n\n<li><strong>Previs\u00e3o da demanda futura:<\/strong> Prever a procura futura de granito no mercado envolve uma incerteza consider\u00e1vel. Factores como mudan\u00e7as na ind\u00fastria da constru\u00e7\u00e3o, regulamenta\u00e7\u00f5es ambientais e condi\u00e7\u00f5es econ\u00f3micas globais podem influenciar dramaticamente as projec\u00e7\u00f5es da procura, tornando a previs\u00e3o precisa uma tarefa desafiante.<\/li>\n\n\n\n<li><strong>Acompanhando as mudan\u00e7as r\u00e1pidas:<\/strong> A ind\u00fastria do granito est\u00e1 sujeita a mudan\u00e7as r\u00e1pidas, impulsionadas por inova\u00e7\u00f5es na tecnologia de processamento, tend\u00eancias de design e mudan\u00e7as nas pol\u00edticas comerciais globais. Manter os resultados da investiga\u00e7\u00e3o atuais e relevantes num ambiente t\u00e3o din\u00e2mico requer monitoriza\u00e7\u00e3o e an\u00e1lise cont\u00ednuas.<\/li>\n<\/ul>\n\n\n\n<h2 class=\"wp-block-heading\">The SIS Advantage<\/h2>\n\n\n\n<p>In the competitive landscape of <a href=\"https:\/\/www.sisinternational.com\/pt\/abrir-um-negocio-na-turquia\/\" title=\"Abrir um neg\u00f3cio na Turquia\"  data-wpil-monitor-id=\"3885\">pesquisa de mercado de granito<\/a>, SIS distinguishes itself through a unique blend of expertise, methodology, and client-focused solutions \u2013 and here\u2019s what sets SIS granite market research apart in delivering value to businesses within the granite industry:<\/p>\n\n\n\n<ul class=\"wp-block-list\">\n<li><strong>Abordagem abrangente e personalizada:<\/strong> A SIS adota uma abordagem abrangente \u00e0 an\u00e1lise de granito, garantindo que todos os aspectos do mercado sejam analisados, desde as nuances da cadeia de abastecimento at\u00e9 \u00e0s prefer\u00eancias do consumidor e \u00e0 din\u00e2mica competitiva. Ao contr\u00e1rio dos estudos gen\u00e9ricos de mercado, a SIS customiza sua metodologia de pesquisa para se alinhar aos objetivos e desafios espec\u00edficos de cada cliente, garantindo que os insights sejam diretamente aplic\u00e1veis \u00e0s suas necessidades estrat\u00e9gicas.<\/li>\n\n\n\n<li><strong>Capacidades anal\u00edticas avan\u00e7adas:<\/strong> At the core of SIS&#8217;s differentiation is its advanced analytical capabilities. Utilizing cutting-edge data analytics, AI, and machine learning technologies, SIS can dissect complex market data, uncover hidden trends, and predict future market movements with a high degree of accuracy. <\/li>\n\n\n\n<li><strong>Insights globais com relev\u00e2ncia local:<\/strong> Recognizing the global nature of the granite market, SIS provides insights that span key markets worldwide. However, what distinguishes SIS is its ability to <a href=\"https:\/\/www.sisinternational.com\/pt\/pericia\/industrias\/pesquisa-de-mercado-de-perfuracao\/\" title=\"Pesquisa de mercado de perfura\u00e7\u00e3o\"  data-wpil-monitor-id=\"5659\">drill down into local market<\/a> dynamics, offering clients a global perspective that is deeply informed by local market realities and opportunities.<\/li>\n\n\n\n<li><strong>Pesquisa Din\u00e2mica e Cont\u00ednua:<\/strong> The granite market is dynamic, with trends, consumer preferences, and competitive landscapes evolving continuously. SIS\u2019s approach to granite market research is similarly dynamic, offering ongoing research and updates. <\/li>\n\n\n\n<li><strong>Parceria estrat\u00e9gica:<\/strong> A SIS v\u00ea o seu papel como fornecedora de pesquisas de mercado e parceira estrat\u00e9gica de seus clientes. Esta abordagem de parceria significa que a SIS trabalha em estreita colabora\u00e7\u00e3o com os clientes para compreender os seus objectivos estrat\u00e9gicos, desafios e oportunidades, garantindo que a investiga\u00e7\u00e3o entregue \u00e9 perspicaz, accion\u00e1vel e alinhada com a vis\u00e3o estrat\u00e9gica do cliente.<\/li>\n\n\n\n<li><strong>Ethical and Transparent <\/strong><a href=\"https:\/\/www.sisinternational.com\/pt\/transporte-de-ambulancia\/\" title=\"Pesquisa de mercado de transporte de ambul\u00e2ncias\"  data-wpil-monitor-id=\"2101\">Research Practices: In conducting granite market<\/a> research, SIS adheres to the highest standards of ethics and transparency. This commitment ensures that all research findings are credible, reliable, and gathered through ethical means, reinforcing the trust clients place in SIS insights.<\/li>\n<\/ul>\n\n\n\n<p><\/p>","protected":false},"excerpt":{"rendered":"<p>A pesquisa de mercado de granito explora a produ\u00e7\u00e3o global, cadeias de suprimentos, tend\u00eancias de mercado e prefer\u00eancias do consumidor da ind\u00fastria de granito.<\/p>","protected":false},"author":1,"featured_media":63712,"parent":84498,"menu_order":422,"comment_status":"closed","ping_status":"closed","template":"","meta":{"footnotes":""},"class_list":["post-46881","page","type-page","status-publish","has-post-thumbnail"],"_links":{"self":[{"href":"https:\/\/www.sisinternational.com\/pt\/wp-json\/wp\/v2\/pages\/46881","targetHints":{"allow":["GET"]}}],"collection":[{"href":"https:\/\/www.sisinternational.com\/pt\/wp-json\/wp\/v2\/pages"}],"about":[{"href":"https:\/\/www.sisinternational.com\/pt\/wp-json\/wp\/v2\/types\/page"}],"author":[{"embeddable":true,"href":"https:\/\/www.sisinternational.com\/pt\/wp-json\/wp\/v2\/users\/1"}],"replies":[{"embeddable":true,"href":"https:\/\/www.sisinternational.com\/pt\/wp-json\/wp\/v2\/comments?post=46881"}],"version-history":[{"count":18,"href":"https:\/\/www.sisinternational.com\/pt\/wp-json\/wp\/v2\/pages\/46881\/revisions"}],"predecessor-version":[{"id":80577,"href":"https:\/\/www.sisinternational.com\/pt\/wp-json\/wp\/v2\/pages\/46881\/revisions\/80577"}],"up":[{"embeddable":true,"href":"https:\/\/www.sisinternational.com\/pt\/wp-json\/wp\/v2\/pages\/84498"}],"wp:featuredmedia":[{"embeddable":true,"href":"https:\/\/www.sisinternational.com\/pt\/wp-json\/wp\/v2\/media\/63712"}],"wp:attachment":[{"href":"https:\/\/www.sisinternational.com\/pt\/wp-json\/wp\/v2\/media?parent=46881"}],"curies":[{"name":"wp","href":"https:\/\/api.w.org\/{rel}","templated":true}]}}