{"id":46875,"date":"2024-03-17T01:00:45","date_gmt":"2024-03-17T05:00:45","guid":{"rendered":"https:\/\/www.sisinternational.com\/?page_id=46875"},"modified":"2026-01-27T15:20:05","modified_gmt":"2026-01-27T20:20:05","slug":"pesquisa-de-mercado-de-alimentos-d2c","status":"publish","type":"page","link":"https:\/\/www.sisinternational.com\/pt\/pericia\/pesquisa-de-mercado-de-alimentos-d2c\/","title":{"rendered":"Pesquisa de mercado de alimentos D2C"},"content":{"rendered":"<h1 class=\"wp-block-heading\">Pesquisa de mercado de alimentos D2C<\/h1>\n\n\n\n<figure class=\"gb-block-image gb-block-image-f5edb84d\"><img loading=\"lazy\" decoding=\"async\" width=\"1456\" height=\"816\" class=\"gb-image gb-image-f5edb84d\" src=\"https:\/\/www.sisinternational.com\/wp-content\/uploads\/2025\/08\/Organic-food-3.jpg\" alt=\"Pesquisa e Estrat\u00e9gia de Mercado Internacional da SIS\" title=\"Organic food (3)\" srcset=\"https:\/\/www.sisinternational.com\/wp-content\/uploads\/2025\/08\/Organic-food-3.jpg 1456w, https:\/\/www.sisinternational.com\/wp-content\/uploads\/2025\/08\/Organic-food-3-300x168.jpg 300w, https:\/\/www.sisinternational.com\/wp-content\/uploads\/2025\/08\/Organic-food-3-1024x574.jpg 1024w, https:\/\/www.sisinternational.com\/wp-content\/uploads\/2025\/08\/Organic-food-3-768x430.jpg 768w, https:\/\/www.sisinternational.com\/wp-content\/uploads\/2025\/08\/Organic-food-3-18x10.jpg 18w\" sizes=\"auto, (max-width: 1456px) 100vw, 1456px\"><\/figure>\n\n\n\n<hr class=\"wp-block-separator has-alpha-channel-opacity is-style-dots\"\/>\n\n\n\n<p>No cen\u00e1rio em constante evolu\u00e7\u00e3o do comportamento do consumidor, as empresas procuram constantemente caminhos para compreender e adaptar-se \u00e0s tend\u00eancias em mudan\u00e7a. Uma tend\u00eancia que ganhou for\u00e7a significativa nos \u00faltimos anos \u00e9 a abordagem Direto ao Consumidor (D2C) no mercado de alimentos. Com a revolu\u00e7\u00e3o digital a remodelar a forma como os consumidores compram produtos essenciais, a pesquisa de mercado de produtos alimentares D2C destaca-se como uma ferramenta crucial para as empresas que pretendem manter-se \u00e0 frente da curva e satisfazer as crescentes exig\u00eancias dos consumidores.<\/p>\n\n\n\n<h2 class=\"wp-block-heading\">O que \u00e9 pesquisa de mercado de alimentos D2C?<\/h2>\n\n\n\n<p>D2C grocery <a href=\"https:\/\/www.sisinternational.com\/pt\/universidade-taylor\/\" title=\"Estudo de pesquisa de mercado de curr\u00edculo universit\u00e1rio\"  data-wpil-monitor-id=\"7261\">market research involves systematically studying<\/a> and analyzing consumer behavior, preferences, and trends within the direct-to-consumer grocery sector. It delves into understanding how consumers interact with D2C grocery brands, purchasing habits, product preferences, delivery methods, and overall satisfaction levels. By leveraging various research methodologies, including surveys, interviews, data analytics, and observational studies, businesses gain valuable insights into the intricacies of the D2C grocery market landscape.<\/p>\n\n\n\n<h2 class=\"wp-block-heading\">Por que as empresas precisam de pesquisas de mercado de alimentos D2C?<\/h2>\n\n\n\n<p>A pesquisa de mercado de alimentos D2C oferece \u00e0s empresas insights valiosos sobre as prefer\u00eancias do consumidor, como escolhas de produtos, prefer\u00eancias de embalagem e expectativas de entrega. Compreender essas prefer\u00eancias permite que as empresas adaptem as suas ofertas para atender \u00e0s necessidades e desejos espec\u00edficos do seu p\u00fablico-alvo.<\/p>\n\n\n\n<p>Al\u00e9m disso, esta pesquisa de mercado permite que as empresas fiquem a par das tend\u00eancias do setor, das estrat\u00e9gias dos concorrentes e das prefer\u00eancias emergentes dos consumidores. Com esse conhecimento, as empresas podem desenvolver estrat\u00e9gias inovadoras para se diferenciarem e conquistarem uma posi\u00e7\u00e3o \u00fanica no mercado. Da mesma forma, por meio de pesquisas, as empresas podem identificar os canais, mensagens e t\u00e1ticas promocionais mais eficazes para atingir seu p\u00fablico-alvo.<\/p>\n\n\n\n<p>Al\u00e9m disso, a pesquisa de mercado fornece feedback valioso sobre os produtos existentes e insights sobre as necessidades n\u00e3o atendidas dos consumidores. As empresas podem refinar os produtos existentes, desenvolver novas ofertas e inovar para se manterem \u00e0 frente das prefer\u00eancias dos consumidores e das tend\u00eancias do mercado. No entanto, traz muitos outros benef\u00edcios para as empresas, incluindo:<\/p>\n\n\n\n<ul class=\"wp-block-list\">\n<li><strong>Tomada de decis\u00e3o informada:<\/strong> As empresas podem acessar insights acion\u00e1veis que informam os processos estrat\u00e9gicos de tomada de decis\u00e3o atrav\u00e9s da realiza\u00e7\u00e3o de pesquisas de mercado.<\/li>\n\n\n\n<li><strong>Marketing direcionado:<\/strong> Com pesquisas de mercado, as empresas podem segmentar seu p\u00fablico-alvo, personalizar mensagens e entregar campanhas direcionadas que tenham repercuss\u00e3o entre os consumidores, gerando, em \u00faltima an\u00e1lise, maiores taxas de engajamento e convers\u00e3o.<\/li>\n\n\n\n<li><strong>Desenvolvimento aprimorado de produtos:<\/strong> A pesquisa de mercado fornece feedback valioso sobre os produtos existentes e identifica oportunidades de inova\u00e7\u00e3o.<\/li>\n\n\n\n<li><strong>Vantagem competitiva:<\/strong> Em um mercado lotado, a diferencia\u00e7\u00e3o \u00e9 fundamental. A an\u00e1lise de supermercados D2C ajuda as empresas a se manterem \u00e0 frente da concorr\u00eancia, identificando lacunas no mercado, compreendendo as estrat\u00e9gias dos concorrentes e descobrindo as necessidades n\u00e3o atendidas dos consumidores.<\/li>\n\n\n\n<li><strong>Maior satisfa\u00e7\u00e3o do cliente:<\/strong> By prioritizing customer feedback and insights gained through <a href=\"https:\/\/www.sisinternational.com\/pt\/pericia\/industrias\/pesquisa-de-mercado-de-loja-de-ferragens\/\" title=\"Pesquisa de mercado de lojas de ferragens e melhorias residenciais\"  data-wpil-monitor-id=\"5924\">D2C grocery market research<\/a>, businesses can enhance the overall customer experience.<\/li>\n<\/ul>\n\n\n\n<h2 class=\"wp-block-heading\">Quem usa a pesquisa de mercado de alimentos D2C<\/h2>\n\n\n\n<p>Uma gama diversificada de partes interessadas no setor de alimentos utiliza a pesquisa de mercado de alimentos D2C para informar suas estrat\u00e9gias e processos de tomada de decis\u00e3o. Aqui est\u00e1 uma vis\u00e3o mais detalhada de quem se beneficia com esse tipo de pesquisa:<\/p>\n\n\n\n<ul class=\"wp-block-list\">\n<li><strong>Marcas e fabricantes de alimentos:<\/strong> As empresas que produzem e distribuem alimentos diretamente aos consumidores dependem de pesquisas de mercado para compreender as prefer\u00eancias dos consumidores, otimizar as ofertas de produtos e melhorar a experi\u00eancia geral do cliente.<\/li>\n\n\n\n<li><strong>Varejistas e plataformas de com\u00e9rcio eletr\u00f4nico:<\/strong> Traditional retailers and online platforms that sell <a href=\"https:\/\/www.sisinternational.com\/pt\/mercado-de-varejo-asiatico\/\" title=\"Pesquisa de mercado de varejo asi\u00e1tico\"  data-wpil-monitor-id=\"2680\">groceries also utilize D2C grocery market research<\/a> to stay ahead of the curve. By understanding shifting consumer preferences and shopping habits, retailers can tailor their product assortments, pricing strategies, and promotional efforts to meet their target audience&#8217;s needs better.<\/li>\n\n\n\n<li><strong>Ag\u00eancias e Consultores de Marketing:<\/strong> Ag\u00eancias de marketing e consultores especializados no setor de alimentos costumam realizar pesquisas de mercado em nome de seus clientes. Eles ajudam as empresas a desenvolver estrat\u00e9gias de marketing baseadas em dados, identificar oportunidades de crescimento e otimizar o posicionamento da marca em mercados competitivos, fornecendo insights sobre o comportamento do consumidor e a din\u00e2mica do mercado.<\/li>\n\n\n\n<li><strong>Investidores e Analistas Financeiros:<\/strong> Investidores e analistas financeiros monitoram de perto o setor de alimentos e contam com pesquisas de mercado de alimentos D2C para avaliar oportunidades de investimento e avaliar o desempenho das empresas que operam neste setor. Insights de pesquisa sobre tend\u00eancias de consumo, din\u00e2mica de mercado e cen\u00e1rios competitivos informam decis\u00f5es de investimento, estrat\u00e9gias de gerenciamento de portf\u00f3lio e previs\u00f5es financeiras.<\/li>\n\n\n\n<li><strong>Associa\u00e7\u00f5es industriais e organiza\u00e7\u00f5es comerciais:<\/strong> As associa\u00e7\u00f5es industriais e as organiza\u00e7\u00f5es comerciais desempenham um papel vital no apoio e representa\u00e7\u00e3o dos interesses das partes interessadas no setor alimentar. Estas organiza\u00e7\u00f5es frequentemente encomendam ou realizam pesquisas de mercado para fornecer informa\u00e7\u00f5es valiosas sobre o setor, defender mudan\u00e7as pol\u00edticas e facilitar o compartilhamento de conhecimento entre os membros.<\/li>\n<\/ul>\n\n\n\n<h2 class=\"wp-block-heading\">Resultados esperados de nossa pesquisa de mercado de alimentos D2C<\/h2>\n\n\n\n<figure class=\"gb-block-image gb-block-image-886c451b\"><img loading=\"lazy\" decoding=\"async\" width=\"1456\" height=\"816\" class=\"gb-image gb-image-886c451b\" src=\"https:\/\/www.sisinternational.com\/wp-content\/uploads\/2025\/08\/Organic-food-1.jpg\" alt=\"Pesquisa e Estrat\u00e9gia de Mercado Internacional da SIS\" title=\"Organic food (1)\" srcset=\"https:\/\/www.sisinternational.com\/wp-content\/uploads\/2025\/08\/Organic-food-1.jpg 1456w, https:\/\/www.sisinternational.com\/wp-content\/uploads\/2025\/08\/Organic-food-1-300x168.jpg 300w, https:\/\/www.sisinternational.com\/wp-content\/uploads\/2025\/08\/Organic-food-1-1024x574.jpg 1024w, https:\/\/www.sisinternational.com\/wp-content\/uploads\/2025\/08\/Organic-food-1-768x430.jpg 768w, https:\/\/www.sisinternational.com\/wp-content\/uploads\/2025\/08\/Organic-food-1-18x10.jpg 18w\" sizes=\"auto, (max-width: 1456px) 100vw, 1456px\"><\/figure>\n\n\n\n<p><\/p>\n\n\n\n<p>Businesses can anticipate several key outcomes from conducting <a href=\"https:\/\/www.sisinternational.com\/pt\/cobertura\/as-americas\/cobertura-dos-eua\/pesquisa-de-mercado-em-key-west-florida\/\" title=\"Pesquisa de mercado de Key West Fl\u00f3rida\"  data-wpil-monitor-id=\"7176\">D2C grocery market research<\/a>, each contributing to informed decision-making and strategic planning. Here are the expected results:<\/p>\n\n\n\n<ul class=\"wp-block-list\">\n<li><strong>Desenvolvimento aprimorado de produtos:<\/strong> A pesquisa de mercado de alimentos D2C fornece informa\u00e7\u00f5es valiosas sobre as prefer\u00eancias do consumidor, permitindo que as empresas refinem os produtos existentes e desenvolvam novas ofertas que ressoem com seu p\u00fablico-alvo. As empresas podem criar produtos que atendam ou superem as expectativas dos clientes, incorporando o feedback do consumidor e as tend\u00eancias do mercado no desenvolvimento do produto.<\/li>\n\n\n\n<li><strong>Vantagem competitiva:<\/strong> Com insights pr\u00e1ticos da pesquisa de mercado de alimentos D2C, as empresas ganham uma vantagem competitiva. Isto inclui manter-se \u00e0 frente dos concorrentes e antecipar as tend\u00eancias do mercado. As empresas podem posicionar-se como l\u00edderes do setor, conquistar quota de mercado e fidelizar os clientes a longo prazo.<\/li>\n\n\n\n<li><strong>Efici\u00eancia Operacional Otimizada:<\/strong> Os insights de pesquisa ajudam as empresas a simplificar as opera\u00e7\u00f5es e otimizar recursos para atender melhor \u00e0s necessidades e prefer\u00eancias dos consumidores. Seja refinando a log\u00edstica da cadeia de suprimentos, otimizando o gerenciamento de estoques ou melhorando os processos de entrega, os ganhos de efici\u00eancia operacional contribuem para aumentar a satisfa\u00e7\u00e3o do cliente e reduzir custos.<\/li>\n\n\n\n<li><strong>Tomada de decis\u00e3o baseada em dados:<\/strong> A pesquisa de mercado de alimentos D2C permite que as empresas tomem decis\u00f5es baseadas em dados, apoiadas por evid\u00eancias e insights robustos. Ao aproveitar os resultados da investiga\u00e7\u00e3o para informar o planeamento estrat\u00e9gico, a aloca\u00e7\u00e3o de recursos e os investimentos empresariais, as empresas podem mitigar riscos com confian\u00e7a e capitalizar oportunidades de crescimento.<\/li>\n<\/ul>\n\n\n\n<h2 class=\"wp-block-heading\">Oportunidades<\/h2>\n\n\n\n<p>No cen\u00e1rio em constante evolu\u00e7\u00e3o da mercearia D2C, as empresas t\u00eam muitas oportunidades de aproveitar a pesquisa de mercado para obter vantagens estrat\u00e9gicas. Aqui est\u00e3o algumas oportunidades importantes:<\/p>\n\n\n\n<ul class=\"wp-block-list\">\n<li><strong>Inova\u00e7\u00e3o de produto:<\/strong> Research insights can inform product development and innovation strategies in the <a href=\"https:\/\/www.sisinternational.com\/pt\/transporte-de-ambulancia\/\" title=\"Pesquisa de mercado de transporte de ambul\u00e2ncias\"  data-wpil-monitor-id=\"2105\">D2C grocery<\/a> market. Businesses can identify emerging trends, gaps in the market, and unmet consumer needs to develop new products or refine existing ones.<\/li>\n\n\n\n<li><a href=\"https:\/\/www.sisinternational.com\/pt\/pericia\/pesquisa-de-mercado-de-produtos-quimicos-a-granel\/\" title=\"Pesquisa de mercado de produtos qu\u00edmicos a granel\"  data-wpil-monitor-id=\"2128\">Market Expansion: Research<\/a> can provide valuable market intelligence and identify growth opportunities for businesses looking to expand their presence in the D2C grocery market.<\/li>\n\n\n\n<li><a href=\"https:\/\/www.sisinternational.com\/pt\/fatias-finas-em-marketing-uma-revisao-do-piscar\/\" title=\"Fatiamento fino em marketing: resenha do livro \u201cBlink\u201d\"  data-wpil-monitor-id=\"1627\"><strong>Posicionamento de marca:<\/strong> Research insights can inform brand positioning strategies in the D2C grocery<\/a> market, helping businesses differentiate themselves and build stronger consumer connections. By understanding consumer perceptions, values, and preferences, businesses can develop authentic brand identities and messaging that resonate with their target audience.<\/li>\n\n\n\n<li><strong>Melhoria da experi\u00eancia do cliente:<\/strong> Research can uncover opportunities to enhance the customer experience in the <a href=\"https:\/\/www.sisinternational.com\/pt\/solucoes\/pesquisa-de-mercado-b2b2c\/\" title=\"Pesquisa de mercado B2B2C\"  data-wpil-monitor-id=\"2143\">D2C grocery<\/a> market, from improving website usability to streamlining the checkout process.<\/li>\n<\/ul>\n\n\n\n<h2 class=\"wp-block-heading\">Desafios<\/h2>\n\n\n\n<p>Embora a pesquisa de mercado de produtos alimentares D2C ofere\u00e7a in\u00fameras oportunidades, as empresas tamb\u00e9m enfrentam v\u00e1rios desafios ao navegar neste cen\u00e1rio complexo \u2013 e aqui est\u00e3o alguns desafios cr\u00edticos a superar:<\/p>\n\n\n\n<ul class=\"wp-block-list\">\n<li><strong>Comportamento Fragmentado do Consumidor:<\/strong> O mercado de alimentos D2C abrange diversos segmentos de consumidores com prefer\u00eancias, comportamentos e h\u00e1bitos de compra variados. Compreender e segmentar esta base fragmentada de consumidores pode ser um desafio, exigindo que as empresas empreguem metodologias de investiga\u00e7\u00e3o e an\u00e1lises sofisticadas.<\/li>\n\n\n\n<li><strong>Prolifera\u00e7\u00e3o de canais:<\/strong> Com a prolifera\u00e7\u00e3o de canais e plataformas digitais no mercado de alimentos D2C, alcan\u00e7ar e envolver os consumidores de forma eficaz em v\u00e1rios pontos de contato pode ser um desafio. As empresas devem navegar num cen\u00e1rio cada vez mais concorrido, otimizar as suas estrat\u00e9gias omnicanal e alocar recursos estrategicamente.<\/li>\n\n\n\n<li><strong>Mudan\u00e7as r\u00e1pidas no mercado:<\/strong> O mercado de alimentos D2C \u00e9 caracterizado por r\u00e1pidas mudan\u00e7as nas prefer\u00eancias dos consumidores, avan\u00e7os tecnol\u00f3gicos e din\u00e2mica competitiva. As empresas devem permanecer \u00e1geis e responsivas \u00e0s tend\u00eancias emergentes, aproveitando dados e insights em tempo real para adaptar as suas estrat\u00e9gias e manter-se \u00e0 frente da curva.<\/li>\n\n\n\n<li><strong>Intensidade Competitiva:<\/strong> O mercado de alimentos D2C \u00e9 altamente competitivo, com v\u00e1rios players disputando participa\u00e7\u00e3o de mercado e aten\u00e7\u00e3o do consumidor. As empresas enfrentam uma concorr\u00eancia intensa por parte dos retalhistas tradicionais e dos disruptores digitais, o que exige que se diferenciem atrav\u00e9s da inova\u00e7\u00e3o, da experi\u00eancia do cliente e do posicionamento da marca.<\/li>\n<\/ul>\n\n\n\n<h2 class=\"wp-block-heading\">Como a pesquisa de mercado de alimentos D2C da SIS International ajuda as empresas<\/h2>\n\n\n\n<p>SIS International stands out as a leader in providing comprehensive D2C grocery <a class=\"wpil_keyword_link\" href=\"https:\/\/www.sisinternational.com\/pt\/solucoes\/\"   title=\"Solu\u00e7\u00f5es\" data-wpil-keyword-link=\"linked\"  data-wpil-monitor-id=\"588\">market research solutions<\/a> tailored to the unique needs of businesses. Here&#8217;s what sets us apart:<\/p>\n\n\n\n<ul class=\"wp-block-list\">\n<li><strong>Experi\u00eancia Global:<\/strong> Com uma presen\u00e7a global que abrange v\u00e1rios continentes e regi\u00f5es, oferecemos conhecimento profundo dos mercados locais, nuances culturais e cen\u00e1rios regulat\u00f3rios. Nossa extensa rede de profissionais de pesquisa nos permite fornecer insights relevantes, acion\u00e1veis e culturalmente sens\u00edveis.<\/li>\n\n\n\n<li><strong>Especializa\u00e7\u00e3o da Ind\u00fastria:<\/strong> Somos especializados em pesquisas de mercado em v\u00e1rios setores, incluindo o mercado de alimentos D2C. Nossa equipe de especialistas do setor traz profundo conhecimento e experi\u00eancia para cada projeto, garantindo que nossas solu\u00e7\u00f5es de pesquisa sejam adaptadas aos desafios e oportunidades \u00fanicos que as empresas do setor de alimentos enfrentam.<\/li>\n\n\n\n<li><strong>Metodologias Inovadoras:<\/strong> Aproveitamos metodologias de pesquisa de ponta, an\u00e1lises avan\u00e7adas e solu\u00e7\u00f5es baseadas em tecnologia para fornecer insights acion\u00e1veis aos nossos clientes. Desde grupos focais qualitativos at\u00e9 pesquisas quantitativas e monitoramento de m\u00eddias sociais, empregamos diversas metodologias para descobrir tend\u00eancias e oportunidades ocultas no mercado de alimentos D2C.<\/li>\n\n\n\n<li><strong>Abordagem Centrada no Cliente:<\/strong> Na SIS International, priorizamos a satisfa\u00e7\u00e3o do cliente e nos esfor\u00e7amos para superar as expectativas em cada projeto. Nossa abordagem colaborativa envolve um envolvimento pr\u00f3ximo com os clientes durante todo o processo de pesquisa, desde o in\u00edcio do projeto at\u00e9 as entregas finais, garantindo o alinhamento com suas metas, objetivos e expectativas.<\/li>\n\n\n\n<li><strong>Compromisso com a qualidade:<\/strong> A qualidade est\u00e1 na vanguarda de tudo o que fazemos na SIS International. Aderimos a processos rigorosos de garantia de qualidade e \u00e0s melhores pr\u00e1ticas do setor para garantir a precis\u00e3o, confiabilidade e validade dos resultados de nossas pesquisas. Nosso compromisso com a qualidade garante que nossos clientes possam confiar nos insights que fornecemos para informar suas decis\u00f5es comerciais cr\u00edticas.<\/li>\n<\/ul>","protected":false},"excerpt":{"rendered":"<p>A pesquisa de mercado de alimentos D2C fornece informa\u00e7\u00f5es valiosas sobre as prefer\u00eancias do consumidor, escolhas de produtos e embalagens e expectativas de entrega.<\/p>","protected":false},"author":1,"featured_media":63999,"parent":14514,"menu_order":424,"comment_status":"closed","ping_status":"closed","template":"","meta":{"footnotes":""},"class_list":["post-46875","page","type-page","status-publish","has-post-thumbnail"],"_links":{"self":[{"href":"https:\/\/www.sisinternational.com\/pt\/wp-json\/wp\/v2\/pages\/46875","targetHints":{"allow":["GET"]}}],"collection":[{"href":"https:\/\/www.sisinternational.com\/pt\/wp-json\/wp\/v2\/pages"}],"about":[{"href":"https:\/\/www.sisinternational.com\/pt\/wp-json\/wp\/v2\/types\/page"}],"author":[{"embeddable":true,"href":"https:\/\/www.sisinternational.com\/pt\/wp-json\/wp\/v2\/users\/1"}],"replies":[{"embeddable":true,"href":"https:\/\/www.sisinternational.com\/pt\/wp-json\/wp\/v2\/comments?post=46875"}],"version-history":[{"count":16,"href":"https:\/\/www.sisinternational.com\/pt\/wp-json\/wp\/v2\/pages\/46875\/revisions"}],"predecessor-version":[{"id":80909,"href":"https:\/\/www.sisinternational.com\/pt\/wp-json\/wp\/v2\/pages\/46875\/revisions\/80909"}],"up":[{"embeddable":true,"href":"https:\/\/www.sisinternational.com\/pt\/wp-json\/wp\/v2\/pages\/14514"}],"wp:featuredmedia":[{"embeddable":true,"href":"https:\/\/www.sisinternational.com\/pt\/wp-json\/wp\/v2\/media\/63999"}],"wp:attachment":[{"href":"https:\/\/www.sisinternational.com\/pt\/wp-json\/wp\/v2\/media?parent=46875"}],"curies":[{"name":"wp","href":"https:\/\/api.w.org\/{rel}","templated":true}]}}