{"id":46861,"date":"2024-03-14T16:30:58","date_gmt":"2024-03-14T20:30:58","guid":{"rendered":"https:\/\/www.sisinternational.com\/?page_id=46861"},"modified":"2026-01-26T18:57:32","modified_gmt":"2026-01-26T23:57:32","slug":"consultoria-em-estrategia-de-pesquisa-de-mercado-de-responsabilidade-do-produto","status":"publish","type":"page","link":"https:\/\/www.sisinternational.com\/pt\/solucoes\/consultoria-estrategica\/consultoria-em-estrategia-de-pesquisa-de-mercado-de-responsabilidade-do-produto\/","title":{"rendered":"Pesquisa de mercado de responsabilidade do produto e consultoria estrat\u00e9gica"},"content":{"rendered":"<h1 class=\"wp-block-heading\">Pesquisa de mercado de responsabilidade do produto e consultoria estrat\u00e9gica<\/h1>\n\n\n\n<figure class=\"gb-block-image gb-block-image-87456765\"><img loading=\"lazy\" decoding=\"async\" width=\"1456\" height=\"816\" class=\"gb-image gb-image-87456765\" src=\"https:\/\/www.sisinternational.com\/wp-content\/uploads\/2025\/08\/Retail-2.jpg\" alt=\"Pesquisa e Estrat\u00e9gia de Mercado Internacional da SIS\" title=\"Retail (2)\" srcset=\"https:\/\/www.sisinternational.com\/wp-content\/uploads\/2025\/08\/Retail-2.jpg 1456w, https:\/\/www.sisinternational.com\/wp-content\/uploads\/2025\/08\/Retail-2-300x168.jpg 300w, https:\/\/www.sisinternational.com\/wp-content\/uploads\/2025\/08\/Retail-2-1024x574.jpg 1024w, https:\/\/www.sisinternational.com\/wp-content\/uploads\/2025\/08\/Retail-2-768x430.jpg 768w, https:\/\/www.sisinternational.com\/wp-content\/uploads\/2025\/08\/Retail-2-18x10.jpg 18w\" sizes=\"auto, (max-width: 1456px) 100vw, 1456px\"><\/figure>\n\n\n\n<hr class=\"wp-block-separator has-alpha-channel-opacity is-style-dots\"\/>\n\n\n\n<p>No cen\u00e1rio empresarial em r\u00e1pida evolu\u00e7\u00e3o, navegar pelos riscos e oportunidades de responsabilidade do produto \u00e9 mais crucial do que nunca. \u00c9 aqui que entram em jogo a pesquisa de mercado de responsabilidade do produto e a consultoria estrat\u00e9gica, servindo como uma ferramenta indispens\u00e1vel para empresas que pretendem mitigar riscos e alavancar insights para obter vantagem estrat\u00e9gica.<\/p>\n\n\n\n<h2 class=\"wp-block-heading\">O que \u00e9 pesquisa de mercado de responsabilidade do produto e consultoria estrat\u00e9gica? Por que \u00e9 importante hoje?<\/h2>\n\n\n\n<p>A pesquisa de mercado de responsabilidade do produto e a consultoria estrat\u00e9gica ajudam as empresas a avaliar e gerenciar os riscos associados \u00e0 fabrica\u00e7\u00e3o, distribui\u00e7\u00e3o e venda de produtos. Isto envolve a an\u00e1lise de potenciais responsabilidades, requisitos regulamentares e tend\u00eancias de consumo para desenvolver planos estrat\u00e9gicos que mitiguem riscos e melhorem a seguran\u00e7a e a qualidade dos produtos.<\/p>\n\n\n\n<p>This market <a class=\"wpil_keyword_link\" href=\"https:\/\/www.sisinternational.com\/pt\/home-2\/\"   title=\"Home Mock up for Ruth\" data-wpil-keyword-link=\"linked\"  data-wpil-monitor-id=\"589\">research and strategy<\/a> consulting is essential for companies to proactively identify potential risks, assess liability exposures, and develop effective risk management strategies. Businesses can minimize the likelihood of costly litigation by engaging in these services, protecting their brand reputation, and maintaining consumer trust. Additionally, product liability consulting helps businesses stay ahead of regulatory changes and industry trends, ensuring compliance and competitiveness in the marketplace.<\/p>\n\n\n\n<p>In any case, <a href=\"https:\/\/www.sisinternational.com\/pt\/pericia\/industrias\/pesquisa-de-mercado-de-superioridade-de-produto\/\" title=\"Pesquisa de mercado de superioridade de produto\"  data-wpil-monitor-id=\"5806\">product liability market research<\/a> and strategy consulting brings several other benefits for businesses, including:<\/p>\n\n\n\n<ul class=\"wp-block-list\">\n<li><strong>Mitiga\u00e7\u00e3o de riscos:<\/strong> Os consultores ajudam as empresas a identificar e mitigar riscos potenciais associados \u00e0 responsabilidade do produto, minimizando a probabilidade de a\u00e7\u00f5es judiciais dispendiosas e penalidades regulat\u00f3rias.<\/li>\n\n\n\n<li><strong>Seguran\u00e7a aprimorada do produto:<\/strong> Ao realizar pesquisas e an\u00e1lises de mercado completas, os consultores fornecem insights que permitem \u00e0s empresas melhorar os padr\u00f5es de seguran\u00e7a dos produtos e garantir a conformidade com as regulamenta\u00e7\u00f5es do setor.<\/li>\n\n\n\n<li><strong>Proteja a reputa\u00e7\u00e3o da marca:<\/strong> Effective <a href=\"https:\/\/www.sisinternational.com\/pt\/what-is-a-value-proposition-canvas-the-game-changing-framework-that-prevents-product-failures\/\" title=\"What Is a Value Proposition Canvas? &#091;The Game-Changing Framework That Prevents Product Failures&#093;\"  data-wpil-monitor-id=\"1450\">product liability strategies<\/a> help businesses safeguard their brand reputation by preventing product recalls, negative publicity, and consumer backlash.<\/li>\n\n\n\n<li><strong>Vantagem competitiva:<\/strong> As empresas que priorizam a seguran\u00e7a dos produtos e a gest\u00e3o de responsabilidades ganham uma vantagem competitiva ao se diferenciarem como marcas confi\u00e1veis e respons\u00e1veis.<\/li>\n\n\n\n<li><strong>Poupan\u00e7a de custos:<\/strong> O gerenciamento proativo dos riscos de responsabilidade do produto pode levar a economias significativas de custos no longo prazo, evitando despesas legais, acordos e danos ao valor da marca.<\/li>\n<\/ul>\n\n\n\n<h2 class=\"wp-block-heading\">Quem usa pesquisa de mercado de responsabilidade do produto e consultoria estrat\u00e9gica<\/h2>\n\n\n\n<p>V\u00e1rios intervenientes na cadeia de fornecimento de produtos beneficiam do envolvimento em pesquisas de mercado de responsabilidade do produto e consultoria estrat\u00e9gica. Alguns dos usu\u00e1rios mais comuns s\u00e3o:<\/p>\n\n\n\n<ul class=\"wp-block-list\">\n<li><strong>Fabricantes:<\/strong> Os fabricantes contam com consultores para avaliar os riscos de responsabilidade do produto, implementar medidas de controle de qualidade e garantir a conformidade com os regulamentos de seguran\u00e7a.<\/li>\n\n\n\n<li><strong>Distribuidores:<\/strong> Os distribuidores utilizam servi\u00e7os de consultoria para avaliar exposi\u00e7\u00f5es de responsabilidade do produto, estabelecer protocolos de gest\u00e3o de risco e proteger os seus interesses na cadeia de abastecimento.<\/li>\n\n\n\n<li><strong>Revendedores:<\/strong> Os varejistas buscam consultoria especializada para avaliar os padr\u00f5es de seguran\u00e7a dos produtos, implementar procedimentos eficazes de recall e mitigar os riscos de responsabilidade associados \u00e0 venda de bens de consumo.<\/li>\n\n\n\n<li><strong>Provedores de seguros:<\/strong> As seguradoras fazem parceria com consultores para avaliar os riscos de responsabilidade do produto, desenvolver produtos de seguros e apoiar iniciativas de gest\u00e3o de risco para seus clientes.<\/li>\n\n\n\n<li><strong>Consultor Jur\u00eddico:<\/strong> A assessoria jur\u00eddica depende de insights de consultoria para fornecer aconselhamento estrat\u00e9gico, suporte em lit\u00edgios e orienta\u00e7\u00e3o de gerenciamento de risco para empresas que enfrentam desafios de responsabilidade de produtos.<\/li>\n<\/ul>\n\n\n\n<h2 class=\"wp-block-heading\">Quando fazer esta pesquisa de mercado e consultoria estrat\u00e9gica<\/h2>\n\n\n\n<figure class=\"gb-block-image gb-block-image-a0b0614f\"><img loading=\"lazy\" decoding=\"async\" width=\"1456\" height=\"816\" class=\"gb-image gb-image-a0b0614f\" src=\"https:\/\/www.sisinternational.com\/wp-content\/uploads\/2025\/08\/Retail-1.jpg\" alt=\"Pesquisa e Estrat\u00e9gia de Mercado Internacional da SIS\" title=\"Retail (1)\" srcset=\"https:\/\/www.sisinternational.com\/wp-content\/uploads\/2025\/08\/Retail-1.jpg 1456w, https:\/\/www.sisinternational.com\/wp-content\/uploads\/2025\/08\/Retail-1-300x168.jpg 300w, https:\/\/www.sisinternational.com\/wp-content\/uploads\/2025\/08\/Retail-1-1024x574.jpg 1024w, https:\/\/www.sisinternational.com\/wp-content\/uploads\/2025\/08\/Retail-1-768x430.jpg 768w, https:\/\/www.sisinternational.com\/wp-content\/uploads\/2025\/08\/Retail-1-18x10.jpg 18w\" sizes=\"auto, (max-width: 1456px) 100vw, 1456px\"><\/figure>\n\n\n\n<p><\/p>\n\n\n\n<p>Determining the optimal timing for conducting <a href=\"https:\/\/www.sisinternational.com\/pt\/otimizando-sites-corporativos-para-roi\/\" title=\"Otimizando sites corporativos para ROI\"  data-wpil-monitor-id=\"7588\">product liability market research and strategy<\/a> consulting is crucial for maximizing effectiveness. Here are key factors to consider:<\/p>\n\n\n\n<ul class=\"wp-block-list\">\n<li><strong>Lan\u00e7amentos de novos produtos:<\/strong> Before launching a new product or entering a new market, businesses should conduct comprehensive product liability research and consulting to assess potential risks and develop risk mitigation <a href=\"https:\/\/www.sisinternational.com\/pt\/solucoes\/consultoria-sis-blockchain\/blockchain-em-consultoria-de-estrategia-de-saude\/\" title=\"Blockchain em consultoria de estrat\u00e9gia de sa\u00fade\"  data-wpil-monitor-id=\"6437\">strategies<\/a>. It ensures that products meet the outset&#8217;s regulatory requirements, industry standards, and consumer expectations.<\/li>\n\n\n\n<li><strong>Mudan\u00e7as regulat\u00f3rias:<\/strong> As empresas devem realizar pesquisas e consultoria sobre responsabilidade do produto em resposta a mudan\u00e7as nos requisitos regulamentares, padr\u00f5es da ind\u00fastria ou precedentes legais. Manter-se atualizado com a evolu\u00e7\u00e3o das regulamenta\u00e7\u00f5es permite que as empresas adaptem suas estrat\u00e9gias e pr\u00e1ticas para permanecerem em conformidade e competitivas no mercado.<\/li>\n\n\n\n<li><strong>Tend\u00eancias de mercado e prefer\u00eancias do consumidor:<\/strong> Periodic <a href=\"https:\/\/www.sisinternational.com\/pt\/considerando-o-oriente-medio-para-pesquisa-de-mercado\/\" title=\"Pesquisa de entrada no mercado do Oriente M\u00e9dio\"  data-wpil-monitor-id=\"1436\">product liability research and consulting<\/a> help businesses stay informed about emerging market trends, consumer preferences, and industry best practices. This allows businesses to anticipate and address evolving consumer expectations regarding product safety and quality.<\/li>\n\n\n\n<li><strong>Amea\u00e7as ou incidentes de lit\u00edgio:<\/strong> Em amea\u00e7as ou incidentes de lit\u00edgio relacionados com produtos, as empresas devem envolver-se imediatamente em pesquisas e consultoria sobre responsabilidade de produtos para avaliar exposi\u00e7\u00f5es de responsabilidade, desenvolver estrat\u00e9gias de defesa e mitigar danos \u00e0 reputa\u00e7\u00e3o.<\/li>\n\n\n\n<li><strong>Melhoria continua: <\/strong>A pesquisa e a consultoria sobre responsabilidade do produto devem ser cont\u00ednuas e n\u00e3o um evento \u00fanico. Ao monitorar e avaliar continuamente os padr\u00f5es de seguran\u00e7a dos produtos, a din\u00e2mica do mercado e as mudan\u00e7as regulat\u00f3rias, as empresas podem identificar proativamente \u00e1reas de melhoria e implementar estrat\u00e9gias de mitiga\u00e7\u00e3o de riscos para melhorar a seguran\u00e7a dos produtos e o gerenciamento de responsabilidades.<\/li>\n<\/ul>\n\n\n\n<h2 class=\"wp-block-heading\">Fatores cr\u00edticos de sucesso para uma pesquisa de mercado de responsabilidade de produto bem-sucedida e consultoria estrat\u00e9gica<\/h2>\n\n\n\n<p>V\u00e1rios fatores-chave contribuem para o sucesso da pesquisa de mercado de responsabilidade do produto e dos compromissos de consultoria estrat\u00e9gica. Alguns desses fatores s\u00e3o os seguintes:<\/p>\n\n\n\n<ul class=\"wp-block-list\">\n<li><strong>Conformidade regulat\u00f3ria:<\/strong> Garantir a conformidade com regulamentos e padr\u00f5es industriais relevantes \u00e9 fundamental para mitigar os riscos de responsabilidade do produto. Os consultores devem manter-se atualizados com as mudan\u00e7as regulat\u00f3rias e ajudar as empresas a lidar com requisitos legais complexos para evitar poss\u00edveis responsabilidades e penalidades regulat\u00f3rias.<\/li>\n\n\n\n<li><strong>Colabora\u00e7\u00e3o multifuncional:<\/strong> Os compromissos bem-sucedidos de consultoria em responsabilidade de produtos exigem colabora\u00e7\u00e3o entre v\u00e1rios departamentos organizacionais, incluindo jur\u00eddico, conformidade, garantia de qualidade e desenvolvimento de produtos. As equipes multifuncionais devem trabalhar juntas para integrar insights de pesquisas de mercado na tomada de decis\u00f5es estrat\u00e9gicas e na implementa\u00e7\u00e3o.<\/li>\n\n\n\n<li><strong>Monitoramento e Avalia\u00e7\u00e3o Cont\u00ednua:<\/strong> Continuous monitoring and evaluation of <a href=\"https:\/\/www.sisinternational.com\/pt\/como-continuar-sua-expansao-em-mercados-emergentes-nesta-recessao\/\" title=\"Como continuar sua expans\u00e3o nos mercados emergentes nesta recess\u00e3o\"  data-wpil-monitor-id=\"2162\">product liability risks and strategies<\/a> are essential for adapting to changing market dynamics and regulatory requirements. Consultants must regularly assess the effectiveness of risk management initiatives and make adjustments as necessary to ensure ongoing compliance and efficacy.<\/li>\n<\/ul>\n\n\n\n<h2 class=\"wp-block-heading\">A abordagem SIS para pesquisa de mercado de responsabilidade de produto e consultoria estrat\u00e9gica<\/h2>\n\n\n\n<p>O SIS oferece uma estrutura abrangente para a realiza\u00e7\u00e3o de pesquisas de mercado de responsabilidade de produtos e consultoria estrat\u00e9gica. Nossa abordagem se concentra em:<\/p>\n\n\n\n<ul class=\"wp-block-list\">\n<li><strong>Alinhamento estrat\u00e9gico:<\/strong> Os consultores SIS priorizam o alinhamento estrat\u00e9gico alinhando seus esfor\u00e7os com os objetivos e metas do cliente. Eles entendem o setor, o cen\u00e1rio competitivo e a din\u00e2mica do mercado do cliente para desenvolver estrat\u00e9gias personalizadas que abordem desafios e oportunidades espec\u00edficos de responsabilidade do produto.<\/li>\n\n\n\n<li><strong>An\u00e1lise perspicaz:<\/strong> Aproveitando t\u00e9cnicas anal\u00edticas avan\u00e7adas e experi\u00eancia no setor, os consultores da SIS fornecem an\u00e1lises criteriosas dos riscos e oportunidades de responsabilidade do produto. Eles descobrem padr\u00f5es, tend\u00eancias e correla\u00e7\u00f5es ocultas nos dados para gerar insights acion\u00e1veis que informam a tomada de decis\u00f5es estrat\u00e9gicas e os esfor\u00e7os de gerenciamento de riscos.<\/li>\n\n\n\n<li><strong>Execu\u00e7\u00e3o Sistem\u00e1tica:<\/strong> The SIS approach emphasizes systematic execution, ensuring that recommendations are implemented effectively and efficiently. SIS <a href=\"https:\/\/www.sisinternational.com\/pt\/solucoes\/consultoria-estrategica\/planejamento-de-cenario\/\" title=\"Consultoria estrat\u00e9gica de planejamento de cen\u00e1rios\"  data-wpil-monitor-id=\"7106\">consultants develop detailed action plans<\/a>, establish clear milestones and timelines, and monitor progress throughout the implementation process to ensure alignment with the client&#8217;s objectives.<\/li>\n\n\n\n<li><strong>Colabora\u00e7\u00e3o do cliente:<\/strong> SIS consultants prioritize client collaboration throughout the engagement process, fostering open communication and knowledge sharing. <\/li>\n\n\n\n<li><strong>Melhoria continua:<\/strong> SIS experts are committed to continuous improvement, regularly evaluating and refining their methodologies and processes to adapt to changing market dynamics and client needs. <\/li>\n<\/ul>\n\n\n\n<h2 class=\"wp-block-heading\">Oportunidades<\/h2>\n\n\n\n<p>Businesses can capitalize on several opportunities by leveraging <a href=\"https:\/\/www.sisinternational.com\/pt\/midias-sociais-em-pequenas-empresas\/\" title=\"Estrat\u00e9gias de m\u00eddia social para pequenas empresas\"  data-wpil-monitor-id=\"2216\">product liability market research and strategy<\/a> consulting. These opportunities include:<\/p>\n\n\n\n<ul class=\"wp-block-list\">\n<li><strong>Diferencia\u00e7\u00e3o de mercado:<\/strong> Demonstrating a commitment to <a href=\"https:\/\/www.sisinternational.com\/pt\/pericia\/industrias\/pesquisa-de-mercado-de-seguranca-viaria\/\" title=\"Pesquisa de mercado de seguran\u00e7a rodovi\u00e1ria\"  data-wpil-monitor-id=\"7179\">produtos<\/a> safety and quality through consulting initiatives can help businesses differentiate themselves in the marketplace. <\/li>\n\n\n\n<li><strong>Oportunidades de inova\u00e7\u00e3o:<\/strong> Os compromissos de consultoria fornecem \u00e0s empresas insights sobre tend\u00eancias emergentes e prefer\u00eancias dos consumidores. Ao aproveitar esses insights, as empresas podem identificar oportunidades para inova\u00e7\u00e3o de produtos e desenvolver ofertas que atendam \u00e0s crescentes necessidades dos clientes, ao mesmo tempo que minimizam os riscos de responsabilidade.<\/li>\n\n\n\n<li><strong>Poupan\u00e7a de custos:<\/strong> Proactively managing product liability risks can lead to significant business savings. <\/li>\n<\/ul>\n\n\n\n<h2 class=\"wp-block-heading\">Desafios<\/h2>\n\n\n\n<p>Embora a pesquisa de mercado de responsabilidade do produto e a consultoria estrat\u00e9gica ofere\u00e7am benef\u00edcios valiosos, as empresas podem encontrar v\u00e1rios desafios, tais como:<\/p>\n\n\n\n<ul class=\"wp-block-list\">\n<li><strong>Cen\u00e1rio regulat\u00f3rio complexo:<\/strong> Navegar no complexo cen\u00e1rio regulat\u00f3rio que envolve a responsabilidade pelos produtos pode ser um desafio para as empresas. Manter-se atualizado com as regulamenta\u00e7\u00f5es em evolu\u00e7\u00e3o e garantir a conformidade em diferentes jurisdi\u00e7\u00f5es requer recursos e conhecimentos significativos.<\/li>\n\n\n\n<li><strong>Acessibilidade e qualidade dos dados:<\/strong> O acesso a dados relevantes para pesquisas sobre responsabilidade de produtos pode ser dif\u00edcil, especialmente quando se trata de informa\u00e7\u00f5es confidenciais ou propriet\u00e1rias. Garantir a qualidade e a confiabilidade dos dados \u00e9 crucial para gerar insights precisos e tomar decis\u00f5es informadas.<\/li>\n\n\n\n<li><strong>Complexidade jur\u00eddica e riscos de lit\u00edgio:<\/strong> A consultoria de responsabilidade do produto geralmente envolve a navega\u00e7\u00e3o por quest\u00f5es jur\u00eddicas complexas e riscos potenciais de lit\u00edgio. As empresas devem trabalhar em estreita colabora\u00e7\u00e3o com especialistas jur\u00eddicos para compreender as responsabilidades e desenvolver estrat\u00e9gias eficazes de gest\u00e3o de riscos.<\/li>\n<\/ul>\n\n\n\n<p><\/p>","protected":false},"excerpt":{"rendered":"<p>A pesquisa de mercado de responsabilidade do produto e a consultoria estrat\u00e9gica auxiliam na avalia\u00e7\u00e3o e gerenciamento de riscos dos produtos.<\/p>","protected":false},"author":1,"featured_media":62505,"parent":14567,"menu_order":44,"comment_status":"closed","ping_status":"closed","template":"","meta":{"footnotes":""},"class_list":["post-46861","page","type-page","status-publish","has-post-thumbnail"],"_links":{"self":[{"href":"https:\/\/www.sisinternational.com\/pt\/wp-json\/wp\/v2\/pages\/46861","targetHints":{"allow":["GET"]}}],"collection":[{"href":"https:\/\/www.sisinternational.com\/pt\/wp-json\/wp\/v2\/pages"}],"about":[{"href":"https:\/\/www.sisinternational.com\/pt\/wp-json\/wp\/v2\/types\/page"}],"author":[{"embeddable":true,"href":"https:\/\/www.sisinternational.com\/pt\/wp-json\/wp\/v2\/users\/1"}],"replies":[{"embeddable":true,"href":"https:\/\/www.sisinternational.com\/pt\/wp-json\/wp\/v2\/comments?post=46861"}],"version-history":[{"count":17,"href":"https:\/\/www.sisinternational.com\/pt\/wp-json\/wp\/v2\/pages\/46861\/revisions"}],"predecessor-version":[{"id":81211,"href":"https:\/\/www.sisinternational.com\/pt\/wp-json\/wp\/v2\/pages\/46861\/revisions\/81211"}],"up":[{"embeddable":true,"href":"https:\/\/www.sisinternational.com\/pt\/wp-json\/wp\/v2\/pages\/14567"}],"wp:featuredmedia":[{"embeddable":true,"href":"https:\/\/www.sisinternational.com\/pt\/wp-json\/wp\/v2\/media\/62505"}],"wp:attachment":[{"href":"https:\/\/www.sisinternational.com\/pt\/wp-json\/wp\/v2\/media?parent=46861"}],"curies":[{"name":"wp","href":"https:\/\/api.w.org\/{rel}","templated":true}]}}