{"id":46834,"date":"2024-03-14T16:54:14","date_gmt":"2024-03-14T20:54:14","guid":{"rendered":"https:\/\/www.sisinternational.com\/?page_id=46834"},"modified":"2026-01-26T18:00:00","modified_gmt":"2026-01-26T23:00:00","slug":"pesquisa-de-mercado-de-transformacao-de-negocios","status":"publish","type":"page","link":"https:\/\/www.sisinternational.com\/pt\/solucoes\/pesquisa-de-mercado-de-transformacao-de-negocios\/","title":{"rendered":"Pesquisa de mercado sobre transforma\u00e7\u00e3o de neg\u00f3cios"},"content":{"rendered":"<h1 class=\"wp-block-heading p1\">Pesquisa de mercado sobre transforma\u00e7\u00e3o de neg\u00f3cios<\/h1>\n\n\n\n<figure class=\"gb-block-image gb-block-image-3771b415\"><img loading=\"lazy\" decoding=\"async\" width=\"1024\" height=\"574\" class=\"gb-image gb-image-3771b415\" src=\"https:\/\/www.sisinternational.com\/wp-content\/uploads\/2025\/08\/Global-1-2-1024x574.jpg\" alt=\"Pesquisa e Estrat\u00e9gia de Mercado Internacional da SIS\" title=\"Global 1 (2)\" srcset=\"https:\/\/www.sisinternational.com\/wp-content\/uploads\/2025\/08\/Global-1-2-1024x574.jpg 1024w, https:\/\/www.sisinternational.com\/wp-content\/uploads\/2025\/08\/Global-1-2-300x168.jpg 300w, https:\/\/www.sisinternational.com\/wp-content\/uploads\/2025\/08\/Global-1-2-768x430.jpg 768w, https:\/\/www.sisinternational.com\/wp-content\/uploads\/2025\/08\/Global-1-2-18x10.jpg 18w, https:\/\/www.sisinternational.com\/wp-content\/uploads\/2025\/08\/Global-1-2.jpg 1456w\" sizes=\"auto, (max-width: 1024px) 100vw, 1024px\"><\/figure>\n\n\n\n<p><\/p>\n\n\n\n<hr class=\"wp-block-separator has-alpha-channel-opacity is-style-dots\"\/>\n\n\n\n<p>Num cen\u00e1rio empresarial em r\u00e1pida evolu\u00e7\u00e3o, a adapta\u00e7\u00e3o \u00e9 um requisito crucial para a sobreviv\u00eancia \u2013 e a pesquisa de mercado de transforma\u00e7\u00e3o empresarial ajuda as empresas a prosperar no meio da mudan\u00e7a... Ent\u00e3o, como podem as organiza\u00e7\u00f5es aproveitar o poder dos dados e insights para impulsionar transforma\u00e7\u00f5es bem sucedidas e emergir como l\u00edderes da ind\u00fastria? A jornada come\u00e7a com a compreens\u00e3o da ess\u00eancia da pesquisa de mercado de transforma\u00e7\u00e3o de neg\u00f3cios.<\/p>\n\n\n\n<h2 class=\"wp-block-heading\">O que \u00e9 pesquisa de mercado de transforma\u00e7\u00e3o de neg\u00f3cios?\u201d<\/h2>\n\n\n\n<p>Business transformation market research systematically examines market dynamics, industry trends, and organizational capabilities to drive strategic change initiatives. It involves gathering comprehensive data and insights to inform decision-making processes to reshape business models, processes, and strategies. This <a href=\"https:\/\/www.sisinternational.com\/pt\/pericia\/pesquisa-de-mercado-de-produtos-quimicos-a-granel\/\" title=\"Pesquisa de mercado de produtos qu\u00edmicos a granel\"  data-wpil-monitor-id=\"2133\">research goes beyond traditional market<\/a> analysis, focusing on the holistic transformation of an organization to adapt to changing market conditions, technological advancements, and customer expectations.<\/p>\n\n\n\n<h2 class=\"wp-block-heading\">Import\u00e2ncia da Pesquisa de Mercado de Transforma\u00e7\u00e3o de Neg\u00f3cios<\/h2>\n\n\n\n<p><a href=\"https:\/\/www.sisinternational.com\/pt\/dia-dos-namorados-como-sua-empresa-pode-sentir-o-amor\/\" title=\"Pesquisa de mercado do Dia dos Namorados: como sua empresa pode sentir o amor\"  data-wpil-monitor-id=\"3574\">Business transformation market research<\/a> enables organizations to anticipate market shifts, technological advancements, and emerging trends, empowering them to adapt proactively and stay ahead of the curve. <\/p>\n\n\n\n<p>Al\u00e9m disso, esta pesquisa de mercado ajuda as organiza\u00e7\u00f5es a identificar potenciais riscos e desafios desde o in\u00edcio, permitindo-lhes desenvolver planos de conting\u00eancia e mitigar potenciais armadilhas. Da mesma forma, a pesquisa de mercado fornece a base para a inova\u00e7\u00e3o, permitindo que as organiza\u00e7\u00f5es construam propostas de valor \u00fanicas e mantenham uma vantagem competitiva no mercado.<\/p>\n\n\n\n<p>No entanto, apresenta muitos outros benef\u00edcios para as empresas, incluindo:<\/p>\n\n\n\n<ul class=\"wp-block-list\">\n<li><strong>Tomada de decis\u00e3o informada:<\/strong> <a href=\"https:\/\/www.sisinternational.com\/pt\/resiliencia-empresarial-coronavirus\/\" title=\"Pesquisa de mercado sobre resili\u00eancia empresarial na Covid\"  data-wpil-monitor-id=\"3624\">Business transformation market research<\/a> provides organizations with valuable insights into market trends, customer preferences, and competitive landscapes.<\/li>\n\n\n\n<li><strong>Enhanced <\/strong><a href=\"https:\/\/www.sisinternational.com\/pt\/solucoes\/inovacao\/pesquisa-de-mercado-agil\/\" title=\"Pesquisa de mercado \u00e1gil\"  data-wpil-monitor-id=\"6135\">Agility and Adaptability: Through continuous market research<\/a>, organizations can stay agile and adaptable in response to changing market conditions and emerging opportunities.<\/li>\n\n\n\n<li><strong>Aloca\u00e7\u00e3o otimizada de recursos:<\/strong> A transforma\u00e7\u00e3o empresarial eficaz requer aloca\u00e7\u00e3o estrat\u00e9gica de recursos, incluindo capital financeiro, capital humano e infraestrutura tecnol\u00f3gica.<\/li>\n\n\n\n<li><strong>Melhor experi\u00eancia do cliente:<\/strong> Essa pesquisa de mercado permite que as organiza\u00e7\u00f5es entendam as necessidades, prefer\u00eancias e pontos problem\u00e1ticos dos clientes.<\/li>\n\n\n\n<li><strong><a class=\"wpil_keyword_link\" href=\"https:\/\/www.sisinternational.com\/pt\/desenvolver-uma-vantagem-competitiva-sustentavel\/\"   title=\"Desenvolvendo uma vantagem competitiva sustent\u00e1vel\" data-wpil-keyword-link=\"linked\"  data-wpil-monitor-id=\"590\">Sustainable Competitive Advantage<\/a>:<\/strong> As iniciativas de transforma\u00e7\u00e3o empresarial alimentadas por conhecimentos de mercado permitem que as empresas se diferenciem dos concorrentes, inovem de forma mais eficaz e conquistem quota de mercado.<\/li>\n<\/ul>\n\n\n\n<h2 class=\"wp-block-heading\">Quem usa a pesquisa de mercado de transforma\u00e7\u00e3o de neg\u00f3cios<\/h2>\n\n\n\n<figure class=\"gb-block-image gb-block-image-9680f9da\"><img loading=\"lazy\" decoding=\"async\" width=\"1456\" height=\"816\" class=\"gb-image gb-image-9680f9da\" src=\"https:\/\/www.sisinternational.com\/wp-content\/uploads\/2025\/08\/Global-7.jpg\" alt=\"Pesquisa e Estrat\u00e9gia de Mercado Internacional da SIS\" title=\"Global (7)\" srcset=\"https:\/\/www.sisinternational.com\/wp-content\/uploads\/2025\/08\/Global-7.jpg 1456w, https:\/\/www.sisinternational.com\/wp-content\/uploads\/2025\/08\/Global-7-300x168.jpg 300w, https:\/\/www.sisinternational.com\/wp-content\/uploads\/2025\/08\/Global-7-1024x574.jpg 1024w, https:\/\/www.sisinternational.com\/wp-content\/uploads\/2025\/08\/Global-7-768x430.jpg 768w, https:\/\/www.sisinternational.com\/wp-content\/uploads\/2025\/08\/Global-7-18x10.jpg 18w\" sizes=\"auto, (max-width: 1456px) 100vw, 1456px\"><\/figure>\n\n\n\n<p><\/p>\n\n\n\n<p>A lideran\u00e7a s\u00eanior e os executivos contam com pesquisas de mercado para definir a dire\u00e7\u00e3o estrat\u00e9gica, definir objetivos de neg\u00f3cios e priorizar iniciativas de transforma\u00e7\u00e3o. Os l\u00edderes podem tomar decis\u00f5es informadas que impulsionam o crescimento organizacional e a competitividade, compreendendo as tend\u00eancias do mercado, a din\u00e2mica competitiva e as necessidades dos clientes.<\/p>\n\n\n\n<p>Al\u00e9m disso, os analistas e estrategistas de neg\u00f3cios aproveitam a pesquisa de mercado de transforma\u00e7\u00e3o de neg\u00f3cios para identificar oportunidades de crescimento, inova\u00e7\u00e3o e melhoria operacional, fornecendo insights valiosos para informar o planejamento estrat\u00e9gico e os processos de tomada de decis\u00e3o.<\/p>\n\n\n\n<p>As equipes de marketing e desenvolvimento de produtos tamb\u00e9m utilizam essa pesquisa de mercado para identificar as necessidades, prefer\u00eancias e pontos problem\u00e1ticos do cliente. Ao compreender as tend\u00eancias do mercado e o comportamento do consumidor, estas equipas podem desenvolver e lan\u00e7ar produtos e servi\u00e7os que repercutam nos p\u00fablicos-alvo, impulsionando o crescimento das receitas e a expans\u00e3o da quota de mercado.<\/p>\n\n\n\n<p>Similarly, Human Resources and Organizational Development Teams utilize <a href=\"https:\/\/www.sisinternational.com\/pt\/pericia\/industrias\/pesquisa-de-mercado-de-recursos-naturais\/\" title=\"Pesquisa de mercado de recursos naturais\"  data-wpil-monitor-id=\"4740\">pesquisa de mercado de transforma\u00e7\u00e3o de neg\u00f3cios<\/a> to drive cultural change, talent development, and employee engagement initiatives.<\/p>\n\n\n\n<h2 class=\"wp-block-heading\">Quando realizar pesquisas de mercado de transforma\u00e7\u00e3o de neg\u00f3cios<\/h2>\n\n\n\n<p>Determinar o momento ideal para conduzir esta investiga\u00e7\u00e3o \u00e9 crucial para maximizar a sua efic\u00e1cia e impacto \u2013 e aqui est\u00e3o v\u00e1rios factores a considerar:<\/p>\n\n\n\n<ul class=\"wp-block-list\">\n<li><strong>Eventos de gatilho:<\/strong> Eventos desencadeadores, como fus\u00f5es, aquisi\u00e7\u00f5es, mudan\u00e7as de lideran\u00e7a ou mudan\u00e7as nas regulamenta\u00e7\u00f5es do setor, podem exigir pesquisa de mercado. Esses eventos podem apresentar oportunidades de realinhamento organizacional, inova\u00e7\u00e3o ou crescimento, tornando imperativa a realiza\u00e7\u00e3o de pesquisas e a tomada de decis\u00f5es estrat\u00e9gicas informadas.<\/li>\n\n\n\n<li><strong>Perturba\u00e7\u00f5es do mercado:<\/strong> Rapid market conditions, technological advancements, or competitive landscapes may necessitate market research. Organizations should monitor <a href=\"https:\/\/www.sisinternational.com\/pt\/solucoes\/pesquisa-de-mercado-b2b2c\/\" title=\"Pesquisa de mercado B2B2C\"  data-wpil-monitor-id=\"2147\">market disruptions closely and conduct research<\/a> to assess the potential impact on their business models, processes, and strategies.<\/li>\n\n\n\n<li><strong>Avalia\u00e7\u00f5es de desempenho:<\/strong> Conducting business transformation market research as part of regular performance reviews enables organizations to evaluate the effectiveness of existing <a href=\"https:\/\/www.sisinternational.com\/pt\/como-expandir-seu-negocio\/\" title=\"Como expandir seu neg\u00f3cio\"  data-wpil-monitor-id=\"1960\">strategies<\/a> and identify areas for improvement. By analyzing market trends, competitive dynamics, and customer feedback, organizations can identify opportunities to enhance performance and drive continuous improvement.<\/li>\n<\/ul>\n\n\n\n<h2 class=\"wp-block-heading\">Resultados esperados de nossa pesquisa de mercado<\/h2>\n\n\n\n<p>Embarcar na pesquisa de mercado de transforma\u00e7\u00e3o de neg\u00f3cios traz resultados positivos para organiza\u00e7\u00f5es que buscam impulsionar mudan\u00e7as estrat\u00e9gicas e inova\u00e7\u00e3o. Aqui est\u00e3o alguns resultados esperados:<\/p>\n\n\n\n<ul class=\"wp-block-list\">\n<li><strong>Identifica\u00e7\u00e3o de oportunidades de crescimento:<\/strong> A pesquisa de mercado de transforma\u00e7\u00e3o de neg\u00f3cios permite que as organiza\u00e7\u00f5es identifiquem novas oportunidades de mercado, tend\u00eancias emergentes e segmentos de clientes inexplorados.<\/li>\n\n\n\n<li><strong>Efici\u00eancia operacional aprimorada:<\/strong> Por meio de pesquisas de mercado, as organiza\u00e7\u00f5es podem identificar inefici\u00eancias, gargalos e \u00e1reas de melhoria em suas opera\u00e7\u00f5es. As organiza\u00e7\u00f5es podem aumentar a efici\u00eancia operacional, reduzir custos e melhorar o desempenho geral otimizando processos, simplificando fluxos de trabalho e aproveitando solu\u00e7\u00f5es tecnol\u00f3gicas.<\/li>\n\n\n\n<li><strong>Vantagem Competitiva Fortalecida:<\/strong> Ao aproveitar os insights desta pesquisa de mercado, as organiza\u00e7\u00f5es podem diferenciar-se dos concorrentes e aumentar a sua vantagem competitiva. Isto pode envolver o desenvolvimento de propostas de valor \u00fanicas, a melhoria das experi\u00eancias dos clientes ou o aproveitamento da tecnologia para perturbar os modelos de neg\u00f3cios tradicionais.<\/li>\n<\/ul>\n\n\n\n<h2 class=\"wp-block-heading\">Tecnologias e ferramentas em pesquisa de mercado de transforma\u00e7\u00e3o de neg\u00f3cios<\/h2>\n\n\n\n<p>Na pesquisa de mercado de transforma\u00e7\u00e3o de neg\u00f3cios, aproveitar tecnologias e ferramentas avan\u00e7adas \u00e9 essencial para extrair insights acion\u00e1veis e impulsionar a tomada de decis\u00f5es informadas. Aqui est\u00e3o algumas tecnologias e ferramentas importantes que ajudamos as empresas a implementar:<\/p>\n\n\n\n<ul class=\"wp-block-list\">\n<li><strong>Plataformas de an\u00e1lise de Big Data:<\/strong> Plataformas de an\u00e1lise de big data como Amazon Web Services (AWS) permitem que as organiza\u00e7\u00f5es processem e analisem grandes quantidades de dados de v\u00e1rias fontes.<\/li>\n\n\n\n<li><strong>Ferramentas de Business Intelligence (BI):<\/strong> Ferramentas de business intelligence, como Tableau e Microsoft Power BI, permitem que as organiza\u00e7\u00f5es visualizem e explorem dados, transformando dados brutos em insights acion\u00e1veis. Essas ferramentas fornecem pain\u00e9is interativos, relat\u00f3rios e recursos de visualiza\u00e7\u00e3o de dados, capacitando os usu\u00e1rios a obter insights mais profundos sobre tend\u00eancias de mercado, comportamento do cliente e cen\u00e1rios competitivos.<\/li>\n\n\n\n<li><strong>Sistemas de gerenciamento de relacionamento com o cliente (CRM):<\/strong> CRM systems such as Salesforce, Microsoft Dynamics 365, and HubSpot offer organizations a centralized platform for managing customer interactions and relationships. These systems provide valuable insights into customer preferences, purchasing behavior, and engagement patterns, enabling organizations to effectively tailor their <a href=\"https:\/\/www.sisinternational.com\/pt\/analysis-b2b\/\" title=\"What Business Leaders Need to Know Right Now\"  data-wpil-monitor-id=\"838\">business transformation strategies to meet customer needs<\/a>.<\/li>\n\n\n\n<li><strong>Mercado <a href=\"https:\/\/www.sisinternational.com\/pt\/pericia\/pesquisa-personalizada-primaria-2\/\" title=\"Pesquisa de mercado prim\u00e1rio\"  data-wpil-monitor-id=\"6713\">Pesquisar<\/a> Tools:<\/strong> Ferramentas de pesquisa de mercado como o Qualtrics facilitam a coleta e an\u00e1lise de dados prim\u00e1rios de pesquisa de mercado. Essas ferramentas permitem que as organiza\u00e7\u00f5es obtenham feedback dos clientes, realizem pesquisas e entrevistas e obtenham insights sobre tend\u00eancias, prefer\u00eancias e percep\u00e7\u00f5es do mercado.<\/li>\n<\/ul>\n\n\n\n<h2 class=\"wp-block-heading\">Como a pesquisa de mercado de transforma\u00e7\u00e3o de neg\u00f3cios da SIS International ajuda as empresas<\/h2>\n\n\n\n<figure class=\"gb-block-image gb-block-image-2b2fc145\"><img loading=\"lazy\" decoding=\"async\" width=\"1456\" height=\"816\" class=\"gb-image gb-image-2b2fc145\" src=\"https:\/\/www.sisinternational.com\/wp-content\/uploads\/2025\/08\/Global-5.jpg\" alt=\"Pesquisa e Estrat\u00e9gia de Mercado Internacional da SIS\" title=\"Global (5)\" srcset=\"https:\/\/www.sisinternational.com\/wp-content\/uploads\/2025\/08\/Global-5.jpg 1456w, https:\/\/www.sisinternational.com\/wp-content\/uploads\/2025\/08\/Global-5-300x168.jpg 300w, https:\/\/www.sisinternational.com\/wp-content\/uploads\/2025\/08\/Global-5-1024x574.jpg 1024w, https:\/\/www.sisinternational.com\/wp-content\/uploads\/2025\/08\/Global-5-768x430.jpg 768w, https:\/\/www.sisinternational.com\/wp-content\/uploads\/2025\/08\/Global-5-18x10.jpg 18w\" sizes=\"auto, (max-width: 1456px) 100vw, 1456px\"><\/figure>\n\n\n\n<p><\/p>\n\n\n\n<p>The SIS approach to business transformation <a href=\"https:\/\/www.sisinternational.com\/pt\/pericia\/industrias\/pesquisa-de-mercado-de-cabeamento-estruturado\/\" title=\"Pesquisa de mercado de cabeamento estruturado\"  data-wpil-monitor-id=\"5746\">market research emphasizes a comprehensive and structured<\/a> methodology for driving successful transformation initiatives. Here&#8217;s how each component of the SIS contributes to effective market research:<\/p>\n\n\n\n<ul class=\"wp-block-list\">\n<li><strong>Estrat\u00e9gico:<\/strong> O aspecto estrat\u00e9gico da abordagem SIS envolve o alinhamento dos esfor\u00e7os de pesquisa de mercado com as metas e objetivos globais de neg\u00f3cios. Ajudamos as organiza\u00e7\u00f5es a definir prioridades estrat\u00e9gicas para as suas iniciativas de transforma\u00e7\u00e3o, garantindo que os esfor\u00e7os de investiga\u00e7\u00e3o abordam os principais desafios, oportunidades e din\u00e2micas de mercado.<\/li>\n\n\n\n<li><strong>Esclarecedor:<\/strong> O componente perspicaz da abordagem SIS enfatiza a import\u00e2ncia de extrair insights acion\u00e1veis a partir de dados de pesquisas de mercado. Ao aproveitar t\u00e9cnicas avan\u00e7adas de an\u00e1lise, as organiza\u00e7\u00f5es podem descobrir padr\u00f5es, tend\u00eancias e correla\u00e7\u00f5es significativas em seus conjuntos de dados, permitindo-lhes tomar decis\u00f5es informadas e impulsionar iniciativas de transforma\u00e7\u00e3o estrat\u00e9gica.<\/li>\n\n\n\n<li><strong>Sistem\u00e1tico:<\/strong> A abordagem sistem\u00e1tica da metodologia SIS envolve a implementa\u00e7\u00e3o de processos e fluxos de trabalho estruturados para a realiza\u00e7\u00e3o de pesquisas de mercado. Nossos especialistas auxiliam as organiza\u00e7\u00f5es no estabelecimento de fun\u00e7\u00f5es, responsabilidades e cronogramas claros para atividades de pesquisa, garantindo que a coleta, an\u00e1lise e implementa\u00e7\u00e3o de dados sejam realizadas de forma sistem\u00e1tica e eficiente.<\/li>\n<\/ul>\n\n\n\n<h2 class=\"wp-block-heading\">Oportunidades<\/h2>\n\n\n\n<p>A pesquisa de mercado de transforma\u00e7\u00e3o de neg\u00f3cios apresenta in\u00fameras oportunidades para as organiza\u00e7\u00f5es impulsionarem mudan\u00e7as estrat\u00e9gicas, inova\u00e7\u00e3o e crescimento. Aqui est\u00e3o algumas oportunidades importantes:<\/p>\n\n\n\n<ul class=\"wp-block-list\">\n<li><strong>Identifica\u00e7\u00e3o de Tend\u00eancias de Mercado:<\/strong> Ele permite que as organiza\u00e7\u00f5es identifiquem tend\u00eancias de mercado emergentes, avan\u00e7os tecnol\u00f3gicos e prefer\u00eancias dos clientes.<\/li>\n\n\n\n<li><strong>Otimiza\u00e7\u00e3o de Processos de Neg\u00f3cios:<\/strong> Atrav\u00e9s de pesquisas de mercado, as organiza\u00e7\u00f5es podem obter insights sobre inefici\u00eancias, gargalos e \u00e1reas de melhoria em seus processos de neg\u00f3cios.<\/li>\n\n\n\n<li><strong>Inova\u00e7\u00e3o e Diferencia\u00e7\u00e3o:<\/strong> A pesquisa de mercado facilita a inova\u00e7\u00e3o e a diferencia\u00e7\u00e3o, proporcionando \u00e0s organiza\u00e7\u00f5es uma compreens\u00e3o mais profunda das lacunas do mercado, das necessidades n\u00e3o atendidas e das tend\u00eancias emergentes.<\/li>\n<\/ul>\n\n\n\n<h2 class=\"wp-block-heading\">Desafios<\/h2>\n\n\n\n<figure class=\"gb-block-image gb-block-image-9e2257b9\"><img decoding=\"async\" class=\"gb-image gb-image-9e2257b9\" src=\"https:\/\/www.sisinternational.com\/wp-content\/uploads\/2025\/07\/AI-and-global-research-41.jpg\" alt=\"Pesquisa e Estrat\u00e9gia de Mercado Internacional da SIS\" title=\"AI and global research (41)\"><\/figure>\n\n\n\n<p><\/p>\n\n\n\n<p>Apesar das in\u00fameras oportunidades desta pesquisa de mercado, as organiza\u00e7\u00f5es podem encontrar diversos desafios na sua implementa\u00e7\u00e3o e execu\u00e7\u00e3o. Aqui est\u00e3o alguns desafios principais:<\/p>\n\n\n\n<ul class=\"wp-block-list\">\n<li><strong>Complexidade e qualidade dos dados:<\/strong> Gerenciar e analisar grandes volumes de dados de fontes distintas pode ser um desafio. A qualidade, a precis\u00e3o e a integridade dos dados s\u00e3o essenciais para obter insights significativos de pesquisa de mercado. As organiza\u00e7\u00f5es podem precisar de ajuda com processos de governan\u00e7a, integra\u00e7\u00e3o e limpeza de dados, levando a poss\u00edveis imprecis\u00f5es e preconceitos na an\u00e1lise.<\/li>\n\n\n\n<li><strong>Restri\u00e7\u00f5es de recursos:<\/strong> A realiza\u00e7\u00e3o de pesquisas de mercado abrangentes requer investimentos significativos em tempo, dinheiro e recursos humanos. As pequenas e m\u00e9dias organiza\u00e7\u00f5es, em particular, podem precisar de mais recursos e conhecimentos para executar iniciativas robustas de pesquisa de mercado. Or\u00e7amentos, pessoal e infraestrutura tecnol\u00f3gica limitados podem prejudicar a efic\u00e1cia dos esfor\u00e7os de pesquisa de mercado.<\/li>\n\n\n\n<li><strong>Velocidade da mudan\u00e7a:<\/strong> The pace of change in today&#8217;s business environment is rapid and relentless. Market dynamics, consumer preferences, and competitive landscapes evolve quickly, making it challenging for organizations to keep pace. <a href=\"https:\/\/www.sisinternational.com\/pt\/o-efeito-das-culturas-de-mercado-nigerianas-nos-negocios\/\" title=\"O mercado nigeriano: o efeito da cultura nos neg\u00f3cios\"  data-wpil-monitor-id=\"4368\">Pesquisa de mercado sobre transforma\u00e7\u00e3o de neg\u00f3cios<\/a> must be conducted in real-time or near-real-time to effectively capture and respond to shifting market trends.<\/li>\n\n\n\n<li><strong>Resist\u00eancia \u00e0 Mudan\u00e7a:<\/strong> A resist\u00eancia organizacional \u00e0 mudan\u00e7a pode representar uma barreira significativa para pesquisas de mercado eficazes e iniciativas de transforma\u00e7\u00e3o empresarial. Os funcion\u00e1rios podem estar relutantes em adotar novas tecnologias, processos ou m\u00e9todos de trabalho, temendo a inseguran\u00e7a no trabalho ou a interrup\u00e7\u00e3o das rotinas estabelecidas. Superar a resist\u00eancia \u00e0 mudan\u00e7a requer estrat\u00e9gias eficazes de gest\u00e3o da mudan\u00e7a e um forte compromisso de lideran\u00e7a.<\/li>\n\n\n\n<li><strong>Preocupa\u00e7\u00f5es com privacidade e seguran\u00e7a de dados:<\/strong> A recolha e an\u00e1lise de dados de clientes levanta preocupa\u00e7\u00f5es de privacidade e seguran\u00e7a, especialmente \u00e0 luz de requisitos regulamentares rigorosos, como o GDPR e o CCPA. As organiza\u00e7\u00f5es devem garantir a conformidade com os regulamentos de prote\u00e7\u00e3o de dados e implementar medidas de seguran\u00e7a robustas para proteger as informa\u00e7\u00f5es dos clientes e manter a confian\u00e7a.<\/li>\n<\/ul>\n\n\n<h2>Localiza\u00e7\u00e3o de nossas instala\u00e7\u00f5es em Nova York<\/h2>\n<p><!-- \/wp:post-content --> <!-- wp:html --> <iframe loading=\"lazy\" src=\"https:\/\/www.google.com\/maps\/embed?pb=!1m18!1m12!1m3!1d3022.976188376966!2d-73.99130312499956!3d40.740549471389315!2m3!1f0!2f0!3f0!3m2!1i1024!2i768!4f13.1!3m3!1m2!1s0x89c259a15798c731%3A0xd695d09bdd495f25!2s11%20E%2022nd%20St%20FL%202%2C%20New%20York%2C%20NY%2010010%2C%20USA!5e0!3m2!1sen!2spe!4v1726171763526!5m2!1sen!2spe\" width=\"600\" height=\"450\" allowfullscreen=\"allowfullscreen\" data-mce-fragment=\"1\"><\/iframe> <!-- \/wp:html --> <!-- wp:paragraph --><\/p>\n<h3 class=\"wp-block-heading\">11 E 22nd Street, andar 2, Nova York, NY 10010 T: +1(212) 505-6805<\/h3>\n<hr \/>\n<h2><span style=\"font-weight: 400;\">Sobre SIS Internacional<\/span><\/h2>\n<p><a href=\"https:\/\/www.sisinternational.com\/pt\/\"><span style=\"font-weight: 400;\">SIS Internacional<\/span><\/a><span style=\"font-weight: 400;\"> oferece pesquisa quantitativa, qualitativa e estrat\u00e9gica. Fornecemos dados, ferramentas, estrat\u00e9gias, relat\u00f3rios e insights para a tomada de decis\u00f5es. Tamb\u00e9m realizamos entrevistas, pesquisas, grupos focais e outros m\u00e9todos e abordagens de Pesquisa de Mercado.<\/span><a href=\"https:\/\/www.sisinternational.com\/pt\/sobre-a-sis-international-research\/contact-sis-international-market-research\/\"><span style=\"font-weight: 400;\"> Entre em contato conosco<\/span><\/a><span style=\"font-weight: 400;\"> para o seu pr\u00f3ximo projeto de pesquisa de mercado.<\/span><\/p>\n<\/p>","protected":false},"excerpt":{"rendered":"<p>A pesquisa de mercado sobre transforma\u00e7\u00e3o de neg\u00f3cios analisa as tend\u00eancias de mercado e os recursos organizacionais para impulsionar a mudan\u00e7a estrat\u00e9gica.<\/p>","protected":false},"author":1,"featured_media":62408,"parent":14457,"menu_order":31,"comment_status":"closed","ping_status":"closed","template":"","meta":{"footnotes":""},"class_list":["post-46834","page","type-page","status-publish","has-post-thumbnail"],"_links":{"self":[{"href":"https:\/\/www.sisinternational.com\/pt\/wp-json\/wp\/v2\/pages\/46834","targetHints":{"allow":["GET"]}}],"collection":[{"href":"https:\/\/www.sisinternational.com\/pt\/wp-json\/wp\/v2\/pages"}],"about":[{"href":"https:\/\/www.sisinternational.com\/pt\/wp-json\/wp\/v2\/types\/page"}],"author":[{"embeddable":true,"href":"https:\/\/www.sisinternational.com\/pt\/wp-json\/wp\/v2\/users\/1"}],"replies":[{"embeddable":true,"href":"https:\/\/www.sisinternational.com\/pt\/wp-json\/wp\/v2\/comments?post=46834"}],"version-history":[{"count":21,"href":"https:\/\/www.sisinternational.com\/pt\/wp-json\/wp\/v2\/pages\/46834\/revisions"}],"predecessor-version":[{"id":80293,"href":"https:\/\/www.sisinternational.com\/pt\/wp-json\/wp\/v2\/pages\/46834\/revisions\/80293"}],"up":[{"embeddable":true,"href":"https:\/\/www.sisinternational.com\/pt\/wp-json\/wp\/v2\/pages\/14457"}],"wp:featuredmedia":[{"embeddable":true,"href":"https:\/\/www.sisinternational.com\/pt\/wp-json\/wp\/v2\/media\/62408"}],"wp:attachment":[{"href":"https:\/\/www.sisinternational.com\/pt\/wp-json\/wp\/v2\/media?parent=46834"}],"curies":[{"name":"wp","href":"https:\/\/api.w.org\/{rel}","templated":true}]}}