{"id":46822,"date":"2024-03-13T21:47:47","date_gmt":"2024-03-14T01:47:47","guid":{"rendered":"https:\/\/www.sisinternational.com\/?page_id=46822"},"modified":"2026-03-24T21:56:25","modified_gmt":"2026-03-25T01:56:25","slug":"pesquisa-de-mercado-de-valor-vitalicio-do-cliente","status":"publish","type":"page","link":"https:\/\/www.sisinternational.com\/pt\/solucoes\/percepcoes-dos-clientes\/pesquisa-de-mercado-de-valor-vitalicio-do-cliente\/","title":{"rendered":"Pesquisa de mercado sobre o valor da vida \u00fatil do cliente"},"content":{"rendered":"<h1 class=\"gb-headline gb-headline-e9df2675 gb-headline-text\">Pesquisa de mercado sobre o valor da vida \u00fatil do cliente<\/h1>\n\n\n\n<figure class=\"gb-block-image gb-block-image-fbf41046\"><img loading=\"lazy\" decoding=\"async\" width=\"1456\" height=\"816\" class=\"gb-image gb-image-fbf41046\" src=\"https:\/\/www.sisinternational.com\/wp-content\/uploads\/2025\/08\/Customer-goods-1.jpg\" alt=\"Pesquisa e Estrat\u00e9gia de Mercado Internacional da SIS\" title=\"Customer goods (1)\" srcset=\"https:\/\/www.sisinternational.com\/wp-content\/uploads\/2025\/08\/Customer-goods-1.jpg 1456w, https:\/\/www.sisinternational.com\/wp-content\/uploads\/2025\/08\/Customer-goods-1-300x168.jpg 300w, https:\/\/www.sisinternational.com\/wp-content\/uploads\/2025\/08\/Customer-goods-1-1024x574.jpg 1024w, https:\/\/www.sisinternational.com\/wp-content\/uploads\/2025\/08\/Customer-goods-1-768x430.jpg 768w, https:\/\/www.sisinternational.com\/wp-content\/uploads\/2025\/08\/Customer-goods-1-18x10.jpg 18w\" sizes=\"auto, (max-width: 1456px) 100vw, 1456px\"><\/figure>\n\n\n\n<p><\/p>\n\n\n\n<hr class=\"wp-block-separator has-alpha-channel-opacity is-style-dots\"\/>\n\n\n\n<p>Are businesses truly maximizing the potential of their customer relationships? How can they ensure long-term profitability in an increasingly competitive landscape? These questions emphasize the critical importance of customer lifetime value market research, a strategic tool that delves deep into understanding the value of a customer throughout their relationship with a brand.<\/p>\n\n\n\n<h2 class=\"wp-block-heading\">So&#8230; What Is Customer Lifetime Value Market Research?<\/h2>\n\n\n\n<p>Customer lifetime value market research is a comprehensive analysis that calculates the total value a customer brings to a business throughout their relationship. It assesses the immediate revenue generated from a customer and the potential for future purchases, loyalty, and referrals.&nbsp;<\/p>\n\n\n\n<h2 class=\"wp-block-heading\">Por que as empresas precisam de pesquisa de mercado com valor vital\u00edcio do cliente<\/h2>\n\n\n\n<p>Customer lifetime value market research provides the necessary framework for businesses to make data-driven decisions prioritizing customer retention and lifetime value. Organizations can tailor their offerings and experiences to foster loyalty and drive repeat purchases by understanding customers&#8217; unique needs, preferences, and behaviors.<\/p>\n\n\n\n<p>Al\u00e9m disso, permite que as empresas aloquem recursos de forma eficiente, identificando segmentos de clientes de alto valor e alocando or\u00e7amentos de marketing de acordo. Al\u00e9m disso, esta pesquisa de mercado permite que as organiza\u00e7\u00f5es ajustem as estrat\u00e9gias de pre\u00e7os, otimizem as ofertas de produtos e melhorem o atendimento ao cliente, aumentando, em \u00faltima an\u00e1lise, a competitividade geral no mercado.<\/p>\n\n\n\n<p>No entanto, apresenta muitas outras vantagens para as empresas, incluindo:<\/p>\n\n\n\n<ul class=\"wp-block-list\">\n<li><strong>Estrat\u00e9gias de marketing otimizadas:<\/strong> Customer lifetime value market research allows businesses to tailor their marketing efforts more effectively by targeting high-value customer segments with personalized messaging and offers.<\/li>\n\n\n\n<li><strong>Melhor reten\u00e7\u00e3o de clientes:<\/strong> Ao compreender os impulsionadores da fidelidade e satisfa\u00e7\u00e3o do cliente, as empresas podem resolver problemas de forma proativa, antecipar necessidades e proporcionar experi\u00eancias excepcionais que promovem relacionamentos de longo prazo.<\/li>\n\n\n\n<li><strong>Previs\u00e3o de receita aprimorada:<\/strong> A an\u00e1lise do valor da vida do cliente fornece \u00e0s empresas informa\u00e7\u00f5es valiosas sobre fluxos de receita futuros, permitindo previs\u00f5es e or\u00e7amentos mais precisos. Ao prever o valor vital\u00edcio dos clientes, as organiza\u00e7\u00f5es podem tomar decis\u00f5es informadas sobre aloca\u00e7\u00e3o de recursos, estrat\u00e9gias de pre\u00e7os e oportunidades de investimento.<\/li>\n\n\n\n<li><strong>Maiores oportunidades de vendas cruzadas e up-sell:<\/strong> Os insights de pesquisas de mercado revelam oportunidades de vendas cruzadas e incrementais, identificando produtos ou servi\u00e7os complementares que repercutem em clientes de alto valor.<\/li>\n<\/ul>\n\n\n\n<h2 class=\"wp-block-heading\">Quando conduzir pesquisas de mercado de valor vital\u00edcio do cliente<\/h2>\n\n\n\n<p>Determinar o momento ideal para realizar pesquisas de mercado sobre o valor da vida do cliente \u00e9 crucial para maximizar a sua efic\u00e1cia e impacto. Aqui est\u00e3o v\u00e1rios fatores a serem considerados:<\/p>\n\n\n\n<ul class=\"wp-block-list\">\n<li><strong>Est\u00e1gio inicial de desenvolvimento de neg\u00f3cios:<\/strong> Conducting market research early in business development allows organizations to establish a solid foundation for understanding customer value and loyalty.<\/li>\n\n\n\n<li><strong>Pontos de Inflex\u00e3o Estrat\u00e9gicos:<\/strong> Businesses should consider conducting customer lifetime value <a href=\"https:\/\/www.sisinternational.com\/pt\/what-is-a-value-proposition-canvas-the-game-changing-framework-that-prevents-product-failures\/\" title=\"What Is a Value Proposition Canvas? &#091;The Game-Changing Framework That Prevents Product Failures&#093;\"  data-wpil-monitor-id=\"1454\">pesquisa de mercado<\/a> during strategic inflection points such as major product launches, mergers and acquisitions, or significant shifts in business strategy.<\/li>\n\n\n\n<li><strong>Cliente <\/strong><a href=\"https:\/\/www.sisinternational.com\/pt\/solucoes\/solucoes-de-branding-e-pesquisa-de-clientes\/gerenciamento-do-ciclo-de-vida\/\" title=\"Pesquisa de mercado do ciclo de vida\"  data-wpil-monitor-id=\"2966\">Lifecycle Stages: Market research<\/a> can be conducted at various stages of the customer lifecycle, including acquisition, onboarding, retention, and reactivation. Businesses can tailor their engagement strategies to address specific needs, enhance customer experiences, and maximize lifetime value.<\/li>\n<\/ul>\n\n\n\n<h2 class=\"wp-block-heading\">Fatores cr\u00edticos de sucesso para uma pesquisa de mercado de valor vital\u00edcio do cliente bem-sucedida<\/h2>\n\n\n\n<p>Successful customer lifetime value analysis implementation hinges on several key factors that organizations must prioritize and address. Here are the critical success factors:<\/p>\n\n\n\n<ul class=\"wp-block-list\">\n<li><strong>Qualidade e integra\u00e7\u00e3o de dados:<\/strong> Accurate and comprehensive data is paramount for <a href=\"https:\/\/www.sisinternational.com\/pt\/solucoes\/pesquisa-de-mercado-de-ia-e-consultoria-estrategica\/ciencia-de-dados-e-pesquisa-de-mercado-de-ia\/\" title=\"Pesquisa de mercado de IA em ci\u00eancia de dados\"  data-wpil-monitor-id=\"2415\">pesquisa de mercado de valor vital\u00edcio do cliente<\/a>. Organizations must ensure data integrity, consistency, and accessibility across various sources and touchpoints.<\/li>\n\n\n\n<li><strong>Colabora\u00e7\u00e3o multifuncional:<\/strong> Esta pesquisa de mercado requer colabora\u00e7\u00e3o entre departamentos, incluindo marketing, vendas, finan\u00e7as e TI. O alinhamento multifuncional garante que os insights do valor da vida do cliente sejam integrados aos processos de planejamento estrat\u00e9gico e aos fluxos de trabalho operacionais, impulsionando iniciativas coesas centradas no cliente e maximizando o impacto das estrat\u00e9gias de valor da vida do cliente.<\/li>\n\n\n\n<li><strong>Monitoramento e Otimiza\u00e7\u00e3o Cont\u00ednuos:<\/strong> A pesquisa de mercado do valor da vida do cliente n\u00e3o \u00e9 um esfor\u00e7o \u00fanico, mas um processo cont\u00ednuo que requer monitoramento e otimiza\u00e7\u00e3o cont\u00ednuos. As organiza\u00e7\u00f5es devem estabelecer KPIs, m\u00e9tricas e benchmarks de desempenho para acompanhar a efic\u00e1cia das estrat\u00e9gias de valor da vida do cliente ao longo do tempo.<\/li>\n<\/ul>\n\n\n\n<h2 class=\"wp-block-heading\">Tecnologias e ferramentas em pesquisa de mercado de valor ao longo da vida do cliente<\/h2>\n\n\n\n<figure class=\"gb-block-image gb-block-image-fc5463fa\"><img loading=\"lazy\" decoding=\"async\" width=\"1456\" height=\"816\" class=\"gb-image gb-image-fc5463fa\" src=\"https:\/\/www.sisinternational.com\/wp-content\/uploads\/2025\/08\/Customer-shopping-3.jpg\" alt=\"Pesquisa e Estrat\u00e9gia de Mercado Internacional da SIS\" title=\"Customer shopping (3)\" srcset=\"https:\/\/www.sisinternational.com\/wp-content\/uploads\/2025\/08\/Customer-shopping-3.jpg 1456w, https:\/\/www.sisinternational.com\/wp-content\/uploads\/2025\/08\/Customer-shopping-3-300x168.jpg 300w, https:\/\/www.sisinternational.com\/wp-content\/uploads\/2025\/08\/Customer-shopping-3-1024x574.jpg 1024w, https:\/\/www.sisinternational.com\/wp-content\/uploads\/2025\/08\/Customer-shopping-3-768x430.jpg 768w, https:\/\/www.sisinternational.com\/wp-content\/uploads\/2025\/08\/Customer-shopping-3-18x10.jpg 18w\" sizes=\"auto, (max-width: 1456px) 100vw, 1456px\"><\/figure>\n\n\n\n<p><\/p>\n\n\n\n<p>Na pesquisa de mercado do valor da vida do cliente, aproveitar tecnologias e ferramentas avan\u00e7adas \u00e9 essencial para extrair insights acion\u00e1veis de conjuntos de dados complexos e impulsionar a tomada de decis\u00f5es informadas. Aqui est\u00e3o algumas tecnologias e ferramentas principais usadas nesta pesquisa de mercado:<\/p>\n\n\n\n<ul class=\"wp-block-list\">\n<li><strong>Sistemas de gerenciamento de relacionamento com o cliente (CRM):<\/strong> Os sistemas CRM servem como um reposit\u00f3rio central para dados de clientes, permitindo que as organiza\u00e7\u00f5es capturem, armazenem e analisem as intera\u00e7\u00f5es dos clientes em v\u00e1rios pontos de contato. As empresas podem visualizar de forma abrangente o comportamento e as prefer\u00eancias do cliente, integrando dados de CRM com an\u00e1lises de valor da vida \u00fatil do cliente, facilitando campanhas de marketing direcionadas e experi\u00eancias personalizadas do cliente.<\/li>\n\n\n\n<li><strong>Plataformas de an\u00e1lise de dados:<\/strong> Plataformas de an\u00e1lise de dados, como Tableau, Power BI e Google Analytics, fornecem recursos robustos para visualiza\u00e7\u00e3o de dados, relat\u00f3rios e modelagem preditiva. Essas plataformas permitem que as organiza\u00e7\u00f5es descubram padr\u00f5es, tend\u00eancias e correla\u00e7\u00f5es em seus dados, permitindo c\u00e1lculos mais precisos do valor da vida do cliente e insights acion\u00e1veis.<\/li>\n\n\n\n<li><strong>Feedback do cliente e plataformas de pesquisa:<\/strong> A coleta de feedback direto dos clientes por meio de pesquisas e plataformas de feedback, como SurveyMonkey e Qualtrics, fornece informa\u00e7\u00f5es valiosas sobre a satisfa\u00e7\u00e3o, as prefer\u00eancias e os pontos fracos do cliente. A integra\u00e7\u00e3o dos dados de feedback dos clientes com a an\u00e1lise do valor da vida \u00fatil do cliente permite que as empresas atendam \u00e0s necessidades dos clientes de forma proativa, aprimorem as ofertas de produtos e melhorem as experi\u00eancias gerais dos clientes.<\/li>\n<\/ul>\n\n\n\n<h2 class=\"wp-block-heading\">Oportunidades<\/h2>\n\n\n\n<p>O valor da vida do cliente apresenta in\u00fameras oportunidades para as empresas aumentarem a sua competitividade e rentabilidade. Aqui est\u00e3o algumas oportunidades importantes:<\/p>\n\n\n\n<ul class=\"wp-block-list\">\n<li><strong>Campanhas de marketing direcionadas:<\/strong> With customer lifetime value insights, businesses can identify high-value customer segments and target them with tailored marketing campaigns.&nbsp;<\/li>\n\n\n\n<li><strong>Ofertas otimizadas de produtos e servi\u00e7os:<\/strong> Understanding customer lifetime value allows businesses to optimize their product and service offerings to better meet customer needs and preferences. Organizations can increase customer satisfaction and loyalty by aligning offerings with high-value customer segments while maximizing profitability.<\/li>\n\n\n\n<li><strong>Aloca\u00e7\u00e3o eficiente de recursos:<\/strong> A pesquisa de mercado do valor da vida do cliente ajuda as empresas a alocar recursos de forma mais eficiente, concentrando-se em iniciativas que geram os maiores retornos. As organiza\u00e7\u00f5es podem otimizar os gastos com marketing, os esfor\u00e7os de vendas e os investimentos operacionais para maximizar a lucratividade, identificando os clientes e canais mais valiosos.<\/li>\n<\/ul>\n\n\n\n<h2 class=\"wp-block-heading\">Desafios<\/h2>\n\n\n\n<figure class=\"gb-block-image gb-block-image-42811f0b\"><img loading=\"lazy\" decoding=\"async\" width=\"1456\" height=\"816\" class=\"gb-image gb-image-42811f0b\" src=\"https:\/\/www.sisinternational.com\/wp-content\/uploads\/2025\/08\/Digital-Customer-Experience-1.jpg\" alt=\"Pesquisa e Estrat\u00e9gia de Mercado Internacional da SIS\" title=\"Digital Customer Experience (1)\" srcset=\"https:\/\/www.sisinternational.com\/wp-content\/uploads\/2025\/08\/Digital-Customer-Experience-1.jpg 1456w, https:\/\/www.sisinternational.com\/wp-content\/uploads\/2025\/08\/Digital-Customer-Experience-1-300x168.jpg 300w, https:\/\/www.sisinternational.com\/wp-content\/uploads\/2025\/08\/Digital-Customer-Experience-1-1024x574.jpg 1024w, https:\/\/www.sisinternational.com\/wp-content\/uploads\/2025\/08\/Digital-Customer-Experience-1-768x430.jpg 768w, https:\/\/www.sisinternational.com\/wp-content\/uploads\/2025\/08\/Digital-Customer-Experience-1-18x10.jpg 18w\" sizes=\"auto, (max-width: 1456px) 100vw, 1456px\"><\/figure>\n\n\n\n<p><\/p>\n\n\n\n<p>Embora o valor da vida do cliente ofere\u00e7a oportunidades significativas, as empresas enfrentam v\u00e1rios desafios na sua implementa\u00e7\u00e3o e execu\u00e7\u00e3o. Aqui est\u00e3o alguns desafios principais:<\/p>\n\n\n\n<ul class=\"wp-block-list\">\n<li><strong>Complexidade da An\u00e1lise:<\/strong> Analyzing customer lifetime value involves complex statistical modeling and predictive analytics techniques. Many businesses lack the internal expertise and resources to effectively perform sophisticated customer lifetime value analyses. Outsourcing to third-party analytics firms or investing in training and development programs can help address this challenge.<\/li>\n\n\n\n<li><strong>Silos Organizacionais:<\/strong> A pesquisa de mercado do valor da vida do cliente requer colabora\u00e7\u00e3o multifuncional e alinhamento entre departamentos, incluindo marketing, vendas, finan\u00e7as e TI. No entanto, silos organizacionais e guerras territoriais podem impedir a colabora\u00e7\u00e3o e dificultar a implementa\u00e7\u00e3o eficaz de iniciativas de valor ao longo da vida do cliente. Quebrar silos e promover uma cultura de colabora\u00e7\u00e3o \u00e9 essencial para superar este desafio.<\/li>\n\n\n\n<li><strong>Preocupa\u00e7\u00f5es com privacidade e seguran\u00e7a de dados:<\/strong> A recolha e an\u00e1lise de dados de clientes levanta preocupa\u00e7\u00f5es de privacidade e seguran\u00e7a de dados, especialmente \u00e0 luz de requisitos regulamentares rigorosos, como o GDPR e o CCPA. As empresas devem garantir a conformidade com os regulamentos de prote\u00e7\u00e3o de dados e implementar medidas de seguran\u00e7a robustas para proteger as informa\u00e7\u00f5es dos clientes e manter a confian\u00e7a.<\/li>\n<\/ul>\n\n\n\n<h2 class=\"wp-block-heading\">Como a pesquisa de mercado de valor vital\u00edcio do cliente da SIS International ajuda as empresas<\/h2>\n\n\n\n<p>O <a href=\"https:\/\/www.sisinternational.com\/pt\/dia-memorial\/\" title=\"Pesquisa de mercado do Memorial Day\"  data-wpil-monitor-id=\"2035\">SIS&#8217;s approach to customer lifetime value market<\/a> research provides businesses with critical insights for fostering long-term customer relationships and maximizing profitability. This perspective is crucial for several reasons:<\/p>\n\n\n\n<ul class=\"wp-block-list\">\n<li><strong>Tomada de decis\u00f5es estrat\u00e9gicas:<\/strong> <a href=\"https:\/\/www.linkedin.com\/company\/sisinternationalresearch\/\" target=\"_blank\" rel=\"noopener\">SIS Internacional<\/a>&#8216;s customer lifetime value market research equips businesses with the data to make informed strategic decisions.<\/li>\n\n\n\n<li><strong>Reten\u00e7\u00e3o e fideliza\u00e7\u00e3o de clientes:<\/strong> A pesquisa do valor da vida do cliente ajuda as empresas a identificar os impulsionadores da fidelidade e reten\u00e7\u00e3o do cliente. Compreender o que faz com que os clientes voltem permite que as empresas refinem as suas ofertas e estrat\u00e9gias de atendimento ao cliente, aumentando assim a probabilidade de reter clientes valiosos por per\u00edodos mais longos.<\/li>\n\n\n\n<li><strong>Gastos com marketing otimizado:<\/strong> Through customer lifetime value analysis, SIS International helps businesses determine the most effective ways to invest their marketing dollars.<\/li>\n\n\n\n<li><strong style=\"background-color: var(--base-3); color: var(--contrast-2);\">Personaliza\u00e7\u00e3o e segmenta\u00e7\u00e3o:<\/strong><span style=\"background-color: var(--base-3); color: var(--contrast-2);\"><span style=\"background-color: var(--base-3); color: var(--contrast-2);\"> <a href=\"https:\/\/www.sisinternational.com\/pt\/financial-services-consulting\/financial-services-customer-satisfaction\/\" title=\"Financial Services Customer Satisfaction\" data-wpil-monitor-id=\"7506\">Customer lifetime value<\/a> insights enable businesses to personalize their interactions and tailor their products or services to meet their most valuable customers&#8217; specific needs and preferences.<\/span><\/span><\/li>\n\n\n\n<li><strong>Previs\u00f5es de receitas futuras:<\/strong> Ao compreender o valor vital\u00edcio de seus clientes, as empresas podem fazer previs\u00f5es mais precisas sobre receitas futuras. Esta vis\u00e3o \u00e9 crucial para o planeamento a longo prazo e ajuda as empresas a definir metas de crescimento realistas.<\/li>\n<\/ul>\n\n\n\n<h2 class=\"wp-block-heading\">Localiza\u00e7\u00e3o de nossas instala\u00e7\u00f5es em Nova York<\/h2>\n\n\n\n<p>\n\n\n\n<iframe loading=\"lazy\" src=\"https:\/\/www.google.com\/maps\/embed?pb=!1m18!1m12!1m3!1d3022.976188376966!2d-73.99130312499956!3d40.740549471389315!2m3!1f0!2f0!3f0!3m2!1i1024!2i768!4f13.1!3m3!1m2!1s0x89c259a15798c731%3A0xd695d09bdd495f25!2s11%20E%2022nd%20St%20FL%202%2C%20New%20York%2C%20NY%2010010%2C%20USA!5e0!3m2!1sen!2spe!4v1726171763526!5m2!1sen!2spe\" width=\"600\" height=\"450\" allowfullscreen=\"allowfullscreen\" data-mce-fragment=\"1\"><\/iframe>\n\n\n\n<\/p>\n\n\n\n<h3 class=\"wp-block-heading\">11 E 22nd Street, 2\u00ba andar, Nova York, NY 10010 T: +1(212) 505-6805<\/h3>\n\n\n\n<hr class=\"wp-block-separator has-alpha-channel-opacity\"\/>\n\n\n\n<h2 class=\"wp-block-heading\"><span style=\"font-weight: 400;\">Sobre SIS Internacional<\/span><\/h2>\n\n\n\n<p><a href=\"https:\/\/www.sisinternational.com\/pt\/\"><span style=\"font-weight: 400;\">SIS Internacional<\/span><\/a><span style=\"font-weight: 400;\"> oferece pesquisa quantitativa, qualitativa e estrat\u00e9gica. Fornecemos dados, ferramentas, estrat\u00e9gias, relat\u00f3rios e insights para a tomada de decis\u00f5es. Tamb\u00e9m realizamos entrevistas, pesquisas, grupos focais e outros m\u00e9todos e abordagens de Pesquisa de Mercado.<\/span><a href=\"https:\/\/www.sisinternational.com\/pt\/sobre-a-sis-international-research\/contact-sis-international-market-research\/\"><span style=\"font-weight: 400;\"> Entre em contato conosco<\/span><\/a><span style=\"font-weight: 400;\"> para o seu pr\u00f3ximo projeto de pesquisa de mercado.<\/span><\/p>\n\n\n\n<p><\/p>","protected":false},"excerpt":{"rendered":"<p>A pesquisa de mercado sobre o valor da vida \u00fatil do cliente mede o valor total que um cliente traz para uma empresa ao longo de sua vida \u00fatil.<\/p>","protected":false},"author":1,"featured_media":64757,"parent":50194,"menu_order":28,"comment_status":"closed","ping_status":"closed","template":"","meta":{"footnotes":""},"class_list":["post-46822","page","type-page","status-publish","has-post-thumbnail"],"_links":{"self":[{"href":"https:\/\/www.sisinternational.com\/pt\/wp-json\/wp\/v2\/pages\/46822","targetHints":{"allow":["GET"]}}],"collection":[{"href":"https:\/\/www.sisinternational.com\/pt\/wp-json\/wp\/v2\/pages"}],"about":[{"href":"https:\/\/www.sisinternational.com\/pt\/wp-json\/wp\/v2\/types\/page"}],"author":[{"embeddable":true,"href":"https:\/\/www.sisinternational.com\/pt\/wp-json\/wp\/v2\/users\/1"}],"replies":[{"embeddable":true,"href":"https:\/\/www.sisinternational.com\/pt\/wp-json\/wp\/v2\/comments?post=46822"}],"version-history":[{"count":17,"href":"https:\/\/www.sisinternational.com\/pt\/wp-json\/wp\/v2\/pages\/46822\/revisions"}],"predecessor-version":[{"id":81132,"href":"https:\/\/www.sisinternational.com\/pt\/wp-json\/wp\/v2\/pages\/46822\/revisions\/81132"}],"up":[{"embeddable":true,"href":"https:\/\/www.sisinternational.com\/pt\/wp-json\/wp\/v2\/pages\/50194"}],"wp:featuredmedia":[{"embeddable":true,"href":"https:\/\/www.sisinternational.com\/pt\/wp-json\/wp\/v2\/media\/64757"}],"wp:attachment":[{"href":"https:\/\/www.sisinternational.com\/pt\/wp-json\/wp\/v2\/media?parent=46822"}],"curies":[{"name":"wp","href":"https:\/\/api.w.org\/{rel}","templated":true}]}}