{"id":46767,"date":"2024-03-12T20:40:47","date_gmt":"2024-03-13T00:40:47","guid":{"rendered":"https:\/\/www.sisinternational.com\/?page_id=46767"},"modified":"2026-01-25T19:39:05","modified_gmt":"2026-01-26T00:39:05","slug":"consultoria-de-marketing-de-ia","status":"publish","type":"page","link":"https:\/\/www.sisinternational.com\/pt\/solucoes\/pesquisa-de-mercado-de-ia-e-consultoria-estrategica\/consultoria-de-marketing-de-ia\/","title":{"rendered":"Consultoria de marketing de IA"},"content":{"rendered":"<h1 class=\"gb-headline gb-headline-5e6ffd60 gb-headline-text\">Consultoria de marketing de IA<\/h1>\n\n\n\n<figure class=\"gb-block-image gb-block-image-05d646b0\"><img loading=\"lazy\" decoding=\"async\" width=\"1456\" height=\"816\" class=\"gb-image gb-image-05d646b0\" src=\"https:\/\/www.sisinternational.com\/wp-content\/uploads\/2025\/08\/Optimizing-Multi-Channel-Marketing-Strategies-1.jpg\" alt=\"Pesquisa e Estrat\u00e9gia de Mercado Internacional da SIS\" title=\"Optimizing Multi-Channel Marketing Strategies (1)\" srcset=\"https:\/\/www.sisinternational.com\/wp-content\/uploads\/2025\/08\/Optimizing-Multi-Channel-Marketing-Strategies-1.jpg 1456w, https:\/\/www.sisinternational.com\/wp-content\/uploads\/2025\/08\/Optimizing-Multi-Channel-Marketing-Strategies-1-300x168.jpg 300w, https:\/\/www.sisinternational.com\/wp-content\/uploads\/2025\/08\/Optimizing-Multi-Channel-Marketing-Strategies-1-1024x574.jpg 1024w, https:\/\/www.sisinternational.com\/wp-content\/uploads\/2025\/08\/Optimizing-Multi-Channel-Marketing-Strategies-1-768x430.jpg 768w, https:\/\/www.sisinternational.com\/wp-content\/uploads\/2025\/08\/Optimizing-Multi-Channel-Marketing-Strategies-1-18x10.jpg 18w\" sizes=\"auto, (max-width: 1456px) 100vw, 1456px\"><\/figure>\n\n\n\n<hr class=\"wp-block-separator has-alpha-channel-opacity is-style-dots\"\/>\n\n\n\n<p>Com que rapidez as empresas podem integrar a IA nas suas estrat\u00e9gias de marketing? A consultoria de marketing de IA surge como o farol que orienta as empresas atrav\u00e9s das complexidades da transforma\u00e7\u00e3o digital, garantindo que aproveitem insights baseados em dados para tomar decis\u00f5es informadas e promover relacionamentos significativos com os clientes.<\/p>\n\n\n\n<h2 class=\"wp-block-heading\">What Is AI Marketing Consulting? Why Is It Important?<\/h2>\n\n\n\n<p><a href=\"https:\/\/sisaisolutions.com\/application-of-ai-in-market-research\/\" target=\"_blank\" rel=\"noopener\">AI marketing consulting<\/a> leverages machine learning algorithms, data analytics, and AI tools to analyze consumer behavior, predict market trends, and automate marketing decisions. This approach amplifies the effectiveness of marketing campaigns and enables businesses to deliver personalized customer experiences at scale.<\/p>\n\n\n\n<p>AI&#8217;s predictive capabilities enable businesses to anticipate customer behaviors and preferences, allowing for the creation of targeted marketing campaigns that speak directly to the consumer&#8217;s desires and pain points. <\/p>\n\n\n\n<p>Em qualquer caso, traz muitos outros benef\u00edcios para as empresas, incluindo:<\/p>\n\n\n\n<ul class=\"wp-block-list\">\n<li><strong>Personaliza\u00e7\u00e3o aprimorada:<\/strong> It delivers highly personalized marketing messages and experiences to customers. AI enables businesses to tailor their marketing efforts to the individual level, significantly increasing engagement and conversion rates.<\/li>\n\n\n\n<li><strong>An\u00e1lise preditiva:<\/strong> This allows companies to anticipate future consumer behaviors and market trends, enabling them to adjust their strategies proactively.&nbsp;<\/li>\n\n\n\n<li><strong>Efici\u00eancia operacional:<\/strong> A IA automatiza tarefas repetitivas e trabalhosas associadas aos processos de marketing, desde a an\u00e1lise de dados at\u00e9 a distribui\u00e7\u00e3o de conte\u00fado.<\/li>\n\n\n\n<li><strong>Escalabilidade:<\/strong> AI marketing consulting offers scalable solutions that adapt to changing market dynamics and business sizes, ensuring that marketing efforts are effective regardless of scale.<\/li>\n<\/ul>\n\n\n\n<h2 class=\"wp-block-heading\">Critical Sucess Factors<\/h2>\n\n\n\n<figure class=\"gb-block-image gb-block-image-c145a134\"><img loading=\"lazy\" decoding=\"async\" width=\"1456\" height=\"816\" class=\"gb-image gb-image-c145a134\" src=\"https:\/\/www.sisinternational.com\/wp-content\/uploads\/2025\/09\/FinTech-Terch-technology-AI-artificial-intelligence-16.jpg\" alt=\"Pesquisa e Estrat\u00e9gia de Mercado Internacional da SIS\" title=\"FinTech Terch technology AI artificial intelligence (16)\" srcset=\"https:\/\/www.sisinternational.com\/wp-content\/uploads\/2025\/09\/FinTech-Terch-technology-AI-artificial-intelligence-16.jpg 1456w, https:\/\/www.sisinternational.com\/wp-content\/uploads\/2025\/09\/FinTech-Terch-technology-AI-artificial-intelligence-16-300x168.jpg 300w, https:\/\/www.sisinternational.com\/wp-content\/uploads\/2025\/09\/FinTech-Terch-technology-AI-artificial-intelligence-16-1024x574.jpg 1024w, https:\/\/www.sisinternational.com\/wp-content\/uploads\/2025\/09\/FinTech-Terch-technology-AI-artificial-intelligence-16-768x430.jpg 768w, https:\/\/www.sisinternational.com\/wp-content\/uploads\/2025\/09\/FinTech-Terch-technology-AI-artificial-intelligence-16-18x10.jpg 18w\" sizes=\"auto, (max-width: 1456px) 100vw, 1456px\"><\/figure>\n\n\n\n<p><\/p>\n\n\n\n<p>AI marketing consulting must have Several critical success factors to deliver its promise. These factors go beyond the mere adoption of technology, encompassing strategic, organizational, and operational dimensions essential for realizing AI&#8217;s full potential in marketing.<\/p>\n\n\n\n<ul class=\"wp-block-list\">\n<li><strong>Qualidade e acessibilidade dos dados:<\/strong> Businesses must invest in systems and processes that ensure data is accurate, comprehensive, and readily available for analysis. <\/li>\n\n\n\n<li><strong>Infraestrutura Tecnol\u00f3gica:<\/strong> A robust technological infrastructure is essential to support AI&#8217;s complex algorithms and data processing requirements. <\/li>\n\n\n\n<li><strong>Abordagem Centrada no Cliente:<\/strong> O objetivo final da consultoria de marketing de IA \u00e9 aumentar o envolvimento e a satisfa\u00e7\u00e3o do cliente. Isso requer uma abordagem centrada no cliente, onde as estrat\u00e9gias s\u00e3o projetadas de acordo com as necessidades e prefer\u00eancias do cliente. Personaliza\u00e7\u00e3o, relev\u00e2ncia e valor devem ser os princ\u00edpios orientadores no desenvolvimento de iniciativas de marketing baseadas em IA.<\/li>\n\n\n\n<li><strong>Aprendizagem e Adapta\u00e7\u00e3o Cont\u00ednua:<\/strong> A consultoria de marketing de IA n\u00e3o \u00e9 uma estrat\u00e9gia do tipo &quot;configure e esque\u00e7a&quot;. Requer aprendizagem e adapta\u00e7\u00e3o cont\u00ednuas \u00e0 medida que as condi\u00e7\u00f5es do mercado, os comportamentos dos clientes e as tecnologias evoluem. As empresas devem estar preparadas para iterar e refinar continuamente os seus modelos e estrat\u00e9gias de IA com base em feedback e an\u00e1lises em tempo real.<\/li>\n<\/ul>\n\n\n\n<h2 class=\"wp-block-heading\">Expected Results of AI Marketing Consulting<\/h2>\n\n\n\n<p>As empresas envolvidas em consultoria de marketing de IA podem antecipar uma s\u00e9rie de resultados transformadores. Esses resultados se refletem em melhores m\u00e9tricas de marketing e no impacto mais amplo no relacionamento com os clientes e no crescimento dos neg\u00f3cios.<\/p>\n\n\n\n<ul class=\"wp-block-list\">\n<li><strong>Maior envolvimento do cliente:<\/strong> As estrat\u00e9gias de marketing baseadas em IA s\u00e3o adaptadas \u00e0s prefer\u00eancias e comportamentos dos clientes, levando a taxas de engajamento significativamente mais altas.<\/li>\n\n\n\n<li><strong>Taxas de convers\u00e3o mais altas:<\/strong> A precis\u00e3o da consultoria permite um direcionamento e timing mais eficazes das campanhas de marketing, resultando em maiores taxas de convers\u00e3o. \u00c9 mais prov\u00e1vel que os clientes respondam a ofertas e mensagens relevantes \u00e0s suas necessidades e as entreguem imediatamente, aumentando as vendas e a receita.<\/li>\n\n\n\n<li><strong>Efici\u00eancia e economia de custos:<\/strong> A automa\u00e7\u00e3o de tarefas rotineiras de marketing e a otimiza\u00e7\u00e3o de campanhas de marketing levam ao aumento da efici\u00eancia operacional e \u00e0 economia de custos. As empresas podem alocar os seus recursos de forma mais eficaz, concentrando-se em iniciativas estrat\u00e9gicas que impulsionam o crescimento e, ao mesmo tempo, reduzem o desperd\u00edcio de esfor\u00e7os de marketing ineficazes.<\/li>\n\n\n\n<li><strong>Insights baseados em dados:<\/strong> Por meio da an\u00e1lise de grandes quantidades de dados, a consultoria fornece \u00e0s empresas insights profundos sobre o comportamento do cliente, as tend\u00eancias do mercado e a efic\u00e1cia das estrat\u00e9gias de marketing. Esses insights permitem a tomada de decis\u00f5es informadas, permitindo que as empresas adaptem e refinem suas abordagens em tempo real.<\/li>\n\n\n\n<li><strong>Maior satisfa\u00e7\u00e3o do cliente:<\/strong> Ao compreender e atender \u00e0s necessidades de seus clientes de forma mais eficaz, as empresas podem melhorar a satisfa\u00e7\u00e3o geral do cliente. A personaliza\u00e7\u00e3o e a capacidade de resposta baseadas em IA demonstram um compromisso com o atendimento ao cliente, construindo confian\u00e7a e uma reputa\u00e7\u00e3o de marca positiva.<\/li>\n<\/ul>\n\n\n\n<h2 class=\"wp-block-heading\">Oportunidades<\/h2>\n\n\n\n<figure class=\"gb-block-image gb-block-image-7bd1f52a\"><img loading=\"lazy\" decoding=\"async\" width=\"1456\" height=\"816\" class=\"gb-image gb-image-7bd1f52a\" src=\"https:\/\/www.sisinternational.com\/wp-content\/uploads\/2025\/08\/AI-2.jpg\" alt=\"Pesquisa e Estrat\u00e9gia de Mercado Internacional da SIS\" title=\"AI (2)\" srcset=\"https:\/\/www.sisinternational.com\/wp-content\/uploads\/2025\/08\/AI-2.jpg 1456w, https:\/\/www.sisinternational.com\/wp-content\/uploads\/2025\/08\/AI-2-300x168.jpg 300w, https:\/\/www.sisinternational.com\/wp-content\/uploads\/2025\/08\/AI-2-1024x574.jpg 1024w, https:\/\/www.sisinternational.com\/wp-content\/uploads\/2025\/08\/AI-2-768x430.jpg 768w, https:\/\/www.sisinternational.com\/wp-content\/uploads\/2025\/08\/AI-2-18x10.jpg 18w\" sizes=\"auto, (max-width: 1456px) 100vw, 1456px\"><\/figure>\n\n\n\n<p><\/p>\n\n\n\n<p>A integra\u00e7\u00e3o da IA na consultoria de marketing abre oportunidades para as empresas, permitindo-lhes navegar pelas complexidades dos cen\u00e1rios de marketing modernos com maior precis\u00e3o e conhecimento. Aqui est\u00e1 uma olhada nas principais oportunidades que a consultoria de marketing de IA oferece:<\/p>\n\n\n\n<ul class=\"wp-block-list\">\n<li><strong>Hiperpersonaliza\u00e7\u00e3o:<\/strong> A consultoria permite que as empresas alcancem uma personaliza\u00e7\u00e3o sem precedentes em seus esfor\u00e7os de marketing. Ao analisar os dados dos clientes em tempo real, a IA pode fornecer conte\u00fado personalizado, recomenda\u00e7\u00f5es de produtos e ofertas adaptadas exclusivamente \u00e0s prefer\u00eancias e ao comportamento de cada indiv\u00edduo, aumentando significativamente a satisfa\u00e7\u00e3o e a fidelidade do cliente.<\/li>\n\n\n\n<li><strong>Insights aprimorados do cliente:<\/strong> AI\u2019s ability to process and analyze vast amounts of data gives businesses deep insights into customer behavior, preferences, and needs. <\/li>\n\n\n\n<li><strong>ROI melhorado:<\/strong> A consultoria melhora significativamente o retorno do investimento, otimizando campanhas de marketing e reduzindo estrat\u00e9gias ineficazes. As empresas podem obter melhores resultados com gastos iguais ou reduzidos, tornando os esfor\u00e7os de marketing mais lucrativos e sustent\u00e1veis no longo prazo.<\/li>\n\n\n\n<li><strong>Expans\u00e3o do mercado:<\/strong> A orienta\u00e7\u00e3o de marketing de IA fornece \u00e0s empresas ferramentas e insights para explorar novos mercados e segmentos de clientes. Ao analisar dados de mercado e identificar oportunidades inexploradas, as empresas podem expandir com confian\u00e7a o seu alcance e aumentar a sua base de clientes.<\/li>\n<\/ul>\n\n\n\n<h2 class=\"wp-block-heading\">Desafios<\/h2>\n\n\n\n<p>Embora a consultoria de marketing de IA ofere\u00e7a in\u00fameras oportunidades para as empresas aprimorarem suas estrat\u00e9gias de marketing e efici\u00eancia operacional, ela tamb\u00e9m apresenta v\u00e1rios desafios. Enfrentar estes desafios \u00e9 crucial para as empresas que pretendem aproveitar plenamente a IA nos seus esfor\u00e7os de marketing \u2013 e aqui est\u00e1 uma vis\u00e3o geral dos principais obst\u00e1culos que as empresas podem enfrentar:<\/p>\n\n\n\n<ul class=\"wp-block-list\">\n<li><strong>Lacunas de habilidades e aquisi\u00e7\u00e3o de talentos:<\/strong> A implementa\u00e7\u00e3o bem-sucedida de consultoria requer uma combina\u00e7\u00e3o de habilidades, incluindo ci\u00eancia de dados, programa\u00e7\u00e3o de IA e experi\u00eancia em marketing digital. No entanto, existe uma not\u00e1vel lacuna de compet\u00eancias no mercado, tornando dif\u00edcil para as empresas encontrar e reter o talento certo. Investir em forma\u00e7\u00e3o e desenvolvimento e procurar parcerias externas podem ser estrat\u00e9gias essenciais.<\/li>\n\n\n\n<li><strong>Uso \u00c9tico da IA:<\/strong> \u00c0 medida que as empresas adotam a IA no marketing, as considera\u00e7\u00f5es \u00e9ticas em torno do uso de dados de clientes e algoritmos de IA v\u00eam \u00e0 tona. \u00c9 fundamental garantir que os modelos de IA estejam livres de preconceitos e que as pr\u00e1ticas de marketing respeitem a autonomia e o consentimento do cliente.<\/li>\n\n\n\n<li><strong>Acompanhando os avan\u00e7os tecnol\u00f3gicos:<\/strong> O ritmo acelerado dos avan\u00e7os tecnol\u00f3gicos em IA e marketing digital significa que as empresas devem atualizar continuamente seus conhecimentos e ferramentas para se manterem competitivas. Isto pode exigir muitos recursos, exigindo investimento cont\u00ednuo em tecnologia e desenvolvimento de compet\u00eancias.<\/li>\n\n\n\n<li><strong>Medindo o ROI:<\/strong> Quantificar o retorno do investimento para iniciativas de consultoria pode ser complexo. Embora a IA possa gerar melhorias significativas na efici\u00eancia do marketing e no envolvimento do cliente, atribuir resultados diretamente \u00e0s interven\u00e7\u00f5es de IA requer an\u00e1lises sofisticadas e estruturas de medi\u00e7\u00e3o.<\/li>\n<\/ul>\n\n\n\n<h2 class=\"wp-block-heading\">Future Trends of AI Marketing Consulting<\/h2>\n\n\n\n<p><\/p>\n\n\n\n<p>As businesses increasingly recognize the value of integrating AI into their marketing strategies, we can anticipate several key trends shaping the landscape in the coming years. Here&#8217;s what the future may hold:<\/p>\n\n\n\n<ul class=\"wp-block-list\">\n<li><strong>Maior Personaliza\u00e7\u00e3o e Experi\u00eancia do Cliente:<\/strong> AI will continue to refine businesses&#8217; ability to offer hyper-personalized experiences to customers. Advanced machine learning algorithms will enable even more precise targeting, unprecedentedly predicting customer needs and behaviors. <\/li>\n\n\n\n<li><strong>Maior ado\u00e7\u00e3o de pesquisa visual e por voz:<\/strong> \u00c0 medida que os dispositivos assistidos por voz e as tecnologias de pesquisa visual se tornam mais predominantes, esta consultoria ir\u00e1 adaptar-se a estas novas modalidades de pesquisa. As empresas aproveitar\u00e3o a IA para otimizar a pesquisa visual e por voz, garantindo que os seus produtos e servi\u00e7os sejam facilmente descobertos atrav\u00e9s destes canais emergentes.<\/li>\n\n\n\n<li><strong>Marketing de Realidade Aumentada (AR) e Realidade Virtual (VR):<\/strong> A IA oferecer\u00e1 experi\u00eancias de marketing imersivas e interativas em conjunto com AR e VR. As marcas utilizar\u00e3o estas tecnologias para criar experi\u00eancias virtuais envolventes, desde experi\u00eancias virtuais at\u00e9 mundos de marca imersivos, aprofundando o envolvimento do cliente e melhorando a experi\u00eancia de compra.<\/li>\n\n\n\n<li><strong>IA \u00e9tica e transpar\u00eancia:<\/strong> As consumers become more aware of privacy considerations, businesses will prioritize AI&#8217;s transparent and ethical use in marketing. <\/li>\n<\/ul>\n\n\n\n<h2 class=\"wp-block-heading\">Why Is SIS International a Top AI Marketing Consulting Company?<\/h2>\n\n\n\n<p>No <a href=\"https:\/\/www.linkedin.com\/company\/sisinternationalresearch\/\" target=\"_blank\" rel=\"noopener\">SIS<\/a>, our approach to AI marketing consulting is rooted in a deep understanding of artificial intelligence&#8217;s transformative potential and the unique challenges and objectives of our clients&#8217; businesses. We blend strategic insight, technological expertise, and a commitment to data-driven results to deliver comprehensive AI marketing solutions that drive growth and enhance customer engagement. Here\u2019s how we differentiate our approach:<\/p>\n\n\n\n<ul class=\"wp-block-list\">\n<li><strong>Desenvolvimento de estrat\u00e9gia de IA personalizada:<\/strong> Recognizing that no two businesses are alike, we begin with a thorough analysis of each client&#8217;s market position, competitive landscape, and customer insights. <\/li>\n\n\n\n<li><strong>Excel\u00eancia e integridade de dados:<\/strong> An unwavering commitment to data quality and integrity is at the core of our <a href=\"https:\/\/www.sisinternational.com\/pt\/pericia\/industrias\/consultoria-em-visualizacao-de-dados\/\" title=\"Consultoria em Visualiza\u00e7\u00e3o de Dados\" data-wpil-monitor-id=\"5829\">AI marketing consulting<\/a> services. We implement rigorous data management practices to ensure that the insights driving our strategies are accurate and actionable. <\/li>\n\n\n\n<li><strong>Integra\u00e7\u00e3o Tecnol\u00f3gica Avan\u00e7ada:<\/strong> Leveraging the latest AI technology and tools, we integrate sophisticated machine learning algorithms, analytics platforms, and automation tools into our clients&#8217; marketing strategies. <\/li>\n\n\n\n<li><strong>Experi\u00eancia e aprendizagem cont\u00ednua:<\/strong> Our team comprises industry-leading experts in AI, data science, and digital marketing. Their deep knowledge and continuous learning ensure that our strategies remain at the forefront of innovation. We invest in ongoing training and development to keep pace with the rapidly evolving AI landscape, ensuring that our clients always benefit from the latest advancements.<\/li>\n<\/ul>\n\n\n\n<div class=\"is-root-container is-desktop-preview is-layout-flow wp-block-post-content block-editor-block-list__layout\" spellcheck=\"false\">\n<div id=\"block-37fdf129-2515-4c97-9c3a-bd8432dd582f\" class=\"block-editor-block-list__block wp-block is-selected wp-block-freeform is-hovered\" tabindex=\"0\" role=\"document\" aria-label=\"Block: Classic\" data-block=\"37fdf129-2515-4c97-9c3a-bd8432dd582f\" data-type=\"core\/freeform\" data-title=\"Classic\">\n<div id=\"editor-37fdf129-2515-4c97-9c3a-bd8432dd582f\" class=\"wp-block-freeform block-library-rich-text__tinymce mce-content-body html5-captions mce-edit-focus\" style=\"position: relative;\" contenteditable=\"true\">\n<h2>Localiza\u00e7\u00e3o de nossas instala\u00e7\u00f5es em Nova York<\/h2>\n<p>\n\n\n\n<iframe loading=\"lazy\" src=\"https:\/\/www.google.com\/maps\/embed?pb=!1m18!1m12!1m3!1d3022.976188376966!2d-73.99130312499956!3d40.740549471389315!2m3!1f0!2f0!3f0!3m2!1i1024!2i768!4f13.1!3m3!1m2!1s0x89c259a15798c731%3A0xd695d09bdd495f25!2s11%20E%2022nd%20St%20FL%202%2C%20New%20York%2C%20NY%2010010%2C%20USA!5e0!3m2!1sen!2spe!4v1726171763526!5m2!1sen!2spe\" width=\"600\" height=\"450\" allowfullscreen=\"allowfullscreen\" data-mce-fragment=\"1\"><\/iframe>\n\n\n\n<\/p>\n<h3 class=\"wp-block-heading\">11 E 22nd Street, 2\u00ba andar, Nova York, NY 10010 T: +1(212) 505-6805<\/h3>\n<hr>\n<h2><span style=\"font-weight: 400;\">Sobre SIS Internacional<\/span><\/h2>\n<p><a href=\"https:\/\/www.sisinternational.com\/pt\/\"><span style=\"font-weight: 400;\">SIS Internacional<\/span><\/a><span style=\"font-weight: 400;\"> oferece pesquisa quantitativa, qualitativa e estrat\u00e9gica. Fornecemos dados, ferramentas, estrat\u00e9gias, relat\u00f3rios e insights para a tomada de decis\u00f5es. Tamb\u00e9m realizamos entrevistas, pesquisas, grupos focais e outros m\u00e9todos e abordagens de Pesquisa de Mercado.<\/span><a href=\"https:\/\/www.sisinternational.com\/pt\/sobre-a-sis-international-research\/contact-sis-international-market-research\/\"><span style=\"font-weight: 400;\"> Entre em contato conosco<\/span><\/a><span style=\"font-weight: 400;\"> para o seu pr\u00f3ximo projeto de pesquisa de mercado.<\/span><\/p>\n<hr><\/div>\n<\/div>\n<\/div>\n\n\n\n<h2 class=\"wp-block-heading\">&nbsp;<\/h2>","protected":false},"excerpt":{"rendered":"<p>A consultoria de marketing de IA usa IA para analisar o comportamento do consumidor, prever tend\u00eancias e automatizar decis\u00f5es de marketing.<\/p>","protected":false},"author":1,"featured_media":64894,"parent":44406,"menu_order":72,"comment_status":"closed","ping_status":"closed","template":"","meta":{"footnotes":""},"class_list":["post-46767","page","type-page","status-publish","has-post-thumbnail"],"_links":{"self":[{"href":"https:\/\/www.sisinternational.com\/pt\/wp-json\/wp\/v2\/pages\/46767","targetHints":{"allow":["GET"]}}],"collection":[{"href":"https:\/\/www.sisinternational.com\/pt\/wp-json\/wp\/v2\/pages"}],"about":[{"href":"https:\/\/www.sisinternational.com\/pt\/wp-json\/wp\/v2\/types\/page"}],"author":[{"embeddable":true,"href":"https:\/\/www.sisinternational.com\/pt\/wp-json\/wp\/v2\/users\/1"}],"replies":[{"embeddable":true,"href":"https:\/\/www.sisinternational.com\/pt\/wp-json\/wp\/v2\/comments?post=46767"}],"version-history":[{"count":12,"href":"https:\/\/www.sisinternational.com\/pt\/wp-json\/wp\/v2\/pages\/46767\/revisions"}],"predecessor-version":[{"id":79511,"href":"https:\/\/www.sisinternational.com\/pt\/wp-json\/wp\/v2\/pages\/46767\/revisions\/79511"}],"up":[{"embeddable":true,"href":"https:\/\/www.sisinternational.com\/pt\/wp-json\/wp\/v2\/pages\/44406"}],"wp:featuredmedia":[{"embeddable":true,"href":"https:\/\/www.sisinternational.com\/pt\/wp-json\/wp\/v2\/media\/64894"}],"wp:attachment":[{"href":"https:\/\/www.sisinternational.com\/pt\/wp-json\/wp\/v2\/media?parent=46767"}],"curies":[{"name":"wp","href":"https:\/\/api.w.org\/{rel}","templated":true}]}}