{"id":46673,"date":"2024-03-01T20:26:56","date_gmt":"2024-03-02T01:26:56","guid":{"rendered":"https:\/\/www.sisinternational.com\/?page_id=46673"},"modified":"2026-01-26T18:08:34","modified_gmt":"2026-01-26T23:08:34","slug":"pesquisa-de-mercado-de-seguros-de-barcos-e-consultoria-estrategica","status":"publish","type":"page","link":"https:\/\/www.sisinternational.com\/pt\/pericia\/pesquisa-de-mercado-de-seguros-de-barcos-e-consultoria-estrategica\/","title":{"rendered":"Pesquisa de mercado de seguros de barcos e consultoria estrat\u00e9gica"},"content":{"rendered":"<h1 class=\"wp-block-heading\">Pesquisa de mercado de seguros de barcos e consultoria estrat\u00e9gica<\/h1>\n\n\n\n<figure class=\"gb-block-image gb-block-image-c56a78f0\"><img loading=\"lazy\" decoding=\"async\" width=\"1456\" height=\"816\" class=\"gb-image gb-image-c56a78f0\" src=\"https:\/\/www.sisinternational.com\/wp-content\/uploads\/2025\/10\/Boat-Insurance-3.jpg\" alt=\"Pesquisa e Estrat\u00e9gia de Mercado Internacional da SIS\" title=\"Boat Insurance (3)\" srcset=\"https:\/\/www.sisinternational.com\/wp-content\/uploads\/2025\/10\/Boat-Insurance-3.jpg 1456w, https:\/\/www.sisinternational.com\/wp-content\/uploads\/2025\/10\/Boat-Insurance-3-300x168.jpg 300w, https:\/\/www.sisinternational.com\/wp-content\/uploads\/2025\/10\/Boat-Insurance-3-1024x574.jpg 1024w, https:\/\/www.sisinternational.com\/wp-content\/uploads\/2025\/10\/Boat-Insurance-3-768x430.jpg 768w, https:\/\/www.sisinternational.com\/wp-content\/uploads\/2025\/10\/Boat-Insurance-3-18x10.jpg 18w\" sizes=\"auto, (max-width: 1456px) 100vw, 1456px\"><\/figure>\n\n\n\n<p><\/p>\n\n\n\n<p>\u00c0 medida que a ind\u00fastria n\u00e1utica navega em dire\u00e7\u00e3o a um futuro marcado por tecnologias avan\u00e7adas, considera\u00e7\u00f5es ambientais e necessidades em evolu\u00e7\u00e3o dos propriet\u00e1rios, compreender as complexidades do seguro de barcos torna-se n\u00e3o apenas vantajoso, mas essencial. \u00c9 aqui que a pesquisa de mercado de seguros de barcos e a consultoria estrat\u00e9gica se ancoram como imperativos estrat\u00e9gicos, orientando as partes interessadas atrav\u00e9s das complexidades de segurar embarca\u00e7\u00f5es contra as mar\u00e9s imprevis\u00edveis de riscos e oportunidades.<\/p>\n\n\n\n<h2 class=\"wp-block-heading\">Compreendendo a pesquisa de mercado de seguros de barcos e consultoria estrat\u00e9gica<\/h2>\n\n\n\n<p>A pesquisa de mercado de seguros de barcos e a consultoria estrat\u00e9gica abordam as necessidades e os riscos associados ao seguro de v\u00e1rios tipos de embarca\u00e7\u00f5es para ajudar companhias de seguros, fabricantes de barcos, operadores de marinas e outras partes interessadas a navegar nas \u00e1guas complexas do mercado de seguros de barcos. Seu objetivo \u00e9 fornecer insights sobre o comportamento do consumidor, tend\u00eancias do setor, fatores de risco e din\u00e2mica competitiva, permitindo que as empresas tomem decis\u00f5es informadas e desenvolvam estrat\u00e9gias que melhorem suas ofertas, competitividade e posi\u00e7\u00e3o no mercado.<\/p>\n\n\n\n<h2 class=\"wp-block-heading\">Import\u00e2ncia da pesquisa de mercado de seguros de barcos e consultoria estrat\u00e9gica<\/h2>\n\n\n\n<figure class=\"gb-block-image gb-block-image-a0098b70\"><img loading=\"lazy\" decoding=\"async\" width=\"1456\" height=\"816\" class=\"gb-image gb-image-a0098b70\" src=\"https:\/\/www.sisinternational.com\/wp-content\/uploads\/2025\/10\/Boat-Insurance-2.jpg\" alt=\"Pesquisa e Estrat\u00e9gia de Mercado Internacional da SIS\" title=\"Boat Insurance (2)\" srcset=\"https:\/\/www.sisinternational.com\/wp-content\/uploads\/2025\/10\/Boat-Insurance-2.jpg 1456w, https:\/\/www.sisinternational.com\/wp-content\/uploads\/2025\/10\/Boat-Insurance-2-300x168.jpg 300w, https:\/\/www.sisinternational.com\/wp-content\/uploads\/2025\/10\/Boat-Insurance-2-1024x574.jpg 1024w, https:\/\/www.sisinternational.com\/wp-content\/uploads\/2025\/10\/Boat-Insurance-2-768x430.jpg 768w, https:\/\/www.sisinternational.com\/wp-content\/uploads\/2025\/10\/Boat-Insurance-2-18x10.jpg 18w\" sizes=\"auto, (max-width: 1456px) 100vw, 1456px\"><\/figure>\n\n\n\n<p><\/p>\n\n\n\n<p>Boat <a href=\"https:\/\/www.sisinternational.com\/pt\/pericia\/industrias\/construcao-de-consultoria-em-estrategia-de-pesquisa-de-mercado-de-seguros\/\" title=\"Building Insurance Market Research\"  data-wpil-monitor-id=\"5013\">insurance market research<\/a> helps businesses identify and assess these risks, providing insights into the types of coverage needed to mitigate them effectively. It enhances risk management efforts by guiding businesses in developing tailored insurance policies and risk mitigation strategies that align with their risk tolerance and operational objectives.<\/p>\n\n\n\n<p>Additionally, boat <a href=\"https:\/\/www.sisinternational.com\/pt\/pericia\/industrias\/pesquisa-de-mercado-de-seguros-contra-acidentes-patrimoniais\/\" title=\"Pesquisa de mercado de seguros de propriedades e acidentes\"  data-wpil-monitor-id=\"5203\">insurance market research<\/a> and strategy consulting help businesses stay abreast of regulatory requirements, ensuring compliance with applicable laws and regulations. By understanding the regulatory environment, businesses can avoid potential pitfalls and legal challenges while ensuring their insurance policies provide adequate coverage and protection.<\/p>\n\n\n\n<p>Essa pesquisa e consultoria de mercado tamb\u00e9m ajudam as empresas a identificar lacunas de mercado, necessidades dos clientes e oportunidades de posicionamento competitivo. Em seguida, auxilia no desenvolvimento de estrat\u00e9gias de marketing personalizadas e ofertas de produtos que diferenciam as empresas dos concorrentes. No entanto, esta pesquisa de mercado e consultoria traz v\u00e1rios outros benef\u00edcios para as empresas, incluindo:<\/p>\n\n\n\n<ul class=\"wp-block-list\">\n<li><strong>Tomada de decis\u00e3o informada:<\/strong> A pesquisa de mercado de seguros de barcos e a consultoria estrat\u00e9gica fornecem \u00e0s empresas insights abrangentes sobre tend\u00eancias de mercado, prefer\u00eancias dos clientes e din\u00e2mica competitiva.<\/li>\n\n\n\n<li><strong>Diferencia\u00e7\u00e3o de mercado:<\/strong> Boat insurance market research helps businesses identify market gaps and opportunities for differentiation, whether through innovative coverage options, specialized services, or unique value propositions. <a href=\"https:\/\/www.sisinternational.com\/pt\/marketing-direto\/\" title=\"O que \u00e9 marketing direto?\"  data-wpil-monitor-id=\"2240\">Strategy consulting<\/a> assists in developing and implementing tailored marketing strategies and product offerings that resonate with target customers and set businesses apart from competitors.<\/li>\n\n\n\n<li><strong>Satisfa\u00e7\u00e3o do cliente:<\/strong> A pesquisa de mercado de seguros de barcos ajuda as empresas a compreender as prefer\u00eancias dos clientes, os pontos problem\u00e1ticos e os n\u00edveis de satisfa\u00e7\u00e3o, permitindo-lhes adaptar seus produtos e servi\u00e7os de seguros para atender \u00e0s necessidades dos clientes de maneira eficaz. A consultoria estrat\u00e9gica aumenta ainda mais a satisfa\u00e7\u00e3o do cliente, otimizando os pontos de contato com o cliente, simplificando os processos de sinistros e fornecendo servi\u00e7o e suporte personalizados.<\/li>\n<\/ul>\n\n\n\n<h2 class=\"wp-block-heading\">Quando realizar pesquisa de mercado de seguros de barcos e consultoria estrat\u00e9gica<\/h2>\n\n\n\n<p>O tempo \u00e9 crucial ao realizar pesquisas de mercado de seguros de barcos e consultoria estrat\u00e9gica. Aqui est\u00e3o algumas considera\u00e7\u00f5es importantes:<\/p>\n\n\n\n<p><strong>Entrada ou Expans\u00e3o no Mercado:<\/strong> For businesses looking to enter the boat insurance market or expand their presence, conducting market research and <a href=\"https:\/\/www.sisinternational.com\/pt\/solucoes\/consultoria-estrategica\/planejamento-de-cenario\/\" title=\"Consultoria estrat\u00e9gica de planejamento de cen\u00e1rios\"  data-wpil-monitor-id=\"6763\">strategy consulting early in the planning<\/a> process is essential. This allows businesses to assess market dynamics, regulatory requirements, and competitive landscapes, enabling them to develop effective market entry or expansion strategies.<\/p>\n\n\n\n<p><strong>Desenvolvimento de Produto:<\/strong> Ao lan\u00e7ar novos produtos de seguro de barcos ou melhorar os existentes, a pesquisa de mercado pode fornecer informa\u00e7\u00f5es valiosas sobre as necessidades, prefer\u00eancias e lacunas do mercado dos clientes. A consultoria estrat\u00e9gica pode ajudar as empresas a traduzir esses insights em recursos de produtos inovadores, estrat\u00e9gias de pre\u00e7os e canais de distribui\u00e7\u00e3o que repercutam nos clientes-alvo e impulsionem a ado\u00e7\u00e3o.<\/p>\n\n\n\n<p><strong>Planejamento estrat\u00e9gico:<\/strong> Regularly conducting <a href=\"https:\/\/www.sisinternational.com\/pt\/solucoes\/sis-crescimento-global\/consultoria-em-planejamento-estrategico\/\" title=\"Consultoria em Planejamento Estrat\u00e9gico\"  data-wpil-monitor-id=\"6387\">boat insurance market research and strategy<\/a> consulting as part of strategic planning processes ensures that businesses stay abreast of evolving market trends, customer preferences, and competitive dynamics. This enables businesses to adjust their strategies, priorities, and tactics accordingly, ensuring they remain agile and responsive in changing market conditions.<\/p>\n\n\n\n<h2 class=\"wp-block-heading\">A abordagem SIS para pesquisa de mercado e consultoria estrat\u00e9gica<\/h2>\n\n\n\n<figure class=\"gb-block-image gb-block-image-e00ee40c\"><img loading=\"lazy\" decoding=\"async\" width=\"1456\" height=\"816\" class=\"gb-image gb-image-e00ee40c\" src=\"https:\/\/www.sisinternational.com\/wp-content\/uploads\/2025\/10\/Boat-Insurance-1.jpg\" alt=\"Pesquisa e Estrat\u00e9gia de Mercado Internacional da SIS\" title=\"Boat Insurance (1)\" srcset=\"https:\/\/www.sisinternational.com\/wp-content\/uploads\/2025\/10\/Boat-Insurance-1.jpg 1456w, https:\/\/www.sisinternational.com\/wp-content\/uploads\/2025\/10\/Boat-Insurance-1-300x168.jpg 300w, https:\/\/www.sisinternational.com\/wp-content\/uploads\/2025\/10\/Boat-Insurance-1-1024x574.jpg 1024w, https:\/\/www.sisinternational.com\/wp-content\/uploads\/2025\/10\/Boat-Insurance-1-768x430.jpg 768w, https:\/\/www.sisinternational.com\/wp-content\/uploads\/2025\/10\/Boat-Insurance-1-18x10.jpg 18w\" sizes=\"auto, (max-width: 1456px) 100vw, 1456px\"><\/figure>\n\n\n\n<p><\/p>\n\n\n\n<p>Na SIS, adotamos uma abordagem abrangente e centrada no cliente para pesquisa de mercado de seguros de barcos e consultoria estrat\u00e9gica. Nossa abordagem foi projetada para fornecer insights pr\u00e1ticos e recomenda\u00e7\u00f5es estrat\u00e9gicas que impulsionam o sucesso dos neg\u00f3cios no setor de seguros mar\u00edtimos. Veja como fazemos isso:<\/p>\n\n\n\n<ul class=\"wp-block-list\">\n<li><strong>An\u00e1lise completa:<\/strong> We begin by conducting a thorough market analysis, leveraging primary and secondary <a href=\"https:\/\/www.sisinternational.com\/pt\/pesquisa-de-mercado-em-hong-kong\/\" title=\"Pesquisa de mercado em Hong Kong\"  data-wpil-monitor-id=\"2454\">research methods to gather insights into market<\/a> trends, customer preferences, and competitive dynamics within the boat insurance industry. This analysis forms the foundation of our strategic recommendations and ensures that our clients deeply understand the market landscape.<\/li>\n\n\n\n<li><strong>Solu\u00e7\u00f5es personalizadas:<\/strong> Reconhecemos que cada cliente tem objetivos, desafios e oportunidades \u00fanicos. Adaptamos nossas solu\u00e7\u00f5es para atender \u00e0s necessidades e objetivos de cada cliente. Seja desenvolvendo um novo produto de seguros, otimizando estrat\u00e9gias de pre\u00e7os ou melhorando o atendimento ao cliente, trabalhamos em estreita colabora\u00e7\u00e3o com nossos clientes para co-criar solu\u00e7\u00f5es personalizadas que geram resultados tang\u00edveis.<\/li>\n\n\n\n<li><strong>Abordagem colaborativa:<\/strong> A colabora\u00e7\u00e3o est\u00e1 no centro da nossa abordagem. Acreditamos na parceria estreita com os nossos clientes durante todo o processo de envolvimento, promovendo a comunica\u00e7\u00e3o aberta e a colabora\u00e7\u00e3o para garantir o alinhamento com as suas prioridades e objetivos estrat\u00e9gicos. Trabalhar lado a lado com nossos clientes garante que nossas solu\u00e7\u00f5es sejam pr\u00e1ticas, vi\u00e1veis e alinhadas com seus objetivos de neg\u00f3cios.<\/li>\n\n\n\n<li><strong>Insights baseados em dados:<\/strong> Enfatizamos fortemente a tomada de decis\u00f5es baseada em dados, aproveitando an\u00e1lises avan\u00e7adas e t\u00e9cnicas de visualiza\u00e7\u00e3o de dados para extrair insights acion\u00e1veis de conjuntos de dados complexos. Nossos analistas e consultores s\u00e3o qualificados na interpreta\u00e7\u00e3o de dados, identifica\u00e7\u00e3o de padr\u00f5es e descoberta de insights acion\u00e1veis que informam a tomada de decis\u00f5es estrat\u00e9gicas e impulsionam o sucesso dos neg\u00f3cios.<\/li>\n\n\n\n<li><strong>Melhoria continua:<\/strong> Estamos comprometidos com a melhoria cont\u00ednua e nos esfor\u00e7amos para nos manter atualizados sobre as tend\u00eancias, tecnologias e melhores pr\u00e1ticas emergentes no setor de seguros de barcos. Investir no aprendizado cont\u00ednuo e no desenvolvimento profissional garante que nossa equipe permane\u00e7a na vanguarda dos desenvolvimentos do setor e possa fornecer aos nossos clientes os insights e recomenda\u00e7\u00f5es mais atualizados.<\/li>\n<\/ul>","protected":false},"excerpt":{"rendered":"<p>A pesquisa de mercado de seguros de barcos e a consultoria estrat\u00e9gica abordam riscos e necessidades de seguradoras, fabricantes e operadores de marinas.<\/p>","protected":false},"author":1,"featured_media":71915,"parent":14514,"menu_order":419,"comment_status":"closed","ping_status":"closed","template":"","meta":{"footnotes":""},"class_list":["post-46673","page","type-page","status-publish","has-post-thumbnail"],"_links":{"self":[{"href":"https:\/\/www.sisinternational.com\/pt\/wp-json\/wp\/v2\/pages\/46673","targetHints":{"allow":["GET"]}}],"collection":[{"href":"https:\/\/www.sisinternational.com\/pt\/wp-json\/wp\/v2\/pages"}],"about":[{"href":"https:\/\/www.sisinternational.com\/pt\/wp-json\/wp\/v2\/types\/page"}],"author":[{"embeddable":true,"href":"https:\/\/www.sisinternational.com\/pt\/wp-json\/wp\/v2\/users\/1"}],"replies":[{"embeddable":true,"href":"https:\/\/www.sisinternational.com\/pt\/wp-json\/wp\/v2\/comments?post=46673"}],"version-history":[{"count":11,"href":"https:\/\/www.sisinternational.com\/pt\/wp-json\/wp\/v2\/pages\/46673\/revisions"}],"predecessor-version":[{"id":80342,"href":"https:\/\/www.sisinternational.com\/pt\/wp-json\/wp\/v2\/pages\/46673\/revisions\/80342"}],"up":[{"embeddable":true,"href":"https:\/\/www.sisinternational.com\/pt\/wp-json\/wp\/v2\/pages\/14514"}],"wp:featuredmedia":[{"embeddable":true,"href":"https:\/\/www.sisinternational.com\/pt\/wp-json\/wp\/v2\/media\/71915"}],"wp:attachment":[{"href":"https:\/\/www.sisinternational.com\/pt\/wp-json\/wp\/v2\/media?parent=46673"}],"curies":[{"name":"wp","href":"https:\/\/api.w.org\/{rel}","templated":true}]}}