{"id":46616,"date":"2024-03-01T11:47:49","date_gmt":"2024-03-01T16:47:49","guid":{"rendered":"https:\/\/www.sisinternational.com\/?page_id=46616"},"modified":"2026-01-22T22:28:26","modified_gmt":"2026-01-23T03:28:26","slug":"dei-consultoria-de-comunicacao","status":"publish","type":"page","link":"https:\/\/www.sisinternational.com\/pt\/pericia\/dei-consultoria-de-comunicacao\/","title":{"rendered":"Consultoria de Comunica\u00e7\u00e3o DEI"},"content":{"rendered":"<h1 class=\"wp-block-heading\">Consultoria de Comunica\u00e7\u00e3o DEI<\/h1>\n\n\n\n<figure class=\"gb-block-image gb-block-image-a5d62075\"><img loading=\"lazy\" decoding=\"async\" width=\"1456\" height=\"816\" class=\"gb-image gb-image-a5d62075\" src=\"https:\/\/www.sisinternational.com\/wp-content\/uploads\/2025\/10\/DEI-Communications-2.jpg\" alt=\"Pesquisa e Estrat\u00e9gia de Mercado Internacional da SIS\" title=\"DEI Communications (2)\" srcset=\"https:\/\/www.sisinternational.com\/wp-content\/uploads\/2025\/10\/DEI-Communications-2.jpg 1456w, https:\/\/www.sisinternational.com\/wp-content\/uploads\/2025\/10\/DEI-Communications-2-300x168.jpg 300w, https:\/\/www.sisinternational.com\/wp-content\/uploads\/2025\/10\/DEI-Communications-2-1024x574.jpg 1024w, https:\/\/www.sisinternational.com\/wp-content\/uploads\/2025\/10\/DEI-Communications-2-768x430.jpg 768w, https:\/\/www.sisinternational.com\/wp-content\/uploads\/2025\/10\/DEI-Communications-2-18x10.jpg 18w\" sizes=\"auto, (max-width: 1456px) 100vw, 1456px\"><\/figure>\n\n\n\n<p><\/p>\n\n\n\n<p>A sua organiza\u00e7\u00e3o fala a linguagem da diversidade, equidade e inclus\u00e3o (DEI)? A consultoria de comunica\u00e7\u00e3o da DEI auxilia na articula\u00e7\u00e3o do compromisso de uma empresa com a DEI, garantindo que esse compromisso seja refletido em todos os canais de comunica\u00e7\u00e3o, repercutindo tanto nos funcion\u00e1rios, clientes e partes interessadas. Atrav\u00e9s de orienta\u00e7\u00e3o especializada, as empresas podem transformar as suas aspira\u00e7\u00f5es de DEI em narrativas tang\u00edveis, promovendo uma cultura de inclus\u00e3o que eleva a sua marca e se alinha com os valores de um p\u00fablico cada vez mais diversificado e consciente.<\/p>\n\n\n\n<h2 class=\"wp-block-heading\">O que \u00e9 consultoria de comunica\u00e7\u00f5es DEI?<\/h2>\n\n\n\n<p>A consultoria de comunica\u00e7\u00e3o da DEI orienta as organiza\u00e7\u00f5es na comunica\u00e7\u00e3o eficaz de suas iniciativas e compromissos de diversidade, equidade e inclus\u00e3o para p\u00fablicos internos e externos.<\/p>\n\n\n\n<p>Al\u00e9m disso, a consultoria de comunica\u00e7\u00e3o da DEI envolve escuta, feedback e adapta\u00e7\u00e3o cont\u00ednuos. Reconhece a natureza din\u00e2mica do trabalho da DEI e a import\u00e2ncia da evolu\u00e7\u00e3o das comunica\u00e7\u00f5es para refletir a aprendizagem, os desafios e as conquistas cont\u00ednuas no espa\u00e7o da DEI. Ao faz\u00ea-lo, ajuda as organiza\u00e7\u00f5es a construir credibilidade e confian\u00e7a entre as partes interessadas, demonstrando um compromisso genu\u00edno na promo\u00e7\u00e3o de um ambiente inclusivo e equitativo.<\/p>\n\n\n\n<h2 class=\"wp-block-heading\">Por que as empresas precisam de consultoria de comunica\u00e7\u00f5es DEI?<\/h2>\n\n\n\n<p>Para muitas organiza\u00e7\u00f5es, existe uma lacuna entre os valores DEI declarados e a realidade das suas pr\u00e1ticas e comunica\u00e7\u00f5es. A consultoria de comunica\u00e7\u00e3o da DEI ajuda a preencher essa lacuna, garantindo que o compromisso de uma organiza\u00e7\u00e3o com a diversidade, equidade e inclus\u00e3o seja claramente articulado e refletido em suas opera\u00e7\u00f5es e comunica\u00e7\u00f5es. A comunica\u00e7\u00e3o eficaz da DEI cria confian\u00e7a e credibilidade ao demonstrar transpar\u00eancia e responsabilidade, mostrando que uma empresa est\u00e1 ativamente fazendo mudan\u00e7as substanciais.<\/p>\n\n\n\n<p>Al\u00e9m disso, a consultoria de comunica\u00e7\u00e3o da DEI ajuda as empresas a comunicar as suas realiza\u00e7\u00f5es e iniciativas de DEI de uma forma que ressoe e envolva diversos p\u00fablicos, posicionando a empresa como l\u00edder em responsabilidade corporativa. Esfor\u00e7os de DEI mal comunicados podem levar a mal-entendidos, rea\u00e7\u00f5es adversas ou acusa\u00e7\u00f5es de alian\u00e7a performativa.<\/p>\n\n\n\n<p>A consultoria de comunica\u00e7\u00e3o da DEI tamb\u00e9m pode ajudar as empresas a mostrar sua cultura de inclus\u00e3o, tornando-as um empregador preferido para indiv\u00edduos que buscam um ambiente de trabalho favor\u00e1vel e equitativo. No entanto, tem muitos outros benef\u00edcios para as empresas, incluindo:<\/p>\n\n\n\n<ul class=\"wp-block-list\">\n<li><strong>Maior confian\u00e7a e lealdade das partes interessadas:<\/strong> By communicating DEI initiatives and achievements transparently and authentically, organizations can <a href=\"https:\/\/www.sisinternational.com\/pt\/b2b-customer-experience-the-ultimate-guide-to-building-loyalty-that-lasts\/\" title=\"B2B Customer Experience: The Ultimate Guide to Building Loyalty That Lasts\"  data-wpil-monitor-id=\"8987\">build trust and loyalty<\/a> among stakeholders, including employees, customers, and the wider community. This trust is foundational for long-term relationships and sustained brand support.<\/li>\n\n\n\n<li><strong>Maior envolvimento e satisfa\u00e7\u00e3o dos funcion\u00e1rios:<\/strong> A consultoria de comunica\u00e7\u00e3o da DEI pode ajudar as organiza\u00e7\u00f5es a transmitir melhor suas pol\u00edticas e programas de DEI internamente, levando a um maior envolvimento dos funcion\u00e1rios e satisfa\u00e7\u00e3o no trabalho.<\/li>\n\n\n\n<li><strong>Atrair e reter talentos diversos:<\/strong> Uma narrativa DEI clara e convincente pode tornar uma organiza\u00e7\u00e3o mais atraente para um conjunto diversificado de talentos. A comunica\u00e7\u00e3o eficaz de uma cultura inclusiva e de oportunidades equitativas pode ajudar a atrair e reter funcion\u00e1rios com perspetivas e compet\u00eancias diversas.<\/li>\n\n\n\n<li><strong>Mitigando riscos de falta de comunica\u00e7\u00e3o e rea\u00e7\u00f5es adversas:<\/strong> Com orienta\u00e7\u00e3o especializada, as organiza\u00e7\u00f5es podem navegar pelas complexidades da comunica\u00e7\u00e3o DEI, reduzindo os riscos de falhas de comunica\u00e7\u00e3o, mal-entendidos e poss\u00edveis rea\u00e7\u00f5es adversas. Isso garante que os esfor\u00e7os do DEI sejam recebidos positivamente e contribuam para a reputa\u00e7\u00e3o da organiza\u00e7\u00e3o.<\/li>\n\n\n\n<li><strong>Impulsionando mudan\u00e7as reais e impacto social:<\/strong> Al\u00e9m dos benef\u00edcios organizacionais imediatos, a consultoria de comunica\u00e7\u00e3o eficaz da DEI contribui para uma mudan\u00e7a social mais ampla. Ao comprometerem-se publicamente e comunicarem sobre a DEI, as organiza\u00e7\u00f5es podem influenciar as suas ind\u00fastrias, mercados e comunidades, promovendo a inclus\u00e3o e a equidade numa escala mais ampla.<\/li>\n<\/ul>\n\n\n\n<h2 class=\"wp-block-heading\">Quem usa a consultoria de comunica\u00e7\u00f5es DEI?<\/h2>\n\n\n\n<figure class=\"gb-block-image gb-block-image-a8d055cc\"><img loading=\"lazy\" decoding=\"async\" width=\"1456\" height=\"816\" class=\"gb-image gb-image-a8d055cc\" src=\"https:\/\/www.sisinternational.com\/wp-content\/uploads\/2025\/10\/DEI-Communications-3.jpg\" alt=\"Pesquisa e Estrat\u00e9gia de Mercado Internacional da SIS\" title=\"DEI Communications (3)\" srcset=\"https:\/\/www.sisinternational.com\/wp-content\/uploads\/2025\/10\/DEI-Communications-3.jpg 1456w, https:\/\/www.sisinternational.com\/wp-content\/uploads\/2025\/10\/DEI-Communications-3-300x168.jpg 300w, https:\/\/www.sisinternational.com\/wp-content\/uploads\/2025\/10\/DEI-Communications-3-1024x574.jpg 1024w, https:\/\/www.sisinternational.com\/wp-content\/uploads\/2025\/10\/DEI-Communications-3-768x430.jpg 768w, https:\/\/www.sisinternational.com\/wp-content\/uploads\/2025\/10\/DEI-Communications-3-18x10.jpg 18w\" sizes=\"auto, (max-width: 1456px) 100vw, 1456px\"><\/figure>\n\n\n\n<p><\/p>\n\n\n\n<p>Muitas grandes corpora\u00e7\u00f5es e empresas de todos os setores contratam consultores de comunica\u00e7\u00e3o DEI para ajudar a articular e ampliar suas iniciativas de DEI. Estas organiza\u00e7\u00f5es t\u00eam frequentemente estruturas complexas e presen\u00e7as globais, exigindo estrat\u00e9gias sofisticadas para garantir que as suas mensagens DEI ressoam em diferentes culturas e regi\u00f5es.<\/p>\n\n\n\n<p>As pequenas e m\u00e9dias empresas est\u00e3o igualmente empenhadas em mostrar os seus esfor\u00e7os de DEI. A consultoria de comunica\u00e7\u00e3o da DEI pode ajudar essas empresas a desenvolver narrativas de DEI impactantes que se alinhem com os valores de sua marca e ressoem com suas partes interessadas, incluindo comunidades locais, clientes e funcion\u00e1rios.<\/p>\n\n\n\n<p>Al\u00e9m disso, as organiza\u00e7\u00f5es sem fins lucrativos focadas na justi\u00e7a social, no desenvolvimento comunit\u00e1rio e outras causas utilizam frequentemente a consultoria de comunica\u00e7\u00f5es da DEI para transmitir eficazmente as suas miss\u00f5es e os princ\u00edpios da DEI que sustentam o seu trabalho. Comunica\u00e7\u00f5es claras e convincentes da DEI podem aumentar a credibilidade destas organiza\u00e7\u00f5es, atrair apoio e mobilizar a\u00e7\u00f5es.<\/p>\n\n\n\n<p>As Institui\u00e7\u00f5es Educacionais tamb\u00e9m contratam consultores de comunica\u00e7\u00e3o do DEI para comunicar o seu compromisso com a cria\u00e7\u00e3o de ambientes educacionais inclusivos. Comunica\u00e7\u00f5es eficazes do DEI podem ajudar a atrair um corpo discente, docente e pessoal diversificado, ao mesmo tempo que promove uma cultura inclusiva.<\/p>\n\n\n\n<p>Additionally, Government Agencies use DEI communications consulting to ensure their policies, programs, and <a href=\"https:\/\/www.sisinternational.com\/pt\/pericia\/industrias\/pesquisa-de-mercado-de-servicos-de-comunicacao\/\" title=\"Pesquisa de mercado de servi\u00e7os de comunica\u00e7\u00e3o\"  data-wpil-monitor-id=\"8983\">services are communicated<\/a> to reflect their commitment to equity and inclusion. This is crucial for building trust within diverse communities and ensuring public initiatives are accessible and equitable.<\/p>\n\n\n\n<h2 class=\"wp-block-heading\">Fatores cr\u00edticos de sucesso para uma consultoria de comunica\u00e7\u00f5es DEI bem-sucedida<\/h2>\n\n\n\n<p>Para que a consultoria de comunica\u00e7\u00f5es da DEI seja bem-sucedida e forne\u00e7a resultados significativos, certos fatores cr\u00edticos de sucesso devem ser considerados e integrados ao processo de consultoria. Estes factores garantem que as estrat\u00e9gias de comunica\u00e7\u00e3o da DEI transmitem eficazmente o compromisso de uma organiza\u00e7\u00e3o com a diversidade, equidade e inclus\u00e3o, promovendo uma cultura que incorpora estes valores.<\/p>\n\n\n\n<ul class=\"wp-block-list\">\n<li><strong>Autenticidade em mensagens:<\/strong> As organiza\u00e7\u00f5es devem garantir que as suas mensagens DEI refletem genuinamente os seus valores, iniciativas e progresso. Isto requer um profundo compromisso com a DEI para al\u00e9m das comunica\u00e7\u00f5es de n\u00edvel superficial, com a\u00e7\u00f5es e pol\u00edticas que fundamentam as mensagens comunicadas.<\/li>\n\n\n\n<li><strong>Transpar\u00eancia e responsabilidade:<\/strong> As organiza\u00e7\u00f5es devem ser transparentes sobre os seus objetivos, realiza\u00e7\u00f5es e \u00e1reas de melhoria do DEI. Esta abertura promove a confian\u00e7a e a responsabiliza\u00e7\u00e3o, permitindo que as partes interessadas vejam o compromisso da organiza\u00e7\u00e3o em fazer progressos tang\u00edveis na DEI.<\/li>\n\n\n\n<li><strong>Compet\u00eancia cultural:<\/strong> Compreender e respeitar as diversas culturas dentro e fora da organiza\u00e7\u00e3o \u00e9 crucial. As comunica\u00e7\u00f5es da DEI devem ser culturalmente competentes, reconhecendo e valorizando as diversas perspectivas e experi\u00eancias de todos os indiv\u00edduos. Isto requer educa\u00e7\u00e3o cont\u00ednua e sensibilidade \u00e0s nuances culturais da comunica\u00e7\u00e3o.<\/li>\n\n\n\n<li><strong>Consist\u00eancia entre canais:<\/strong> As mensagens da DEI devem ser consistentes em todos os canais de comunica\u00e7\u00e3o, incluindo comunica\u00e7\u00f5es internas, materiais de marketing, redes sociais e esfor\u00e7os de rela\u00e7\u00f5es p\u00fablicas. A consist\u00eancia refor\u00e7a o compromisso da organiza\u00e7\u00e3o com a DEI e garante que todas as partes interessadas recebam a mesma mensagem.<\/li>\n\n\n\n<li><strong>Adaptabilidade e capacidade de resposta:<\/strong> O campo do DEI \u00e9 din\u00e2mico, com entendimentos em evolu\u00e7\u00e3o sobre o que constitui as melhores pr\u00e1ticas. Uma consultoria de comunica\u00e7\u00e3o de DEI bem-sucedida requer adaptabilidade e capacidade de resposta a novas informa\u00e7\u00f5es, mudan\u00e7as sociais e feedback das partes interessadas, garantindo que as estrat\u00e9gias de DEI permane\u00e7am relevantes e eficazes.<\/li>\n<\/ul>\n\n\n\n<h2 class=\"wp-block-heading\">A abordagem SIS para consultoria de comunica\u00e7\u00f5es DEI<\/h2>\n\n\n\n<figure class=\"gb-block-image gb-block-image-b0adb794\"><img loading=\"lazy\" decoding=\"async\" width=\"1456\" height=\"816\" class=\"gb-image gb-image-b0adb794\" src=\"https:\/\/www.sisinternational.com\/wp-content\/uploads\/2025\/10\/DEI-Communications-4.jpg\" alt=\"Pesquisa e Estrat\u00e9gia de Mercado Internacional da SIS\" title=\"DEI Communications (4)\" srcset=\"https:\/\/www.sisinternational.com\/wp-content\/uploads\/2025\/10\/DEI-Communications-4.jpg 1456w, https:\/\/www.sisinternational.com\/wp-content\/uploads\/2025\/10\/DEI-Communications-4-300x168.jpg 300w, https:\/\/www.sisinternational.com\/wp-content\/uploads\/2025\/10\/DEI-Communications-4-1024x574.jpg 1024w, https:\/\/www.sisinternational.com\/wp-content\/uploads\/2025\/10\/DEI-Communications-4-768x430.jpg 768w, https:\/\/www.sisinternational.com\/wp-content\/uploads\/2025\/10\/DEI-Communications-4-18x10.jpg 18w\" sizes=\"auto, (max-width: 1456px) 100vw, 1456px\"><\/figure>\n\n\n\n<p><\/p>\n\n\n\n<p>A abordagem do SIS para consultoria de comunica\u00e7\u00e3o DEI \u00e9 abrangente, estrat\u00e9gica e emp\u00e1tica. A SIS entende que comunica\u00e7\u00f5es eficazes da DEI promovem uma cultura de inclus\u00e3o e respeito.<\/p>\n\n\n\n<ul class=\"wp-block-list\">\n<li><strong>Holistic <\/strong><a href=\"https:\/\/www.sisinternational.com\/pt\/sis-strategy-consulting-2\/\" title=\"SIS Strategy Consulting\u00a0\"  data-wpil-monitor-id=\"8986\">Strategy Development: SIS<\/a> begins with a holistic assessment of an organization&#8217;s current DEI stance, communications practices, and culture. This involves understanding the organization\u2019s DEI goals, the diversity of its workforce, and the needs of its stakeholders. From there, SIS <a href=\"https:\/\/www.sisinternational.com\/pt\/solucoes\/consultoria-estrategica\/consultoria-de-execucao-de-desenvolvimento-de-estrategia\/\" title=\"Consultoria de Desenvolvimento e Execu\u00e7\u00e3o de Estrat\u00e9gia\"  data-wpil-monitor-id=\"8985\">develops a comprehensive DEI communications strategy<\/a> that aligns with the organization&#8217;s overall mission and objectives.<\/li>\n\n\n\n<li><strong>Comunica\u00e7\u00f5es centradas nas partes interessadas:<\/strong> Reconhecendo a import\u00e2ncia de envolver v\u00e1rios grupos de partes interessadas, o SIS d\u00e1 prioridade ao desenvolvimento de planos de comunica\u00e7\u00e3o espec\u00edficos para as partes interessadas. Isso garante que as mensagens sejam repercutidas e acess\u00edveis a todos os p\u00fablicos, incluindo funcion\u00e1rios, clientes, parceiros e a comunidade.<\/li>\n\n\n\n<li><strong>Mensagens aut\u00eanticas e transparentes:<\/strong> O SIS orienta as organiza\u00e7\u00f5es na elabora\u00e7\u00e3o de mensagens DEI aut\u00eanticas e transparentes. Isto envolve destacar realiza\u00e7\u00f5es reais, reconhecer \u00e1reas de melhoria e delinear medidas concretas que a organiza\u00e7\u00e3o est\u00e1 a tomar para avan\u00e7ar nos seus objectivos de DEI. Autenticidade e transpar\u00eancia s\u00e3o fundamentais para construir confian\u00e7a e credibilidade.<\/li>\n\n\n\n<li><strong>Escuta cont\u00ednua e feedback:<\/strong> A abordagem SIS incorpora mecanismos cont\u00ednuos de escuta e feedback das partes interessadas. Este ciclo de feedback permite adaptar as estrat\u00e9gias de comunica\u00e7\u00e3o da DEI com base nas respostas das partes interessadas, garantindo que as comunica\u00e7\u00f5es permane\u00e7am relevantes e impactantes.<\/li>\n\n\n\n<li><strong>Engajamento e treinamento de lideran\u00e7a:<\/strong> O SIS enfatiza o papel cr\u00edtico da lideran\u00e7a nas comunica\u00e7\u00f5es da DEI. Isto inclui formar l\u00edderes em estrat\u00e9gias eficazes de comunica\u00e7\u00e3o e envolvimento da DEI e garantir que a lideran\u00e7a esteja visivelmente comprometida e ativamente envolvida nos esfor\u00e7os da DEI.<\/li>\n\n\n\n<li><strong>Medi\u00e7\u00e3o e Relat\u00f3rios:<\/strong> O SIS estabelece m\u00e9tricas e benchmarks claros para medir a efic\u00e1cia das comunica\u00e7\u00f5es DEI. Isso permite que as organiza\u00e7\u00f5es acompanhem o progresso, relatem os resultados e fa\u00e7am ajustes baseados em dados em suas estrat\u00e9gias de comunica\u00e7\u00e3o de DEI.<\/li>\n\n\n\n<li><strong>Compromisso com a Inclus\u00e3o e Compet\u00eancia Cultural:<\/strong> A SIS demonstra um profundo compromisso com a inclus\u00e3o e a compet\u00eancia cultural. Os consultores trazem uma vasta experi\u00eancia na navega\u00e7\u00e3o por nuances e sensibilidades culturais, garantindo que as comunica\u00e7\u00f5es da DEI sejam respeitosas e inclusivas de diversas perspectivas.<\/li>\n\n\n\n<li><strong>Parceria e Apoio de Longo Prazo:<\/strong> Finalmente, a SIS v\u00ea os seus servi\u00e7os de consultoria como o in\u00edcio de uma parceria de longo prazo. O SIS fornece apoio e orienta\u00e7\u00e3o cont\u00ednuos \u00e0s organiza\u00e7\u00f5es \u00e0 medida que implementam as suas estrat\u00e9gias de comunica\u00e7\u00e3o DEI, adaptam-se a novos desafios e desenvolvem os seus esfor\u00e7os de DEI.<\/li>\n<\/ul>\n\n\n\n<h2 class=\"wp-block-heading\">Oportunidades em consultoria de comunica\u00e7\u00e3o DEI para empresas<\/h2>\n\n\n\n<p>O envolvimento na consultoria de comunica\u00e7\u00e3o da DEI abre m\u00faltiplas oportunidades para as empresas fortalecerem sua cultura organizacional, melhorarem a reputa\u00e7\u00e3o de sua marca e criarem um ambiente mais inclusivo. Aqui est\u00e3o algumas oportunidades importantes que a consultoria de comunica\u00e7\u00e3o DEI oferece \u00e0s empresas:<\/p>\n\n\n\n<ul class=\"wp-block-list\">\n<li><strong>Demonstrando Lideran\u00e7a em DEI:<\/strong> Atrav\u00e9s de comunica\u00e7\u00f5es DEI eficazes, as empresas podem posicionar-se como l\u00edderes em diversidade, equidade e inclus\u00e3o. Essa lideran\u00e7a pode estabelecer um padr\u00e3o em seu setor, influenciando pares e concorrentes a priorizar a DEI em suas opera\u00e7\u00f5es e comunica\u00e7\u00f5es.<\/li>\n\n\n\n<li><strong>Atrair talentos diversos:<\/strong> As empresas podem atrair diversos candidatos articulando claramente o seu compromisso com a DEI. Uma marca DEI forte atrai potenciais funcion\u00e1rios que procuram locais de trabalho inclusivos que valorizem a diversidade e ofere\u00e7am oportunidades equitativas de crescimento e desenvolvimento.<\/li>\n\n\n\n<li><strong>Aumentando o envolvimento dos funcion\u00e1rios:<\/strong> Comunica\u00e7\u00f5es eficazes de DEI podem aumentar significativamente o envolvimento dos funcion\u00e1rios. Os funcion\u00e1rios que veem suas identidades e valores refletidos nos esfor\u00e7os e comunica\u00e7\u00f5es de DEI de sua empresa t\u00eam maior probabilidade de se sentirem valorizados e comprometidos com sua organiza\u00e7\u00e3o.<\/li>\n\n\n\n<li><strong>Construindo confian\u00e7a com investidores:<\/strong> Investors increasingly seek businesses aligning with their values, including a commitment to DEI. By effectively communicating DEI initiatives and successes, businesses can build trust and loyalty with investors, <a href=\"https:\/\/www.sisinternational.com\/pt\/solucoes\/solucoes-de-branding-e-pesquisa-de-clientes\/pesquisa-de-mercado-de-diferenciacao-de-marca\/\" title=\"Pesquisa de mercado de diferencia\u00e7\u00e3o de marca\"  data-wpil-monitor-id=\"8984\">differentiating themselves in the market<\/a>.<\/li>\n\n\n\n<li><strong>Expanding <\/strong><a href=\"https:\/\/www.sisinternational.com\/pt\/publicacoes\/pesquisa-de-mercado-de-negocios-escalaveis-7-maneiras-de-construir-um-negocio-escalavel\/\" title=\"Pesquisa de mercado de neg\u00f3cios escal\u00e1veis: 7 maneiras de construir um neg\u00f3cio escal\u00e1vel\"  data-wpil-monitor-id=\"8980\">Market Reach: Businesses<\/a> that effectively communicate their DEI efforts can appeal to broader, more diverse markets. <a href=\"https:\/\/www.sisinternational.com\/pt\/pericia\/industrias\/pesquisa-de-mercado-de-diversidade-e-inclusao-de-equidade\/\" title=\"Pesquisa de Mercado de Diversidade, Equidade e Inclus\u00e3o\"  data-wpil-monitor-id=\"8982\">Inclusivity in communications ensures that marketing<\/a> messages resonate with a wide range of demographics, expanding the business\u2019s reach and potential customer base.<\/li>\n\n\n\n<li><strong>Melhorando o gerenciamento de riscos:<\/strong> DEI communications consulting helps businesses navigate the complexities of discussing diversity and inclusion topics, reducing the risk of missteps that could lead to reputational damage. Effective <a href=\"https:\/\/www.sisinternational.com\/pt\/solucoes\/consultoria-estrategica\/\" title=\"Consultoria estrat\u00e9gica\"  data-wpil-monitor-id=\"8981\">consulting provides the tools and strategies<\/a> to communicate with sensitivity and awareness, mitigating potential risks.<\/li>\n<\/ul>\n\n\n\n<h2 class=\"wp-block-heading\">Desafios da consultoria de comunica\u00e7\u00e3o DEI para empresas<\/h2>\n\n\n\n<figure class=\"gb-block-image gb-block-image-6aacaf47\"><img loading=\"lazy\" decoding=\"async\" width=\"1456\" height=\"816\" class=\"gb-image gb-image-6aacaf47\" src=\"https:\/\/www.sisinternational.com\/wp-content\/uploads\/2025\/10\/DEI-Communications-1.jpg\" alt=\"Pesquisa e Estrat\u00e9gia de Mercado Internacional da SIS\" title=\"DEI Communications (1)\" srcset=\"https:\/\/www.sisinternational.com\/wp-content\/uploads\/2025\/10\/DEI-Communications-1.jpg 1456w, https:\/\/www.sisinternational.com\/wp-content\/uploads\/2025\/10\/DEI-Communications-1-300x168.jpg 300w, https:\/\/www.sisinternational.com\/wp-content\/uploads\/2025\/10\/DEI-Communications-1-1024x574.jpg 1024w, https:\/\/www.sisinternational.com\/wp-content\/uploads\/2025\/10\/DEI-Communications-1-768x430.jpg 768w, https:\/\/www.sisinternational.com\/wp-content\/uploads\/2025\/10\/DEI-Communications-1-18x10.jpg 18w\" sizes=\"auto, (max-width: 1456px) 100vw, 1456px\"><\/figure>\n\n\n\n<p><\/p>\n\n\n\n<p>Embora a consultoria de comunica\u00e7\u00f5es da DEI ofere\u00e7a oportunidades significativas para as empresas melhorarem os seus esfor\u00e7os de diversidade, equidade e inclus\u00e3o, v\u00e1rios desafios podem surgir. Navegar por esses desafios de forma eficaz garante que as estrat\u00e9gias de comunica\u00e7\u00e3o da DEI sejam aut\u00eanticas, impactantes e contribuam para mudan\u00e7as significativas.<\/p>\n\n\n\n<ul class=\"wp-block-list\">\n<li><strong>Garantindo Autenticidade:<\/strong> Um dos principais desafios \u00e9 garantir que as comunica\u00e7\u00f5es da DEI sejam aut\u00eanticas e reflitam um compromisso e a\u00e7\u00e3o genu\u00ednos. As empresas devem evitar declara\u00e7\u00f5es performativas sem respaldo substantivo, pois podem minar a confian\u00e7a e prejudicar a reputa\u00e7\u00e3o.<\/li>\n\n\n\n<li><strong>Equilibrando apelo amplo com especificidade:<\/strong> Elaborar mensagens que repercutam em um p\u00fablico diversificado e, ao mesmo tempo, abordem quest\u00f5es e objetivos espec\u00edficos de DEI pode ser complexo. As empresas devem equilibrar o apelo amplo e o reconhecimento das experi\u00eancias e necessidades \u00fanicas dos diferentes grupos.<\/li>\n\n\n\n<li><strong>Superando a resist\u00eancia interna:<\/strong> Iniciar e manter esfor\u00e7os de DEI, incluindo comunica\u00e7\u00f5es, pode por vezes encontrar resist\u00eancia organizacional. Superar o ceticismo ou a resist\u00eancia requer compromisso da lideran\u00e7a, educa\u00e7\u00e3o e demonstra\u00e7\u00e3o do valor da DEI a todas as partes interessadas.<\/li>\n\n\n\n<li><strong>Acompanhando o ritmo das conversas em evolu\u00e7\u00e3o:<\/strong> O discurso em torno do DEI \u00e9 din\u00e2mico, com a compreens\u00e3o social e a linguagem evoluindo rapidamente. As empresas devem manter-se informadas e adapt\u00e1veis para garantir que as suas comunica\u00e7\u00f5es DEI permane\u00e7am relevantes e respeitosas.<\/li>\n\n\n\n<li><strong>Medindo o impacto:<\/strong> Quantificar o impacto dos esfor\u00e7os de comunica\u00e7\u00e3o da DEI pode ser um desafio. As empresas precisam desenvolver m\u00e9tricas e m\u00e9todos claros para avaliar a efic\u00e1cia das suas comunica\u00e7\u00f5es no cumprimento das metas de DEI e fazer os ajustes necess\u00e1rios.<\/li>\n\n\n\n<li><strong>Sensibilidades de navega\u00e7\u00e3o:<\/strong> Os t\u00f3picos de DEI podem ser delicados e erros na comunica\u00e7\u00e3o podem levar a mal-entendidos ou rea\u00e7\u00f5es adversas. \u00c9 essencial garantir que as comunica\u00e7\u00f5es sejam ponderadas, bem informadas e que considerem as diversas perspectivas.<\/li>\n<\/ul>\n\n\n\n<p><\/p>","protected":false},"excerpt":{"rendered":"<p>A consultoria de comunica\u00e7\u00e3o da DEI orienta as organiza\u00e7\u00f5es de forma eficaz em suas iniciativas e compromissos de diversidade, equidade e inclus\u00e3o.<\/p>","protected":false},"author":1,"featured_media":71936,"parent":14514,"menu_order":416,"comment_status":"closed","ping_status":"closed","template":"","meta":{"footnotes":""},"class_list":["post-46616","page","type-page","status-publish","has-post-thumbnail"],"_links":{"self":[{"href":"https:\/\/www.sisinternational.com\/pt\/wp-json\/wp\/v2\/pages\/46616","targetHints":{"allow":["GET"]}}],"collection":[{"href":"https:\/\/www.sisinternational.com\/pt\/wp-json\/wp\/v2\/pages"}],"about":[{"href":"https:\/\/www.sisinternational.com\/pt\/wp-json\/wp\/v2\/types\/page"}],"author":[{"embeddable":true,"href":"https:\/\/www.sisinternational.com\/pt\/wp-json\/wp\/v2\/users\/1"}],"replies":[{"embeddable":true,"href":"https:\/\/www.sisinternational.com\/pt\/wp-json\/wp\/v2\/comments?post=46616"}],"version-history":[{"count":7,"href":"https:\/\/www.sisinternational.com\/pt\/wp-json\/wp\/v2\/pages\/46616\/revisions"}],"predecessor-version":[{"id":81506,"href":"https:\/\/www.sisinternational.com\/pt\/wp-json\/wp\/v2\/pages\/46616\/revisions\/81506"}],"up":[{"embeddable":true,"href":"https:\/\/www.sisinternational.com\/pt\/wp-json\/wp\/v2\/pages\/14514"}],"wp:featuredmedia":[{"embeddable":true,"href":"https:\/\/www.sisinternational.com\/pt\/wp-json\/wp\/v2\/media\/71936"}],"wp:attachment":[{"href":"https:\/\/www.sisinternational.com\/pt\/wp-json\/wp\/v2\/media?parent=46616"}],"curies":[{"name":"wp","href":"https:\/\/api.w.org\/{rel}","templated":true}]}}