{"id":46613,"date":"2024-03-01T11:50:07","date_gmt":"2024-03-01T16:50:07","guid":{"rendered":"https:\/\/www.sisinternational.com\/?page_id=46613"},"modified":"2025-10-23T00:07:55","modified_gmt":"2025-10-23T04:07:55","slug":"consultoria-em-comunicacao-de-sustentabilidade","status":"publish","type":"page","link":"https:\/\/www.sisinternational.com\/pt\/solucoes\/consultoria-estrategica\/consultoria-em-comunicacao-de-sustentabilidade\/","title":{"rendered":"Consultoria em Comunica\u00e7\u00e3o de Sustentabilidade"},"content":{"rendered":"<h1 class=\"wp-block-heading\">Consultoria em Comunica\u00e7\u00e3o de Sustentabilidade<\/h1>\n\n\n\n<figure class=\"gb-block-image gb-block-image-8e8b7825\"><img loading=\"lazy\" decoding=\"async\" width=\"1456\" height=\"816\" class=\"gb-image gb-image-8e8b7825\" src=\"https:\/\/www.sisinternational.com\/wp-content\/uploads\/2025\/08\/Sustainability-3-1.jpg\" alt=\"Pesquisa e Estrat\u00e9gia de Mercado Internacional da SIS\" title=\"Sustainability (3)\" srcset=\"https:\/\/www.sisinternational.com\/wp-content\/uploads\/2025\/08\/Sustainability-3-1.jpg 1456w, https:\/\/www.sisinternational.com\/wp-content\/uploads\/2025\/08\/Sustainability-3-1-300x168.jpg 300w, https:\/\/www.sisinternational.com\/wp-content\/uploads\/2025\/08\/Sustainability-3-1-1024x574.jpg 1024w, https:\/\/www.sisinternational.com\/wp-content\/uploads\/2025\/08\/Sustainability-3-1-768x430.jpg 768w, https:\/\/www.sisinternational.com\/wp-content\/uploads\/2025\/08\/Sustainability-3-1-18x10.jpg 18w\" sizes=\"auto, (max-width: 1456px) 100vw, 1456px\"><\/figure>\n\n\n\n<p><\/p>\n\n\n\n<p>A sua empresa est\u00e1 comunicando efetivamente seu compromisso com a sustentabilidade? A consultoria em comunica\u00e7\u00e3o de sustentabilidade surge como um aliado crucial para as empresas que pretendem navegar neste cen\u00e1rio complexo \u2013 e atrav\u00e9s de orienta\u00e7\u00e3o especializada, as empresas podem alinhar as suas narrativas de sustentabilidade com as suas a\u00e7\u00f5es, garantindo que a sua mensagem chega ao p\u00fablico-alvo, promovendo a confian\u00e7a e a lealdade num mundo cada vez mais ecol\u00f3gico. mercado consciente.<\/p>\n\n\n\n<h2 class=\"wp-block-heading\">O que \u00e9 consultoria de comunica\u00e7\u00e3o de sustentabilidade?<\/h2>\n\n\n\n<p>A consultoria em comunica\u00e7\u00f5es de sustentabilidade auxilia as empresas a comunicar de forma eficaz suas iniciativas, metas e conquistas de sustentabilidade ao seu p\u00fablico-alvo. Esta consultoria combina ci\u00eancia ambiental, rela\u00e7\u00f5es p\u00fablicas e experi\u00eancia em marketing para criar narrativas atraentes que destacam o compromisso de uma empresa com pr\u00e1ticas sustent\u00e1veis.<\/p>\n\n\n\n<p>Os consultores nesta \u00e1rea trabalham em estreita colabora\u00e7\u00e3o com as empresas para identificar as principais conquistas de sustentabilidade e objetivos futuros, desenvolvendo uma estrat\u00e9gia de comunica\u00e7\u00e3o que transmita eficazmente estes elementos ao p\u00fablico. O processo inclui a elabora\u00e7\u00e3o de mensagens para diversas plataformas, desde relat\u00f3rios anuais de sustentabilidade at\u00e9 campanhas nas redes sociais, todas destinadas a melhorar a reputa\u00e7\u00e3o da empresa como l\u00edder em sustentabilidade.<\/p>\n\n\n\n<h2 class=\"wp-block-heading\">Por que as empresas precisam de consultoria em comunica\u00e7\u00f5es de sustentabilidade?<\/h2>\n\n\n\n<p>Os consumidores est\u00e3o cada vez mais inclinados a apoiar empresas que se comprometem com pr\u00e1ticas sustent\u00e1veis e tamb\u00e9m a comunicar esses esfor\u00e7os de forma transparente. Assim, a consultoria em comunica\u00e7\u00f5es de sustentabilidade permite que as empresas atendam a essas expectativas, desenvolvendo mensagens claras e aut\u00eanticas que repercutam nos consumidores ecologicamente conscientes.<\/p>\n\n\n\n<p>Em segundo lugar, o panorama regulamentar est\u00e1 a evoluir rapidamente, com mais governos e organismos internacionais a implementar requisitos rigorosos de relat\u00f3rios de sustentabilidade. Navegar neste complexo ambiente regulat\u00f3rio exige uma abordagem estrat\u00e9gica \u00e0s comunica\u00e7\u00f5es de sustentabilidade, garantindo que as empresas cumpram estes regulamentos e os aproveitem para melhorar o seu posicionamento no mercado.<\/p>\n\n\n\n<p>Al\u00e9m disso, a consultoria em comunica\u00e7\u00f5es de sustentabilidade \u00e9 vital para mitigar os riscos associados ao greenwashing. \u00c0 medida que os consumidores se tornam mais informados sobre as quest\u00f5es ambientais, tamb\u00e9m se tornam mais c\u00e9pticos em rela\u00e7\u00e3o a alega\u00e7\u00f5es infundadas. As empresas precisam de orienta\u00e7\u00e3o especializada para garantir que as suas comunica\u00e7\u00f5es de sustentabilidade estejam enraizadas em a\u00e7\u00f5es genu\u00ednas e impactantes, construindo confian\u00e7a e credibilidade junto do seu p\u00fablico.<\/p>\n\n\n\n<h2 class=\"wp-block-heading\">Quais s\u00e3o os benef\u00edcios da consultoria em comunica\u00e7\u00f5es de sustentabilidade?<\/h2>\n\n\n\n<figure class=\"gb-block-image gb-block-image-f1be4083\"><img loading=\"lazy\" decoding=\"async\" width=\"1456\" height=\"816\" class=\"gb-image gb-image-f1be4083\" src=\"https:\/\/www.sisinternational.com\/wp-content\/uploads\/2025\/08\/Sustainability-5.jpg\" alt=\"Pesquisa e Estrat\u00e9gia de Mercado Internacional da SIS\" title=\"Sustainability (5)\" srcset=\"https:\/\/www.sisinternational.com\/wp-content\/uploads\/2025\/08\/Sustainability-5.jpg 1456w, https:\/\/www.sisinternational.com\/wp-content\/uploads\/2025\/08\/Sustainability-5-300x168.jpg 300w, https:\/\/www.sisinternational.com\/wp-content\/uploads\/2025\/08\/Sustainability-5-1024x574.jpg 1024w, https:\/\/www.sisinternational.com\/wp-content\/uploads\/2025\/08\/Sustainability-5-768x430.jpg 768w, https:\/\/www.sisinternational.com\/wp-content\/uploads\/2025\/08\/Sustainability-5-18x10.jpg 18w\" sizes=\"auto, (max-width: 1456px) 100vw, 1456px\"><\/figure>\n\n\n\n<p><\/p>\n\n\n\n<p>Investir em consultoria de comunica\u00e7\u00e3o de sustentabilidade oferece muitos benef\u00edcios para as empresas que pretendem melhorar a sua gest\u00e3o ambiental e imagem p\u00fablica. Esta consultoria especializada proporciona um enquadramento estrat\u00e9gico para uma comunica\u00e7\u00e3o eficaz e promove uma integra\u00e7\u00e3o mais profunda da sustentabilidade nas opera\u00e7\u00f5es principais da empresa. Aqui est\u00e3o os principais benef\u00edcios:<\/p>\n\n\n\n<ul class=\"wp-block-list\">\n<li><strong>Maior credibilidade e confian\u00e7a:<\/strong> A consultoria profissional em comunica\u00e7\u00f5es de sustentabilidade ajuda as empresas a comunicar suas iniciativas ambientais de forma transparente, aut\u00eantica e verific\u00e1vel. Essa transpar\u00eancia \u00e9 essencial para construir e manter a confian\u00e7a com consumidores, investidores e outras partes interessadas que est\u00e3o cada vez mais examinando as alega\u00e7\u00f5es ambientais das empresas.<\/li>\n\n\n\n<li><strong>Maior fidelidade \u00e0 marca:<\/strong> As empresas podem aprofundar a sua liga\u00e7\u00e3o com consumidores ecologicamente conscientes, comunicando um compromisso genu\u00edno com a sustentabilidade. Este alinhamento de valores pode aumentar a fidelidade \u00e0 marca, uma vez que os clientes s\u00e3o mais propensos a apoiar e defender marcas que reflitam o seu compromisso ambiental.<\/li>\n\n\n\n<li><strong>Vantagem competitiva:<\/strong> Uma narrativa de sustentabilidade bem articulada pode ser um diferencial significativo no mercado. As empresas que conseguem comunicar de forma convincente as suas conquistas e objetivos de sustentabilidade podem ganhar uma vantagem competitiva, atraindo clientes e parceiros que d\u00e3o prioridade \u00e0 responsabilidade ambiental.<\/li>\n\n\n\n<li><strong>Mitiga\u00e7\u00e3o de riscos:<\/strong> A consultoria em comunica\u00e7\u00f5es de sustentabilidade \u00e9 crucial para mitigar os riscos associados ao greenwashing. Ao garantir que as comunica\u00e7\u00f5es sejam baseadas em pr\u00e1ticas e conquistas reais de sustentabilidade, as empresas podem evitar a potencial rea\u00e7\u00e3o negativa e danos \u00e0 reputa\u00e7\u00e3o que v\u00eam com alega\u00e7\u00f5es ambientais infundadas.<\/li>\n\n\n\n<li><strong>Conformidade Regulat\u00f3ria e Oportunidade:<\/strong> Com o ambiente regulamentar em torno dos relat\u00f3rios de sustentabilidade a tornar-se mais rigoroso, uma consultoria de comunica\u00e7\u00e3o eficaz pode ajudar as empresas a cumprir estes regulamentos e a utiliz\u00e1-los para demonstrar a sua lideran\u00e7a ambiental.<\/li>\n\n\n\n<li><strong>Engajamento e recrutamento de funcion\u00e1rios:<\/strong> Uma narrativa de sustentabilidade clara e convincente pode melhorar a cultura interna da empresa. Pode envolver os funcion\u00e1rios atuais e atrair novos talentos, demonstrando o compromisso da empresa com valores que repercutem num n\u00famero crescente de indiv\u00edduos que procuram um prop\u00f3sito no seu trabalho.<\/li>\n<\/ul>\n\n\n\n<h2 class=\"wp-block-heading\">Quando conduzir consultoria de comunica\u00e7\u00e3o de sustentabilidade<\/h2>\n\n\n\n<p>Identificar o momento ideal para se envolver em consultoria de comunica\u00e7\u00e3o de sustentabilidade pode melhorar significativamente a efic\u00e1cia das iniciativas de sustentabilidade de uma empresa e a percep\u00e7\u00e3o do p\u00fablico. Aqui est\u00e3o os principais casos em que as empresas devem considerar a realiza\u00e7\u00e3o de consultoria em comunica\u00e7\u00f5es de sustentabilidade:<\/p>\n\n\n\n<ul class=\"wp-block-list\">\n<li><strong>Lan\u00e7amento de novas iniciativas de sustentabilidade:<\/strong> Quando uma empresa est\u00e1 prestes a lan\u00e7ar novas iniciativas ou programas de sustentabilidade, a consultoria pode ajudar a elaborar a narrativa e a estrat\u00e9gia de comunica\u00e7\u00e3o em torno desses esfor\u00e7os. Isto \u00e9 crucial para garantir que a mensagem seja clara, envolvente e transmita eficazmente a import\u00e2ncia e o impacto da iniciativa ao p\u00fablico-alvo.<\/li>\n\n\n\n<li><strong>Antes das mudan\u00e7as regulat\u00f3rias:<\/strong> Anticipating or responding to new environmental regulations is another critical moment for sustainability communications consulting. <a href=\"https:\/\/www.sisinternational.com\/pt\/pericia\/industrias\/dei-consultoria-de-comunicacao\/\" title=\"Consultoria de Comunica\u00e7\u00e3o DEI\"  data-wpil-monitor-id=\"5031\">Consultants can assist in adjusting the communications<\/a> strategy to address these changes, ensuring that the company not only complies with new regulations but also leverages these changes as an opportunity to demonstrate leadership in sustainability.<\/li>\n\n\n\n<li><strong>Em resposta \u00e0 crise ou publicidade negativa:<\/strong> Na sequ\u00eancia de uma crise ou de publicidade negativa relacionada com quest\u00f5es ambientais, a consultoria em comunica\u00e7\u00f5es de sustentabilidade pode ajudar uma empresa a navegar pela situa\u00e7\u00e3o. Os consultores orientam sobre como abordar as preocupa\u00e7\u00f5es do p\u00fablico, reparar danos \u00e0 imagem da empresa e restabelecer a confian\u00e7a por meio de uma comunica\u00e7\u00e3o transparente e eficaz.<\/li>\n\n\n\n<li><strong>Para melhorar o envolvimento das partes interessadas:<\/strong> Quando uma empresa busca melhorar o engajamento com as partes interessadas em quest\u00f5es de sustentabilidade, sejam investidores, clientes ou a comunidade, a consultoria pode identificar e implementar estrat\u00e9gias para comunicar melhor os esfor\u00e7os e conquistas da empresa, promovendo relacionamentos mais fortes.<\/li>\n<\/ul>\n\n\n\n<h2 class=\"wp-block-heading\">Resultados esperados da nossa consultoria em comunica\u00e7\u00f5es de sustentabilidade<\/h2>\n\n\n\n<figure class=\"gb-block-image gb-block-image-ba95a258\"><img loading=\"lazy\" decoding=\"async\" width=\"1456\" height=\"816\" class=\"gb-image gb-image-ba95a258\" src=\"https:\/\/www.sisinternational.com\/wp-content\/uploads\/2025\/08\/Sustainability-1.jpg\" alt=\"Pesquisa e Estrat\u00e9gia de Mercado Internacional da SIS\" title=\"Sustainability (1)\" srcset=\"https:\/\/www.sisinternational.com\/wp-content\/uploads\/2025\/08\/Sustainability-1.jpg 1456w, https:\/\/www.sisinternational.com\/wp-content\/uploads\/2025\/08\/Sustainability-1-300x168.jpg 300w, https:\/\/www.sisinternational.com\/wp-content\/uploads\/2025\/08\/Sustainability-1-1024x574.jpg 1024w, https:\/\/www.sisinternational.com\/wp-content\/uploads\/2025\/08\/Sustainability-1-768x430.jpg 768w, https:\/\/www.sisinternational.com\/wp-content\/uploads\/2025\/08\/Sustainability-1-18x10.jpg 18w\" sizes=\"auto, (max-width: 1456px) 100vw, 1456px\"><\/figure>\n\n\n\n<p>Engajar-se em consultoria de comunica\u00e7\u00f5es de sustentabilidade \u00e9 um investimento estrat\u00e9gico que pode beneficiar empresas comprometidas com a responsabilidade ambiental e social. Ao fazer parcerias com especialistas neste campo, as empresas podem antecipar resultados positivos que melhoram sua narrativa de sustentabilidade e fortalecem sua marca e posi\u00e7\u00e3o de mercado.<\/p>\n\n\n\n<ul class=\"wp-block-list\">\n<li><strong>Mensagens de sustentabilidade claras e convincentes:<\/strong> Um dos principais resultados \u00e9 o desenvolvimento de mensagens claras, convincentes e consistentes que reflitam com precis\u00e3o os esfor\u00e7os de sustentabilidade da empresa. Isto garante que todas as comunica\u00e7\u00f5es, desde materiais de marketing at\u00e9 relat\u00f3rios de sustentabilidade, transmitem os compromissos e realiza\u00e7\u00f5es ambientais da empresa de uma forma que repercuta nas partes interessadas.<\/li>\n\n\n\n<li><strong>Reputa\u00e7\u00e3o e confian\u00e7a aprimoradas da marca:<\/strong> A consultoria eficaz em comunica\u00e7\u00f5es de sustentabilidade ajuda a construir e manter uma forte reputa\u00e7\u00e3o de marca. Ao comunicar iniciativas de sustentabilidade de forma transparente e aut\u00eantica, as empresas podem promover a confian\u00e7a entre consumidores, investidores e o p\u00fablico em geral, posicionando-se como l\u00edderes em responsabilidade corporativa.<\/li>\n\n\n\n<li><strong>Maior envolvimento das partes interessadas:<\/strong> Com uma estrat\u00e9gia de comunica\u00e7\u00e3o refinada, as empresas podem esperar um maior envolvimento de diversas partes interessadas, incluindo clientes, funcion\u00e1rios, investidores e membros da comunidade. Contar hist\u00f3rias e mensagens eficazes incentivam as partes interessadas a apoiar as iniciativas de sustentabilidade da empresa, a participar em di\u00e1logos e a contribuir para os objetivos de sustentabilidade da empresa.<\/li>\n\n\n\n<li><strong>Conformidade e Mitiga\u00e7\u00e3o de Riscos:<\/strong> Nossos servi\u00e7os de consultoria auxiliam as empresas a navegar no complexo cen\u00e1rio de relat\u00f3rios de sustentabilidade e conformidade regulat\u00f3ria, reduzindo o risco de n\u00e3o conformidade e danos reputacionais associados. Isso inclui orienta\u00e7\u00e3o sobre a ades\u00e3o a padr\u00f5es e estruturas internacionais para relat\u00f3rios de sustentabilidade e garantia de que as comunica\u00e7\u00f5es sejam compat\u00edveis e estrategicamente posicionadas.<\/li>\n\n\n\n<li><strong>Inova\u00e7\u00e3o e oportunidades de mercado:<\/strong> A consultoria em comunica\u00e7\u00f5es de sustentabilidade pode estimular a inova\u00e7\u00e3o e descobrir novas oportunidades de mercado. Ao comunicar eficazmente as conquistas e objetivos de sustentabilidade, as empresas podem atrair o interesse de potenciais parceiros, colaboradores e inovadores, abrindo caminhos para novos produtos, servi\u00e7os e modelos de neg\u00f3cios centrados na sustentabilidade.<\/li>\n<\/ul>\n\n\n\n<h2 class=\"wp-block-heading\">Oportunidades em consultoria de comunica\u00e7\u00e3o de sustentabilidade para empresas<\/h2>\n\n\n\n<p>O envolvimento com consultoria em comunica\u00e7\u00f5es de sustentabilidade abre uma riqueza de oportunidades para as empresas melhorarem sua reputa\u00e7\u00e3o, se envolverem com as partes interessadas de forma mais eficaz e impulsionarem sua agenda de sustentabilidade \u2013 e aqui est\u00e3o algumas das principais oportunidades que a consultoria em comunica\u00e7\u00f5es de sustentabilidade oferece \u00e0s empresas:<\/p>\n\n\n\n<ul class=\"wp-block-list\">\n<li><strong>Fortalecendo o valor e a reputa\u00e7\u00e3o da marca:<\/strong> As empresas podem melhorar significativamente a reputa\u00e7\u00e3o de sua marca comunicando efetivamente os esfor\u00e7os de sustentabilidade. Essa percep\u00e7\u00e3o melhorada pode aumentar a fidelidade do cliente, atraindo consumidores que priorizam a sustentabilidade em suas decis\u00f5es de compra.<\/li>\n\n\n\n<li><strong>Atrair Investimento:<\/strong> A comunica\u00e7\u00e3o clara e cred\u00edvel de iniciativas e realiza\u00e7\u00f5es de sustentabilidade pode atrair a aten\u00e7\u00e3o de investidores que procuram cada vez mais financiar empresas com fortes credenciais ambientais, sociais e de governa\u00e7\u00e3o (ESG). Isto pode abrir novas vias de financiamento e apoiar o crescimento das empresas.<\/li>\n\n\n\n<li><strong>Impulsionando o envolvimento dos funcion\u00e1rios e a atra\u00e7\u00e3o de talentos:<\/strong> Uma narrativa forte de sustentabilidade que seja comunicada efetivamente pode aumentar o moral dos funcion\u00e1rios e atrair os melhores talentos. As pessoas querem trabalhar para empresas que reflitam seus valores, e a sustentabilidade \u00e9 uma considera\u00e7\u00e3o cada vez mais importante para quem procura emprego.<\/li>\n\n\n\n<li><strong>Melhorando o envolvimento do cliente:<\/strong> A consultoria em comunica\u00e7\u00f5es de sustentabilidade pode ajudar as empresas a interagir com seus clientes de forma mais significativa. Ao partilhar hist\u00f3rias de iniciativas de sustentabilidade e convidar a participa\u00e7\u00e3o dos clientes, as empresas podem construir comunidades mais fortes e mais envolvidas em torno das suas marcas.<\/li>\n\n\n\n<li><strong>Identificando oportunidades de mercado:<\/strong> Os consultores podem fornecer insights sobre tend\u00eancias emergentes de sustentabilidade e expectativas dos clientes, ajudando as empresas a identificar novas oportunidades de mercado. Isto poderia envolver o desenvolvimento de novos produtos, a entrada em novos mercados ou a inova\u00e7\u00e3o das ofertas existentes para satisfazer a crescente procura de op\u00e7\u00f5es sustent\u00e1veis.<\/li>\n<\/ul>\n\n\n\n<h2 class=\"wp-block-heading\">O que diferencia a SIS Sustainability Communications Consulting?<\/h2>\n\n\n\n<figure class=\"gb-block-image gb-block-image-4dc86155\"><img loading=\"lazy\" decoding=\"async\" width=\"1456\" height=\"816\" class=\"gb-image gb-image-4dc86155\" src=\"https:\/\/www.sisinternational.com\/wp-content\/uploads\/2025\/08\/Sustainability-7.jpg\" alt=\"Pesquisa e Estrat\u00e9gia de Mercado Internacional da SIS\" title=\"Sustainability (7)\" srcset=\"https:\/\/www.sisinternational.com\/wp-content\/uploads\/2025\/08\/Sustainability-7.jpg 1456w, https:\/\/www.sisinternational.com\/wp-content\/uploads\/2025\/08\/Sustainability-7-300x168.jpg 300w, https:\/\/www.sisinternational.com\/wp-content\/uploads\/2025\/08\/Sustainability-7-1024x574.jpg 1024w, https:\/\/www.sisinternational.com\/wp-content\/uploads\/2025\/08\/Sustainability-7-768x430.jpg 768w, https:\/\/www.sisinternational.com\/wp-content\/uploads\/2025\/08\/Sustainability-7-18x10.jpg 18w\" sizes=\"auto, (max-width: 1456px) 100vw, 1456px\"><\/figure>\n\n\n\n<p><\/p>\n\n\n\n<p><a class=\"wpil_keyword_link\" href=\"https:\/\/www.sisinternational.com\/pt\/entre-em-contato-com-a-sis-international-market-research\/\"   title=\"Contate-nos\" data-wpil-keyword-link=\"linked\"  data-wpil-monitor-id=\"600\">A SIS International Research<\/a> stands out in sustainability communications consulting due to its unique approach that combines strategic insight, deep sustainability expertise, and a commitment to authentic storytelling. Here\u2019s what sets SIS\u2019s sustainability communications consulting services apart:<\/p>\n\n\n\n<ul class=\"wp-block-list\">\n<li><strong>Quadros Estrat\u00e9gicos Personalizados:<\/strong> A SIS reconhece que a jornada de sustentabilidade de cada empresa \u00e9 \u00fanica. Como tal, a SIS desenvolve estrat\u00e9gias de comunica\u00e7\u00e3o personalizadas que se alinham com os objetivos, valores e desafios espec\u00edficos de cada cliente. Esta abordagem personalizada garante que as comunica\u00e7\u00f5es sobre sustentabilidade sejam eficazes e repercutam profundamente nos p\u00fablicos-alvo.<\/li>\n\n\n\n<li><strong>Profunda experi\u00eancia em sustentabilidade:<\/strong> Com uma equipe de especialistas especializados em diversos aspectos da sustentabilidade, a SIS traz um vasto conhecimento para seus servi\u00e7os de consultoria. Esta experi\u00eancia permite \u00e0 SIS fornecer orienta\u00e7\u00e3o informada sobre as melhores pr\u00e1ticas, tend\u00eancias emergentes e requisitos regulamentares, garantindo que as comunica\u00e7\u00f5es de sustentabilidade dos clientes sejam cred\u00edveis e viradas para o futuro.<\/li>\n\n\n\n<li><strong>Narrativa aut\u00eantica:<\/strong> O compromisso com a narrativa aut\u00eantica est\u00e1 no centro da abordagem do SIS. O SIS ajuda as empresas a articular as suas narrativas de sustentabilidade de forma genu\u00edna e transparente, promovendo a confian\u00e7a e a credibilidade junto das partes interessadas. Isto envolve destacar conquistas reais, reconhecer desafios e apresentar esfor\u00e7os de melhoria cont\u00ednua.<\/li>\n\n\n\n<li><strong>Envolvimento abrangente das partes interessadas:<\/strong> Compreendendo a import\u00e2ncia das perspectivas das partes interessadas, o SIS emprega estrat\u00e9gias de envolvimento abrangentes para recolher conhecimentos de v\u00e1rias partes interessadas. Esta abordagem inclusiva garante que as comunica\u00e7\u00f5es sobre sustentabilidade abordam as preocupa\u00e7\u00f5es e interesses de todos os grupos de partes interessadas, aumentando o impacto e o alcance da mensagem.<\/li>\n\n\n\n<li><strong>Solu\u00e7\u00f5es de comunica\u00e7\u00e3o inovadoras:<\/strong> A SIS aproveita as mais recentes tecnologias e plataformas de comunica\u00e7\u00e3o para amplificar as mensagens de sustentabilidade dos clientes. Da m\u00eddia digital aos relat\u00f3rios interativos, o SIS emprega solu\u00e7\u00f5es inovadoras para envolver o p\u00fablico, tornando as iniciativas de sustentabilidade mais acess\u00edveis e atraentes.<\/li>\n\n\n\n<li><strong>Gest\u00e3o de Risco e Conformidade:<\/strong> O SIS fornece orienta\u00e7\u00e3o especializada sobre como lidar com os riscos associados ao greenwashing e garante que as comunica\u00e7\u00f5es de sustentabilidade dos clientes cumpram os padr\u00f5es e regulamentos internacionais. Este foco na gest\u00e3o de riscos protege os clientes de potenciais rea\u00e7\u00f5es adversas e refor\u00e7a a sua reputa\u00e7\u00e3o como l\u00edderes em sustentabilidade.<\/li>\n\n\n\n<li><strong>Suporte e medi\u00e7\u00e3o cont\u00ednuos:<\/strong> Reconhecendo que a sustentabilidade e as expectativas das partes interessadas evoluem, a SIS oferece apoio cont\u00ednuo e servi\u00e7os de medi\u00e7\u00e3o para avaliar a efic\u00e1cia das estrat\u00e9gias de comunica\u00e7\u00e3o. Isto permite a melhoria cont\u00ednua, garantindo que as comunica\u00e7\u00f5es de sustentabilidade permane\u00e7am relevantes e impactantes ao longo do tempo.<\/li>\n<\/ul>\n\n\n\n<h2 class=\"wp-block-heading\"><strong>Sobre SIS Internacional<\/strong><\/h2>\n\n\n\n<p><a href=\"https:\/\/www.sisinternational.com\/pt\/\"><span style=\"font-weight: 400;\">SIS Internacional<\/span><\/a><span style=\"font-weight: 400;\"> oferece pesquisa quantitativa, qualitativa e estrat\u00e9gica. Fornecemos dados, ferramentas, estrat\u00e9gias, relat\u00f3rios e insights para a tomada de decis\u00f5es. Tamb\u00e9m realizamos entrevistas, pesquisas, grupos focais e outros m\u00e9todos e abordagens de Pesquisa de Mercado.<\/span><a href=\"https:\/\/www.sisinternational.com\/pt\/sobre-a-sis-international-research\/contact-sis-international-market-research\/\"><span style=\"font-weight: 400;\"> Entre em contato conosco<\/span><\/a><span style=\"font-weight: 400;\"> para o seu pr\u00f3ximo projeto de pesquisa de mercado.<\/span><\/p>\n\n\n\n<p><\/p>","protected":false},"excerpt":{"rendered":"<p>A consultoria em comunica\u00e7\u00f5es de sustentabilidade ajuda as empresas a comunicar os esfor\u00e7os de sustentabilidade aos seus p\u00fablicos-alvo.<\/p>","protected":false},"author":1,"featured_media":62757,"parent":14567,"menu_order":43,"comment_status":"closed","ping_status":"closed","template":"","meta":{"footnotes":""},"class_list":["post-46613","page","type-page","status-publish","has-post-thumbnail"],"_links":{"self":[{"href":"https:\/\/www.sisinternational.com\/pt\/wp-json\/wp\/v2\/pages\/46613","targetHints":{"allow":["GET"]}}],"collection":[{"href":"https:\/\/www.sisinternational.com\/pt\/wp-json\/wp\/v2\/pages"}],"about":[{"href":"https:\/\/www.sisinternational.com\/pt\/wp-json\/wp\/v2\/types\/page"}],"author":[{"embeddable":true,"href":"https:\/\/www.sisinternational.com\/pt\/wp-json\/wp\/v2\/users\/1"}],"replies":[{"embeddable":true,"href":"https:\/\/www.sisinternational.com\/pt\/wp-json\/wp\/v2\/comments?post=46613"}],"version-history":[{"count":10,"href":"https:\/\/www.sisinternational.com\/pt\/wp-json\/wp\/v2\/pages\/46613\/revisions"}],"predecessor-version":[{"id":78938,"href":"https:\/\/www.sisinternational.com\/pt\/wp-json\/wp\/v2\/pages\/46613\/revisions\/78938"}],"up":[{"embeddable":true,"href":"https:\/\/www.sisinternational.com\/pt\/wp-json\/wp\/v2\/pages\/14567"}],"wp:featuredmedia":[{"embeddable":true,"href":"https:\/\/www.sisinternational.com\/pt\/wp-json\/wp\/v2\/media\/62757"}],"wp:attachment":[{"href":"https:\/\/www.sisinternational.com\/pt\/wp-json\/wp\/v2\/media?parent=46613"}],"curies":[{"name":"wp","href":"https:\/\/api.w.org\/{rel}","templated":true}]}}