{"id":46581,"date":"2024-02-28T18:07:51","date_gmt":"2024-02-28T23:07:51","guid":{"rendered":"https:\/\/www.sisinternational.com\/?page_id=46581"},"modified":"2026-01-22T22:26:58","modified_gmt":"2026-01-23T03:26:58","slug":"pesquisa-de-mercado-para-deficientes","status":"publish","type":"page","link":"https:\/\/www.sisinternational.com\/pt\/pericia\/pesquisa-de-mercado-para-deficientes\/","title":{"rendered":"Disability Market Consulting"},"content":{"rendered":"<h1 class=\"wp-block-heading\">Disability Market Consulting<\/h1>\n\n\n\n<figure class=\"gb-block-image gb-block-image-cc154134\"><img loading=\"lazy\" decoding=\"async\" width=\"1456\" height=\"816\" class=\"gb-image gb-image-cc154134\" src=\"https:\/\/www.sisinternational.com\/wp-content\/uploads\/2025\/10\/Disability-2.jpg\" alt=\"Pesquisa e Estrat\u00e9gia de Mercado Internacional da SIS\" title=\"Disability (2)\" srcset=\"https:\/\/www.sisinternational.com\/wp-content\/uploads\/2025\/10\/Disability-2.jpg 1456w, https:\/\/www.sisinternational.com\/wp-content\/uploads\/2025\/10\/Disability-2-300x168.jpg 300w, https:\/\/www.sisinternational.com\/wp-content\/uploads\/2025\/10\/Disability-2-1024x574.jpg 1024w, https:\/\/www.sisinternational.com\/wp-content\/uploads\/2025\/10\/Disability-2-768x430.jpg 768w, https:\/\/www.sisinternational.com\/wp-content\/uploads\/2025\/10\/Disability-2-18x10.jpg 18w\" sizes=\"auto, (max-width: 1456px) 100vw, 1456px\"><\/figure>\n\n\n\n<p><\/p>\n\n\n\n<p>Na economia global de hoje, compreender e satisfazer as necessidades de todos os consumidores, incluindo aqueles com defici\u00eancia, n\u00e3o \u00e9 apenas um imperativo \u00e9tico, mas tamb\u00e9m uma oportunidade estrat\u00e9gica de neg\u00f3cio. O mercado da defici\u00eancia representa um segmento vasto, mas muitas vezes esquecido, com poder de compra significativo e necessidades espec\u00edficas que podem impulsionar a inova\u00e7\u00e3o, a inclus\u00e3o e o sucesso empresarial.<\/p>\n\n\n\n<h2 class=\"wp-block-heading\">Compreendendo a pesquisa de mercado para deficientes<\/h2>\n\n\n\n<p>Disability market research focuses on understanding the preferences, needs, and purchasing behaviors of individuals with disabilities. This research strives to uncover the barriers people with disabilities face when accessing products and services, and identify opportunities for businesses to enhance accessibility and inclusivity. In undertaking disability <a class=\"wpil_keyword_link\" href=\"https:\/\/www.sisinternational.com\/pt\/solucoes\/\"   title=\"Solu\u00e7\u00f5es\" data-wpil-keyword-link=\"linked\"  data-wpil-monitor-id=\"603\">pesquisa de mercado<\/a>, companies can gain invaluable insights into designing products, services, and experiences that are not only accessible but also resonate with this diverse consumer base.<\/p>\n\n\n\n<p>Envolve uma abordagem abrangente que considera v\u00e1rios tipos de defici\u00eancia, incluindo condi\u00e7\u00f5es de sa\u00fade f\u00edsica, sensorial, cognitiva e mental. Al\u00e9m disso, a pesquisa de mercado sobre defici\u00eancia catalisa a mudan\u00e7a social, destacando as contribui\u00e7\u00f5es econ\u00f3micas e sociais dos indiv\u00edduos com defici\u00eancia.<\/p>\n\n\n\n<h2 class=\"wp-block-heading\">Por que as empresas precisam de pesquisas de mercado para deficientes<\/h2>\n\n\n\n<p>Ao participarem em pesquisas de mercado sobre defici\u00eancia, as empresas demonstram um compromisso com a responsabilidade social, reconhecendo a import\u00e2ncia de criar um ambiente inclusivo para consumidores com defici\u00eancia. Isto melhora a reputa\u00e7\u00e3o da marca e alinha-se com iniciativas globais que promovem a igualdade e a diversidade.<\/p>\n\n\n\n<p>Secondly, there&#8217;s a strong business case for disability market research. The disability market encompasses a significant portion of the <a href=\"https:\/\/www.sisinternational.com\/pt\/transportadoras-de-baixo-custo-na-industria-da-aviacao\/\" title=\"Pesquisa de mercado de companhias a\u00e9reas de baixo custo\"  data-wpil-monitor-id=\"8136\">global<\/a> population, representing untapped potential for businesses across various sectors. By understanding this group&#8217;s specific needs and preferences, companies can innovate and design products and services that cater to a wider audience, potentially unlocking new revenue streams.<\/p>\n\n\n\n<p>Al\u00e9m disso, a conformidade regulamentar \u00e9 outro factor cr\u00edtico que impulsiona a necessidade de pesquisas de mercado sobre defici\u00eancia. Muitos pa\u00edses implementaram legisla\u00e7\u00e3o que exige que as empresas garantam que as suas ofertas sejam acess\u00edveis a pessoas com defici\u00eancia. Portanto, a realiza\u00e7\u00e3o de pesquisas de mercado minuciosas ajuda as empresas a se manterem \u00e0 frente desses requisitos legais, minimizando o risco de n\u00e3o conformidade e penalidades associadas.<\/p>\n\n\n\n<h2 class=\"wp-block-heading\">Quais s\u00e3o os benef\u00edcios da pesquisa de mercado sobre defici\u00eancia?<\/h2>\n\n\n\n<p>A realiza\u00e7\u00e3o de pesquisas de mercado sobre defici\u00eancia \u00e9 um esfor\u00e7o estrat\u00e9gico que pode gerar benef\u00edcios substanciais para empresas dispostas a investir na compreens\u00e3o deste segmento. Desde a melhoria do desenvolvimento de produtos at\u00e9 \u00e0 promo\u00e7\u00e3o de uma imagem de marca mais inclusiva, as vantagens de entrar no mercado das pessoas com defici\u00eancia s\u00e3o multifacetadas.<\/p>\n\n\n\n<ul class=\"wp-block-list\">\n<li><strong>Inova\u00e7\u00e3o e Desenvolvimento de Produtos:<\/strong> A pesquisa de mercado sobre defici\u00eancia revela frequentemente necessidades ou desafios n\u00e3o satisfeitos enfrentados por indiv\u00edduos com defici\u00eancia na utiliza\u00e7\u00e3o de produtos ou servi\u00e7os existentes. Esta perce\u00e7\u00e3o pode catalisar a inova\u00e7\u00e3o, incentivando as empresas a desenvolver ou redesenhar produtos que sejam mais acess\u00edveis e f\u00e1ceis de utilizar.<\/li>\n\n\n\n<li><strong>Expans\u00e3o do mercado:<\/strong> Using disability market research opens up new business market segments. Individuals with disabilities, along with their families and support networks, represent a significant consumer group. Tailoring products and services to meet the needs of this group can unlock new revenue <a href=\"https:\/\/www.sisinternational.com\/pt\/pericia\/industrias\/pesquisa-de-mercado-de-streaming-de-video-e-musica\/\" title=\"Pesquisa de mercado de streaming de v\u00eddeo e m\u00fasica\"  data-wpil-monitor-id=\"8139\">streams and increase market<\/a> share, demonstrating the economic value of inclusivity.<\/li>\n\n\n\n<li><strong>Lealdade e reputa\u00e7\u00e3o \u00e0 marca:<\/strong> As empresas que procuram ativamente compreender e satisfazer as necessidades das pessoas com defici\u00eancia s\u00e3o frequentemente vistas de forma mais favor\u00e1vel pelos consumidores. Esta reputa\u00e7\u00e3o melhorada da marca pode aumentar a lealdade, especialmente entre os consumidores que valorizam a responsabilidade social corporativa.<\/li>\n\n\n\n<li><strong>Conformidade Regulat\u00f3ria e Gest\u00e3o de Riscos:<\/strong> A pesquisa de mercado para deficientes ajuda as empresas a antecipar e cumprir os requisitos regulamentares relacionados \u00e0 acessibilidade. Ao abordar proativamente estas quest\u00f5es, as empresas podem evitar armadilhas legais e os danos \u00e0 reputa\u00e7\u00e3o associados ao incumprimento. Al\u00e9m disso, esta abordagem proativa demonstra aos reguladores e grupos de defesa que a empresa est\u00e1 comprometida com a inclus\u00e3o, influenciando potencialmente futuras regulamenta\u00e7\u00f5es a seu favor.<\/li>\n\n\n\n<li><strong>Diferencia\u00e7\u00e3o Competitiva:<\/strong> As empresas que aproveitam a pesquisa de mercado sobre defici\u00eancia para melhorar as suas ofertas podem diferenciar-se com base na inclus\u00e3o e acessibilidade. Isto n\u00e3o s\u00f3 atrai pessoas com defici\u00eancia, mas tamb\u00e9m ressoa no mercado mais amplo, uma vez que os consumidores preferem cada vez mais apoiar marcas que contribuem positivamente para a sociedade.<\/li>\n<\/ul>\n\n\n\n<h2 class=\"wp-block-heading\">Quem usa a pesquisa de mercado para deficientes?<\/h2>\n\n\n\n<figure class=\"gb-block-image gb-block-image-0b622bf9\"><img loading=\"lazy\" decoding=\"async\" width=\"1456\" height=\"816\" class=\"gb-image gb-image-0b622bf9\" src=\"https:\/\/www.sisinternational.com\/wp-content\/uploads\/2025\/10\/Disability-4.jpg\" alt=\"Pesquisa e Estrat\u00e9gia de Mercado Internacional da SIS\" title=\"Disability (4)\" srcset=\"https:\/\/www.sisinternational.com\/wp-content\/uploads\/2025\/10\/Disability-4.jpg 1456w, https:\/\/www.sisinternational.com\/wp-content\/uploads\/2025\/10\/Disability-4-300x168.jpg 300w, https:\/\/www.sisinternational.com\/wp-content\/uploads\/2025\/10\/Disability-4-1024x574.jpg 1024w, https:\/\/www.sisinternational.com\/wp-content\/uploads\/2025\/10\/Disability-4-768x430.jpg 768w, https:\/\/www.sisinternational.com\/wp-content\/uploads\/2025\/10\/Disability-4-18x10.jpg 18w\" sizes=\"auto, (max-width: 1456px) 100vw, 1456px\"><\/figure>\n\n\n\n<p><\/p>\n\n\n\n<p>A pesquisa de mercado sobre defici\u00eancia \u00e9 uma ferramenta cr\u00edtica utilizada por diversas partes interessadas que reconhecem a import\u00e2ncia de compreender e atender \u00e0s necessidades dos indiv\u00edduos com defici\u00eancia. Aqui est\u00e1 uma vis\u00e3o mais detalhada de quem se beneficia deste recurso inestim\u00e1vel:<\/p>\n\n\n\n<ul class=\"wp-block-list\">\n<li><strong>Designers e fabricantes de produtos:<\/strong> At the forefront are the product designers and manufacturers who are keen on developing accessible and user-friendly products. Through disability market research, they gain insights into the challenges and barriers faced by individuals with disabilities, allowing them to innovate and create <a href=\"https:\/\/www.sisinternational.com\/pt\/pesquisa-de-mercado-domestico-inteligente\/\" title=\"Pesquisa de mercado dom\u00e9stico inteligente\"  data-wpil-monitor-id=\"8135\">solu\u00e7\u00f5es<\/a> that are not only inclusive but also marketable to a broader audience.<\/li>\n\n\n\n<li><strong>Provedores de servi\u00e7o:<\/strong> Os prestadores de servi\u00e7os, incluindo os dos setores digital, transporte, hotelaria e sa\u00fade, utilizam pesquisas de mercado para deficientes para refinar suas ofertas. Compreender as necessidades \u00fanicas das pessoas com defici\u00eancia ajuda estas empresas a adaptar os seus servi\u00e7os, garantindo que sejam acess\u00edveis e acolhedores para todos, aumentando assim a satisfa\u00e7\u00e3o e a fideliza\u00e7\u00e3o dos clientes.<\/li>\n\n\n\n<li><strong>Empresas de tecnologia:<\/strong> Com o r\u00e1pido avan\u00e7o da tecnologia, as empresas deste setor aproveitam a pesquisa de mercado sobre defici\u00eancia para projetar software, aplicativos e dispositivos acess\u00edveis a usu\u00e1rios com diversas defici\u00eancias. Isto cumpre as normas legais e abre os seus produtos a um mercado mais vasto, impulsionando a inova\u00e7\u00e3o e a inclus\u00e3o na ind\u00fastria tecnol\u00f3gica.<\/li>\n\n\n\n<li><strong>Ag\u00eancias governamentais e formuladores de pol\u00edticas:<\/strong> Compreender as necessidades e prefer\u00eancias dos cidad\u00e3os com defici\u00eancia \u00e9 crucial para as ag\u00eancias governamentais e os decisores pol\u00edticos. A pesquisa de mercado sobre defici\u00eancia informa o desenvolvimento de pol\u00edticas, programas e servi\u00e7os que visam melhorar a qualidade de vida das pessoas com defici\u00eancia, garantindo que os servi\u00e7os p\u00fablicos sejam acess\u00edveis e equitativos.<\/li>\n\n\n\n<li><strong>Organiza\u00e7\u00f5es sem fins lucrativos e grupos de defesa:<\/strong> Estes grupos utilizam pesquisas de mercado sobre defici\u00eancia para compreender melhor os desafios enfrentados pelos indiv\u00edduos com defici\u00eancia e para defender os seus direitos e necessidades de forma mais eficaz. As conclus\u00f5es desta investiga\u00e7\u00e3o apoiam os seus esfor\u00e7os para impulsionar a mudan\u00e7a social, aumentar a sensibiliza\u00e7\u00e3o e garantir financiamento para programas que beneficiam a comunidade com defici\u00eancia.<\/li>\n\n\n\n<li><strong>Institui\u00e7\u00f5es educacionais:<\/strong> Schools, universities, and other educational institutions use disability market research to create more inclusive learning environments. This includes developing accessible educational materials and technologies, <a href=\"https:\/\/www.sisinternational.com\/pt\/o-papel-do-desenvolvimento-de-processos-e-sistemas-no-sucesso-organizacional\/\" title=\"Pesquisa de mercado de design organizacional\"  data-wpil-monitor-id=\"8133\">designing inclusive curriculum strategies<\/a>, and ensuring physical accessibility on campus.<\/li>\n<\/ul>\n\n\n\n<h2 class=\"wp-block-heading\">A abordagem SIS para pesquisa de mercado sobre defici\u00eancia<\/h2>\n\n\n\n<p>A abordagem do SIS para pesquisa de mercado de defici\u00eancia incorpora uma metodologia abrangente, emp\u00e1tica e inovadora projetada para descobrir insights profundos sobre o mercado de defici\u00eancia. Esta abordagem \u00e9 adaptada para atender \u00e0s necessidades exclusivas das empresas que visam aprimorar seus produtos e servi\u00e7os para pessoas com defici\u00eancia, garantindo acessibilidade, usabilidade e inclus\u00e3o. Aqui est\u00e1 uma vis\u00e3o geral da abordagem do SIS para pesquisa de mercado de defici\u00eancia:<\/p>\n\n\n\n<p>Holistic Research Design: <a href=\"https:\/\/www.sisinternational.com\/pt\/pascoa-e-o-inevitavel-coelhinho-de-chocolate\/\" title=\"Pesquisa de mercado de P\u00e1scoa\"  data-wpil-monitor-id=\"8134\">SIS begins with an inherently inclusive research<\/a> design, ensuring that individuals with various disabilities can participate fully. This includes utilizing accessible survey tools, interview techniques, and data collection methods that accommodate participants\u2019 needs.<\/p>\n\n\n\n<ul class=\"wp-block-list\">\n<li><strong>Envolvimento com comunidades de deficientes:<\/strong> Um princ\u00edpio fundamental da abordagem SIS \u00e9 o envolvimento activo e a inclus\u00e3o da comunidade com defici\u00eancia em todas as fases da investiga\u00e7\u00e3o. Ao colaborar com indiv\u00edduos com defici\u00eancia, grupos de defesa e organiza\u00e7\u00f5es, o SIS garante que a investiga\u00e7\u00e3o se baseia em experi\u00eancias e perspetivas do mundo real, melhorando a validade e a aplicabilidade das informa\u00e7\u00f5es recolhidas.<\/li>\n\n\n\n<li><strong>An\u00e1lise e interpreta\u00e7\u00e3o especializada:<\/strong> A equipa do SIS \u00e9 composta por especialistas em acessibilidade e inclus\u00e3o, equipados para analisar conjuntos de dados complexos com uma compreens\u00e3o diferenciada do mercado da defici\u00eancia. Esta experi\u00eancia permite a identifica\u00e7\u00e3o de tend\u00eancias e padr\u00f5es sutis que podem ser ignorados por analistas menos especializados, levando a insights mais ricos e recomenda\u00e7\u00f5es mais direcionadas.<\/li>\n\n\n\n<li><strong>Solu\u00e7\u00f5es e estrat\u00e9gias inovadoras:<\/strong> Drawing on the findings from disability market research, <a href=\"https:\/\/www.sisinternational.com\/pt\/sis-lanca-novas-solucoes-de-pesquisa-digital\/\" title=\"SIS lan\u00e7a novas solu\u00e7\u00f5es de Pesquisa Digital\"  data-wpil-monitor-id=\"8132\">SIS provides clients with innovative solutions<\/a> and strategies that address the identified needs and challenges of individuals with disabilities. These recommendations are practical and actionable, anticipating <a href=\"https:\/\/www.sisinternational.com\/pt\/future-trends-in-qualitative-market-research\/\" title=\"Future Trends in Qualitative Market Research\"  data-wpil-monitor-id=\"8137\">future trends and changes in the market<\/a>.<\/li>\n\n\n\n<li><strong>Compromisso com Pr\u00e1ticas \u00c9ticas de Pesquisa:<\/strong> Durante todo o processo de pesquisa, a SIS mant\u00e9m as mais altas pr\u00e1ticas \u00e9ticas de pesquisa, garantindo confidencialidade, consentimento informado e respeito a todos os participantes. Este compromisso \u00e9tico sustenta a integridade dos resultados da investiga\u00e7\u00e3o e fortalece a confian\u00e7a entre as empresas, os participantes na investiga\u00e7\u00e3o e a comunidade mais ampla de pessoas com defici\u00eancia.<\/li>\n\n\n\n<li><strong>Parceria e apoio cont\u00ednuos:<\/strong> Al\u00e9m de apresentar resultados de pesquisas, o SIS v\u00ea cada projeto como o in\u00edcio de uma parceria cont\u00ednua. A equipe apoia os clientes na implementa\u00e7\u00e3o de recomenda\u00e7\u00f5es, na medi\u00e7\u00e3o de resultados e na adapta\u00e7\u00e3o de estrat\u00e9gias \u00e0 medida que o mercado e as tecnologias evoluem.<\/li>\n\n\n\n<li><strong>Defesa da Inclusividade:<\/strong> A abordagem do SIS \u00e0 pesquisa de mercado sobre defici\u00eancia \u00e9 impulsionada por uma defesa genu\u00edna da inclus\u00e3o e da acessibilidade. Ao fornecer \u00e0s empresas os conhecimentos necess\u00e1rios para tornar os seus produtos e servi\u00e7os mais inclusivos, o SIS contribui para um objetivo mais amplo de criar um mundo mais acess\u00edvel para pessoas com defici\u00eancia.<\/li>\n<\/ul>\n\n\n\n<h2 class=\"wp-block-heading\">Oportunidades em pesquisa de mercado de defici\u00eancia para empresas<\/h2>\n\n\n\n<figure class=\"gb-block-image gb-block-image-df408dec\"><img loading=\"lazy\" decoding=\"async\" width=\"1456\" height=\"816\" class=\"gb-image gb-image-df408dec\" src=\"https:\/\/www.sisinternational.com\/wp-content\/uploads\/2025\/10\/Disability-1.jpg\" alt=\"Pesquisa e Estrat\u00e9gia de Mercado Internacional da SIS\" title=\"Disability (1)\" srcset=\"https:\/\/www.sisinternational.com\/wp-content\/uploads\/2025\/10\/Disability-1.jpg 1456w, https:\/\/www.sisinternational.com\/wp-content\/uploads\/2025\/10\/Disability-1-300x168.jpg 300w, https:\/\/www.sisinternational.com\/wp-content\/uploads\/2025\/10\/Disability-1-1024x574.jpg 1024w, https:\/\/www.sisinternational.com\/wp-content\/uploads\/2025\/10\/Disability-1-768x430.jpg 768w, https:\/\/www.sisinternational.com\/wp-content\/uploads\/2025\/10\/Disability-1-18x10.jpg 18w\" sizes=\"auto, (max-width: 1456px) 100vw, 1456px\"><\/figure>\n\n\n\n<p><\/p>\n\n\n\n<p>Aprofundar-se na pesquisa de mercado sobre defici\u00eancia abre oportunidades para as empresas inovarem, crescerem e aumentarem seu impacto social. Ao compreender as necessidades, prefer\u00eancias e desafios dos indiv\u00edduos com defici\u00eancia, as empresas podem explorar um mercado largamente mal servido, impulsionando tanto o valor econ\u00f3mico como a mudan\u00e7a social.<\/p>\n\n\n\n<ul class=\"wp-block-list\">\n<li><strong>Inova\u00e7\u00e3o de produtos e servi\u00e7os:<\/strong> Os insights provenientes de pesquisas de mercado sobre defici\u00eancia podem destacar lacunas nas ofertas atuais do mercado, levando as empresas a inovar e desenvolver novos produtos ou servi\u00e7os. Estas inova\u00e7\u00f5es atendem \u00e0s necessidades espec\u00edficas das pessoas com defici\u00eancia e tamb\u00e9m podem melhorar a usabilidade e a conveni\u00eancia para um p\u00fablico mais amplo, aproveitando os princ\u00edpios do design universal.<\/li>\n\n\n\n<li><strong>Diferencia\u00e7\u00e3o de mercado:<\/strong> Ao atender \u00e0s necessidades da comunidade com defici\u00eancia, as empresas podem diferenciar-se em mercados competitivos. Essa diferencia\u00e7\u00e3o n\u00e3o passa apenas por oferecer produtos acess\u00edveis e construir uma marca reconhecida pelo compromisso com a inclus\u00e3o e a responsabilidade social, atraindo clientes que valorizam essas qualidades.<\/li>\n\n\n\n<li><strong>Expans\u00e3o para novos mercados:<\/strong> O mercado de deficientes representa um segmento significativo e crescente de consumidores. As empresas que satisfazem eficazmente as necessidades deste grupo podem desbloquear novos mercados e fluxos de receitas, expandindo a sua base de clientes para al\u00e9m dos segmentos tradicionais.<\/li>\n\n\n\n<li><strong>Enhanced <a href=\"https:\/\/www.sisinternational.com\/pt\/pesquisa-de-marca-sis-e-fidelizacao-de-clientes\/\" title=\"Pesquisa de mercado de marca e fideliza\u00e7\u00e3o de clientes\"  data-wpil-monitor-id=\"8138\">Customer Loyalty and Brand<\/a> Reputation:<\/strong> As empresas que se envolvem ativamente e atendem \u00e0 comunidade de deficientes muitas vezes observam uma maior fidelidade dos clientes e uma reputa\u00e7\u00e3o de marca mais forte. Os consumidores, incluindo aqueles sem defici\u00eancia, procuram cada vez mais apoiar marcas que demonstrem um compromisso genu\u00edno com a inclus\u00e3o e a igualdade.<\/li>\n\n\n\n<li><strong>Conformidade e Mitiga\u00e7\u00e3o de Riscos:<\/strong> A pesquisa de mercado sobre defici\u00eancia pode ajudar as empresas a antecipar e cumprir os requisitos regulamentares relacionados com a acessibilidade, reduzindo o risco de incumprimento e san\u00e7\u00f5es associadas. Esta abordagem proativa \u00e0 conformidade pode proteger as empresas de desafios legais e melhorar a sua reputa\u00e7\u00e3o como l\u00edderes do setor em termos de inclus\u00e3o.<\/li>\n<\/ul>","protected":false},"excerpt":{"rendered":"<p>A pesquisa de mercado para deficientes concentra-se na compreens\u00e3o das prefer\u00eancias, necessidades e comportamentos de compra de indiv\u00edduos com defici\u00eancia. <\/p>","protected":false},"author":1,"featured_media":71944,"parent":14514,"menu_order":415,"comment_status":"closed","ping_status":"closed","template":"","meta":{"footnotes":""},"class_list":["post-46581","page","type-page","status-publish","has-post-thumbnail"],"_links":{"self":[{"href":"https:\/\/www.sisinternational.com\/pt\/wp-json\/wp\/v2\/pages\/46581","targetHints":{"allow":["GET"]}}],"collection":[{"href":"https:\/\/www.sisinternational.com\/pt\/wp-json\/wp\/v2\/pages"}],"about":[{"href":"https:\/\/www.sisinternational.com\/pt\/wp-json\/wp\/v2\/types\/page"}],"author":[{"embeddable":true,"href":"https:\/\/www.sisinternational.com\/pt\/wp-json\/wp\/v2\/users\/1"}],"replies":[{"embeddable":true,"href":"https:\/\/www.sisinternational.com\/pt\/wp-json\/wp\/v2\/comments?post=46581"}],"version-history":[{"count":9,"href":"https:\/\/www.sisinternational.com\/pt\/wp-json\/wp\/v2\/pages\/46581\/revisions"}],"predecessor-version":[{"id":81372,"href":"https:\/\/www.sisinternational.com\/pt\/wp-json\/wp\/v2\/pages\/46581\/revisions\/81372"}],"up":[{"embeddable":true,"href":"https:\/\/www.sisinternational.com\/pt\/wp-json\/wp\/v2\/pages\/14514"}],"wp:featuredmedia":[{"embeddable":true,"href":"https:\/\/www.sisinternational.com\/pt\/wp-json\/wp\/v2\/media\/71944"}],"wp:attachment":[{"href":"https:\/\/www.sisinternational.com\/pt\/wp-json\/wp\/v2\/media?parent=46581"}],"curies":[{"name":"wp","href":"https:\/\/api.w.org\/{rel}","templated":true}]}}