{"id":46574,"date":"2024-02-28T18:09:17","date_gmt":"2024-02-28T23:09:17","guid":{"rendered":"https:\/\/www.sisinternational.com\/?page_id=46574"},"modified":"2026-01-26T18:54:06","modified_gmt":"2026-01-26T23:54:06","slug":"consultoria-em-pesquisa-de-mercado-de-inclusao-financeira-em-economia-emergente","status":"publish","type":"page","link":"https:\/\/www.sisinternational.com\/pt\/solucoes\/pesquisa-de-consultoria-em-estrategia-fintech\/consultoria-em-pesquisa-de-mercado-de-inclusao-financeira-em-economia-emergente\/","title":{"rendered":"Pesquisa e consultoria de mercado de inclus\u00e3o financeira em economias emergentes"},"content":{"rendered":"<h1 class=\"wp-block-heading\">Pesquisa e consultoria de mercado de inclus\u00e3o financeira em economias emergentes<\/h1>\n\n\n\n<figure class=\"gb-block-image gb-block-image-5b39bc85\"><img loading=\"lazy\" decoding=\"async\" width=\"1456\" height=\"816\" class=\"gb-image gb-image-5b39bc85\" src=\"https:\/\/www.sisinternational.com\/wp-content\/uploads\/2025\/10\/Emerging-Economy-Financial-Inclusion-2.jpg\" alt=\"Pesquisa e Estrat\u00e9gia de Mercado Internacional da SIS\" title=\"Emerging Economy Financial Inclusion (2)\" srcset=\"https:\/\/www.sisinternational.com\/wp-content\/uploads\/2025\/10\/Emerging-Economy-Financial-Inclusion-2.jpg 1456w, https:\/\/www.sisinternational.com\/wp-content\/uploads\/2025\/10\/Emerging-Economy-Financial-Inclusion-2-300x168.jpg 300w, https:\/\/www.sisinternational.com\/wp-content\/uploads\/2025\/10\/Emerging-Economy-Financial-Inclusion-2-1024x574.jpg 1024w, https:\/\/www.sisinternational.com\/wp-content\/uploads\/2025\/10\/Emerging-Economy-Financial-Inclusion-2-768x430.jpg 768w, https:\/\/www.sisinternational.com\/wp-content\/uploads\/2025\/10\/Emerging-Economy-Financial-Inclusion-2-18x10.jpg 18w\" sizes=\"auto, (max-width: 1456px) 100vw, 1456px\"><\/figure>\n\n\n\n<p><\/p>\n\n\n\n<hr class=\"wp-block-separator has-alpha-channel-opacity\"\/>\n\n\n\n<p>As empresas s\u00e3o verdadeiramente inclusivas nas economias emergentes? A inclus\u00e3o financeira em regi\u00f5es que registam um r\u00e1pido crescimento econ\u00f3mico e transforma\u00e7\u00e3o social \u00e9 cr\u00edtica \u2013 e a investiga\u00e7\u00e3o e consultoria do mercado de inclus\u00e3o financeira nas economias emergentes promovem o acesso equitativo aos servi\u00e7os financeiros e impulsionam o desenvolvimento sustent\u00e1vel.<\/p>\n\n\n\n<h2 class=\"wp-block-heading\">O que \u00e9 pesquisa e consultoria de mercado de inclus\u00e3o financeira em economias emergentes?<\/h2>\n\n\n\n<p>A pesquisa e consultoria de mercado de inclus\u00e3o financeira em economias emergentes implicam uma an\u00e1lise abrangente do cen\u00e1rio de acessibilidade e utiliza\u00e7\u00e3o de servi\u00e7os financeiros nos mercados emergentes. Ele investiga a compreens\u00e3o das barreiras e oportunidades para indiv\u00edduos e empresas acessarem e se beneficiarem de servi\u00e7os financeiros, como bancos, cr\u00e9dito, seguros e investimentos.<\/p>\n\n\n\n<h2 class=\"wp-block-heading\">Por que as empresas precisam de pesquisa e consultoria de mercado de inclus\u00e3o financeira em economias emergentes?<\/h2>\n\n\n\n<p>Effective emerging <a href=\"https:\/\/www.sisinternational.com\/pt\/pesquisa-de-mercado-economia-compartilhada\/\" title=\"Pesquisa de Mercado na Economia Compartilhada\"  data-wpil-monitor-id=\"1922\">economy financial inclusion market research<\/a> and consulting provide businesses with deep insights into consumers&#8217; diverse needs, preferences, and behaviors in emerging economies.<\/p>\n\n\n\n<p>Al\u00e9m disso, a pesquisa e consultoria de mercado de inclus\u00e3o financeira facilitam a inova\u00e7\u00e3o e a adapta\u00e7\u00e3o, identificando tend\u00eancias emergentes, avan\u00e7os tecnol\u00f3gicos e melhores pr\u00e1ticas no campo. As empresas podem aproveitar estes conhecimentos para inovar os seus modelos de neg\u00f3cio, adotar novas tecnologias e manter-se \u00e0 frente dos concorrentes em mercados em r\u00e1pida evolu\u00e7\u00e3o. No entanto, traz muitos outros benef\u00edcios, como:<\/p>\n\n\n\n<ul class=\"wp-block-list\">\n<li><strong>Tomada de decis\u00e3o informada:<\/strong> Businesses can make well-informed decisions backed by data and insights by conducting in-depth market research and leveraging expert <a class=\"wpil_keyword_link\" href=\"https:\/\/www.sisinternational.com\/pt\/solucoes\/consultando-servicos\/\"   title=\"Consultando servi\u00e7os\" data-wpil-keyword-link=\"linked\"  data-wpil-monitor-id=\"606\">consultando servi\u00e7os<\/a>.\u00a0<\/li>\n\n\n\n<li><strong>Estrat\u00e9gias personalizadas:<\/strong> Consultores especializados em inclus\u00e3o financeira compreendem as nuances das economias emergentes e as diversas necessidades das popula\u00e7\u00f5es carentes. Eles trabalham em estreita colabora\u00e7\u00e3o com as empresas para desenvolver estrat\u00e9gias personalizadas que abordem desafios espec\u00edficos e capitalizem oportunidades, garantindo relev\u00e2ncia e efic\u00e1cia na execu\u00e7\u00e3o.<\/li>\n\n\n\n<li><a href=\"https:\/\/www.sisinternational.com\/pt\/como-continuar-sua-expansao-em-mercados-emergentes-nesta-recessao\/\" title=\"Como continuar sua expans\u00e3o nos mercados emergentes nesta recess\u00e3o\"  data-wpil-monitor-id=\"2135\">Market Expansion: Through emerging<\/a> economy financial inclusion market research and consulting, businesses can identify untapped market segments and design products and services that cater to the needs of previously underserved populations. It opens up new avenues for growth and revenue generation, ultimately expanding the reach and impact of businesses in emerging economies.<\/li>\n\n\n\n<li><strong>Oportunidades de parceria:<\/strong> <a href=\"https:\/\/www.sisinternational.com\/pt\/solucoes\/pesquisa-de-mercado-de-ia-e-consultoria-estrategica\/otas-reservas-redes-consultoria-de-ia\/\" title=\"OTA&#8217;s Booking Networks AI Consulting\"  data-wpil-monitor-id=\"4451\">Consulting firms often have extensive networks<\/a> and connections within the financial inclusion ecosystem, including government agencies, NGOs, fintech startups, and financial institutions. They can facilitate strategic partnerships and collaborations that enhance businesses&#8217; access to resources, expertise, and funding, enabling them to scale their initiatives more effectively.<\/li>\n<\/ul>\n\n\n\n<h2 class=\"wp-block-heading\">Quem usa pesquisa e consultoria de mercado de inclus\u00e3o financeira em economias emergentes<\/h2>\n\n\n\n<figure class=\"gb-block-image gb-block-image-3505cefe\"><img loading=\"lazy\" decoding=\"async\" width=\"1456\" height=\"816\" class=\"gb-image gb-image-3505cefe\" src=\"https:\/\/www.sisinternational.com\/wp-content\/uploads\/2025\/10\/Emerging-Economy-Financial-Inclusion-3.jpg\" alt=\"Pesquisa e Estrat\u00e9gia de Mercado Internacional da SIS\" title=\"Emerging Economy Financial Inclusion (3)\" srcset=\"https:\/\/www.sisinternational.com\/wp-content\/uploads\/2025\/10\/Emerging-Economy-Financial-Inclusion-3.jpg 1456w, https:\/\/www.sisinternational.com\/wp-content\/uploads\/2025\/10\/Emerging-Economy-Financial-Inclusion-3-300x168.jpg 300w, https:\/\/www.sisinternational.com\/wp-content\/uploads\/2025\/10\/Emerging-Economy-Financial-Inclusion-3-1024x574.jpg 1024w, https:\/\/www.sisinternational.com\/wp-content\/uploads\/2025\/10\/Emerging-Economy-Financial-Inclusion-3-768x430.jpg 768w, https:\/\/www.sisinternational.com\/wp-content\/uploads\/2025\/10\/Emerging-Economy-Financial-Inclusion-3-18x10.jpg 18w\" sizes=\"auto, (max-width: 1456px) 100vw, 1456px\"><\/figure>\n\n\n\n<p><\/p>\n\n\n\n<p>Banks, microfinance institutions, and other <a href=\"https:\/\/www.sisinternational.com\/pt\/solucoes\/pesquisa-de-consultoria-em-estrategia-fintech\/pesquisa-de-mercado-da-industria-de-servicos-financeiros\/\" title=\"Pesquisa de mercado da ind\u00fastria de servi\u00e7os financeiros\"  data-wpil-monitor-id=\"4558\">financial service providers utilize market research<\/a> and consulting to identify opportunities to expand their customer base and improve the accessibility and affordability of their products and services.&nbsp;<\/p>\n\n\n\n<p>Al\u00e9m disso, as ag\u00eancias governamentais e os decisores pol\u00edticos dependem de pesquisas de mercado e de consultoria para desenvolver pol\u00edticas e regulamentos baseados em evid\u00eancias que promovam a inclus\u00e3o e a estabilidade financeiras. Os servi\u00e7os de consultoria ajudam os governos a avaliar a efic\u00e1cia das iniciativas existentes, a identificar lacunas nas infra-estruturas financeiras e a conceber interven\u00e7\u00f5es espec\u00edficas para resolver as barreiras sist\u00e9micas ao acesso.<\/p>\n\n\n\n<p>Non-Governmental Organizations (NGOs) leverage <a href=\"https:\/\/www.sisinternational.com\/pt\/solucoes\/inovacao\/pensamento-de-design\/\" title=\"Pesquisa de mercado de pensamento de design\"  data-wpil-monitor-id=\"7017\">market research and consulting to design<\/a> and implement programs to improve financial literacy, build capacity among underserved populations, and facilitate access to financial services. These organizations are crucial in bridging the gap between formal financial institutions and marginalized communities.<\/p>\n\n\n\n<p>Additionally, startups in the fintech space rely on <a href=\"https:\/\/www.sisinternational.com\/pt\/solucoes\/pesquisa-de-consultoria-em-estrategia-fintech\/consultoria-go-to-market-de-fintech\/\" title=\"Consultoria FinTech Go-To-Market\"  data-wpil-monitor-id=\"5880\">pesquisa de mercado<\/a> and consulting to understand market dynamics, identify niche opportunities, and develop innovative solutions that address the needs of underserved populations. Consulting services provide valuable insights into consumer behavior, regulatory requirements, and emerging trends, helping startups navigate the complexities of the financial inclusion landscape.<\/p>\n\n\n\n<h2 class=\"wp-block-heading\">Quando conduzir pesquisas e consultoria de mercado de inclus\u00e3o financeira em economias emergentes<\/h2>\n\n\n\n<p>Compreender o momento ideal para realizar pesquisas e consultoria de mercado de inclus\u00e3o financeira em economias emergentes \u00e9 crucial para maximizar a sua efic\u00e1cia e impacto \u2013 e aqui est\u00e3o os principais factores a considerar:<\/p>\n\n\n\n<ul class=\"wp-block-list\">\n<li><strong>Entrada ou Expans\u00e3o no Mercado:<\/strong> Businesses planning to enter new <a href=\"https:\/\/www.sisinternational.com\/pt\/cobertura\/as-americas\/pesquisa-de-mercado-na-america-latina\/consultoria-de-entrada-no-mercado-brasil\/\" title=\"Consultoria de entrada no mercado no Brasil\"  data-wpil-monitor-id=\"7091\">markets or expand their operations in emerging<\/a> economies should conduct comprehensive market research and consulting beforehand.\u00a0<\/li>\n\n\n\n<li><strong>Desenvolvimento e reforma de pol\u00edticas:<\/strong> Government agencies and policymakers may engage in market research and consulting when formulating or revising policies and regulations related to financial inclusion.\u00a0<\/li>\n\n\n\n<li><strong>Inova\u00e7\u00e3o de produto ou servi\u00e7o:<\/strong> Businesses seeking to develop or adapt financial products and services for underserved populations can benefit from conducting <a href=\"https:\/\/www.sisinternational.com\/pt\/solucoes\/consultoria-em-hotelaria-e-turismo-em-viagens\/consultoria-em-desenvolvimento-turistico\/\" title=\"Consultoria em Desenvolvimento Tur\u00edstico\"  data-wpil-monitor-id=\"7129\">emerging economy financial inclusion market research<\/a> and consulting.\u00a0<\/li>\n<\/ul>\n\n\n\n<h2 class=\"wp-block-heading\">Oportunidades em pesquisas de mercado e consultoria de inclus\u00e3o financeira em economias emergentes para empresas<\/h2>\n\n\n\n<p>A explora\u00e7\u00e3o de oportunidades na pesquisa e consultoria de mercado de inclus\u00e3o financeira em economias emergentes revela v\u00e1rios caminhos para as empresas prosperarem e contribu\u00edrem para o crescimento econ\u00f3mico inclusivo:<\/p>\n\n\n\n<ul class=\"wp-block-list\">\n<li><strong>Desenvolvimento de Parcerias:<\/strong> Os compromissos de consultoria permitem que as empresas estabele\u00e7am parcerias estrat\u00e9gicas com partes interessadas em todo o ecossistema de inclus\u00e3o financeira, incluindo ag\u00eancias governamentais, ONGs, startups de fintech e institui\u00e7\u00f5es financeiras. Estas parcerias permitem que as empresas aproveitem conhecimentos, recursos e redes complementares para dimensionar as suas iniciativas de forma mais eficaz.<\/li>\n\n\n\n<li><strong>Lideran\u00e7a em Inova\u00e7\u00e3o:<\/strong> By investing in market research and consulting, businesses can be leaders in innovation and <a class=\"wpil_keyword_link\" href=\"https:\/\/www.sisinternational.com\/pt\/categoria\/lideranca-inovadora\/\"   title=\"Lideran\u00e7a inovadora\" data-wpil-keyword-link=\"linked\"  data-wpil-monitor-id=\"607\">lideran\u00e7a inovadora<\/a> in financial inclusion. Through developing groundbreaking solutions and disseminating best practices, businesses can shape the future of financial inclusion and drive positive change in emerging economies.<\/li>\n\n\n\n<li><strong>Impacto social:<\/strong> Engaging in market research and consulting allows businesses to create meaningful social impact by promoting economic empowerment and reducing inequality.\u00a0<\/li>\n<\/ul>\n\n\n\n<h2 class=\"wp-block-heading\">Desafios da Inclus\u00e3o Financeira em Economias Emergentes Pesquisa e Consultoria de Mercado para Empresas<\/h2>\n\n\n\n<figure class=\"gb-block-image gb-block-image-35dbc27d\"><img loading=\"lazy\" decoding=\"async\" width=\"1456\" height=\"816\" class=\"gb-image gb-image-35dbc27d\" src=\"https:\/\/www.sisinternational.com\/wp-content\/uploads\/2025\/10\/Emerging-Economy-Financial-Inclusion-1.jpg\" alt=\"Pesquisa e Estrat\u00e9gia de Mercado Internacional da SIS\" title=\"Emerging Economy Financial Inclusion (1)\" srcset=\"https:\/\/www.sisinternational.com\/wp-content\/uploads\/2025\/10\/Emerging-Economy-Financial-Inclusion-1.jpg 1456w, https:\/\/www.sisinternational.com\/wp-content\/uploads\/2025\/10\/Emerging-Economy-Financial-Inclusion-1-300x168.jpg 300w, https:\/\/www.sisinternational.com\/wp-content\/uploads\/2025\/10\/Emerging-Economy-Financial-Inclusion-1-1024x574.jpg 1024w, https:\/\/www.sisinternational.com\/wp-content\/uploads\/2025\/10\/Emerging-Economy-Financial-Inclusion-1-768x430.jpg 768w, https:\/\/www.sisinternational.com\/wp-content\/uploads\/2025\/10\/Emerging-Economy-Financial-Inclusion-1-18x10.jpg 18w\" sizes=\"auto, (max-width: 1456px) 100vw, 1456px\"><\/figure>\n\n\n\n<p><\/p>\n\n\n\n<p>Embora existam oportunidades abundantes em pesquisa e consultoria de mercado de inclus\u00e3o financeira em economias emergentes, as empresas tamb\u00e9m enfrentam v\u00e1rios desafios ao navegar neste cen\u00e1rio complexo:<\/p>\n\n\n\n<ul class=\"wp-block-list\">\n<li><strong>Complexidade Regulat\u00f3ria:<\/strong> Os quadros regulamentares que regem os servi\u00e7os financeiros variam amplamente entre as economias emergentes e s\u00e3o frequentemente complexos e em r\u00e1pida evolu\u00e7\u00e3o. As empresas devem enfrentar a incerteza regulamentar, os requisitos de conformidade e as barreiras legais ao conceberem e implementarem iniciativas de inclus\u00e3o financeira, o que pode representar desafios significativos e aumentar os riscos operacionais.<\/li>\n\n\n\n<li><strong>Fatores Culturais e Socioecon\u00f4micos:<\/strong> As normas culturais, as disparidades socioecon\u00f3micas e os n\u00edveis de alfabetiza\u00e7\u00e3o podem influenciar o comportamento e as atitudes dos consumidores em rela\u00e7\u00e3o aos servi\u00e7os financeiros nas economias emergentes. As empresas podem ter dificuldade em compreender e abordar eficazmente as diversas necessidades e prefer\u00eancias das popula\u00e7\u00f5es carenciadas, dificultando a ado\u00e7\u00e3o e a aceita\u00e7\u00e3o dos seus produtos e servi\u00e7os.<\/li>\n\n\n\n<li><strong>Infraestrutura Tecnol\u00f3gica:<\/strong> O acesso limitado \u00e0 infraestrutura tecnol\u00f3gica, incluindo a conectividade \u00e0 Internet e os dispositivos m\u00f3veis, pode restringir o alcance e a efic\u00e1cia dos servi\u00e7os financeiros digitais nas economias emergentes. As empresas devem inovar e adaptar as suas solu\u00e7\u00f5es para acomodar ambientes de baixa tecnologia e garantir a inclus\u00e3o para todos os segmentos da popula\u00e7\u00e3o.<\/li>\n<\/ul>\n\n\n\n<h2 class=\"wp-block-heading\">O que diferencia a pesquisa e consultoria de mercado de inclus\u00e3o financeira em economias emergentes do SIS?<\/h2>\n\n\n\n<p>The distinctive approach of <a href=\"https:\/\/www.linkedin.com\/company\/sisinternationalresearch\/posts\/?feedView=all\" target=\"_blank\" rel=\"noopener\">SIS<\/a> in emerging economy financial inclusion market research and consulting sets it apart by offering several key advantages:<\/p>\n\n\n\n<ul class=\"wp-block-list\">\n<li><strong>Desenvolvimento de Estrat\u00e9gia Hol\u00edstica:<\/strong> SIS consulting emphasizes a holistic approach to strategy development, considering the interconnectedness of economic, social, and environmental factors.\u00a0<\/li>\n\n\n\n<li><strong>Inova\u00e7\u00e3o e Integra\u00e7\u00e3o Tecnol\u00f3gica:<\/strong> SIS is at the forefront of innovation, leveraging cutting-edge technologies such as artificial intelligence, blockchain, and data analytics to develop innovative solutions for financial inclusion.\u00a0<\/li>\n\n\n\n<li><strong>Sustentabilidade a longo prazo:<\/strong> Sustainability is a core principle of the SIS approach, guiding every aspect of consulting engagements. SIS <a href=\"https:\/\/www.sisinternational.com\/pt\/solucoes\/sis-crescimento-global\/compras-de-fornecimento-estrategico\/\" title=\"Solu\u00e7\u00f5es especializadas em compras\" data-wpil-monitor-id=\"6383\">experts prioritize solutions<\/a> that deliver short-term results and promote long-term sustainability by fostering resilience, inclusivity, and environmental stewardship.<\/li>\n\n\n\n<li><strong>Parceria Colaborativa:<\/strong> SIS consulting thrives on collaboration, bringing together diverse stakeholders from government, private sector, civil society, and academia to co-create solutions for financial inclusion.\u00a0<\/li>\n\n\n\n<li><strong>Medi\u00e7\u00e3o e avalia\u00e7\u00e3o de impacto:<\/strong> A SIS est\u00e1 empenhada em medir e avaliar rigorosamente o impacto das iniciativas de inclus\u00e3o financeira. Ao empregar quadros robustos de monitoriza\u00e7\u00e3o e avalia\u00e7\u00e3o, os consultores do SIS podem acompanhar o progresso, identificar li\u00e7\u00f5es aprendidas e melhorar continuamente as interven\u00e7\u00f5es para maximizar a sua efic\u00e1cia e impacto.<\/li>\n<\/ul>\n\n\n\n<h2 class=\"wp-block-heading\">Localiza\u00e7\u00e3o de nossas instala\u00e7\u00f5es em Nova York<\/h2>\n\n\n\n<p>  <iframe loading=\"lazy\" src=\"https:\/\/www.google.com\/maps\/embed?pb=!1m18!1m12!1m3!1d3022.976188376966!2d-73.99130312499956!3d40.740549471389315!2m3!1f0!2f0!3f0!3m2!1i1024!2i768!4f13.1!3m3!1m2!1s0x89c259a15798c731%3A0xd695d09bdd495f25!2s11%20E%2022nd%20St%20FL%202%2C%20New%20York%2C%20NY%2010010%2C%20USA!5e0!3m2!1sen!2spe!4v1726171763526!5m2!1sen!2spe\" width=\"600\" height=\"450\" allowfullscreen=\"allowfullscreen\" data-mce-fragment=\"1\"><\/iframe>  <\/p>\n\n\n\n<h3 class=\"wp-block-heading\">11 E 22nd Street, 2\u00ba andar, Nova York, NY 10010 T: +1(212) 505-6805<\/h3>\n\n\n\n<hr class=\"wp-block-separator has-alpha-channel-opacity\"\/>\n\n\n\n<h2 class=\"wp-block-heading\"><span style=\"font-weight: 400;\">Sobre SIS Internacional<\/span><\/h2>\n\n\n\n<p><a href=\"https:\/\/www.sisinternational.com\/pt\/\"><span style=\"font-weight: 400;\">SIS Internacional<\/span><\/a><span style=\"font-weight: 400;\"> oferece pesquisa quantitativa, qualitativa e estrat\u00e9gica. Fornecemos dados, ferramentas, estrat\u00e9gias, relat\u00f3rios e insights para a tomada de decis\u00f5es. Tamb\u00e9m realizamos entrevistas, pesquisas, grupos focais e outros m\u00e9todos e abordagens de Pesquisa de Mercado.<\/span><a href=\"https:\/\/www.sisinternational.com\/pt\/sobre-a-sis-international-research\/contact-sis-international-market-research\/\"><span style=\"font-weight: 400;\"> Entre em contato conosco<\/span><\/a><span style=\"font-weight: 400;\"> para o seu pr\u00f3ximo projeto de pesquisa de mercado.<\/span><\/p>","protected":false},"excerpt":{"rendered":"<p>A pesquisa e consultoria de mercado de inclus\u00e3o financeira em economias emergentes analisam a acessibilidade e a utiliza\u00e7\u00e3o de servi\u00e7os financeiros.<\/p>","protected":false},"author":1,"featured_media":71745,"parent":27462,"menu_order":70,"comment_status":"closed","ping_status":"closed","template":"","meta":{"footnotes":""},"class_list":["post-46574","page","type-page","status-publish","has-post-thumbnail"],"_links":{"self":[{"href":"https:\/\/www.sisinternational.com\/pt\/wp-json\/wp\/v2\/pages\/46574","targetHints":{"allow":["GET"]}}],"collection":[{"href":"https:\/\/www.sisinternational.com\/pt\/wp-json\/wp\/v2\/pages"}],"about":[{"href":"https:\/\/www.sisinternational.com\/pt\/wp-json\/wp\/v2\/types\/page"}],"author":[{"embeddable":true,"href":"https:\/\/www.sisinternational.com\/pt\/wp-json\/wp\/v2\/users\/1"}],"replies":[{"embeddable":true,"href":"https:\/\/www.sisinternational.com\/pt\/wp-json\/wp\/v2\/comments?post=46574"}],"version-history":[{"count":18,"href":"https:\/\/www.sisinternational.com\/pt\/wp-json\/wp\/v2\/pages\/46574\/revisions"}],"predecessor-version":[{"id":80692,"href":"https:\/\/www.sisinternational.com\/pt\/wp-json\/wp\/v2\/pages\/46574\/revisions\/80692"}],"up":[{"embeddable":true,"href":"https:\/\/www.sisinternational.com\/pt\/wp-json\/wp\/v2\/pages\/27462"}],"wp:featuredmedia":[{"embeddable":true,"href":"https:\/\/www.sisinternational.com\/pt\/wp-json\/wp\/v2\/media\/71745"}],"wp:attachment":[{"href":"https:\/\/www.sisinternational.com\/pt\/wp-json\/wp\/v2\/media?parent=46574"}],"curies":[{"name":"wp","href":"https:\/\/api.w.org\/{rel}","templated":true}]}}