{"id":46567,"date":"2024-02-28T18:11:01","date_gmt":"2024-02-28T23:11:01","guid":{"rendered":"https:\/\/www.sisinternational.com\/?page_id=46567"},"modified":"2026-01-26T18:52:15","modified_gmt":"2026-01-26T23:52:15","slug":"pesquisa-de-mercado-e-consultoria-estrategica-para-pequenas-empresas-fintech","status":"publish","type":"page","link":"https:\/\/www.sisinternational.com\/pt\/solucoes\/pesquisa-de-consultoria-em-estrategia-fintech\/pesquisa-de-mercado-e-consultoria-estrategica-para-pequenas-empresas-fintech\/","title":{"rendered":"Pesquisa de mercado e consultoria estrat\u00e9gica para PME Fintech"},"content":{"rendered":"<h1 class=\"wp-block-heading\">Pesquisa de mercado e consultoria estrat\u00e9gica para PME Fintech<\/h1>\n\n\n\n<figure class=\"gb-block-image gb-block-image-3d2828ce\"><img loading=\"lazy\" decoding=\"async\" width=\"1456\" height=\"816\" class=\"gb-image gb-image-3d2828ce\" src=\"https:\/\/www.sisinternational.com\/wp-content\/uploads\/2025\/10\/SME-Fintech-3.jpg\" alt=\"Pesquisa e Estrat\u00e9gia de Mercado Internacional da SIS\" title=\"SME Fintech (3)\" srcset=\"https:\/\/www.sisinternational.com\/wp-content\/uploads\/2025\/10\/SME-Fintech-3.jpg 1456w, https:\/\/www.sisinternational.com\/wp-content\/uploads\/2025\/10\/SME-Fintech-3-300x168.jpg 300w, https:\/\/www.sisinternational.com\/wp-content\/uploads\/2025\/10\/SME-Fintech-3-1024x574.jpg 1024w, https:\/\/www.sisinternational.com\/wp-content\/uploads\/2025\/10\/SME-Fintech-3-768x430.jpg 768w, https:\/\/www.sisinternational.com\/wp-content\/uploads\/2025\/10\/SME-Fintech-3-18x10.jpg 18w\" sizes=\"auto, (max-width: 1456px) 100vw, 1456px\"><\/figure>\n\n\n\n<p><\/p>\n\n\n\n<hr class=\"wp-block-separator has-alpha-channel-opacity\"\/>\n\n\n\n<p>Est\u00e3o as pequenas e m\u00e9dias empresas (PME) a aproveitar eficazmente o poder da tecnologia financeira (fintech) para impulsionar o seu crescimento? Com a r\u00e1pida evolu\u00e7\u00e3o das finan\u00e7as digitais, esta quest\u00e3o tornou-se cada vez mais premente, e a investiga\u00e7\u00e3o de mercado e a consultoria estrat\u00e9gica s\u00e3o ferramentas vitais para as PME impulsionarem o crescimento e obterem uma compreens\u00e3o profunda do mercado.<\/p>\n\n\n\n<h2 class=\"wp-block-heading\">O que \u00e9 pesquisa de mercado e consultoria estrat\u00e9gica para PME Fintech?<\/h2>\n\n\n\n<p>SME f<a href=\"https:\/\/sisaisolutions.com\/application-of-ai-in-fintech\/\" target=\"_blank\" rel=\"noopener\">intech market research<\/a> and strategy consulting assist small and medium-sized enterprises navigate the complex intersection of financial technology and business strategy. Consultants in this field provide invaluable insights and guidance to SMEs seeking to optimize their use of fintech solutions in payments, lending, insurance, or other domains.<\/p>\n\n\n\n<h2 class=\"wp-block-heading\">Por que a pesquisa de mercado e consultoria estrat\u00e9gica para PME Fintech \u00e9 t\u00e3o importante?<\/h2>\n\n\n\n<p>First and foremost, conducting thorough SME <a class=\"wpil_keyword_link\" href=\"https:\/\/www.sisinternational.com\/pt\/solucoes\/consultoria-estrategica\/pesquisa-de-mercado-fintech\/\" title=\"Pesquisa de mercado FinTech\" data-wpil-keyword-link=\"linked\" data-wpil-monitor-id=\"282\">pesquisa de mercado fintech<\/a> and strategy consulting is essential for SMEs to understand the fintech landscape deeply, including emerging trends, key players, regulatory frameworks, and potential opportunities and threats.&nbsp;<\/p>\n\n\n\n<p>Moreover, consultants work closely with SMEs to develop customized <a href=\"https:\/\/www.sisinternational.com\/pt\/solucoes\/consultoria-estrategica\/planejamento-de-cenario\/\" title=\"Consultoria estrat\u00e9gica de planejamento de cen\u00e1rios\" data-wpil-monitor-id=\"7110\">strategies<\/a> aligned with their business goals, financial capabilities, and risk tolerance.&nbsp;In any case, embarking on an SME <a href=\"https:\/\/www.sisinternational.com\/pt\/fintech-market-research-trends\/\" title=\"Tend\u00eancias de pesquisa de mercado das fintechs\" data-wpil-monitor-id=\"2852\">pesquisa de mercado fintech<\/a> and strategy consulting journey brings forth many benefits for businesses aiming to thrive in today&#8217;s digital age. Its benefits include:<\/p>\n\n\n\n<ul class=\"wp-block-list\">\n<li><strong>Tomada de decis\u00e3o informada:<\/strong> Atrav\u00e9s de pesquisas de mercado e consultoria, as PME obt\u00eam informa\u00e7\u00f5es valiosas sobre as tend\u00eancias das fintech, permitindo-lhes tomar decis\u00f5es informadas relativamente \u00e0 ado\u00e7\u00e3o e investimento em tecnologia.<\/li>\n\n\n\n<li><strong>Mitiga\u00e7\u00e3o de riscos:<\/strong> By identifying potential risks and regulatory challenges early on, <a href=\"https:\/\/www.sisinternational.com\/pt\/solucoes\/pesquisa-de-consultoria-em-estrategia-fintech\/consultoria-go-to-market-de-fintech\/\" title=\"Consultoria FinTech Go-To-Market\" data-wpil-monitor-id=\"5866\">consultants help SMEs navigate the fintech<\/a> landscape more effectively, minimizing the likelihood of costly setbacks.<\/li>\n\n\n\n<li><strong>Efici\u00eancia aprimorada:<\/strong> A implementa\u00e7\u00e3o de solu\u00e7\u00f5es fintech recomendadas por meio de servi\u00e7os de consultoria agiliza os processos de neg\u00f3cios, melhorando a efici\u00eancia operacional e a economia de custos.<\/li>\n\n\n\n<li><strong>Vantagem competitiva:<\/strong> Aproveitar estrategicamente a fintech d\u00e1 \u00e0s PME uma vantagem competitiva, permitindo-lhes diferenciar as suas ofertas, atrair clientes e expandir a quota de mercado.<\/li>\n<\/ul>\n\n\n\n<h2 class=\"wp-block-heading\">Quem usa pesquisa de mercado e consultoria estrat\u00e9gica para PME Fintech<\/h2>\n\n\n\n<figure class=\"wp-block-image\"><img decoding=\"async\" src=\"https:\/\/www.sisinternational.com\/wp-content\/uploads\/2025\/02\/Fintech-21.jpeg\" alt=\"Pesquisa e Estrat\u00e9gia de Mercado Internacional da SIS\" class=\"wp-image-56164\"><\/figure>\n\n\n\n<p><\/p>\n\n\n\n<p><strong>Small and Medium-Sized Enterprises<\/strong> often need more resources and expertise to navigate the complex fintech landscape independently.&nbsp;<\/p>\n\n\n\n<p>Al\u00e9m disso, <strong>iniciantes<\/strong> seeking to disrupt traditional financial services can leverage consulting services to refine their business models, identify market opportunities, and secure funding from investors. Similarly, <strong>financial Institutions<\/strong> such as banks and credit unions are increasingly turning to SME <a href=\"https:\/\/www.sisinternational.com\/pt\/fintech-trends-2025\/\" title=\"FinTech Trends\" data-wpil-monitor-id=\"6648\">fintech market research and strategy<\/a> consulting to enhance their offerings and stay competitive.<\/p>\n\n\n\n<p><strong>Investors and Venture Capitalists<\/strong> looking to capitalize on the growing fintech market also rely on consulting firms for due diligence and market analysis before making investment decisions. Consultants provide insights into market trends, competitive landscapes, and potential risks.<\/p>\n\n\n\n<h2 class=\"wp-block-heading\">Resultados esperados de nossa pesquisa de mercado e consultoria estrat\u00e9gica para PME Fintech<\/h2>\n\n\n\n<figure class=\"gb-block-image gb-block-image-4c3ee88c\"><img loading=\"lazy\" decoding=\"async\" width=\"1456\" height=\"816\" class=\"gb-image gb-image-4c3ee88c\" src=\"https:\/\/www.sisinternational.com\/wp-content\/uploads\/2025\/10\/SME-Fintech-1.jpg\" alt=\"Pesquisa e Estrat\u00e9gia de Mercado Internacional da SIS\" title=\"SME Fintech (1)\" srcset=\"https:\/\/www.sisinternational.com\/wp-content\/uploads\/2025\/10\/SME-Fintech-1.jpg 1456w, https:\/\/www.sisinternational.com\/wp-content\/uploads\/2025\/10\/SME-Fintech-1-300x168.jpg 300w, https:\/\/www.sisinternational.com\/wp-content\/uploads\/2025\/10\/SME-Fintech-1-1024x574.jpg 1024w, https:\/\/www.sisinternational.com\/wp-content\/uploads\/2025\/10\/SME-Fintech-1-768x430.jpg 768w, https:\/\/www.sisinternational.com\/wp-content\/uploads\/2025\/10\/SME-Fintech-1-18x10.jpg 18w\" sizes=\"auto, (max-width: 1456px) 100vw, 1456px\"><\/figure>\n\n\n\n<p><\/p>\n\n\n\n<p>O envolvimento em pesquisas de mercado de fintech para PMEs e consultoria estrat\u00e9gica produz uma s\u00e9rie de resultados para as empresas, incluindo:<\/p>\n\n\n\n<ul class=\"wp-block-list\">\n<li><strong>Efici\u00eancia Operacional Melhorada:<\/strong> Ao implementar solu\u00e7\u00f5es fintech recomendadas, as PME podem agilizar as suas opera\u00e7\u00f5es, automatizar processos manuais e reduzir despesas administrativas, resultando em poupan\u00e7as de custos e aumento da produtividade.<\/li>\n\n\n\n<li><strong>Experi\u00eancia aprimorada do cliente:<\/strong> Leveraging fintech enables SMEs to offer innovative products and services tailored to meet their customers&#8217; evolving needs, leading to higher levels of customer satisfaction, loyalty, and retention.<\/li>\n\n\n\n<li><strong>Maior vantagem competitiva:<\/strong> Ao permanecerem \u00e0 frente das tend\u00eancias das fintech e ao abra\u00e7arem a transforma\u00e7\u00e3o digital, as PME podem diferenciar-se dos concorrentes, atrair novos clientes e expandir a quota de mercado.<\/li>\n\n\n\n<li><strong>Acesso a novos mercados:<\/strong> As solu\u00e7\u00f5es Fintech, como plataformas de com\u00e9rcio eletr\u00f3nico, sistemas de pagamento digital e aplica\u00e7\u00f5es banc\u00e1rias m\u00f3veis, facilitam o acesso aos mercados globais, permitindo \u00e0s PME alcan\u00e7ar clientes para al\u00e9m das fronteiras geogr\u00e1ficas tradicionais.<\/li>\n\n\n\n<li><strong>Mitiga\u00e7\u00e3o de riscos e conformidade:<\/strong> Through strategic consulting, SMEs can navigate regulatory challenges and mitigate compliance risks associated with fintech adoption.\u00a0<\/li>\n<\/ul>\n\n\n\n<h2 class=\"wp-block-heading\">Oportunidades em pesquisa de mercado Fintech para PMEs e consultoria estrat\u00e9gica para empresas<\/h2>\n\n\n\n<p>Explorar oportunidades em pesquisa de mercado de fintech para PMEs e consultoria estrat\u00e9gica revela muitos caminhos para as empresas prosperarem e se destacarem:<\/p>\n\n\n\n<ul class=\"wp-block-list\">\n<li><strong>Expans\u00e3o do mercado:<\/strong> Os consultores ajudam as PME a aproveitar solu\u00e7\u00f5es fintech para expandir o seu alcance de mercado, explorando novos segmentos de clientes e mercados geogr\u00e1ficos anteriormente inacess\u00edveis atrav\u00e9s dos canais tradicionais.<\/li>\n\n\n\n<li><strong>Inova\u00e7\u00e3o de produto:<\/strong> Atrav\u00e9s de pesquisa de mercado e consultoria estrat\u00e9gica, as PME podem aproveitar a fintech para inovar as suas ofertas de produtos, introduzindo novos recursos, funcionalidades e servi\u00e7os de valor acrescentado que repercutam nos clientes e os diferenciem dos concorrentes.<\/li>\n\n\n\n<li><strong>Efici\u00eancia operacional:<\/strong> As solu\u00e7\u00f5es Fintech simplificam processos internos, automatizam tarefas repetitivas e otimizam a aloca\u00e7\u00e3o de recursos, resultando em maior efici\u00eancia operacional, redu\u00e7\u00e3o de custos e melhor desempenho final.<\/li>\n\n\n\n<li><strong>Gerenciamento de riscos:<\/strong> Os consultores ajudam as PME a navegar pelas complexidades regulamentares e a mitigar os riscos associados \u00e0 ado\u00e7\u00e3o de fintech, garantindo a conformidade com os requisitos legais e protegendo-as contra potenciais amea\u00e7as \u00e0 continuidade dos neg\u00f3cios.<\/li>\n\n\n\n<li><strong>Oportunidades de parceria:<\/strong> As empresas de consultoria facilitam parcerias e colabora\u00e7\u00f5es estrat\u00e9gicas entre PME e fornecedores de fintech, permitindo o acesso a tecnologias inovadoras, recursos partilhados e novos fluxos de receitas.<\/li>\n<\/ul>\n\n\n\n<h2 class=\"wp-block-heading\">Desafios da pesquisa de mercado e consultoria estrat\u00e9gica para PME Fintech para empresas<\/h2>\n\n\n\n<p>Apesar das m\u00faltiplas oportunidades, a pesquisa de mercado de fintech e a consultoria estrat\u00e9gica para PMEs tamb\u00e9m apresentam v\u00e1rios desafios para as empresas navegarem, incluindo:<\/p>\n\n\n\n<ul class=\"wp-block-list\">\n<li><strong>Complexidade do cen\u00e1rio Fintech:<\/strong> O ritmo acelerado da inova\u00e7\u00e3o tecnol\u00f3gica e a prolifera\u00e7\u00e3o de solu\u00e7\u00f5es fintech tornam um desafio para as empresas navegar no complexo cen\u00e1rio de op\u00e7\u00f5es, avaliar a sua adequa\u00e7\u00e3o e identificar as solu\u00e7\u00f5es mais eficazes para as suas necessidades espec\u00edficas.<\/li>\n\n\n\n<li><strong>Conformidade regulat\u00f3ria:<\/strong> A conformidade com os requisitos regulamentares em evolu\u00e7\u00e3o apresenta um desafio significativo para as empresas que adotam solu\u00e7\u00f5es fintech. Navegar pelas estruturas regulat\u00f3rias, garantir a seguran\u00e7a dos dados e mitigar os riscos de conformidade exigem conhecimentos e recursos especializados.<\/li>\n\n\n\n<li><strong>Integra\u00e7\u00e3o e Implementa\u00e7\u00e3o:<\/strong> A integra\u00e7\u00e3o de novas solu\u00e7\u00f5es fintech em sistemas e fluxos de trabalho existentes pode ser complexa e demorada. As empresas devem garantir integra\u00e7\u00e3o perfeita, interoperabilidade de dados e ado\u00e7\u00e3o pelos usu\u00e1rios para aproveitar todos os benef\u00edcios da ado\u00e7\u00e3o de fintech.<\/li>\n\n\n\n<li><strong>Riscos de seguran\u00e7a cibern\u00e9tica:<\/strong> O aumento da digitaliza\u00e7\u00e3o traz maiores riscos de seguran\u00e7a cibern\u00e9tica, incluindo viola\u00e7\u00f5es de dados, ataques cibern\u00e9ticos e fraudes. As empresas devem implementar medidas robustas de seguran\u00e7a cibern\u00e9tica para proteger informa\u00e7\u00f5es confidenciais, dados de clientes e transa\u00e7\u00f5es financeiras contra amea\u00e7as \u00e0 seguran\u00e7a.<\/li>\n<\/ul>\n\n\n\n<h2 class=\"wp-block-heading\">O que diferencia a pesquisa de mercado e consultoria estrat\u00e9gica da SIS PME Fintech?<\/h2>\n\n\n\n<figure class=\"gb-block-image gb-block-image-80ccc030\"><img loading=\"lazy\" decoding=\"async\" width=\"1456\" height=\"816\" class=\"gb-image gb-image-80ccc030\" src=\"https:\/\/www.sisinternational.com\/wp-content\/uploads\/2025\/10\/SME-Fintech-2.jpg\" alt=\"Pesquisa e Estrat\u00e9gia de Mercado Internacional da SIS\" title=\"SME Fintech (2)\" srcset=\"https:\/\/www.sisinternational.com\/wp-content\/uploads\/2025\/10\/SME-Fintech-2.jpg 1456w, https:\/\/www.sisinternational.com\/wp-content\/uploads\/2025\/10\/SME-Fintech-2-300x168.jpg 300w, https:\/\/www.sisinternational.com\/wp-content\/uploads\/2025\/10\/SME-Fintech-2-1024x574.jpg 1024w, https:\/\/www.sisinternational.com\/wp-content\/uploads\/2025\/10\/SME-Fintech-2-768x430.jpg 768w, https:\/\/www.sisinternational.com\/wp-content\/uploads\/2025\/10\/SME-Fintech-2-18x10.jpg 18w\" sizes=\"auto, (max-width: 1456px) 100vw, 1456px\"><\/figure>\n\n\n\n<p><\/p>\n\n\n\n<p><a href=\"https:\/\/www.linkedin.com\/company\/sisinternationalresearch\/posts\/?feedView=all\" target=\"_blank\" rel=\"noopener\">SIS<\/a> SME fintech market research and strategy consulting stand out for several distinctive features that set it apart from traditional consulting approaches:<\/p>\n\n\n\n<ul class=\"wp-block-list\">\n<li><strong>Abordagem Centrada no Cliente:<\/strong> A consultoria SIS enfatiza fortemente a compreens\u00e3o das necessidades, desafios e aspira\u00e7\u00f5es exclusivas de cada cliente. Os consultores adotam uma abordagem personalizada, desenvolvendo solu\u00e7\u00f5es customizadas que se alinham aos objetivos de neg\u00f3cios do cliente e \u00e0 din\u00e2mica do setor.<\/li>\n\n\n\n<li><strong>Perspectiva hol\u00edstica:<\/strong> Rather than focusing solely on technology or strategy in isolation, SIS consulting takes a holistic view of the client&#8217;s business, considering factors such as market trends, regulatory requirements, competitive landscape, and organizational culture.\u00a0<\/li>\n\n\n\n<li><strong>Solu\u00e7\u00f5es inovadoras:<\/strong> SIS consultants leverage cutting-edge fintech solutions and creative methodologies to drive business transformation and unlock new growth opportunities.\u00a0<\/li>\n\n\n\n<li><strong>Parceria Colaborativa:<\/strong> Os especialistas do SIS promovem uma parceria colaborativa entre consultores e clientes, baseada na confian\u00e7a, transpar\u00eancia e comunica\u00e7\u00e3o aberta. Os consultores trabalham em estreita colabora\u00e7\u00e3o com os clientes durante todo o processo de consultoria, solicitando feedback, compartilhando insights e co-criando solu\u00e7\u00f5es que agreguem valor tang\u00edvel.<\/li>\n\n\n\n<li><strong>Impacto a longo prazo:<\/strong> A SIS prioriza solu\u00e7\u00f5es que proporcionam impacto sustent\u00e1vel e de longo prazo aos clientes. Os consultores se concentram na constru\u00e7\u00e3o de capacidades, na promo\u00e7\u00e3o da resili\u00eancia e na promo\u00e7\u00e3o da melhoria cont\u00ednua para garantir que os clientes estejam bem posicionados para o sucesso no cen\u00e1rio de fintech em constante mudan\u00e7a.<\/li>\n<\/ul>\n\n\n\n<h2 class=\"wp-block-heading\">Localiza\u00e7\u00e3o de nossas instala\u00e7\u00f5es em Nova York<\/h2>\n\n\n\n<p>  <iframe loading=\"lazy\" src=\"https:\/\/www.google.com\/maps\/embed?pb=!1m18!1m12!1m3!1d3022.976188376966!2d-73.99130312499956!3d40.740549471389315!2m3!1f0!2f0!3f0!3m2!1i1024!2i768!4f13.1!3m3!1m2!1s0x89c259a15798c731%3A0xd695d09bdd495f25!2s11%20E%2022nd%20St%20FL%202%2C%20New%20York%2C%20NY%2010010%2C%20USA!5e0!3m2!1sen!2spe!4v1726171763526!5m2!1sen!2spe\" width=\"600\" height=\"450\" allowfullscreen=\"allowfullscreen\" data-mce-fragment=\"1\"><\/iframe>  <\/p>\n\n\n\n<h3 class=\"wp-block-heading\">11 E 22nd Street, 2\u00ba andar, Nova York, NY 10010 T: +1(212) 505-6805<\/h3>\n\n\n\n<hr class=\"wp-block-separator has-alpha-channel-opacity\"\/>\n\n\n\n<h2 class=\"wp-block-heading\"><span style=\"font-weight: 400;\">Sobre SIS Internacional<\/span><\/h2>\n\n\n\n<p><a href=\"https:\/\/www.sisinternational.com\/pt\/\"><span style=\"font-weight: 400;\">SIS Internacional<\/span><\/a><span style=\"font-weight: 400;\"> oferece pesquisa quantitativa, qualitativa e estrat\u00e9gica. Fornecemos dados, ferramentas, estrat\u00e9gias, relat\u00f3rios e insights para a tomada de decis\u00f5es. Tamb\u00e9m realizamos entrevistas, pesquisas, grupos focais e outros m\u00e9todos e abordagens de Pesquisa de Mercado.<\/span><a href=\"https:\/\/www.sisinternational.com\/pt\/sobre-a-sis-international-research\/contact-sis-international-market-research\/\"><span style=\"font-weight: 400;\"> Entre em contato conosco<\/span><\/a><span style=\"font-weight: 400;\"> para o seu pr\u00f3ximo projeto de pesquisa de mercado.<\/span><\/p>","protected":false},"excerpt":{"rendered":"<p>A pesquisa de mercado de fintech e consultoria estrat\u00e9gica para PMEs auxilia PMEs com fintech e empresas com tend\u00eancias de mercado e formula\u00e7\u00e3o de estrat\u00e9gias.<\/p>","protected":false},"author":1,"featured_media":71806,"parent":27462,"menu_order":71,"comment_status":"closed","ping_status":"closed","template":"","meta":{"footnotes":""},"class_list":["post-46567","page","type-page","status-publish","has-post-thumbnail"],"_links":{"self":[{"href":"https:\/\/www.sisinternational.com\/pt\/wp-json\/wp\/v2\/pages\/46567","targetHints":{"allow":["GET"]}}],"collection":[{"href":"https:\/\/www.sisinternational.com\/pt\/wp-json\/wp\/v2\/pages"}],"about":[{"href":"https:\/\/www.sisinternational.com\/pt\/wp-json\/wp\/v2\/types\/page"}],"author":[{"embeddable":true,"href":"https:\/\/www.sisinternational.com\/pt\/wp-json\/wp\/v2\/users\/1"}],"replies":[{"embeddable":true,"href":"https:\/\/www.sisinternational.com\/pt\/wp-json\/wp\/v2\/comments?post=46567"}],"version-history":[{"count":17,"href":"https:\/\/www.sisinternational.com\/pt\/wp-json\/wp\/v2\/pages\/46567\/revisions"}],"predecessor-version":[{"id":80674,"href":"https:\/\/www.sisinternational.com\/pt\/wp-json\/wp\/v2\/pages\/46567\/revisions\/80674"}],"up":[{"embeddable":true,"href":"https:\/\/www.sisinternational.com\/pt\/wp-json\/wp\/v2\/pages\/27462"}],"wp:featuredmedia":[{"embeddable":true,"href":"https:\/\/www.sisinternational.com\/pt\/wp-json\/wp\/v2\/media\/71806"}],"wp:attachment":[{"href":"https:\/\/www.sisinternational.com\/pt\/wp-json\/wp\/v2\/media?parent=46567"}],"curies":[{"name":"wp","href":"https:\/\/api.w.org\/{rel}","templated":true}]}}