{"id":46563,"date":"2024-02-28T13:29:46","date_gmt":"2024-02-28T18:29:46","guid":{"rendered":"https:\/\/www.sisinternational.com\/?page_id=46563"},"modified":"2026-01-27T16:48:52","modified_gmt":"2026-01-27T21:48:52","slug":"consultoria-em-estrategia-de-pesquisa-de-mercado-para-investidores-esg","status":"publish","type":"page","link":"https:\/\/www.sisinternational.com\/pt\/solucoes\/consultoria-estrategica\/consultoria-em-estrategia-de-pesquisa-de-mercado-para-investidores-esg\/","title":{"rendered":"ESG Investor Strategy Consulting"},"content":{"rendered":"<h1 class=\"wp-block-heading\">ESG Investor Strategy Consulting<\/h1>\n\n\n\n<figure class=\"gb-block-image gb-block-image-1f30b83f\"><img loading=\"lazy\" decoding=\"async\" width=\"1456\" height=\"816\" class=\"gb-image gb-image-1f30b83f\" src=\"https:\/\/www.sisinternational.com\/wp-content\/uploads\/2025\/10\/ESG-Investor-3.jpg\" alt=\"Pesquisa e Estrat\u00e9gia de Mercado Internacional da SIS\" title=\"ESG Investor (3)\" srcset=\"https:\/\/www.sisinternational.com\/wp-content\/uploads\/2025\/10\/ESG-Investor-3.jpg 1456w, https:\/\/www.sisinternational.com\/wp-content\/uploads\/2025\/10\/ESG-Investor-3-300x168.jpg 300w, https:\/\/www.sisinternational.com\/wp-content\/uploads\/2025\/10\/ESG-Investor-3-1024x574.jpg 1024w, https:\/\/www.sisinternational.com\/wp-content\/uploads\/2025\/10\/ESG-Investor-3-768x430.jpg 768w, https:\/\/www.sisinternational.com\/wp-content\/uploads\/2025\/10\/ESG-Investor-3-18x10.jpg 18w\" sizes=\"auto, (max-width: 1456px) 100vw, 1456px\"><\/figure>\n\n\n\n<p><\/p>\n\n\n\n<p>No atual cen\u00e1rio financeiro em r\u00e1pida evolu\u00e7\u00e3o, o investimento sustent\u00e1vel emergiu como uma pedra angular para os investidores que procuram alinhar os seus objetivos financeiros com considera\u00e7\u00f5es ambientais, sociais e de governa\u00e7\u00e3o (ESG). Portanto, \u00e0 medida que o foco no investimento ESG se intensifica, as empresas recorrem cada vez mais \u00e0 pesquisa de mercado de investidores ESG e \u00e0 consultoria estrat\u00e9gica para navegar eficazmente neste terreno complexo.<\/p>\n\n\n\n<h2 class=\"wp-block-heading\">Compreendendo a pesquisa de mercado e consultoria estrat\u00e9gica do investidor ESG<\/h2>\n\n\n\n<p>A pesquisa de mercado para investidores ESG e a consultoria estrat\u00e9gica examinam v\u00e1rios crit\u00e9rios ambientais, sociais e de governan\u00e7a para avaliar seu impacto no desempenho do investimento e na gest\u00e3o de riscos. Ao realizar pesquisas de mercado minuciosas, os consultores identificam tend\u00eancias emergentes, avaliam o sentimento dos investidores e avaliam o cen\u00e1rio competitivo no espa\u00e7o de investimento ESG.<\/p>\n\n\n\n<p>Al\u00e9m disso, a pesquisa de mercado e a consultoria estrat\u00e9gica fornecem insights pr\u00e1ticos para ajudar as empresas a desenvolver estrat\u00e9gias robustas de investimento ESG alinhadas com os seus objetivos financeiros e metas de sustentabilidade. Os consultores trabalham em estreita colabora\u00e7\u00e3o com os clientes para compreender os seus valores \u00fanicos, toler\u00e2ncia ao risco e prefer\u00eancias de investimento, adaptando recomenda\u00e7\u00f5es para otimizar o desempenho do portf\u00f3lio e, ao mesmo tempo, promovendo pr\u00e1ticas de investimento respons\u00e1veis.<\/p>\n\n\n\n<h2 class=\"wp-block-heading\">Import\u00e2ncia da pesquisa de mercado e consultoria estrat\u00e9gica para investidores ESG<\/h2>\n\n\n\n<figure class=\"gb-block-image gb-block-image-3898f360\"><img loading=\"lazy\" decoding=\"async\" width=\"1456\" height=\"816\" class=\"gb-image gb-image-3898f360\" src=\"https:\/\/www.sisinternational.com\/wp-content\/uploads\/2025\/10\/ESG-Investor-2.jpg\" alt=\"Pesquisa e Estrat\u00e9gia de Mercado Internacional da SIS\" title=\"ESG Investor (2)\" srcset=\"https:\/\/www.sisinternational.com\/wp-content\/uploads\/2025\/10\/ESG-Investor-2.jpg 1456w, https:\/\/www.sisinternational.com\/wp-content\/uploads\/2025\/10\/ESG-Investor-2-300x168.jpg 300w, https:\/\/www.sisinternational.com\/wp-content\/uploads\/2025\/10\/ESG-Investor-2-1024x574.jpg 1024w, https:\/\/www.sisinternational.com\/wp-content\/uploads\/2025\/10\/ESG-Investor-2-768x430.jpg 768w, https:\/\/www.sisinternational.com\/wp-content\/uploads\/2025\/10\/ESG-Investor-2-18x10.jpg 18w\" sizes=\"auto, (max-width: 1456px) 100vw, 1456px\"><\/figure>\n\n\n\n<p><\/p>\n\n\n\n<p>A pesquisa de mercado para investidores ESG e a consultoria estrat\u00e9gica ajudam as empresas a identificar e mitigar riscos ambientais, sociais e de governan\u00e7a que podem impactar suas carteiras de investimentos. Ao integrar factores ESG nos seus processos de tomada de decis\u00e3o, as empresas podem proteger os seus investimentos e salvaguardar o valor dos accionistas contra riscos emergentes relacionados com a sustentabilidade.<\/p>\n\n\n\n<p>Esta pesquisa de mercado e consultoria proporcionam \u00e0s empresas uma compreens\u00e3o mais profunda das oportunidades e desafios associados ao investimento sustent\u00e1vel. Ao analisar dados e tend\u00eancias ESG, as empresas podem tomar decis\u00f5es de investimento informadas que se alinhem com os seus valores e objetivos financeiros de longo prazo. Isto permite-lhes identificar oportunidades de investimento atraentes em setores com forte desempenho ESG e evitar potenciais armadilhas associadas a pr\u00e1ticas insustent\u00e1veis.<\/p>\n\n\n\n<p>A pesquisa de mercado de investidores ESG e a consultoria estrat\u00e9gica tamb\u00e9m ajudam as empresas a melhorar seus relacionamentos com as partes interessadas, incluindo investidores, clientes, funcion\u00e1rios e reguladores. Demonstra um compromisso com a sustentabilidade e o investimento respons\u00e1vel, as empresas podem refor\u00e7ar a sua reputa\u00e7\u00e3o, atrair investidores socialmente conscientes e promover uma maior confian\u00e7a e lealdade entre as principais partes interessadas. No entanto, tem muitos outros benef\u00edcios para as empresas, incluindo:<\/p>\n\n\n\n<ul class=\"wp-block-list\">\n<li><strong>Gerenciamento de risco aprimorado:<\/strong> A pesquisa de mercado e a consultoria estrat\u00e9gica permitem que as empresas identifiquem e avaliem os riscos relacionados com ESG que podem impactar as suas carteiras de investimento. Al\u00e9m disso, ao incorporar fatores ESG nos seus quadros de gest\u00e3o de risco, as empresas podem construir resili\u00eancia contra amea\u00e7as emergentes relacionadas com a sustentabilidade, como as altera\u00e7\u00f5es clim\u00e1ticas, altera\u00e7\u00f5es regulamentares e riscos de reputa\u00e7\u00e3o.<\/li>\n\n\n\n<li><strong>Melhor desempenho financeiro:<\/strong> Numerosos estudos demonstraram uma correla\u00e7\u00e3o positiva entre um forte desempenho ESG e retornos financeiros. A pesquisa de mercado de investidores ESG e a consultoria estrat\u00e9gica ajudam as empresas a identificar oportunidades de investimento com fortes credenciais ESG, levando a um melhor desempenho financeiro e vantagem competitiva.<\/li>\n\n\n\n<li><strong>Acesso ao capital e demanda dos investidores:<\/strong> \u00c0 medida que a procura de investimentos sustent\u00e1veis continua a aumentar, as empresas que d\u00e3o prioridade a considera\u00e7\u00f5es ESG est\u00e3o melhor posicionadas para atrair capital de investidores socialmente conscientes, tais como fundos com foco em ESG, fundos de pens\u00f5es e investidores institucionais.<\/li>\n\n\n\n<li><strong>Maior envolvimento e reputa\u00e7\u00e3o das partes interessadas:<\/strong> A pesquisa de mercado e a consultoria estrat\u00e9gica ajudam as empresas a identificar as principais quest\u00f5es ESG que s\u00e3o mais importantes para as suas partes interessadas e a desenvolver estrat\u00e9gias para abord\u00e1-las de forma eficaz. Ao envolver-se com as partes interessadas em quest\u00f5es ESG, as empresas podem melhorar a sua reputa\u00e7\u00e3o, construir confian\u00e7a e promover relacionamentos de longo prazo que impulsionam o crescimento sustent\u00e1vel dos neg\u00f3cios.<\/li>\n\n\n\n<li><strong>Alinhamento com Requisitos Regulat\u00f3rios:<\/strong> A pesquisa de mercado de investidores ESG ajuda as empresas a se manterem \u00e0 frente da evolu\u00e7\u00e3o das regulamenta\u00e7\u00f5es e padr\u00f5es de relat\u00f3rios ESG, garantindo a conformidade com os requisitos legais e as melhores pr\u00e1ticas do setor. Ao adotar pr\u00e1ticas transparentes e robustas de relat\u00f3rios ESG, as empresas podem demonstrar responsabilidade, mitigar riscos regulat\u00f3rios e aumentar a sua credibilidade junto de reguladores, investidores e outras partes interessadas.<\/li>\n<\/ul>\n\n\n\n<h2 class=\"wp-block-heading\">Quem usa pesquisa de mercado e consultoria estrat\u00e9gica para investidores ESG<\/h2>\n\n\n\n<p>Investment managers and asset owners such as pension funds, endowments, and sovereign wealth funds, use ESG investor market research and <a href=\"https:\/\/www.sisinternational.com\/pt\/estrategias-de-sustentabilidade-corporativa-um-estudo-de-caso-da-siemens-2\/\" title=\"Estrat\u00e9gias de Sustentabilidade Corporativa: Um Estudo de Caso da Siemens\"  data-wpil-monitor-id=\"1751\">consultoria estrat\u00e9gica<\/a> to identify investment opportunities that align with their sustainability objectives and financial goals. By integrating ESG considerations into their investment strategies, these stakeholders aim to generate long-term value, manage risk, and meet the growing demand for sustainable investment options from their clients and beneficiaries.<\/p>\n\n\n\n<p>Al\u00e9m disso, os executivos corporativos e os conselhos de administra\u00e7\u00e3o aproveitam a pesquisa de mercado e a consultoria estrat\u00e9gica para compreender as expectativas dos investidores, identificar riscos e oportunidades relacionados com ESG e melhorar as pr\u00e1ticas de governa\u00e7\u00e3o corporativa. Como resultado da prioriza\u00e7\u00e3o dos fatores ESG nos seus processos de tomada de decis\u00e3o, estas partes interessadas podem fortalecer o seu posicionamento competitivo, melhorar as rela\u00e7\u00f5es com as partes interessadas e impulsionar a cria\u00e7\u00e3o de valor a longo prazo para as suas organiza\u00e7\u00f5es e acionistas.<\/p>\n\n\n\n<p>Additionally, financial analysts and <a href=\"https:\/\/www.sisinternational.com\/pt\/cobertura\/as-americas\/pesquisa-de-mercado-no-caribe\/pesquisa-de-mercado-guadalupe\/\" title=\"Pesquisa de mercado em Guadalupe\"  data-wpil-monitor-id=\"6096\">research firms use market<\/a> research and strategy consulting to assess companies&#8217; sustainability performance and risk profile across various sectors and industries. With the analysis and integration of ESG data into their investment models and research reports, these stakeholders provide valuable insights to investors, enabling them to make informed investment decisions based on financial and non-financial factors.<\/p>\n\n\n\n<p>Os reguladores e os decisores pol\u00edticos tamb\u00e9m contam com esta pesquisa de mercado e consultoria estrat\u00e9gica para desenvolver e implementar quadros regulamentares que promovam a transpar\u00eancia, a responsabiliza\u00e7\u00e3o e a sustentabilidade nos mercados financeiros. Atrav\u00e9s da monitoriza\u00e7\u00e3o das tend\u00eancias e pr\u00e1ticas ESG, da avalia\u00e7\u00e3o dos riscos de mercado e do envolvimento com as partes interessadas do setor, os reguladores podem criar um ambiente mais prop\u00edcio ao investimento respons\u00e1vel e garantir a integridade e a estabilidade dos mercados financeiros.<\/p>\n\n\n\n<h2 class=\"wp-block-heading\">Quando conduzir pesquisas de mercado e consultoria estrat\u00e9gica para investidores ESG<\/h2>\n\n\n\n<figure class=\"gb-block-image gb-block-image-9cac8af4\"><img loading=\"lazy\" decoding=\"async\" width=\"1456\" height=\"816\" class=\"gb-image gb-image-9cac8af4\" src=\"https:\/\/www.sisinternational.com\/wp-content\/uploads\/2025\/10\/ESG-Investor-4.jpg\" alt=\"Pesquisa e Estrat\u00e9gia de Mercado Internacional da SIS\" title=\"ESG Investor (4)\" srcset=\"https:\/\/www.sisinternational.com\/wp-content\/uploads\/2025\/10\/ESG-Investor-4.jpg 1456w, https:\/\/www.sisinternational.com\/wp-content\/uploads\/2025\/10\/ESG-Investor-4-300x168.jpg 300w, https:\/\/www.sisinternational.com\/wp-content\/uploads\/2025\/10\/ESG-Investor-4-1024x574.jpg 1024w, https:\/\/www.sisinternational.com\/wp-content\/uploads\/2025\/10\/ESG-Investor-4-768x430.jpg 768w, https:\/\/www.sisinternational.com\/wp-content\/uploads\/2025\/10\/ESG-Investor-4-18x10.jpg 18w\" sizes=\"auto, (max-width: 1456px) 100vw, 1456px\"><\/figure>\n\n\n\n<p><\/p>\n\n\n\n<p>Determining the optimal timing for conducting <a href=\"https:\/\/www.sisinternational.com\/pt\/otimizando-sites-corporativos-para-roi\/\" title=\"Otimizando sites corporativos para ROI\"  data-wpil-monitor-id=\"7596\">ESG investor market research and strategy<\/a> consulting involves considering various factors and aligning with strategic objectives. Here are some key considerations:<\/p>\n\n\n\n<ul class=\"wp-block-list\">\n<li><strong>Ciclos de relat\u00f3rios corporativos:<\/strong> As empresas devem alinhar o calend\u00e1rio da pesquisa de mercado dos investidores ESG com os ciclos de relat\u00f3rios corporativos, tais como per\u00edodos de relat\u00f3rios anuais ou trimestrais, para garantir a divulga\u00e7\u00e3o atempada de informa\u00e7\u00f5es relacionadas com ESG, o cumprimento dos requisitos regulamentares e a comunica\u00e7\u00e3o transparente com as partes interessadas.<\/li>\n\n\n\n<li><strong>Due Diligence em Fus\u00f5es e Aquisi\u00e7\u00f5es (M&amp;A):<\/strong> A realiza\u00e7\u00e3o de pesquisas de mercado e consultoria estrat\u00e9gica como parte dos processos de due diligence de fus\u00f5es e aquisi\u00e7\u00f5es \u00e9 fundamental para avaliar os riscos e oportunidades ESG associados \u00e0s empresas-alvo, avaliar potenciais sinergias e desafios de integra\u00e7\u00e3o e mitigar os riscos relacionados com ESG nas negocia\u00e7\u00f5es de neg\u00f3cios.<\/li>\n\n\n\n<li><strong>Obriga\u00e7\u00f5es de conformidade regulat\u00f3ria e divulga\u00e7\u00e3o:<\/strong> \u00c9 vital manter-se a par da evolu\u00e7\u00e3o dos requisitos regulamentares e dos padr\u00f5es da ind\u00fastria relacionados com a divulga\u00e7\u00e3o, relat\u00f3rios e conformidade ESG, e realizar pesquisas de mercado de investidores ESG em conformidade para garantir a ades\u00e3o aos mandatos regulamentares e mitigar os riscos regulamentares.<\/li>\n<\/ul>\n\n\n\n<h2 class=\"wp-block-heading\">Resultados esperados de nossa pesquisa de mercado e consultoria estrat\u00e9gica para investidores ESG<\/h2>\n\n\n\n<p>O envolvimento em pesquisas de mercado de investidores ESG e consultoria estrat\u00e9gica pode levar a uma s\u00e9rie de resultados positivos para organiza\u00e7\u00f5es comprometidas com a sustentabilidade e pr\u00e1ticas empresariais respons\u00e1veis \u2013 e aqui est\u00e3o alguns resultados esperados:<\/p>\n\n\n\n<ul class=\"wp-block-list\">\n<li><strong>Desempenho ESG aprimorado:<\/strong> Atrav\u00e9s de pesquisas de mercado minuciosas e consultoria estrat\u00e9gica, as organiza\u00e7\u00f5es podem identificar oportunidades para melhorar o seu desempenho ESG.<\/li>\n\n\n\n<li><strong>Melhor gerenciamento de riscos:<\/strong> A pesquisa de mercado e a consultoria estrat\u00e9gica ajudam as organiza\u00e7\u00f5es a identificar e mitigar riscos relacionados a ESG, como problemas de conformidade regulat\u00f3ria, interrup\u00e7\u00f5es na cadeia de suprimentos e danos \u00e0 reputa\u00e7\u00e3o.<\/li>\n\n\n\n<li><strong>Acesso ao capital:<\/strong> Demonstrar um forte desempenho ESG e compromisso com a sustentabilidade pode atrair investidores que priorizem crit\u00e9rios de investimento respons\u00e1vel.<\/li>\n\n\n\n<li><strong>Maior confian\u00e7a das partes interessadas:<\/strong> Atrav\u00e9s de relat\u00f3rios e comunica\u00e7\u00f5es transparentes sobre o desempenho ESG, as organiza\u00e7\u00f5es podem construir confian\u00e7a e credibilidade junto das partes interessadas, incluindo investidores, clientes, funcion\u00e1rios e comunidades.<\/li>\n\n\n\n<li><strong>Inova\u00e7\u00e3o e crescimento empresarial:<\/strong> <a href=\"https:\/\/www.sisinternational.com\/pt\/solucoes\/pesquisa-de-mercado-de-ia-e-consultoria-estrategica\/empresa-de-consultoria-em-estrategia-de-crescimento\/\" title=\"Empresa de consultoria em estrat\u00e9gia de crescimento\"  data-wpil-monitor-id=\"1696\">ESG investor market research and strategy consulting<\/a> can uncover opportunities for innovation, product development, and market expansion aligned with sustainability trends and stakeholder preferences.<\/li>\n<\/ul>\n\n\n\n<h2 class=\"wp-block-heading\">A abordagem SIS para pesquisa de mercado de investidores ESG e consultoria estrat\u00e9gica<\/h2>\n\n\n\n<figure class=\"gb-block-image gb-block-image-0fa1240c\"><img loading=\"lazy\" decoding=\"async\" width=\"1456\" height=\"816\" class=\"gb-image gb-image-0fa1240c\" src=\"https:\/\/www.sisinternational.com\/wp-content\/uploads\/2025\/10\/ESG-Investor-1.jpg\" alt=\"Pesquisa e Estrat\u00e9gia de Mercado Internacional da SIS\" title=\"ESG Investor (1)\" srcset=\"https:\/\/www.sisinternational.com\/wp-content\/uploads\/2025\/10\/ESG-Investor-1.jpg 1456w, https:\/\/www.sisinternational.com\/wp-content\/uploads\/2025\/10\/ESG-Investor-1-300x168.jpg 300w, https:\/\/www.sisinternational.com\/wp-content\/uploads\/2025\/10\/ESG-Investor-1-1024x574.jpg 1024w, https:\/\/www.sisinternational.com\/wp-content\/uploads\/2025\/10\/ESG-Investor-1-768x430.jpg 768w, https:\/\/www.sisinternational.com\/wp-content\/uploads\/2025\/10\/ESG-Investor-1-18x10.jpg 18w\" sizes=\"auto, (max-width: 1456px) 100vw, 1456px\"><\/figure>\n\n\n\n<p><\/p>\n\n\n\n<p>Na SIS, nossa abordagem de pesquisa de mercado de investidores ESG e consultoria estrat\u00e9gica est\u00e1 enraizada em uma estrutura abrangente e integrada que abrange sustentabilidade, impacto e envolvimento das partes interessadas. Nosso objetivo \u00e9 proporcionar cria\u00e7\u00e3o de valor sustent\u00e1vel, impacto social e ambiental positivo e envolvimento significativo com as partes interessadas em todo o ecossistema de investimento, concentrando-nos nestes princ\u00edpios fundamentais.<\/p>\n\n\n\n<ul class=\"wp-block-list\">\n<li><strong>Sustentabilidade:<\/strong> A nossa abordagem come\u00e7a com uma compreens\u00e3o profunda dos princ\u00edpios e pr\u00e1ticas de sustentabilidade, reconhecendo a import\u00e2ncia da cria\u00e7\u00e3o de valor a longo prazo, da gest\u00e3o ambiental e da responsabilidade social. Trabalhamos em estreita colabora\u00e7\u00e3o com os clientes para avaliar o seu desempenho ESG, identificar quest\u00f5es materiais e desenvolver estrat\u00e9gias para integrar a sustentabilidade nos seus processos de investimento e estruturas de tomada de decis\u00e3o.<\/li>\n\n\n\n<li><strong>Impacto:<\/strong> Com base na base da sustentabilidade, enfatizamos a medi\u00e7\u00e3o e a maximiza\u00e7\u00e3o do impacto nas dimens\u00f5es ambientais, sociais e de governa\u00e7\u00e3o. Atrav\u00e9s de metodologias e m\u00e9tricas rigorosas de avalia\u00e7\u00e3o de impacto, ajudamos os clientes a avaliar os efeitos tang\u00edveis dos seus investimentos nas principais partes interessadas, nas comunidades e no planeta.<\/li>\n\n\n\n<li><strong>Envolvimento das partes interessadas:<\/strong> No centro da nossa abordagem est\u00e1 o princ\u00edpio do envolvimento das partes interessadas, reconhecendo que a colabora\u00e7\u00e3o e o di\u00e1logo eficazes com investidores, empresas, reguladores e sociedade civil s\u00e3o essenciais para impulsionar pr\u00e1ticas de investimento sustent\u00e1veis. Facilitamos processos transparentes e inclusivos de envolvimento das partes interessadas, permitindo que os clientes re\u00fanam diversas perspectivas, abordem preocupa\u00e7\u00f5es e construam a confian\u00e7a das partes interessadas.<\/li>\n<\/ul>\n\n\n\n<p><\/p>","protected":false},"excerpt":{"rendered":"<p>A pesquisa de mercado para investidores ESG e a consultoria estrat\u00e9gica avaliam os crit\u00e9rios ESG para desempenho de investimento e gest\u00e3o de risco.<\/p>","protected":false},"author":1,"featured_media":71952,"parent":14567,"menu_order":40,"comment_status":"closed","ping_status":"closed","template":"","meta":{"footnotes":""},"class_list":["post-46563","page","type-page","status-publish","has-post-thumbnail"],"_links":{"self":[{"href":"https:\/\/www.sisinternational.com\/pt\/wp-json\/wp\/v2\/pages\/46563","targetHints":{"allow":["GET"]}}],"collection":[{"href":"https:\/\/www.sisinternational.com\/pt\/wp-json\/wp\/v2\/pages"}],"about":[{"href":"https:\/\/www.sisinternational.com\/pt\/wp-json\/wp\/v2\/types\/page"}],"author":[{"embeddable":true,"href":"https:\/\/www.sisinternational.com\/pt\/wp-json\/wp\/v2\/users\/1"}],"replies":[{"embeddable":true,"href":"https:\/\/www.sisinternational.com\/pt\/wp-json\/wp\/v2\/comments?post=46563"}],"version-history":[{"count":11,"href":"https:\/\/www.sisinternational.com\/pt\/wp-json\/wp\/v2\/pages\/46563\/revisions"}],"predecessor-version":[{"id":81219,"href":"https:\/\/www.sisinternational.com\/pt\/wp-json\/wp\/v2\/pages\/46563\/revisions\/81219"}],"up":[{"embeddable":true,"href":"https:\/\/www.sisinternational.com\/pt\/wp-json\/wp\/v2\/pages\/14567"}],"wp:featuredmedia":[{"embeddable":true,"href":"https:\/\/www.sisinternational.com\/pt\/wp-json\/wp\/v2\/media\/71952"}],"wp:attachment":[{"href":"https:\/\/www.sisinternational.com\/pt\/wp-json\/wp\/v2\/media?parent=46563"}],"curies":[{"name":"wp","href":"https:\/\/api.w.org\/{rel}","templated":true}]}}