{"id":46559,"date":"2024-02-28T18:12:29","date_gmt":"2024-02-28T23:12:29","guid":{"rendered":"https:\/\/www.sisinternational.com\/?page_id=46559"},"modified":"2026-01-27T16:38:52","modified_gmt":"2026-01-27T21:38:52","slug":"consultoria-em-governanca-corporativa","status":"publish","type":"page","link":"https:\/\/www.sisinternational.com\/pt\/solucoes\/consultoria-estrategica\/consultoria-em-governanca-corporativa\/","title":{"rendered":"Consultoria em Governan\u00e7a Corporativa"},"content":{"rendered":"<h1 class=\"wp-block-heading\">Consultoria em Governan\u00e7a Corporativa<\/h1>\n\n\n\n<figure class=\"gb-block-image gb-block-image-cb8dd27f\"><img loading=\"lazy\" decoding=\"async\" width=\"1456\" height=\"816\" class=\"gb-image gb-image-cb8dd27f\" src=\"https:\/\/www.sisinternational.com\/wp-content\/uploads\/2025\/10\/Corporate-Governance-4.jpg\" alt=\"Pesquisa e Estrat\u00e9gia de Mercado Internacional da SIS\" title=\"Corporate Governance (4)\" srcset=\"https:\/\/www.sisinternational.com\/wp-content\/uploads\/2025\/10\/Corporate-Governance-4.jpg 1456w, https:\/\/www.sisinternational.com\/wp-content\/uploads\/2025\/10\/Corporate-Governance-4-300x168.jpg 300w, https:\/\/www.sisinternational.com\/wp-content\/uploads\/2025\/10\/Corporate-Governance-4-1024x574.jpg 1024w, https:\/\/www.sisinternational.com\/wp-content\/uploads\/2025\/10\/Corporate-Governance-4-768x430.jpg 768w, https:\/\/www.sisinternational.com\/wp-content\/uploads\/2025\/10\/Corporate-Governance-4-18x10.jpg 18w\" sizes=\"auto, (max-width: 1456px) 100vw, 1456px\"><\/figure>\n\n\n\n<p><\/p>\n\n\n\n<p>A sua empresa est\u00e1 aproveitando todo o poder de uma governan\u00e7a corporativa eficaz para impulsionar o sucesso e a sustentabilidade? No cen\u00e1rio empresarial global em constante evolu\u00e7\u00e3o, a consultoria em governa\u00e7\u00e3o corporativa emergiu como uma pedra angular para as empresas que pretendem melhorar a sua dire\u00e7\u00e3o estrat\u00e9gica, integridade operacional e confian\u00e7a das partes interessadas. Este servi\u00e7o de consultoria especializado oferece a experi\u00eancia e os insights necess\u00e1rios para navegar pelas complexidades da governan\u00e7a, garantindo que as organiza\u00e7\u00f5es cumpram os requisitos regulamentares e se destaquem em lideran\u00e7a e responsabilidade corporativa.<\/p>\n\n\n\n<p>O que \u00e9 consultoria de governan\u00e7a corporativa?A consultoria de governan\u00e7a corporativa auxilia as organiza\u00e7\u00f5es no desenvolvimento, implementa\u00e7\u00e3o e aprimoramento de suas estruturas e pr\u00e1ticas de governan\u00e7a para garantir que suas estruturas de governan\u00e7a estejam alinhadas com as melhores pr\u00e1ticas e apoiem seus objetivos estrat\u00e9gicos.<\/p>\n\n\n\n<p>Centra-se nos mecanismos, processos e rela\u00e7\u00f5es pelos quais as corpora\u00e7\u00f5es s\u00e3o controladas e dirigidas. Isto inclui aconselhamento sobre a composi\u00e7\u00e3o e estrutura do conselho, remunera\u00e7\u00e3o de executivos, envolvimento dos acionistas e conformidade com padr\u00f5es de governan\u00e7a nacionais e internacionais. Os consultores nesta \u00e1rea trabalham em estreita colabora\u00e7\u00e3o com a gest\u00e3o s\u00e9nior e os membros do conselho para identificar fraquezas de governa\u00e7\u00e3o, desenvolver estrat\u00e9gias para resolver estas quest\u00f5es e implementar quadros que promovam a transpar\u00eancia, a responsabiliza\u00e7\u00e3o e a tomada de decis\u00f5es eficaz.<\/p>\n\n\n\n<h2 class=\"wp-block-heading\">Import\u00e2ncia da Consultoria de Governan\u00e7a Corporativa<\/h2>\n\n\n\n<p>A consultoria em governan\u00e7a corporativa oferece insights sobre padr\u00f5es de governan\u00e7a locais e internacionais, ajudando as empresas a garantir a conformidade e a evitar poss\u00edveis repercuss\u00f5es legais e financeiras. Isto \u00e9 particularmente vital para empresas que operam em m\u00faltiplas jurisdi\u00e7\u00f5es, onde a complexidade dos requisitos regulamentares pode representar desafios significativos.<\/p>\n\n\n\n<p>Al\u00e9m disso, <a href=\"https:\/\/www.sisinternational.com\/pt\/solucoes\/sis-crescimento-global\/gerenciamento-de-projetos-globais\/\" title=\"Consultoria Global em Gest\u00e3o de Projetos\"  data-wpil-monitor-id=\"10611\">consulting is crucial in risk management<\/a>. By evaluating and enhancing governance structures and practices, consultants help businesses identify and mitigate a wide range of risks, from financial and operational to reputational and strategic.<\/p>\n\n\n\n<p>Al\u00e9m disso, esta consultoria promove pr\u00e1ticas comerciais \u00e9ticas e responsabilidade. Os consultores auxiliam as organiza\u00e7\u00f5es no estabelecimento de c\u00f3digos de conduta, pol\u00edticas de \u00e9tica e mecanismos de responsabiliza\u00e7\u00e3o que se alinham aos valores da empresa e \u00e0s expectativas das partes interessadas. Isto melhora a reputa\u00e7\u00e3o da organiza\u00e7\u00e3o e contribui para uma cultura corporativa que prioriza a integridade e a tomada de decis\u00f5es \u00e9ticas.<\/p>\n\n\n\n<h2 class=\"wp-block-heading\">Quais s\u00e3o os benef\u00edcios da consultoria de governan\u00e7a corporativa?<\/h2>\n\n\n\n<figure class=\"gb-block-image gb-block-image-815810a1\"><img loading=\"lazy\" decoding=\"async\" width=\"1456\" height=\"816\" class=\"gb-image gb-image-815810a1\" src=\"https:\/\/www.sisinternational.com\/wp-content\/uploads\/2025\/10\/Corporate-Governance-2.jpg\" alt=\"Pesquisa e Estrat\u00e9gia de Mercado Internacional da SIS\" title=\"Corporate Governance (2)\" srcset=\"https:\/\/www.sisinternational.com\/wp-content\/uploads\/2025\/10\/Corporate-Governance-2.jpg 1456w, https:\/\/www.sisinternational.com\/wp-content\/uploads\/2025\/10\/Corporate-Governance-2-300x168.jpg 300w, https:\/\/www.sisinternational.com\/wp-content\/uploads\/2025\/10\/Corporate-Governance-2-1024x574.jpg 1024w, https:\/\/www.sisinternational.com\/wp-content\/uploads\/2025\/10\/Corporate-Governance-2-768x430.jpg 768w, https:\/\/www.sisinternational.com\/wp-content\/uploads\/2025\/10\/Corporate-Governance-2-18x10.jpg 18w\" sizes=\"auto, (max-width: 1456px) 100vw, 1456px\"><\/figure>\n\n\n\n<p><\/p>\n\n\n\n<p>O envolvimento em consultoria de governan\u00e7a corporativa oferece in\u00fameros benef\u00edcios que podem melhorar significativamente a integridade operacional, a reputa\u00e7\u00e3o de mercado e o sucesso estrat\u00e9gico de uma empresa \u2013 e aqui est\u00e3o alguns dos principais benef\u00edcios:<\/p>\n\n\n\n<ul class=\"wp-block-list\">\n<li><strong>Gerenciamento de risco aprimorado:<\/strong> <a href=\"https:\/\/www.sisinternational.com\/pt\/solucoes\/consultoria-estrategica\/\" title=\"Consultoria estrat\u00e9gica\"  data-wpil-monitor-id=\"10610\">Consultants provide the tools and strategies<\/a> needed to strengthen risk management frameworks, safeguarding the organization&#8217;s assets and reputation.<\/li>\n\n\n\n<li><strong>Maior transpar\u00eancia e responsabilidade:<\/strong> Os servi\u00e7os de consultoria ajudam a estabelecer estruturas e processos de governa\u00e7\u00e3o claros que promovam a transpar\u00eancia e a responsabiliza\u00e7\u00e3o.<\/li>\n\n\n\n<li><a href=\"https:\/\/www.sisinternational.com\/pt\/solucoes\/sis-crescimento-global\/consultoria-em-planejamento-estrategico\/\" title=\"Consultoria em Planejamento Estrat\u00e9gico\"  data-wpil-monitor-id=\"10621\">Strategic Alignment and Performance: This consulting<\/a> ensures that corporate governance frameworks support the organization&#8217;s strategic objectives.<\/li>\n\n\n\n<li><strong>Promover a cultura corporativa \u00e9tica:<\/strong> Os consultores ajudam a incorporar princ\u00edpios \u00e9ticos e uma cultura de integridade em toda a organiza\u00e7\u00e3o. Essa cultura \u00e9 fundamental para atrair e reter talentos, manter a fidelidade do cliente e proteger a marca.<\/li>\n\n\n\n<li><strong>Melhor relacionamento com as partes interessadas:<\/strong> Ao melhorar os mecanismos de comunica\u00e7\u00e3o e engajamento, esta consultoria promove relacionamentos mais fortes com todas as partes interessadas, incluindo investidores, clientes, funcion\u00e1rios e comunidade.<\/li>\n<\/ul>\n\n\n\n<h2 class=\"wp-block-heading\">Quem Utiliza Consultoria de Governan\u00e7a Corporativa<\/h2>\n\n\n\n<p>Os servi\u00e7os de consultoria em governan\u00e7a corporativa s\u00e3o procurados por um conjunto diversificado de entidades, cada uma reconhecendo o papel cr\u00edtico que uma governan\u00e7a eficaz desempenha na consecu\u00e7\u00e3o de objetivos estrat\u00e9gicos, garantindo a conformidade e mantendo uma reputa\u00e7\u00e3o corporativa positiva. Aqui est\u00e1 uma vis\u00e3o geral de quem normalmente se envolve em consultoria de governan\u00e7a corporativa e por qu\u00ea:<\/p>\n\n\n\n<ul class=\"wp-block-list\">\n<li><strong>Empresas de capital aberto:<\/strong> A consultoria os ajuda a navegar em cen\u00e1rios regulat\u00f3rios complexos, atender aos requisitos de divulga\u00e7\u00e3o e implementar as melhores pr\u00e1ticas na gest\u00e3o do conselho e na comunica\u00e7\u00e3o com os acionistas, garantindo transpar\u00eancia e responsabilidade.<\/li>\n\n\n\n<li><strong>Corpora\u00e7\u00f5es Privadas:<\/strong> Private <a href=\"https:\/\/www.sisinternational.com\/pt\/cobertura\/as-americas\/pesquisa-de-mercado-no-caribe\/empresa-de-consultoria-estrategica-caribenha\/\" title=\"Empresa de consultoria estrat\u00e9gica do Caribe\"  data-wpil-monitor-id=\"10615\">companies also benefit from consulting<\/a> to streamline operations, manage risks, and prepare for potential public offerings or other significant corporate events.<\/li>\n\n\n\n<li><strong>Empresas familiares:<\/strong> Desafios \u00fanicos, como o planejamento de sucess\u00e3o, a din\u00e2mica familiar e a transi\u00e7\u00e3o de fun\u00e7\u00f5es de lideran\u00e7a, tornam a consultoria em governan\u00e7a corporativa inestim\u00e1vel para empresas familiares.<\/li>\n\n\n\n<li><strong>Organiza\u00e7\u00f5es sem fins lucrativos:<\/strong> Good governance is crucial for non-profits to maintain donor trust, comply with regulatory requirements, and achieve their mission effectively. Governance <a href=\"https:\/\/www.sisinternational.com\/pt\/solucoes\/consultoria-estrategica\/consultoria-em-desenvolvimento-de-parcerias\/\" title=\"Consultoria em Desenvolvimento de Parcerias\"  data-wpil-monitor-id=\"10616\">consultants assist with board development<\/a>, ethical fundraising practices, and strategic planning.<\/li>\n\n\n\n<li><strong>Startups e expans\u00f5es:<\/strong> As empresas emergentes frequentemente contratam consultores de governan\u00e7a corporativa para estabelecer estruturas de governan\u00e7a s\u00f3lidas desde o in\u00edcio. Este investimento inicial na governa\u00e7\u00e3o ajuda a atrair investidores, gerir o crescimento r\u00e1pido e estabelecer as bases para o sucesso futuro.<\/li>\n\n\n\n<li><strong>Entidades Governamentais e Organiza\u00e7\u00f5es do Setor P\u00fablico:<\/strong> Esses grupos utilizam consultoria de governan\u00e7a corporativa para aumentar a transpar\u00eancia, a efici\u00eancia e a responsabiliza\u00e7\u00e3o em suas opera\u00e7\u00f5es, alinhando-se \u00e0s expectativas do p\u00fablico e aos padr\u00f5es regulat\u00f3rios.<\/li>\n\n\n\n<li><strong>Institui\u00e7\u00f5es financeiras:<\/strong> Bancos, fundos de investimento e companhias de seguros procuram consultoria em governan\u00e7a corporativa para abordar conformidade regulat\u00f3ria, gest\u00e3o de risco e pr\u00e1ticas \u00e9ticas de investimento, garantindo que atendam aos altos padr\u00f5es esperados no setor financeiro.<\/li>\n<\/ul>\n\n\n\n<h2 class=\"wp-block-heading\">Quando realizar consultoria de governan\u00e7a corporativa<\/h2>\n\n\n\n<figure class=\"gb-block-image gb-block-image-92bb762b\"><img loading=\"lazy\" decoding=\"async\" width=\"1456\" height=\"816\" class=\"gb-image gb-image-92bb762b\" src=\"https:\/\/www.sisinternational.com\/wp-content\/uploads\/2025\/10\/Corporate-Governance-3.jpg\" alt=\"Pesquisa e Estrat\u00e9gia de Mercado Internacional da SIS\" title=\"Corporate Governance (3)\" srcset=\"https:\/\/www.sisinternational.com\/wp-content\/uploads\/2025\/10\/Corporate-Governance-3.jpg 1456w, https:\/\/www.sisinternational.com\/wp-content\/uploads\/2025\/10\/Corporate-Governance-3-300x168.jpg 300w, https:\/\/www.sisinternational.com\/wp-content\/uploads\/2025\/10\/Corporate-Governance-3-1024x574.jpg 1024w, https:\/\/www.sisinternational.com\/wp-content\/uploads\/2025\/10\/Corporate-Governance-3-768x430.jpg 768w, https:\/\/www.sisinternational.com\/wp-content\/uploads\/2025\/10\/Corporate-Governance-3-18x10.jpg 18w\" sizes=\"auto, (max-width: 1456px) 100vw, 1456px\"><\/figure>\n\n\n\n<p><\/p>\n\n\n\n<p><a href=\"https:\/\/www.sisinternational.com\/pt\/otimizando-sites-corporativos-para-roi\/\" title=\"Otimizando sites corporativos para ROI\"  data-wpil-monitor-id=\"1974\">Corporate governance consulting is a proactive strategy<\/a> organizations should consider under various circumstances to enhance their governance practices and strategic execution. Here are key situations when conducting corporate governance consulting becomes particularly essential:<\/p>\n\n\n\n<ul class=\"wp-block-list\">\n<li><strong>Durante o Planejamento Estrat\u00e9gico e Reestrutura\u00e7\u00e3o:<\/strong> Quando uma organiza\u00e7\u00e3o est\u00e1 a passar por um planeamento estrat\u00e9gico ou uma reestrutura\u00e7\u00e3o significativa, a consultoria em governa\u00e7\u00e3o corporativa pode fornecer informa\u00e7\u00f5es cr\u00edticas para garantir que as estruturas de governa\u00e7\u00e3o apoiam a nova dire\u00e7\u00e3o estrat\u00e9gica. Isto \u00e9 crucial para alinhar os objetivos organizacionais com as pr\u00e1ticas de governa\u00e7\u00e3o, garantindo mudan\u00e7as sustent\u00e1veis e eficazes.<\/li>\n\n\n\n<li><strong>Em resposta ao r\u00e1pido crescimento:<\/strong> Para empresas que experimentam um r\u00e1pido crescimento ou que planeiam expandir-se, especialmente para novos mercados ou regi\u00f5es, a consultoria em governan\u00e7a corporativa ajuda a navegar pelas complexidades da expans\u00e3o. Os consultores podem aconselhar sobre a adapta\u00e7\u00e3o de estruturas de governa\u00e7\u00e3o para gerir o aumento da complexidade e garantir a conformidade com diversos ambientes regulamentares.<\/li>\n\n\n\n<li><strong>Ap\u00f3s uma Fus\u00e3o ou Aquisi\u00e7\u00e3o:<\/strong> As fus\u00f5es e aquisi\u00e7\u00f5es exigem frequentemente uma revis\u00e3o e integra\u00e7\u00e3o minuciosas das pr\u00e1ticas de governa\u00e7\u00e3o. A consultoria em governan\u00e7a corporativa durante essas transi\u00e7\u00f5es garante que a entidade combinada adote as melhores pr\u00e1ticas, mantenha a conformidade e alinhe as estruturas de governan\u00e7a com seus objetivos estrat\u00e9gicos.<\/li>\n\n\n\n<li><strong>Para melhorar a efic\u00e1cia do conselho:<\/strong> Organizations may seek corporate governance consulting to evaluate board composition, roles, and processes, or to implement board development and training programs, enhancing <a href=\"https:\/\/www.sisinternational.com\/pt\/the-impact-of-desk-research-on-strategic-decision-making\/\" title=\"The Impact of Desk Research on Strategic Decision-Making\"  data-wpil-monitor-id=\"10618\">strategic oversight and decision-making<\/a>.<\/li>\n\n\n\n<li><strong>Em prepara\u00e7\u00e3o para oferta p\u00fablica:<\/strong> A consultoria em governan\u00e7a corporativa \u00e9 vital para as empresas privadas que consideram abrir o capital na prepara\u00e7\u00e3o para a transi\u00e7\u00e3o. Os consultores podem ajudar a estabelecer estruturas de governa\u00e7\u00e3o que cumpram os requisitos rigorosos dos mercados p\u00fablicos, construindo a confian\u00e7a dos investidores e facilitando uma oferta bem-sucedida.<\/li>\n<\/ul>\n\n\n\n<h2 class=\"wp-block-heading\">Resultados esperados da nossa consultoria de governan\u00e7a corporativa<\/h2>\n\n\n\n<p>Investir em consultoria de governan\u00e7a corporativa fornece as estrat\u00e9gias, estruturas e pr\u00e1ticas necess\u00e1rias para navegar de forma eficaz no complexo ambiente de neg\u00f3cios atual \u2013 e aqui est\u00e3o alguns dos resultados esperados do envolvimento em consultoria de governan\u00e7a corporativa de alta qualidade:<\/p>\n\n\n\n<ul class=\"wp-block-list\">\n<li><strong>Conformidade aprimorada e gerenciamento de riscos:<\/strong> Estruturas aprimoradas de gerenciamento de risco que identificam, avaliam e mitigam proativamente uma ampla gama de riscos estrat\u00e9gicos, operacionais e de reputa\u00e7\u00e3o.<\/li>\n\n\n\n<li><strong>Desempenho fortalecido do Conselho:<\/strong> Desenvolver e implementar as melhores pr\u00e1ticas de governan\u00e7a do conselho, incluindo fun\u00e7\u00f5es e responsabilidades claras, processos de reuni\u00e3o eficazes e educa\u00e7\u00e3o e avalia\u00e7\u00e3o cont\u00ednua dos membros do conselho.<\/li>\n\n\n\n<li><strong>Maior transpar\u00eancia organizacional:<\/strong> Mecanismos de relat\u00f3rios aprimorados que fornecem \u00e0s partes interessadas insights claros e abrangentes sobre o desempenho da empresa, pr\u00e1ticas de governan\u00e7a e esfor\u00e7os de sustentabilidade.<\/li>\n\n\n\n<li><strong>Melhor envolvimento das partes interessadas:<\/strong> Desenvolvimento de canais e pr\u00e1ticas de comunica\u00e7\u00e3o que promovam a abertura, o di\u00e1logo e o respeito m\u00fatuo entre a organiza\u00e7\u00e3o e seus stakeholders.<\/li>\n<\/ul>\n\n\n\n<h2 class=\"wp-block-heading\">A abordagem SIS para consultoria de governan\u00e7a corporativa<\/h2>\n\n\n\n<figure class=\"gb-block-image gb-block-image-b569fe33\"><img loading=\"lazy\" decoding=\"async\" width=\"1456\" height=\"816\" class=\"gb-image gb-image-b569fe33\" src=\"https:\/\/www.sisinternational.com\/wp-content\/uploads\/2025\/10\/Corporate-Governance-1.jpg\" alt=\"Pesquisa e Estrat\u00e9gia de Mercado Internacional da SIS\" title=\"Corporate Governance (1)\" srcset=\"https:\/\/www.sisinternational.com\/wp-content\/uploads\/2025\/10\/Corporate-Governance-1.jpg 1456w, https:\/\/www.sisinternational.com\/wp-content\/uploads\/2025\/10\/Corporate-Governance-1-300x168.jpg 300w, https:\/\/www.sisinternational.com\/wp-content\/uploads\/2025\/10\/Corporate-Governance-1-1024x574.jpg 1024w, https:\/\/www.sisinternational.com\/wp-content\/uploads\/2025\/10\/Corporate-Governance-1-768x430.jpg 768w, https:\/\/www.sisinternational.com\/wp-content\/uploads\/2025\/10\/Corporate-Governance-1-18x10.jpg 18w\" sizes=\"auto, (max-width: 1456px) 100vw, 1456px\"><\/figure>\n\n\n\n<p><\/p>\n\n\n\n<p>A abordagem SIS \u00e0 consultoria de governan\u00e7a corporativa distingue-se pela sua metodologia abrangente, personalizada e com vis\u00e3o de futuro. Esta abordagem capacita as organiza\u00e7\u00f5es a alcan\u00e7arem a excel\u00eancia nas pr\u00e1ticas de governa\u00e7\u00e3o, garantindo que est\u00e3o bem equipadas para enfrentar os desafios do cen\u00e1rio empresarial moderno e capitalizar as oportunidades de crescimento e sustentabilidade. Veja como a abordagem SIS se desenrola:<\/p>\n\n\n\n<ul class=\"wp-block-list\">\n<li><strong>Solu\u00e7\u00f5es de governan\u00e7a personalizadas:<\/strong> Reconhecendo que cada organiza\u00e7\u00e3o tem necessidades \u00fanicas de governa\u00e7\u00e3o, os especialistas do SIS come\u00e7am com uma avalia\u00e7\u00e3o minuciosa do atual quadro de governa\u00e7\u00e3o, dos objetivos estrat\u00e9gicos e das expectativas das partes interessadas. Isto permite que solu\u00e7\u00f5es personalizadas estejam diretamente alinhadas com os objetivos e desafios espec\u00edficos da organiza\u00e7\u00e3o.<\/li>\n\n\n\n<li><strong>Estruturas Integradas de Risco e Conformidade:<\/strong> SIS consultants leverage their deep understanding of regulatory landscapes and <a href=\"https:\/\/www.sisinternational.com\/pt\/pericia\/industrias\/pesquisa-de-mercado-de-design-industrial\/\" title=\"Pesquisa de mercado de design industrial\"  data-wpil-monitor-id=\"10613\">industry best practices to design<\/a> integrated risk management and compliance frameworks. These frameworks ensure that organizations meet current regulatory requirements and are prepared for future changes in the governance landscape.<\/li>\n\n\n\n<li><strong>Desenvolvimento e Efic\u00e1cia do Conselho:<\/strong> Um foco principal da abordagem do SIS \u00e9 aumentar a efic\u00e1cia do conselho de administra\u00e7\u00e3o. Isto inclui aconselhar sobre a composi\u00e7\u00e3o e estrutura do conselho, facilitar as avalia\u00e7\u00f5es do conselho e fornecer programas de forma\u00e7\u00e3o e desenvolvimento para garantir que os membros do conselho estejam totalmente equipados para fornecer supervis\u00e3o estrat\u00e9gica e lideran\u00e7a.<\/li>\n\n\n\n<li><strong>Governan\u00e7a \u00c9tica e Sustent\u00e1vel:<\/strong> Os consultores da SIS colocam uma forte \u00eanfase em pr\u00e1ticas de governa\u00e7\u00e3o \u00e9ticas e sustent\u00e1veis. Os consultores trabalham com organiza\u00e7\u00f5es para incorporar valores \u00e9ticos e princ\u00edpios de sustentabilidade nas suas estruturas de governa\u00e7\u00e3o, promovendo uma cultura de integridade e responsabilidade que ressoe com as partes interessadas e apoie o sucesso a longo prazo.<\/li>\n\n\n\n<li><strong>Estrat\u00e9gias de envolvimento das partes interessadas:<\/strong> Compreendendo a import\u00e2ncia da confian\u00e7a e do envolvimento das partes interessadas, a abordagem do SIS inclui o desenvolvimento de estrat\u00e9gias abrangentes de comunica\u00e7\u00e3o e envolvimento das partes interessadas. Estas estrat\u00e9gias aumentam a transpar\u00eancia, promovem o di\u00e1logo e constroem rela\u00e7\u00f5es s\u00f3lidas com acionistas, clientes, funcion\u00e1rios e a comunidade em geral.<\/li>\n\n\n\n<li><strong>Suporte e adapta\u00e7\u00e3o cont\u00ednuos:<\/strong> A governan\u00e7a corporativa requer adapta\u00e7\u00e3o e melhoria cont\u00ednuas. Portanto, o SIS fornece \u00e0s organiza\u00e7\u00f5es apoio, monitoriza\u00e7\u00e3o e aconselhamento cont\u00ednuos para garantir que as suas pr\u00e1ticas de governa\u00e7\u00e3o permanecem eficazes, \u00e1geis e alinhadas com os ambientes empresariais e regulamentares em evolu\u00e7\u00e3o.<\/li>\n<\/ul>\n\n\n\n<h2 class=\"wp-block-heading\">Oportunidades em consultoria de governan\u00e7a corporativa para empresas<\/h2>\n\n\n\n\n\n<p><\/p>\n\n\n\n<p>A consultoria em governa\u00e7\u00e3o corporativa apresenta diversas oportunidades para empresas que pretendem fortalecer os seus quadros de governa\u00e7\u00e3o e melhorar o seu desempenho estrat\u00e9gico global. Aqui est\u00e3o v\u00e1rias oportunidades que as empresas podem aproveitar atrav\u00e9s do envolvimento em consultoria de governan\u00e7a corporativa:<\/p>\n\n\n\n<ul class=\"wp-block-list\">\n<li><strong>Aprimorando as Compet\u00eancias e a Din\u00e2mica do Conselho:<\/strong> Uma das principais oportunidades reside na otimiza\u00e7\u00e3o da composi\u00e7\u00e3o e funcionalidade do conselho de administra\u00e7\u00e3o. Os servi\u00e7os de consultoria podem fornecer insights sobre as melhores pr\u00e1ticas para estrutura, diversidade e din\u00e2mica do conselho, melhorando significativamente as capacidades de tomada de decis\u00e3o e supervis\u00e3o.<\/li>\n\n\n\n<li><strong>Fomentando Pr\u00e1ticas \u00c9ticas e Sustent\u00e1veis:<\/strong> As stakeholders increasingly value corporate responsibility and sustainability, businesses have the opportunity to lead in these areas. Corporate governance consulting can guide the integration of ethical considerations and <a href=\"https:\/\/www.sisinternational.com\/pt\/estrategias-de-sustentabilidade-corporativa-um-estudo-de-caso-da-siemens-2\/\" title=\"Estrat\u00e9gias de Sustentabilidade Corporativa: Um Estudo de Caso da Siemens\"  data-wpil-monitor-id=\"7509\">sustainability goals into corporate strategies<\/a>, enhancing reputation and stakeholder trust.<\/li>\n\n\n\n<li><strong>Preparando-se para desafios e oportunidades futuras:<\/strong> Corporate governance consulting can help businesses anticipate and prepare for future challenges and opportunities, ensuring they remain agile and adaptive in a rapidly evolving business environment. This forward-looking approach is vital for <a href=\"https:\/\/www.sisinternational.com\/pt\/desenvolver-uma-vantagem-competitiva-sustentavel\/\" title=\"Desenvolvendo uma vantagem competitiva sustent\u00e1vel\"  data-wpil-monitor-id=\"10620\">sustaining growth and competitiveness<\/a>.<\/li>\n<\/ul>","protected":false},"excerpt":{"rendered":"<p>A consultoria em governan\u00e7a corporativa ajuda as organiza\u00e7\u00f5es a desenvolver e implementar estruturas e pr\u00e1ticas de governan\u00e7a eficazes.<\/p>","protected":false},"author":1,"featured_media":71934,"parent":14567,"menu_order":41,"comment_status":"closed","ping_status":"closed","template":"","meta":{"footnotes":""},"class_list":["post-46559","page","type-page","status-publish","has-post-thumbnail"],"_links":{"self":[{"href":"https:\/\/www.sisinternational.com\/pt\/wp-json\/wp\/v2\/pages\/46559","targetHints":{"allow":["GET"]}}],"collection":[{"href":"https:\/\/www.sisinternational.com\/pt\/wp-json\/wp\/v2\/pages"}],"about":[{"href":"https:\/\/www.sisinternational.com\/pt\/wp-json\/wp\/v2\/types\/page"}],"author":[{"embeddable":true,"href":"https:\/\/www.sisinternational.com\/pt\/wp-json\/wp\/v2\/users\/1"}],"replies":[{"embeddable":true,"href":"https:\/\/www.sisinternational.com\/pt\/wp-json\/wp\/v2\/comments?post=46559"}],"version-history":[{"count":10,"href":"https:\/\/www.sisinternational.com\/pt\/wp-json\/wp\/v2\/pages\/46559\/revisions"}],"predecessor-version":[{"id":81740,"href":"https:\/\/www.sisinternational.com\/pt\/wp-json\/wp\/v2\/pages\/46559\/revisions\/81740"}],"up":[{"embeddable":true,"href":"https:\/\/www.sisinternational.com\/pt\/wp-json\/wp\/v2\/pages\/14567"}],"wp:featuredmedia":[{"embeddable":true,"href":"https:\/\/www.sisinternational.com\/pt\/wp-json\/wp\/v2\/media\/71934"}],"wp:attachment":[{"href":"https:\/\/www.sisinternational.com\/pt\/wp-json\/wp\/v2\/media?parent=46559"}],"curies":[{"name":"wp","href":"https:\/\/api.w.org\/{rel}","templated":true}]}}