{"id":46448,"date":"2024-02-26T12:48:32","date_gmt":"2024-02-26T17:48:32","guid":{"rendered":"https:\/\/www.sisinternational.com\/?page_id=46448"},"modified":"2026-01-25T18:04:58","modified_gmt":"2026-01-25T23:04:58","slug":"teste-de-sabor-de-bebidas-alimentares","status":"publish","type":"page","link":"https:\/\/www.sisinternational.com\/pt\/solucoes\/teste-de-sabor\/teste-de-sabor-de-bebidas-alimentares\/","title":{"rendered":"Teste de sabor de alimentos e bebidas"},"content":{"rendered":"<h1 class=\"wp-block-heading\">Teste de sabor de alimentos e bebidas<\/h1>\n\n\n\n<figure class=\"gb-block-image gb-block-image-3185ed17\"><img loading=\"lazy\" decoding=\"async\" width=\"1456\" height=\"816\" class=\"gb-image gb-image-3185ed17\" src=\"https:\/\/www.sisinternational.com\/wp-content\/uploads\/2025\/08\/Beverages-5.jpg\" alt=\"Pesquisa e Estrat\u00e9gia de Mercado Internacional da SIS\" title=\"Beverages (5)\" srcset=\"https:\/\/www.sisinternational.com\/wp-content\/uploads\/2025\/08\/Beverages-5.jpg 1456w, https:\/\/www.sisinternational.com\/wp-content\/uploads\/2025\/08\/Beverages-5-300x168.jpg 300w, https:\/\/www.sisinternational.com\/wp-content\/uploads\/2025\/08\/Beverages-5-1024x574.jpg 1024w, https:\/\/www.sisinternational.com\/wp-content\/uploads\/2025\/08\/Beverages-5-768x430.jpg 768w, https:\/\/www.sisinternational.com\/wp-content\/uploads\/2025\/08\/Beverages-5-18x10.jpg 18w\" sizes=\"auto, (max-width: 1456px) 100vw, 1456px\"><\/figure>\n\n\n\n<hr class=\"wp-block-separator has-alpha-channel-opacity is-style-dots\"\/>\n\n\n\n<h3 class=\"wp-block-heading\">Os servi\u00e7os de testes de sabor da SIS International s\u00e3o projetados para avaliar produtos atuais, inspirar inova\u00e7\u00e3o e identificar alinhamento com tend\u00eancias de mercado emergentes.<\/h3>\n\n\n\n<p>Os servi\u00e7os de testes de sabor de alimentos e bebidas da SIS International oferecem uma combina\u00e7\u00e3o estrat\u00e9gica de avalia\u00e7\u00e3o sensorial, insights do consumidor e experi\u00eancia global, todos projetados para ajudar as empresas a se destacarem na competitiva ind\u00fastria de alimentos e bebidas.<\/p>\n\n\n\n<h2 class=\"wp-block-heading\">O que \u00e9 teste de sabor de alimentos e bebidas?<\/h2>\n\n\n\n<p><a href=\"https:\/\/sisaisolutions.com\/ai-in-food-testing\/\" target=\"_blank\" rel=\"noopener\">Food and beverage taste testing<\/a> assesses the sensory attributes of food and drink products. This systematic approach goes beyond mere preference to analyze the taste, aroma, texture, and overall appeal of culinary creations.<\/p>\n\n\n\n<p>Moreover, food and beverage <a class=\"wpil_keyword_link\" href=\"https:\/\/www.sisinternational.com\/pt\/solucoes\/teste-de-sabor\/\" title=\"Teste de sabor\" data-wpil-keyword-link=\"linked\" data-wpil-monitor-id=\"612\">teste de sabor<\/a> is not just about identifying what works; it&#8217;s about understanding why. By dissecting the sensory experience, brands can pinpoint the elements that resonate most with consumers, tailoring their products to meet and exceed those expectations.<\/p>\n\n\n\n<h2 class=\"wp-block-heading\">Por que as empresas precisam de testes de sabor de alimentos e bebidas<\/h2>\n\n\n\n<p>Food and beverage taste testing offers critical insights into consumer preferences, providing a direct feedback loop from the target audience. This feedback is invaluable for tailoring products to meet and exceed consumer expectations, ensuring that new launches are well received and that existing products continue to satisfy.<\/p>\n\n\n\n<p>Adicionalmente, <a href=\"https:\/\/www.sisinternational.com\/pt\/claim-research-for-food-and-beverage-taste-tests-validating-your-product-claims\/\" title=\"Claim Research for Food and Beverage Taste Tests: Validating Your Product Claims\" data-wpil-monitor-id=\"1517\">food and beverage taste testing<\/a> ensures that products remain consistent across batches and locations, which is particularly critical for brands with multiple outlets. Moreover, taste testing facilitates innovation by allowing businesses to explore new flavors, ingredients, and culinary techniques safely. This exploration is essential for keeping the product lineup fresh and exciting, attracting new customers, and retaining existing ones.<\/p>\n\n\n\n<p>De qualquer forma, os testes de sabor de alimentos e bebidas trazem muitos benef\u00edcios para as empresas, incluindo:<\/p>\n\n\n\n<ul class=\"wp-block-list\">\n<li><strong>Informa\u00e7\u00f5es sobre prefer\u00eancias do consumidor:<\/strong> Testes regulares de sabor fornecem informa\u00e7\u00f5es valiosas sobre as prefer\u00eancias dos consumidores, permitindo que as empresas adaptem suas ofertas para atender aos gostos e tend\u00eancias atuais.<\/li>\n\n\n\n<li><strong>Inova\u00e7\u00e3o e Diferencia\u00e7\u00e3o:<\/strong> Os testes de sabor servem como plataforma de inova\u00e7\u00e3o, incentivando a explora\u00e7\u00e3o de novos sabores, ingredientes e t\u00e9cnicas culin\u00e1rias.<\/li>\n\n\n\n<li><strong>Mitiga\u00e7\u00e3o de riscos:<\/strong> Taste testing helps identify potential issues or areas for improvement before products reach the market.<\/li>\n\n\n\n<li><strong>Lealdade e confian\u00e7a \u00e0 marca:<\/strong> Qualidade consistente e capacidade de resposta \u00e0s prefer\u00eancias do consumidor, alcan\u00e7adas atrav\u00e9s de testes cont\u00ednuos de sabor, constroem fidelidade e confian\u00e7a \u00e0 marca. Os consumidores s\u00e3o mais propensos a permanecer leais a marcas que oferecem consistentemente produtos atraentes e de alta qualidade que refletem seus gostos e prefer\u00eancias.<\/li>\n\n\n\n<li><strong>Conte\u00fado de marketing estrat\u00e9gico:<\/strong> Os insights dos testes de sabor podem informar estrat\u00e9gias de marketing, fornecendo conte\u00fado aut\u00eantico que destaca os atributos sensoriais e a qualidade dos produtos.<\/li>\n<\/ul>\n\n\n\n<h2 class=\"wp-block-heading\">Quem usa testes de sabor de alimentos e bebidas<\/h2>\n\n\n\n<p>Food manufacturers and processors rely on <a href=\"https:\/\/www.sisinternational.com\/pt\/solucoes\/teste-de-sabor\/food-product-tests-in-ny\/\" title=\"Food Product Tests In NY\" data-wpil-monitor-id=\"4595\">food and beverage taste testing<\/a> to ensure their products meet specific quality and taste standards before hitting the market. Beverage Companies also use taste testing to develop new flavors, assess market readiness for innovative products, and ensure the sensory quality of their offerings.<\/p>\n\n\n\n<p>Al\u00e9m disso, restaurantes e prestadores de servi\u00e7os de alimenta\u00e7\u00e3o aproveitam os testes de sabor para criar pratos que atraem sua clientela-alvo, garantindo que cada receita ofere\u00e7a sabor, textura e apelo visual. Para essas empresas, os testes de sabor s\u00e3o essenciais para o desenvolvimento do card\u00e1pio, atualiza\u00e7\u00f5es sazonais e alta satisfa\u00e7\u00e3o do cliente.<\/p>\n\n\n\n<p>Al\u00e9m disso, as empresas de ingredientes e aromatizantes utilizam testes de sabor para demonstrar a qualidade e versatilidade dos seus produtos. Estas empresas desempenham um papel crucial no desenvolvimento de produtos novos e melhorados, mostrando como os seus ingredientes podem melhorar os perfis de sabor dos alimentos e bebidas.<\/p>\n\n\n\n<p>Por \u00faltimo, as equipes de pesquisa e desenvolvimento (P&amp;D) utilizam testes de sabor como parte do processo de desenvolvimento de produtos. Permite-lhes experimentar novas formula\u00e7\u00f5es, avaliar a resposta do consumidor a conceitos inovadores e refinar produtos com base no feedback, garantindo que os novos lan\u00e7amentos estejam preparados para o sucesso.<\/p>\n\n\n\n<h2 class=\"wp-block-heading\">Critical Success Factors for Successful Food and Beverage Taste Testing<\/h2>\n\n\n\n<figure class=\"gb-block-image gb-block-image-a64fb8a1\"><img loading=\"lazy\" decoding=\"async\" width=\"1456\" height=\"816\" class=\"gb-image gb-image-a64fb8a1\" src=\"https:\/\/www.sisinternational.com\/wp-content\/uploads\/2025\/08\/Food-taste-testing-9.jpg\" alt=\"Pesquisa e Estrat\u00e9gia de Mercado Internacional da SIS\" title=\"Food taste testing (9)\" srcset=\"https:\/\/www.sisinternational.com\/wp-content\/uploads\/2025\/08\/Food-taste-testing-9.jpg 1456w, https:\/\/www.sisinternational.com\/wp-content\/uploads\/2025\/08\/Food-taste-testing-9-300x168.jpg 300w, https:\/\/www.sisinternational.com\/wp-content\/uploads\/2025\/08\/Food-taste-testing-9-1024x574.jpg 1024w, https:\/\/www.sisinternational.com\/wp-content\/uploads\/2025\/08\/Food-taste-testing-9-768x430.jpg 768w, https:\/\/www.sisinternational.com\/wp-content\/uploads\/2025\/08\/Food-taste-testing-9-18x10.jpg 18w\" sizes=\"auto, (max-width: 1456px) 100vw, 1456px\"><\/figure>\n\n\n\n<p><\/p>\n\n\n\n<p>Para que os testes de sabor de alimentos e bebidas sejam eficazes e forne\u00e7am informa\u00e7\u00f5es valiosas, v\u00e1rios fatores cr\u00edticos de sucesso devem ser considerados \u2013 e aqui est\u00e1 o que as empresas precisam se concentrar para que os testes de sabor sejam bem-sucedidos:<\/p>\n\n\n\n<ul class=\"wp-block-list\">\n<li><strong>Grupo de amostra representativo:<\/strong> It is crucial to select a group of participants that accurately represents the target market. <\/li>\n\n\n\n<li><strong>Ambiente de teste controlado:<\/strong> To obtain reliable and consistent results, it&#8217;s important to conduct taste testing in a controlled environment where external factors such as noise, temperature, and odors are minimized. <\/li>\n\n\n\n<li><strong>Crit\u00e9rios de avalia\u00e7\u00e3o estruturados:<\/strong> O desenvolvimento de uma estrutura de avalia\u00e7\u00e3o estruturada com crit\u00e9rios claros para avaliar os atributos sensoriais do produto (como sabor, aroma, textura e apar\u00eancia) garante que o feedback seja abrangente e compar\u00e1vel entre diferentes produtos ou sess\u00f5es de testes.<\/li>\n\n\n\n<li><strong>An\u00e1lise de dados eficaz:<\/strong> Effectively collecting and analyzing the data is crucial for translating taste test results into actionable insights. <\/li>\n\n\n\n<li><strong>Acompanhamento de a\u00e7\u00f5es:<\/strong> O sucesso de um processo de teste de sabor \u00e9 determinado pelas a\u00e7\u00f5es de acompanhamento tomadas com base nos conhecimentos obtidos. Implementar melhorias, tomar decis\u00f5es informadas sobre o lan\u00e7amento de produtos e refinar continuamente os produtos com base no feedback s\u00e3o essenciais para aproveitar todo o valor dos testes de sabor.<\/li>\n<\/ul>\n\n\n\n<h2 class=\"wp-block-heading\">Como o SIS ajuda as empresas com testes de sabor de alimentos e bebidas<\/h2>\n\n\n\n<p>The SIS International, food and beverage taste testing approach, leverages deep industry expertise and cutting-edge analytical techniques. This approach ensures businesses refine their product offerings and align them closely with consumer preferences and market trends. Here&#8217;s an overview of the SIS approach to food and beverage taste testing:<\/p>\n\n\n\n<ul class=\"wp-block-list\">\n<li><strong>Projeto de teste personalizado:<\/strong> SIS International begins with a tailored testing design to meet each client&#8217;s specific objectives. <\/li>\n\n\n\n<li><strong>Sele\u00e7\u00e3o de diversos participantes:<\/strong> Understanding that diverse consumer insights drive product success, SIS carefully selects many participants for taste testing. <\/li>\n\n\n\n<li><strong>Controlled <\/strong><a href=\"https:\/\/www.sisinternational.com\/pt\/solucoes\/solucoes-de-pesquisa-quantitativa-qualitativa\/wine-taste-testing\/\" title=\"Wine Taste Testing\" data-wpil-monitor-id=\"1222\">Testing Environment: SIS conducts taste<\/a> tests in a controlled environment to ensure accurate and reliable results. <\/li>\n\n\n\n<li><strong>T\u00e9cnicas Avan\u00e7adas de An\u00e1lise Sensorial:<\/strong> SIS utilizes advanced sensory analysis techniques to evaluate various product attributes, including taste, aroma, texture, and appearance. <\/li>\n\n\n\n<li><strong>An\u00e1lise e interpreta\u00e7\u00e3o especializada:<\/strong> SIS&#8217;s food and beverage experts analyse the taste testing data, offering detailed interpretations and actionable recommendations. <\/li>\n\n\n\n<li><strong>Recomenda\u00e7\u00f5es Estrat\u00e9gicas:<\/strong> Based on the taste-testing findings, SIS provides tailored recommendations for each client&#8217;s needs. <\/li>\n<\/ul>\n\n\n\n<h2 class=\"wp-block-heading\"><strong>What Makes SIS International a Top Food and Beverage Taste Testing Company?<\/strong><\/h2>\n\n\n\n<p><a href=\"https:\/\/www.linkedin.com\/company\/sisinternationalresearch\/\" target=\"_blank\" rel=\"noopener\"><span style=\"font-weight: 400;\">SIS Internacional<\/span><\/a> is a food and beverage taste testing leader, helping brands refine their offerings to meet consumer expectations. With over 40 years of expertise, advanced methodologies, and a customer-focused approach, we deliver results that empower businesses to innovate and succeed in competitive markets.<\/p>\n\n\n\n<h4 class=\"wp-block-heading\"><strong>Extensive Expertise Across the Food and Beverage Industry<\/strong><\/h4>\n\n\n\n<p>Our experience spans diverse food and beverage categories, from packaged snacks and ready-to-eat meals to soft drinks and specialty beverages. We understand the unique challenges of each category and tailor our research to deliver actionable insights for improvement.<\/p>\n\n\n\n<h4 class=\"wp-block-heading\"><strong>Instala\u00e7\u00f5es de teste de \u00faltima gera\u00e7\u00e3o<\/strong><\/h4>\n\n\n\n<p>SIS International\u2019s facilities in New York are equipped with advanced sensory analysis tools and controlled environments. These resources enable precise evaluations of taste, aroma, texture, and appearance, ensuring reliable results for every study.<\/p>\n\n\n\n<h4 class=\"wp-block-heading\"><strong>Access to Diverse and Representative Consumer Panels<\/strong><\/h4>\n\n\n\n<p>New York\u2019s multicultural population provides a rich pool of participants for our taste tests. We recruit a broad range of demographics, ensuring feedback reflects the preferences of your target audience across various markets.<\/p>\n\n\n\n<h4 class=\"wp-block-heading\"><strong>Customized Testing Approaches for Every Brand<\/strong><\/h4>\n\n\n\n<p>No two businesses are the same. <a href=\"https:\/\/twitter.com\/SISIntlResearch\" target=\"_blank\" rel=\"noopener\"><span style=\"font-weight: 400;\">SIS<\/span><\/a> develops bespoke taste testing strategies, whether you need monadic testing, sequential analysis, or central location tests. Our solutions are designed to address your specific goals and challenges.<\/p>\n\n\n\n<h4 class=\"wp-block-heading\"><strong>Decades of Market Research Excellence<\/strong><\/h4>\n\n\n\n<p>Com mais de quatro d\u00e9cadas de experi\u00eancia, <a href=\"https:\/\/medium.com\/@sisinternational\/sis-international-c17160da8fac\" target=\"_blank\" rel=\"noopener\"><span style=\"font-weight: 400;\">SIS<\/span><\/a> has built a reputation for delivering accurate and actionable research. Our expertise allows us to identify trends, uncover insights, and provide guidance that helps brands innovate and thrive.<\/p>\n\n\n\n<h4 class=\"wp-block-heading\"><strong>Cost-Effective, High-Value Services<\/strong><\/h4>\n\n\n\n<p>SIS offers top-tier taste testing services at competitive prices. We believe in making premium market research accessible to businesses of all sizes, ensuring high-value results without straining budgets.<\/p>\n\n\n\n<h4 class=\"wp-block-heading\"><strong>Rapid and Reliable Results<\/strong><\/h4>\n\n\n\n<p>In the fast-paced food and beverage industry, quick decision-making is essential. SIS ensures a streamlined process and fast turnaround times, enabling you to act on insights swiftly and efficiently.<\/p>\n\n\n\n<h4 class=\"wp-block-heading\"><strong>Actionable Insights That Drive Product Success<\/strong><\/h4>\n\n\n\n<p>Taste testing is more than collecting opinions. SIS analyzes data to deliver insights that guide product refinement, from flavor adjustments to packaging tweaks, ensuring your offerings align with consumer preferences.<\/p>\n\n\n\n<h4 class=\"wp-block-heading\"><strong>Commitment to Objectivity and Quality<\/strong><\/h4>\n\n\n\n<p>Our rigorous testing protocols eliminate bias and focus on consumer perceptions, ensuring objective results. SIS is committed to maintaining the highest quality standards in every research project.<\/p>\n\n\n\n<h4 class=\"wp-block-heading\"><strong>Partnering for Long-Term Success<\/strong><\/h4>\n\n\n\n<p>SIS International isn\u2019t just a service provider; we\u2019re a strategic partner. Our collaborative approach ensures clients receive personalized attention, actionable recommendations, and ongoing support to achieve their goals.<\/p>\n\n\n\n<div class=\"is-root-container is-desktop-preview is-layout-flow wp-block-post-content block-editor-block-list__layout\" spellcheck=\"false\">\n<div id=\"block-1f691011-6e3e-49d8-8d99-9463a64c265b\" class=\"block-editor-block-list__block wp-block is-selected wp-block-freeform is-hovered\" tabindex=\"0\" role=\"document\" aria-label=\"Block: Classic\" data-block=\"1f691011-6e3e-49d8-8d99-9463a64c265b\" data-type=\"core\/freeform\" data-title=\"Classic\">\n<div id=\"editor-1f691011-6e3e-49d8-8d99-9463a64c265b\" class=\"wp-block-freeform block-library-rich-text__tinymce mce-content-body html5-captions mce-edit-focus\" style=\"position: relative;\" contenteditable=\"true\">\n<h2>Localiza\u00e7\u00e3o de nossas instala\u00e7\u00f5es em Nova York<\/h2>\n<p>  <iframe loading=\"lazy\" src=\"https:\/\/www.google.com\/maps\/embed?pb=!1m18!1m12!1m3!1d3022.976188376966!2d-73.99130312499956!3d40.740549471389315!2m3!1f0!2f0!3f0!3m2!1i1024!2i768!4f13.1!3m3!1m2!1s0x89c259a15798c731%3A0xd695d09bdd495f25!2s11%20E%2022nd%20St%20FL%202%2C%20New%20York%2C%20NY%2010010%2C%20USA!5e0!3m2!1sen!2spe!4v1726171763526!5m2!1sen!2spe\" width=\"600\" height=\"450\" allowfullscreen=\"allowfullscreen\" data-mce-fragment=\"1\"><\/iframe>  <\/p>\n<h3 class=\"wp-block-heading\">11 E 22nd Street, 2\u00ba andar, Nova York, NY 10010 T: +1(212) 505-6805<\/h3>\n<hr>\n<h2><span style=\"font-weight: 400;\">Sobre SIS Internacional<\/span><\/h2>\n<p><a href=\"https:\/\/www.sisinternational.com\/pt\/\"><span style=\"font-weight: 400;\">SIS Internacional<\/span><\/a><span style=\"font-weight: 400;\"> oferece pesquisa quantitativa, qualitativa e estrat\u00e9gica. Fornecemos dados, ferramentas, estrat\u00e9gias, relat\u00f3rios e insights para a tomada de decis\u00f5es. Tamb\u00e9m realizamos entrevistas, pesquisas, grupos focais e outros m\u00e9todos e abordagens de Pesquisa de Mercado.<\/span><a href=\"https:\/\/www.sisinternational.com\/pt\/sobre-a-sis-international-research\/contact-sis-international-market-research\/\"><span style=\"font-weight: 400;\"> Entre em contato conosco<\/span><\/a><span style=\"font-weight: 400;\"> para o seu pr\u00f3ximo projeto de pesquisa de mercado.<\/span><\/p>\n<hr><\/div>\n<\/div>\n<\/div>","protected":false},"excerpt":{"rendered":"<p>Os testes de sabor de alimentos e bebidas avaliam as caracter\u00edsticas sensoriais dos produtos aliment\u00edcios e bebidas, incluindo sabor, aroma, textura e apelo.<\/p>","protected":false},"author":1,"featured_media":62625,"parent":47794,"menu_order":15,"comment_status":"closed","ping_status":"closed","template":"","meta":{"footnotes":""},"class_list":["post-46448","page","type-page","status-publish","has-post-thumbnail"],"_links":{"self":[{"href":"https:\/\/www.sisinternational.com\/pt\/wp-json\/wp\/v2\/pages\/46448","targetHints":{"allow":["GET"]}}],"collection":[{"href":"https:\/\/www.sisinternational.com\/pt\/wp-json\/wp\/v2\/pages"}],"about":[{"href":"https:\/\/www.sisinternational.com\/pt\/wp-json\/wp\/v2\/types\/page"}],"author":[{"embeddable":true,"href":"https:\/\/www.sisinternational.com\/pt\/wp-json\/wp\/v2\/users\/1"}],"replies":[{"embeddable":true,"href":"https:\/\/www.sisinternational.com\/pt\/wp-json\/wp\/v2\/comments?post=46448"}],"version-history":[{"count":12,"href":"https:\/\/www.sisinternational.com\/pt\/wp-json\/wp\/v2\/pages\/46448\/revisions"}],"predecessor-version":[{"id":78603,"href":"https:\/\/www.sisinternational.com\/pt\/wp-json\/wp\/v2\/pages\/46448\/revisions\/78603"}],"up":[{"embeddable":true,"href":"https:\/\/www.sisinternational.com\/pt\/wp-json\/wp\/v2\/pages\/47794"}],"wp:featuredmedia":[{"embeddable":true,"href":"https:\/\/www.sisinternational.com\/pt\/wp-json\/wp\/v2\/media\/62625"}],"wp:attachment":[{"href":"https:\/\/www.sisinternational.com\/pt\/wp-json\/wp\/v2\/media?parent=46448"}],"curies":[{"name":"wp","href":"https:\/\/api.w.org\/{rel}","templated":true}]}}