{"id":46362,"date":"2024-02-22T19:04:59","date_gmt":"2024-02-23T00:04:59","guid":{"rendered":"https:\/\/www.sisinternational.com\/?page_id=46362"},"modified":"2026-01-25T18:09:54","modified_gmt":"2026-01-25T23:09:54","slug":"analise-de-causa-raiz-pesquisa-de-mercado-e-consultoria","status":"publish","type":"page","link":"https:\/\/www.sisinternational.com\/pt\/solucoes\/consultoria-estrategica\/analise-de-causa-raiz-pesquisa-de-mercado-e-consultoria\/","title":{"rendered":"Root Cause Analysis Market Research"},"content":{"rendered":"<h1 class=\"wp-block-heading\">Root Cause Analysis Market Research<\/h1>\n\n\n\n<figure class=\"gb-block-image gb-block-image-37518b8a\"><img loading=\"lazy\" decoding=\"async\" width=\"1456\" height=\"816\" class=\"gb-image gb-image-37518b8a\" src=\"https:\/\/www.sisinternational.com\/wp-content\/uploads\/2025\/10\/Co-Brand-Market-Research-3.jpg\" alt=\"Pesquisa e Estrat\u00e9gia de Mercado Internacional da SIS\" title=\"Co-Brand Market Research (3)\" srcset=\"https:\/\/www.sisinternational.com\/wp-content\/uploads\/2025\/10\/Co-Brand-Market-Research-3.jpg 1456w, https:\/\/www.sisinternational.com\/wp-content\/uploads\/2025\/10\/Co-Brand-Market-Research-3-300x168.jpg 300w, https:\/\/www.sisinternational.com\/wp-content\/uploads\/2025\/10\/Co-Brand-Market-Research-3-1024x574.jpg 1024w, https:\/\/www.sisinternational.com\/wp-content\/uploads\/2025\/10\/Co-Brand-Market-Research-3-768x430.jpg 768w, https:\/\/www.sisinternational.com\/wp-content\/uploads\/2025\/10\/Co-Brand-Market-Research-3-18x10.jpg 18w\" sizes=\"auto, (max-width: 1456px) 100vw, 1456px\"><\/figure>\n\n\n\n<p><\/p>\n\n\n\n<p>Em um mundo onde inefici\u00eancias operacionais e falhas sist\u00eamicas desafiam constantemente os neg\u00f3cios, a busca por solu\u00e7\u00f5es sustent\u00e1veis nunca foi t\u00e3o cr\u00edtica. \u00c9 por isso que a pesquisa de mercado e consultoria de an\u00e1lise de causa raiz surgem como um recurso essencial nesse esfor\u00e7o, oferecendo os insights e a expertise necess\u00e1rios para descobrir as causas subjacentes dos problemas, n\u00e3o apenas seus sintomas.<\/p>\n\n\n\n<h2 class=\"wp-block-heading\">O que \u00e9 pesquisa e consultoria de mercado de an\u00e1lise de causa raiz?<\/h2>\n\n\n\n<p>A pesquisa de mercado e consultoria de an\u00e1lise de causa raiz identifica e aborda as causas subjacentes de problemas dentro das organiza\u00e7\u00f5es. Envolve uma investiga\u00e7\u00e3o sistem\u00e1tica sobre as raz\u00f5es por tr\u00e1s de problemas ou desafios espec\u00edficos enfrentados por uma empresa. Isso pode variar de inefici\u00eancias operacionais e falhas de produtos a problemas de atendimento ao cliente e retrocessos de posicionamento de mercado.<\/p>\n\n\n\n<p>Furthermore, root cause <a href=\"https:\/\/www.sisinternational.com\/pt\/solucoes\/solucoes-de-pesquisa-quantitativa-qualitativa\/maximizing-roi-with-decision-trees-analysis-in-market-research\/\" title=\"Decision Trees Analysis in Market Research\"  data-wpil-monitor-id=\"1170\">analysis market research<\/a> and consulting emphasizes the development of actionable solutions that address the root causes identified through the analysis. This may involve strategic recommendations, operational adjustments, process redesign, or organizational cultural changes.<\/p>\n\n\n\n<h2 class=\"wp-block-heading\">Por que as empresas precisam de pesquisa e consultoria de mercado para an\u00e1lise de causa raiz<\/h2>\n\n\n\n<p>Root cause <a href=\"https:\/\/www.sisinternational.com\/pt\/solucoes\/solucoes-de-pesquisa-quantitativa-qualitativa\/turf-analysis-market-research\/\" title=\"TURF Analysis Market Research\"  data-wpil-monitor-id=\"1511\">analysis market research<\/a> and consulting equip businesses with a deep understanding of the fundamental reasons behind their challenges, enabling informed strategic decision-making. By identifying the root causes of issues, companies can allocate resources more effectively, prioritize initiatives that offer the greatest impact, and avoid the pitfalls of symptomatic solutions.<\/p>\n\n\n\n<p>Da mesma forma, a an\u00e1lise da causa raiz ajuda as empresas a dissecar quest\u00f5es operacionais complexas, descobrir inefici\u00eancias na sua origem e implementar melhorias nos processos que levam a ganhos significativos em produtividade e economia de custos. Atrav\u00e9s da an\u00e1lise da causa raiz, as empresas podem identificar as causas sist\u00eamicas dos problemas de qualidade e da insatisfa\u00e7\u00e3o do cliente, levando a interven\u00e7\u00f5es direcionadas que melhoram a qualidade do produto, melhoram as experi\u00eancias do cliente e constroem a fidelidade \u00e0 marca.<\/p>\n\n\n\n<p>Moreover, root cause analysis can reveal compliance vulnerabilities and operational risks at their core, enabling businesses to implement robust controls, compliance processes, and risk mitigation strategies. However, root cause <a href=\"https:\/\/www.sisinternational.com\/pt\/solucoes\/solucoes-de-pesquisa-quantitativa-qualitativa\/k-means-cluster-analysis-in-market-research\/\" title=\"K-Means Cluster Analysis in Market Research\"  data-wpil-monitor-id=\"1615\">analysis market research<\/a> and consulting presents many other benefits for businesses, including:<\/p>\n\n\n\n<ul class=\"wp-block-list\">\n<li><strong>Insights baseados em dados:<\/strong> Root cause <a href=\"https:\/\/www.sisinternational.com\/pt\/solucoes\/solucoes-de-pesquisa-quantitativa-qualitativa\/latent-class-analysis-in-market-research\/\" title=\"Latent Class Analysis in Market Research\"  data-wpil-monitor-id=\"1639\">analysis consulting integrates market research<\/a> to provide data-driven insights that reflect market dynamics, customer expectations, and competitive landscapes. These insights inform more effective and targeted strategies for addressing business challenges.<\/li>\n\n\n\n<li><strong>Efici\u00eancia operacional aprimorada:<\/strong> Identificar e abordar as causas profundas das inefici\u00eancias operacionais leva a processos mais suaves, redu\u00e7\u00e3o de desperd\u00edcios e custos mais baixos. As empresas podem alcan\u00e7ar maior produtividade e excel\u00eancia operacional, aumentando a sua vantagem competitiva.<\/li>\n\n\n\n<li><strong>Mitiga\u00e7\u00e3o de riscos e garantia de conformidade:<\/strong> A an\u00e1lise de causa raiz ajuda as empresas a identificar vulnerabilidades e lacunas de conformidade. Implementar a\u00e7\u00f5es corretivas com base nessas descobertas atenua riscos e garante a ades\u00e3o aos padr\u00f5es regulat\u00f3rios e \u00e0s melhores pr\u00e1ticas do setor.<\/li>\n\n\n\n<li><strong>Crescimento Estrat\u00e9gico e Inova\u00e7\u00e3o:<\/strong> A consultoria de an\u00e1lise de causa raiz revela os fatores subjacentes que limitam o crescimento ou a inova\u00e7\u00e3o dos neg\u00f3cios, fornecendo uma base para o planejamento e desenvolvimento estrat\u00e9gico. As empresas podem alavancar esses insights para buscar novas oportunidades de mercado, inovar ofertas de produtos e refinar seu posicionamento de mercado.<\/li>\n<\/ul>\n\n\n\n<h2 class=\"wp-block-heading\">Quando conduzir pesquisa de mercado e consultoria de an\u00e1lise de causa raiz<\/h2>\n\n\n\n<figure class=\"gb-block-image gb-block-image-4dabc124\"><img loading=\"lazy\" decoding=\"async\" width=\"1456\" height=\"816\" class=\"gb-image gb-image-4dabc124\" src=\"https:\/\/www.sisinternational.com\/wp-content\/uploads\/2025\/08\/B2Bjpg-3.jpg\" alt=\"Pesquisa e Estrat\u00e9gia de Mercado Internacional da SIS\" title=\"B2Bjpg (3)\" srcset=\"https:\/\/www.sisinternational.com\/wp-content\/uploads\/2025\/08\/B2Bjpg-3.jpg 1456w, https:\/\/www.sisinternational.com\/wp-content\/uploads\/2025\/08\/B2Bjpg-3-300x168.jpg 300w, https:\/\/www.sisinternational.com\/wp-content\/uploads\/2025\/08\/B2Bjpg-3-1024x574.jpg 1024w, https:\/\/www.sisinternational.com\/wp-content\/uploads\/2025\/08\/B2Bjpg-3-768x430.jpg 768w, https:\/\/www.sisinternational.com\/wp-content\/uploads\/2025\/08\/B2Bjpg-3-18x10.jpg 18w\" sizes=\"auto, (max-width: 1456px) 100vw, 1456px\"><\/figure>\n\n\n\n<p><\/p>\n\n\n\n<p>Implementar a an\u00e1lise de causa raiz no momento certo \u00e9 crucial para maximizar seus benef\u00edcios e impacto. Seja respondendo a problemas espec\u00edficos ou como parte do planeamento estrat\u00e9gico regular, compreender quando realizar an\u00e1lises de causa raiz pode ajudar as empresas a tomar decis\u00f5es informadas e a manter uma vantagem competitiva.<\/p>\n\n\n\n<ul class=\"wp-block-list\">\n<li><strong>Problemas operacionais persistentes:<\/strong> Quando uma empresa encontra problemas operacionais recorrentes, como atrasos na produ\u00e7\u00e3o, defeitos de qualidade ou interrup\u00e7\u00f5es na cadeia de suprimentos, \u00e9 um sinal de que solu\u00e7\u00f5es superficiais s\u00e3o insuficientes. An\u00e1lise de causa raiz, pesquisa de mercado e consultoria podem descobrir os problemas sist\u00eamicos que impulsionam esses problemas, levando a solu\u00e7\u00f5es mais eficazes e permanentes.<\/li>\n\n\n\n<li><strong>Decl\u00ednio da satisfa\u00e7\u00e3o do cliente:<\/strong> A noticeable decline in customer satisfaction, reflected through feedback, reviews, or loyalty metrics, often indicates deeper issues with product quality, service delivery, or customer experience. Conducting Root cause <a href=\"https:\/\/www.sisinternational.com\/pt\/solucoes\/solucoes-de-pesquisa-quantitativa-qualitativa\/analise-discriminante-pesquisa-de-mercado\/\" title=\"Pesquisa de Mercado de An\u00e1lise Discriminante\"  data-wpil-monitor-id=\"3278\">analysis market research<\/a> and consulting helps businesses identify and rectify these underlying issues, improving customer satisfaction and retention.<\/li>\n\n\n\n<li><strong>Falhas de conformidade e exposi\u00e7\u00e3o a riscos:<\/strong> Quando uma empresa enfrenta problemas de conformidade ou identifica riscos significativos, a an\u00e1lise da causa raiz \u00e9 essencial para compreender as origens desses desafios. Isto pode informar o desenvolvimento de estruturas de conformidade robustas e estrat\u00e9gias de gest\u00e3o de risco, protegendo o neg\u00f3cio de potenciais multas, danos \u00e0 reputa\u00e7\u00e3o e perdas operacionais.<\/li>\n\n\n\n<li><strong>Inova\u00e7\u00e3o e Desenvolvimento de Produtos:<\/strong> In the context of innovation and product development, root cause <a href=\"https:\/\/www.sisinternational.com\/pt\/solucoes\/solucoes-de-pesquisa-quantitativa-qualitativa\/analise-tam-pesquisa-de-mercado\/\" title=\"Pesquisa de Mercado An\u00e1lise TAM\"  data-wpil-monitor-id=\"3589\">analysis market research<\/a> and consulting can be used to analyze market failures, customer feedback, and technological challenges. This insight drives more focused and successful innovation efforts, ensuring new products and services meet market needs and expectations.<\/li>\n\n\n\n<li><strong>Competitive Pressure and <\/strong><a href=\"https:\/\/www.sisinternational.com\/pt\/solucoes\/legal-market-research\/law-firm-competitive-analysis\/\" title=\"Law Firm Competitive Analysis\"  data-wpil-monitor-id=\"921\">Market Positioning: Root cause<\/a> analysis provides strategic insights into competitive dynamics, customer preferences, and market trends, guiding more effective positioning and differentiation strategies.<\/li>\n<\/ul>\n\n\n\n<h2 class=\"wp-block-heading\">Resultados esperados de nossa pesquisa de mercado e insights de consultoria de an\u00e1lise de causa raiz<\/h2>\n\n\n\n<p>A colabora\u00e7\u00e3o entre empresas e consultores de an\u00e1lise de causa raiz \u00e9 projetada para produzir insights acion\u00e1veis e orienta\u00e7\u00e3o estrat\u00e9gica, facilitando a tomada de decis\u00f5es informadas e otimizando estrat\u00e9gias operacionais. Os insights obtidos dessa consultoria especializada s\u00e3o instrumentais para atingir v\u00e1rios resultados cr\u00edticos para o cliente.<\/p>\n\n\n\n<ul class=\"wp-block-list\">\n<li><strong>Compreens\u00e3o aprofundada das quest\u00f5es subjacentes:<\/strong> Um dos principais resultados \u00e9 uma compreens\u00e3o profunda e diferenciada das causas raiz por tr\u00e1s dos desafios do neg\u00f3cio. Isso vai al\u00e9m dos sintomas superficiais para descobrir problemas sist\u00eamicos, fornecendo uma base s\u00f3lida para a resolu\u00e7\u00e3o eficaz de problemas.<\/li>\n\n\n\n<li><strong>Planos Estrat\u00e9gicos de Melhoria:<\/strong> Com base na an\u00e1lise da causa raiz, as empresas podem esperar receber planos estrat\u00e9gicos de melhoria que detalham etapas vi\u00e1veis para resolver os problemas identificados. Esses planos s\u00e3o adaptados ao contexto, aos recursos e aos objetivos espec\u00edficos da organiza\u00e7\u00e3o, garantindo relev\u00e2ncia e viabilidade.<\/li>\n\n\n\n<li><strong>Efici\u00eancia operacional aprimorada:<\/strong> Abordar as causas raiz das inefici\u00eancias operacionais pode melhorar significativamente a produtividade e a economia de custos para as empresas. Isso pode envolver otimiza\u00e7\u00f5es de processos, atualiza\u00e7\u00f5es de tecnologia ou mudan\u00e7as nas pr\u00e1ticas de gerenciamento, levando a opera\u00e7\u00f5es simplificadas e desempenho aprimorado.<\/li>\n\n\n\n<li><strong>Melhor qualidade do produto e satisfa\u00e7\u00e3o do cliente:<\/strong> Identificar e corrigir as causas ra\u00edzes dos problemas de produtos ou servi\u00e7os contribui diretamente para ofertas de maior qualidade e maior satisfa\u00e7\u00e3o do cliente. Isto fortalece a fidelidade \u00e0 marca e posiciona a empresa de forma mais favor\u00e1vel em mercados competitivos.<\/li>\n\n\n\n<li><strong>Mitiga\u00e7\u00e3o de riscos e melhoria da conformidade:<\/strong> Root cause <a href=\"https:\/\/www.sisinternational.com\/pt\/solucoes\/solucoes-de-pesquisa-quantitativa-qualitativa\/pesquisa-de-mercado-de-analise-conjunta\/\" title=\"O que \u00e9 pesquisa de mercado de an\u00e1lise conjunta?\"  data-wpil-monitor-id=\"4025\">analysis market research<\/a> and consulting helps businesses identify potential risks and compliance gaps. Implementing the recommended corrective actions mitigates these risks, ensuring compliance with regulatory requirements and industry standards.<\/li>\n\n\n\n<li><strong>Mudan\u00e7as Culturais e Organizacionais:<\/strong> Muitas vezes, as causas profundas dos problemas est\u00e3o ligadas \u00e0 cultura organizacional ou a problemas estruturais. Os resultados esperados incluem recomenda\u00e7\u00f5es para mudan\u00e7as culturais ou reformula\u00e7\u00f5es organizacionais que promovam um local de trabalho mais eficaz, colaborativo e inovador.<\/li>\n<\/ul>\n\n\n\n<h2 class=\"wp-block-heading\">A abordagem SIS para pesquisa e consultoria de mercado de an\u00e1lise de causa raiz<\/h2>\n\n\n\n<figure class=\"gb-block-image gb-block-image-fa3523b9\"><img loading=\"lazy\" decoding=\"async\" width=\"1456\" height=\"816\" class=\"gb-image gb-image-fa3523b9\" src=\"https:\/\/www.sisinternational.com\/wp-content\/uploads\/2025\/09\/Quantitative-research-4.jpg\" alt=\"Pesquisa e Estrat\u00e9gia de Mercado Internacional da SIS\" title=\"Quantitative research (4)\" srcset=\"https:\/\/www.sisinternational.com\/wp-content\/uploads\/2025\/09\/Quantitative-research-4.jpg 1456w, https:\/\/www.sisinternational.com\/wp-content\/uploads\/2025\/09\/Quantitative-research-4-300x168.jpg 300w, https:\/\/www.sisinternational.com\/wp-content\/uploads\/2025\/09\/Quantitative-research-4-1024x574.jpg 1024w, https:\/\/www.sisinternational.com\/wp-content\/uploads\/2025\/09\/Quantitative-research-4-768x430.jpg 768w, https:\/\/www.sisinternational.com\/wp-content\/uploads\/2025\/09\/Quantitative-research-4-18x10.jpg 18w\" sizes=\"auto, (max-width: 1456px) 100vw, 1456px\"><\/figure>\n\n\n\n<p><\/p>\n\n\n\n<p>At SIS, we believe that true problem-solving requires digging beneath the surface to understand the fundamental reasons behind business challenges. Our approach to root cause <a href=\"https:\/\/www.sisinternational.com\/pt\/solucoes\/solucoes-de-pesquisa-quantitativa-qualitativa\/pesquisa-de-mercado-de-analise-cognitiva\/\" title=\"Pesquisa de mercado de an\u00e1lise cognitiva\"  data-wpil-monitor-id=\"4645\">analysis market research<\/a> and consulting combines rigorous analytical methods with deep market insights, offering clients strategic pathways to sustainable improvement and growth.<\/p>\n\n\n\n<ul class=\"wp-block-list\">\n<li><strong>Avalia\u00e7\u00e3o Inicial e Defini\u00e7\u00e3o do Problema:<\/strong> Nosso processo come\u00e7a com uma avalia\u00e7\u00e3o completa da situa\u00e7\u00e3o do cliente, incluindo uma revis\u00e3o aprofundada dos sintomas, desafios e impactos dos problemas. Esta fase envolve colabora\u00e7\u00e3o pr\u00f3xima com o cliente para definir as \u00e1reas problem\u00e1ticas e definir o escopo para a an\u00e1lise.<\/li>\n\n\n\n<li><strong>Coleta e an\u00e1lise de dados:<\/strong> Leveraging both qualitative and <a class=\"wpil_keyword_link\" href=\"https:\/\/www.sisinternational.com\/pt\/o-que-e-pesquisa-quantitativa\/\"   title=\"O que \u00e9 pesquisa quantitativa?\" data-wpil-keyword-link=\"linked\"  data-wpil-monitor-id=\"616\">pesquisa quantitativa<\/a> methods, we gather comprehensive data from various sources, including internal business metrics, customer feedback, and market trends. This data is then analyzed using advanced analytical tools and techniques to identify patterns, correlations, and potential root causes.<\/li>\n\n\n\n<li><strong>Desenvolvimento de Solu\u00e7\u00f5es Estrat\u00e9gicas:<\/strong> Com uma compreens\u00e3o clara das causas profundas, os consultores da SIS desenvolvem solu\u00e7\u00f5es personalizadas e vi\u00e1veis para resolver os problemas centrais. Estas solu\u00e7\u00f5es s\u00e3o enquadradas no contexto dos objetivos estrat\u00e9gicos, capacidades operacionais e condi\u00e7\u00f5es de mercado do cliente, garantindo que sejam pr\u00e1ticas e impactantes.<\/li>\n\n\n\n<li><strong>Apoio e Monitoramento de Implementa\u00e7\u00e3o:<\/strong> Reconhecendo que o sucesso de qualquer solu\u00e7\u00e3o depende da implementa\u00e7\u00e3o e ado\u00e7\u00e3o eficazes, a SIS fornece apoio cont\u00ednuo aos clientes durante todo o processo de implementa\u00e7\u00e3o. Inclui assist\u00eancia na gest\u00e3o de mudan\u00e7as, monitoramento do progresso e ajustes nas estrat\u00e9gias com base no feedback e nas condi\u00e7\u00f5es em evolu\u00e7\u00e3o.<\/li>\n\n\n\n<li><strong>Melhoria Cont\u00ednua e Assessoria Estrat\u00e9gica:<\/strong> Nosso envolvimento n\u00e3o termina com a implementa\u00e7\u00e3o de solu\u00e7\u00f5es. A SIS continua empenhada em fornecer aconselhamento estrat\u00e9gico e apoio para a melhoria cont\u00ednua, ajudando os clientes a adaptar-se a novos desafios e a aproveitar oportunidades emergentes de crescimento.<\/li>\n<\/ul>\n\n\n\n<h2 class=\"wp-block-heading\"><strong>Sobre SIS Internacional<\/strong><\/h2>\n\n\n\n<p><a href=\"https:\/\/www.sisinternational.com\/pt\/\"><span style=\"font-weight: 400;\">SIS Internacional<\/span><\/a><span style=\"font-weight: 400;\"> oferece pesquisa quantitativa, qualitativa e estrat\u00e9gica. Fornecemos dados, ferramentas, estrat\u00e9gias, relat\u00f3rios e insights para a tomada de decis\u00f5es. Tamb\u00e9m realizamos entrevistas, pesquisas, grupos focais e outros m\u00e9todos e abordagens de Pesquisa de Mercado.<\/span><a href=\"https:\/\/www.sisinternational.com\/pt\/sobre-a-sis-international-research\/contact-sis-international-market-research\/\"><span style=\"font-weight: 400;\"> Entre em contato conosco<\/span><\/a><span style=\"font-weight: 400;\"> para o seu pr\u00f3ximo projeto de pesquisa de mercado.<\/span><\/p>","protected":false},"excerpt":{"rendered":"<p>A pesquisa de mercado e a consultoria de an\u00e1lise de causa raiz envolvem a investiga\u00e7\u00e3o das raz\u00f5es subjacentes aos problemas espec\u00edficos que uma empresa enfrenta.<\/p>","protected":false},"author":1,"featured_media":71925,"parent":14567,"menu_order":32,"comment_status":"closed","ping_status":"closed","template":"","meta":{"footnotes":""},"class_list":["post-46362","page","type-page","status-publish","has-post-thumbnail"],"_links":{"self":[{"href":"https:\/\/www.sisinternational.com\/pt\/wp-json\/wp\/v2\/pages\/46362","targetHints":{"allow":["GET"]}}],"collection":[{"href":"https:\/\/www.sisinternational.com\/pt\/wp-json\/wp\/v2\/pages"}],"about":[{"href":"https:\/\/www.sisinternational.com\/pt\/wp-json\/wp\/v2\/types\/page"}],"author":[{"embeddable":true,"href":"https:\/\/www.sisinternational.com\/pt\/wp-json\/wp\/v2\/users\/1"}],"replies":[{"embeddable":true,"href":"https:\/\/www.sisinternational.com\/pt\/wp-json\/wp\/v2\/comments?post=46362"}],"version-history":[{"count":18,"href":"https:\/\/www.sisinternational.com\/pt\/wp-json\/wp\/v2\/pages\/46362\/revisions"}],"predecessor-version":[{"id":78630,"href":"https:\/\/www.sisinternational.com\/pt\/wp-json\/wp\/v2\/pages\/46362\/revisions\/78630"}],"up":[{"embeddable":true,"href":"https:\/\/www.sisinternational.com\/pt\/wp-json\/wp\/v2\/pages\/14567"}],"wp:featuredmedia":[{"embeddable":true,"href":"https:\/\/www.sisinternational.com\/pt\/wp-json\/wp\/v2\/media\/71925"}],"wp:attachment":[{"href":"https:\/\/www.sisinternational.com\/pt\/wp-json\/wp\/v2\/media?parent=46362"}],"curies":[{"name":"wp","href":"https:\/\/api.w.org\/{rel}","templated":true}]}}