{"id":46333,"date":"2024-02-22T19:11:05","date_gmt":"2024-02-23T00:11:05","guid":{"rendered":"https:\/\/www.sisinternational.com\/?page_id=46333"},"modified":"2026-01-26T14:42:05","modified_gmt":"2026-01-26T19:42:05","slug":"pesquisa-de-mercado-de-design-centrado-no-usuario","status":"publish","type":"page","link":"https:\/\/www.sisinternational.com\/pt\/solucoes\/consultoria-estrategica\/pesquisa-de-mercado-de-design-centrado-no-usuario\/","title":{"rendered":"User-Centered Design market Research"},"content":{"rendered":"<h1 class=\"wp-block-heading\">User-Centered Design market Research<\/h1>\n\n\n\n<figure class=\"gb-block-image gb-block-image-74b5cc2f\"><img loading=\"lazy\" decoding=\"async\" width=\"1456\" height=\"816\" class=\"gb-image gb-image-74b5cc2f\" src=\"https:\/\/www.sisinternational.com\/wp-content\/uploads\/2025\/10\/User-Centered-Design-1.jpg\" alt=\"Pesquisa e Estrat\u00e9gia de Mercado Internacional da SIS\" title=\"User-Centered Design (1)\" srcset=\"https:\/\/www.sisinternational.com\/wp-content\/uploads\/2025\/10\/User-Centered-Design-1.jpg 1456w, https:\/\/www.sisinternational.com\/wp-content\/uploads\/2025\/10\/User-Centered-Design-1-300x168.jpg 300w, https:\/\/www.sisinternational.com\/wp-content\/uploads\/2025\/10\/User-Centered-Design-1-1024x574.jpg 1024w, https:\/\/www.sisinternational.com\/wp-content\/uploads\/2025\/10\/User-Centered-Design-1-768x430.jpg 768w, https:\/\/www.sisinternational.com\/wp-content\/uploads\/2025\/10\/User-Centered-Design-1-18x10.jpg 18w\" sizes=\"auto, (max-width: 1456px) 100vw, 1456px\"><\/figure>\n\n\n\n<p><\/p>\n\n\n\n<p>Em uma era em que a experi\u00eancia do usu\u00e1rio pode fazer ou quebrar um produto, uma quest\u00e3o \u00e9 fundamental: qu\u00e3o bem voc\u00ea conhece seus usu\u00e1rios? A pesquisa de mercado de design centrado no usu\u00e1rio (UCD) ajuda a compreender e abordar essa quest\u00e3o, oferecendo um roteiro para personalizar produtos e servi\u00e7os que repercutam profundamente nos usu\u00e1rios finais.<\/p>\n\n\n\n<h2 class=\"wp-block-heading\">Compreendendo a pesquisa de mercado de design centrado no usu\u00e1rio<\/h2>\n\n\n\n<p>A pesquisa de mercado de design centrado no usu\u00e1rio concentra-se na compreens\u00e3o das necessidades, comportamentos e prefer\u00eancias dos usu\u00e1rios para informar o design e o desenvolvimento de produtos e servi\u00e7os. Este tipo de pesquisa emprega uma variedade de metodologias, incluindo pesquisas, entrevistas, testes de usabilidade e observa\u00e7\u00e3o, para coletar insights acion\u00e1veis sobre o p\u00fablico-alvo.<\/p>\n\n\n\n<p>The core objective of user-centered <a href=\"https:\/\/www.sisinternational.com\/pt\/pericia\/industrias\/pesquisa-de-mercado-de-design-industrial\/\" title=\"Pesquisa de mercado de design industrial\"  data-wpil-monitor-id=\"4145\">design market research<\/a> is to ensure that the end product is functional, intuitive, accessible, and desirable to the user. This way, businesses can create solutions that meet the market&#8217;s demands by prioritizing the user&#8217;s perspective throughout the design process.<\/p>\n\n\n\n<h2 class=\"wp-block-heading\">Import\u00e2ncia da pesquisa de mercado de design centrado no usu\u00e1rio<\/h2>\n\n\n\n<p>A pesquisa de mercado UCD capacita as empresas com insights cr\u00edticos sobre o mundo do usu\u00e1rio. Ele fornece uma compreens\u00e3o detalhada de seus pontos fracos, necessidades e como eles interagem com produtos ou servi\u00e7os existentes. Esta compreens\u00e3o \u00e9 crucial para identificar oportunidades de inova\u00e7\u00e3o e diferencia\u00e7\u00e3o num mercado concorrido.<\/p>\n\n\n\n<p>Al\u00e9m disso, o envolvimento em pesquisas de mercado de UCD promove uma cultura de empatia dentro da organiza\u00e7\u00e3o. Ele incentiva as equipes a adotarem a perspectiva do usu\u00e1rio, levando a decis\u00f5es de design mais ponderadas e inclusivas. Essa empatia melhora a usabilidade e acessibilidade do produto, garantindo que ele atenda a um amplo espectro de usu\u00e1rios, inclusive aqueles com defici\u00eancia. A natureza inclusiva desta pesquisa de mercado contribui para a cria\u00e7\u00e3o de produtos que atendem a um p\u00fablico mais amplo, aumentando o alcance e o impacto do mercado.<\/p>\n\n\n\n<figure class=\"gb-block-image gb-block-image-4681afbb\"><img loading=\"lazy\" decoding=\"async\" width=\"1456\" height=\"816\" class=\"gb-image gb-image-4681afbb\" src=\"https:\/\/www.sisinternational.com\/wp-content\/uploads\/2025\/10\/User-Centered-Design-5.jpg\" alt=\"Pesquisa e Estrat\u00e9gia de Mercado Internacional da SIS\" title=\"User-Centered Design (5)\" srcset=\"https:\/\/www.sisinternational.com\/wp-content\/uploads\/2025\/10\/User-Centered-Design-5.jpg 1456w, https:\/\/www.sisinternational.com\/wp-content\/uploads\/2025\/10\/User-Centered-Design-5-300x168.jpg 300w, https:\/\/www.sisinternational.com\/wp-content\/uploads\/2025\/10\/User-Centered-Design-5-1024x574.jpg 1024w, https:\/\/www.sisinternational.com\/wp-content\/uploads\/2025\/10\/User-Centered-Design-5-768x430.jpg 768w, https:\/\/www.sisinternational.com\/wp-content\/uploads\/2025\/10\/User-Centered-Design-5-18x10.jpg 18w\" sizes=\"auto, (max-width: 1456px) 100vw, 1456px\"><\/figure>\n\n\n\n<p><\/p>\n\n\n\n<p>Lastly, UCD market research is instrumental in reducing the risk of product failure. By continuously involving users throughout the design and development process, businesses can validate assumptions, refine ideas, and make informed adjustments based on user feedback. This iterative approach minimizes the chances of launching a product that does not meet user expectations, thereby safeguarding investment and resources. However, user-centered <a href=\"https:\/\/www.sisinternational.com\/pt\/pericia\/industrias\/pesquisa-de-mercado-para-empresa-de-design\/\" title=\"Pesquisa de mercado de empresa de design\"  data-wpil-monitor-id=\"5588\">design market research<\/a> has some other benefits, including:<\/p>\n\n\n\n<ul class=\"wp-block-list\">\n<li><strong>Usabilidade aprimorada do produto:<\/strong> No centro da pesquisa de mercado UCD est\u00e1 o objetivo de melhorar a usabilidade dos produtos. Ao compreender as necessidades e desafios espec\u00edficos dos usu\u00e1rios, os designers podem criar interfaces e experi\u00eancias intuitivas e f\u00e1ceis de navegar. Esse foco na usabilidade ajuda a reduzir a curva de aprendizado de novos usu\u00e1rios e aumenta a satisfa\u00e7\u00e3o geral do produto.<\/li>\n\n\n\n<li><strong>Maior satisfa\u00e7\u00e3o do usu\u00e1rio:<\/strong> Os produtos projetados com base na opini\u00e3o do usu\u00e1rio t\u00eam maior probabilidade de atender ou superar as expectativas, levando a n\u00edveis mais elevados de satisfa\u00e7\u00e3o do usu\u00e1rio. Os utilizadores satisfeitos s\u00e3o mais leais e t\u00eam maior probabilidade de se tornarem defensores do produto, promovendo-o nas suas redes. Esse marketing boca a boca pode ser inestim\u00e1vel para o crescimento e ado\u00e7\u00e3o do produto.<\/li>\n\n\n\n<li><strong>Custos de desenvolvimento reduzidos:<\/strong> Incorporar a pesquisa de mercado UCD no in\u00edcio do processo de desenvolvimento pode ajudar a identificar antecipadamente poss\u00edveis problemas e necessidades dos usu\u00e1rios, reduzindo a necessidade de revis\u00f5es e reprojetos dispendiosos posteriormente. Ao detectar esses problemas antecipadamente, as empresas podem agilizar seu processo de desenvolvimento, economizando tempo e recursos.<\/li>\n\n\n\n<li><strong>Vantagem competitiva:<\/strong> In a crowded marketplace, offering a superior user experience can be a significant differentiator. User-centered <a href=\"https:\/\/www.sisinternational.com\/pt\/pericia\/industrias\/pesquisa-de-mercado-de-design-de-embalagens\/\" title=\"Pesquisa de mercado de design de embalagens\"  data-wpil-monitor-id=\"6180\">design market research<\/a> provides the insights to create products that stand out from the competition by uniquely and effectively addressing user needs.<\/li>\n\n\n\n<li><strong>Acessibilidade aprimorada:<\/strong> O foco no UCD incentiva a concep\u00e7\u00e3o de produtos acess\u00edveis a todos os utilizadores, incluindo aqueles com defici\u00eancia. Isto expande a base de utilizadores potenciais do produto e demonstra um compromisso com a inclus\u00e3o, o que pode melhorar a reputa\u00e7\u00e3o e o apelo da marca.<\/li>\n<\/ul>\n\n\n\n<h2 class=\"wp-block-heading\">Quem usa pesquisa de mercado de design centrado no usu\u00e1rio<\/h2>\n\n\n\n<p>User-centered <a href=\"https:\/\/www.sisinternational.com\/pt\/solucoes\/inovacao\/pensamento-de-design\/\" title=\"Pesquisa de mercado de pensamento de design\"  data-wpil-monitor-id=\"6674\">design market research<\/a> is a versatile tool employed by various stakeholders to inform the development of products, services, and systems that prioritize the user&#8217;s experience. Its main users include:<\/p>\n\n\n\n<ul class=\"wp-block-list\">\n<li><strong>Designers e desenvolvedores de produtos:<\/strong> Esses profissionais contam com os insights da UCD para informar todos os aspectos do processo de design, desde o conceito inicial at\u00e9 o produto final. Ao compreender as necessidades, comportamentos e prefer\u00eancias do usu\u00e1rio, eles podem criar produtos que n\u00e3o s\u00e3o apenas funcionais, mas tamb\u00e9m intuitivos e agrad\u00e1veis de usar.<\/li>\n\n\n\n<li><strong>Estrategistas Corporativos:<\/strong> Em organiza\u00e7\u00f5es maiores, os estrategistas corporativos utilizam a pesquisa de mercado UCD para orientar estrat\u00e9gias de desenvolvimento de produtos, garantindo que as novas iniciativas estejam alinhadas com as necessidades dos usu\u00e1rios e as demandas do mercado. Esta aplica\u00e7\u00e3o estrat\u00e9gica do UCD pode impulsionar a inova\u00e7\u00e3o, a diferencia\u00e7\u00e3o competitiva e o crescimento a longo prazo.<\/li>\n\n\n\n<li><strong>Iniciantes:<\/strong> As startups, em particular, encontram imenso valor na pesquisa de mercado UCD, pois lhes permite validar ideias de neg\u00f3cios, refinar conceitos de produtos e garantir que seus recursos limitados sejam investidos no desenvolvimento de solu\u00e7\u00f5es que atendam a uma necessidade genu\u00edna do usu\u00e1rio. Esse foco no design centrado no usu\u00e1rio pode ser um fator cr\u00edtico na capacidade de uma startup se dinamizar rapidamente e encontrar um caminho vi\u00e1vel para o sucesso no mercado.<\/li>\n<\/ul>\n\n\n\n<h2 class=\"wp-block-heading\">A abordagem SIS para pesquisa de mercado de design centrado no usu\u00e1rio<\/h2>\n\n\n\n<figure class=\"gb-block-image gb-block-image-970e202c\"><img loading=\"lazy\" decoding=\"async\" width=\"1456\" height=\"816\" class=\"gb-image gb-image-970e202c\" src=\"https:\/\/www.sisinternational.com\/wp-content\/uploads\/2025\/10\/User-Centered-Design-2.jpg\" alt=\"Pesquisa e Estrat\u00e9gia de Mercado Internacional da SIS\" title=\"User-Centered Design (2)\" srcset=\"https:\/\/www.sisinternational.com\/wp-content\/uploads\/2025\/10\/User-Centered-Design-2.jpg 1456w, https:\/\/www.sisinternational.com\/wp-content\/uploads\/2025\/10\/User-Centered-Design-2-300x168.jpg 300w, https:\/\/www.sisinternational.com\/wp-content\/uploads\/2025\/10\/User-Centered-Design-2-1024x574.jpg 1024w, https:\/\/www.sisinternational.com\/wp-content\/uploads\/2025\/10\/User-Centered-Design-2-768x430.jpg 768w, https:\/\/www.sisinternational.com\/wp-content\/uploads\/2025\/10\/User-Centered-Design-2-18x10.jpg 18w\" sizes=\"auto, (max-width: 1456px) 100vw, 1456px\"><\/figure>\n\n\n\n<p><\/p>\n\n\n\n<p>The SIS approach to user-centered <a href=\"https:\/\/www.sisinternational.com\/pt\/o-papel-do-desenvolvimento-de-processos-e-sistemas-no-sucesso-organizacional\/\" title=\"Pesquisa de mercado de design organizacional\"  data-wpil-monitor-id=\"2924\">design<\/a> market research embodies a comprehensive strategy that prioritizes deep user insights to guide product development and design decisions. This approach is characterized by its meticulous attention to understanding user needs, behaviors, and preferences, ensuring that products and services are innovative and highly aligned with user expectations.<\/p>\n\n\n\n<p>At SIS, we explore the target user&#8217;s environment extensively, employing quantitative and <a class=\"wpil_keyword_link\" href=\"https:\/\/www.sisinternational.com\/pt\/solucoes\/solucoes-de-pesquisa-quantitativa-qualitativa\/\"   title=\"Solu\u00e7\u00f5es de pesquisa qualitativa e quantitativa\" data-wpil-keyword-link=\"linked\"  data-wpil-monitor-id=\"619\">qualitative research<\/a> methods to gather a broad spectrum of insights. This may include surveys, interviews, focus groups, and ethnographic studies, among other techniques.<\/p>\n\n\n\n<p>Posteriormente, os especialistas do SIS integram testes regulares de usu\u00e1rios e sess\u00f5es de feedback para validar hip\u00f3teses e refinar projetos. Esta abordagem iterativa permite a melhoria cont\u00ednua, garantindo que o produto final esteja perfeitamente ajustado para atender \u00e0s necessidades do usu\u00e1rio.<\/p>\n\n\n\n<p>Outro aspecto fundamental da abordagem do SIS \u00e9 o seu foco na colabora\u00e7\u00e3o multifuncional. Reconhecendo que o design centrado no utilizador \u00e9 um esfor\u00e7o multidisciplinar, o SIS facilita uma coopera\u00e7\u00e3o estreita entre designers, desenvolvedores, profissionais de marketing e estrategistas. Este ambiente colaborativo garante que todas as perspectivas sejam consideradas e que as percep\u00e7\u00f5es dos usu\u00e1rios sejam perfeitamente integradas em todos os aspectos do processo de desenvolvimento do produto.<\/p>\n\n\n\n<p>Finalmente, a abordagem do SIS \u00e0 pesquisa de mercado de UCD \u00e9 sustentada por um compromisso de aproveitar as mais recentes ferramentas e tecnologias para recolher e analisar dados dos utilizadores. Desde plataformas anal\u00edticas avan\u00e7adas at\u00e9 software de ponta para testes de usu\u00e1rios, o SIS emprega uma variedade de tecnologias para garantir que os insights sejam precisos, acion\u00e1veis e capazes de gerar melhorias significativas no design do produto.<\/p>\n\n\n\n<h2 class=\"wp-block-heading\">Oportunidades em pesquisa de mercado de design centrado no usu\u00e1rio para empresas<\/h2>\n\n\n\n<figure class=\"gb-block-image gb-block-image-ca451f7c\"><img loading=\"lazy\" decoding=\"async\" width=\"1456\" height=\"816\" class=\"gb-image gb-image-ca451f7c\" src=\"https:\/\/www.sisinternational.com\/wp-content\/uploads\/2025\/10\/User-Centered-Design-3.jpg\" alt=\"Pesquisa e Estrat\u00e9gia de Mercado Internacional da SIS\" title=\"User-Centered Design (3)\" srcset=\"https:\/\/www.sisinternational.com\/wp-content\/uploads\/2025\/10\/User-Centered-Design-3.jpg 1456w, https:\/\/www.sisinternational.com\/wp-content\/uploads\/2025\/10\/User-Centered-Design-3-300x168.jpg 300w, https:\/\/www.sisinternational.com\/wp-content\/uploads\/2025\/10\/User-Centered-Design-3-1024x574.jpg 1024w, https:\/\/www.sisinternational.com\/wp-content\/uploads\/2025\/10\/User-Centered-Design-3-768x430.jpg 768w, https:\/\/www.sisinternational.com\/wp-content\/uploads\/2025\/10\/User-Centered-Design-3-18x10.jpg 18w\" sizes=\"auto, (max-width: 1456px) 100vw, 1456px\"><\/figure>\n\n\n\n<p><\/p>\n\n\n\n<p>The integration of user-centered <a href=\"https:\/\/www.sisinternational.com\/pt\/pericia\/pesquisa-de-mercado-de-designer-de-interiores\/\" title=\"Pesquisa de mercado de designers de interiores e decoradores\"  data-wpil-monitor-id=\"11450\">design market research<\/a> into business strategies presents many opportunities for organizations across all sectors. This approach enhances product development and user experience and opens new avenues for growth, innovation, and competitive differentiation.<\/p>\n\n\n\n<ul class=\"wp-block-list\">\n<li><strong>Inova\u00e7\u00e3o e Diferencia\u00e7\u00e3o de Produtos:<\/strong> Ao compreender profundamente as necessidades e comportamentos dos utilizadores, as empresas podem identificar necessidades e lacunas n\u00e3o satisfeitas no mercado, impulsionando a inova\u00e7\u00e3o e criando produtos que se destacam. A pesquisa de mercado UCD fornece os insights necess\u00e1rios para desenvolver recursos ou funcionalidades exclusivas que podem servir como diferenciais importantes em um mercado lotado.<\/li>\n\n\n\n<li><strong>Maior fidelidade e reten\u00e7\u00e3o do usu\u00e1rio:<\/strong> Produtos projetados tendo o usu\u00e1rio em primeiro lugar repercutem mais profundamente no p\u00fablico-alvo, levando a maior satisfa\u00e7\u00e3o e fidelidade. Esse aumento na satisfa\u00e7\u00e3o do usu\u00e1rio pode se traduzir em melhores taxas de reten\u00e7\u00e3o e em uma base de clientes mais robusta.<\/li>\n\n\n\n<li><strong>Percep\u00e7\u00e3o aprimorada da marca:<\/strong> O compromisso com uma abordagem de design centrada no usu\u00e1rio demonstra a dedica\u00e7\u00e3o da empresa em atender e superar as expectativas do usu\u00e1rio. Este compromisso pode melhorar significativamente a percep\u00e7\u00e3o da marca, estabelecendo a empresa como atenciosa, f\u00e1cil de usar e centrada no cliente, aos olhos dos clientes atuais e potenciais.<\/li>\n\n\n\n<li><strong>Processos de desenvolvimento simplificados:<\/strong> A pesquisa de mercado UCD ajuda a identificar poss\u00edveis problemas de design e usabilidade no in\u00edcio do processo de desenvolvimento, permitindo ajustes antes que os custos aumentem. Esta interven\u00e7\u00e3o precoce pode agilizar os fluxos de trabalho de desenvolvimento, reduzir o tempo de lan\u00e7amento no mercado e minimizar o desperd\u00edcio de recursos.<\/li>\n\n\n\n<li><strong>Acesso a novos mercados:<\/strong> Ao conceber produtos que sejam acess\u00edveis e apelativos a um p\u00fablico mais vasto, incluindo pessoas com capacidades variadas e de diferentes origens culturais, as empresas podem explorar novos mercados e expandir o seu alcance. A pesquisa de mercado UCD \u00e9 fundamental para descobrir as diversas necessidades e prefer\u00eancias desses segmentos de usu\u00e1rios potenciais.<\/li>\n<\/ul>","protected":false},"excerpt":{"rendered":"<p>A pesquisa de mercado de design centrado no usu\u00e1rio concentra-se no design de produtos e servi\u00e7os, compreendendo as necessidades, comportamentos e prefer\u00eancias do usu\u00e1rio.<\/p>","protected":false},"author":1,"featured_media":71999,"parent":14567,"menu_order":33,"comment_status":"closed","ping_status":"closed","template":"","meta":{"_uag_custom_page_level_css":"","footnotes":""},"class_list":["post-46333","page","type-page","status-publish","has-post-thumbnail"],"uagb_featured_image_src":{"full":["https:\/\/www.sisinternational.com\/wp-content\/uploads\/2025\/10\/User-Centered-Design-1.jpg",1456,816,false],"thumbnail":["https:\/\/www.sisinternational.com\/wp-content\/uploads\/2025\/10\/User-Centered-Design-1-150x150.jpg",150,150,true],"medium":["https:\/\/www.sisinternational.com\/wp-content\/uploads\/2025\/10\/User-Centered-Design-1-300x168.jpg",300,168,true],"medium_large":["https:\/\/www.sisinternational.com\/wp-content\/uploads\/2025\/10\/User-Centered-Design-1-768x430.jpg",768,430,true],"large":["https:\/\/www.sisinternational.com\/wp-content\/uploads\/2025\/10\/User-Centered-Design-1-1024x574.jpg",1024,574,true],"1536x1536":["https:\/\/www.sisinternational.com\/wp-content\/uploads\/2025\/10\/User-Centered-Design-1.jpg",1456,816,false],"2048x2048":["https:\/\/www.sisinternational.com\/wp-content\/uploads\/2025\/10\/User-Centered-Design-1.jpg",1456,816,false],"trp-custom-language-flag":["https:\/\/www.sisinternational.com\/wp-content\/uploads\/2025\/10\/User-Centered-Design-1-18x10.jpg",18,10,true]},"uagb_author_info":{"display_name":"Ruth Stanat","author_link":"https:\/\/www.sisinternational.com\/pt\/author\/expert\/"},"uagb_comment_info":0,"uagb_excerpt":"User-centered design market research focuses on the design of products and services by understanding user needs, behaviors, and preferences.","_links":{"self":[{"href":"https:\/\/www.sisinternational.com\/pt\/wp-json\/wp\/v2\/pages\/46333","targetHints":{"allow":["GET"]}}],"collection":[{"href":"https:\/\/www.sisinternational.com\/pt\/wp-json\/wp\/v2\/pages"}],"about":[{"href":"https:\/\/www.sisinternational.com\/pt\/wp-json\/wp\/v2\/types\/page"}],"author":[{"embeddable":true,"href":"https:\/\/www.sisinternational.com\/pt\/wp-json\/wp\/v2\/users\/1"}],"replies":[{"embeddable":true,"href":"https:\/\/www.sisinternational.com\/pt\/wp-json\/wp\/v2\/comments?post=46333"}],"version-history":[{"count":15,"href":"https:\/\/www.sisinternational.com\/pt\/wp-json\/wp\/v2\/pages\/46333\/revisions"}],"predecessor-version":[{"id":85064,"href":"https:\/\/www.sisinternational.com\/pt\/wp-json\/wp\/v2\/pages\/46333\/revisions\/85064"}],"up":[{"embeddable":true,"href":"https:\/\/www.sisinternational.com\/pt\/wp-json\/wp\/v2\/pages\/14567"}],"wp:featuredmedia":[{"embeddable":true,"href":"https:\/\/www.sisinternational.com\/pt\/wp-json\/wp\/v2\/media\/71999"}],"wp:attachment":[{"href":"https:\/\/www.sisinternational.com\/pt\/wp-json\/wp\/v2\/media?parent=46333"}],"curies":[{"name":"wp","href":"https:\/\/api.w.org\/{rel}","templated":true}]}}