{"id":46327,"date":"2024-02-23T23:04:22","date_gmt":"2024-02-24T04:04:22","guid":{"rendered":"https:\/\/www.sisinternational.com\/?page_id=46327"},"modified":"2026-03-25T01:15:52","modified_gmt":"2026-03-25T05:15:52","slug":"pesquisa-de-mercado-de-cuidados-de-memoria","status":"publish","type":"page","link":"https:\/\/www.sisinternational.com\/pt\/solucoes\/pesquisa-de-mercado-de-saude\/pesquisa-de-mercado-de-cuidados-de-memoria\/","title":{"rendered":"Pesquisa de mercado de cuidados de mem\u00f3ria"},"content":{"rendered":"<h1 class=\"wp-block-heading\">Pesquisa de mercado de cuidados de mem\u00f3ria<\/h1>\n\n\n\n<figure class=\"gb-block-image gb-block-image-2420c7a8\"><img loading=\"lazy\" decoding=\"async\" width=\"1456\" height=\"816\" class=\"gb-image gb-image-2420c7a8\" src=\"https:\/\/www.sisinternational.com\/wp-content\/uploads\/2025\/08\/Eldersly-care-memory-care-1.jpg\" alt=\"Pesquisa e Estrat\u00e9gia de Mercado Internacional da SIS\" title=\"Eldersly care memory care (1)\" srcset=\"https:\/\/www.sisinternational.com\/wp-content\/uploads\/2025\/08\/Eldersly-care-memory-care-1.jpg 1456w, https:\/\/www.sisinternational.com\/wp-content\/uploads\/2025\/08\/Eldersly-care-memory-care-1-300x168.jpg 300w, https:\/\/www.sisinternational.com\/wp-content\/uploads\/2025\/08\/Eldersly-care-memory-care-1-1024x574.jpg 1024w, https:\/\/www.sisinternational.com\/wp-content\/uploads\/2025\/08\/Eldersly-care-memory-care-1-768x430.jpg 768w, https:\/\/www.sisinternational.com\/wp-content\/uploads\/2025\/08\/Eldersly-care-memory-care-1-18x10.jpg 18w\" sizes=\"auto, (max-width: 1456px) 100vw, 1456px\"><\/figure>\n\n\n\n<p><\/p>\n\n\n\n<p>Navegar pelas complexidades do setor de cuidados com a mem\u00f3ria exige mais do que apenas uma olhada superficial; exige um mergulho profundo no cora\u00e7\u00e3o deste setor. A pesquisa de mercado de cuidados de mem\u00f3ria n\u00e3o apenas tra\u00e7a o curso atrav\u00e9s do intrincado cen\u00e1rio de op\u00e7\u00f5es de cuidados, avan\u00e7os no tratamento e quadros regulat\u00f3rios em evolu\u00e7\u00e3o, mas tamb\u00e9m lan\u00e7a luz sobre o aspecto humano dos cuidados de mem\u00f3ria \u2013 compreendendo as necessidades, medos e esperan\u00e7as daqueles que visa servir.<\/p>\n\n\n\n<p>Memory care market research is a specialized field focused on analyzing the sector dedicated to providing care for individuals with memory impairments, such as Alzheimer&#8217;s disease and other forms of dementia. This <a href=\"https:\/\/www.sisinternational.com\/pt\/pesquisa-de-mercado-em-hong-kong\/\" title=\"Pesquisa de mercado em Hong Kong\"  data-wpil-monitor-id=\"2456\">research offers insights into market<\/a> trends, consumer preferences, operational challenges, and competitive dynamics.<\/p>\n\n\n\n<p>Envolve a coleta, an\u00e1lise e interpreta\u00e7\u00e3o sistem\u00e1tica de dados relacionados \u00e0 ind\u00fastria de cuidados com a mem\u00f3ria. Isto inclui examinar os servi\u00e7os prestados pelas instala\u00e7\u00f5es de cuidados de mem\u00f3ria, tais como cuidados supervisionados 24 horas por dia, planos de cuidados personalizados, atividades terap\u00eauticas destinadas a melhorar a fun\u00e7\u00e3o cognitiva e ambientes seguros concebidos para prevenir a perambula\u00e7\u00e3o.<\/p>\n\n\n\n<p>Compreender as necessidades e prefer\u00eancias \u00fanicas dos indiv\u00edduos com defici\u00eancia de mem\u00f3ria \u00e9 crucial para o desenvolvimento de servi\u00e7os que tenham repercuss\u00e3o entre os residentes. A pesquisa de mercado fornece insights sobre as pr\u00e1ticas de cuidados, atividades terap\u00eauticas e projetos de instala\u00e7\u00f5es mais eficazes que podem melhorar a qualidade de vida desses indiv\u00edduos, permitindo que as instala\u00e7\u00f5es adaptem suas ofertas para atender a esses requisitos espec\u00edficos.<\/p>\n\n\n\n<p>Al\u00e9m disso, <a href=\"https:\/\/www.sisinternational.com\/pt\/dia-memorial\/\" title=\"Pesquisa de mercado do Memorial Day\"  data-wpil-monitor-id=\"2021\">pesquisa de mercado de cuidados de mem\u00f3ria<\/a> helps stakeholders identify growth opportunities, understand market trends, and decide where and how to invest resources for maximum impact and sustainability. Market research is also essential for staying updated on regulatory changes, understanding compliance requirements, and implementing industry best practices to ensure the highest levels of care and resident safety.<\/p>\n\n\n\n<p>Particularly, memory <a href=\"https:\/\/www.sisinternational.com\/pt\/pericia\/industrias\/pesquisa-de-mercado-para-tratamento-de-feridas\/\" title=\"Pesquisa de mercado para tratamento de feridas\"  data-wpil-monitor-id=\"3162\">care market research<\/a> benefits businesses with the following advantages:<\/p>\n\n\n\n<ul class=\"wp-block-list\">\n<li><strong>Tomada de decis\u00f5es estrat\u00e9gicas informadas:<\/strong> Memory <a href=\"https:\/\/www.sisinternational.com\/pt\/pericia\/industrias\/pesquisa-de-mercado-de-cuidados-com-animais-de-estimacao\/\" title=\"Pesquisa de mercado de cuidados com animais de estima\u00e7\u00e3o\"  data-wpil-monitor-id=\"6308\">care market research<\/a> provides a solid foundation for strategic planning by offering insights into market size, growth trends, demographic shifts, and emerging opportunities. This information is crucial for making informed decisions regarding facility expansion, service diversification, and strategic investments.<\/li>\n\n\n\n<li><strong>Vantagem Competitiva Aprimorada:<\/strong> Compreender o cen\u00e1rio competitivo por meio de pesquisas de mercado permite que as instala\u00e7\u00f5es identifiquem suas propostas de vendas exclusivas e desenvolvam estrat\u00e9gias que capitalizem as fraquezas dos concorrentes.<\/li>\n\n\n\n<li><strong>Servi\u00e7os Residentes Personalizados:<\/strong> As informa\u00e7\u00f5es sobre as prefer\u00eancias e expectativas dos residentes permitem que as instala\u00e7\u00f5es adaptem os seus cuidados e servi\u00e7os para satisfazer as necessidades espec\u00edficas do seu mercado-alvo. Essa personaliza\u00e7\u00e3o aumenta a satisfa\u00e7\u00e3o, a lealdade e a qualidade de vida geral dos residentes nas instala\u00e7\u00f5es.<\/li>\n\n\n\n<li><strong>Mitiga\u00e7\u00e3o de riscos:<\/strong> A pesquisa de mercado de cuidados de mem\u00f3ria ajuda a identificar potenciais desafios e mudan\u00e7as de mercado desde o in\u00edcio, permitindo que as instala\u00e7\u00f5es desenvolvam estrat\u00e9gias para mitigar esses riscos. Esta abordagem proativa garante a sustentabilidade a longo prazo e a capacidade de adapta\u00e7\u00e3o \u00e0s mudan\u00e7as na din\u00e2mica do mercado.<\/li>\n\n\n\n<li><strong>Melhorias Operacionais:<\/strong> Os insights da pesquisa de mercado tamb\u00e9m podem destacar \u00e1reas nos processos operacionais onde a efici\u00eancia pode ser otimizada. Isto pode levar a redu\u00e7\u00f5es de custos, maior produtividade da equipe e melhor presta\u00e7\u00e3o de servi\u00e7os, contribuindo para o sucesso geral da instala\u00e7\u00e3o.<\/li>\n\n\n\n<li><strong>Inova\u00e7\u00e3o e Desenvolvimento de Servi\u00e7os:<\/strong> Manter-se atualizado sobre os avan\u00e7os tecnol\u00f3gicos e os modelos de atendimento emergentes por meio de pesquisas de mercado permite que as instala\u00e7\u00f5es inovem suas ofertas de servi\u00e7os. Isto pode incluir a ado\u00e7\u00e3o de novas tecnologias para cuidados aos residentes, a explora\u00e7\u00e3o de modelos de cuidados alternativos e a introdu\u00e7\u00e3o de comodidades e atividades que se alinhem com os interesses dos residentes.<\/li>\n<\/ul>\n\n\n\n<p>Undertaking memory care <a href=\"https:\/\/www.sisinternational.com\/pt\/solucoes\/inovacao\/pensamento-de-design\/\" title=\"Pesquisa de mercado de pensamento de design\"  data-wpil-monitor-id=\"7018\">market research is a strategic endeavor designed<\/a> to equip businesses with the insights necessary to navigate the complexities of the memory care industry confidently.<\/p>\n\n\n\n<figure class=\"gb-block-image gb-block-image-9b029e52\"><img loading=\"lazy\" decoding=\"async\" width=\"1456\" height=\"816\" class=\"gb-image gb-image-9b029e52\" src=\"https:\/\/www.sisinternational.com\/wp-content\/uploads\/2025\/08\/Eldersly-care-memory-care-6.jpg\" alt=\"Pesquisa e Estrat\u00e9gia de Mercado Internacional da SIS\" title=\"Eldersly care memory care (6)\" srcset=\"https:\/\/www.sisinternational.com\/wp-content\/uploads\/2025\/08\/Eldersly-care-memory-care-6.jpg 1456w, https:\/\/www.sisinternational.com\/wp-content\/uploads\/2025\/08\/Eldersly-care-memory-care-6-300x168.jpg 300w, https:\/\/www.sisinternational.com\/wp-content\/uploads\/2025\/08\/Eldersly-care-memory-care-6-1024x574.jpg 1024w, https:\/\/www.sisinternational.com\/wp-content\/uploads\/2025\/08\/Eldersly-care-memory-care-6-768x430.jpg 768w, https:\/\/www.sisinternational.com\/wp-content\/uploads\/2025\/08\/Eldersly-care-memory-care-6-18x10.jpg 18w\" sizes=\"auto, (max-width: 1456px) 100vw, 1456px\"><\/figure>\n\n\n\n<ul class=\"wp-block-list\">\n<li><strong>Vis\u00e3o geral abrangente do mercado:<\/strong> As empresas obter\u00e3o uma compreens\u00e3o completa do mercado de cuidados de mem\u00f3ria, incluindo seu tamanho, tend\u00eancias de crescimento, mudan\u00e7as demogr\u00e1ficas e ambientes regulat\u00f3rios. Esse conhecimento fundamental \u00e9 crucial para um planejamento estrat\u00e9gico informado e posicionamento de mercado.<\/li>\n\n\n\n<li><strong>Insights profundos sobre as necessidades e prefer\u00eancias dos residentes:<\/strong> A an\u00e1lise aprofundada das prefer\u00eancias dos residentes, das necessidades de cuidados e dos fatores de satisfa\u00e7\u00e3o permite que as instala\u00e7\u00f5es adaptem os seus servi\u00e7os, comodidades e abordagens de cuidados para melhor satisfazer as expectativas dos residentes atuais e futuros.<\/li>\n\n\n\n<li><strong>Clareza sobre o cen\u00e1rio competitivo:<\/strong> Uma compreens\u00e3o detalhada do ambiente competitivo, identificando os principais intervenientes, as suas ofertas de servi\u00e7os, pontos fortes e fracos, proporciona uma vantagem estrat\u00e9gica.<\/li>\n\n\n\n<li><strong>Identifica\u00e7\u00e3o de oportunidades de crescimento:<\/strong> Insights sobre necessidades n\u00e3o atendidas, tend\u00eancias emergentes e avan\u00e7os tecnol\u00f3gicos destacam \u00e1reas para inova\u00e7\u00e3o e expans\u00e3o. As instala\u00e7\u00f5es podem aproveitar esta informa\u00e7\u00e3o para introduzir novos servi\u00e7os, adotar tecnologias de ponta e entrar em mercados mal servidos.<\/li>\n\n\n\n<li><strong>Melhorias na efici\u00eancia operacional:<\/strong> A pesquisa de mercado de cuidados com a mem\u00f3ria pode identificar \u00e1reas onde melhorias podem ser feitas nos processos operacionais. Os insights podem levar \u00e0 ado\u00e7\u00e3o de novas tecnologias, fluxos de trabalho simplificados e programas aprimorados de treinamento de pessoal, contribuindo para economia de custos e melhoria da qualidade do servi\u00e7o.<\/li>\n<\/ul>\n\n\n\n<p>At SIS, we understand the complexities and sensitivities involved in providing memory care services. Our <a href=\"https:\/\/www.sisinternational.com\/pt\/pericia\/pesquisa-de-mercado-de-designer-de-interiores\/\" title=\"Pesquisa de mercado de designers de interiores e decoradores\"  data-wpil-monitor-id=\"11454\">market research approach is designed<\/a> to capture the multifaceted nature of the memory care market, addressing residents&#8217; needs, their families&#8217; expectations, and the operational challenges care providers face.<\/p>\n\n\n\n<ul class=\"wp-block-list\">\n<li><strong>Projeto de pesquisa personalizado:<\/strong> Reconhecendo que cada cliente tem d\u00favidas e objetivos \u00fanicos, nossa pesquisa come\u00e7a com uma fase de design customizado. Isso garante que nossos estudos sejam direcionados com precis\u00e3o para descobrir os insights mais relevantes para os objetivos estrat\u00e9gicos de nossos clientes, sejam eles explorando oportunidades de expans\u00e3o, avaliando a satisfa\u00e7\u00e3o do cliente ou comparando com concorrentes.<\/li>\n\n\n\n<li><strong>Coleta de dados aprofundada:<\/strong> Nossa metodologia emprega t\u00e9cnicas qualitativas e quantitativas, garantindo uma compreens\u00e3o hol\u00edstica do mercado de cuidados de mem\u00f3ria. Isto inclui pesquisas, entrevistas com especialistas do setor, an\u00e1lise de dados secund\u00e1rios e observa\u00e7\u00f5es in loco. Ao capturar um amplo espectro de perspectivas \u2013 desde prestadores de cuidados at\u00e9 familiares de residentes \u2013 reunimos dados ricos e perspicazes que constituem a base da nossa an\u00e1lise.<\/li>\n\n\n\n<li><strong>T\u00e9cnicas Anal\u00edticas Avan\u00e7adas:<\/strong> Utilizando o mais recente software de an\u00e1lise de dados e m\u00e9todos estat\u00edsticos, analisamos os dados coletados para identificar tend\u00eancias, padr\u00f5es e insights acion\u00e1veis. Nosso processo anal\u00edtico vai al\u00e9m das descobertas superficiais para explorar os impulsionadores subjacentes da din\u00e2mica do mercado, das necessidades dos residentes e do posicionamento competitivo.<\/li>\n\n\n\n<li><strong>Recomenda\u00e7\u00f5es Estrat\u00e9gicas:<\/strong> O culminar da nossa investiga\u00e7\u00e3o \u00e9 um conjunto de recomenda\u00e7\u00f5es estrat\u00e9gicas, adaptadas ao contexto e aos desafios espec\u00edficos dos nossos clientes. Estas recomenda\u00e7\u00f5es orientam a tomada de decis\u00f5es, informam planos de melhoria de servi\u00e7os e apoiam estrat\u00e9gias operacionais e de marketing eficazes.<\/li>\n\n\n\n<li><strong>Suporte e consulta cont\u00ednuos:<\/strong> Acreditamos que a pesquisa de mercado n\u00e3o \u00e9 uma atividade \u00fanica, mas uma ferramenta estrat\u00e9gica cont\u00ednua. Fornecemos suporte e consultoria cont\u00ednuos aos nossos clientes, ajudando-os a se adaptar \u00e0s mudan\u00e7as do mercado, responder aos novos desafios e aproveitar com confian\u00e7a as oportunidades emergentes.<\/li>\n<\/ul>\n\n\n\n<p>A necessidade crescente de servi\u00e7os de cuidados de mem\u00f3ria apresenta um desafio e uma oportunidade para as empresas do setor de cuidados de idosos. Ao concentrarem-se na inova\u00e7\u00e3o, na qualidade dos cuidados e na excel\u00eancia operacional, os prestadores podem melhorar a vida dos indiv\u00edduos com defici\u00eancias de mem\u00f3ria e alcan\u00e7ar um crescimento sustent\u00e1vel e diferencia\u00e7\u00e3o de mercado.<\/p>\n\n\n\n<ul class=\"wp-block-list\">\n<li><strong>Programas de atendimento especializado:<\/strong> H\u00e1 uma demanda crescente por programas de cuidados adaptados aos est\u00e1gios e sintomas espec\u00edficos da dem\u00eancia. As empresas podem explorar oportunidades para desenvolver e oferecer programas especializados que abordem os diversos n\u00edveis de cuidados necess\u00e1rios, incorporando as mais recentes pesquisas e pr\u00e1ticas terap\u00eauticas.<\/li>\n\n\n\n<li><strong>Inova\u00e7\u00f5es Tecnol\u00f3gicas:<\/strong> A integra\u00e7\u00e3o da tecnologia nas pr\u00e1ticas de cuidados oferece oportunidades significativas para melhorar a presta\u00e7\u00e3o de servi\u00e7os e o envolvimento dos residentes. Desde ferramentas de estimula\u00e7\u00e3o cognitiva at\u00e9 tecnologias de seguran\u00e7a e monitoriza\u00e7\u00e3o, as empresas podem aproveitar as inova\u00e7\u00f5es para melhorar a qualidade dos cuidados e a efici\u00eancia operacional.<\/li>\n\n\n\n<li><strong>Treinamento e Desenvolvimento de Pessoal:<\/strong> \u00c0 medida que aumenta a necessidade de profissionais qualificados no cuidado da mem\u00f3ria, as empresas podem investir em programas abrangentes de treinamento de pessoal focados nas melhores pr\u00e1ticas de tratamento da dem\u00eancia, interven\u00e7\u00f5es terap\u00eauticas e comunica\u00e7\u00e3o compassiva. Isso melhora a qualidade do atendimento e posiciona a empresa como l\u00edder em especializa\u00e7\u00e3o em cuidados com a mem\u00f3ria.<\/li>\n\n\n\n<li><strong>Projeto de Instala\u00e7\u00f5es e Meio Ambiente:<\/strong> A cria\u00e7\u00e3o de ambientes seguros, estimulantes e acolhedores, adaptados \u00e0s necessidades dos indiv\u00edduos com dem\u00eancia, pode diferenciar as instala\u00e7\u00f5es de cuidados de mem\u00f3ria num mercado competitivo. Existem oportunidades na concep\u00e7\u00e3o de espa\u00e7os que promovam a independ\u00eancia, reduzam a agita\u00e7\u00e3o e melhorem o bem-estar.<\/li>\n\n\n\n<li><strong>Parcerias e modelos de cuidados colaborativos:<\/strong> A colabora\u00e7\u00e3o com prestadores de cuidados de sa\u00fade, institui\u00e7\u00f5es de investiga\u00e7\u00e3o e organiza\u00e7\u00f5es comunit\u00e1rias pode abrir novos caminhos para modelos de cuidados integrados. Estas parcerias podem melhorar a oferta de servi\u00e7os, melhorar os resultados dos cuidados e expandir o alcance dos servi\u00e7os de cuidados de mem\u00f3ria.<\/li>\n<\/ul>","protected":false},"excerpt":{"rendered":"<p>A pesquisa de mercado de cuidados de mem\u00f3ria \u00e9 um campo especializado que analisa os cuidados de mem\u00f3ria para indiv\u00edduos com defici\u00eancias como a doen\u00e7a de Alzheimer.<\/p>","protected":false},"author":1,"featured_media":63794,"parent":11294,"menu_order":409,"comment_status":"closed","ping_status":"closed","template":"","meta":{"footnotes":""},"class_list":["post-46327","page","type-page","status-publish","has-post-thumbnail"],"_links":{"self":[{"href":"https:\/\/www.sisinternational.com\/pt\/wp-json\/wp\/v2\/pages\/46327","targetHints":{"allow":["GET"]}}],"collection":[{"href":"https:\/\/www.sisinternational.com\/pt\/wp-json\/wp\/v2\/pages"}],"about":[{"href":"https:\/\/www.sisinternational.com\/pt\/wp-json\/wp\/v2\/types\/page"}],"author":[{"embeddable":true,"href":"https:\/\/www.sisinternational.com\/pt\/wp-json\/wp\/v2\/users\/1"}],"replies":[{"embeddable":true,"href":"https:\/\/www.sisinternational.com\/pt\/wp-json\/wp\/v2\/comments?post=46327"}],"version-history":[{"count":14,"href":"https:\/\/www.sisinternational.com\/pt\/wp-json\/wp\/v2\/pages\/46327\/revisions"}],"predecessor-version":[{"id":85068,"href":"https:\/\/www.sisinternational.com\/pt\/wp-json\/wp\/v2\/pages\/46327\/revisions\/85068"}],"up":[{"embeddable":true,"href":"https:\/\/www.sisinternational.com\/pt\/wp-json\/wp\/v2\/pages\/11294"}],"wp:featuredmedia":[{"embeddable":true,"href":"https:\/\/www.sisinternational.com\/pt\/wp-json\/wp\/v2\/media\/63794"}],"wp:attachment":[{"href":"https:\/\/www.sisinternational.com\/pt\/wp-json\/wp\/v2\/media?parent=46327"}],"curies":[{"name":"wp","href":"https:\/\/api.w.org\/{rel}","templated":true}]}}