{"id":46312,"date":"2024-02-23T23:07:57","date_gmt":"2024-02-24T04:07:57","guid":{"rendered":"https:\/\/www.sisinternational.com\/?page_id=46312"},"modified":"2026-01-27T15:22:00","modified_gmt":"2026-01-27T20:22:00","slug":"pesquisa-de-mercado-de-produtos-para-fraldas-para-bebes","status":"publish","type":"page","link":"https:\/\/www.sisinternational.com\/pt\/pericia\/pesquisa-de-mercado-de-produtos-para-fraldas-para-bebes\/","title":{"rendered":"Pesquisa de mercado de produtos para fraldas para beb\u00eas"},"content":{"rendered":"<h1 class=\"wp-block-heading\">Pesquisa de mercado de produtos para fraldas para beb\u00eas<\/h1>\n\n\n\n<figure class=\"gb-block-image gb-block-image-29930776\"><img loading=\"lazy\" decoding=\"async\" width=\"1456\" height=\"816\" class=\"gb-image gb-image-29930776\" src=\"https:\/\/www.sisinternational.com\/wp-content\/uploads\/2025\/08\/Baby-diaper-3.jpg\" alt=\"Pesquisa e Estrat\u00e9gia de Mercado Internacional da SIS\" title=\"Baby diaper (3)\" srcset=\"https:\/\/www.sisinternational.com\/wp-content\/uploads\/2025\/08\/Baby-diaper-3.jpg 1456w, https:\/\/www.sisinternational.com\/wp-content\/uploads\/2025\/08\/Baby-diaper-3-300x168.jpg 300w, https:\/\/www.sisinternational.com\/wp-content\/uploads\/2025\/08\/Baby-diaper-3-1024x574.jpg 1024w, https:\/\/www.sisinternational.com\/wp-content\/uploads\/2025\/08\/Baby-diaper-3-768x430.jpg 768w, https:\/\/www.sisinternational.com\/wp-content\/uploads\/2025\/08\/Baby-diaper-3-18x10.jpg 18w\" sizes=\"auto, (max-width: 1456px) 100vw, 1456px\"><\/figure>\n\n\n\n<p><\/p>\n\n\n\n<hr class=\"wp-block-separator has-alpha-channel-opacity is-style-dots\"\/>\n\n\n\n<p>\u00c0 medida que os pais procuram globalmente o melhor para os seus filhos... Como \u00e9 que as empresas garantem que as suas ofertas cumprem e excedem os padr\u00f5es de seguran\u00e7a, conforto e sustentabilidade ambiental em evolu\u00e7\u00e3o? A pesquisa de mercado de produtos de fraldas para beb\u00eas surge como a ferramenta cr\u00edtica nessa busca, oferecendo insights valiosos sobre as prefer\u00eancias do consumidor, tend\u00eancias de mercado e cen\u00e1rios competitivos.<\/p>\n\n\n\n<p>A pesquisa de mercado de produtos de fraldas para beb\u00eas \u00e9 um processo sistem\u00e1tico que re\u00fane, analisa e interpreta informa\u00e7\u00f5es sobre o mercado de fraldas para beb\u00eas, incluindo prefer\u00eancias do consumidor, tamanho do mercado, tend\u00eancias de crescimento, cen\u00e1rio competitivo e inova\u00e7\u00f5es emergentes. Esta pesquisa serve como base para empresas do setor de fraldas, orientando o desenvolvimento de produtos, estrat\u00e9gias de marketing e abordagens de vendas.<\/p>\n\n\n\n<p>Baby diaper <a href=\"https:\/\/www.sisinternational.com\/pt\/rotulagem-de-produtos-nutricionais-asia\/\" title=\"Rotulagem e produtos nutricionais na pesquisa de mercado da \u00c1sia\"  data-wpil-monitor-id=\"2485\">product market research<\/a> allows businesses to tap into parents evolving preferences, ensuring their offerings resonate with modern consumers&#8217; values and demands. Additionally, comprehensive market research provides insights into competitors\u2019 strategies, strengths, and weaknesses, enabling businesses to identify unique positioning opportunities and differentiate their products effectively.<\/p>\n\n\n\n<p>Market research helps companies identify emerging trends and gaps in the market, guiding the development of innovative products that meet untapped consumer needs or improve upon existing solutions. Moreover, baby diaper <a href=\"https:\/\/www.sisinternational.com\/pt\/pericia\/industrias\/pesquisa-de-mercado-de-superioridade-de-produto\/\" title=\"Pesquisa de mercado de superioridade de produto\"  data-wpil-monitor-id=\"5792\">product market research<\/a> provides the data and insights to make informed decisions, reducing the likelihood of costly missteps and focusing resources on the most promising opportunities.<\/p>\n\n\n\n<p><\/p>\n\n\n\n<div class=\"wp-block-columns has-global-color-9-color has-text-color has-background has-link-color wp-elements-9a3c7f635b8d54ca1072429f55ed381d is-layout-flex wp-container-core-columns-is-layout-9d6595d7 wp-block-columns-is-layout-flex\" style=\"background-color:#f7f9fa6e\">\n<div class=\"wp-block-column is-layout-flow wp-block-column-is-layout-flow\" style=\"flex-basis:18%\"><\/div>\n\n\n\n<div class=\"wp-block-column is-vertically-aligned-center is-layout-flow wp-block-column-is-layout-flow\" style=\"flex-basis:71.28%\">\n<div class=\"wp-block-rank-math-toc-block aligncenter has-global-color-9-color has-text-color has-link-color wp-elements-6a3db70b2459557d72872911c04a5b33\" style=\"font-size:16px\" id=\"rank-math-toc\"><h2><br><strong>T<\/strong>able of Contents<\/h2><nav><ul><li class=\"\"><a href=\"#however-it-brings-many-other-benefits-for-companies-in-this-industry-including\">No entanto, traz muitos outros benef\u00edcios para as empresas deste setor, incluindo:<\/a><\/li><\/ul><\/nav><\/div>\n<\/div>\n<\/div>\n\n\n\n<p><\/p>\n\n\n\n<h2 class=\"wp-block-heading\" id=\"however-it-brings-many-other-benefits-for-companies-in-this-industry-including\">No entanto, traz muitos outros benef\u00edcios para as empresas deste setor, incluindo:<\/h2>\n\n\n\n<figure class=\"gb-block-image gb-block-image-b99b0b2d\"><img loading=\"lazy\" decoding=\"async\" width=\"1456\" height=\"816\" class=\"gb-image gb-image-b99b0b2d\" src=\"https:\/\/www.sisinternational.com\/wp-content\/uploads\/2025\/08\/Baby-formula-4.jpg\" alt=\"Pesquisa e Estrat\u00e9gia de Mercado Internacional da SIS\" title=\"Baby formula (4)\" srcset=\"https:\/\/www.sisinternational.com\/wp-content\/uploads\/2025\/08\/Baby-formula-4.jpg 1456w, https:\/\/www.sisinternational.com\/wp-content\/uploads\/2025\/08\/Baby-formula-4-300x168.jpg 300w, https:\/\/www.sisinternational.com\/wp-content\/uploads\/2025\/08\/Baby-formula-4-1024x574.jpg 1024w, https:\/\/www.sisinternational.com\/wp-content\/uploads\/2025\/08\/Baby-formula-4-768x430.jpg 768w, https:\/\/www.sisinternational.com\/wp-content\/uploads\/2025\/08\/Baby-formula-4-18x10.jpg 18w\" sizes=\"auto, (max-width: 1456px) 100vw, 1456px\"><\/figure>\n\n\n\n<ul class=\"wp-block-list\">\n<li><strong>Desenvolvimento de produto informado:<\/strong> A pesquisa de mercado fornece insights cr\u00edticos sobre as necessidades e prefer\u00eancias dos consumidores, orientando o desenvolvimento de produtos que abordam pontos problem\u00e1ticos espec\u00edficos, como sensibilidade da pele, impacto ambiental ou facilidade de uso.<\/li>\n\n\n\n<li><strong>Estrat\u00e9gias de marketing aprimoradas:<\/strong> As informa\u00e7\u00f5es sobre o comportamento do consumidor, os motivadores de compra e os h\u00e1bitos de consumo de m\u00eddia permitem que as empresas adaptem seus esfor\u00e7os de marketing com mais precis\u00e3o, garantindo que as mensagens repercutam no p\u00fablico-alvo e proporcionem um maior retorno do investimento.<\/li>\n\n\n\n<li><strong>Redu\u00e7\u00e3o de risco:<\/strong> Ao fornecer uma imagem clara das tend\u00eancias do mercado, das exig\u00eancias dos consumidores e dos desafios potenciais, a pesquisa de mercado ajuda as empresas a minimizar os riscos associados ao lan\u00e7amento de novos produtos, \u00e0 entrada no mercado ou a mudan\u00e7as estrat\u00e9gicas significativas.<\/li>\n\n\n\n<li><strong>Antecipa\u00e7\u00e3o de tend\u00eancias futuras:<\/strong> A pesquisa de mercado de fraldas para beb\u00eas ajuda as empresas a antecipar tend\u00eancias futuras. Esta previs\u00e3o \u00e9 inestim\u00e1vel para se manter \u00e0 frente das mudan\u00e7as da ind\u00fastria, das necessidades emergentes dos consumidores e dos avan\u00e7os tecnol\u00f3gicos, garantindo relev\u00e2ncia e crescimento a longo prazo.<\/li>\n\n\n\n<li><strong>Insights de expans\u00e3o global:<\/strong> Para as empresas que pretendem expandir-se internacionalmente, a pesquisa de mercado oferece informa\u00e7\u00f5es vitais sobre as prefer\u00eancias dos consumidores regionais, nuances culturais e considera\u00e7\u00f5es regulamentares, facilitando a entrada bem sucedida em novos mercados.<\/li>\n<\/ul>\n\n\n\n<p>Baby diaper product market research should be integrated into the business strategy at various product lifecycle stages. So, recognizing the critical <a href=\"https:\/\/www.sisinternational.com\/pt\/pesquisa-de-mercado-momentos-da-verdade\/\" title=\"Pesquisa de Mercado Momentos da Verdade\"  data-wpil-monitor-id=\"989\">moments to invest in market research<\/a> can significantly amplify its benefits, guiding product innovation, market-entry, and competitive strategy with timely, data-driven insights.<\/p>\n\n\n\n<ul class=\"wp-block-list\">\n<li><strong>Desenvolvimento de pr\u00e9-produto:<\/strong> A realiza\u00e7\u00e3o de pesquisas de mercado de fraldas para beb\u00eas antes do desenvolvimento de um novo produto de fraldas pode revelar lacunas nas ofertas atuais do mercado e identificar necessidades espec\u00edficas do consumidor que n\u00e3o est\u00e3o sendo atendidas. Esta vis\u00e3o fundamental garante que os esfor\u00e7os de desenvolvimento de produtos estejam alinhados com as demandas do mercado, maximizando o potencial de sucesso.<\/li>\n\n\n\n<li><strong>Antes da entrada ou expans\u00e3o no mercado: <\/strong>Antes de entrar num novo mercado geogr\u00e1fico ou expandir dentro de um j\u00e1 existente, a pesquisa de mercado pode compreender de forma abrangente as prefer\u00eancias dos consumidores locais, o cen\u00e1rio competitivo e o ambiente regulat\u00f3rio. Esta intelig\u00eancia \u00e9 crucial para adaptar produtos e estrat\u00e9gias de marketing ao contexto local, reduzindo o risco de erros dispendiosos.<\/li>\n\n\n\n<li><strong>Durante a itera\u00e7\u00e3o do produto: <\/strong>A pesquisa de mercado de produtos para fraldas para beb\u00eas \u00e9 inestim\u00e1vel ao considerar atualiza\u00e7\u00f5es ou itera\u00e7\u00f5es de produtos existentes. O feedback dos usu\u00e1rios atuais, a an\u00e1lise das tend\u00eancias do mercado e os movimentos competitivos podem informar melhorias no produto, garantindo que a marca permane\u00e7a competitiva e continue a atender \u00e0s crescentes expectativas dos consumidores.<\/li>\n\n\n\n<li><strong>Para informar decis\u00f5es estrat\u00e9gicas: <\/strong>Decis\u00f5es estrat\u00e9gicas, como ajustes de pre\u00e7os, mudan\u00e7as de marca ou introdu\u00e7\u00e3o de novos recursos, beneficiam-se significativamente dos insights obtidos por meio de pesquisas de mercado. Compreender como o mercado provavelmente receber\u00e1 essas mudan\u00e7as pode orientar uma tomada de decis\u00e3o mais eficaz.<\/li>\n<\/ul>\n\n\n\n<figure class=\"gb-block-image gb-block-image-0a27e874\"><img loading=\"lazy\" decoding=\"async\" width=\"1456\" height=\"816\" class=\"gb-image gb-image-0a27e874\" src=\"https:\/\/www.sisinternational.com\/wp-content\/uploads\/2025\/08\/Baby-diaper-2.jpg\" alt=\"Pesquisa e Estrat\u00e9gia de Mercado Internacional da SIS\" title=\"Baby diaper (2)\" srcset=\"https:\/\/www.sisinternational.com\/wp-content\/uploads\/2025\/08\/Baby-diaper-2.jpg 1456w, https:\/\/www.sisinternational.com\/wp-content\/uploads\/2025\/08\/Baby-diaper-2-300x168.jpg 300w, https:\/\/www.sisinternational.com\/wp-content\/uploads\/2025\/08\/Baby-diaper-2-1024x574.jpg 1024w, https:\/\/www.sisinternational.com\/wp-content\/uploads\/2025\/08\/Baby-diaper-2-768x430.jpg 768w, https:\/\/www.sisinternational.com\/wp-content\/uploads\/2025\/08\/Baby-diaper-2-18x10.jpg 18w\" sizes=\"auto, (max-width: 1456px) 100vw, 1456px\"><\/figure>\n\n\n\n<p><\/p>\n\n\n\n<p>Para que a pesquisa de mercado de produtos de fraldas para beb\u00eas seja verdadeiramente eficaz e produza insights acion\u00e1veis, v\u00e1rios fatores cr\u00edticos de sucesso devem ser observados meticulosamente. Esses fatores garantem que o processo de pesquisa seja abrangente, confi\u00e1vel e adaptado para agregar valor estrat\u00e9gico ao neg\u00f3cio. Aqui est\u00e1 uma vis\u00e3o geral desses elementos essenciais, seguida por uma explora\u00e7\u00e3o detalhada de cada um:<\/p>\n\n\n\n<ul class=\"wp-block-list\">\n<li><strong>Objetivos claros:<\/strong> Define specific, measurable <a href=\"https:\/\/www.sisinternational.com\/pt\/solucoes\/pesquisa-de-mercado-de-ia-e-consultoria-estrategica\/pesquisa-de-mercado-de-ia-com-deteccao-de-objetos\/\" title=\"Pesquisa de mercado de IA para detec\u00e7\u00e3o de objetos\"  data-wpil-monitor-id=\"7299\">objectives for the market research<\/a> to ensure that the process is focused and relevant. Clear goals guide the research methodology and analysis, whether it&#8217;s understanding consumer preferences, evaluating market size, or assessing competitive positioning.<\/li>\n\n\n\n<li><strong>Coleta de dados abrangente:<\/strong> Employ qualitative and <a class=\"wpil_keyword_link\" href=\"https:\/\/www.sisinternational.com\/pt\/o-que-e-pesquisa-quantitativa\/\"   title=\"O que \u00e9 pesquisa quantitativa?\" data-wpil-keyword-link=\"linked\"  data-wpil-monitor-id=\"621\">pesquisa quantitativa<\/a> methods to gather a broad spectrum of insights. Surveys, focus groups, and sales data analysis can provide a well-rounded view of consumer behaviors, preferences, and trends.<\/li>\n\n\n\n<li><strong>An\u00e1lise de Segmenta\u00e7\u00e3o:<\/strong> Reconhe\u00e7a que o mercado de fraldas para beb\u00eas n\u00e3o \u00e9 homog\u00eaneo. Segmentar o mercado com base em dados demogr\u00e1ficos, comportamentos ou necessidades permite insights e estrat\u00e9gias mais direcionadas, atendendo de forma mais eficaz a grupos de consumidores espec\u00edficos.<\/li>\n\n\n\n<li><strong>Inteligencia competitiva:<\/strong> Al\u00e9m da pesquisa do consumidor, \u00e9 crucial um mergulho profundo no cen\u00e1rio competitivo. Compreender as estrat\u00e9gias, os pontos fortes e os pontos fracos dos principais intervenientes pode revelar oportunidades de diferencia\u00e7\u00e3o e inova\u00e7\u00e3o.<\/li>\n\n\n\n<li><strong>Previs\u00e3o de tend\u00eancias:<\/strong> Fique \u00e0 frente das tend\u00eancias do setor incorporando an\u00e1lises prospectivas \u00e0 pesquisa. Identificar tend\u00eancias emergentes nas prefer\u00eancias do consumidor, tecnologia e sustentabilidade pode posicionar a empresa como l\u00edder de mercado.<\/li>\n\n\n\n<li><strong>Considera\u00e7\u00f5es Regulat\u00f3rias e Ambientais:<\/strong> Dado o foco crescente na sustentabilidade e na sa\u00fade, \u00e9 vital compreender o ambiente regulat\u00f3rio e as atitudes dos consumidores em rela\u00e7\u00e3o \u00e0s quest\u00f5es ambientais. Essa consci\u00eancia pode orientar o desenvolvimento de produtos e as mensagens de marketing.<\/li>\n\n\n\n<li><strong>Insights acion\u00e1veis:<\/strong> Certifique-se de que os resultados da pesquisa sejam traduzidos em estrat\u00e9gias de neg\u00f3cios vi\u00e1veis. A pesquisa de mercado informa a tomada de decis\u00f5es e o planejamento estrat\u00e9gico, portanto, os insights devem ser pr\u00e1ticos e diretamente aplic\u00e1veis aos objetivos de neg\u00f3cios.<\/li>\n\n\n\n<li><strong>Monitoramento e Adapta\u00e7\u00e3o Cont\u00ednuos:<\/strong> A pesquisa de mercado na ind\u00fastria de fraldas para beb\u00eas n\u00e3o deve ser vista como uma atividade \u00fanica, mas como um processo cont\u00ednuo. O monitoramento cont\u00ednuo do mercado e do comportamento do consumidor permite que as empresas adaptem estrat\u00e9gias em tempo real, mantendo a relev\u00e2ncia e a competitividade.<\/li>\n<\/ul>\n\n\n\n<p>O cen\u00e1rio do mercado de fraldas para beb\u00eas \u00e9 moldado por algumas marcas dominantes que conseguiram capturar uma participa\u00e7\u00e3o significativa no mercado por meio de inova\u00e7\u00e3o cont\u00ednua, marketing estrat\u00e9gico e um profundo entendimento das necessidades do consumidor. Abaixo est\u00e3o alguns dos principais players cujas estrat\u00e9gias e ofertas de produtos fornecem informa\u00e7\u00f5es valiosas sobre a din\u00e2mica do mercado.<\/p>\n\n\n\n<ul class=\"wp-block-list\">\n<li><strong>Procter &amp; Gamble (Pampers):<\/strong> Pampers \u00e9 um dos nomes mais reconhecidos mundialmente no mercado de fraldas para beb\u00eas. Conhecida pela inova\u00e7\u00e3o cont\u00ednua de produtos e pela extensa pesquisa em cuidados com o beb\u00ea, a Pampers estabeleceu uma forte presen\u00e7a em muitos pa\u00edses. Oferece uma linha de fraldas e produtos relacionados adaptados \u00e0s fases de desenvolvimento do beb\u00ea.<\/li>\n\n\n\n<li><strong>Kimberly-Clark (abra\u00e7os):<\/strong> Outra marca l\u00edder no setor de cuidados com beb\u00eas \u00e9 a Huggies, da Kimberly-Clark. A Huggies conquistou uma base de clientes fi\u00e9is ao se concentrar no conforto, prote\u00e7\u00e3o contra vazamentos e sa\u00fade da pele. A marca oferece diversos tipos de fraldas, incluindo produtos especializados para rec\u00e9m-nascidos e fraldas para nata\u00e7\u00e3o, atendendo \u00e0s diversas necessidades dos consumidores.<\/li>\n\n\n\n<li><strong>Unicharme:<\/strong> Importante player asi\u00e1tico, a Unicharm registrou um crescimento significativo no segmento de fraldas para beb\u00eas com suas inova\u00e7\u00f5es de produtos e fortes estrat\u00e9gias de marketing. As ofertas da empresa incluem uma linha de fraldas absorventes de alta qualidade, projetadas para proporcionar o m\u00e1ximo conforto e prote\u00e7\u00e3o da pele dos beb\u00eas.<\/li>\n<\/ul>\n\n\n\n<p>At SIS, we recognize the critical importance of nuanced, actionable market <a href=\"https:\/\/www.sisinternational.com\/pt\/solucoes\/teste-de-sabor\/pesquisa-de-novos-produtos-em-nova-york\/\" title=\"Pesquisa de novos produtos em Nova York\"  data-wpil-monitor-id=\"4113\">research in the highly competitive baby diaper<\/a> product sector. Our methodology is tailored to uncover deep market insights, consumer trends, and competitive dynamics, enabling our clients to make informed strategic decisions, innovate effectively, and achieve sustainable growth.<\/p>\n\n\n\n<figure class=\"gb-block-image gb-block-image-e46e27e2\"><img loading=\"lazy\" decoding=\"async\" width=\"1456\" height=\"816\" class=\"gb-image gb-image-e46e27e2\" src=\"https:\/\/www.sisinternational.com\/wp-content\/uploads\/2025\/08\/Baby-diaper-1.jpg\" alt=\"Pesquisa e Estrat\u00e9gia de Mercado Internacional da SIS\" title=\"Baby diaper (1)\" srcset=\"https:\/\/www.sisinternational.com\/wp-content\/uploads\/2025\/08\/Baby-diaper-1.jpg 1456w, https:\/\/www.sisinternational.com\/wp-content\/uploads\/2025\/08\/Baby-diaper-1-300x168.jpg 300w, https:\/\/www.sisinternational.com\/wp-content\/uploads\/2025\/08\/Baby-diaper-1-1024x574.jpg 1024w, https:\/\/www.sisinternational.com\/wp-content\/uploads\/2025\/08\/Baby-diaper-1-768x430.jpg 768w, https:\/\/www.sisinternational.com\/wp-content\/uploads\/2025\/08\/Baby-diaper-1-18x10.jpg 18w\" sizes=\"auto, (max-width: 1456px) 100vw, 1456px\"><\/figure>\n\n\n\n<ul class=\"wp-block-list\">\n<li><strong>Projeto de pesquisa sob medida:<\/strong> Come\u00e7amos trabalhando em estreita colabora\u00e7\u00e3o com nossos clientes para entender seus desafios, objetivos e d\u00favidas espec\u00edficos. Esta compreens\u00e3o permite-nos desenhar um estudo de investiga\u00e7\u00e3o precisamente adaptado \u00e0s suas necessidades, seja explorando novas oportunidades de mercado, avaliando as prefer\u00eancias dos consumidores ou analisando estrat\u00e9gias competitivas.<\/li>\n\n\n\n<li><strong>Diversas t\u00e9cnicas de coleta de dados:<\/strong> O emprego de m\u00e9todos de coleta de dados qualitativos e quantitativos, incluindo pesquisas, grupos focais, entrevistas e an\u00e1lise de dados de vendas, nos permite reunir insights abrangentes. Esta abordagem hol\u00edstica garante uma compreens\u00e3o abrangente do mercado, desde tend\u00eancias amplas at\u00e9 comportamentos diferenciados do consumidor.<\/li>\n\n\n\n<li><strong>Ferramentas anal\u00edticas avan\u00e7adas:<\/strong> Aproveitando o que h\u00e1 de mais moderno em an\u00e1lise de dados e m\u00e9todos estat\u00edsticos, analisamos os dados coletados para descobrir padr\u00f5es, tend\u00eancias e insights. Esta an\u00e1lise rigorosa constitui a base das nossas recomenda\u00e7\u00f5es estrat\u00e9gicas, garantindo que sejam baseadas em dados e acion\u00e1veis.<\/li>\n\n\n\n<li><strong>Coleta de Intelig\u00eancia Competitiva:<\/strong> Um componente-chave da nossa abordagem envolve uma an\u00e1lise aprofundada do cen\u00e1rio competitivo. Identificamos os principais players, suas estrat\u00e9gias, pontos fortes e fracos, proporcionando aos nossos clientes a intelig\u00eancia necess\u00e1ria para alcan\u00e7ar uma vantagem competitiva.<\/li>\n\n\n\n<li><strong>Insights e segmenta\u00e7\u00e3o do consumidor:<\/strong> Compreender o usu\u00e1rio final \u00e9 fundamental para nossa pesquisa. Investigamos as prefer\u00eancias dos consumidores, os comportamentos de compra e os motivadores de fideliza\u00e7\u00e3o, segmentando o mercado para adaptar estrat\u00e9gias de forma eficaz a grupos espec\u00edficos de consumidores.<\/li>\n\n\n\n<li><strong>Inova\u00e7\u00e3o e detec\u00e7\u00e3o de tend\u00eancias:<\/strong> Ficar de olho nas tend\u00eancias emergentes, nos avan\u00e7os tecnol\u00f3gicos e nas mudan\u00e7as nas expectativas dos consumidores nos permite aconselhar nossos clientes sobre \u00e1reas de crescimento futuro. Esta perspectiva prospectiva \u00e9 crucial para permanecer \u00e0 frente num mercado em r\u00e1pida evolu\u00e7\u00e3o.<\/li>\n\n\n\n<li><strong>Recomenda\u00e7\u00f5es acion\u00e1veis:<\/strong> O ponto culminante de nossa pesquisa \u00e9 um conjunto de recomenda\u00e7\u00f5es estrat\u00e9gicas e pr\u00e1ticas projetadas para orientar o desenvolvimento de produtos, estrat\u00e9gias de marketing e estrat\u00e9gia geral de neg\u00f3cios. Essas recomenda\u00e7\u00f5es s\u00e3o adaptadas para ajudar nossos clientes a atingir seus objetivos de neg\u00f3cios espec\u00edficos.<\/li>\n\n\n\n<li><strong>Suporte e consulta cont\u00ednuos:<\/strong> Reconhecendo que o mercado e as prefer\u00eancias dos consumidores est\u00e3o em constante evolu\u00e7\u00e3o, oferecemos apoio e consultoria cont\u00ednua aos nossos clientes, ajudando-os a adaptar as suas estrat\u00e9gias em resposta a novos insights e desenvolvimentos do mercado.<\/li>\n<\/ul>\n\n\n<h2>Localiza\u00e7\u00e3o de nossas instala\u00e7\u00f5es em Nova York<\/h2>\n<p><!-- \/wp:post-content --> <!-- wp:html --> <iframe loading=\"lazy\" src=\"https:\/\/www.google.com\/maps\/embed?pb=!1m18!1m12!1m3!1d3022.976188376966!2d-73.99130312499956!3d40.740549471389315!2m3!1f0!2f0!3f0!3m2!1i1024!2i768!4f13.1!3m3!1m2!1s0x89c259a15798c731%3A0xd695d09bdd495f25!2s11%20E%2022nd%20St%20FL%202%2C%20New%20York%2C%20NY%2010010%2C%20USA!5e0!3m2!1sen!2spe!4v1726171763526!5m2!1sen!2spe\" width=\"600\" height=\"450\" allowfullscreen=\"allowfullscreen\" data-mce-fragment=\"1\"><\/iframe> <!-- \/wp:html --> <!-- wp:paragraph --><\/p>\n<h3 class=\"wp-block-heading\">11 E 22nd Street, andar 2, Nova York, NY 10010 T: +1(212) 505-6805<\/h3>\n<hr \/>\n<h2><span style=\"font-weight: 400;\">Sobre SIS Internacional<\/span><\/h2>\n<p><a href=\"https:\/\/www.sisinternational.com\/pt\/\"><span style=\"font-weight: 400;\">SIS Internacional<\/span><\/a><span style=\"font-weight: 400;\"> oferece pesquisa quantitativa, qualitativa e estrat\u00e9gica. Fornecemos dados, ferramentas, estrat\u00e9gias, relat\u00f3rios e insights para a tomada de decis\u00f5es. Tamb\u00e9m realizamos entrevistas, pesquisas, grupos focais e outros m\u00e9todos e abordagens de Pesquisa de Mercado.<\/span><a href=\"https:\/\/www.sisinternational.com\/pt\/sobre-a-sis-international-research\/contact-sis-international-market-research\/\"><span style=\"font-weight: 400;\"> Entre em contato conosco<\/span><\/a><span style=\"font-weight: 400;\"> para o seu pr\u00f3ximo projeto de pesquisa de mercado.<\/span><\/p>\n<p><!-- wp:heading --><\/p>\n<h2 id=\"about-sis-international\" class=\"wp-block-heading\">\u00a0<\/h2><!-- \/wp:heading -->","protected":false},"excerpt":{"rendered":"<p>A pesquisa de mercado de produtos de fraldas para beb\u00eas analisa as prefer\u00eancias do consumidor, tamanho do mercado, tend\u00eancias de crescimento, concorr\u00eancia e inova\u00e7\u00f5es.<\/p>","protected":false},"author":1,"featured_media":64735,"parent":14514,"menu_order":413,"comment_status":"closed","ping_status":"closed","template":"","meta":{"footnotes":""},"class_list":["post-46312","page","type-page","status-publish","has-post-thumbnail"],"_links":{"self":[{"href":"https:\/\/www.sisinternational.com\/pt\/wp-json\/wp\/v2\/pages\/46312","targetHints":{"allow":["GET"]}}],"collection":[{"href":"https:\/\/www.sisinternational.com\/pt\/wp-json\/wp\/v2\/pages"}],"about":[{"href":"https:\/\/www.sisinternational.com\/pt\/wp-json\/wp\/v2\/types\/page"}],"author":[{"embeddable":true,"href":"https:\/\/www.sisinternational.com\/pt\/wp-json\/wp\/v2\/users\/1"}],"replies":[{"embeddable":true,"href":"https:\/\/www.sisinternational.com\/pt\/wp-json\/wp\/v2\/comments?post=46312"}],"version-history":[{"count":15,"href":"https:\/\/www.sisinternational.com\/pt\/wp-json\/wp\/v2\/pages\/46312\/revisions"}],"predecessor-version":[{"id":80946,"href":"https:\/\/www.sisinternational.com\/pt\/wp-json\/wp\/v2\/pages\/46312\/revisions\/80946"}],"up":[{"embeddable":true,"href":"https:\/\/www.sisinternational.com\/pt\/wp-json\/wp\/v2\/pages\/14514"}],"wp:featuredmedia":[{"embeddable":true,"href":"https:\/\/www.sisinternational.com\/pt\/wp-json\/wp\/v2\/media\/64735"}],"wp:attachment":[{"href":"https:\/\/www.sisinternational.com\/pt\/wp-json\/wp\/v2\/media?parent=46312"}],"curies":[{"name":"wp","href":"https:\/\/api.w.org\/{rel}","templated":true}]}}