{"id":46293,"date":"2024-02-22T14:13:53","date_gmt":"2024-02-22T19:13:53","guid":{"rendered":"https:\/\/www.sisinternational.com\/?page_id=46293"},"modified":"2026-01-30T23:10:46","modified_gmt":"2026-01-31T04:10:46","slug":"consultoria-em-gestao-de-destinos","status":"publish","type":"page","link":"https:\/\/www.sisinternational.com\/pt\/solucoes\/consultoria-em-hotelaria-e-turismo-em-viagens\/consultoria-em-gestao-de-destinos\/","title":{"rendered":"Consultoria em gest\u00e3o de destinos"},"content":{"rendered":"<h1 class=\"wp-block-heading\">Consultoria em gest\u00e3o de destinos<\/h1>\n\n\n\n<figure class=\"gb-block-image gb-block-image-afa381d3\"><img loading=\"lazy\" decoding=\"async\" width=\"1456\" height=\"816\" class=\"gb-image gb-image-afa381d3\" src=\"https:\/\/www.sisinternational.com\/wp-content\/uploads\/2025\/08\/Strategy-consulting-34.jpg\" alt=\"Pesquisa e Estrat\u00e9gia de Mercado Internacional da SIS\" title=\"Strategy consulting (34)\" srcset=\"https:\/\/www.sisinternational.com\/wp-content\/uploads\/2025\/08\/Strategy-consulting-34.jpg 1456w, https:\/\/www.sisinternational.com\/wp-content\/uploads\/2025\/08\/Strategy-consulting-34-300x168.jpg 300w, https:\/\/www.sisinternational.com\/wp-content\/uploads\/2025\/08\/Strategy-consulting-34-1024x574.jpg 1024w, https:\/\/www.sisinternational.com\/wp-content\/uploads\/2025\/08\/Strategy-consulting-34-768x430.jpg 768w, https:\/\/www.sisinternational.com\/wp-content\/uploads\/2025\/08\/Strategy-consulting-34-18x10.jpg 18w\" sizes=\"auto, (max-width: 1456px) 100vw, 1456px\"><\/figure>\n\n\n\n<p><\/p>\n\n\n\n<hr class=\"wp-block-separator has-alpha-channel-opacity is-style-dots\"\/>\n\n\n\n<p>Como podem os destinos otimizar o seu apelo e funcionalidade para atrair visitantes e garantir uma experi\u00eancia enriquecedora para todas as partes interessadas? A consultoria em gest\u00e3o de destinos surge como a resposta cr\u00edtica a este quebra-cabe\u00e7a complexo, oferecendo uma abordagem estrat\u00e9gica para transformar locais em destinos sustent\u00e1veis de primeira linha, tanto para turistas como para residentes.<\/p>\n\n\n\n<h2 class=\"wp-block-heading\">O que \u00e9 consultoria de gerenciamento de destinos?<\/h2>\n\n\n\n<p>Destination management consulting assists companies in enhancing the appeal, accessibility, and viability of a place as a tourist destination. This form of <a title=\"Consultoria em Planejamento Estrat\u00e9gico\" href=\"https:\/\/www.sisinternational.com\/pt\/solucoes\/sis-crescimento-global\/consultoria-em-planejamento-estrategico\/\" data-wpil-monitor-id=\"8186\">consulting addresses various components including strategic planning<\/a>, marketing, infrastructure development, stakeholder engagement, and sustainability practices. The objective is to create a cohesive and attractive environment for visitors, while ensuring that the destination thrives economically, socially, and environmentally.<\/p>\n\n\n\n<h2 class=\"wp-block-heading\">Por que as empresas precisam de consultoria em gerenciamento de destinos?<\/h2>\n\n\n\n<p>A consultoria de gest\u00e3o de destinos ajuda as empresas a ficarem \u00e0 frente das tend\u00eancias atuais, fornecendo insights sobre a din\u00e2mica do mercado, oportunidades emergentes e amea\u00e7as potenciais. Os consultores oferecem experi\u00eancia na adapta\u00e7\u00e3o a estas mudan\u00e7as, garantindo que os destinos permanecem atraentes tanto para visitantes novos como para visitantes antigos.<\/p>\n\n\n\n<p>Additionally, this consulting facilitates collaboration among stakeholders, including local businesses, government agencies, and the community. However, it has many other benefits for businesses, including:<\/p>\n\n\n\n<ul class=\"wp-block-list\">\n<li><strong>Desenvolvimento Estrat\u00e9gico e Planejamento:<\/strong> Consultants provide expert guidance in creating comprehensive development plans that align with the destination&#8217;s vision and market demands. <\/li>\n\n\n\n<li><strong>Posicionamento de mercado e branding:<\/strong> Destination management consulting helps identify unique selling propositions and craft marketing strategies that resonate with target audiences. <\/li>\n\n\n\n<li><strong>Sustentabilidade e Conserva\u00e7\u00e3o:<\/strong> With the growing emphasis on responsible travel, consultants assist destinations in implementing sustainable practices that preserve natural resources, support local communities, and minimize environmental impact. <\/li>\n\n\n\n<li><strong>Colabora\u00e7\u00e3o e envolvimento das partes interessadas:<\/strong> Effective destination management requires the involvement and cooperation of various stakeholders. Consulting facilitates collaboration between governments, businesses, local communities, and other relevant parties, ensuring a unified approach to destination development. <\/li>\n<\/ul>\n\n\n\n<h2 class=\"wp-block-heading\">Quem usa consultoria de gerenciamento de destinos<\/h2>\n\n\n\n<p>A consultoria de gest\u00e3o de destinos \u00e9 fundamental para uma ampla gama de partes interessadas dentro do ecossistema tur\u00edstico, cada uma procurando melhorar a atratividade, a sustentabilidade e a gest\u00e3o geral das suas localiza\u00e7\u00f5es. Esta abordagem multidisciplinar atende \u00e0s necessidades de:<\/p>\n\n\n\n<ul class=\"wp-block-list\">\n<li><strong>Governos locais e regionais:<\/strong> They seek to boost tourism for economic development, create jobs, and improve the quality of life for residents. <\/li>\n\n\n\n<li><strong>Conselhos de Turismo e Organiza\u00e7\u00f5es de Marketing:<\/strong> Charged with the promotion and branding of destinations, these organizations leverage consulting services to craft compelling narratives and <a title=\"Pesquisa de mercado e consultoria estrat\u00e9gica em gest\u00e3o de mudan\u00e7as em servi\u00e7os financeiros\" data-wpil-monitor-id=\"8190\" href=\"https:\/\/www.sisinternational.com\/pt\/solucoes\/pesquisa-de-consultoria-em-estrategia-fintech\/consultoria-em-estrategia-de-pesquisa-de-mercado-em-gestao-de-mudancas-em-servicos-financeiros\/\">Estrat\u00e9gias de marketing<\/a> that attract targeted visitor segments. Consultants <a title=\"Pesquisa de mercado de assistente de enfermagem virtual\" data-wpil-monitor-id=\"8187\" href=\"https:\/\/www.sisinternational.com\/pt\/pericia\/industrias\/pesquisa-de-mercado-de-assistente-de-enfermagem-virtual\/\">assist in market research<\/a>, branding, and creating marketing campaigns that effectively communicate the destination\u2019s unique offerings.<\/li>\n\n\n\n<li><strong>Neg\u00f3cios de hotelaria e lazer:<\/strong> Hotels, resorts, and leisure operators use destination management consulting to enhance their competitiveness and align their services with the destination\u2019s overall tourism strategy. <a title=\"Consultoria de marketing na Ar\u00e1bia Saudita\" data-wpil-monitor-id=\"8191\" href=\"https:\/\/www.sisinternational.com\/pt\/cobertura\/pesquisa-de-mercado-medio-oriente\/consultoria-de-marketing-arabia-saudita\/\">Consultants provide insights into market<\/a> trends, customer preferences, and service innovation, helping these businesses refine their offerings and improve guest experiences.<\/li>\n\n\n\n<li><strong>Organiza\u00e7\u00f5es Culturais e Patrimoniais:<\/strong> These entities, which manage museums, historical sites, and cultural festivals, benefit from consulting to increase visitor engagement and promote cultural preservation. <\/li>\n\n\n\n<li><strong>Investidores e Desenvolvedores:<\/strong> Those looking to invest in tourism infrastructure or develop new attractions seek <a title=\"Consultoria em Turismo Cultural\" data-wpil-monitor-id=\"4690\" href=\"https:\/\/www.sisinternational.com\/pt\/solucoes\/consultoria-em-hotelaria-e-turismo-em-viagens\/consultoria-em-turismo-cultural\/\">consultoria em gest\u00e3o de destinos<\/a> to assess feasibility, understand market demand, and ensure that projects contribute positively to the destination&#8217;s overall appeal and sustainability.<\/li>\n<\/ul>\n\n\n\n<h2 class=\"wp-block-heading\">Resultados esperados da nossa consultoria de gerenciamento de destinos<\/h2>\n\n\n\n<p>Embarcar na consultoria de gest\u00e3o de destinos \u00e9 um movimento estrat\u00e9gico que produz benef\u00edcios significativos para os destinos, abrangendo crescimento econ\u00f3mico, melhores experi\u00eancias para os visitantes e desenvolvimento sustent\u00e1vel. A colabora\u00e7\u00e3o com consultores experientes leva a uma transforma\u00e7\u00e3o abrangente, estabelecendo uma base s\u00f3lida para o sucesso a longo prazo.<\/p>\n\n\n\n<ul class=\"wp-block-list\">\n<li><strong>Pr\u00e1ticas de Turismo Sustent\u00e1vel:<\/strong> A consultoria enfatiza a import\u00e2ncia do desenvolvimento sustent\u00e1vel, garantindo que o crescimento do turismo n\u00e3o comprometa a integridade ambiental ou a cultura local. Os resultados esperados incluem esfor\u00e7os de conserva\u00e7\u00e3o, gest\u00e3o respons\u00e1vel de recursos e promo\u00e7\u00e3o do patrim\u00f3nio local, contribuindo todos para a sustentabilidade do destino.<\/li>\n\n\n\n<li><strong>Infraestrutura e servi\u00e7os aprimorados:<\/strong> As recomenda\u00e7\u00f5es das consultorias muitas vezes levam a melhorias na infraestrutura e nos servi\u00e7os aos visitantes, tornando o destino mais acess\u00edvel e agrad\u00e1vel.<\/li>\n\n\n\n<li><strong>Colabora\u00e7\u00e3o das partes interessadas e envolvimento da comunidade:<\/strong> One of the key results of destination management consulting is the fostering of a collaborative environment among all stakeholders, including local businesses, government entities, and the community. <\/li>\n\n\n\n<li><strong>Tomada de decis\u00e3o baseada em dados:<\/strong> A consultoria fornece aos destinos as ferramentas e metodologias para a tomada de decis\u00f5es baseada em dados. Atrav\u00e9s de pesquisas de mercado abrangentes, an\u00e1lises de visitantes e acompanhamento de desempenho, os destinos podem tomar decis\u00f5es informadas que os orientem em dire\u00e7\u00e3o aos seus objetivos estrat\u00e9gicos.<\/li>\n<\/ul>\n\n\n\n<h2 class=\"wp-block-heading\">Oportunidades em consultoria de gerenciamento de destinos para empresas<\/h2>\n\n\n\n<p>The integration of destination management consulting into business strategies offers a wealth of opportunities for growth, innovation, and competitive advantage. Here are several key opportunities destination management consulting presents for businesses:<\/p>\n\n\n\n<ul class=\"wp-block-list\">\n<li><strong>Access to New <\/strong><a title=\"Pesquisa de mercado de neg\u00f3cios escal\u00e1veis: 7 maneiras de construir um neg\u00f3cio escal\u00e1vel\" data-wpil-monitor-id=\"8192\" href=\"https:\/\/www.sisinternational.com\/pt\/publicacoes\/pesquisa-de-mercado-de-negocios-escalaveis-7-maneiras-de-construir-um-negocio-escalavel\/\">Markets and Audiences: Consulting can help businesses<\/a> identify and tap into new market segments and demographics previously unexplored. Through Destination management consulting research and strategy, businesses can adapt their offerings to appeal to a wider or more diverse audience, expanding their customer base and opening up new revenue streams.<\/li>\n\n\n\n<li><strong>Maior reconhecimento e fidelidade \u00e0 marca:<\/strong> A well-defined and executed destination brand, developed through consulting insights, can significantly improve brand recognition and loyalty among visitors. <\/li>\n\n\n\n<li><strong>Inova\u00e7\u00e3o em ofertas de produtos e servi\u00e7os:<\/strong> Destination management consulting can spur innovation by identifying gaps in the market and uncovering visitor needs that are not currently being met. <\/li>\n\n\n\n<li><strong>Parcerias Fortalecidas com as Partes Interessadas:<\/strong> A consultoria de gest\u00e3o de destinos promove a colabora\u00e7\u00e3o entre as partes interessadas, incluindo empresas locais, entidades governamentais e grupos comunit\u00e1rios. As empresas podem aproveitar recursos coletivos, partilhar conhecimentos e criar sinergias que amplifiquem o seu impacto e sucesso, trabalhando em conjunto para atingir objetivos comuns.<\/li>\n\n\n\n<li><strong>Resilience to <\/strong><a title=\"Como conduzir entrevistas em profundidade para obter insights de mercado\" data-wpil-monitor-id=\"8193\" href=\"https:\/\/www.sisinternational.com\/pt\/how-to-conduct-in-depth-interviews-for-market-insights\/\">Market Fluctuations: The strategic insights<\/a> and planning provided by consulting can help businesses build resilience to economic downturns, changing market conditions, and other external challenges. <\/li>\n<\/ul>","protected":false},"excerpt":{"rendered":"<p>A consultoria em gest\u00e3o de destinos auxilia as empresas a melhorar o apelo, a acessibilidade e a viabilidade de v\u00e1rios destinos tur\u00edsticos.<\/p>","protected":false},"author":1,"featured_media":62521,"parent":44644,"menu_order":23,"comment_status":"closed","ping_status":"closed","template":"","meta":{"footnotes":""},"class_list":["post-46293","page","type-page","status-publish","has-post-thumbnail"],"_links":{"self":[{"href":"https:\/\/www.sisinternational.com\/pt\/wp-json\/wp\/v2\/pages\/46293","targetHints":{"allow":["GET"]}}],"collection":[{"href":"https:\/\/www.sisinternational.com\/pt\/wp-json\/wp\/v2\/pages"}],"about":[{"href":"https:\/\/www.sisinternational.com\/pt\/wp-json\/wp\/v2\/types\/page"}],"author":[{"embeddable":true,"href":"https:\/\/www.sisinternational.com\/pt\/wp-json\/wp\/v2\/users\/1"}],"replies":[{"embeddable":true,"href":"https:\/\/www.sisinternational.com\/pt\/wp-json\/wp\/v2\/comments?post=46293"}],"version-history":[{"count":9,"href":"https:\/\/www.sisinternational.com\/pt\/wp-json\/wp\/v2\/pages\/46293\/revisions"}],"predecessor-version":[{"id":82062,"href":"https:\/\/www.sisinternational.com\/pt\/wp-json\/wp\/v2\/pages\/46293\/revisions\/82062"}],"up":[{"embeddable":true,"href":"https:\/\/www.sisinternational.com\/pt\/wp-json\/wp\/v2\/pages\/44644"}],"wp:featuredmedia":[{"embeddable":true,"href":"https:\/\/www.sisinternational.com\/pt\/wp-json\/wp\/v2\/media\/62521"}],"wp:attachment":[{"href":"https:\/\/www.sisinternational.com\/pt\/wp-json\/wp\/v2\/media?parent=46293"}],"curies":[{"name":"wp","href":"https:\/\/api.w.org\/{rel}","templated":true}]}}