{"id":46233,"date":"2024-02-22T14:19:50","date_gmt":"2024-02-22T19:19:50","guid":{"rendered":"https:\/\/www.sisinternational.com\/?page_id=46233"},"modified":"2026-01-26T17:28:50","modified_gmt":"2026-01-26T22:28:50","slug":"pesquisa-de-mercado-de-pagamentos","status":"publish","type":"page","link":"https:\/\/www.sisinternational.com\/pt\/solucoes\/pesquisa-de-consultoria-em-estrategia-fintech\/pesquisa-de-mercado-de-pagamentos\/","title":{"rendered":"Pesquisa de mercado de pagamentos"},"content":{"rendered":"<h1 class=\"wp-block-heading\">Pesquisa de mercado de pagamentos<\/h1>\n\n\n\n<figure class=\"gb-block-image gb-block-image-08d38003\"><img loading=\"lazy\" decoding=\"async\" width=\"1456\" height=\"816\" class=\"gb-image gb-image-08d38003\" src=\"https:\/\/www.sisinternational.com\/wp-content\/uploads\/2025\/10\/Peer-to-Peer-Payments-4.jpg\" alt=\"Pesquisa e Estrat\u00e9gia de Mercado Internacional da SIS\" title=\"Peer-to-Peer Payments (4)\" srcset=\"https:\/\/www.sisinternational.com\/wp-content\/uploads\/2025\/10\/Peer-to-Peer-Payments-4.jpg 1456w, https:\/\/www.sisinternational.com\/wp-content\/uploads\/2025\/10\/Peer-to-Peer-Payments-4-300x168.jpg 300w, https:\/\/www.sisinternational.com\/wp-content\/uploads\/2025\/10\/Peer-to-Peer-Payments-4-1024x574.jpg 1024w, https:\/\/www.sisinternational.com\/wp-content\/uploads\/2025\/10\/Peer-to-Peer-Payments-4-768x430.jpg 768w, https:\/\/www.sisinternational.com\/wp-content\/uploads\/2025\/10\/Peer-to-Peer-Payments-4-18x10.jpg 18w\" sizes=\"auto, (max-width: 1456px) 100vw, 1456px\"><\/figure>\n\n\n\n<p><\/p>\n\n\n\n<hr class=\"wp-block-separator has-alpha-channel-opacity\"\/>\n\n\n\n<p>A pesquisa de mercado de pagamentos examina o cen\u00e1rio atual onde a moeda tradicional encontra as inova\u00e7\u00f5es futur\u00edsticas das fintechs, criando um ecossistema din\u00e2mico de transa\u00e7\u00f5es. Portanto, \u00e0 medida que as empresas e os consumidores navegam pelas complexidades das tecnologias de pagamento emergentes, compreender as correntes que impulsionam este mercado \u00e9 essencial para se manterem \u00e0 tona e prosperarem.<\/p>\n\n\n\n<h2 class=\"wp-block-heading\">O que \u00e9 pesquisa de mercado de pagamentos?<\/h2>\n\n\n\n<p>A pesquisa de mercado de pagamentos \u00e9 uma an\u00e1lise abrangente de como as transa\u00e7\u00f5es s\u00e3o conduzidas entre compradores e vendedores, com foco na evolu\u00e7\u00e3o dos m\u00e9todos de pagamento. Esta investiga\u00e7\u00e3o \u00e9 crucial para as empresas que procuram navegar pelas complexidades da ind\u00fastria de pagamentos, oferecendo informa\u00e7\u00f5es sobre as prefer\u00eancias dos consumidores, tend\u00eancias tecnol\u00f3gicas, mudan\u00e7as regulamentares e cen\u00e1rios competitivos.<\/p>\n\n\n\n<h2 class=\"wp-block-heading\">Por que as empresas precisam de pesquisas de mercado de pagamentos<\/h2>\n\n\n\n<p>A pesquisa de mercado de pagamentos fornece insights sobre as prefer\u00eancias dos consumidores, ajudando as empresas a adaptar suas op\u00e7\u00f5es de pagamento para atender \u00e0s demandas dos consumidores e melhorar a experi\u00eancia do cliente. Tamb\u00e9m ajuda as empresas a manterem-se informadas sobre as altera\u00e7\u00f5es regulamentares, garantindo a conformidade e evitando potenciais san\u00e7\u00f5es legais e financeiras.<\/p>\n\n\n\n<p>Al\u00e9m disso, o ritmo acelerado da inova\u00e7\u00e3o tecnol\u00f3gica no setor de pagamentos oferece \u00e0s empresas oportunidades para melhorar a efici\u00eancia, a seguran\u00e7a e a satisfa\u00e7\u00e3o do cliente. A pesquisa de mercado de pagamentos identifica essas tend\u00eancias tecnol\u00f3gicas, desde blockchain e criptomoeda at\u00e9 carteiras m\u00f3veis e pagamentos sem contato, permitindo que as empresas integrem tecnologias de ponta em seus processos de pagamento.<\/p>\n\n\n\n<p>Furthermore, understanding the payment landscape is crucial for businesses looking to expand or enter new markets. Market research provides data on market size, growth projections, and emerging opportunities, guiding strategic planning and investment decisions to capitalize on growth trends in the payments sector.<\/p>\n\n\n\n<h2 class=\"wp-block-heading\">Benef\u00edcios da pesquisa de mercado de pagamentos<\/h2>\n\n\n\n<figure class=\"gb-block-image gb-block-image-52a64df1\"><img loading=\"lazy\" decoding=\"async\" width=\"1456\" height=\"816\" class=\"gb-image gb-image-52a64df1\" src=\"https:\/\/www.sisinternational.com\/wp-content\/uploads\/2025\/10\/Payments-FinTech-3.jpg\" alt=\"Pesquisa e Estrat\u00e9gia de Mercado Internacional da SIS\" title=\"Payments FinTech (3)\" srcset=\"https:\/\/www.sisinternational.com\/wp-content\/uploads\/2025\/10\/Payments-FinTech-3.jpg 1456w, https:\/\/www.sisinternational.com\/wp-content\/uploads\/2025\/10\/Payments-FinTech-3-300x168.jpg 300w, https:\/\/www.sisinternational.com\/wp-content\/uploads\/2025\/10\/Payments-FinTech-3-1024x574.jpg 1024w, https:\/\/www.sisinternational.com\/wp-content\/uploads\/2025\/10\/Payments-FinTech-3-768x430.jpg 768w, https:\/\/www.sisinternational.com\/wp-content\/uploads\/2025\/10\/Payments-FinTech-3-18x10.jpg 18w\" sizes=\"auto, (max-width: 1456px) 100vw, 1456px\"><\/figure>\n\n\n\n<p><\/p>\n\n\n\n<p>O envolvimento em pesquisas de mercado de pagamentos fornece \u00e0s empresas os conhecimentos necess\u00e1rios para navegar pelas complexidades do ecossistema de pagamentos, inovar de forma eficaz e melhorar o seu posicionamento competitivo.<\/p>\n\n\n\n<ul class=\"wp-block-list\">\n<li><strong>Vantagem Competitiva Aprimorada:<\/strong> Obter insights sobre o cen\u00e1rio competitivo permite que as empresas identifiquem suas propostas de valor exclusivas e desenvolvam estrat\u00e9gias que aproveitem as lacunas do mercado.<\/li>\n\n\n\n<li><strong>Adapta\u00e7\u00e3o \u00e0s prefer\u00eancias do consumidor:<\/strong> Os insights sobre as prefer\u00eancias de pagamento dos consumidores permitem que as empresas adaptem suas op\u00e7\u00f5es de pagamento para atender \u00e0s expectativas dos clientes.<\/li>\n\n\n\n<li><strong>Mitiga\u00e7\u00e3o de riscos:<\/strong> Payments <a href=\"https:\/\/www.sisinternational.com\/pt\/pericia\/industrias\/pesquisa-de-mercado-de-seguranca\/\" title=\"Pesquisa de mercado de seguran\u00e7a\"  data-wpil-monitor-id=\"6534\">market research identifies potential security<\/a> threats and compliance issues associated with different payment methods.<\/li>\n\n\n\n<li><strong>Efici\u00eancia operacional:<\/strong> Compreender as mais recentes tecnologias e pr\u00e1ticas de processamento de pagamentos pode levar as empresas a adotar solu\u00e7\u00f5es mais eficientes e econ\u00f4micas.<\/li>\n\n\n\n<li><strong>Oportunidades de expans\u00e3o de mercado:<\/strong> A pesquisa de mercado de pagamentos fornece insights sobre prefer\u00eancias e comportamentos de pagamento em diferentes regi\u00f5es ou setores para empresas que buscam entrar em novos mercados ou expandir sua base de clientes.<\/li>\n<\/ul>\n\n\n\n<h2 class=\"wp-block-heading\">Resultados esperados de nossa pesquisa de mercado de pagamentos<\/h2>\n\n\n\n<p>As empresas podem antecipar v\u00e1rios resultados transformadores quando investem em pesquisas abrangentes de mercado de pagamentos. Estas informa\u00e7\u00f5es fornecem uma vis\u00e3o geral do panorama atual do mercado e iluminam caminhos para o crescimento, a inova\u00e7\u00e3o e a melhoria da presta\u00e7\u00e3o de servi\u00e7os no setor de pagamentos.<\/p>\n\n\n\n<ul class=\"wp-block-list\">\n<li><strong>Compreens\u00e3o abrangente do mercado:<\/strong> As empresas obt\u00eam uma vis\u00e3o geral completa do mercado de pagamentos, incluindo seu tamanho, tend\u00eancias de crescimento, insights demogr\u00e1ficos e ambiente regulat\u00f3rio.<\/li>\n\n\n\n<li><strong>Insights aprofundados sobre o comportamento do consumidor:<\/strong> A pesquisa de mercado de pagamentos fornece insights detalhados sobre as prefer\u00eancias, comportamentos e expectativas de pagamento do consumidor. Esses insights permitem que as empresas adaptem suas solu\u00e7\u00f5es de pagamento para atender \u00e0s demandas do mercado, melhorando a experi\u00eancia do cliente e aumentando as taxas de convers\u00e3o de transa\u00e7\u00f5es.<\/li>\n\n\n\n<li><strong>Identifica\u00e7\u00e3o de oportunidades de crescimento:<\/strong> Insights sobre tend\u00eancias emergentes, avan\u00e7os tecnol\u00f3gicos e mercados inexplorados destacam \u00e1reas potenciais para inova\u00e7\u00e3o e expans\u00e3o. As empresas podem aproveitar esta informa\u00e7\u00e3o para introduzir novas solu\u00e7\u00f5es de pagamento, entrar em novos mercados ou expandir as suas ofertas de servi\u00e7os.<\/li>\n\n\n\n<li><strong>Estrat\u00e9gias de mitiga\u00e7\u00e3o de riscos:<\/strong> By identifying potential challenges and shifts in the payments ecosystem, businesses can develop proactive strategies to mitigate these risks.\u00a0<\/li>\n\n\n\n<li><strong>Melhorias na efici\u00eancia operacional:<\/strong> A pesquisa de mercado de pagamentos pode identificar \u00e1reas no processamento e gerenciamento de pagamentos onde melhorias podem ser feitas.<\/li>\n<\/ul>\n\n\n\n<h2 class=\"wp-block-heading\">Principais players do mercado de pagamentos<\/h2>\n\n\n\n<p>Sendo a espinha dorsal do com\u00e9rcio global, o mercado de pagamentos abrange v\u00e1rias empresas e organiza\u00e7\u00f5es, cada uma desempenhando um papel crucial na facilita\u00e7\u00e3o das transa\u00e7\u00f5es financeiras. Compreender esses principais players \u00e9 essencial para quem busca navegar no mercado de pagamentos, seja como prestador de servi\u00e7os, investidor ou consumidor.<\/p>\n\n\n\n<ul class=\"wp-block-list\">\n<li><strong>Processadores e redes de pagamento:<\/strong> Empresas como Visa, Mastercard e American Express operam extensas redes de pagamento que processam bilh\u00f5es de transa\u00e7\u00f5es anualmente. Estas redes facilitam a troca de informa\u00e7\u00f5es de pagamento entre comerciantes, bancos e emissores de cart\u00f5es, garantindo a seguran\u00e7a e a efici\u00eancia das transa\u00e7\u00f5es baseadas em cart\u00f5es.<\/li>\n\n\n\n<li><strong>Empresas Fintech:<\/strong> Empresas como PayPal, Square e Stripe tornaram-se atores-chave no mercado de pagamentos, oferecendo carteiras digitais, aplicativos de pagamento m\u00f3vel e servi\u00e7os de processamento de pagamentos que atendem \u00e0s crescentes necessidades de consumidores e comerciantes.<\/li>\n\n\n\n<li><strong>Gigantes da tecnologia:<\/strong> Empresas de tecnologia, incluindo Apple, Google e Samsung, entraram no espa\u00e7o de pagamentos com suas carteiras digitais e solu\u00e7\u00f5es de pagamento m\u00f3vel, como Apple Pay, Google Wallet e Samsung Pay.<\/li>\n<\/ul>\n\n\n\n<h2 class=\"wp-block-heading\">Tecnologias e ferramentas que o SIS aproveita na pesquisa de mercado de pagamentos<\/h2>\n\n\n\n<figure class=\"gb-block-image gb-block-image-90fc2e32\"><img loading=\"lazy\" decoding=\"async\" width=\"1456\" height=\"816\" class=\"gb-image gb-image-90fc2e32\" src=\"https:\/\/www.sisinternational.com\/wp-content\/uploads\/2025\/10\/Payments-Market-Research-2.jpg\" alt=\"Pesquisa e Estrat\u00e9gia de Mercado Internacional da SIS\" title=\"Payments Market Research (2)\" srcset=\"https:\/\/www.sisinternational.com\/wp-content\/uploads\/2025\/10\/Payments-Market-Research-2.jpg 1456w, https:\/\/www.sisinternational.com\/wp-content\/uploads\/2025\/10\/Payments-Market-Research-2-300x168.jpg 300w, https:\/\/www.sisinternational.com\/wp-content\/uploads\/2025\/10\/Payments-Market-Research-2-1024x574.jpg 1024w, https:\/\/www.sisinternational.com\/wp-content\/uploads\/2025\/10\/Payments-Market-Research-2-768x430.jpg 768w, https:\/\/www.sisinternational.com\/wp-content\/uploads\/2025\/10\/Payments-Market-Research-2-18x10.jpg 18w\" sizes=\"auto, (max-width: 1456px) 100vw, 1456px\"><\/figure>\n\n\n\n<p><\/p>\n\n\n\n<p>Ao realizar pesquisas de mercado de pagamentos, o SIS emprega tecnologias avan\u00e7adas e ferramentas anal\u00edticas para coletar, processar e analisar dados, garantindo insights abrangentes sobre o ecossistema de pagamentos. Essas ferramentas permitem que o SIS decifre din\u00e2micas complexas de mercado, comportamento do consumidor e tend\u00eancias tecnol\u00f3gicas, fornecendo aos clientes intelig\u00eancia acion\u00e1vel para a tomada de decis\u00f5es estrat\u00e9gicas.<\/p>\n\n\n\n<ul class=\"wp-block-list\">\n<li><strong>Intelig\u00eancia Artificial e Aprendizado de M\u00e1quina:<\/strong> AI and machine learning algorithms process vast amounts of unstructured data from social media, news articles, and financial reports.\u00a0<\/li>\n\n\n\n<li><strong>Ferramentas de an\u00e1lise de blockchain:<\/strong> Dada a import\u00e2ncia crescente das criptomoedas e da tecnologia blockchain no mercado de pagamentos, o SIS utiliza ferramentas de an\u00e1lise blockchain para rastrear volumes de transa\u00e7\u00f5es, endere\u00e7os de carteiras e movimentos de tokens. Isso fornece insights sobre a ado\u00e7\u00e3o e uso de criptomoedas como m\u00e9todo de pagamento.<\/li>\n\n\n\n<li><strong>Ferramentas de avalia\u00e7\u00e3o de seguran\u00e7a cibern\u00e9tica:<\/strong> Para avaliar o cen\u00e1rio de seguran\u00e7a do mercado de pagamentos, o SIS utiliza ferramentas de avalia\u00e7\u00e3o de seguran\u00e7a cibern\u00e9tica para analisar viola\u00e7\u00f5es de dados, amea\u00e7as \u00e0 seguran\u00e7a e conformidade com os padr\u00f5es de seguran\u00e7a de dados da ind\u00fastria de cart\u00f5es de pagamento (PCI DSS).<\/li>\n<\/ul>\n\n\n\n<h2 class=\"wp-block-heading\">A abordagem SIS para pesquisa de mercado de pagamentos<\/h2>\n\n\n\n<p>No <a href=\"https:\/\/www.linkedin.com\/company\/sisinternationalresearch\/posts\/?feedView=all\" target=\"_blank\" rel=\"noopener\">SIS<\/a>, we leverage our industry expertise and analytical prowess to deliver payments market research that addresses our clients&#8217; unique challenges and opportunities. Our approach is rooted in a commitment to providing strategic value, ensuring our clients can confidently navigate market complexities.<\/p>\n\n\n\n<ul class=\"wp-block-list\">\n<li><strong>Projeto de pesquisa personalizado:<\/strong> SIS begins with a tailored research design by recognizing each client&#8217;s unique needs and objectives.\u00a0<\/li>\n\n\n\n<li><strong>Coleta de dados abrangente:<\/strong> SIS employs a holistic data collection strategy, utilizing primary and secondary research methods.\u00a0<\/li>\n\n\n\n<li><strong>T\u00e9cnicas Anal\u00edticas Avan\u00e7adas:<\/strong> Utilizando plataformas de an\u00e1lise de dados e m\u00e9todos estat\u00edsticos de \u00faltima gera\u00e7\u00e3o, analisamos os dados coletados para identificar tend\u00eancias subjacentes, din\u00e2micas de mercado e prefer\u00eancias do consumidor. Nosso processo anal\u00edtico foi projetado para ir al\u00e9m dos insights superficiais, revelando as implica\u00e7\u00f5es estrat\u00e9gicas dos movimentos do mercado e dos avan\u00e7os tecnol\u00f3gicos.<\/li>\n\n\n\n<li><strong>Recomenda\u00e7\u00f5es Estrat\u00e9gicas:<\/strong> The culmination of our research is a set of strategic recommendations tailored to our clients&#8217; specific context and objectives. These recommendations are actionable, grounded in data, and aimed at guiding decision-making, enhancing market positioning, and driving growth.<\/li>\n\n\n\n<li><strong>Suporte e consulta cont\u00ednuos:<\/strong> We view market research as a continuous process, integral to strategic planning and operational success. SIS provides continuing support and consultation to our clients, helping them adapt to new developments, respond to market shifts, and maintain a competitive edge over time.<\/li>\n<\/ul>\n\n\n\n<h2 class=\"wp-block-heading\">Localiza\u00e7\u00e3o de nossas instala\u00e7\u00f5es em Nova York<\/h2>\n\n\n\n<p>  <iframe loading=\"lazy\" src=\"https:\/\/www.google.com\/maps\/embed?pb=!1m18!1m12!1m3!1d3022.976188376966!2d-73.99130312499956!3d40.740549471389315!2m3!1f0!2f0!3f0!3m2!1i1024!2i768!4f13.1!3m3!1m2!1s0x89c259a15798c731%3A0xd695d09bdd495f25!2s11%20E%2022nd%20St%20FL%202%2C%20New%20York%2C%20NY%2010010%2C%20USA!5e0!3m2!1sen!2spe!4v1726171763526!5m2!1sen!2spe\" width=\"600\" height=\"450\" allowfullscreen=\"allowfullscreen\" data-mce-fragment=\"1\"><\/iframe>  <\/p>\n\n\n\n<h3 class=\"wp-block-heading\">11 E 22nd Street, 2\u00ba andar, Nova York, NY 10010 T: +1(212) 505-6805<\/h3>\n\n\n\n<hr class=\"wp-block-separator has-alpha-channel-opacity\"\/>\n\n\n\n<h2 class=\"wp-block-heading\"><span style=\"font-weight: 400;\">Sobre SIS Internacional<\/span><\/h2>\n\n\n\n<p><a href=\"https:\/\/www.sisinternational.com\/pt\/\"><span style=\"font-weight: 400;\">SIS Internacional<\/span><\/a><span style=\"font-weight: 400;\"> oferece pesquisa quantitativa, qualitativa e estrat\u00e9gica. Fornecemos dados, ferramentas, estrat\u00e9gias, relat\u00f3rios e insights para a tomada de decis\u00f5es. Tamb\u00e9m realizamos entrevistas, pesquisas, grupos focais e outros m\u00e9todos e abordagens de Pesquisa de Mercado.<\/span><a href=\"https:\/\/www.sisinternational.com\/pt\/sobre-a-sis-international-research\/contact-sis-international-market-research\/\"><span style=\"font-weight: 400;\"> Entre em contato conosco<\/span><\/a><span style=\"font-weight: 400;\"> para o seu pr\u00f3ximo projeto de pesquisa de mercado.<\/span><\/p>","protected":false},"excerpt":{"rendered":"<p>A pesquisa de mercado de pagamentos \u00e9 uma an\u00e1lise abrangente de como as transa\u00e7\u00f5es s\u00e3o conduzidas entre compradores, vendedores e m\u00e9todos de pagamento em evolu\u00e7\u00e3o.<\/p>","protected":false},"author":1,"featured_media":71788,"parent":27462,"menu_order":62,"comment_status":"closed","ping_status":"closed","template":"","meta":{"footnotes":""},"class_list":["post-46233","page","type-page","status-publish","has-post-thumbnail"],"_links":{"self":[{"href":"https:\/\/www.sisinternational.com\/pt\/wp-json\/wp\/v2\/pages\/46233","targetHints":{"allow":["GET"]}}],"collection":[{"href":"https:\/\/www.sisinternational.com\/pt\/wp-json\/wp\/v2\/pages"}],"about":[{"href":"https:\/\/www.sisinternational.com\/pt\/wp-json\/wp\/v2\/types\/page"}],"author":[{"embeddable":true,"href":"https:\/\/www.sisinternational.com\/pt\/wp-json\/wp\/v2\/users\/1"}],"replies":[{"embeddable":true,"href":"https:\/\/www.sisinternational.com\/pt\/wp-json\/wp\/v2\/comments?post=46233"}],"version-history":[{"count":10,"href":"https:\/\/www.sisinternational.com\/pt\/wp-json\/wp\/v2\/pages\/46233\/revisions"}],"predecessor-version":[{"id":80117,"href":"https:\/\/www.sisinternational.com\/pt\/wp-json\/wp\/v2\/pages\/46233\/revisions\/80117"}],"up":[{"embeddable":true,"href":"https:\/\/www.sisinternational.com\/pt\/wp-json\/wp\/v2\/pages\/27462"}],"wp:featuredmedia":[{"embeddable":true,"href":"https:\/\/www.sisinternational.com\/pt\/wp-json\/wp\/v2\/media\/71788"}],"wp:attachment":[{"href":"https:\/\/www.sisinternational.com\/pt\/wp-json\/wp\/v2\/media?parent=46233"}],"curies":[{"name":"wp","href":"https:\/\/api.w.org\/{rel}","templated":true}]}}