{"id":46225,"date":"2024-02-22T14:20:18","date_gmt":"2024-02-22T19:20:18","guid":{"rendered":"https:\/\/www.sisinternational.com\/?page_id=46225"},"modified":"2026-01-25T18:39:34","modified_gmt":"2026-01-25T23:39:34","slug":"consultoria-de-roadshows-sem-acordo","status":"publish","type":"page","link":"https:\/\/www.sisinternational.com\/pt\/solucoes\/pesquisa-de-consultoria-em-estrategia-fintech\/consultoria-de-roadshows-sem-acordo\/","title":{"rendered":"Consultoria de Roadshows N\u00e3o-Deal"},"content":{"rendered":"<h1 class=\"wp-block-heading\">Consultoria de Roadshows N\u00e3o-Deal<\/h1>\n\n\n\n<figure class=\"gb-block-image gb-block-image-1cc06e5e\"><img loading=\"lazy\" decoding=\"async\" width=\"1456\" height=\"816\" class=\"gb-image gb-image-1cc06e5e\" src=\"https:\/\/www.sisinternational.com\/wp-content\/uploads\/2025\/10\/Non-Deal-Roadshows-1.jpg\" alt=\"Pesquisa e Estrat\u00e9gia de Mercado Internacional da SIS\" title=\"Non-Deal Roadshows (1)\" srcset=\"https:\/\/www.sisinternational.com\/wp-content\/uploads\/2025\/10\/Non-Deal-Roadshows-1.jpg 1456w, https:\/\/www.sisinternational.com\/wp-content\/uploads\/2025\/10\/Non-Deal-Roadshows-1-300x168.jpg 300w, https:\/\/www.sisinternational.com\/wp-content\/uploads\/2025\/10\/Non-Deal-Roadshows-1-1024x574.jpg 1024w, https:\/\/www.sisinternational.com\/wp-content\/uploads\/2025\/10\/Non-Deal-Roadshows-1-768x430.jpg 768w, https:\/\/www.sisinternational.com\/wp-content\/uploads\/2025\/10\/Non-Deal-Roadshows-1-18x10.jpg 18w\" sizes=\"auto, (max-width: 1456px) 100vw, 1456px\"><\/figure>\n\n\n\n<p><\/p>\n\n\n\n<hr class=\"wp-block-separator has-alpha-channel-opacity\"\/>\n\n\n\n<p>Nas finan\u00e7as corporativas e nas rela\u00e7\u00f5es com investidores, a orquestra\u00e7\u00e3o estrat\u00e9gica de um non-deal roadshow (NDR) pode ampliar significativamente a presen\u00e7a de uma empresa no mercado e o envolvimento dos investidores... Mas, voc\u00ea j\u00e1 considerou a estrat\u00e9gia diferenciada e o planejamento meticuloso que sustentam um NDR bem-sucedido? A consultoria de non-deal roadshows, ou consultoria NDRs, \u00e9 um servi\u00e7o vital para empresas que pretendem navegar eficazmente neste cen\u00e1rio complexo, garantindo que cada intera\u00e7\u00e3o com investidores fortalece a sua posi\u00e7\u00e3o no mercado e constr\u00f3i relacionamentos de longo prazo.<\/p>\n\n\n\n<h2 class=\"wp-block-heading\">O que \u00e9 consultoria Non-Deal Roadshows?<\/h2>\n\n\n\n<p>A consultoria de non-deal roadshows auxilia as empresas no planejamento, organiza\u00e7\u00e3o e execu\u00e7\u00e3o de non-deal roadshows. Esses roadshows s\u00e3o iniciativas estrat\u00e9gicas que as empresas realizam para interagir com investidores atuais e potenciais sem a inten\u00e7\u00e3o imediata de levantar capital ou fechar um neg\u00f3cio.<\/p>\n\n\n\n<p>NDRs consulting focuses on developing a <a href=\"https:\/\/www.sisinternational.com\/pt\/pericia\/industrias\/dei-consultoria-de-comunicacao\/\" title=\"Consultoria de Comunica\u00e7\u00e3o DEI\"  data-wpil-monitor-id=\"5045\">roadshow<\/a> agenda that aligns with the company&#8217;s broader investor relations and corporate communication goals. It involves identifying key markets and investors, crafting compelling narratives around the company&#8217;s vision, performance, and strategic direction, and organizing meetings and presentations that effectively convey these messages to the investment community. The ultimate goal is to enhance the company&#8217;s visibility among investors, provide updates on corporate developments, and foster ongoing dialogue with the financial community.<\/p>\n\n\n\n<h2 class=\"wp-block-heading\">Por que as empresas precisam de consultoria Non-Deal Roadshow<\/h2>\n\n\n\n<p>Os NDRs fornecem uma plataforma para as empresas interagirem diretamente com investidores, analistas e institui\u00e7\u00f5es financeiras, sem a press\u00e3o de um neg\u00f3cio pendente ou aumento de capital. Portanto, a consultoria NDRs ajuda as empresas a planejar estrategicamente esses compromissos para garantir que encontrem a combina\u00e7\u00e3o certa de investidores atuais e potenciais, maximizando o impacto do roadshow nas rela\u00e7\u00f5es com investidores e na percep\u00e7\u00e3o do mercado.<\/p>\n\n\n\n<p>Os consultores da NDR auxiliam na elabora\u00e7\u00e3o e no refinamento da narrativa corporativa para garantir que ela ressoe na comunidade de investimentos, transmitindo de forma eficaz a proposta de valor da empresa e as perspectivas de crescimento futuro. Al\u00e9m disso, a consultoria non-deal roadshows garante que todos os aspectos do roadshow, desde a sele\u00e7\u00e3o das cidades at\u00e9 ao conte\u00fado da apresenta\u00e7\u00e3o, contribuem para um posicionamento de mercado positivo e coerente.<\/p>\n\n\n\n<p>Al\u00e9m disso, os consultores podem facilitar a recolha de insights de investidores e analistas, proporcionando \u00e0s empresas uma perspectiva externa sobre o seu desempenho, reputa\u00e7\u00e3o no mercado e posicionamento competitivo. No entanto, a consultoria de non-deal roadshows apresenta muitos outros benef\u00edcios para as empresas, incluindo:<\/p>\n\n\n\n<ul class=\"wp-block-list\">\n<li><strong>Segmenta\u00e7\u00e3o Estrat\u00e9gica de Investidores:<\/strong> A consultoria de NDRs permite um direcionamento preciso de investidores atuais e potenciais. Os consultores ajudam a identificar e priorizar reuni\u00f5es com investidores com interesse genu\u00edno ou potencial na empresa, garantindo que os esfor\u00e7os do roadshow sejam focados e produtivos.<\/li>\n\n\n\n<li><strong>Melhor percep\u00e7\u00e3o do mercado:<\/strong> Atrav\u00e9s de NDR cuidadosamente planeadas, as empresas podem melhorar significativamente a sua perce\u00e7\u00e3o entre a comunidade de investidores. Os consultores orientam a transmiss\u00e3o eficaz das principais mensagens, conquistas e planos, o que contribui para uma imagem de mercado mais positiva e robusta.<\/li>\n\n\n\n<li><strong>Planejamento e execu\u00e7\u00e3o eficiente de Roadshow:<\/strong> A consultoria de roadshows n\u00e3o negociados oferece suporte abrangente no planejamento e execu\u00e7\u00e3o de roadshows, desde o agendamento de reuni\u00f5es e sele\u00e7\u00e3o de locais at\u00e9 a organiza\u00e7\u00e3o de viagens. Essa efici\u00eancia operacional permite que os executivos da empresa se concentrem em sua mensagem principal e nas intera\u00e7\u00f5es com os investidores.<\/li>\n\n\n\n<li><strong>Valiosos insights e feedback do mercado:<\/strong> Os consultores podem facilitar a coleta de feedback e insights dos investidores durante o roadshow. Esta informa\u00e7\u00e3o valiosa d\u00e1 \u00e0s empresas uma perspectiva externa sobre o seu desempenho, estrat\u00e9gia e posicionamento de mercado, informando futuras rela\u00e7\u00f5es com investidores e estrat\u00e9gias de neg\u00f3cios.<\/li>\n\n\n\n<li><strong>Constru\u00e7\u00e3o de relacionamento de longo prazo:<\/strong> Non-deal roadshows consulting helps ensure meaningful and effective interactions, laying the foundation for ongoing dialogue and investor engagement.<\/li>\n\n\n\n<li><strong>Mitiga\u00e7\u00e3o de riscos e conformidade:<\/strong> A consultoria de NDRs garante que todos os materiais e discuss\u00f5es estejam em conformidade com as regulamenta\u00e7\u00f5es de valores mobili\u00e1rios, mitigando riscos potenciais associados a divulga\u00e7\u00f5es financeiras e declara\u00e7\u00f5es prospectivas.<\/li>\n<\/ul>\n\n\n\n<h2 class=\"wp-block-heading\">Fatores Cr\u00edticos de Sucesso para uma Consultoria Non-Deal Roadshow bem-sucedida<\/h2>\n\n\n\n<figure class=\"gb-block-image gb-block-image-e9facfb9\"><img loading=\"lazy\" decoding=\"async\" width=\"1456\" height=\"816\" class=\"gb-image gb-image-e9facfb9\" src=\"https:\/\/www.sisinternational.com\/wp-content\/uploads\/2025\/10\/Non-Deal-Roadshows-3.jpg\" alt=\"Pesquisa e Estrat\u00e9gia de Mercado Internacional da SIS\" title=\"Non-Deal Roadshows (3)\" srcset=\"https:\/\/www.sisinternational.com\/wp-content\/uploads\/2025\/10\/Non-Deal-Roadshows-3.jpg 1456w, https:\/\/www.sisinternational.com\/wp-content\/uploads\/2025\/10\/Non-Deal-Roadshows-3-300x168.jpg 300w, https:\/\/www.sisinternational.com\/wp-content\/uploads\/2025\/10\/Non-Deal-Roadshows-3-1024x574.jpg 1024w, https:\/\/www.sisinternational.com\/wp-content\/uploads\/2025\/10\/Non-Deal-Roadshows-3-768x430.jpg 768w, https:\/\/www.sisinternational.com\/wp-content\/uploads\/2025\/10\/Non-Deal-Roadshows-3-18x10.jpg 18w\" sizes=\"auto, (max-width: 1456px) 100vw, 1456px\"><\/figure>\n\n\n\n<p><\/p>\n\n\n\n<p>Alcan\u00e7ar o sucesso na consultoria de NDRs requer uma abordagem estrat\u00e9gica que abranja v\u00e1rios fatores-chave. Estes factores cr\u00edticos de sucesso asseguram que o NDR comunica eficazmente a proposta de valor da empresa \u00e0 comunidade de investimentos, fortalece as rela\u00e7\u00f5es com os investidores e apoia os objectivos empresariais a longo prazo.<\/p>\n\n\n\n<ul class=\"wp-block-list\">\n<li><strong>Compreens\u00e3o aprofundada da estrat\u00e9gia e dos objetivos da empresa:<\/strong> O sucesso come\u00e7a com uma compreens\u00e3o profunda dos objetivos estrat\u00e9gicos da empresa, do desempenho financeiro e dos planos de crescimento futuro. Esse conhecimento fundamental permite que os consultores da NDR adaptem o roadshow para refletir a proposta de valor exclusiva da empresa e as oportunidades de investimento.<\/li>\n\n\n\n<li><strong>Identifica\u00e7\u00e3o e envolvimento do investidor alvo:<\/strong> A successful non-deal roadshow consulting strategy involves thorough research to pinpoint investors most likely to be interested in the company&#8217;s story. This ensures that roadshow meetings are productive and aligned with investor interests.<\/li>\n\n\n\n<li><strong>Comunica\u00e7\u00e3o e acompanhamento eficazes:<\/strong> A comunica\u00e7\u00e3o eficaz antes, durante e depois da NDR \u00e9 vital para construir e manter relacionamentos com investidores. Isto inclui comunica\u00e7\u00f5es de acompanhamento oportunas e informativas que refor\u00e7am as mensagens principais e abordam quaisquer quest\u00f5es ou preocupa\u00e7\u00f5es levantadas durante as reuni\u00f5es.<\/li>\n\n\n\n<li><strong>Ciclo de Feedback Cont\u00ednuo e Adapta\u00e7\u00e3o:<\/strong> A critical success factor is incorporating feedback from investors and adapting the roadshow approach as necessary. This ongoing evaluation process allows for the refinement of messaging and strategy, ensuring that the NDR remains effective and relevant.<\/li>\n\n\n\n<li><strong>Conformidade e ades\u00e3o regulat\u00f3ria:<\/strong> Garantir que todos os aspectos da NDR cumpram os regulamentos de valores mobili\u00e1rios aplic\u00e1veis e os requisitos de divulga\u00e7\u00e3o n\u00e3o \u00e9 negoci\u00e1vel. Isto inclui a revis\u00e3o cuidadosa dos materiais de apresenta\u00e7\u00e3o e das comunica\u00e7\u00f5es para evitar a divulga\u00e7\u00e3o de informa\u00e7\u00f5es confidenciais ou n\u00e3o p\u00fablicas.<\/li>\n<\/ul>\n\n\n\n<h2 class=\"wp-block-heading\">A abordagem SIS para consultoria Non-Deal Roadshow<\/h2>\n\n\n\n<p>A abordagem da SIS \u00e0 consultoria non-deal roadshow \u00e9 caracterizada por uma metodologia personalizada e orientada para resultados que visa maximizar os benef\u00edcios estrat\u00e9gicos das NDRs para os nossos clientes. Essa abordagem abrangente abrange etapas detalhadas de planejamento, execu\u00e7\u00e3o e acompanhamento, garantindo que cada NDR n\u00e3o seja apenas um evento, mas um momento crucial na estrat\u00e9gia de rela\u00e7\u00f5es com investidores da empresa. Veja como a SIS oferece servi\u00e7os de consultoria de NDR impactantes:<\/p>\n\n\n\n<ul class=\"wp-block-list\">\n<li><strong>Desenvolvimento de estrat\u00e9gia sob medida:<\/strong> At SIS, we begin by examining the client&#8217;s business objectives, financial performance, and investor relations goals in depth. This initial assessment forms the basis for developing a tailored NDR strategy that aligns with the company&#8217;s broader corporate strategy and targets the most relevant investor audiences.<\/li>\n\n\n\n<li><strong>Identifica\u00e7\u00e3o do Investidor Alvo:<\/strong> Aproveitando a nossa extensa rede e an\u00e1lises sofisticadas, identificamos e priorizamos potenciais investidores com maior probabilidade de se interessarem pela hist\u00f3ria da empresa. Esta abordagem direcionada garante que o NDR atinge de forma eficiente a combina\u00e7\u00e3o certa de investidores atuais e potenciais, aumentando a efic\u00e1cia dos esfor\u00e7os de envolvimento.<\/li>\n\n\n\n<li><strong>Mensagens atraentes e prepara\u00e7\u00e3o de materiais:<\/strong> Nossa equipe trabalha em estreita colabora\u00e7\u00e3o com os clientes para desenvolver mensagens atraentes e materiais de apresenta\u00e7\u00e3o de alta qualidade que articulem claramente a proposta de valor, a dire\u00e7\u00e3o estrat\u00e9gica e os destaques de investimento da empresa. Esta prepara\u00e7\u00e3o \u00e9 fundamental para causar uma forte impress\u00e3o nos investidores e comunicar eficazmente as mensagens principais.<\/li>\n\n\n\n<li><strong>Planejamento Log\u00edstico Rigoroso:<\/strong> A SIS gerencia todos os aspectos log\u00edsticos do roadshow, desde o agendamento de reuni\u00f5es e sele\u00e7\u00e3o de locais at\u00e9 a coordena\u00e7\u00e3o de planos de viagem. Nosso planejamento meticuloso garante uma experi\u00eancia perfeita para representantes de empresas e investidores.<\/li>\n\n\n\n<li><strong>Execu\u00e7\u00e3o e Suporte:<\/strong> During the NDR, SIS provides on-the-ground support to ensure the roadshow runs smoothly and promptly addresses any issues. Our team assists with presentation delivery, Q&amp;A preparation, and investor interaction, ensuring that company executives can focus on building meaningful relationships with investors.<\/li>\n\n\n\n<li><strong>An\u00e1lise e feedback p\u00f3s-roadshow:<\/strong> Ap\u00f3s a NDR, o SIS analisa de forma abrangente o impacto do roadshow, incluindo o feedback dos investidores, os resultados das reuni\u00f5es e a efic\u00e1cia geral. Este relat\u00f3rio p\u00f3s-roadshow fornece informa\u00e7\u00f5es valiosas que podem informar futuras estrat\u00e9gias de rela\u00e7\u00f5es com investidores e iniciativas de roadshow.<\/li>\n\n\n\n<li><strong>Melhoria Cont\u00ednua e Assessoria Estrat\u00e9gica:<\/strong> Nosso envolvimento n\u00e3o termina com o roadshow. A SIS oferece consultoria estrat\u00e9gica cont\u00ednua para ajudar os clientes a integrar os insights e relacionamentos desenvolvidos durante a NDR em sua estrat\u00e9gia de rela\u00e7\u00f5es com investidores de longo prazo. Apoiamos esfor\u00e7os de melhoria cont\u00ednua, garantindo que cada NDR se baseie no sucesso dos anteriores.<\/li>\n<\/ul>\n\n\n\n<h2 class=\"wp-block-heading\">Oportunidades em consultoria Non-Deal Roadshow<\/h2>\n\n\n\n<figure class=\"gb-block-image gb-block-image-ce715558\"><img loading=\"lazy\" decoding=\"async\" width=\"1456\" height=\"816\" class=\"gb-image gb-image-ce715558\" src=\"https:\/\/www.sisinternational.com\/wp-content\/uploads\/2025\/10\/Non-Deal-Roadshows-2.jpg\" alt=\"Pesquisa e Estrat\u00e9gia de Mercado Internacional da SIS\" title=\"Non-Deal Roadshows (2)\" srcset=\"https:\/\/www.sisinternational.com\/wp-content\/uploads\/2025\/10\/Non-Deal-Roadshows-2.jpg 1456w, https:\/\/www.sisinternational.com\/wp-content\/uploads\/2025\/10\/Non-Deal-Roadshows-2-300x168.jpg 300w, https:\/\/www.sisinternational.com\/wp-content\/uploads\/2025\/10\/Non-Deal-Roadshows-2-1024x574.jpg 1024w, https:\/\/www.sisinternational.com\/wp-content\/uploads\/2025\/10\/Non-Deal-Roadshows-2-768x430.jpg 768w, https:\/\/www.sisinternational.com\/wp-content\/uploads\/2025\/10\/Non-Deal-Roadshows-2-18x10.jpg 18w\" sizes=\"auto, (max-width: 1456px) 100vw, 1456px\"><\/figure>\n\n\n\n<p><\/p>\n\n\n\n<p>A consultoria de non-deal roadshows apresenta muitas oportunidades para as empresas aprofundarem o seu envolvimento com a comunidade de investimentos, refinarem o seu posicionamento no mercado e articularem de forma convincente a sua vis\u00e3o estrat\u00e9gica. Essa forma especializada de consultoria abre portas para compromissos estrat\u00e9gicos que podem influenciar significativamente a percep\u00e7\u00e3o de uma empresa entre investidores e analistas.<\/p>\n\n\n\n<ul class=\"wp-block-list\">\n<li><strong>Oportunidade de intera\u00e7\u00e3o personalizada:<\/strong> A consultoria de non-deal roadshows facilita o envolvimento direto e personalizado com os principais investidores e analistas, oferecendo uma plataforma para construir e fortalecer relacionamentos, responder a d\u00favidas em tempo real e apresentar a vis\u00e3o e estrat\u00e9gia da empresa em primeira m\u00e3o.<\/li>\n\n\n\n<li><strong>Elaborando uma narrativa convincente:<\/strong> Os consultores auxiliam no desenvolvimento de uma narrativa estrat\u00e9gica que destaca os pontos fortes, conquistas e perspectivas da empresa. Esta oportunidade permite que as empresas controlem a sua hist\u00f3ria, garantindo que os investidores recebam uma mensagem coerente e persuasiva sobre a proposta de valor da empresa.<\/li>\n\n\n\n<li><strong>Valiosa intelig\u00eancia de mercado:<\/strong> As NDRs oferecem uma oportunidade \u00fanica de coletar insights e feedback diretamente da comunidade de investimentos. Esta intelig\u00eancia pode informar decis\u00f5es estrat\u00e9gicas, atividades de rela\u00e7\u00f5es com investidores e estrat\u00e9gias de comunica\u00e7\u00e3o futuras.<\/li>\n\n\n\n<li><strong>Expandindo o pool de investidores:<\/strong> Ao chegar a potenciais investidores em diferentes regi\u00f5es e focos de investimento, a consultoria da NDR ajuda as empresas a diversificar a sua base de investidores, reduzindo a depend\u00eancia de um grupo limitado de investidores e melhorando a estabilidade do mercado.<\/li>\n\n\n\n<li><strong>Aumentando a visibilidade corporativa:<\/strong> NDRs bem-sucedidos podem aumentar significativamente a visibilidade de uma empresa nos mercados financeiros, melhorando o reconhecimento da marca e tornando a empresa mais atraente para uma gama mais ampla de investidores.<\/li>\n<\/ul>\n\n\n\n<h2 class=\"wp-block-heading\">Localiza\u00e7\u00e3o de nossas instala\u00e7\u00f5es em Nova York<\/h2>\n\n\n\n<p>  <iframe loading=\"lazy\" src=\"https:\/\/www.google.com\/maps\/embed?pb=!1m18!1m12!1m3!1d3022.976188376966!2d-73.99130312499956!3d40.740549471389315!2m3!1f0!2f0!3f0!3m2!1i1024!2i768!4f13.1!3m3!1m2!1s0x89c259a15798c731%3A0xd695d09bdd495f25!2s11%20E%2022nd%20St%20FL%202%2C%20New%20York%2C%20NY%2010010%2C%20USA!5e0!3m2!1sen!2spe!4v1726171763526!5m2!1sen!2spe\" width=\"600\" height=\"450\" allowfullscreen=\"allowfullscreen\" data-mce-fragment=\"1\"><\/iframe>  <\/p>\n\n\n\n<h3 class=\"wp-block-heading\">11 E 22nd Street, 2\u00ba andar, Nova York, NY 10010 T: +1(212) 505-6805<\/h3>\n\n\n\n<hr class=\"wp-block-separator has-alpha-channel-opacity\"\/>\n\n\n\n<h2 class=\"wp-block-heading\"><span style=\"font-weight: 400;\">Sobre SIS Internacional<\/span><\/h2>\n\n\n\n<p><a href=\"https:\/\/www.sisinternational.com\/pt\/\"><span style=\"font-weight: 400;\">SIS Internacional<\/span><\/a><span style=\"font-weight: 400;\"> oferece pesquisa quantitativa, qualitativa e estrat\u00e9gica. Fornecemos dados, ferramentas, estrat\u00e9gias, relat\u00f3rios e insights para a tomada de decis\u00f5es. Tamb\u00e9m realizamos entrevistas, pesquisas, grupos focais e outros m\u00e9todos e abordagens de Pesquisa de Mercado.<\/span><a href=\"https:\/\/www.sisinternational.com\/pt\/sobre-a-sis-international-research\/contact-sis-international-market-research\/\"><span style=\"font-weight: 400;\"> Entre em contato conosco<\/span><\/a><span style=\"font-weight: 400;\"> para o seu pr\u00f3ximo projeto de pesquisa de mercado.<\/span><\/p>\n\n\n\n<p><\/p>\n\n\n\n<p><\/p>","protected":false},"excerpt":{"rendered":"<p>A consultoria de non-deal roadshows ajuda as empresas com iniciativas estrat\u00e9gicas a interagir com investidores sem levantar capital ou fechar um neg\u00f3cio.<\/p>","protected":false},"author":1,"featured_media":71771,"parent":27462,"menu_order":63,"comment_status":"closed","ping_status":"closed","template":"","meta":{"footnotes":""},"class_list":["post-46225","page","type-page","status-publish","has-post-thumbnail"],"_links":{"self":[{"href":"https:\/\/www.sisinternational.com\/pt\/wp-json\/wp\/v2\/pages\/46225","targetHints":{"allow":["GET"]}}],"collection":[{"href":"https:\/\/www.sisinternational.com\/pt\/wp-json\/wp\/v2\/pages"}],"about":[{"href":"https:\/\/www.sisinternational.com\/pt\/wp-json\/wp\/v2\/types\/page"}],"author":[{"embeddable":true,"href":"https:\/\/www.sisinternational.com\/pt\/wp-json\/wp\/v2\/users\/1"}],"replies":[{"embeddable":true,"href":"https:\/\/www.sisinternational.com\/pt\/wp-json\/wp\/v2\/comments?post=46225"}],"version-history":[{"count":10,"href":"https:\/\/www.sisinternational.com\/pt\/wp-json\/wp\/v2\/pages\/46225\/revisions"}],"predecessor-version":[{"id":78954,"href":"https:\/\/www.sisinternational.com\/pt\/wp-json\/wp\/v2\/pages\/46225\/revisions\/78954"}],"up":[{"embeddable":true,"href":"https:\/\/www.sisinternational.com\/pt\/wp-json\/wp\/v2\/pages\/27462"}],"wp:featuredmedia":[{"embeddable":true,"href":"https:\/\/www.sisinternational.com\/pt\/wp-json\/wp\/v2\/media\/71771"}],"wp:attachment":[{"href":"https:\/\/www.sisinternational.com\/pt\/wp-json\/wp\/v2\/media?parent=46225"}],"curies":[{"name":"wp","href":"https:\/\/api.w.org\/{rel}","templated":true}]}}