{"id":46220,"date":"2024-02-22T14:24:57","date_gmt":"2024-02-22T19:24:57","guid":{"rendered":"https:\/\/www.sisinternational.com\/?page_id=46220"},"modified":"2026-01-26T17:53:17","modified_gmt":"2026-01-26T22:53:17","slug":"consultoria-go-to-market-de-fintech","status":"publish","type":"page","link":"https:\/\/www.sisinternational.com\/pt\/solucoes\/pesquisa-de-consultoria-em-estrategia-fintech\/consultoria-go-to-market-de-fintech\/","title":{"rendered":"Consultoria FinTech Go-To-Market"},"content":{"rendered":"<h1 class=\"wp-block-heading\">Consultoria FinTech Go-To-Market<\/h1>\n\n\n\n<figure class=\"gb-block-image gb-block-image-d48ffb7e\"><img loading=\"lazy\" decoding=\"async\" width=\"1456\" height=\"816\" class=\"gb-image gb-image-d48ffb7e\" src=\"https:\/\/www.sisinternational.com\/wp-content\/uploads\/2025\/09\/Fintech-5.jpg\" alt=\"Pesquisa e Estrat\u00e9gia de Mercado Internacional da SIS\" title=\"Fintech (5)\" srcset=\"https:\/\/www.sisinternational.com\/wp-content\/uploads\/2025\/09\/Fintech-5.jpg 1456w, https:\/\/www.sisinternational.com\/wp-content\/uploads\/2025\/09\/Fintech-5-300x168.jpg 300w, https:\/\/www.sisinternational.com\/wp-content\/uploads\/2025\/09\/Fintech-5-1024x574.jpg 1024w, https:\/\/www.sisinternational.com\/wp-content\/uploads\/2025\/09\/Fintech-5-768x430.jpg 768w, https:\/\/www.sisinternational.com\/wp-content\/uploads\/2025\/09\/Fintech-5-18x10.jpg 18w\" sizes=\"auto, (max-width: 1456px) 100vw, 1456px\"><\/figure>\n\n\n\n<p><\/p>\n\n\n\n<hr class=\"wp-block-separator has-alpha-channel-opacity\"\/>\n\n\n\n<p>FinTech go-to-market consulting emerges as the critical catalyst for success, offering a strategic roadmap for navigating the complexities of market entry and scaling in the rapidly evolving FinTech ecosystem.&nbsp;<\/p>\n\n\n\n<h2 class=\"wp-block-heading\">Compreendendo a consultoria FinTech Go-To-Market<\/h2>\n\n\n\n<p><a href=\"https:\/\/sisaisolutions.com\/application-of-ai-in-fintech\/\" target=\"_blank\" rel=\"noopener\">FinTech go-to-market consulting<\/a> helps FinTech companies and financial institutions launch and scale their innovative products and services strategically. This consulting offers a deep understanding of the FinTech landscape, including customer behaviors, regulatory challenges, competitive dynamics, and technological advancements.<\/p>\n\n\n\n<p>Consultants leverage this knowledge to guide FinTech firms through the complexities of market entry, from identifying the most viable customer segments and developing compelling value propositions to selecting the optimal channels for customer engagement and conversion.<\/p>\n\n\n\n<h2 class=\"wp-block-heading\">Por que as empresas precisam de consultoria FinTech Go-To-Market<\/h2>\n\n\n\n<p>A consultoria de entrada no mercado da FinTech ajuda as empresas a se manterem \u00e0 frente das tend\u00eancias, garantindo que suas ofertas estejam alinhadas com as demandas do mercado e preparadas para o sucesso. Al\u00e9m disso, esta consultoria fornece insights sobre como navegar nesses cen\u00e1rios regulat\u00f3rios, garantindo que os produtos e servi\u00e7os atendam a todos os requisitos legais e, ao mesmo tempo, otimizando a entrada e o crescimento no mercado.<\/p>\n\n\n\n<p>Compreender e alcan\u00e7ar os segmentos certos de clientes \u00e9 fundamental na ind\u00fastria FinTech. A consultoria go-to-market ajuda a definir estrat\u00e9gias de marketing e vendas direcionadas que atraem e ret\u00eam clientes de maneira eficaz, impulsionando o crescimento e construindo uma base de usu\u00e1rios fi\u00e9is.<\/p>\n\n\n\n<p>Al\u00e9m disso, para as empresas FinTech que procuram expandir-se ou expandir-se internacionalmente, os consultores oferecem estrat\u00e9gias para superar barreiras de entrada, adaptar-se aos mercados locais e gerir complexidades operacionais, permitindo uma expans\u00e3o bem-sucedida e uma penetra\u00e7\u00e3o no mercado global.<\/p>\n\n\n\n<h2 class=\"wp-block-heading\">Quais s\u00e3o os benef\u00edcios da consultoria FinTech Go-To-Market?<\/h2>\n\n\n\n<figure class=\"gb-block-image gb-block-image-047dc766\"><img loading=\"lazy\" decoding=\"async\" width=\"1456\" height=\"816\" class=\"gb-image gb-image-047dc766\" src=\"https:\/\/www.sisinternational.com\/wp-content\/uploads\/2025\/10\/SME-Fintech-3.jpg\" alt=\"Pesquisa e Estrat\u00e9gia de Mercado Internacional da SIS\" title=\"SME Fintech (3)\" srcset=\"https:\/\/www.sisinternational.com\/wp-content\/uploads\/2025\/10\/SME-Fintech-3.jpg 1456w, https:\/\/www.sisinternational.com\/wp-content\/uploads\/2025\/10\/SME-Fintech-3-300x168.jpg 300w, https:\/\/www.sisinternational.com\/wp-content\/uploads\/2025\/10\/SME-Fintech-3-1024x574.jpg 1024w, https:\/\/www.sisinternational.com\/wp-content\/uploads\/2025\/10\/SME-Fintech-3-768x430.jpg 768w, https:\/\/www.sisinternational.com\/wp-content\/uploads\/2025\/10\/SME-Fintech-3-18x10.jpg 18w\" sizes=\"auto, (max-width: 1456px) 100vw, 1456px\"><\/figure>\n\n\n\n<p><\/p>\n\n\n\n<p>A consultoria de entrada no mercado da FinTech oferece muitos benef\u00edcios estrat\u00e9gicos que facilitam uma entrada bem-sucedida no mercado e estabelecem uma base s\u00f3lida para o crescimento sustentado e a lideran\u00e7a de mercado. Aqui est\u00e3o as principais vantagens de se envolver na consultoria de entrada no mercado da FinTech:<\/p>\n\n\n\n<ul class=\"wp-block-list\">\n<li><strong>Posicionamento aprimorado do produto:<\/strong> Com orienta\u00e7\u00e3o especializada, as empresas podem identificar e articular as suas propostas de valor \u00fanicas, garantindo que os seus produtos se destacam no concorrido espa\u00e7o FinTech. O posicionamento eficaz aumenta a visibilidade e o apelo aos segmentos-alvo de clientes.<\/li>\n\n\n\n<li><strong>Estrat\u00e9gias de lan\u00e7amento otimizadas:<\/strong> FinTech go-to-market consulting helps craft and execute launch strategies that maximize market impact.\u00a0<\/li>\n\n\n\n<li><strong>Tempo de lan\u00e7amento no mercado acelerado:<\/strong> Consulting services can significantly reduce the time it takes for FinTech solutions to reach the market by streamlining the go-to-market process and proactively addressing potential challenges, providing a competitive advantage.<\/li>\n\n\n\n<li><strong>Planejamento de crescimento sustent\u00e1vel:<\/strong> Beyond the initial market entry, FinTech <a href=\"https:\/\/www.sisinternational.com\/pt\/fintech-trends-2025\/\" title=\"FinTech Trends\" data-wpil-monitor-id=\"6641\">go-to-market consulting focuses on long-term growth strategies<\/a>, including scaling operations, expanding into new markets, and continuously innovating to meet evolving customer needs.<\/li>\n\n\n\n<li><strong>Retorno Maximizado do Investimento:<\/strong> Consulting services help maximize the return on investment for FinTech initiatives by aligning go-to-market strategies with market opportunities and optimizing resource allocation, ensuring financial viability and success.<\/li>\n<\/ul>\n\n\n\n<h2 class=\"wp-block-heading\">Resultados esperados de nossos insights de consultoria FinTech Go-To-Market<\/h2>\n\n\n\n<p>Aproveitar os insights da consultoria de entrada no mercado da FinTech pode levar a resultados transformadores para as empresas que desejam lan\u00e7ar ou dimensionar suas solu\u00e7\u00f5es de tecnologia financeira. Ao incorporar aconselhamento estrat\u00e9gico e as melhores pr\u00e1ticas do setor, as empresas podem esperar alcan\u00e7ar resultados importantes, como:<\/p>\n\n\n\n<ul class=\"wp-block-list\">\n<li>Achieving a successful market entry that captures the target audience&#8217;s attention and gains immediate traction.<\/li>\n\n\n\n<li>Estabelecer um forte reconhecimento de marca no espa\u00e7o FinTech, diferenciando a solu\u00e7\u00e3o de neg\u00f3cios dos concorrentes e construindo uma marca que ressoe com os clientes e inspire confian\u00e7a.<\/li>\n\n\n\n<li>Experimente a aquisi\u00e7\u00e3o acelerada de clientes por meio de estrat\u00e9gias de marketing direcionadas, propostas de valor atraentes e canais de distribui\u00e7\u00e3o eficazes que se conectam com seu p\u00fablico e geram convers\u00f5es.<\/li>\n\n\n\n<li>Estabelecendo as bases para escalabilidade e crescimento, com uma estrat\u00e9gia de entrada no mercado que apoia a expans\u00e3o, se adapta \u00e0s mudan\u00e7as do mercado e se adapta ao seu neg\u00f3cio \u00e0 medida que ele cresce.<\/li>\n\n\n\n<li>Establishing a sustainable business model ensures long-term viability, profitability, and relevance in the rapidly evolving FinTech ecosystem.<\/li>\n<\/ul>\n\n\n\n<h2 class=\"wp-block-heading\">A abordagem SIS para consultoria FinTech Go-To-Market<\/h2>\n\n\n\n<p>A abordagem da SIS International para consultoria de entrada no mercado FinTech incorpora uma metodologia abrangente, focada no cliente e orientada por dados. Esta abordagem foi concebida para equipar as empresas FinTech com os conhecimentos, estrat\u00e9gias e ferramentas de que necessitam para lan\u00e7ar e dimensionar com sucesso as suas inova\u00e7\u00f5es no competitivo mercado de servi\u00e7os financeiros. Aqui est\u00e1 uma vis\u00e3o mais detalhada de como o SIS se diferencia na \u00e1rea de consultoria de entrada no mercado da FinTech:<\/p>\n\n\n\n<ul class=\"wp-block-list\">\n<li><strong>Insights de mercado personalizados:<\/strong> SIS begins with an in-depth analysis of the FinTech industry, market trends, customer behaviors, and regulatory landscapes.\u00a0<\/li>\n\n\n\n<li><strong>Planejamento estrat\u00e9gico:<\/strong> SIS crafts a customized go-to-market strategy that aligns with the client&#8217;s business objectives, technological capabilities, and target market needs.\u00a0<\/li>\n\n\n\n<li><strong>Navegando pelos requisitos regulamentares:<\/strong> Recognizing the critical importance of compliance in the FinTech sector, SIS provides expert guidance on navigating complex regulatory environments.\u00a0<\/li>\n\n\n\n<li><strong>Aproveitando os avan\u00e7os tecnol\u00f3gicos:<\/strong> Com um profundo conhecimento das mais recentes inova\u00e7\u00f5es FinTech, a SIS aconselha os clientes na integra\u00e7\u00e3o de tecnologias de ponta que melhoram as ofertas de produtos, melhoram as experi\u00eancias dos clientes e proporcionam uma vantagem competitiva no mercado.<\/li>\n\n\n\n<li><strong>Construindo Relacionamentos com o Cliente:<\/strong> At the heart of the SIS approach is a commitment to creating exceptional customer experiences.\u00a0<\/li>\n\n\n\n<li><strong>Otimiza\u00e7\u00e3o baseada em dados:<\/strong> SIS establishes clear metrics for success and implements mechanisms for tracking performance against these metrics.\u00a0<\/li>\n\n\n\n<li><strong>Apoio Estrat\u00e9gico Cont\u00ednuo:<\/strong> Al\u00e9m da entrada inicial no mercado, a SIS oferece suporte cont\u00ednuo e aconselhamento estrat\u00e9gico aos clientes. Esta parceria de longo prazo garante que as empresas FinTech possam navegar no cen\u00e1rio em evolu\u00e7\u00e3o da ind\u00fastria, aproveitar novas oportunidades e sustentar o crescimento no competitivo ecossistema de servi\u00e7os financeiros.<\/li>\n<\/ul>\n\n\n\n<h2 class=\"wp-block-heading\">Oportunidades em consultoria FinTech Go-To-Market para empresas<\/h2>\n\n\n\n<figure class=\"gb-block-image gb-block-image-eb0d36c3\"><img loading=\"lazy\" decoding=\"async\" width=\"1456\" height=\"816\" class=\"gb-image gb-image-eb0d36c3\" src=\"https:\/\/www.sisinternational.com\/wp-content\/uploads\/2025\/09\/FinTech-Terch-technology-AI-artificial-intelligence-38.jpg\" alt=\"Pesquisa e Estrat\u00e9gia de Mercado Internacional da SIS\" title=\"FinTech Terch technology AI artificial intelligence (38)\" srcset=\"https:\/\/www.sisinternational.com\/wp-content\/uploads\/2025\/09\/FinTech-Terch-technology-AI-artificial-intelligence-38.jpg 1456w, https:\/\/www.sisinternational.com\/wp-content\/uploads\/2025\/09\/FinTech-Terch-technology-AI-artificial-intelligence-38-300x168.jpg 300w, https:\/\/www.sisinternational.com\/wp-content\/uploads\/2025\/09\/FinTech-Terch-technology-AI-artificial-intelligence-38-1024x574.jpg 1024w, https:\/\/www.sisinternational.com\/wp-content\/uploads\/2025\/09\/FinTech-Terch-technology-AI-artificial-intelligence-38-768x430.jpg 768w, https:\/\/www.sisinternational.com\/wp-content\/uploads\/2025\/09\/FinTech-Terch-technology-AI-artificial-intelligence-38-18x10.jpg 18w\" sizes=\"auto, (max-width: 1456px) 100vw, 1456px\"><\/figure>\n\n\n\n<p><\/p>\n\n\n\n<p>O envolvimento na consultoria de entrada no mercado FinTech abre v\u00e1rias oportunidades de neg\u00f3cios no setor FinTech em r\u00e1pida evolu\u00e7\u00e3o. Estas oportunidades facilitam a entrada e expans\u00e3o bem-sucedidas no mercado e permitem que as empresas naveguem pelas complexidades do ecossistema FinTech com eleg\u00e2ncia estrat\u00e9gica. Aqui est\u00e1 uma olhada nas oportunidades transformadoras que surgem com o aproveitamento da consultoria de entrada no mercado da FinTech:<\/p>\n\n\n\n<ul class=\"wp-block-list\">\n<li><strong>Diferencia\u00e7\u00e3o Estrat\u00e9gica de Mercado:<\/strong> Consulting helps businesses identify and articulate their unique selling propositions, enabling them to stand out in a crowded market.\u00a0<\/li>\n\n\n\n<li><strong>Aquisi\u00e7\u00e3o de clientes direcionados:<\/strong> Com insights sobre os comportamentos e prefer\u00eancias dos clientes, as empresas podem adaptar suas estrat\u00e9gias de marketing e produtos para atingir e envolver clientes potenciais de maneira eficaz, levando a taxas de convers\u00e3o mais altas e crescimento acelerado.<\/li>\n\n\n\n<li><strong>Navega\u00e7\u00e3o Regulat\u00f3ria e Conformidade:<\/strong> A ind\u00fastria FinTech \u00e9 fortemente regulamentada e navegar neste ambiente regulat\u00f3rio \u00e9 um desafio significativo. A consultoria de entrada no mercado fornece experi\u00eancia em estrat\u00e9gia de conformidade, garantindo que as empresas evitem armadilhas regulat\u00f3rias e aproveitem os insights regulat\u00f3rios para obter vantagem competitiva.<\/li>\n\n\n\n<li><strong>Estrat\u00e9gias de crescimento escal\u00e1vel:<\/strong> Consultants assist businesses in developing scalable go-to-market plans that support initial market entry and sustainable long-term growth.\u00a0<\/li>\n\n\n\n<li><strong>Desenvolvimento de produtos inovadores:<\/strong> Aproveitando os mais recentes avan\u00e7os tecnol\u00f3gicos, a consultoria go-to-market pode orientar as empresas na inova\u00e7\u00e3o e no refinamento de suas ofertas de produtos para atender \u00e0s necessidades dos mercados emergentes e \u00e0s expectativas dos clientes.<\/li>\n<\/ul>\n\n\n\n<h2 class=\"wp-block-heading\">Localiza\u00e7\u00e3o de nossas instala\u00e7\u00f5es em Nova York<\/h2>\n\n\n\n<p>  <iframe loading=\"lazy\" src=\"https:\/\/www.google.com\/maps\/embed?pb=!1m18!1m12!1m3!1d3022.976188376966!2d-73.99130312499956!3d40.740549471389315!2m3!1f0!2f0!3f0!3m2!1i1024!2i768!4f13.1!3m3!1m2!1s0x89c259a15798c731%3A0xd695d09bdd495f25!2s11%20E%2022nd%20St%20FL%202%2C%20New%20York%2C%20NY%2010010%2C%20USA!5e0!3m2!1sen!2spe!4v1726171763526!5m2!1sen!2spe\" width=\"600\" height=\"450\" allowfullscreen=\"allowfullscreen\" data-mce-fragment=\"1\"><\/iframe>  <\/p>\n\n\n\n<h3 class=\"wp-block-heading\">11 E 22nd Street, 2\u00ba andar, Nova York, NY 10010 T: +1(212) 505-6805<\/h3>\n\n\n\n<hr class=\"wp-block-separator has-alpha-channel-opacity\"\/>\n\n\n\n<h2 class=\"wp-block-heading\"><span style=\"font-weight: 400;\">Sobre SIS Internacional<\/span><\/h2>\n\n\n\n<p><a href=\"https:\/\/www.sisinternational.com\/pt\/\"><span style=\"font-weight: 400;\">SIS Internacional<\/span><\/a><span style=\"font-weight: 400;\"> oferece pesquisa quantitativa, qualitativa e estrat\u00e9gica. Fornecemos dados, ferramentas, estrat\u00e9gias, relat\u00f3rios e insights para a tomada de decis\u00f5es. Tamb\u00e9m realizamos entrevistas, pesquisas, grupos focais e outros m\u00e9todos e abordagens de Pesquisa de Mercado.<\/span><a href=\"https:\/\/www.sisinternational.com\/pt\/sobre-a-sis-international-research\/contact-sis-international-market-research\/\"><span style=\"font-weight: 400;\"> Entre em contato conosco<\/span><\/a><span style=\"font-weight: 400;\"> para o seu pr\u00f3ximo projeto de pesquisa de mercado.<\/span><\/p>","protected":false},"excerpt":{"rendered":"<p>A consultoria de entrada no mercado FinTech ajuda empresas FinTech e institui\u00e7\u00f5es financeiras a apresentar produtos e servi\u00e7os inovadores de forma estrat\u00e9gica.<\/p>","protected":false},"author":1,"featured_media":69521,"parent":27462,"menu_order":66,"comment_status":"closed","ping_status":"closed","template":"","meta":{"footnotes":""},"class_list":["post-46220","page","type-page","status-publish","has-post-thumbnail"],"_links":{"self":[{"href":"https:\/\/www.sisinternational.com\/pt\/wp-json\/wp\/v2\/pages\/46220","targetHints":{"allow":["GET"]}}],"collection":[{"href":"https:\/\/www.sisinternational.com\/pt\/wp-json\/wp\/v2\/pages"}],"about":[{"href":"https:\/\/www.sisinternational.com\/pt\/wp-json\/wp\/v2\/types\/page"}],"author":[{"embeddable":true,"href":"https:\/\/www.sisinternational.com\/pt\/wp-json\/wp\/v2\/users\/1"}],"replies":[{"embeddable":true,"href":"https:\/\/www.sisinternational.com\/pt\/wp-json\/wp\/v2\/comments?post=46220"}],"version-history":[{"count":11,"href":"https:\/\/www.sisinternational.com\/pt\/wp-json\/wp\/v2\/pages\/46220\/revisions"}],"predecessor-version":[{"id":80221,"href":"https:\/\/www.sisinternational.com\/pt\/wp-json\/wp\/v2\/pages\/46220\/revisions\/80221"}],"up":[{"embeddable":true,"href":"https:\/\/www.sisinternational.com\/pt\/wp-json\/wp\/v2\/pages\/27462"}],"wp:featuredmedia":[{"embeddable":true,"href":"https:\/\/www.sisinternational.com\/pt\/wp-json\/wp\/v2\/media\/69521"}],"wp:attachment":[{"href":"https:\/\/www.sisinternational.com\/pt\/wp-json\/wp\/v2\/media?parent=46220"}],"curies":[{"name":"wp","href":"https:\/\/api.w.org\/{rel}","templated":true}]}}