{"id":46215,"date":"2024-02-23T23:12:02","date_gmt":"2024-02-24T04:12:02","guid":{"rendered":"https:\/\/www.sisinternational.com\/?page_id=46215"},"modified":"2026-03-16T23:48:34","modified_gmt":"2026-03-17T03:48:34","slug":"servicos-financeiros-vao-para-consultoria-de-mercado","status":"publish","type":"page","link":"https:\/\/www.sisinternational.com\/pt\/solucoes\/consultoria-estrategica\/financial-services-consulting\/servicos-financeiros-vao-para-consultoria-de-mercado\/","title":{"rendered":"Consultoria de entrada no mercado de servi\u00e7os financeiros"},"content":{"rendered":"<h1 class=\"wp-block-heading\">Consultoria de entrada no mercado de servi\u00e7os financeiros<\/h1>\n\n\n\n<figure class=\"gb-block-image gb-block-image-e0b0bb64\"><img loading=\"lazy\" decoding=\"async\" width=\"1456\" height=\"816\" class=\"gb-image gb-image-e0b0bb64\" src=\"https:\/\/www.sisinternational.com\/wp-content\/uploads\/2025\/10\/Financial-Services-Go-To-Market-1.jpg\" alt=\"Pesquisa e Estrat\u00e9gia de Mercado Internacional da SIS\" title=\"Financial Services Go-To-Market (1)\" srcset=\"https:\/\/www.sisinternational.com\/wp-content\/uploads\/2025\/10\/Financial-Services-Go-To-Market-1.jpg 1456w, https:\/\/www.sisinternational.com\/wp-content\/uploads\/2025\/10\/Financial-Services-Go-To-Market-1-300x168.jpg 300w, https:\/\/www.sisinternational.com\/wp-content\/uploads\/2025\/10\/Financial-Services-Go-To-Market-1-1024x574.jpg 1024w, https:\/\/www.sisinternational.com\/wp-content\/uploads\/2025\/10\/Financial-Services-Go-To-Market-1-768x430.jpg 768w, https:\/\/www.sisinternational.com\/wp-content\/uploads\/2025\/10\/Financial-Services-Go-To-Market-1-18x10.jpg 18w\" sizes=\"auto, (max-width: 1456px) 100vw, 1456px\"><\/figure>\n\n\n\n<hr class=\"wp-block-separator has-alpha-channel-opacity\"\/>\n\n\n\n<p>Financial services go-to-market consulting offers a blueprint for successfully launching and scaling financial solutions in today&#8217;s dynamic market. This specialized consulting service doesn&#8217;t just guide businesses through the market entry maze; it equips them with the insights and strategies to make a lasting impact. It ensures that their offerings reach the right audience and resonate deeply, fostering engagement and loyalty.<\/p>\n\n\n\n<h2 class=\"wp-block-heading\">O que \u00e9 consultoria go-to-market de servi\u00e7os financeiros?<\/h2>\n\n\n\n<p><a href=\"https:\/\/sisaisolutions.com\/application-of-ai-in-financial-services\/\" target=\"_blank\" rel=\"noopener\">Financial services go-to-market consulting<\/a> helps financial institutions and FinTech companies design and execute effective market entry and expansion strategies.<\/p>\n\n\n\n<p>This consulting focuses on understanding the unique value proposition of financial products and services, identifying target markets, and crafting compelling messaging and channels to reach and engage potential customers. The goal is ensuring businesses can launch new offerings effectively, penetrate markets, and achieve rapid growth.<\/p>\n\n\n\n<h2 class=\"wp-block-heading\">Por que as empresas precisam de consultoria de entrada no mercado de servi\u00e7os financeiros?<\/h2>\n\n\n\n<figure class=\"gb-block-image gb-block-image-6533cb21\"><img loading=\"lazy\" decoding=\"async\" width=\"1456\" height=\"816\" class=\"gb-image gb-image-6533cb21\" src=\"https:\/\/www.sisinternational.com\/wp-content\/uploads\/2025\/10\/Financial-Services-Go-To-Market-3.jpg\" alt=\"Pesquisa e Estrat\u00e9gia de Mercado Internacional da SIS\" title=\"Financial Services Go-To-Market (3)\" srcset=\"https:\/\/www.sisinternational.com\/wp-content\/uploads\/2025\/10\/Financial-Services-Go-To-Market-3.jpg 1456w, https:\/\/www.sisinternational.com\/wp-content\/uploads\/2025\/10\/Financial-Services-Go-To-Market-3-300x168.jpg 300w, https:\/\/www.sisinternational.com\/wp-content\/uploads\/2025\/10\/Financial-Services-Go-To-Market-3-1024x574.jpg 1024w, https:\/\/www.sisinternational.com\/wp-content\/uploads\/2025\/10\/Financial-Services-Go-To-Market-3-768x430.jpg 768w, https:\/\/www.sisinternational.com\/wp-content\/uploads\/2025\/10\/Financial-Services-Go-To-Market-3-18x10.jpg 18w\" sizes=\"auto, (max-width: 1456px) 100vw, 1456px\"><\/figure>\n\n\n\n<p><\/p>\n\n\n\n<p><a href=\"https:\/\/www.sisinternational.com\/pt\/financial-services-consulting\/\" title=\"Financial Services Consulting\" data-wpil-monitor-id=\"2977\">Financial services go-to-market consulting<\/a> helps businesses identify and articulate what sets their offerings apart, ensuring that they are positioned strategically to capture the attention and loyalty of target customers. Consultants assist in dissecting the market into distinct segments and developing targeted strategies that resonate with each group, enhancing the effectiveness of marketing efforts and improving customer acquisition rates.<\/p>\n\n\n\n<p>Al\u00e9m disso, o lan\u00e7amento de um novo produto ou servi\u00e7o financeiro envolve muito \u2013 e a consultoria go-to-market fornece um roteiro para navegar neste processo, desde o momento e as mensagens at\u00e9 \u00e0 sele\u00e7\u00e3o do canal, minimizando os riscos e maximizando a probabilidade de um lan\u00e7amento bem-sucedido. Os consultores trabalham com empresas para desenvolver planos de expans\u00e3o de opera\u00e7\u00f5es, expans\u00e3o para novos mercados e inova\u00e7\u00e3o cont\u00ednua de suas ofertas.<\/p>\n\n\n\n<p>In any case, financial <a href=\"https:\/\/www.sisinternational.com\/pt\/solucoes\/consultoria-em-hotelaria-e-turismo-em-viagens\/consultoria-em-servicos-de-concierge\/\" title=\"Consultoria em servi\u00e7os de concierge\" data-wpil-monitor-id=\"4692\">services go-to-market consulting<\/a> brings many other benefits for businesses, including:<\/p>\n\n\n\n<ul class=\"wp-block-list\">\n<li><strong>Tempo de lan\u00e7amento no mercado acelerado:<\/strong> Consulting services streamline the <a href=\"https:\/\/www.sisinternational.com\/pt\/financial-services-consulting\/robotic-process-automation-in-financial-services\/\" title=\"Robotic Process Automation in Financial Services\" data-wpil-monitor-id=\"1065\">process of bringing new financial<\/a> products or services to market.\u00a0<\/li>\n\n\n\n<li><strong>Maior penetra\u00e7\u00e3o no mercado:<\/strong> Com orienta\u00e7\u00e3o especializada sobre segmenta\u00e7\u00e3o e posicionamento, as empresas podem alcan\u00e7ar uma penetra\u00e7\u00e3o mais profunda no mercado. Estrat\u00e9gias personalizadas de entrada no mercado garantem que os esfor\u00e7os de marketing repercutam no p\u00fablico-alvo, gerando taxas de convers\u00e3o e aquisi\u00e7\u00e3o de clientes mais altas.<\/li>\n\n\n\n<li><strong>Reconhecimento de marca aprimorado:<\/strong> Effective financial services go-to-market consulting helps build and enhance brand recognition. Businesses can establish a strong brand presence by communicating a unique value proposition and delivering consistent messaging across channels.<\/li>\n\n\n\n<li><strong>Aloca\u00e7\u00e3o Estrat\u00e9gica de Recursos:<\/strong> Financial services go-to-market consulting provides insights into the most effective resource allocation, ensuring that marketing budgets are invested in channels and tactics that yield the highest return on investment.<\/li>\n\n\n\n<li><strong>Envolvimento do cliente a longo prazo:<\/strong> Beyond the initial market entry, go-to-market consulting focuses on building strategies for sustained customer engagement.\u00a0<\/li>\n\n\n\n<li><strong>Adaptabilidade \u00e0s mudan\u00e7as do mercado:<\/strong> O cen\u00e1rio dos servi\u00e7os financeiros est\u00e1 em constante evolu\u00e7\u00e3o. Os servi\u00e7os de consultoria permitem que as empresas se adaptem \u00e0s mudan\u00e7as do mercado, garantindo que as suas estrat\u00e9gias de entrada no mercado permanecem relevantes e eficazes ao longo do tempo.<\/li>\n<\/ul>\n\n\n\n<h2 class=\"wp-block-heading\">A abordagem SIS para consultoria de entrada no mercado de servi\u00e7os financeiros<\/h2>\n\n\n\n<p>The SIS International financial services go-to-market consulting approach is comprehensive, data-driven, and client-centric. This approach is tailored to meet the unique challenges and opportunities faced by businesses in the financial services sector, ensuring they can successfully launch and scale their offerings. Here\u2019s how the SIS approach sets itself apart:<\/p>\n\n\n\n<ul class=\"wp-block-list\">\n<li><strong>Mercado aprofundado e insights competitivos:<\/strong> SIS begins with a thorough market analysis, including customer needs, competitive landscape, and regulatory environment.\u00a0<\/li>\n\n\n\n<li><strong>Planos de entrada no mercado personalizados:<\/strong> Reconhecendo os atributos \u00fanicos das ofertas de cada cliente, a SIS elabora estrat\u00e9gias personalizadas de entrada no mercado que se alinham com os objetivos do cliente, a din\u00e2mica do mercado e as expectativas do cliente. Essa abordagem garante que as estrat\u00e9gias sejam altamente direcionadas e eficazes.<\/li>\n\n\n\n<li><strong>Aproveitando tecnologias de ponta:<\/strong> SIS keeps a keen eye on the latest technological advancements in financial services. It guides clients in integrating innovative solutions that enhance their offerings, improve customer experience, and provide a competitive edge.<\/li>\n\n\n\n<li><strong>Navegando pelas complexidades regulat\u00f3rias:<\/strong> O SIS fornece orienta\u00e7\u00e3o especializada sobre conformidade regulat\u00f3ria, ajudando os clientes a compreender e navegar no complexo cen\u00e1rio regulat\u00f3rio dos servi\u00e7os financeiros. Isso garante que as estrat\u00e9gias de entrada no mercado sejam eficazes e totalmente compat\u00edveis com as regulamenta\u00e7\u00f5es atuais.<\/li>\n\n\n\n<li><strong>Construindo experi\u00eancias envolventes para o cliente:<\/strong> At the heart of the <a href=\"https:\/\/www.linkedin.com\/company\/sisinternationalresearch\/posts\/?feedView=all\" target=\"_blank\" rel=\"noopener\">SIS approach<\/a> is a commitment to creating exceptional customer experiences. Through targeted marketing strategies and customer engagement plans, SIS helps clients build strong relationships with their target audience, driving acquisition and loyalty.<\/li>\n\n\n\n<li><strong>M\u00e9tricas de desempenho baseadas em dados:<\/strong> SIS establishes clear, measurable goals for go-to-market initiatives, using data analytics to track performance and inform continuous improvement.\u00a0<\/li>\n\n\n\n<li><strong>Orienta\u00e7\u00e3o Estrat\u00e9gica Cont\u00ednua:<\/strong> Beyond the initial go-to-market phase, SIS offers ongoing support and strategic guidance to clients.\u00a0<\/li>\n<\/ul>\n\n\n\n<h2 class=\"wp-block-heading\">Oportunidades em consultoria de entrada no mercado de servi\u00e7os financeiros para empresas<\/h2>\n\n\n\n<figure class=\"gb-block-image gb-block-image-ea5523cc\"><img loading=\"lazy\" decoding=\"async\" width=\"1456\" height=\"816\" class=\"gb-image gb-image-ea5523cc\" src=\"https:\/\/www.sisinternational.com\/wp-content\/uploads\/2025\/10\/Financial-Services-Go-To-Market-2.jpg\" alt=\"Pesquisa e Estrat\u00e9gia de Mercado Internacional da SIS\" title=\"Financial Services Go-To-Market (2)\" srcset=\"https:\/\/www.sisinternational.com\/wp-content\/uploads\/2025\/10\/Financial-Services-Go-To-Market-2.jpg 1456w, https:\/\/www.sisinternational.com\/wp-content\/uploads\/2025\/10\/Financial-Services-Go-To-Market-2-300x168.jpg 300w, https:\/\/www.sisinternational.com\/wp-content\/uploads\/2025\/10\/Financial-Services-Go-To-Market-2-1024x574.jpg 1024w, https:\/\/www.sisinternational.com\/wp-content\/uploads\/2025\/10\/Financial-Services-Go-To-Market-2-768x430.jpg 768w, https:\/\/www.sisinternational.com\/wp-content\/uploads\/2025\/10\/Financial-Services-Go-To-Market-2-18x10.jpg 18w\" sizes=\"auto, (max-width: 1456px) 100vw, 1456px\"><\/figure>\n\n\n\n<p><\/p>\n\n\n\n<p>Engaging in financial services go-to-market consulting opens up many opportunities for businesses aiming to launch or expand their offerings in the financial sector.&nbsp;<\/p>\n\n\n\n<ul class=\"wp-block-list\">\n<li><strong>Entrada estrat\u00e9gica no mercado:<\/strong> Consulting services provide businesses with a strategic framework for entering new markets or launching new products.\u00a0<\/li>\n\n\n\n<li><strong>Diferencia\u00e7\u00e3o Competitiva:<\/strong> A consultoria de entrada no mercado de servi\u00e7os financeiros ajuda as empresas a articular a sua proposta de valor \u00fanica, distinguindo as suas ofertas das concorrentes e captando a aten\u00e7\u00e3o de potenciais clientes.<\/li>\n\n\n\n<li><strong>Conformidade regulat\u00f3ria e mitiga\u00e7\u00e3o de riscos:<\/strong> Navegar no cen\u00e1rio regulat\u00f3rio do setor de servi\u00e7os financeiros pode ser assustador. Os consultores fornecem experi\u00eancia em conformidade regulat\u00f3ria, ajudando as empresas a mitigar riscos e evitar poss\u00edveis armadilhas legais.<\/li>\n\n\n\n<li><strong>Integra\u00e7\u00e3o e inova\u00e7\u00e3o tecnol\u00f3gica:<\/strong> Technology plays a crucial role in the financial services industry. Consulting services guide businesses in integrating the latest FinTech innovations into their offerings.\u00a0<\/li>\n\n\n\n<li><strong>Escalabilidade e crescimento:<\/strong> <a href=\"https:\/\/www.sisinternational.com\/pt\/solucoes\/pesquisa-de-consultoria-em-estrategia-fintech\/consultoria-go-to-market-de-fintech\/\" title=\"Consultoria FinTech Go-To-Market\" data-wpil-monitor-id=\"5858\">Consultants assist businesses in developing scalable go-to-market<\/a> strategies that support sustainable growth.\u00a0<\/li>\n\n\n\n<li><strong>Construindo Parcerias e Ecossistemas:<\/strong> No mundo interligado dos servi\u00e7os financeiros, a forma\u00e7\u00e3o de parcerias estrat\u00e9gicas pode ser uma mudan\u00e7a de jogo. A consultoria de entrada no mercado de servi\u00e7os financeiros ajuda a identificar parceiros potenciais e a construir ecossistemas que aumentam o valor das ofertas do neg\u00f3cio.<\/li>\n<\/ul>\n\n\n\n<h2 class=\"wp-block-heading\">Localiza\u00e7\u00e3o de nossas instala\u00e7\u00f5es em Nova York<\/h2>\n\n\n\n<p>  <iframe loading=\"lazy\" src=\"https:\/\/www.google.com\/maps\/embed?pb=!1m18!1m12!1m3!1d3022.976188376966!2d-73.99130312499956!3d40.740549471389315!2m3!1f0!2f0!3f0!3m2!1i1024!2i768!4f13.1!3m3!1m2!1s0x89c259a15798c731%3A0xd695d09bdd495f25!2s11%20E%2022nd%20St%20FL%202%2C%20New%20York%2C%20NY%2010010%2C%20USA!5e0!3m2!1sen!2spe!4v1726171763526!5m2!1sen!2spe\" width=\"600\" height=\"450\" allowfullscreen=\"allowfullscreen\" data-mce-fragment=\"1\"><\/iframe>  <\/p>\n\n\n\n<h3 class=\"wp-block-heading\">11 E 22nd Street, 2\u00ba andar, Nova York, NY 10010 T: +1(212) 505-6805<\/h3>\n\n\n\n<hr class=\"wp-block-separator has-alpha-channel-opacity\"\/>\n\n\n\n<h2 class=\"wp-block-heading\"><span style=\"font-weight: 400;\">Sobre SIS Internacional<\/span><\/h2>\n\n\n\n<p><a href=\"https:\/\/www.sisinternational.com\/pt\/\"><span style=\"font-weight: 400;\">SIS Internacional<\/span><\/a><span style=\"font-weight: 400;\"> oferece pesquisa quantitativa, qualitativa e estrat\u00e9gica. Fornecemos dados, ferramentas, estrat\u00e9gias, relat\u00f3rios e insights para a tomada de decis\u00f5es. Tamb\u00e9m realizamos entrevistas, pesquisas, grupos focais e outros m\u00e9todos e abordagens de Pesquisa de Mercado.<\/span><a href=\"https:\/\/www.sisinternational.com\/pt\/sobre-a-sis-international-research\/contact-sis-international-market-research\/\"><span style=\"font-weight: 400;\"> Entre em contato conosco<\/span><\/a><span style=\"font-weight: 400;\"> para o seu pr\u00f3ximo projeto de pesquisa de mercado.<\/span><\/p>","protected":false},"excerpt":{"rendered":"<p>A consultoria de entrada no mercado de servi\u00e7os financeiros ajuda institui\u00e7\u00f5es financeiras e empresas FinTech a projetar e executar estrat\u00e9gias eficazes.<\/p>","protected":false},"author":1,"featured_media":71753,"parent":55793,"menu_order":69,"comment_status":"closed","ping_status":"closed","template":"","meta":{"footnotes":""},"class_list":["post-46215","page","type-page","status-publish","has-post-thumbnail"],"_links":{"self":[{"href":"https:\/\/www.sisinternational.com\/pt\/wp-json\/wp\/v2\/pages\/46215","targetHints":{"allow":["GET"]}}],"collection":[{"href":"https:\/\/www.sisinternational.com\/pt\/wp-json\/wp\/v2\/pages"}],"about":[{"href":"https:\/\/www.sisinternational.com\/pt\/wp-json\/wp\/v2\/types\/page"}],"author":[{"embeddable":true,"href":"https:\/\/www.sisinternational.com\/pt\/wp-json\/wp\/v2\/users\/1"}],"replies":[{"embeddable":true,"href":"https:\/\/www.sisinternational.com\/pt\/wp-json\/wp\/v2\/comments?post=46215"}],"version-history":[{"count":13,"href":"https:\/\/www.sisinternational.com\/pt\/wp-json\/wp\/v2\/pages\/46215\/revisions"}],"predecessor-version":[{"id":79548,"href":"https:\/\/www.sisinternational.com\/pt\/wp-json\/wp\/v2\/pages\/46215\/revisions\/79548"}],"up":[{"embeddable":true,"href":"https:\/\/www.sisinternational.com\/pt\/wp-json\/wp\/v2\/pages\/55793"}],"wp:featuredmedia":[{"embeddable":true,"href":"https:\/\/www.sisinternational.com\/pt\/wp-json\/wp\/v2\/media\/71753"}],"wp:attachment":[{"href":"https:\/\/www.sisinternational.com\/pt\/wp-json\/wp\/v2\/media?parent=46215"}],"curies":[{"name":"wp","href":"https:\/\/api.w.org\/{rel}","templated":true}]}}