{"id":46213,"date":"2024-02-22T14:18:31","date_gmt":"2024-02-22T19:18:31","guid":{"rendered":"https:\/\/www.sisinternational.com\/?page_id=46213"},"modified":"2026-01-26T17:53:23","modified_gmt":"2026-01-26T22:53:23","slug":"consultoria-em-fintech-de-pagamentos","status":"publish","type":"page","link":"https:\/\/www.sisinternational.com\/pt\/solucoes\/pesquisa-de-consultoria-em-estrategia-fintech\/consultoria-em-fintech-de-pagamentos\/","title":{"rendered":"Consultoria FinTech de Pagamentos"},"content":{"rendered":"<h1 class=\"gb-headline gb-headline-b9275f4e gb-headline-text\">Consultoria FinTech de Pagamentos<\/h1>\n\n\n\n<figure class=\"gb-block-image gb-block-image-ea53cf04\"><img loading=\"lazy\" decoding=\"async\" width=\"1456\" height=\"816\" class=\"gb-image gb-image-ea53cf04\" src=\"https:\/\/www.sisinternational.com\/wp-content\/uploads\/2025\/10\/Payments-FinTech-1.jpg\" alt=\"Pesquisa e Estrat\u00e9gia de Mercado Internacional da SIS\" title=\"Payments FinTech (1)\" srcset=\"https:\/\/www.sisinternational.com\/wp-content\/uploads\/2025\/10\/Payments-FinTech-1.jpg 1456w, https:\/\/www.sisinternational.com\/wp-content\/uploads\/2025\/10\/Payments-FinTech-1-300x168.jpg 300w, https:\/\/www.sisinternational.com\/wp-content\/uploads\/2025\/10\/Payments-FinTech-1-1024x574.jpg 1024w, https:\/\/www.sisinternational.com\/wp-content\/uploads\/2025\/10\/Payments-FinTech-1-768x430.jpg 768w, https:\/\/www.sisinternational.com\/wp-content\/uploads\/2025\/10\/Payments-FinTech-1-18x10.jpg 18w\" sizes=\"auto, (max-width: 1456px) 100vw, 1456px\"><\/figure>\n\n\n\n<p><\/p>\n\n\n\n<hr class=\"wp-block-separator has-alpha-channel-opacity\"\/>\n\n\n\n<p>Payments FinTech consulting guides businesses through the complexities of digital payments and ensures they leverage the full potential of financial technology. This specialized consulting field doesn&#8217;t merely navigate the present; it anticipates the future, enabling businesses to harness cutting-edge technologies and redefine the consumer payment experience.<\/p>\n\n\n\n<h2 class=\"wp-block-heading\">Compreendendo a consultoria FinTech de pagamentos<\/h2>\n\n\n\n<p>Payments FinTech consulting combines financial expertise with technological innovation to transform how businesses manage and process payments. <a href=\"https:\/\/www.sisinternational.com\/pt\/solucoes\/pesquisa-de-consultoria-em-estrategia-fintech\/consultoria-em-cofre-de-pagamentos\/\" title=\"Consultoria em cofre de pagamentos\"  data-wpil-monitor-id=\"4810\">Payments FinTech consulting<\/a> involves analyzing a business\u2019s current payment systems, identifying areas for improvement, and implementing solutions that leverage technologies such as blockchain, mobile payments, and artificial intelligence.<\/p>\n\n\n\n<h2 class=\"wp-block-heading\">Por que as empresas precisam de consultoria FinTech em pagamentos<\/h2>\n\n\n\n<p>Payments FinTech consulting helps businesses understand and integrate consumer-preferred payment technologies, ensuring a frictionless transaction experience that enhances customer satisfaction and loyalty. It also provides crucial insights into regulatory requirements, helping businesses secure their payment processes are compliant. This proactive approach to compliance mitigates the risk of financial penalties and protects the company&#8217;s reputation.<\/p>\n\n\n\n<p>Additionally, payments FinTech consulting specializes in implementing advanced security measures such as encryption, tokenization, and fraud detection algorithms powered by AI, to safeguard transaction data and protect the business and its customers.<\/p>\n\n\n\n<p>Al\u00e9m disso, os consultores identificam estrangulamentos e inefici\u00eancias nos sistemas existentes e recomendam solu\u00e7\u00f5es que reduzem os tempos e custos de processamento, permitindo \u00e0s empresas alocar recursos de forma mais eficaz. No entanto, a consultoria FinTech de pagamentos oferece muitos outros benef\u00edcios para as empresas, incluindo:<\/p>\n\n\n\n<ul class=\"wp-block-list\">\n<li><strong>Processos de pagamento simplificados:<\/strong> Os servi\u00e7os de consultoria ajudam as empresas a agilizar suas opera\u00e7\u00f5es de pagamento, tornando as transa\u00e7\u00f5es mais r\u00e1pidas, eficientes e menos propensas a erros. Isso leva \u00e0 economia de custos e maior agilidade operacional.<\/li>\n\n\n\n<li><strong>Conformidade regulat\u00f3ria:<\/strong> Os consultores fornecem orienta\u00e7\u00e3o especializada sobre a conformidade com regulamenta\u00e7\u00f5es locais e internacionais, ajudando as empresas a evitar penalidades dispendiosas e quest\u00f5es legais.<\/li>\n\n\n\n<li><strong>Melhor experi\u00eancia do cliente:<\/strong> Businesses can significantly enhance the customer experience by introducing innovative payment solutions that are convenient and user-friendly. These solutions include mobile payments, contactless transactions, and personalized payment options, which cater to the evolving expectations of digital-savvy consumers.<\/li>\n\n\n\n<li><strong>Insights baseados em dados:<\/strong> Payments FinTech <a href=\"https:\/\/www.sisinternational.com\/pt\/fintech-trends-2025\/\" title=\"FinTech Trends\"  data-wpil-monitor-id=\"6654\">consultando<\/a> leverages data analytics to provide businesses with valuable insights into customer behavior and transaction trends. These insights can inform strategic decisions, optimize marketing efforts, and enhance product offerings.<\/li>\n\n\n\n<li><strong>Acesso ao mercado global:<\/strong> Para empresas que pretendem expandir-se internacionalmente, os consultores oferecem estrat\u00e9gias para gerir eficazmente os pagamentos transfronteiri\u00e7os. Isto inclui navegar no c\u00e2mbio, compreender as regulamenta\u00e7\u00f5es de pagamento internacionais e selecionar as plataformas de pagamento certas para diferentes mercados.<\/li>\n<\/ul>\n\n\n\n<h2 class=\"wp-block-heading\">Quem usa a consultoria FinTech de pagamentos<\/h2>\n\n\n\n<figure class=\"gb-block-image gb-block-image-8e9f8ed7\"><img loading=\"lazy\" decoding=\"async\" width=\"1456\" height=\"816\" class=\"gb-image gb-image-8e9f8ed7\" src=\"https:\/\/www.sisinternational.com\/wp-content\/uploads\/2025\/10\/Payments-FinTech-3.jpg\" alt=\"Pesquisa e Estrat\u00e9gia de Mercado Internacional da SIS\" title=\"Payments FinTech (3)\" srcset=\"https:\/\/www.sisinternational.com\/wp-content\/uploads\/2025\/10\/Payments-FinTech-3.jpg 1456w, https:\/\/www.sisinternational.com\/wp-content\/uploads\/2025\/10\/Payments-FinTech-3-300x168.jpg 300w, https:\/\/www.sisinternational.com\/wp-content\/uploads\/2025\/10\/Payments-FinTech-3-1024x574.jpg 1024w, https:\/\/www.sisinternational.com\/wp-content\/uploads\/2025\/10\/Payments-FinTech-3-768x430.jpg 768w, https:\/\/www.sisinternational.com\/wp-content\/uploads\/2025\/10\/Payments-FinTech-3-18x10.jpg 18w\" sizes=\"auto, (max-width: 1456px) 100vw, 1456px\"><\/figure>\n\n\n\n<p><\/p>\n\n\n\n<p>Os servi\u00e7os de consultoria FinTech de pagamentos s\u00e3o procurados por uma ampla gama de empresas e organiza\u00e7\u00f5es dentro e fora do setor financeiro, cada uma buscando navegar pelas complexidades dos pagamentos digitais e aproveitar as oportunidades da tecnologia financeira. Aqui est\u00e1 uma an\u00e1lise mais detalhada de quem normalmente usa esses servi\u00e7os de consultoria e por qu\u00ea:<\/p>\n\n\n\n<ul class=\"wp-block-list\">\n<li><strong>Bancos e institui\u00e7\u00f5es financeiras:<\/strong> Os bancos e institui\u00e7\u00f5es financeiras tradicionais recorrem \u00e0 consultoria FinTech de pagamentos para modernizar os seus sistemas de pagamento, aumentando a efici\u00eancia e a seguran\u00e7a, garantindo ao mesmo tempo a conformidade regulamentar. A consultoria ajuda essas entidades a competir com startups \u00e1geis de FinTech, adotando tecnologias inovadoras, como blockchain e detec\u00e7\u00e3o de fraude baseada em IA.<\/li>\n\n\n\n<li><strong>Plataformas de com\u00e9rcio eletr\u00f4nico:<\/strong> As empresas de com\u00e9rcio eletr\u00f4nico contam com processos de pagamento seguros e cont\u00ednuos para garantir a satisfa\u00e7\u00e3o e a confian\u00e7a do cliente. A consultoria Payments FinTech auxilia essas plataformas na integra\u00e7\u00e3o de gateways de pagamento avan\u00e7ados, oferecendo diversas op\u00e7\u00f5es de pagamento e implementando medidas de seguran\u00e7a para prote\u00e7\u00e3o contra fraudes e viola\u00e7\u00f5es de dados.<\/li>\n\n\n\n<li><strong>Varejistas e Comerciantes:<\/strong> Brick-and-mortar retailers and online merchants use consulting services to improve the checkout experience, whether through contactless payments, mobile POS systems, or loyalty-integrated payment solutions. Consultants help tailor these solutions to enhance customer convenience and sales conversion rates.<\/li>\n\n\n\n<li><strong>Startups FinTech:<\/strong> As startups no espa\u00e7o da tecnologia financeira frequentemente contratam consultores para obter conhecimentos especializados na navega\u00e7\u00e3o em cen\u00e1rios regulat\u00f3rios, na expans\u00e3o das suas solu\u00e7\u00f5es e na integra\u00e7\u00e3o com os ecossistemas financeiros existentes. A consultoria pode acelerar o desenvolvimento e a ado\u00e7\u00e3o de solu\u00e7\u00f5es de pagamento inovadoras, impulsionando o crescimento e a penetra\u00e7\u00e3o no mercado.<\/li>\n\n\n\n<li><strong>Provedores de tecnologia:<\/strong> Companies that develop payment processing software and infrastructure seek payments FinTech consulting to ensure their solutions meet market needs, comply with regulations, and incorporate the latest technological advancements, staying competitive and relevant.<\/li>\n<\/ul>\n\n\n\n<h2 class=\"wp-block-heading\">Tecnologias e ferramentas que SIS aproveita em pagamentos Consultoria FinTech<\/h2>\n\n\n\n<p>A SIS International aproveita um conjunto de tecnologias e ferramentas avan\u00e7adas para impulsionar inova\u00e7\u00e3o, seguran\u00e7a e efici\u00eancia para os clientes.<\/p>\n\n\n\n<ul class=\"wp-block-list\">\n<li><strong>Tecnologia Blockchain:<\/strong> Blockchain technology enhances security and transparency in transactions. It enables the creation of decentralized and immutable ledgers, reducing fraud and streamlining cross-border payments.<\/li>\n\n\n\n<li><strong>Intelig\u00eancia Artificial e Aprendizado de M\u00e1quina:<\/strong> AI and machine learning algorithms are deployed for fraud detection, risk assessment, and personalized customer service. These technologies help analyze vast transaction data to identify patterns, predict trends, and automate decision-making processes.<\/li>\n\n\n\n<li><strong>An\u00e1lise de Big Data:<\/strong> Big data analytics tools are employed to derive actionable insights from transaction data. They assist in understanding customer behavior, optimizing payment processes, and making informed strategic decisions.<\/li>\n\n\n\n<li><strong>Gateways e plataformas de pagamento:<\/strong> Gateways e plataformas de pagamento modernos e flex\u00edveis que suportam uma ampla variedade de m\u00e9todos de pagamento, incluindo carteiras digitais, pagamentos m\u00f3veis e criptomoedas, s\u00e3o integrados para fornecer aos clientes op\u00e7\u00f5es de pagamento convenientes e seguras.<\/li>\n\n\n\n<li><strong>Computa\u00e7\u00e3o em nuvem:<\/strong> Cloud-based solutions offer scalability, reliability, and security for payment processing systems. They allow for efficiently handling high transaction volumes and enable businesses to scale their operations as needed.<\/li>\n\n\n\n<li><strong>Solu\u00e7\u00f5es de seguran\u00e7a cibern\u00e9tica:<\/strong> Ferramentas avan\u00e7adas de seguran\u00e7a cibern\u00e9tica, incluindo tecnologias de criptografia, tokeniza\u00e7\u00e3o e autentica\u00e7\u00e3o multifatorial, s\u00e3o implementadas para proteger informa\u00e7\u00f5es confidenciais de pagamento e contra amea\u00e7as cibern\u00e9ticas.<\/li>\n<\/ul>\n\n\n\n<h2 class=\"wp-block-heading\">A abordagem SIS para pagamentos FinTech Consulting<\/h2>\n\n\n\n<figure class=\"gb-block-image gb-block-image-cbd3fabb\"><img loading=\"lazy\" decoding=\"async\" width=\"1456\" height=\"816\" class=\"gb-image gb-image-cbd3fabb\" src=\"https:\/\/www.sisinternational.com\/wp-content\/uploads\/2025\/10\/Payments-FinTech-2.jpg\" alt=\"Pesquisa e Estrat\u00e9gia de Mercado Internacional da SIS\" title=\"Payments FinTech (2)\" srcset=\"https:\/\/www.sisinternational.com\/wp-content\/uploads\/2025\/10\/Payments-FinTech-2.jpg 1456w, https:\/\/www.sisinternational.com\/wp-content\/uploads\/2025\/10\/Payments-FinTech-2-300x168.jpg 300w, https:\/\/www.sisinternational.com\/wp-content\/uploads\/2025\/10\/Payments-FinTech-2-1024x574.jpg 1024w, https:\/\/www.sisinternational.com\/wp-content\/uploads\/2025\/10\/Payments-FinTech-2-768x430.jpg 768w, https:\/\/www.sisinternational.com\/wp-content\/uploads\/2025\/10\/Payments-FinTech-2-18x10.jpg 18w\" sizes=\"auto, (max-width: 1456px) 100vw, 1456px\"><\/figure>\n\n\n\n<p><\/p>\n\n\n\n<p>A abordagem SIS para pagamentos de consultoria FinTech se distingue por sua metodologia estrat\u00e9gica, abrangente e centrada no cliente. Esta abordagem garante que os clientes estejam preparados para navegar pelas complexidades do cen\u00e1rio dos pagamentos digitais \u2013 e \u00e9 assim que a abordagem SIS se diferencia:<\/p>\n\n\n\n<ul class=\"wp-block-list\">\n<li><strong>Avalia\u00e7\u00e3o aprofundada de mercado e tecnologia:<\/strong> SIS begins with thoroughly analysing the client&#8217;s current payment systems, market position, and technological infrastructure.\u00a0<\/li>\n\n\n\n<li><strong>Estrat\u00e9gias de consultoria sob medida:<\/strong> Based on this comprehensive analysis, SIS develops customized consulting strategies that align with the client&#8217;s specific objectives, operational needs, and market dynamics.\u00a0<\/li>\n\n\n\n<li><strong>Leveraging Advanced <\/strong><a href=\"https:\/\/www.sisinternational.com\/pt\/solucoes\/pesquisa-de-consultoria-em-estrategia-fintech\/consultoria-go-to-market-de-fintech\/\" title=\"Consultoria FinTech Go-To-Market\"  data-wpil-monitor-id=\"5860\">FinTech Innovations: SIS consultants<\/a> are experts in the latest payments FinTech technologies, from blockchain to artificial intelligence and beyond. They guide clients in integrating these technologies to enhance transaction efficiency, security, and customer engagement.<\/li>\n\n\n\n<li><strong>Medidas de seguran\u00e7a robustas:<\/strong> SIS prioritizes implementing advanced security protocols and technologies to protect against fraud and cyber threats.<\/li>\n\n\n\n<li><strong>Conformidade regulat\u00f3ria:<\/strong> With deep knowledge of the regulatory landscape, SIS ensures that clients&#8217; payment systems comply with current laws and are adaptable to future regulatory changes, minimizing legal risks and building customer trust.<\/li>\n\n\n\n<li><strong>Otimizando a jornada do cliente:<\/strong> The SIS approach strongly emphasizes the customer experience, utilizing data analytics and user experience design principles to create seamless, intuitive, and engaging payment processes.<\/li>\n<\/ul>\n\n\n\n<h2 class=\"wp-block-heading\">Localiza\u00e7\u00e3o de nossas instala\u00e7\u00f5es em Nova York<\/h2>\n\n\n\n<p>  <iframe loading=\"lazy\" src=\"https:\/\/www.google.com\/maps\/embed?pb=!1m18!1m12!1m3!1d3022.976188376966!2d-73.99130312499956!3d40.740549471389315!2m3!1f0!2f0!3f0!3m2!1i1024!2i768!4f13.1!3m3!1m2!1s0x89c259a15798c731%3A0xd695d09bdd495f25!2s11%20E%2022nd%20St%20FL%202%2C%20New%20York%2C%20NY%2010010%2C%20USA!5e0!3m2!1sen!2spe!4v1726171763526!5m2!1sen!2spe\" width=\"600\" height=\"450\" allowfullscreen=\"allowfullscreen\" data-mce-fragment=\"1\"><\/iframe>  <\/p>\n\n\n\n<h3 class=\"wp-block-heading\">11 E 22nd Street, 2\u00ba andar, Nova York, NY 10010 T: +1(212) 505-6805<\/h3>\n\n\n\n<hr class=\"wp-block-separator has-alpha-channel-opacity\"\/>\n\n\n\n<h2 class=\"wp-block-heading\"><span style=\"font-weight: 400;\">Sobre SIS Internacional<\/span><\/h2>\n\n\n\n<p><a href=\"https:\/\/www.sisinternational.com\/pt\/\"><span style=\"font-weight: 400;\">SIS Internacional<\/span><\/a><span style=\"font-weight: 400;\"> oferece pesquisa quantitativa, qualitativa e estrat\u00e9gica. Fornecemos dados, ferramentas, estrat\u00e9gias, relat\u00f3rios e insights para a tomada de decis\u00f5es. Tamb\u00e9m realizamos entrevistas, pesquisas, grupos focais e outros m\u00e9todos e abordagens de Pesquisa de Mercado.<\/span><a href=\"https:\/\/www.sisinternational.com\/pt\/sobre-a-sis-international-research\/contact-sis-international-market-research\/\"><span style=\"font-weight: 400;\"> Entre em contato conosco<\/span><\/a><span style=\"font-weight: 400;\"> para o seu pr\u00f3ximo projeto de pesquisa de mercado.<\/span><\/p>","protected":false},"excerpt":{"rendered":"<p>A consultoria Payments FinTech combina expertise financeira com inova\u00e7\u00e3o tecnol\u00f3gica para transformar os processos de pagamento.<\/p>","protected":false},"author":1,"featured_media":71778,"parent":27462,"menu_order":61,"comment_status":"closed","ping_status":"closed","template":"","meta":{"footnotes":""},"class_list":["post-46213","page","type-page","status-publish","has-post-thumbnail"],"_links":{"self":[{"href":"https:\/\/www.sisinternational.com\/pt\/wp-json\/wp\/v2\/pages\/46213","targetHints":{"allow":["GET"]}}],"collection":[{"href":"https:\/\/www.sisinternational.com\/pt\/wp-json\/wp\/v2\/pages"}],"about":[{"href":"https:\/\/www.sisinternational.com\/pt\/wp-json\/wp\/v2\/types\/page"}],"author":[{"embeddable":true,"href":"https:\/\/www.sisinternational.com\/pt\/wp-json\/wp\/v2\/users\/1"}],"replies":[{"embeddable":true,"href":"https:\/\/www.sisinternational.com\/pt\/wp-json\/wp\/v2\/comments?post=46213"}],"version-history":[{"count":10,"href":"https:\/\/www.sisinternational.com\/pt\/wp-json\/wp\/v2\/pages\/46213\/revisions"}],"predecessor-version":[{"id":80234,"href":"https:\/\/www.sisinternational.com\/pt\/wp-json\/wp\/v2\/pages\/46213\/revisions\/80234"}],"up":[{"embeddable":true,"href":"https:\/\/www.sisinternational.com\/pt\/wp-json\/wp\/v2\/pages\/27462"}],"wp:featuredmedia":[{"embeddable":true,"href":"https:\/\/www.sisinternational.com\/pt\/wp-json\/wp\/v2\/media\/71778"}],"wp:attachment":[{"href":"https:\/\/www.sisinternational.com\/pt\/wp-json\/wp\/v2\/media?parent=46213"}],"curies":[{"name":"wp","href":"https:\/\/api.w.org\/{rel}","templated":true}]}}