{"id":46169,"date":"2024-02-22T14:16:12","date_gmt":"2024-02-22T19:16:12","guid":{"rendered":"https:\/\/www.sisinternational.com\/?page_id=46169"},"modified":"2026-01-25T19:15:01","modified_gmt":"2026-01-26T00:15:01","slug":"celulose-produtos-florestais-automacao-consultoria-em-inteligencia-artificial","status":"publish","type":"page","link":"https:\/\/www.sisinternational.com\/pt\/solucoes\/pesquisa-de-mercado-de-ia-e-consultoria-estrategica\/celulose-produtos-florestais-automacao-consultoria-em-inteligencia-artificial\/","title":{"rendered":"Consultoria em Automa\u00e7\u00e3o de Produtos Florestais e Intelig\u00eancia Artificial"},"content":{"rendered":"<h1 class=\"gb-headline gb-headline-3bd493ef gb-headline-text\">Consultoria em Automa\u00e7\u00e3o e Intelig\u00eancia Artificial de Produtos de Papel, Celulose e Florestais<\/h1>\n\n\n\n<figure class=\"gb-block-image gb-block-image-4ee5a457\"><img loading=\"lazy\" decoding=\"async\" width=\"1456\" height=\"816\" class=\"gb-image gb-image-4ee5a457\" src=\"https:\/\/www.sisinternational.com\/wp-content\/uploads\/2025\/10\/Forest-Products-Automatio-2.jpg\" alt=\"Pesquisa e Estrat\u00e9gia de Mercado Internacional da SIS\" title=\"Forest Products Automatio (2)\" srcset=\"https:\/\/www.sisinternational.com\/wp-content\/uploads\/2025\/10\/Forest-Products-Automatio-2.jpg 1456w, https:\/\/www.sisinternational.com\/wp-content\/uploads\/2025\/10\/Forest-Products-Automatio-2-300x168.jpg 300w, https:\/\/www.sisinternational.com\/wp-content\/uploads\/2025\/10\/Forest-Products-Automatio-2-1024x574.jpg 1024w, https:\/\/www.sisinternational.com\/wp-content\/uploads\/2025\/10\/Forest-Products-Automatio-2-768x430.jpg 768w, https:\/\/www.sisinternational.com\/wp-content\/uploads\/2025\/10\/Forest-Products-Automatio-2-18x10.jpg 18w\" sizes=\"auto, (max-width: 1456px) 100vw, 1456px\"><\/figure>\n\n\n\n<p><\/p>\n\n\n\n<hr class=\"wp-block-separator has-alpha-channel-opacity\"\/>\n\n\n\n<p>As AI makes its way onto the horizon, traditional methods of production, processing and management are about to shift \u2013 and paper, pulp, and forest products automation and artificial intelligence consulting offer strategies that blend the age-old wisdom of forestry with the cutting-edge advancements of technology.<\/p>\n\n\n\n<h2 class=\"wp-block-heading\">What Is Paper, pulp, and forest products automation and artificial intelligence consulting?<\/h2>\n\n\n\n<p>A automa\u00e7\u00e3o de papel, celulose e produtos florestais e a consultoria em intelig\u00eancia artificial ajudam as empresas na transi\u00e7\u00e3o de m\u00e9todos convencionais para opera\u00e7\u00f5es mais eficientes, sustent\u00e1veis e econ\u00f4micas, alimentadas por automa\u00e7\u00e3o e IA.<\/p>\n\n\n\n<p>It involves using technology to perform tasks traditionally done manually, including everything from harvesting and processing raw materials to producing and packaging finished products. Consultants work closely with businesses to identify opportunities where automation and AI can have the most significant impact, develop customized solutions to address specific challenges, and guide navigating the technological, regulatory, and workforce transitions required.<\/p>\n\n\n\n<h2 class=\"wp-block-heading\">Por que isso \u00e9 importante?<\/h2>\n\n\n\n<p>The global marketplace for paper, pulp, and forest products is highly competitive. Businesses that leverage paper, pulp, and forest products <a href=\"https:\/\/www.sisinternational.com\/pt\/solucoes\/pesquisa-de-mercado-de-ia-e-consultoria-estrategica\/consultoria-de-inteligencia-artificial-em-automacao-de-franquias\/\" title=\"Consultoria em Automa\u00e7\u00e3o de Franchising e Intelig\u00eancia Artificial\"  data-wpil-monitor-id=\"1140\">automation and artificial intelligence consulting<\/a> can significantly enhance their production efficiency, reduce costs, and improve product quality, giving them a distinct competitive edge.<\/p>\n\n\n\n<p>Similarly, with increasing regulatory pressures and consumer demand for sustainable practices, businesses in this sector are under scrutiny to minimize their environmental impact. Paper, pulp, and forest products <a href=\"https:\/\/www.sisinternational.com\/pt\/solucoes\/pesquisa-de-mercado-de-ia-e-consultoria-estrategica\/consultoria-em-inteligencia-artificial-para-automacao-de-caminhoes\/\" title=\"Consultoria em Automa\u00e7\u00e3o de Transporte Rodovi\u00e1rio e Intelig\u00eancia Artificial\"  data-wpil-monitor-id=\"1417\">automation and artificial intelligence consulting<\/a> can optimize resource use, reduce waste, and lower energy consumption, aligning operations with sustainability goals.<\/p>\n\n\n\n<p>Furthermore, automating routine and hazardous tasks boosts operational efficiency and significantly enhances workplace safety. Additionally, paper, pulp, and forest products <a href=\"https:\/\/www.sisinternational.com\/pt\/solucoes\/pesquisa-de-mercado-de-ia-e-consultoria-estrategica\/consultoria-de-inteligencia-artificial-em-automacao-de-vendas\/\" title=\"Consultoria em Automa\u00e7\u00e3o de Vendas e Intelig\u00eancia Artificial\"  data-wpil-monitor-id=\"1697\">automation and artificial intelligence consulting<\/a> can assist in workforce planning and management, optimizing labor use and improving employee satisfaction.<\/p>\n\n\n\n<h2 class=\"wp-block-heading\">The Key Benefits of Paper, pulp, and forest products automation and artificial intelligence consulting<\/h2>\n\n\n\n<figure class=\"gb-block-image gb-block-image-09d91481\"><img loading=\"lazy\" decoding=\"async\" width=\"1456\" height=\"816\" class=\"gb-image gb-image-09d91481\" src=\"https:\/\/www.sisinternational.com\/wp-content\/uploads\/2025\/10\/Forest-Products-Automatio-1.jpg\" alt=\"Pesquisa e Estrat\u00e9gia de Mercado Internacional da SIS\" title=\"Forest Products Automatio (1)\" srcset=\"https:\/\/www.sisinternational.com\/wp-content\/uploads\/2025\/10\/Forest-Products-Automatio-1.jpg 1456w, https:\/\/www.sisinternational.com\/wp-content\/uploads\/2025\/10\/Forest-Products-Automatio-1-300x168.jpg 300w, https:\/\/www.sisinternational.com\/wp-content\/uploads\/2025\/10\/Forest-Products-Automatio-1-1024x574.jpg 1024w, https:\/\/www.sisinternational.com\/wp-content\/uploads\/2025\/10\/Forest-Products-Automatio-1-768x430.jpg 768w, https:\/\/www.sisinternational.com\/wp-content\/uploads\/2025\/10\/Forest-Products-Automatio-1-18x10.jpg 18w\" sizes=\"auto, (max-width: 1456px) 100vw, 1456px\"><\/figure>\n\n\n\n<p><\/p>\n\n\n\n<p>O <a href=\"https:\/\/www.sisinternational.com\/pt\/adocao-de-inteligencia-artificial-em-pequenas-empresas\/\" title=\"Ado\u00e7\u00e3o da Intelig\u00eancia Artificial (IA) em pequenas empresas\"  data-wpil-monitor-id=\"2804\">adoption of automation and artificial intelligence<\/a> in the paper, pulp, and forest products industry, brings many benefits. These advantages propel businesses toward greater operational efficiency and sustainability and enhance their market competitiveness \u2013 and here are some key benefits:<\/p>\n\n\n\n<ul class=\"wp-block-list\">\n<li><strong>Maior efici\u00eancia de produ\u00e7\u00e3o:<\/strong> Automation technologies streamline manufacturing processes, significantly reducing production times and increasing throughput.\u00a0<\/li>\n\n\n\n<li><strong>Redu\u00e7\u00e3o de custos:<\/strong> Businesses can achieve substantial cost savings by <a href=\"https:\/\/www.sisinternational.com\/pt\/solucoes\/pesquisa-de-mercado-de-ia-e-consultoria-estrategica\/mineracao-recursos-naturais-automacao-consultoria-em-inteligencia-artificial\/\" title=\"Automa\u00e7\u00e3o de Minera\u00e7\u00e3o e Recursos Naturais e Consultoria em IA\"  data-wpil-monitor-id=\"5514\">automating routine tasks and optimizing resource<\/a> use. Reduced waste, lower energy consumption, and optimized supply chain operations contribute to lowering overall operational expenses.<\/li>\n\n\n\n<li><strong>Melhor qualidade do produto:<\/strong> A automa\u00e7\u00e3o garante uma qualidade consistente do produto, minimizando erros humanos e mantendo um controle preciso sobre os par\u00e2metros de produ\u00e7\u00e3o. A IA tamb\u00e9m pode auxiliar nos processos de inspe\u00e7\u00e3o de qualidade, identificando defeitos que o olho humano pode ignorar.<\/li>\n\n\n\n<li><strong>Sustentabilidade aprimorada:<\/strong> Paper, pulp, and forest products <a href=\"https:\/\/www.sisinternational.com\/pt\/solucoes\/pesquisa-de-mercado-de-ia-e-consultoria-estrategica\/consultoria-de-inteligencia-artificial-em-automacao-de-jogos-online\/\" title=\"Consultoria em automa\u00e7\u00e3o de jogos online e intelig\u00eancia artificial\"  data-wpil-monitor-id=\"1724\">automation and artificial intelligence consulting<\/a> enable more sustainable practices by optimizing raw materials and energy use.<\/li>\n\n\n\n<li><strong>Inova\u00e7\u00e3o e Desenvolvimento de Produtos:<\/strong> A an\u00e1lise de mercado orientada por IA e o processamento de feedback dos clientes podem estimular a inova\u00e7\u00e3o, ajudando as empresas a desenvolver novos produtos ou a melhorar os existentes para atender \u00e0s crescentes demandas do mercado.<\/li>\n<\/ul>\n\n\n\n<h2 class=\"wp-block-heading\">Expected Results of Paper, pulp, and forest products automation and artificial intelligence consulting<\/h2>\n\n\n\n<p>Implementing automation and AI in the paper, pulp, and forest products industry, lead to significant transformative outcomes. These results reflect operational improvements and strategic advantages that position businesses for long-term success.<\/p>\n\n\n\n<p>Here are the expected results from engaging in paper, pulp, and forest <a href=\"https:\/\/www.sisinternational.com\/pt\/solucoes\/pesquisa-de-mercado-de-ia-e-consultoria-estrategica\/consultoria-de-ia-em-automacao-de-produtos-de-cuidados-pessoais\/\" title=\"Automa\u00e7\u00e3o de produtos de cuidados pessoais e consultoria de IA\"  data-wpil-monitor-id=\"2477\">products automation and AI consulting<\/a>:<\/p>\n\n\n\n<ul class=\"wp-block-list\">\n<li>Maior efici\u00eancia operacional e produtividade, automatizando processos rotineiros e que exigem muita m\u00e3o de obra, levando a tempos de produ\u00e7\u00e3o mais r\u00e1pidos e custos operacionais reduzidos.<\/li>\n\n\n\n<li>Maior qualidade e consist\u00eancia do produto, alcan\u00e7adas aproveitando a automa\u00e7\u00e3o para controle preciso dos processos de fabrica\u00e7\u00e3o e IA para monitoramento e ajustes de qualidade em tempo real.<\/li>\n\n\n\n<li>Melhorias significativas de sustentabilidade, incluindo redu\u00e7\u00e3o de res\u00edduos, utiliza\u00e7\u00e3o otimizada de recursos e menor consumo de energia, contribuem para a conserva\u00e7\u00e3o ambiental e a conformidade regulat\u00f3ria.<\/li>\n\n\n\n<li>Cadeias de fornecimento mais eficientes e resilientes, impulsionadas por an\u00e1lises de IA para previs\u00e3o de demanda, gerenciamento de estoque e otimiza\u00e7\u00e3o log\u00edstica, resultando em custos reduzidos e maior satisfa\u00e7\u00e3o do cliente.<\/li>\n\n\n\n<li>Inova\u00e7\u00e3o acelerada e maior capacidade de resposta ao mercado, com insights baseados em IA sobre as prefer\u00eancias dos clientes e tend\u00eancias de mercado, informando o desenvolvimento de produtos e a tomada de decis\u00f5es estrat\u00e9gicas.<\/li>\n\n\n\n<li>Uma for\u00e7a de trabalho mais segura e capacitada, \u00e0 medida que a automa\u00e7\u00e3o assume tarefas perigosas e os funcion\u00e1rios s\u00e3o redistribu\u00eddos para fun\u00e7\u00f5es de maior valor, aumentando a satisfa\u00e7\u00e3o no trabalho e a produtividade.<\/li>\n\n\n\n<li>Uma vantagem competitiva fortalecida no mercado, \u00e0 medida que as empresas que adotam a automa\u00e7\u00e3o e a IA est\u00e3o melhor posicionadas para oferecer produtos inovadores, atender \u00e0s demandas dos clientes e operar de forma mais sustent\u00e1vel e eficiente.<\/li>\n<\/ul>\n\n\n\n<h2 class=\"wp-block-heading\">Technologies We Leverage in This Consulting<\/h2>\n\n\n\n<figure class=\"gb-block-image gb-block-image-48d2750a\"><img loading=\"lazy\" decoding=\"async\" width=\"1456\" height=\"816\" class=\"gb-image gb-image-48d2750a\" src=\"https:\/\/www.sisinternational.com\/wp-content\/uploads\/2025\/10\/Forest-Products-Automatio-3.jpg\" alt=\"Pesquisa e Estrat\u00e9gia de Mercado Internacional da SIS\" title=\"Forest Products Automatio (3)\" srcset=\"https:\/\/www.sisinternational.com\/wp-content\/uploads\/2025\/10\/Forest-Products-Automatio-3.jpg 1456w, https:\/\/www.sisinternational.com\/wp-content\/uploads\/2025\/10\/Forest-Products-Automatio-3-300x168.jpg 300w, https:\/\/www.sisinternational.com\/wp-content\/uploads\/2025\/10\/Forest-Products-Automatio-3-1024x574.jpg 1024w, https:\/\/www.sisinternational.com\/wp-content\/uploads\/2025\/10\/Forest-Products-Automatio-3-768x430.jpg 768w, https:\/\/www.sisinternational.com\/wp-content\/uploads\/2025\/10\/Forest-Products-Automatio-3-18x10.jpg 18w\" sizes=\"auto, (max-width: 1456px) 100vw, 1456px\"><\/figure>\n\n\n\n<p><\/p>\n\n\n\n<p>In paper, pulp, and forest products automation and <a href=\"https:\/\/www.sisinternational.com\/pt\/solucoes\/pesquisa-de-mercado-de-ia-e-consultoria-estrategica\/consultoria-de-inteligencia-artificial-em-viagens\/\" title=\"Consultoria em Intelig\u00eancia Artificial em Viagens\"  data-wpil-monitor-id=\"1916\">artificial intelligence consulting<\/a>, SIS harnesses advanced technologies and tools. These are designed to address the industry&#8217;s unique challenges, enhancing operational efficiency, product quality, and environmental sustainability.<\/p>\n\n\n\n<p>Here\u2019s an overview of the technologies and methodologies SIS typically leverages:<\/p>\n\n\n\n<ul class=\"wp-block-list\">\n<li><strong>Sistemas de IA de controle de qualidade:<\/strong> Sistemas avan\u00e7ados de IA monitoram a qualidade do produto em tempo real, identificando desvios dos padr\u00f5es e permitindo corre\u00e7\u00f5es imediatas, garantindo qualidade consistente do produto.<\/li>\n\n\n\n<li><strong>Ferramentas de an\u00e1lise e visualiza\u00e7\u00e3o de dados:<\/strong> Ao agregar e analisar dados de diversas fontes, essas ferramentas fornecem insights pr\u00e1ticos sobre o desempenho operacional, tend\u00eancias de mercado e prefer\u00eancias dos clientes, apoiando a tomada de decis\u00f5es informadas.<\/li>\n\n\n\n<li><strong>Sistemas automatizados de manuseio de materiais:<\/strong> As tecnologias de rob\u00f3tica e automa\u00e7\u00e3o melhoram a efici\u00eancia e a seguran\u00e7a dos processos de manuseio de materiais, desde a coleta de mat\u00e9ria-prima at\u00e9 a embalagem do produto acabado.<\/li>\n\n\n\n<li><strong>Blockchain para transpar\u00eancia na cadeia de suprimentos:<\/strong> A tecnologia Blockchain cria registros transparentes e seguros de origens, processamento e distribui\u00e7\u00e3o de produtos, melhorando a rastreabilidade e a confian\u00e7a do consumidor.<\/li>\n<\/ul>\n\n\n\n<h2 class=\"wp-block-heading\">Why Engage with SIS International&#8217;s Paper, pulp, and forest products automation and artificial intelligence consulting<\/h2>\n\n\n\n<p>O <a href=\"https:\/\/www.linkedin.com\/company\/sisinternationalresearch\/\" target=\"_blank\" rel=\"noopener\">SIS Internacional<\/a> approach to paper, pulp, and forest products automation and artificial intelligence consulting has a holistic, strategic, and client-centric methodology. This approach ensures that clients not only navigate the transition toward automation and AI effectively but also harness these technologies to drive innovation, efficiency, and sustainability. Here&#8217;s an in-depth look at the SIS approach:<\/p>\n\n\n\n<ul class=\"wp-block-list\">\n<li><strong>Solu\u00e7\u00f5es personalizadas:<\/strong> Understanding that each business faces unique challenges and opportunities, SIS begins with a comprehensive assessment of the client&#8217;s current operations, market position, and strategic goals.<\/li>\n\n\n\n<li><strong>Aproveitando tecnologias avan\u00e7adas:<\/strong> With expertise in the latest automation and AI technologies, SIS advises clients on the most effective tools and systems to enhance their operations.\u00a0<\/li>\n\n\n\n<li><strong>Pr\u00e1ticas Sustent\u00e1veis:<\/strong> Um componente-chave da abordagem SIS \u00e9 a sustentabilidade. Ao otimizar a utiliza\u00e7\u00e3o de recursos e reduzir o desperd\u00edcio atrav\u00e9s da automa\u00e7\u00e3o e da IA, a SIS ajuda os clientes a melhorar a sua pegada ambiental e a alcan\u00e7ar maior efici\u00eancia operacional.<\/li>\n\n\n\n<li><strong>An\u00e1lise perspicaz:<\/strong> SIS provides clients with actionable insights into their operations, market trends, and customer preferences. It enables more informed decision-making and strategic planning.<\/li>\n\n\n\n<li><strong>Apoiando a transi\u00e7\u00e3o:<\/strong> Recognizing the impact of automation and AI on the workforce, SIS offers guidance on workforce development and change management.\u00a0<\/li>\n\n\n\n<li><strong>Suporte cont\u00ednuo:<\/strong> Beyond initial implementation, SIS provides continuing support and advice to clients, fostering continuous improvement and innovation.\u00a0<\/li>\n\n\n\n<li><strong>Navegando pelos desafios regulat\u00f3rios:<\/strong> A SIS auxilia os clientes a navegar no complexo cen\u00e1rio regulat\u00f3rio da ind\u00fastria de papel, celulose e produtos florestais, garantindo que as iniciativas de automa\u00e7\u00e3o e IA cumpram todas as regulamenta\u00e7\u00f5es e padr\u00f5es relevantes.<\/li>\n<\/ul>\n\n\n\n<div class=\"is-root-container is-desktop-preview is-layout-flow wp-block-post-content block-editor-block-list__layout\" spellcheck=\"false\">\n<div id=\"block-37fdf129-2515-4c97-9c3a-bd8432dd582f\" class=\"block-editor-block-list__block wp-block is-selected wp-block-freeform is-hovered\" tabindex=\"0\" role=\"document\" aria-label=\"Block: Classic\" data-block=\"37fdf129-2515-4c97-9c3a-bd8432dd582f\" data-type=\"core\/freeform\" data-title=\"Classic\">\n<div id=\"editor-37fdf129-2515-4c97-9c3a-bd8432dd582f\" class=\"wp-block-freeform block-library-rich-text__tinymce mce-content-body html5-captions mce-edit-focus\" style=\"position: relative;\" contenteditable=\"true\">\n<h2>Localiza\u00e7\u00e3o de nossas instala\u00e7\u00f5es em Nova York<\/h2>\n<p>  <iframe loading=\"lazy\" src=\"https:\/\/www.google.com\/maps\/embed?pb=!1m18!1m12!1m3!1d3022.976188376966!2d-73.99130312499956!3d40.740549471389315!2m3!1f0!2f0!3f0!3m2!1i1024!2i768!4f13.1!3m3!1m2!1s0x89c259a15798c731%3A0xd695d09bdd495f25!2s11%20E%2022nd%20St%20FL%202%2C%20New%20York%2C%20NY%2010010%2C%20USA!5e0!3m2!1sen!2spe!4v1726171763526!5m2!1sen!2spe\" width=\"600\" height=\"450\" allowfullscreen=\"allowfullscreen\" data-mce-fragment=\"1\"><\/iframe>  <\/p>\n<h3 class=\"wp-block-heading\">11 E 22nd Street, 2\u00ba andar, Nova York, NY 10010 T: +1(212) 505-6805<\/h3>\n<hr>\n<h2><span style=\"font-weight: 400;\">Sobre SIS Internacional<\/span><\/h2>\n<p><a href=\"https:\/\/www.sisinternational.com\/pt\/\"><span style=\"font-weight: 400;\">SIS Internacional<\/span><\/a><span style=\"font-weight: 400;\"> oferece pesquisa quantitativa, qualitativa e estrat\u00e9gica. Fornecemos dados, ferramentas, estrat\u00e9gias, relat\u00f3rios e insights para a tomada de decis\u00f5es. Tamb\u00e9m realizamos entrevistas, pesquisas, grupos focais e outros m\u00e9todos e abordagens de Pesquisa de Mercado.<\/span><a href=\"https:\/\/www.sisinternational.com\/pt\/sobre-a-sis-international-research\/contact-sis-international-market-research\/\"><span style=\"font-weight: 400;\"> Entre em contato conosco<\/span><\/a><span style=\"font-weight: 400;\"> para o seu pr\u00f3ximo projeto de pesquisa de mercado.<\/span><\/p>\n<hr><\/div>\n<\/div>\n<\/div>\n\n\n\n<p><\/p>\n\n\n\n<p><\/p>","protected":false},"excerpt":{"rendered":"<p>Consultoria em automa\u00e7\u00e3o de produtos florestais e intelig\u00eancia artificial Ajude as empresas na transi\u00e7\u00e3o para opera\u00e7\u00f5es eficientes e econ\u00f4micas.<\/p>","protected":false},"author":1,"featured_media":71632,"parent":44406,"menu_order":69,"comment_status":"closed","ping_status":"closed","template":"","meta":{"footnotes":""},"class_list":["post-46169","page","type-page","status-publish","has-post-thumbnail"],"_links":{"self":[{"href":"https:\/\/www.sisinternational.com\/pt\/wp-json\/wp\/v2\/pages\/46169","targetHints":{"allow":["GET"]}}],"collection":[{"href":"https:\/\/www.sisinternational.com\/pt\/wp-json\/wp\/v2\/pages"}],"about":[{"href":"https:\/\/www.sisinternational.com\/pt\/wp-json\/wp\/v2\/types\/page"}],"author":[{"embeddable":true,"href":"https:\/\/www.sisinternational.com\/pt\/wp-json\/wp\/v2\/users\/1"}],"replies":[{"embeddable":true,"href":"https:\/\/www.sisinternational.com\/pt\/wp-json\/wp\/v2\/comments?post=46169"}],"version-history":[{"count":24,"href":"https:\/\/www.sisinternational.com\/pt\/wp-json\/wp\/v2\/pages\/46169\/revisions"}],"predecessor-version":[{"id":79281,"href":"https:\/\/www.sisinternational.com\/pt\/wp-json\/wp\/v2\/pages\/46169\/revisions\/79281"}],"up":[{"embeddable":true,"href":"https:\/\/www.sisinternational.com\/pt\/wp-json\/wp\/v2\/pages\/44406"}],"wp:featuredmedia":[{"embeddable":true,"href":"https:\/\/www.sisinternational.com\/pt\/wp-json\/wp\/v2\/media\/71632"}],"wp:attachment":[{"href":"https:\/\/www.sisinternational.com\/pt\/wp-json\/wp\/v2\/media?parent=46169"}],"curies":[{"name":"wp","href":"https:\/\/api.w.org\/{rel}","templated":true}]}}