{"id":46159,"date":"2024-02-22T14:15:53","date_gmt":"2024-02-22T19:15:53","guid":{"rendered":"https:\/\/www.sisinternational.com\/?page_id=46159"},"modified":"2026-01-26T18:47:06","modified_gmt":"2026-01-26T23:47:06","slug":"adocao-de-ia-viagens-hospitalidade-turismo-consultoria-da-industria","status":"publish","type":"page","link":"https:\/\/www.sisinternational.com\/pt\/solucoes\/pesquisa-de-mercado-de-ia-e-consultoria-estrategica\/adocao-de-ia-viagens-hospitalidade-turismo-consultoria-da-industria\/","title":{"rendered":"Ado\u00e7\u00e3o de IA em consultoria da ind\u00fastria de viagens, hotelaria e turismo"},"content":{"rendered":"<h1 class=\"wp-block-heading\">Ado\u00e7\u00e3o de IA em consultoria da ind\u00fastria de viagens, hotelaria e turismo<\/h1>\n\n\n\n<figure class=\"gb-block-image gb-block-image-e650556e\"><img loading=\"lazy\" decoding=\"async\" width=\"1456\" height=\"816\" class=\"gb-image gb-image-e650556e\" src=\"https:\/\/www.sisinternational.com\/wp-content\/uploads\/2025\/10\/AI-Adoption-In-Travel-2.jpg\" alt=\"Pesquisa e Estrat\u00e9gia de Mercado Internacional da SIS\" title=\"AI Adoption In Travel (2)\" srcset=\"https:\/\/www.sisinternational.com\/wp-content\/uploads\/2025\/10\/AI-Adoption-In-Travel-2.jpg 1456w, https:\/\/www.sisinternational.com\/wp-content\/uploads\/2025\/10\/AI-Adoption-In-Travel-2-300x168.jpg 300w, https:\/\/www.sisinternational.com\/wp-content\/uploads\/2025\/10\/AI-Adoption-In-Travel-2-1024x574.jpg 1024w, https:\/\/www.sisinternational.com\/wp-content\/uploads\/2025\/10\/AI-Adoption-In-Travel-2-768x430.jpg 768w, https:\/\/www.sisinternational.com\/wp-content\/uploads\/2025\/10\/AI-Adoption-In-Travel-2-18x10.jpg 18w\" sizes=\"auto, (max-width: 1456px) 100vw, 1456px\"><\/figure>\n\n\n\n<hr class=\"wp-block-separator has-alpha-channel-opacity\"\/>\n\n\n\n<p>In a world where AI is revolutionizing industries at an unprecedented pace, AI adoption in travel, hospitality, and tourism stands on the brink of this shift\u2026 And the strategic integration of AI technologies promises to enhance operational efficiencies and unlock innovative service offerings, propelling businesses toward unprecedented growth and innovation.<\/p>\n\n\n\n<h2 class=\"wp-block-heading\">What Is AI Adoption In Travel, Hospitality and Tourism Industry Consulting?<\/h2>\n\n\n\n<figure class=\"gb-block-image gb-block-image-9b83d93a\"><img loading=\"lazy\" decoding=\"async\" width=\"1456\" height=\"816\" class=\"gb-image gb-image-9b83d93a\" src=\"https:\/\/www.sisinternational.com\/wp-content\/uploads\/2025\/10\/AI-Adoption-In-Travel-e-3.jpg\" alt=\"Pesquisa e Estrat\u00e9gia de Mercado Internacional da SIS\" title=\"AI Adoption In Travel e (3)\" srcset=\"https:\/\/www.sisinternational.com\/wp-content\/uploads\/2025\/10\/AI-Adoption-In-Travel-e-3.jpg 1456w, https:\/\/www.sisinternational.com\/wp-content\/uploads\/2025\/10\/AI-Adoption-In-Travel-e-3-300x168.jpg 300w, https:\/\/www.sisinternational.com\/wp-content\/uploads\/2025\/10\/AI-Adoption-In-Travel-e-3-1024x574.jpg 1024w, https:\/\/www.sisinternational.com\/wp-content\/uploads\/2025\/10\/AI-Adoption-In-Travel-e-3-768x430.jpg 768w, https:\/\/www.sisinternational.com\/wp-content\/uploads\/2025\/10\/AI-Adoption-In-Travel-e-3-18x10.jpg 18w\" sizes=\"auto, (max-width: 1456px) 100vw, 1456px\"><\/figure>\n\n\n\n<p>AI adoption in travel, hospitality, and <a href=\"https:\/\/sisaisolutions.com\/application-of-ai-in-tourism\/\" target=\"_blank\" rel=\"noopener\">tourism industry consulting<\/a> leverage data analytics, machine learning, and other AI technologies to gain insights into customer preferences, behavior, and trends. These insights enable businesses to offer personalized experiences, from tailored travel recommendations to customized hotel services, enhancing customer satisfaction and loyalty.<\/p>\n\n\n\n<p>Actually, today&#8217;s travelers expect seamless, personalized, and highly responsive interactions across all journey touchpoints. AI adoption in travel, hospitality, and <a href=\"https:\/\/www.sisinternational.com\/pt\/solucoes\/consultoria-em-hotelaria-e-turismo-em-viagens\/consultoria-em-desenvolvimento-turistico\/\" title=\"Consultoria em Desenvolvimento Tur\u00edstico\" data-wpil-monitor-id=\"3801\">tourism industry consulting<\/a> helps businesses meet these expectations by delivering customized recommendations, instant customer service through chatbots, and anticipatory guest services based on predictive analytics.<\/p>\n\n\n\n<h2 class=\"wp-block-heading\">Why Is AI Adoption In Travel, Hospitality and Tourism Industry Consulting Important Today?<\/h2>\n\n\n\n<p>Embracing AI within travel, <a href=\"https:\/\/sisaisolutions.com\/application-of-ai-in-hospitality\/\" target=\"_blank\" rel=\"noopener\">hospitality<\/a>, and tourism consulting means unlocking new possibilities for customer engagement, operational efficiency, and strategic growth. The benefits of AI adoption extend across various facets of the industry, driving measurable and impactful improvements such as:<\/p>\n\n\n\n<ul class=\"wp-block-list\">\n<li><strong>Experi\u00eancias personalizadas do cliente:<\/strong> A IA permite que as empresas analisem grandes quantidades de dados para oferecer recomenda\u00e7\u00f5es personalizadas de viagens, acomoda\u00e7\u00f5es e servi\u00e7os.<\/li>\n\n\n\n<li><strong>Efici\u00eancia operacional:<\/strong> A IA agiliza significativamente as opera\u00e7\u00f5es, desde check-ins na recep\u00e7\u00e3o at\u00e9 o gerenciamento de estoque por meio de automa\u00e7\u00e3o e an\u00e1lise preditiva. Isto reduz custos e permite que a equipe se concentre em melhorar as experi\u00eancias dos h\u00f3spedes.<\/li>\n\n\n\n<li><strong>Estrat\u00e9gias de pre\u00e7os din\u00e2micos:<\/strong> Os recursos preditivos da IA facilitam a precifica\u00e7\u00e3o din\u00e2mica, permitindo que as empresas otimizem as taxas com base na demanda, na concorr\u00eancia e em outros fatores de mercado. Isso maximiza a receita e garante a competitividade.<\/li>\n\n\n\n<li><strong>Tomada de decis\u00e3o aprimorada:<\/strong> With AI-driven insights, businesses can make informed strategic decisions, identify market trends, and anticipate customer needs. This foresight is invaluable in staying ahead of <a href=\"https:\/\/www.sisinternational.com\/pt\/oportunidades-bancarias-islamicas-e-obstaculos-para-a-industria-financeira-dos-eua\/\" title=\"Banco Isl\u00e2mico: Oportunidades e Obst\u00e1culos para a Ind\u00fastria Financeira dos EUA\" data-wpil-monitor-id=\"7038\">industry shifts and emerging opportunities<\/a>.<\/li>\n\n\n\n<li><strong>Melhor atendimento ao cliente:<\/strong> Chatbots de IA e assistentes virtuais fornecem atendimento ao cliente 24 horas por dia, 7 dias por semana, atendendo d\u00favidas e resolvendo problemas prontamente. Esta acessibilidade melhora a experi\u00eancia do cliente e liberta recursos humanos para tarefas mais complexas.<\/li>\n<\/ul>\n\n\n\n<h2 class=\"wp-block-heading\">Ind\u00fastrias<\/h2>\n\n\n\n<figure class=\"gb-block-image gb-block-image-375dd2f3\"><img loading=\"lazy\" decoding=\"async\" width=\"1456\" height=\"816\" class=\"gb-image gb-image-375dd2f3\" src=\"https:\/\/www.sisinternational.com\/wp-content\/uploads\/2025\/10\/AI-Adoption-In-Travel-e-1.jpg\" alt=\"Pesquisa e Estrat\u00e9gia de Mercado Internacional da SIS\" title=\"AI Adoption In Travel e (1)\" srcset=\"https:\/\/www.sisinternational.com\/wp-content\/uploads\/2025\/10\/AI-Adoption-In-Travel-e-1.jpg 1456w, https:\/\/www.sisinternational.com\/wp-content\/uploads\/2025\/10\/AI-Adoption-In-Travel-e-1-300x168.jpg 300w, https:\/\/www.sisinternational.com\/wp-content\/uploads\/2025\/10\/AI-Adoption-In-Travel-e-1-1024x574.jpg 1024w, https:\/\/www.sisinternational.com\/wp-content\/uploads\/2025\/10\/AI-Adoption-In-Travel-e-1-768x430.jpg 768w, https:\/\/www.sisinternational.com\/wp-content\/uploads\/2025\/10\/AI-Adoption-In-Travel-e-1-18x10.jpg 18w\" sizes=\"auto, (max-width: 1456px) 100vw, 1456px\"><\/figure>\n\n\n\n<p><\/p>\n\n\n\n<p>The utilization of AI adoption in travel, hospitality, and <a href=\"https:\/\/www.sisinternational.com\/pt\/solucoes\/consultoria-em-hotelaria-e-turismo-em-viagens\/consultoria-em-turismo-cultural\/\" title=\"Consultoria em Turismo Cultural\" data-wpil-monitor-id=\"4686\">tourism industry consulting<\/a> spans a broad spectrum of stakeholders, each leveraging the technology to enhance various aspects of their operations, customer service, and strategic planning. Here&#8217;s an overview of who is adopting AI and how it&#8217;s transforming their operations:<\/p>\n\n\n\n<ul class=\"wp-block-list\">\n<li><strong>Hot\u00e9is e resorts:<\/strong> Major hotel chains and boutique resorts are at the forefront of AI adoption, using the technology to personalize guest experiences, optimize operational efficiency, and implement smart room features. AI enables these establishments to offer tailored recommendations, automate check-in processes, and control room environments, ensuring a superior guest experience.<\/li>\n\n\n\n<li><strong>Companhias A\u00e9reas e Servi\u00e7os de Transporte:<\/strong> Airlines and transportation companies utilize AI for various purposes, including predictive maintenance of fleets, dynamic pricing of tickets, and personalized customer service through AI-driven chatbots.\u00a0<\/li>\n\n\n\n<li><strong>Ag\u00eancias de Viagens e Operadores Tur\u00edsticos:<\/strong> Ag\u00eancias de viagens e operadores tur\u00edsticos usam IA para criar itiner\u00e1rios e experi\u00eancias personalizadas. Ao analisar os dados dos clientes, a IA ajuda essas empresas a compreender as prefer\u00eancias individuais e a projetar pacotes de viagens que atendam a interesses e necessidades espec\u00edficas.<\/li>\n\n\n\n<li><strong>Plataformas de viagens online:<\/strong> Agregadores de viagens online e plataformas de reservas aproveitam a ado\u00e7\u00e3o de IA em consultoria do setor de viagens, hotelaria e turismo para melhorar a funcionalidade de pesquisa, oferecer sugest\u00f5es de viagens personalizadas e implementar pre\u00e7os din\u00e2micos. Algoritmos de IA analisam o comportamento e as prefer\u00eancias do usu\u00e1rio para recomendar hot\u00e9is, voos e experi\u00eancias de viagem personalizadas para cada usu\u00e1rio.<\/li>\n\n\n\n<li><strong>Provedores de tecnologia para hospitalidade:<\/strong> As empresas que oferecem solu\u00e7\u00f5es tecnol\u00f3gicas para a ind\u00fastria hoteleira incorporam cada vez mais IA nos seus produtos, desde sistemas de gest\u00e3o de propriedades at\u00e9 ferramentas de gest\u00e3o de relacionamento com o cliente (CRM). A IA aprimora os recursos dessas solu\u00e7\u00f5es, oferecendo an\u00e1lises avan\u00e7adas, insights preditivos e recursos de automa\u00e7\u00e3o.<\/li>\n<\/ul>\n\n\n\n<h2 class=\"wp-block-heading\">Benef\u00edcios para empresas<\/h2>\n\n\n\n<p>Leveraging AI adoption in travel, hospitality, and tourism industry <a href=\"https:\/\/www.sisinternational.com\/pt\/venezuela-oil-mining-industry-potential-strategic-forecast-2026-2036\/\" title=\"Venezuela Oil &amp; Mining Industry Potential: Strategic Forecast 2026-2036\" data-wpil-monitor-id=\"6933\">consultando<\/a> is about integrating new technologies and creating a strategic foundation for innovation, efficiency, and enhanced customer experiences. The outcomes of AI adoption are designed to propel businesses forward, setting new benchmarks for success in a digitally-driven market.<\/p>\n\n\n\n<ul class=\"wp-block-list\">\n<li><strong>Maior efici\u00eancia operacional:<\/strong> A automa\u00e7\u00e3o orientada por IA e a an\u00e1lise preditiva melhoram significativamente os processos operacionais, desde check-ins e check-out simplificados at\u00e9 o gerenciamento otimizado de recursos, reduzindo custos e melhorando a velocidade e a qualidade do servi\u00e7o.<\/li>\n\n\n\n<li><strong>Experi\u00eancias personalizadas do cliente:<\/strong> Por meio da an\u00e1lise de dados e do aprendizado de m\u00e1quina, as empresas podem oferecer recomenda\u00e7\u00f5es de viagens, acomoda\u00e7\u00f5es e servi\u00e7os altamente personalizados, aumentando significativamente a satisfa\u00e7\u00e3o e a fidelidade do cliente.<\/li>\n\n\n\n<li><strong>Gerenciamento aprimorado de receitas:<\/strong> Os recursos preditivos da IA permitem pre\u00e7os din\u00e2micos e gerenciamento de estoque, otimizando a receita em diferentes canais e condi\u00e7\u00f5es de mercado.<\/li>\n\n\n\n<li><strong>Tomada de decis\u00e3o baseada em dados:<\/strong> Com a IA, as empresas acessam insights acion\u00e1veis a partir de dados de clientes, tend\u00eancias de mercado e m\u00e9tricas operacionais, facilitando decis\u00f5es estrat\u00e9gicas informadas e respostas \u00e1geis \u00e0s mudan\u00e7as do mercado.<\/li>\n\n\n\n<li><strong>Ofertas de servi\u00e7os inovadores:<\/strong> A ado\u00e7\u00e3o da IA promove a inova\u00e7\u00e3o, permitindo que as empresas introduzam novos produtos e servi\u00e7os, como assistentes de viagem pessoais com tecnologia de IA ou passeios imersivos em realidade virtual, diferenciando-se num mercado competitivo.<\/li>\n\n\n\n<li><strong>Melhor atendimento ao cliente:<\/strong> Chatbots de IA e assistentes virtuais oferecem suporte ao cliente 24 horas por dia, 7 dias por semana, lidando com d\u00favidas e problemas de forma eficiente e melhorando o atendimento geral ao cliente.<\/li>\n\n\n\n<li><strong>Pr\u00e1ticas Sustent\u00e1veis:<\/strong> A IA ajuda na implementa\u00e7\u00e3o de opera\u00e7\u00f5es sustent\u00e1veis atrav\u00e9s da utiliza\u00e7\u00e3o otimizada de recursos e da gest\u00e3o de energia, contribuindo para pr\u00e1ticas empresariais ecol\u00f3gicas.<\/li>\n<\/ul>\n\n\n\n<h2 class=\"wp-block-heading\">Why SIS International&#8217;s AI Adoption In Travel, Hospitality and Tourism Industry Consulting?<\/h2>\n\n\n\n<figure class=\"gb-block-image gb-block-image-7754a945\"><img loading=\"lazy\" decoding=\"async\" width=\"1456\" height=\"816\" class=\"gb-image gb-image-7754a945\" src=\"https:\/\/www.sisinternational.com\/wp-content\/uploads\/2025\/10\/AI-Adoption-In-Travel-1.jpg\" alt=\"Pesquisa e Estrat\u00e9gia de Mercado Internacional da SIS\" title=\"AI Adoption In Travel (1)\" srcset=\"https:\/\/www.sisinternational.com\/wp-content\/uploads\/2025\/10\/AI-Adoption-In-Travel-1.jpg 1456w, https:\/\/www.sisinternational.com\/wp-content\/uploads\/2025\/10\/AI-Adoption-In-Travel-1-300x168.jpg 300w, https:\/\/www.sisinternational.com\/wp-content\/uploads\/2025\/10\/AI-Adoption-In-Travel-1-1024x574.jpg 1024w, https:\/\/www.sisinternational.com\/wp-content\/uploads\/2025\/10\/AI-Adoption-In-Travel-1-768x430.jpg 768w, https:\/\/www.sisinternational.com\/wp-content\/uploads\/2025\/10\/AI-Adoption-In-Travel-1-18x10.jpg 18w\" sizes=\"auto, (max-width: 1456px) 100vw, 1456px\"><\/figure>\n\n\n\n<p><\/p>\n\n\n\n<p>No <a href=\"https:\/\/www.linkedin.com\/company\/sisinternationalresearch\/\" target=\"_blank\" rel=\"noopener\">SIS<\/a>, our AI adoption in travel, hospitality, and tourism industry consulting is built on a foundation of unparalleled market expertise, cutting-edge technology insights, and a tailored approach to each client&#8217;s unique challenges and opportunities. Our dedication to delivering actionable, forward-thinking strategies ensures that our clients are prepared for and actively shaping the future.<\/p>\n\n\n\n<ul class=\"wp-block-list\">\n<li><strong>Solu\u00e7\u00f5es de IA personalizadas:<\/strong> A SIS \u00e9 especializada no desenvolvimento de estrat\u00e9gias personalizadas de ado\u00e7\u00e3o de IA, uma vez que cada empresa tem necessidades e objetivos estrat\u00e9gicos \u00fanicos. Nossas solu\u00e7\u00f5es personalizadas s\u00e3o adaptadas para atender \u00e0s opera\u00e7\u00f5es espec\u00edficas do cliente, aos modelos de envolvimento do cliente e aos objetivos de longo prazo, garantindo que as tecnologias de IA sejam integradas para maximizar seu impacto.<\/li>\n\n\n\n<li><strong>Experi\u00eancia espec\u00edfica do setor:<\/strong> A SIS conta com uma equipe de consultores com profundo conhecimento nos setores de viagens, hotelaria e turismo. Esse conhecimento espec\u00edfico do setor nos permite antecipar tend\u00eancias, compreender as nuances das expectativas dos clientes e navegar no cen\u00e1rio regulat\u00f3rio, proporcionando aos nossos clientes uma vantagem competitiva.<\/li>\n\n\n\n<li><strong>Abordagem Hol\u00edstica:<\/strong> Nossos servi\u00e7os de consultoria v\u00e3o al\u00e9m da implementa\u00e7\u00e3o de tecnologia. Oferecemos uma abordagem hol\u00edstica que abrange pesquisa de mercado, an\u00e1lise competitiva, insights de clientes e explora\u00e7\u00e3o de inova\u00e7\u00e3o. Esta perspetiva abrangente garante que a ado\u00e7\u00e3o da IA esteja estrategicamente alinhada com objetivos de neg\u00f3cio mais amplos e oportunidades de mercado.<\/li>\n\n\n\n<li><strong>Parcerias Estrat\u00e9gicas e Desenvolvimento de Ecossistemas:<\/strong> A SIS aproveita parcerias estrat\u00e9gicas com fornecedores l\u00edderes de tecnologia, institui\u00e7\u00f5es de pesquisa e centros de inova\u00e7\u00e3o. Esta abordagem de ecossistema enriquece as nossas estrat\u00e9gias de ado\u00e7\u00e3o de IA com tecnologias e insights de ponta, oferecendo aos nossos clientes acesso aos mais recentes avan\u00e7os e oportunidades colaborativas.<\/li>\n\n\n\n<li><strong>Implementa\u00e7\u00e3o \u00e9tica e sustent\u00e1vel de IA:<\/strong> Enfatizamos fortemente as considera\u00e7\u00f5es \u00e9ticas e a sustentabilidade na ado\u00e7\u00e3o da IA. Nossas estrat\u00e9gias s\u00e3o projetadas para garantir que as solu\u00e7\u00f5es de IA sejam implementadas de forma respons\u00e1vel, com aten\u00e7\u00e3o \u00e0 privacidade dos dados, ao uso \u00e9tico da IA e \u00e0s contribui\u00e7\u00f5es para pr\u00e1ticas comerciais sustent\u00e1veis.<\/li>\n\n\n\n<li><strong>Suporte e evolu\u00e7\u00e3o cont\u00ednuos:<\/strong> Reconhecendo que a ado\u00e7\u00e3o da IA \u00e9 uma jornada cont\u00ednua, a SIS fornece suporte cont\u00ednuo e servi\u00e7os de consultoria para garantir que as estrat\u00e9gias de IA evoluam de acordo com os avan\u00e7os tecnol\u00f3gicos e as mudan\u00e7as na din\u00e2mica do mercado. Nosso compromisso com parcerias de longo prazo garante que nossos clientes permane\u00e7am na vanguarda da inova\u00e7\u00e3o.<\/li>\n\n\n\n<li><strong>Resultados mensur\u00e1veis e foco no ROI:<\/strong> Finalmente, a nossa abordagem \u00e9 orientada para resultados, focando-se claramente na entrega de resultados mensur\u00e1veis e num forte retorno do investimento. Estabelecemos m\u00e9tricas claras para o sucesso, garantindo que a ado\u00e7\u00e3o da IA conduza melhorias significativas na efici\u00eancia operacional, na satisfa\u00e7\u00e3o do cliente e no crescimento dos neg\u00f3cios.<\/li>\n<\/ul>\n\n\n\n<h2 class=\"wp-block-heading\">Localiza\u00e7\u00e3o de nossas instala\u00e7\u00f5es em Nova York<\/h2>\n\n\n\n<p>  <iframe loading=\"lazy\" src=\"https:\/\/www.google.com\/maps\/embed?pb=!1m18!1m12!1m3!1d3022.976188376966!2d-73.99130312499956!3d40.740549471389315!2m3!1f0!2f0!3f0!3m2!1i1024!2i768!4f13.1!3m3!1m2!1s0x89c259a15798c731%3A0xd695d09bdd495f25!2s11%20E%2022nd%20St%20FL%202%2C%20New%20York%2C%20NY%2010010%2C%20USA!5e0!3m2!1sen!2spe!4v1726171763526!5m2!1sen!2spe\" width=\"600\" height=\"450\" allowfullscreen=\"allowfullscreen\" data-mce-fragment=\"1\"><\/iframe>  <\/p>\n\n\n\n<h3 class=\"wp-block-heading\">11 E 22nd Street, 2\u00ba andar, Nova York, NY 10010 T: +1(212) 505-6805<\/h3>\n\n\n\n<hr class=\"wp-block-separator has-alpha-channel-opacity\"\/>\n\n\n\n<h2 class=\"wp-block-heading\"><span style=\"font-weight: 400;\">Sobre SIS Internacional<\/span><\/h2>\n\n\n\n<p><a href=\"https:\/\/www.sisinternational.com\/pt\/\"><span style=\"font-weight: 400;\">SIS Internacional<\/span><\/a><span style=\"font-weight: 400;\"> oferece pesquisa quantitativa, qualitativa e estrat\u00e9gica. Fornecemos dados, ferramentas, estrat\u00e9gias, relat\u00f3rios e insights para a tomada de decis\u00f5es. Tamb\u00e9m realizamos entrevistas, pesquisas, grupos focais e outros m\u00e9todos e abordagens de Pesquisa de Mercado.<\/span><a href=\"https:\/\/www.sisinternational.com\/pt\/sobre-a-sis-international-research\/contact-sis-international-market-research\/\"><span style=\"font-weight: 400;\"> Entre em contato conosco<\/span><\/a><span style=\"font-weight: 400;\"> para o seu pr\u00f3ximo projeto de pesquisa de mercado.<\/span><\/p>\n\n\n\n<hr class=\"wp-block-separator has-alpha-channel-opacity\"\/>\n\n\n\n<h2 class=\"wp-block-heading\">&nbsp;<\/h2>\n\n\n\n<p><\/p>\n\n\n\n<p><\/p>","protected":false},"excerpt":{"rendered":"<p>A ado\u00e7\u00e3o de IA em consultoria do setor de viagens, hotelaria e turismo usa tecnologia de IA para analisar o comportamento, tend\u00eancias e prefer\u00eancias do cliente.<\/p>","protected":false},"author":1,"featured_media":71608,"parent":44406,"menu_order":68,"comment_status":"closed","ping_status":"closed","template":"","meta":{"_uag_custom_page_level_css":"","footnotes":""},"class_list":["post-46159","page","type-page","status-publish","has-post-thumbnail"],"uagb_featured_image_src":{"full":["https:\/\/www.sisinternational.com\/wp-content\/uploads\/2025\/10\/AI-Adoption-In-Travel-2.jpg",1456,816,false],"thumbnail":["https:\/\/www.sisinternational.com\/wp-content\/uploads\/2025\/10\/AI-Adoption-In-Travel-2-150x150.jpg",150,150,true],"medium":["https:\/\/www.sisinternational.com\/wp-content\/uploads\/2025\/10\/AI-Adoption-In-Travel-2-300x168.jpg",300,168,true],"medium_large":["https:\/\/www.sisinternational.com\/wp-content\/uploads\/2025\/10\/AI-Adoption-In-Travel-2-768x430.jpg",768,430,true],"large":["https:\/\/www.sisinternational.com\/wp-content\/uploads\/2025\/10\/AI-Adoption-In-Travel-2-1024x574.jpg",1024,574,true],"1536x1536":["https:\/\/www.sisinternational.com\/wp-content\/uploads\/2025\/10\/AI-Adoption-In-Travel-2.jpg",1456,816,false],"2048x2048":["https:\/\/www.sisinternational.com\/wp-content\/uploads\/2025\/10\/AI-Adoption-In-Travel-2.jpg",1456,816,false],"trp-custom-language-flag":["https:\/\/www.sisinternational.com\/wp-content\/uploads\/2025\/10\/AI-Adoption-In-Travel-2-18x10.jpg",18,10,true]},"uagb_author_info":{"display_name":"Ruth Stanat","author_link":"https:\/\/www.sisinternational.com\/pt\/author\/expert\/"},"uagb_comment_info":0,"uagb_excerpt":"AI adoption in travel, hospitality, and tourism industry consulting uses AI tech to analyze customer behavior, trends, and preferences.","_links":{"self":[{"href":"https:\/\/www.sisinternational.com\/pt\/wp-json\/wp\/v2\/pages\/46159","targetHints":{"allow":["GET"]}}],"collection":[{"href":"https:\/\/www.sisinternational.com\/pt\/wp-json\/wp\/v2\/pages"}],"about":[{"href":"https:\/\/www.sisinternational.com\/pt\/wp-json\/wp\/v2\/types\/page"}],"author":[{"embeddable":true,"href":"https:\/\/www.sisinternational.com\/pt\/wp-json\/wp\/v2\/users\/1"}],"replies":[{"embeddable":true,"href":"https:\/\/www.sisinternational.com\/pt\/wp-json\/wp\/v2\/comments?post=46159"}],"version-history":[{"count":18,"href":"https:\/\/www.sisinternational.com\/pt\/wp-json\/wp\/v2\/pages\/46159\/revisions"}],"predecessor-version":[{"id":80602,"href":"https:\/\/www.sisinternational.com\/pt\/wp-json\/wp\/v2\/pages\/46159\/revisions\/80602"}],"up":[{"embeddable":true,"href":"https:\/\/www.sisinternational.com\/pt\/wp-json\/wp\/v2\/pages\/44406"}],"wp:featuredmedia":[{"embeddable":true,"href":"https:\/\/www.sisinternational.com\/pt\/wp-json\/wp\/v2\/media\/71608"}],"wp:attachment":[{"href":"https:\/\/www.sisinternational.com\/pt\/wp-json\/wp\/v2\/media?parent=46159"}],"curies":[{"name":"wp","href":"https:\/\/api.w.org\/{rel}","templated":true}]}}