{"id":46128,"date":"2024-02-19T14:57:00","date_gmt":"2024-02-19T19:57:00","guid":{"rendered":"https:\/\/www.sisinternational.com\/?page_id=46128"},"modified":"2026-01-26T18:52:10","modified_gmt":"2026-01-26T23:52:10","slug":"consultoria-de-estrategia-de-ia","status":"publish","type":"page","link":"https:\/\/www.sisinternational.com\/pt\/solucoes\/pesquisa-de-mercado-de-ia-e-consultoria-estrategica\/consultoria-de-estrategia-de-ia\/","title":{"rendered":"Consultoria em estrat\u00e9gia de IA"},"content":{"rendered":"<h1 class=\"wp-block-heading\">Consultoria em estrat\u00e9gia de IA<\/h1>\n\n\n\n<figure class=\"gb-block-image gb-block-image-b5080a15\"><img loading=\"lazy\" decoding=\"async\" width=\"1456\" height=\"816\" class=\"gb-image gb-image-b5080a15\" src=\"https:\/\/www.sisinternational.com\/wp-content\/uploads\/2025\/10\/AI-Strategy-Consulting-2.jpg\" alt=\"Pesquisa e Estrat\u00e9gia de Mercado Internacional da SIS\" title=\"AI Strategy Consulting (2)\" srcset=\"https:\/\/www.sisinternational.com\/wp-content\/uploads\/2025\/10\/AI-Strategy-Consulting-2.jpg 1456w, https:\/\/www.sisinternational.com\/wp-content\/uploads\/2025\/10\/AI-Strategy-Consulting-2-300x168.jpg 300w, https:\/\/www.sisinternational.com\/wp-content\/uploads\/2025\/10\/AI-Strategy-Consulting-2-1024x574.jpg 1024w, https:\/\/www.sisinternational.com\/wp-content\/uploads\/2025\/10\/AI-Strategy-Consulting-2-768x430.jpg 768w, https:\/\/www.sisinternational.com\/wp-content\/uploads\/2025\/10\/AI-Strategy-Consulting-2-18x10.jpg 18w\" sizes=\"auto, (max-width: 1456px) 100vw, 1456px\"><\/figure>\n\n\n\n<p><\/p>\n\n\n\n<hr class=\"wp-block-separator has-alpha-channel-opacity\"\/>\n\n\n\n<p>In an era where AI is reshaping the competitive landscape, businesses that fail to integrate AI into their strategic planning find themselves at a disadvantage\u2026 So, how can organizations harness AI&#8217;s transformative power to survive and thrive in this new era? AI strategy consulting delivers a roadmap for integrating AI technologies that align with business objectives and drive innovation \u2013 and ensures that AI initiatives are not siloed tech projects but integral elements of a holistic business strategy.<\/p>\n\n\n\n<h2 class=\"wp-block-heading\">What Is AI Strategy Consulting? Why Is It Important?<\/h2>\n\n\n\n<figure class=\"wp-block-image\"><img decoding=\"async\" src=\"https:\/\/www.sisinternational.com\/wp-content\/uploads\/2025\/06\/AI-9.jpg\" alt=\"Pesquisa e Estrat\u00e9gia de Mercado Internacional da SIS\" class=\"wp-image-60063\"><\/figure>\n\n\n\n<p><\/p>\n\n\n\n<p>AI strategy consulting helps businesses navigate the complexities of AI integration, ensuring that technology investments align with business goals. It&#8217;s about transforming organizational processes, culture, and capabilities to leverage AI&#8217;s full potential. It equips companies with a clear vision and roadmap for AI adoption, ensuring that technological investments are innovative, strategic, and aligned with long-term goals. This foresight is essential in avoiding the common pitfall of investing in AI technologies without clearly understanding their potential impact on the business.<\/p>\n\n\n\n<p>Al\u00e9m disso, a complexidade das tecnologias de IA e o ritmo acelerado da transforma\u00e7\u00e3o digital exigem conhecimentos e compet\u00eancias especializadas. A consultoria estrat\u00e9gica de IA oferece acesso a especialistas que podem navegar pelos desafios t\u00e9cnicos e estrat\u00e9gicos da integra\u00e7\u00e3o de IA, desde governan\u00e7a de dados e desenvolvimento de modelos at\u00e9 considera\u00e7\u00f5es \u00e9ticas e conformidade regulat\u00f3ria. Esta experi\u00eancia \u00e9 inestim\u00e1vel para mitigar riscos, acelerar a implementa\u00e7\u00e3o e maximizar o ROI de projetos de IA.<\/p>\n\n\n\n<p>A consultoria estrat\u00e9gica de IA tamb\u00e9m promove uma cultura de inova\u00e7\u00e3o nas organiza\u00e7\u00f5es. Ao envolver equipas multifuncionais no desenvolvimento e execu\u00e7\u00e3o de estrat\u00e9gias de IA, as empresas podem incentivar a colabora\u00e7\u00e3o, a partilha de conhecimento e uma mentalidade orientada para a melhoria cont\u00ednua e a inova\u00e7\u00e3o. Em qualquer caso, traz muitos outros benef\u00edcios para as empresas, incluindo:<\/p>\n\n\n\n<ul class=\"wp-block-list\">\n<li><strong>Vantagem competitiva:<\/strong> As empresas podem obter uma vantagem significativa sobre os concorrentes aproveitando a IA para otimizar opera\u00e7\u00f5es, melhorar as experi\u00eancias dos clientes e inovar produtos e servi\u00e7os.<\/li>\n\n\n\n<li><strong>Gerenciamento de riscos:<\/strong> A consultoria estrat\u00e9gica de IA ajuda as empresas a navegar por essas complexidades, garantindo conformidade com regulamenta\u00e7\u00f5es, uso \u00e9tico de IA e pr\u00e1ticas robustas de governan\u00e7a de dados.<\/li>\n\n\n\n<li><strong>Inova\u00e7\u00e3o e Crescimento:<\/strong> A consultoria estrat\u00e9gica em IA promove uma cultura de inova\u00e7\u00e3o nas organiza\u00e7\u00f5es, incentivando a explora\u00e7\u00e3o de novas ideias e a ado\u00e7\u00e3o de tecnologias de ponta. Esta cultura \u00e9 essencial para sustentar o crescimento, adaptar-se \u00e0s mudan\u00e7as do mercado e criar novas propostas de valor que atendam \u00e0s crescentes necessidades dos clientes.<\/li>\n\n\n\n<li><strong>Tomada de decis\u00e3o aprimorada:<\/strong> As empresas podem tomar decis\u00f5es mais informadas e baseadas em dados, aproveitando o poder da IA para an\u00e1lise de dados e an\u00e1lise preditiva. A consultoria de estrat\u00e9gia de IA orienta a integra\u00e7\u00e3o de ferramentas de IA que fornecem insights acion\u00e1veis, aprimorando o processo de tomada de decis\u00e3o estrat\u00e9gica.<\/li>\n\n\n\n<li><strong>Solu\u00e7\u00f5es personalizadas:<\/strong> A consultoria estrat\u00e9gica de IA oferece solu\u00e7\u00f5es personalizadas que atendem \u00e0s necessidades espec\u00edficas do neg\u00f3cio, garantindo que as iniciativas de IA sejam eficazes e escal\u00e1veis.<\/li>\n<\/ul>\n\n\n\n<h2 class=\"wp-block-heading\">Who benefits from AI Strategy Consulting<\/h2>\n\n\n\n<figure class=\"gb-block-image gb-block-image-d743a8e3\"><img loading=\"lazy\" decoding=\"async\" width=\"1456\" height=\"816\" class=\"gb-image gb-image-d743a8e3\" src=\"https:\/\/www.sisinternational.com\/wp-content\/uploads\/2025\/10\/AI-Strategy-Consulting-1.jpg\" alt=\"Pesquisa e Estrat\u00e9gia de Mercado Internacional da SIS\" title=\"AI Strategy Consulting (1)\" srcset=\"https:\/\/www.sisinternational.com\/wp-content\/uploads\/2025\/10\/AI-Strategy-Consulting-1.jpg 1456w, https:\/\/www.sisinternational.com\/wp-content\/uploads\/2025\/10\/AI-Strategy-Consulting-1-300x168.jpg 300w, https:\/\/www.sisinternational.com\/wp-content\/uploads\/2025\/10\/AI-Strategy-Consulting-1-1024x574.jpg 1024w, https:\/\/www.sisinternational.com\/wp-content\/uploads\/2025\/10\/AI-Strategy-Consulting-1-768x430.jpg 768w, https:\/\/www.sisinternational.com\/wp-content\/uploads\/2025\/10\/AI-Strategy-Consulting-1-18x10.jpg 18w\" sizes=\"auto, (max-width: 1456px) 100vw, 1456px\"><\/figure>\n\n\n\n<p><\/p>\n\n\n\n<p>A consultoria estrat\u00e9gica de IA n\u00e3o se limita a um setor ou ind\u00fastria espec\u00edfica; sua aplicabilidade abrange uma ampla gama de neg\u00f3cios, desde startups at\u00e9 corpora\u00e7\u00f5es multinacionais \u2013 e aqui est\u00e1 uma an\u00e1lise mais detalhada de quem usa consultoria estrat\u00e9gica de IA e por que ela se tornou um recurso indispens\u00e1vel.<\/p>\n\n\n\n<ul class=\"wp-block-list\">\n<li><strong>Grandes Empresas:<\/strong> A consultoria estrat\u00e9gica de IA ajuda essas organiza\u00e7\u00f5es a aproveitar a IA para automatizar processos, melhorar a tomada de decis\u00f5es e criar novos modelos de neg\u00f3cios, garantindo que permane\u00e7am \u00e1geis e competitivas em mercados em r\u00e1pida mudan\u00e7a.<\/li>\n\n\n\n<li><strong>Startups e expans\u00f5es:<\/strong> A agilidade e a inova\u00e7\u00e3o s\u00e3o essenciais para startups e empresas em expans\u00e3o que pretendem perturbar os mercados tradicionais ou conquistar novos nichos. A consultoria estrat\u00e9gica de IA permite-lhes aproveitar as tecnologias de IA desde o in\u00edcio, incorporando intelig\u00eancia e efici\u00eancia nas suas opera\u00e7\u00f5es, produtos e servi\u00e7os, acelerando o crescimento e atraindo investimentos.<\/li>\n\n\n\n<li><strong>Organiza\u00e7\u00f5es do Setor P\u00fablico:<\/strong> Government agencies and entities are turning to AI strategy consulting to improve service delivery, enhance public welfare programs, and optimize resource management.<\/li>\n\n\n\n<li><strong>Prestadores de cuidados de sa\u00fade:<\/strong> O <a href=\"https:\/\/www.sisinternational.com\/pt\/solucoes\/consultoria-sis-blockchain\/blockchain-em-consultoria-de-estrategia-de-saude\/\" title=\"Blockchain em consultoria de estrat\u00e9gia de sa\u00fade\"  data-wpil-monitor-id=\"6424\">healthcare sector benefits from AI strategy consulting<\/a> by integrating AI into diagnostics, patient care, and operational efficiency. AI can help analyze vast amounts of data for better patient outcomes, personalized treatment plans, and streamlined administrative processes, improving the quality and accessibility of healthcare services.<\/li>\n\n\n\n<li><strong>Servi\u00e7os financeiros:<\/strong> A IA permite que essas empresas melhorem o gerenciamento de riscos, a detec\u00e7\u00e3o de fraudes, o atendimento ao cliente e a personaliza\u00e7\u00e3o, garantindo que atendam \u00e0s crescentes expectativas de seus clientes.<\/li>\n\n\n\n<li><strong>Fabrica\u00e7\u00e3o e cadeia de suprimentos:<\/strong> A consultoria estrat\u00e9gica de IA \u00e9 fundamental para otimizar os processos de produ\u00e7\u00e3o, melhorar o controle de qualidade e melhorar a visibilidade da cadeia de suprimentos. As tecnologias de IA permitem manuten\u00e7\u00e3o preditiva, previs\u00e3o de demanda e tomada de decis\u00f5es em tempo real, gerando efici\u00eancia e resili\u00eancia nas opera\u00e7\u00f5es.<\/li>\n\n\n\n<li><strong>Varejo e com\u00e9rcio eletr\u00f4nico:<\/strong> A consultoria estrat\u00e9gica de IA ajuda empresas de varejo e plataformas de com\u00e9rcio eletr\u00f4nico a personalizar as experi\u00eancias dos clientes, otimizar o gerenciamento de estoque e implementar solu\u00e7\u00f5es log\u00edsticas eficientes.<\/li>\n<\/ul>\n\n\n\n<h2 class=\"wp-block-heading\">When to Engage in AI Strategy Consulting<\/h2>\n\n\n\n<figure class=\"wp-block-image\"><img decoding=\"async\" src=\"https:\/\/www.sisinternational.com\/wp-content\/uploads\/2025\/06\/AI-43.jpg\" alt=\"Pesquisa e Estrat\u00e9gia de Mercado Internacional da SIS\" class=\"wp-image-60058\"><\/figure>\n\n\n\n<p><\/p>\n\n\n\n<p>A consultoria estrat\u00e9gica de IA \u00e9 um processo cont\u00ednuo que se alinha \u00e0 natureza evolutiva dos objetivos de neg\u00f3cios e aos avan\u00e7os tecnol\u00f3gicos. Reconhecer os momentos certos para investir em consultoria estrat\u00e9gica de IA pode aumentar significativamente a sua efic\u00e1cia e impacto nos resultados do neg\u00f3cio.<\/p>\n\n\n\n<ul class=\"wp-block-list\">\n<li><strong>\u00c0 frente dos principais investimentos em tecnologia:<\/strong> Antes de se comprometer com investimentos significativos em tecnologia ou infraestrutura, consultar estrategistas de IA pode ajudar a identificar as oportunidades de IA mais valiosas e evitar erros dispendiosos. Esta abordagem proativa garante que os investimentos em tecnologia sejam estrat\u00e9gicos, direcionados e capazes de produzir os resultados desejados.<\/li>\n\n\n\n<li><strong>Em resposta \u00e0s press\u00f5es competitivas:<\/strong> When competitors gain an edge through AI and technological innovation, AI strategy <a href=\"https:\/\/www.sisinternational.com\/pt\/solucoes\/consultoria-estrategica\/planejamento-de-cenario\/\" title=\"Consultoria estrat\u00e9gica de planejamento de cen\u00e1rios\"  data-wpil-monitor-id=\"7102\">consultando<\/a> can provide the insights and action plans needed to close the competitive gap and reposition your business as an industry leader.<\/li>\n\n\n\n<li><strong>Ao enfrentar inefici\u00eancias operacionais:<\/strong> Se gargalos ou inefici\u00eancias operacionais impedirem o crescimento ou a satisfa\u00e7\u00e3o do cliente, a consultoria estrat\u00e9gica de IA poder\u00e1 identificar processos prontos para automa\u00e7\u00e3o ou aprimoramento, impulsionando a efici\u00eancia e melhorando o desempenho.<\/li>\n\n\n\n<li><strong>Para capitalizar novas oportunidades de mercado:<\/strong> Esta consultoria pode descobrir como as tecnologias de IA podem abrir novos mercados, criar novas ofertas de produtos ou redefinir as experi\u00eancias dos clientes, garantindo que as empresas permane\u00e7am na vanguarda dos seus setores.<\/li>\n<\/ul>\n\n\n\n<h2 class=\"wp-block-heading\">AI Strategy Consulting with SIS International&nbsp;<\/h2>\n\n\n\n<figure class=\"gb-block-image gb-block-image-7b86b78c\"><img loading=\"lazy\" decoding=\"async\" width=\"1456\" height=\"816\" class=\"gb-image gb-image-7b86b78c\" src=\"https:\/\/www.sisinternational.com\/wp-content\/uploads\/2025\/10\/AI-Strategy-Consulting-3.jpg\" alt=\"Pesquisa e Estrat\u00e9gia de Mercado Internacional da SIS\" title=\"AI Strategy Consulting (3)\" srcset=\"https:\/\/www.sisinternational.com\/wp-content\/uploads\/2025\/10\/AI-Strategy-Consulting-3.jpg 1456w, https:\/\/www.sisinternational.com\/wp-content\/uploads\/2025\/10\/AI-Strategy-Consulting-3-300x168.jpg 300w, https:\/\/www.sisinternational.com\/wp-content\/uploads\/2025\/10\/AI-Strategy-Consulting-3-1024x574.jpg 1024w, https:\/\/www.sisinternational.com\/wp-content\/uploads\/2025\/10\/AI-Strategy-Consulting-3-768x430.jpg 768w, https:\/\/www.sisinternational.com\/wp-content\/uploads\/2025\/10\/AI-Strategy-Consulting-3-18x10.jpg 18w\" sizes=\"auto, (max-width: 1456px) 100vw, 1456px\"><\/figure>\n\n\n\n<p><\/p>\n\n\n\n<p>No <a href=\"https:\/\/www.linkedin.com\/company\/sisinternationalresearch\/\" target=\"_blank\" rel=\"noopener\">SIS Internacional<\/a>, AI strategy consulting is more than just a service; it&#8217;s a partnership. We work closely with our clients to understand their unique challenges, opportunities, and objectives. This deep understanding forms the foundation of our approach, enabling us to tailor AI strategies that are not only innovative but also practical and impactful.<\/p>\n\n\n\n<ul class=\"wp-block-list\">\n<li><strong>An\u00e1lise aprofundada da ind\u00fastria:<\/strong> Nossa abordagem come\u00e7a com uma an\u00e1lise minuciosa do setor do cliente, incluindo din\u00e2mica competitiva, ambiente regulat\u00f3rio e tend\u00eancias emergentes. Isso garante que nossas estrat\u00e9gias de IA sejam informadas por um profundo conhecimento do cen\u00e1rio do mercado e sejam projetadas para capitalizar oportunidades espec\u00edficas do setor.<\/li>\n\n\n\n<li><strong>Desenvolvimento de roteiro de IA personalizado:<\/strong> Aproveitando os insights da an\u00e1lise do setor, colaboramos com os clientes para desenvolver um roteiro de IA personalizado. Este roteiro descreve iniciativas estrat\u00e9gicas de IA, cronogramas e marcos, garantindo um caminho claro para a integra\u00e7\u00e3o de IA que se alinhe aos objetivos estrat\u00e9gicos do cliente.<\/li>\n\n\n\n<li><strong>Envolvimento e alinhamento das partes interessadas:<\/strong> A abordagem SIS inclui um amplo envolvimento das partes interessadas. Trabalhamos para alinhar executivos, equipes de TI e equipes operacionais em torno da estrat\u00e9gia de IA, promovendo uma cultura de colabora\u00e7\u00e3o e inova\u00e7\u00e3o.<\/li>\n\n\n\n<li><strong>Quadro \u00c9tico de IA e Governan\u00e7a:<\/strong> Ethical considerations and data governance are at the heart of our <a href=\"https:\/\/www.sisinternational.com\/pt\/pericia\/industrias\/consultoria-em-visualizacao-de-dados\/\" title=\"Consultoria em Visualiza\u00e7\u00e3o de Dados\" data-wpil-monitor-id=\"5833\">AI strategy consulting<\/a>. We help clients develop frameworks that ensure AI is used responsibly and that data privacy and security are prioritized, aligning with regulatory requirements and ethical standards.<\/li>\n\n\n\n<li><strong>Suporte e escalonamento de implementa\u00e7\u00e3o:<\/strong> Nossa parceria vai al\u00e9m do desenvolvimento de estrat\u00e9gias para apoiar a implementa\u00e7\u00e3o e expans\u00e3o de iniciativas de IA. Fornecemos orienta\u00e7\u00e3o e experi\u00eancia cont\u00ednuas para garantir que os projetos de IA sejam executados com sucesso e possam ser dimensionados de acordo com o crescimento dos neg\u00f3cios.<\/li>\n\n\n\n<li><strong>Medi\u00e7\u00e3o e Melhoria Cont\u00ednua:<\/strong> Nossa abordagem enfatiza a medi\u00e7\u00e3o de resultados e a promo\u00e7\u00e3o da melhoria cont\u00ednua. Ajudamos os clientes a estabelecer m\u00e9tricas de sucesso e a implementar processos para avalia\u00e7\u00e3o cont\u00ednua e refinamento de iniciativas de IA.<\/li>\n<\/ul>\n\n\n\n<h2 class=\"wp-block-heading\">Localiza\u00e7\u00e3o de nossas instala\u00e7\u00f5es em Nova York<\/h2>\n\n\n\n<p>  <iframe loading=\"lazy\" src=\"https:\/\/www.google.com\/maps\/embed?pb=!1m18!1m12!1m3!1d3022.976188376966!2d-73.99130312499956!3d40.740549471389315!2m3!1f0!2f0!3f0!3m2!1i1024!2i768!4f13.1!3m3!1m2!1s0x89c259a15798c731%3A0xd695d09bdd495f25!2s11%20E%2022nd%20St%20FL%202%2C%20New%20York%2C%20NY%2010010%2C%20USA!5e0!3m2!1sen!2spe!4v1726171763526!5m2!1sen!2spe\" width=\"600\" height=\"450\" allowfullscreen=\"allowfullscreen\" data-mce-fragment=\"1\"><\/iframe>  <\/p>\n\n\n\n<h3 class=\"wp-block-heading\">11 E 22nd Street, 2\u00ba andar, Nova York, NY 10010 T: +1(212) 505-6805<\/h3>\n\n\n\n<hr class=\"wp-block-separator has-alpha-channel-opacity\"\/>\n\n\n\n<h2 class=\"wp-block-heading\"><span style=\"font-weight: 400;\">Sobre SIS Internacional<\/span><\/h2>\n\n\n\n<p><a href=\"https:\/\/www.sisinternational.com\/pt\/\"><span style=\"font-weight: 400;\">SIS Internacional<\/span><\/a><span style=\"font-weight: 400;\"> oferece pesquisa quantitativa, qualitativa e estrat\u00e9gica. Fornecemos dados, ferramentas, estrat\u00e9gias, relat\u00f3rios e insights para a tomada de decis\u00f5es. Tamb\u00e9m realizamos entrevistas, pesquisas, grupos focais e outros m\u00e9todos e abordagens de Pesquisa de Mercado.<\/span><a href=\"https:\/\/www.sisinternational.com\/pt\/sobre-a-sis-international-research\/contact-sis-international-market-research\/\"><span style=\"font-weight: 400;\"> Entre em contato conosco<\/span><\/a><span style=\"font-weight: 400;\"> para o seu pr\u00f3ximo projeto de pesquisa de mercado.<\/span><\/p>\n\n\n\n<hr class=\"wp-block-separator has-alpha-channel-opacity\"\/>\n\n\n\n<h2 class=\"wp-block-heading\">&nbsp;<\/h2>\n\n\n\n<h2 class=\"wp-block-heading\">&nbsp;<\/h2>\n\n\n\n<p><\/p>\n\n\n\n<p><\/p>","protected":false},"excerpt":{"rendered":"<p>A consultoria estrat\u00e9gica de IA ajuda as empresas a navegar pelas complexidades da integra\u00e7\u00e3o de IA para que os investimentos em tecnologia se alinhem com os objetivos de neg\u00f3cios.<\/p>","protected":false},"author":1,"featured_media":71617,"parent":44406,"menu_order":67,"comment_status":"closed","ping_status":"closed","template":"","meta":{"footnotes":""},"class_list":["post-46128","page","type-page","status-publish","has-post-thumbnail"],"_links":{"self":[{"href":"https:\/\/www.sisinternational.com\/pt\/wp-json\/wp\/v2\/pages\/46128","targetHints":{"allow":["GET"]}}],"collection":[{"href":"https:\/\/www.sisinternational.com\/pt\/wp-json\/wp\/v2\/pages"}],"about":[{"href":"https:\/\/www.sisinternational.com\/pt\/wp-json\/wp\/v2\/types\/page"}],"author":[{"embeddable":true,"href":"https:\/\/www.sisinternational.com\/pt\/wp-json\/wp\/v2\/users\/1"}],"replies":[{"embeddable":true,"href":"https:\/\/www.sisinternational.com\/pt\/wp-json\/wp\/v2\/comments?post=46128"}],"version-history":[{"count":17,"href":"https:\/\/www.sisinternational.com\/pt\/wp-json\/wp\/v2\/pages\/46128\/revisions"}],"predecessor-version":[{"id":80666,"href":"https:\/\/www.sisinternational.com\/pt\/wp-json\/wp\/v2\/pages\/46128\/revisions\/80666"}],"up":[{"embeddable":true,"href":"https:\/\/www.sisinternational.com\/pt\/wp-json\/wp\/v2\/pages\/44406"}],"wp:featuredmedia":[{"embeddable":true,"href":"https:\/\/www.sisinternational.com\/pt\/wp-json\/wp\/v2\/media\/71617"}],"wp:attachment":[{"href":"https:\/\/www.sisinternational.com\/pt\/wp-json\/wp\/v2\/media?parent=46128"}],"curies":[{"name":"wp","href":"https:\/\/api.w.org\/{rel}","templated":true}]}}