{"id":45887,"date":"2024-02-03T21:28:04","date_gmt":"2024-02-04T02:28:04","guid":{"rendered":"https:\/\/www.sisinternational.com\/?page_id=45887"},"modified":"2026-01-30T22:58:49","modified_gmt":"2026-01-31T03:58:49","slug":"consultoria-hoteleira-de-bem-estar","status":"publish","type":"page","link":"https:\/\/www.sisinternational.com\/pt\/solucoes\/consultoria-em-hotelaria-e-turismo-em-viagens\/consultoria-hoteleira-de-bem-estar\/","title":{"rendered":"Consultoria Hoteleira de Bem-Estar"},"content":{"rendered":"<h1 class=\"wp-block-heading\">Consultoria Hoteleira de Bem-Estar<\/h1>\n\n\n\n<figure class=\"gb-block-image gb-block-image-6e12a289\"><img loading=\"lazy\" decoding=\"async\" width=\"1456\" height=\"816\" class=\"gb-image gb-image-6e12a289\" src=\"https:\/\/www.sisinternational.com\/wp-content\/uploads\/2025\/08\/hotel-6.jpg\" alt=\"Pesquisa e Estrat\u00e9gia de Mercado Internacional da SIS\" title=\"hotel (6)\" srcset=\"https:\/\/www.sisinternational.com\/wp-content\/uploads\/2025\/08\/hotel-6.jpg 1456w, https:\/\/www.sisinternational.com\/wp-content\/uploads\/2025\/08\/hotel-6-300x168.jpg 300w, https:\/\/www.sisinternational.com\/wp-content\/uploads\/2025\/08\/hotel-6-1024x574.jpg 1024w, https:\/\/www.sisinternational.com\/wp-content\/uploads\/2025\/08\/hotel-6-768x430.jpg 768w, https:\/\/www.sisinternational.com\/wp-content\/uploads\/2025\/08\/hotel-6-18x10.jpg 18w\" sizes=\"auto, (max-width: 1456px) 100vw, 1456px\"><\/figure>\n\n\n\n<p><\/p>\n\n\n\n<hr class=\"wp-block-separator has-alpha-channel-opacity is-style-dots\"\/>\n\n\n\n<p>Wellness is no longer an add-on; it is central to the guest experience and demands a holistic approach that permeates every aspect of a hotel&#8217;s operation. That&#8217;s why wellness hotel consulting reimagines the hotel experience to align with the growing demand for health, wellness, and balance in travel. <\/p>\n\n\n\n<h2 class=\"wp-block-heading\">O que \u00e9 consultoria de hot\u00e9is de bem-estar?<\/h2>\n\n\n\n<p><a href=\"https:\/\/www.sisinternational.com\/pt\/solucoes\/pesquisa-de-mercado-de-ia-e-consultoria-estrategica\/saude-bem-estar-automacao-consultoria-em-inteligencia-artificial\/\" title=\"Automa\u00e7\u00e3o de sa\u00fade e bem-estar e consultoria de IA\" data-wpil-monitor-id=\"5501\">Wellness hotel consulting<\/a> optimizes hotels into sanctuaries of health and well-being by integrating wellness into every facet of the guest experience \u2013 and crafting a holistic environment where each element contributes to the well-being of the guests.<\/p>\n\n\n\n<p>Envolve um mergulho profundo nas tend\u00eancias atuais de bem-estar e como elas podem ser autenticamente integradas \u00e0s ofertas do hotel. Isto pode significar redesenhar espa\u00e7os para criar ambientes tranquilos, incorporar terapias de bem-estar ou oferecer programas como retiros de ioga, sess\u00f5es de medita\u00e7\u00e3o e workshops nutricionais. O objetivo \u00e9 criar um espa\u00e7o onde os h\u00f3spedes possam alcan\u00e7ar relaxamento, rejuvenescimento e uma sensa\u00e7\u00e3o de equil\u00edbrio.<\/p>\n\n\n\n<p>Al\u00e9m das estrat\u00e9gias conceituais e de branding, a consultoria em hot\u00e9is de bem-estar tamb\u00e9m se aprofunda nos aspectos operacionais. Isto inclui formar pessoal para proporcionar experi\u00eancias de bem-estar excepcionais, escolher os produtos e parceiros de bem-estar certos e implementar pr\u00e1ticas sustent\u00e1veis.<\/p>\n\n\n\n<h2 class=\"wp-block-heading\">Por que as empresas precisam de consultoria em hot\u00e9is de bem-estar?<\/h2>\n\n\n\n<p>No mundo atual, acelerado e preocupado com a sa\u00fade, a procura por experi\u00eancias de viagem orientadas para o bem-estar est\u00e1 a crescer rapidamente e a consultoria em hot\u00e9is de bem-estar ajuda os hot\u00e9is a explorar este mercado em crescimento, desenvolvendo ofertas que atendam a estas necessidades de sa\u00fade e bem-estar.<\/p>\n\n\n\n<p>Al\u00e9m disso, \u00e0 medida que o bem-estar se torna uma parte mais significativa do estilo de vida das pessoas, os hot\u00e9is precisam de alinhar os seus servi\u00e7os com esta tend\u00eancia para permanecerem relevantes. Portanto, a consultoria em hot\u00e9is de bem-estar pode orientar esse alinhamento, garantindo que as ofertas do hotel correspondam \u00e0s expectativas contempor\u00e2neas dos h\u00f3spedes.<\/p>\n\n\n\n<h2 class=\"wp-block-heading\">Quais s\u00e3o os benef\u00edcios da consultoria em hot\u00e9is Wellness?<\/h2>\n\n\n\n<p>A consultoria em hot\u00e9is de bem-estar oferece uma s\u00e9rie de benef\u00edcios significativos para melhorar a posi\u00e7\u00e3o do hotel no mercado, a satisfa\u00e7\u00e3o dos h\u00f3spedes e a lucratividade geral. Aqui est\u00e3o alguns benef\u00edcios principais:<\/p>\n\n\n\n<ul class=\"wp-block-list\">\n<li><strong>Alinhamento com tend\u00eancias de bem-estar:<\/strong> <a title=\"Consultoria de rebranding de hot\u00e9is que aceitam animais de estima\u00e7\u00e3o\" data-wpil-monitor-id=\"2834\" href=\"https:\/\/www.sisinternational.com\/pt\/solucoes\/consultoria-em-hotelaria-e-turismo-em-viagens\/consultoria-de-rebranding-de-hoteis-que-aceitam-animais-de-estimacao\/\">Consulting helps hotels<\/a> stay abreast of the latest wellness trends and integrate them into their offerings. This alignment ensures that the hotel remains relevant and attractive to modern travelers seeking wellness experiences.<\/li>\n\n\n\n<li><strong>Imagem e reputa\u00e7\u00e3o de marca aprimoradas:<\/strong> O foco no bem-estar pode melhorar significativamente a percep\u00e7\u00e3o da marca de um hotel. Posiciona o hotel como um estabelecimento inovador e centrado no h\u00f3spede, melhorando a sua reputa\u00e7\u00e3o na ind\u00fastria hoteleira.<\/li>\n\n\n\n<li><strong>Desenvolvimento de programas exclusivos de bem-estar:<\/strong> <a title=\"Consultoria em Desenvolvimento Tur\u00edstico\" data-wpil-monitor-id=\"7135\" href=\"https:\/\/www.sisinternational.com\/pt\/solucoes\/consultoria-em-hotelaria-e-turismo-em-viagens\/consultoria-em-desenvolvimento-turistico\/\">Wellness hotel consulting<\/a> assists in developing unique and innovative wellness programs that differentiate the hotel from competitors. These can include spa services, fitness classes, nutritional guidance, mindfulness sessions, and more.<\/li>\n\n\n\n<li><strong>Estrat\u00e9gia de Marketing e Promo\u00e7\u00e3o:<\/strong> A consultoria de hot\u00e9is de bem-estar inclui o desenvolvimento de estrat\u00e9gias de marketing eficazes que destacam as caracter\u00edsticas de bem-estar do hotel. Isso pode aprimorar os esfor\u00e7os promocionais e atrair mais convidados.<\/li>\n<\/ul>\n\n\n\n<h2 class=\"wp-block-heading\">Principais fatores de sucesso<\/h2>\n\n\n\n<p>Para que a consultoria em hot\u00e9is de bem-estar seja eficaz e produza os resultados desejados, os hot\u00e9is devem considerar certos fatores-chave de sucesso. Estes factores s\u00e3o cruciais para garantir a integra\u00e7\u00e3o bem-sucedida do bem-estar nas ofertas e opera\u00e7\u00f5es do hotel.<\/p>\n\n\n\n<ul class=\"wp-block-list\">\n<li><strong>Forte compromisso com a vis\u00e3o de bem-estar:<\/strong> Um compromisso claro e forte com o bem-estar por parte da lideran\u00e7a do hotel \u00e9 fundamental. Este compromisso deve ser evidente na miss\u00e3o, nos valores e nos objetivos estrat\u00e9gicos do hotel, garantindo o alinhamento em toda a organiza\u00e7\u00e3o.<\/li>\n\n\n\n<li><strong>Compreens\u00e3o do mercado de bem-estar:<\/strong> In-depth knowledge of the wellness market, including current trends, guest preferences, and competitive offerings, is vital. <\/li>\n\n\n\n<li><strong>Integra\u00e7\u00e3o em todos os aspectos do hotel:<\/strong> Successful wellness hotel consulting requires the integration of wellness principles across all hotel aspects. <\/li>\n\n\n\n<li><strong>Qualidade e autenticidade das ofertas de bem-estar:<\/strong> Os programas e servi\u00e7os de bem-estar oferecidos devem ser de alta qualidade e autenticidade. Parcerias com marcas e especialistas em bem-estar de renome podem aumentar a credibilidade e o apelo das ofertas de bem-estar do hotel.<\/li>\n\n\n\n<li><strong>Marketing e comunica\u00e7\u00e3o eficazes:<\/strong> As estrat\u00e9gias de marketing e comunica\u00e7\u00e3o devem transmitir eficazmente a filosofia e as ofertas de bem-estar do hotel. A utiliza\u00e7\u00e3o de v\u00e1rios canais, incluindo as redes sociais, para divulgar as experi\u00eancias de bem-estar pode atrair um p\u00fablico mais vasto.<\/li>\n<\/ul>\n\n\n\n<h2 class=\"wp-block-heading\">Principais atores do Wellness Hotel<\/h2>\n\n\n\n<p>A ind\u00fastria hoteleira de bem-estar apresenta uma gama din\u00e2mica de participantes, cada um contribuindo para o mercado com abordagens \u00fanicas ao bem-estar e \u00e0 hospitalidade \u2013 e aqui est\u00e3o alguns dos principais intervenientes na ind\u00fastria hoteleira de bem-estar:<\/p>\n\n\n\n<ul class=\"wp-block-list\">\n<li><strong>Cadeias hoteleiras globais com marcas de bem-estar:<\/strong> As principais cadeias de hot\u00e9is costumam ter marcas dedicadas ao bem-estar ou ofertas focadas no bem-estar. Os exemplos incluem as marcas Miraval e Exhale da Hyatt, que oferecem experi\u00eancias abrangentes de bem-estar.<\/li>\n\n\n\n<li><strong>Est\u00e2ncias termais de luxo:<\/strong> Resorts de spa de luxo, como os das marcas Six Senses e COMO Shambhala, s\u00e3o conhecidos por seus servi\u00e7os de spa de alta qualidade e luxuosas instala\u00e7\u00f5es de bem-estar.<\/li>\n\n\n\n<li><strong>Resorts de sa\u00fade de destino:<\/strong> Resorts voltados para a sa\u00fade, como Canyon Ranch e Chiva-Som, oferecem um destino para a melhoria da sa\u00fade, com profissionais de sa\u00fade m\u00e9dicos e alternativos, programas de condicionamento f\u00edsico, orienta\u00e7\u00e3o nutricional e tratamentos.<\/li>\n\n\n\n<li><strong>Hot\u00e9is de bem-estar de aventura:<\/strong> Estes hot\u00e9is, tal como os da marca BodyHoliday, combinam o bem-estar com atividades de aventura e desportivas, atendendo aos h\u00f3spedes que procuram uma experi\u00eancia de f\u00e9rias ativa mas rejuvenescedora.<\/li>\n<\/ul>\n\n\n\n<h2 class=\"wp-block-heading\">Tecnologias e Ferramentas em Consultoria Hoteleira de Bem-Estar<\/h2>\n\n\n\n<p>The integration of technology and the use of specific tools are crucial in modern <a href=\"https:\/\/www.sisinternational.com\/pt\/solucoes\/consultoria-em-hotelaria-e-turismo-em-viagens\/consultoria-em-tecnologia-para-hoteis-inteligentes\/\" title=\"Consultoria em tecnologia para hot\u00e9is inteligentes\" data-wpil-monitor-id=\"2833\">consultoria hoteleira de bem-estar<\/a>. These technologies and tools not only enhance the guest experience but also streamline hotel operations and wellness program management.<\/p>\n\n\n\n<ul class=\"wp-block-list\">\n<li><strong>Software e plataformas de bem-estar:<\/strong> Solu\u00e7\u00f5es de software como MINDBODY ou Spafinder s\u00e3o usadas para gerenciar programas de bem-estar, reservar tratamentos e rastrear prefer\u00eancias dos h\u00f3spedes. Estas plataformas agilizam as opera\u00e7\u00f5es e melhoram a experi\u00eancia de reserva dos h\u00f3spedes.<\/li>\n\n\n\n<li><strong>Tecnologia de bem-estar vest\u00edvel:<\/strong> Dispositivos como os wearables Fitbit ou Garmin est\u00e3o cada vez mais sendo integrados em programas de bem-estar. Eles ajudam a monitorar as atividades f\u00edsicas dos h\u00f3spedes, monitorar m\u00e9tricas de sa\u00fade e personalizar experi\u00eancias de bem-estar.<\/li>\n\n\n\n<li><strong>Realidade Virtual (VR) para Experi\u00eancias de Bem-Estar:<\/strong> Tecnologias VR, como Oculus, podem ser usadas para oferecer experi\u00eancias imersivas de medita\u00e7\u00e3o ou ioga, permitindo que os h\u00f3spedes escapem para ambientes virtuais tranquilos.<\/li>\n\n\n\n<li><strong>Ferramentas de an\u00e1lise de dados:<\/strong> Ferramentas como Google Analytics e Tableau ajudam a analisar os dados dos h\u00f3spedes, compreender as prefer\u00eancias e adaptar as ofertas de bem-estar de acordo.<\/li>\n\n\n\n<li><strong>Telessa\u00fade e Consultas Online:<\/strong> Plataformas como Teladoc ou Amwell permitem que os hot\u00e9is ofere\u00e7am consultas de sa\u00fade online com especialistas em bem-estar, ampliando a gama de servi\u00e7os oferecidos aos h\u00f3spedes.<\/li>\n<\/ul>\n\n\n\n<h2 class=\"wp-block-heading\">Oportunidades em consultoria hoteleira de bem-estar para empresas<\/h2>\n\n\n\n<p>O setor dos hot\u00e9is de bem-estar apresenta in\u00fameras oportunidades para as empresas da ind\u00fastria hoteleira, impulsionadas pelo crescente foco global na sa\u00fade, no bem-estar e na vida consciente \u2013 e aqui est\u00e3o algumas das principais oportunidades que os hot\u00e9is de bem-estar oferecem:<\/p>\n\n\n\n<ul class=\"wp-block-list\">\n<li><strong>Criando apelo de nicho de mercado:<\/strong> Specializing in wellness allows hotels to cater to specific market segments, such as yoga enthusiasts, eco-tourists, or those seeking stress relief and mental well-being. <\/li>\n\n\n\n<li><strong>Maior potencial de receita:<\/strong> As ofertas de bem-estar geralmente exigem pre\u00e7os premium devido \u00e0 sua natureza especializada. Os h\u00f3spedes geralmente est\u00e3o dispostos a pagar mais por experi\u00eancias que contribuam para a sua sa\u00fade e bem-estar, levando a uma maior receita por h\u00f3spede.<\/li>\n\n\n\n<li><strong>Construindo relacionamentos de longo prazo com os h\u00f3spedes:<\/strong> Wellness experiences tend to foster deeper <a class=\"wpil_keyword_link\" title=\"Construindo conex\u00f5es emocionais em cosm\u00e9ticos\" data-wpil-keyword-link=\"linked\" data-wpil-monitor-id=\"628\" href=\"https:\/\/www.sisinternational.com\/pt\/construindo-conexoes-emocionais-em-cosmeticos-e-nossos-resultados-de-pesquisa\/\">emotional connections<\/a> with guests, leading to higher guest loyalty and repeat visits. The personal nature of wellness services encourages a more intimate guest-hotel relationship.<\/li>\n\n\n\n<li><strong>Expans\u00e3o das ofertas de servi\u00e7os:<\/strong> H\u00e1 amplo espa\u00e7o para inova\u00e7\u00e3o nos servi\u00e7os de bem-estar. Os hot\u00e9is podem expandir continuamente as suas ofertas com novos tratamentos, programas e atividades de bem-estar, mantendo a experi\u00eancia fresca e apelativa.<\/li>\n\n\n\n<li><strong>Promo\u00e7\u00e3o da cultura e tradi\u00e7\u00f5es locais:<\/strong> Os hot\u00e9is de bem-estar podem aproveitar as pr\u00e1ticas culturais locais e os m\u00e9todos tradicionais de cura, proporcionando aos h\u00f3spedes experi\u00eancias \u00fanicas que n\u00e3o podem ser reproduzidas em outro lugar.<\/li>\n<\/ul>","protected":false},"excerpt":{"rendered":"<p>A consultoria em hot\u00e9is de bem-estar transforma hot\u00e9is em santu\u00e1rios saud\u00e1veis, integrando o bem-estar em todas as facetas da experi\u00eancia do h\u00f3spede.<\/p>","protected":false},"author":1,"featured_media":63506,"parent":44644,"menu_order":22,"comment_status":"closed","ping_status":"closed","template":"","meta":{"footnotes":""},"class_list":["post-45887","page","type-page","status-publish","has-post-thumbnail"],"_links":{"self":[{"href":"https:\/\/www.sisinternational.com\/pt\/wp-json\/wp\/v2\/pages\/45887","targetHints":{"allow":["GET"]}}],"collection":[{"href":"https:\/\/www.sisinternational.com\/pt\/wp-json\/wp\/v2\/pages"}],"about":[{"href":"https:\/\/www.sisinternational.com\/pt\/wp-json\/wp\/v2\/types\/page"}],"author":[{"embeddable":true,"href":"https:\/\/www.sisinternational.com\/pt\/wp-json\/wp\/v2\/users\/1"}],"replies":[{"embeddable":true,"href":"https:\/\/www.sisinternational.com\/pt\/wp-json\/wp\/v2\/comments?post=45887"}],"version-history":[{"count":11,"href":"https:\/\/www.sisinternational.com\/pt\/wp-json\/wp\/v2\/pages\/45887\/revisions"}],"predecessor-version":[{"id":82058,"href":"https:\/\/www.sisinternational.com\/pt\/wp-json\/wp\/v2\/pages\/45887\/revisions\/82058"}],"up":[{"embeddable":true,"href":"https:\/\/www.sisinternational.com\/pt\/wp-json\/wp\/v2\/pages\/44644"}],"wp:featuredmedia":[{"embeddable":true,"href":"https:\/\/www.sisinternational.com\/pt\/wp-json\/wp\/v2\/media\/63506"}],"wp:attachment":[{"href":"https:\/\/www.sisinternational.com\/pt\/wp-json\/wp\/v2\/media?parent=45887"}],"curies":[{"name":"wp","href":"https:\/\/api.w.org\/{rel}","templated":true}]}}