{"id":45883,"date":"2024-02-03T21:13:53","date_gmt":"2024-02-04T02:13:53","guid":{"rendered":"https:\/\/www.sisinternational.com\/?page_id=45883"},"modified":"2026-01-31T17:58:14","modified_gmt":"2026-01-31T22:58:14","slug":"consultoria-hoteleira-em-midias-sociais","status":"publish","type":"page","link":"https:\/\/www.sisinternational.com\/pt\/solucoes\/consultoria-em-hotelaria-e-turismo-em-viagens\/consultoria-hoteleira-em-midias-sociais\/","title":{"rendered":"Consultoria hoteleira em m\u00eddias sociais"},"content":{"rendered":"<h1 class=\"wp-block-heading\">Consultoria hoteleira em m\u00eddias sociais<\/h1>\n\n\n\n<figure class=\"gb-block-image gb-block-image-dd7e1acd\"><img loading=\"lazy\" decoding=\"async\" width=\"1456\" height=\"816\" class=\"gb-image gb-image-dd7e1acd\" src=\"https:\/\/www.sisinternational.com\/wp-content\/uploads\/2025\/08\/Social-media-7.jpg\" alt=\"Pesquisa e Estrat\u00e9gia de Mercado Internacional da SIS\" title=\"Social media (7)\" srcset=\"https:\/\/www.sisinternational.com\/wp-content\/uploads\/2025\/08\/Social-media-7.jpg 1456w, https:\/\/www.sisinternational.com\/wp-content\/uploads\/2025\/08\/Social-media-7-300x168.jpg 300w, https:\/\/www.sisinternational.com\/wp-content\/uploads\/2025\/08\/Social-media-7-1024x574.jpg 1024w, https:\/\/www.sisinternational.com\/wp-content\/uploads\/2025\/08\/Social-media-7-768x430.jpg 768w, https:\/\/www.sisinternational.com\/wp-content\/uploads\/2025\/08\/Social-media-7-18x10.jpg 18w\" sizes=\"auto, (max-width: 1456px) 100vw, 1456px\"><\/figure>\n\n\n\n<p><\/p>\n\n\n\n<hr class=\"wp-block-separator has-alpha-channel-opacity is-style-dots\"\/>\n\n\n\n<p>Dominar a arte das m\u00eddias sociais n\u00e3o \u00e9 mais opcional. \u00c9 um componente cr\u00edtico da estrat\u00e9gia de um hotel para cativar, envolver e reter h\u00f3spedes. Por esta raz\u00e3o, a consultoria hoteleira em redes sociais representa uma mudan\u00e7a profunda em rela\u00e7\u00e3o ao marketing tradicional, oferecendo aos hot\u00e9is uma plataforma din\u00e2mica para mostrar a sua personalidade, conectar-se com os h\u00f3spedes e construir uma comunidade em torno da sua marca.<\/p>\n\n\n\n<h2 class=\"wp-block-heading\">O que \u00e9 consultoria de hot\u00e9is em m\u00eddias sociais?<\/h2>\n\n\n\n<p><a title=\"Consultoria de identidade de marca hoteleira\" href=\"https:\/\/www.sisinternational.com\/pt\/solucoes\/consultoria-em-hotelaria-e-turismo-em-viagens\/consultoria-de-identidade-de-marca-hoteleira\/\" data-wpil-monitor-id=\"2920\">Social media hotel<\/a> consulting focuses on leveraging social media platforms to enhance a hotel&#8217;s brand presence, engage with guests, and drive business growth. It develops a comprehensive social media strategy tailored to a hotel\u2019s unique brand identity and target audience. This strategy encompasses choosing the right platforms \u2013 be it Instagram, Facebook, X, LinkedIn, or TikTok \u2013 and crafting content that resonates with the audience.<\/p>\n\n\n\n<p>Al\u00e9m disso, a consultoria hoteleira em redes sociais cria conte\u00fado interativo, responde a avalia\u00e7\u00f5es e coment\u00e1rios e interage com os usu\u00e1rios para construir uma comunidade online leal. Esta intera\u00e7\u00e3o n\u00e3o s\u00f3 aumenta a fidelidade \u00e0 marca, mas tamb\u00e9m fornece informa\u00e7\u00f5es valiosas sobre as prefer\u00eancias e tend\u00eancias dos h\u00f3spedes.<\/p>\n\n\n\n<h2 class=\"wp-block-heading\">Por que as empresas precisam de consultoria hoteleira em m\u00eddias sociais<\/h2>\n\n\n\n<p>Como a grande maioria dos viajantes utiliza as redes sociais para inspira\u00e7\u00e3o e planeamento, ter uma forte presen\u00e7a nas redes sociais \u00e9 crucial. A consultoria hoteleira em m\u00eddias sociais ajuda as empresas a criar e manter uma presen\u00e7a on-line atraente, apresentando experi\u00eancias, comodidades ou servi\u00e7os \u00fanicos que as diferenciam.<\/p>\n\n\n\n<p>Al\u00e9m disso, as plataformas de m\u00eddia social fornecem uma linha direta de comunica\u00e7\u00e3o com h\u00f3spedes atuais e potenciais. Atrav\u00e9s destes canais, os hot\u00e9is podem participar em conversas em tempo real, responder a coment\u00e1rios e construir relacionamentos, o que \u00e9 essencial para a fideliza\u00e7\u00e3o e reten\u00e7\u00e3o de clientes.<\/p>\n\n\n\n<p>Lastly, social media hotel consulting is vital for crisis management and reputation control. In the event of negative reviews or a PR crisis, a swift and strategic response on social media is crucial. Professional <a title=\"Consultoria em tecnologia para hot\u00e9is inteligentes\" href=\"https:\/\/www.sisinternational.com\/pt\/solucoes\/consultoria-em-hotelaria-e-turismo-em-viagens\/consultoria-em-tecnologia-para-hoteis-inteligentes\/\" data-wpil-monitor-id=\"2837\">consultants can guide hotels<\/a> in managing their online reputation effectively.<\/p>\n\n\n\n<h2 class=\"wp-block-heading\">Quais s\u00e3o os benef\u00edcios da consultoria hoteleira em m\u00eddias sociais?<\/h2>\n\n\n\n<p>O envolvimento em consultoria hoteleira nas redes sociais oferece uma infinidade de benef\u00edcios para os hot\u00e9is, que v\u00e3o desde maior visibilidade da marca at\u00e9 um envolvimento mais profundo dos h\u00f3spedes. Aqui est\u00e3o algumas das principais vantagens:<\/p>\n\n\n\n<ul class=\"wp-block-list\">\n<li><strong>Presen\u00e7a on-line e visibilidade da marca aprimoradas:<\/strong> Social media hotel consulting helps hotels craft and maintain a compelling online presence. <\/li>\n\n\n\n<li><strong>Marketing e promo\u00e7\u00f5es direcionados:<\/strong> Os consultores utilizam abordagens baseadas em dados para alcan\u00e7ar dados demogr\u00e1ficos espec\u00edficos, adaptar as mensagens aos interesses dos potenciais h\u00f3spedes e maximizar o impacto dos esfor\u00e7os promocionais.<\/li>\n\n\n\n<li><strong>Maior envolvimento e fidelidade dos h\u00f3spedes:<\/strong> Atrav\u00e9s da gest\u00e3o estrat\u00e9gica das redes sociais, os hot\u00e9is podem interagir diretamente com o seu p\u00fablico, construindo uma comunidade em torno da sua marca.<\/li>\n\n\n\n<li><strong>Informa\u00e7\u00f5es e an\u00e1lises valiosas:<\/strong> A consultoria de m\u00eddia social fornece informa\u00e7\u00f5es valiosas sobre as prefer\u00eancias e o comportamento dos h\u00f3spedes por meio de an\u00e1lises. Compreender qual conte\u00fado repercute no p\u00fablico pode informar estrat\u00e9gias operacionais e de marketing mais amplas.<\/li>\n\n\n\n<li><strong>Aumento de reservas diretas:<\/strong> Uma forte presen\u00e7a nas redes sociais pode direcionar mais tr\u00e1fego para o site de um hotel, aumentando potencialmente as reservas diretas. Estrat\u00e9gias eficazes de m\u00eddia social podem reduzir a depend\u00eancia de sites de reservas de terceiros, economizando custos de comiss\u00f5es.<\/li>\n<\/ul>\n\n\n\n<h2 class=\"wp-block-heading\">Principais fatores de sucesso<\/h2>\n\n\n\n<p>For social media hotel consulting to be effective, certain key success factors must be in place. These factors are critical in ensuring that the <a title=\"Estrat\u00e9gias de m\u00eddia social para pequenas empresas\" href=\"https:\/\/www.sisinternational.com\/pt\/midias-sociais-em-pequenas-empresas\/\" data-wpil-monitor-id=\"2201\">social media strategy aligns with the hotel\u2019s<\/a> brand vision and resonates with its target audience and achieves desired business outcomes.<\/p>\n\n\n\n<ul class=\"wp-block-list\">\n<li><strong>Mensagens de marca consistentes:<\/strong> \u00c9 fundamental garantir que todo o conte\u00fado das redes sociais esteja alinhado com a mensagem geral da marca do hotel. A consist\u00eancia no tom, no estilo e nas mensagens ajuda na constru\u00e7\u00e3o de uma identidade de marca forte e na lembran\u00e7a da marca.<\/li>\n\n\n\n<li><strong>Compreendendo o p\u00fablico-alvo:<\/strong> Uma compreens\u00e3o profunda do p\u00fablico-alvo \u2013 suas prefer\u00eancias, comportamentos e h\u00e1bitos de m\u00eddia social \u2013 \u00e9 vital. Adaptar o conte\u00fado e as campanhas para atender aos interesses e necessidades desse p\u00fablico pode aumentar significativamente o engajamento.<\/li>\n\n\n\n<li><strong>Envolvimento ativo da comunidade:<\/strong> Regularly interacting with followers, responding to comments, and engaging in conversations helps build a community around the hotel\u2019s brand. <\/li>\n\n\n\n<li><strong>Inova\u00e7\u00e3o e Adaptabilidade:<\/strong> Estar atualizado com as \u00faltimas tend\u00eancias e estar disposto a inovar \u00e9 essencial. O cen\u00e1rio das m\u00eddias sociais \u00e9 din\u00e2mico e estrat\u00e9gias bem-sucedidas geralmente envolvem a experimenta\u00e7\u00e3o de novas ideias e a adapta\u00e7\u00e3o \u00e0s mudan\u00e7as.<\/li>\n<\/ul>\n\n\n\n<h2 class=\"wp-block-heading\">Tend\u00eancias atuais em consultoria hoteleira em m\u00eddias sociais<\/h2>\n\n\n\n<p>A consultoria hoteleira nas redes sociais est\u00e1 a evoluir \u2013 e manter-se atualizado com estas tend\u00eancias \u00e9 crucial para que os hot\u00e9is permane\u00e7am competitivos e relevantes. Aqui est\u00e3o algumas das \u00faltimas tend\u00eancias em consultoria hoteleira de m\u00eddia social:<\/p>\n\n\n\n<ul class=\"wp-block-list\">\n<li><strong>\u00canfase na Conta\u00e7\u00e3o de Hist\u00f3rias:<\/strong> Hotels are increasingly using storytelling techniques on social media to create <a class=\"wpil_keyword_link\" title=\"Construindo conex\u00f5es emocionais em cosm\u00e9ticos\" data-wpil-keyword-link=\"linked\" data-wpil-monitor-id=\"629\" href=\"https:\/\/www.sisinternational.com\/pt\/construindo-conexoes-emocionais-em-cosmeticos-e-nossos-resultados-de-pesquisa\/\">emotional connections<\/a> with their audience. <\/li>\n\n\n\n<li><strong>Aproveitando o conte\u00fado gerado pelo usu\u00e1rio:<\/strong> Incentivar os h\u00f3spedes a partilharem as suas experi\u00eancias e fotografias, e depois apresentarem este conte\u00fado gerado pelos utilizadores nos canais de redes sociais do hotel, \u00e9 uma tend\u00eancia crescente. Ele n\u00e3o apenas fornece conte\u00fado aut\u00eantico, mas tamb\u00e9m promove a comunidade e o envolvimento.<\/li>\n\n\n\n<li><strong>Parcerias com influenciadores:<\/strong> Colaborar com influenciadores e blogueiros de viagens para promover o hotel continua a ser uma tend\u00eancia popular. Estas parcerias podem aumentar o alcance e a credibilidade, especialmente entre os grupos demogr\u00e1ficos mais jovens.<\/li>\n\n\n\n<li><strong>Conte\u00fado interativo:<\/strong> Hotels are creating more interactive content such as polls, quizzes, and contests, to engage their audience actively. <\/li>\n\n\n\n<li><strong>Concentre-se em plataformas visuais:<\/strong> Plataformas como Instagram e Pinterest, altamente visuais, s\u00e3o cada vez mais importantes para os hot\u00e9is. Investir em fotografia e conte\u00fado de v\u00eddeo de alta qualidade que mostrem a est\u00e9tica e as experi\u00eancias do hotel \u00e9 fundamental.<\/li>\n<\/ul>\n\n\n\n<h2 class=\"wp-block-heading\">Oportunidades em consultoria hoteleira em m\u00eddias sociais para empresas<\/h2>\n\n\n\n<ul class=\"wp-block-list\">\n<li><strong>Exposi\u00e7\u00e3o aprimorada da marca:<\/strong> As plataformas de m\u00eddia social oferecem uma oportunidade incompar\u00e1vel para aumentar a visibilidade e exposi\u00e7\u00e3o da marca. Com milh\u00f5es de utilizadores em todo o mundo, os hot\u00e9is podem atingir um vasto p\u00fablico, muito al\u00e9m dos canais de marketing tradicionais.<\/li>\n\n\n\n<li><strong>Marketing econ\u00f4mico:<\/strong> Em compara\u00e7\u00e3o com a publicidade tradicional, o marketing nas redes sociais pode ser mais rent\u00e1vel, oferecendo um maior retorno do investimento. A publicidade direcionada nessas plataformas tamb\u00e9m pode atingir dados demogr\u00e1ficos espec\u00edficos com mais efici\u00eancia.<\/li>\n\n\n\n<li><strong>Aumento do tr\u00e1fego e reservas da Web:<\/strong> Uma forte presen\u00e7a nas redes sociais pode direcionar tr\u00e1fego para o site de um hotel, aumentando potencialmente as reservas diretas. Estrat\u00e9gias eficazes de redes sociais podem ajudar a reduzir a depend\u00eancia de plataformas de reservas de terceiros e das taxas associadas.<\/li>\n\n\n\n<li><strong>Construindo uma comunidade:<\/strong> Os hot\u00e9is podem usar as redes sociais para construir uma comunidade de seguidores interessados na sua marca. Esta comunidade pode tornar-se embaixadora da marca, partilhando as suas experi\u00eancias e recomendando o hotel a outras pessoas.<\/li>\n<\/ul>\n\n\n\n<h2 class=\"wp-block-heading\">Perspectivas futuras da consultoria hoteleira em m\u00eddias sociais para empresas<\/h2>\n\n\n\n<p>Here are some trends and predictions shaping the future outlook of social media hotel consulting for businesses:<\/p>\n\n\n\n<ul class=\"wp-block-list\">\n<li><strong>Experi\u00eancias de Realidade Virtual e Aumentada:<\/strong> \u00c0 medida que as tecnologias VR e AR se tornam mais populares, os hot\u00e9is podem utilizar estas ferramentas nas redes sociais para oferecer passeios virtuais, experi\u00eancias imersivas e uma pr\u00e9-visualiza\u00e7\u00e3o mais envolvente das suas comodidades e servi\u00e7os.<\/li>\n\n\n\n<li><strong>Aproveitando Big Data para marketing personalizado:<\/strong> A capacidade de analisar grandes quantidades de dados de intera\u00e7\u00f5es nas redes sociais permitir\u00e1 estrat\u00e9gias de marketing mais personalizadas e eficazes. Os hot\u00e9is ser\u00e3o capazes de compreender as prefer\u00eancias e comportamentos dos seus h\u00f3spedes com maior profundidade e personalizar as suas ofertas em conformidade.<\/li>\n\n\n\n<li><strong>Emerg\u00eancia de Novas Plataformas e Tecnologias:<\/strong> Os hot\u00e9is ter\u00e3o de se manter atualizados sobre as novas plataformas e tecnologias de redes sociais para permanecerem relevantes, especialmente para o p\u00fablico mais jovem. Manter-se flex\u00edvel e adapt\u00e1vel nas estrat\u00e9gias de m\u00eddia social ser\u00e1 fundamental.<\/li>\n<\/ul>","protected":false},"excerpt":{"rendered":"<p>A consultoria hoteleira de m\u00eddia social usa plataformas de m\u00eddia social para aprimorar as marcas dos hot\u00e9is, envolver os h\u00f3spedes e impulsionar o crescimento dos neg\u00f3cios. <\/p>","protected":false},"author":1,"featured_media":63099,"parent":44644,"menu_order":21,"comment_status":"closed","ping_status":"closed","template":"","meta":{"footnotes":""},"class_list":["post-45883","page","type-page","status-publish","has-post-thumbnail"],"_links":{"self":[{"href":"https:\/\/www.sisinternational.com\/pt\/wp-json\/wp\/v2\/pages\/45883","targetHints":{"allow":["GET"]}}],"collection":[{"href":"https:\/\/www.sisinternational.com\/pt\/wp-json\/wp\/v2\/pages"}],"about":[{"href":"https:\/\/www.sisinternational.com\/pt\/wp-json\/wp\/v2\/types\/page"}],"author":[{"embeddable":true,"href":"https:\/\/www.sisinternational.com\/pt\/wp-json\/wp\/v2\/users\/1"}],"replies":[{"embeddable":true,"href":"https:\/\/www.sisinternational.com\/pt\/wp-json\/wp\/v2\/comments?post=45883"}],"version-history":[{"count":12,"href":"https:\/\/www.sisinternational.com\/pt\/wp-json\/wp\/v2\/pages\/45883\/revisions"}],"predecessor-version":[{"id":82113,"href":"https:\/\/www.sisinternational.com\/pt\/wp-json\/wp\/v2\/pages\/45883\/revisions\/82113"}],"up":[{"embeddable":true,"href":"https:\/\/www.sisinternational.com\/pt\/wp-json\/wp\/v2\/pages\/44644"}],"wp:featuredmedia":[{"embeddable":true,"href":"https:\/\/www.sisinternational.com\/pt\/wp-json\/wp\/v2\/media\/63099"}],"wp:attachment":[{"href":"https:\/\/www.sisinternational.com\/pt\/wp-json\/wp\/v2\/media?parent=45883"}],"curies":[{"name":"wp","href":"https:\/\/api.w.org\/{rel}","templated":true}]}}