{"id":45858,"date":"2024-02-03T13:20:29","date_gmt":"2024-02-03T18:20:29","guid":{"rendered":"https:\/\/www.sisinternational.com\/?page_id=45858"},"modified":"2026-01-31T18:04:53","modified_gmt":"2026-01-31T23:04:53","slug":"consultoria-em-tecnologia-para-hoteis-inteligentes","status":"publish","type":"page","link":"https:\/\/www.sisinternational.com\/pt\/solucoes\/consultoria-em-hotelaria-e-turismo-em-viagens\/consultoria-em-tecnologia-para-hoteis-inteligentes\/","title":{"rendered":"Consultoria em tecnologia para hot\u00e9is inteligentes"},"content":{"rendered":"<h1 class=\"wp-block-heading\">Consultoria em tecnologia para hot\u00e9is inteligentes<\/h1>\n\n\n\n<figure class=\"gb-block-image gb-block-image-b7624551\"><img loading=\"lazy\" decoding=\"async\" width=\"1456\" height=\"816\" class=\"gb-image gb-image-b7624551\" src=\"https:\/\/www.sisinternational.com\/wp-content\/uploads\/2025\/08\/Smart-home-5.jpg\" alt=\"Pesquisa e Estrat\u00e9gia de Mercado Internacional da SIS\" title=\"Smart home (5)\" srcset=\"https:\/\/www.sisinternational.com\/wp-content\/uploads\/2025\/08\/Smart-home-5.jpg 1456w, https:\/\/www.sisinternational.com\/wp-content\/uploads\/2025\/08\/Smart-home-5-300x168.jpg 300w, https:\/\/www.sisinternational.com\/wp-content\/uploads\/2025\/08\/Smart-home-5-1024x574.jpg 1024w, https:\/\/www.sisinternational.com\/wp-content\/uploads\/2025\/08\/Smart-home-5-768x430.jpg 768w, https:\/\/www.sisinternational.com\/wp-content\/uploads\/2025\/08\/Smart-home-5-18x10.jpg 18w\" sizes=\"auto, (max-width: 1456px) 100vw, 1456px\"><\/figure>\n\n\n\n<p><\/p>\n\n\n\n<hr class=\"wp-block-separator has-alpha-channel-opacity is-style-dots\"\/>\n\n\n\n<p>A consultoria de tecnologia hoteleira inteligente envolve a integra\u00e7\u00e3o de tecnologias de ponta como IA, IoT e an\u00e1lise de dados para criar uma experi\u00eancia perfeita, intuitiva e memor\u00e1vel para os h\u00f3spedes. Na verdade, a ado\u00e7\u00e3o de tecnologias hoteleiras inteligentes est\u00e1 a tornar-se rapidamente uma refer\u00eancia de sucesso na ind\u00fastria hoteleira, tornando imperativo que os hot\u00e9is compreendam, implementem e otimizem estas tecnologias de forma eficaz.<\/p>\n\n\n\n<h2 class=\"wp-block-heading\">Compreendendo a consultoria de tecnologia para hot\u00e9is inteligentes<\/h2>\n\n\n\n<p>Smart <a title=\"Consultoria de Reposicionamento Hoteleiro\" href=\"https:\/\/www.sisinternational.com\/pt\/solucoes\/consultoria-em-hotelaria-e-turismo-em-viagens\/consultoria-de-reposicionamento-hoteleiro\/\" data-wpil-monitor-id=\"2982\">hotel technology consulting<\/a> combines the nuances of hospitality management with the latest technological advancements. It transforms traditional hotel operations into highly efficient, guest-centric, and technologically advanced establishments.<\/p>\n\n\n\n<p>Isso envolve a cria\u00e7\u00e3o de uma jornada mais personalizada, envolvente e cont\u00ednua para cada h\u00f3spede. Desde a personaliza\u00e7\u00e3o dos quartos baseada em IA at\u00e9 o check-in e check-out m\u00f3vel, a tecnologia \u00e9 usada para antecipar e atender \u00e0s prefer\u00eancias exclusivas de cada h\u00f3spede. Al\u00e9m disso, a tecnologia inteligente pode facilitar uma melhor comunica\u00e7\u00e3o entre os funcion\u00e1rios do hotel e os h\u00f3spedes, garantindo que as solicita\u00e7\u00f5es e os coment\u00e1rios sejam atendidos de forma r\u00e1pida e eficiente.<\/p>\n\n\n\n<p>The adoption of smart hotel technology consulting brings a multitude of benefits to the hospitality sector, including:<\/p>\n\n\n\n<ul class=\"wp-block-list\">\n<li><strong>Insights baseados em dados:<\/strong> A utiliza\u00e7\u00e3o de tecnologias inteligentes permite aos hot\u00e9is recolher e analisar grandes quantidades de dados. Esses insights s\u00e3o inestim\u00e1veis para entender as prefer\u00eancias dos h\u00f3spedes, otimizar estrat\u00e9gias de pre\u00e7os e tomar decis\u00f5es informadas sobre opera\u00e7\u00f5es e marketing do hotel.<\/li>\n\n\n\n<li><strong>Oportunidades de aumento de receita:<\/strong> A tecnologia inteligente abre novos caminhos para a gera\u00e7\u00e3o de receitas. Por exemplo, a venda adicional de servi\u00e7os personalizados ou a utiliza\u00e7\u00e3o de an\u00e1lise de dados para campanhas de marketing direcionadas pode aumentar significativamente a rentabilidade de um hotel.<\/li>\n\n\n\n<li><strong>Melhorias de sustentabilidade:<\/strong> Muitas tecnologias inteligentes contribuem para os esfor\u00e7os de sustentabilidade, tais como ilumina\u00e7\u00e3o eficiente em termos energ\u00e9ticos e sistemas de controlo clim\u00e1tico.<\/li>\n\n\n\n<li><strong>Seguran\u00e7a melhorada:<\/strong> Tecnologias inteligentes, como chaves digitais e sistemas de vigil\u00e2ncia avan\u00e7ados, garantem maior seguran\u00e7a e tranquilidade tanto para h\u00f3spedes como para funcion\u00e1rios.<\/li>\n<\/ul>\n\n\n\n<h2 class=\"wp-block-heading\">Quando conduzir consultoria de tecnologia para hot\u00e9is inteligentes<\/h2>\n\n\n\n<p>Here are some key moments to consider smart hotel technology consulting:<\/p>\n\n\n\n<ul class=\"wp-block-list\">\n<li><strong>Adapta\u00e7\u00e3o \u00e0s mudan\u00e7as nas expectativas dos h\u00f3spedes: <\/strong>Quando um hotel percebe uma lacuna entre os seus servi\u00e7os atuais e a evolu\u00e7\u00e3o das expectativas dos h\u00f3spedes, especialmente em termos de tecnologia e personaliza\u00e7\u00e3o, \u00e9 hora de procurar consultoria tecnol\u00f3gica para hot\u00e9is inteligentes. Os h\u00f3spedes de hoje muitas vezes procuram experi\u00eancias personalizadas e de alta tecnologia, e n\u00e3o fornec\u00ea-las pode colocar um hotel em desvantagem competitiva.<\/li>\n\n\n\n<li><strong>Inefici\u00eancias operacionais se tornando evidentes: <\/strong>Se um hotel enfrenta desafios operacionais, como altos custos de energia, distribui\u00e7\u00e3o ineficiente de pessoal ou atrasos nos servi\u00e7os, a consultoria em tecnologia hoteleira inteligente pode fornecer solu\u00e7\u00f5es. Tecnologias como IoT e IA podem agilizar as opera\u00e7\u00f5es, tornando-as mais eficientes e econ\u00f4micas.<\/li>\n\n\n\n<li><strong>Ampliando as opera\u00e7\u00f5es: <\/strong>\u00c0 medida que um hotel cresce ou expande os seus servi\u00e7os, a integra\u00e7\u00e3o de tecnologia inteligente torna-se crucial para gerir eficazmente esta escala crescente. A consultoria pode ajudar na implementa\u00e7\u00e3o de solu\u00e7\u00f5es escal\u00e1veis que acomodem o crescimento sem comprometer a qualidade do servi\u00e7o.<\/li>\n\n\n\n<li><strong>Respondendo \u00e0 press\u00e3o competitiva: <\/strong>Se os concorrentes est\u00e3o cada vez mais a adotar tecnologias inteligentes e a ganhar quota de mercado, \u00e9 um sinal de que um hotel precisa de modernizar a sua abordagem. Manter-se competitivo muitas vezes requer a ado\u00e7\u00e3o de tecnologias semelhantes para oferecer experi\u00eancias compar\u00e1veis ou superiores aos h\u00f3spedes.<\/li>\n\n\n\n<li><strong>Necessidade de tomada de decis\u00e3o baseada em dados: <\/strong>Numa era em que os dados s\u00e3o fundamentais, os hot\u00e9is que carecem de conhecimentos baseados em dados para a tomada de decis\u00f5es devem considerar a consultoria tecnol\u00f3gica hoteleira inteligente. A capacidade de analisar dados de h\u00f3spedes para obter servi\u00e7os personalizados, opera\u00e7\u00f5es eficientes e marketing estrat\u00e9gico \u00e9 inestim\u00e1vel.<\/li>\n<\/ul>\n\n\n\n<h2 class=\"wp-block-heading\">Principais players do mercado de tecnologia hoteleira inteligente<\/h2>\n\n\n\n<p>O mercado de tecnologia hoteleira inteligente \u00e9 caracterizado por uma gama diversificada de participantes, cada um contribuindo com solu\u00e7\u00f5es inovadoras e moldando o futuro das opera\u00e7\u00f5es hoteleiras e das experi\u00eancias dos h\u00f3spedes. Compreender quem s\u00e3o esses principais intervenientes e as suas ofertas \u00e9 crucial para qualquer hotel que pretenda embarcar numa jornada tecnol\u00f3gica inteligente.<\/p>\n\n\n\n<ul class=\"wp-block-list\">\n<li><strong>Gigantes da tecnologia global:<\/strong> Empresas como Google, Amazon e Apple s\u00e3o influentes no espa\u00e7o tecnol\u00f3gico de hot\u00e9is inteligentes, principalmente atrav\u00e9s de seus dispositivos ativados por voz e plataformas baseadas em IA.<\/li>\n\n\n\n<li><strong>Provedores de solu\u00e7\u00f5es IoT:<\/strong> Empresas como Control4 e Honeywell est\u00e3o na vanguarda no fornecimento de solu\u00e7\u00f5es de Internet das Coisas (IoT) para hot\u00e9is. Isso inclui termostatos inteligentes, controles de ilumina\u00e7\u00e3o e sistemas de gerenciamento de energia que melhoram a efici\u00eancia operacional e o conforto dos h\u00f3spedes.<\/li>\n\n\n\n<li><strong>Especialistas em seguran\u00e7a e privacidade de dados:<\/strong> \u00c0 medida que os hot\u00e9is recolhem e gerem quantidades crescentes de dados dos h\u00f3spedes, as empresas especializadas em seguran\u00e7a e privacidade de dados tornam-se cruciais. Empresas como Symantec e McAfee oferecem solu\u00e7\u00f5es para proteger hot\u00e9is contra viola\u00e7\u00f5es de dados e amea\u00e7as cibern\u00e9ticas.<\/li>\n\n\n\n<li><strong>Inovadores em Sustentabilidade:<\/strong> H\u00e1 tamb\u00e9m players focados na sustentabilidade, oferecendo solu\u00e7\u00f5es tecnol\u00f3gicas ecologicamente corretas. Empresas como a Siemens e a Schneider Electric fornecem sistemas inteligentes de gest\u00e3o de energia que ajudam os hot\u00e9is a reduzir a sua pegada ambiental.<\/li>\n<\/ul>\n\n\n\n<h2 class=\"wp-block-heading\">Tend\u00eancias atuais em consultoria de tecnologia para hot\u00e9is inteligentes<\/h2>\n\n\n\n<p>O panorama da tecnologia hoteleira inteligente est\u00e1 em constante evolu\u00e7\u00e3o, com novas tend\u00eancias surgindo \u00e0 medida que os hot\u00e9is procuram melhorar as experi\u00eancias dos h\u00f3spedes e agilizar as opera\u00e7\u00f5es. Manter-se atualizado com essas tend\u00eancias \u00e9 essencial para que os hot\u00e9is permane\u00e7am competitivos e relevantes na ind\u00fastria hoteleira.<\/p>\n\n\n\n<ul class=\"wp-block-list\">\n<li><strong>Personaliza\u00e7\u00e3o por meio de IA:<\/strong> One of the most significant trends is the use of Artificial Intelligence (AI) to personalize guest experiences. <\/li>\n\n\n\n<li><strong>Integra\u00e7\u00e3o M\u00f3vel:<\/strong> A integra\u00e7\u00e3o da tecnologia m\u00f3vel nas opera\u00e7\u00f5es hoteleiras continua a ser uma tend\u00eancia significativa. Check-in e check-out m\u00f3veis, chaves digitais dos quartos e a capacidade de controlar os recursos do quarto por meio de um aplicativo para smartphone est\u00e3o se tornando expectativas padr\u00e3o para viajantes com experi\u00eancia em tecnologia.<\/li>\n\n\n\n<li><strong>Internet das Coisas (IoT) para Efici\u00eancia Operacional:<\/strong> A IoT est\u00e1 sendo cada vez mais usada para aumentar a efici\u00eancia operacional em hot\u00e9is. Sensores inteligentes para gest\u00e3o de energia, manuten\u00e7\u00e3o preditiva utilizando dados IoT e gest\u00e3o automatizada de invent\u00e1rio s\u00e3o exemplos de como a IoT est\u00e1 transformando as opera\u00e7\u00f5es hoteleiras.<\/li>\n\n\n\n<li><strong>Conectividade aprimorada:<\/strong> Internet de alta velocidade e redes Wi-Fi robustas est\u00e3o se tornando mais cr\u00edticas do que nunca. Os hot\u00e9is est\u00e3o investindo em infraestrutura para garantir conectividade cont\u00ednua, essencial para servi\u00e7os de streaming, trabalho remoto e opera\u00e7\u00e3o de dispositivos inteligentes.<\/li>\n<\/ul>\n\n\n\n<h2 class=\"wp-block-heading\">Oportunidades em consultoria tecnol\u00f3gica de hot\u00e9is inteligentes para empresas<\/h2>\n\n\n\n<ul class=\"wp-block-list\">\n<li><strong>Simplificando as opera\u00e7\u00f5es:<\/strong> A consultoria tecnol\u00f3gica inteligente pode ajudar os hot\u00e9is a simplificar as suas opera\u00e7\u00f5es, tornando-as mais eficientes e econ\u00f3micas. Sistemas automatizados de check-in\/check-out, servi\u00e7o de quarto e agendamento de limpeza podem reduzir custos operacionais e melhorar a produtividade da equipe.<\/li>\n\n\n\n<li><strong>Tomada de decis\u00e3o baseada em dados:<\/strong> A implementa\u00e7\u00e3o de tecnologias inteligentes permite aos hot\u00e9is recolher e analisar grandes quantidades de dados. Esses dados podem ser usados para tomar decis\u00f5es informadas sobre estrat\u00e9gias de marketing, melhorias operacionais e servi\u00e7os aos h\u00f3spedes, levando a melhores resultados de neg\u00f3cios.<\/li>\n\n\n\n<li><strong>Melhorar a efici\u00eancia energ\u00e9tica e a sustentabilidade:<\/strong> A tecnologia hoteleira inteligente pode melhorar significativamente a efici\u00eancia energ\u00e9tica, conduzindo a poupan\u00e7as de custos e a uma redu\u00e7\u00e3o da pegada ambiental. Os sistemas inteligentes de ilumina\u00e7\u00e3o, aquecimento e refrigera\u00e7\u00e3o podem ser ajustados automaticamente com base na ocupa\u00e7\u00e3o e nas prefer\u00eancias, reduzindo o desperd\u00edcio de energia.<\/li>\n<\/ul>","protected":false},"excerpt":{"rendered":"<p>A consultoria de tecnologia hoteleira inteligente combina as nuances da gest\u00e3o hoteleira com os mais recentes avan\u00e7os tecnol\u00f3gicos. <\/p>","protected":false},"author":1,"featured_media":64962,"parent":44644,"menu_order":18,"comment_status":"closed","ping_status":"closed","template":"","meta":{"footnotes":""},"class_list":["post-45858","page","type-page","status-publish","has-post-thumbnail"],"_links":{"self":[{"href":"https:\/\/www.sisinternational.com\/pt\/wp-json\/wp\/v2\/pages\/45858","targetHints":{"allow":["GET"]}}],"collection":[{"href":"https:\/\/www.sisinternational.com\/pt\/wp-json\/wp\/v2\/pages"}],"about":[{"href":"https:\/\/www.sisinternational.com\/pt\/wp-json\/wp\/v2\/types\/page"}],"author":[{"embeddable":true,"href":"https:\/\/www.sisinternational.com\/pt\/wp-json\/wp\/v2\/users\/1"}],"replies":[{"embeddable":true,"href":"https:\/\/www.sisinternational.com\/pt\/wp-json\/wp\/v2\/comments?post=45858"}],"version-history":[{"count":9,"href":"https:\/\/www.sisinternational.com\/pt\/wp-json\/wp\/v2\/pages\/45858\/revisions"}],"predecessor-version":[{"id":82114,"href":"https:\/\/www.sisinternational.com\/pt\/wp-json\/wp\/v2\/pages\/45858\/revisions\/82114"}],"up":[{"embeddable":true,"href":"https:\/\/www.sisinternational.com\/pt\/wp-json\/wp\/v2\/pages\/44644"}],"wp:featuredmedia":[{"embeddable":true,"href":"https:\/\/www.sisinternational.com\/pt\/wp-json\/wp\/v2\/media\/64962"}],"wp:attachment":[{"href":"https:\/\/www.sisinternational.com\/pt\/wp-json\/wp\/v2\/media?parent=45858"}],"curies":[{"name":"wp","href":"https:\/\/api.w.org\/{rel}","templated":true}]}}