{"id":45853,"date":"2024-02-02T19:34:34","date_gmt":"2024-02-03T00:34:34","guid":{"rendered":"https:\/\/www.sisinternational.com\/?page_id=45853"},"modified":"2026-01-31T18:22:46","modified_gmt":"2026-01-31T23:22:46","slug":"consultoria-de-rebranding-de-hoteis-que-aceitam-animais-de-estimacao","status":"publish","type":"page","link":"https:\/\/www.sisinternational.com\/pt\/solucoes\/consultoria-em-hotelaria-e-turismo-em-viagens\/consultoria-de-rebranding-de-hoteis-que-aceitam-animais-de-estimacao\/","title":{"rendered":"Consultoria de rebranding de hot\u00e9is que aceitam animais de estima\u00e7\u00e3o"},"content":{"rendered":"<h1 class=\"wp-block-heading\">Consultoria de rebranding de hot\u00e9is que aceitam animais de estima\u00e7\u00e3o<\/h1>\n\n\n\n<figure class=\"gb-block-image gb-block-image-106308e9\"><img loading=\"lazy\" decoding=\"async\" width=\"1456\" height=\"816\" class=\"gb-image gb-image-106308e9\" src=\"https:\/\/www.sisinternational.com\/wp-content\/uploads\/2025\/08\/Pets-dogs-cats-8.jpg\" alt=\"Pesquisa e Estrat\u00e9gia de Mercado Internacional da SIS\" title=\"Pets dogs cats (8)\" srcset=\"https:\/\/www.sisinternational.com\/wp-content\/uploads\/2025\/08\/Pets-dogs-cats-8.jpg 1456w, https:\/\/www.sisinternational.com\/wp-content\/uploads\/2025\/08\/Pets-dogs-cats-8-300x168.jpg 300w, https:\/\/www.sisinternational.com\/wp-content\/uploads\/2025\/08\/Pets-dogs-cats-8-1024x574.jpg 1024w, https:\/\/www.sisinternational.com\/wp-content\/uploads\/2025\/08\/Pets-dogs-cats-8-768x430.jpg 768w, https:\/\/www.sisinternational.com\/wp-content\/uploads\/2025\/08\/Pets-dogs-cats-8-18x10.jpg 18w\" sizes=\"auto, (max-width: 1456px) 100vw, 1456px\"><\/figure>\n\n\n\n<p><\/p>\n\n\n\n<hr class=\"wp-block-separator has-alpha-channel-opacity is-style-dots\"\/>\n\n\n\n<p>O seu hotel est\u00e1 realmente atendendo \u00e0s crescentes demandas dos viajantes modernos? Numa ind\u00fastria onde a diferencia\u00e7\u00e3o \u00e9 fundamental, a tend\u00eancia para alojamentos que aceitam animais de estima\u00e7\u00e3o n\u00e3o \u00e9 apenas uma moda passageira, mas uma mudan\u00e7a significativa nas prefer\u00eancias dos consumidores\u2026 \u00c9 aqui que a consultoria de rebranding de hot\u00e9is que aceitam animais de estima\u00e7\u00e3o surge como uma ferramenta fundamental para criar um ref\u00fagio acolhedor para todos. membros da fam\u00edlia.<\/p>\n\n\n\n<h2 class=\"wp-block-heading\">Compreendendo a consultoria de rebranding de hot\u00e9is que aceitam animais de estima\u00e7\u00e3o<\/h2>\n\n\n\n<p>Pet-friendly <a title=\"Consultoria de rebranding de hot\u00e9is Retreat\" data-wpil-monitor-id=\"2843\" href=\"https:\/\/www.sisinternational.com\/pt\/solucoes\/consultoria-em-hotelaria-e-turismo-em-viagens\/consultoria-de-rebranding-de-hoteis-de-retiro\/\">hotel rebranding consulting<\/a> assists businesses in crafting a unique and memorable experience for both the pet and its owner, one that resonates with the values and lifestyle of modern travelers. This shift in perception demands a hotel experience that caters to human comfort and pet well-being. <\/p>\n\n\n\n<h2 class=\"wp-block-heading\">Por que as empresas precisam de consultoria de rebranding de hot\u00e9is que aceitam animais de estima\u00e7\u00e3o<\/h2>\n\n\n\n<p>The first compelling reason for businesses to engage in pet-friendly <a title=\"Consultoria de Reposicionamento Hoteleiro\" href=\"https:\/\/www.sisinternational.com\/pt\/solucoes\/consultoria-em-hotelaria-e-turismo-em-viagens\/consultoria-de-reposicionamento-hoteleiro\/\" data-wpil-monitor-id=\"2984\">hotel rebranding consulting<\/a> is the expanding demographic of pet owners who travel with their pets. This trend presents a lucrative opportunity for hotels to cater to a unique customer base, offering them specialized services and experiences.<\/p>\n\n\n\n<p>Furthermore, this type of <a title=\"Consultoria Hoteleira do Futuro\" href=\"https:\/\/www.sisinternational.com\/pt\/solucoes\/consultoria-em-hotelaria-e-turismo-em-viagens\/hotel-do-futuro-consultoria\/\" data-wpil-monitor-id=\"7388\">consulting offers hotels<\/a> the opportunity to innovate and lead in the hospitality sector. With the integration of pet-friendly services and amenities, hotels can set new industry standards and practices. Such innovations enhance the guest experience and also position the hotel as a forward-thinking and dynamic player in the industry.<\/p>\n\n\n\n<h2 class=\"wp-block-heading\">Quais s\u00e3o os benef\u00edcios da consultoria de rebranding de hot\u00e9is que aceitam animais de estima\u00e7\u00e3o?<\/h2>\n\n\n\n<p>Embarcar na consultoria de rebranding de hot\u00e9is que aceitam animais de estima\u00e7\u00e3o oferece v\u00e1rios benef\u00edcios que podem elevar significativamente a posi\u00e7\u00e3o e o apelo de um hotel no mercado, incluindo:<\/p>\n\n\n\n<ul class=\"wp-block-list\">\n<li><strong>Diferencia\u00e7\u00e3o em um Mercado Competitivo:<\/strong> In an industry where standing out is crucial, pet-friendly hotel rebranding consulting provides a unique selling point. It differentiates a hotel from its competitors, offering a niche service that can attract attention and interest. <\/li>\n\n\n\n<li><strong>Oportunidade para servi\u00e7os inovadores e fluxos de receitas:<\/strong> Pet-friendly rebranding opens doors to new and innovative services tailored for pets such as pet spas, gourmet pet menus, and pet-sitting services. <\/li>\n\n\n\n<li><strong>Imagem positiva da marca e percep\u00e7\u00e3o p\u00fablica:<\/strong> Os hot\u00e9is que atendem animais de estima\u00e7\u00e3o s\u00e3o frequentemente vistos como compassivos, atenciosos e centrados no cliente. Esta percep\u00e7\u00e3o positiva pode melhorar significativamente a imagem da marca do hotel, tornando-o mais atraente para um p\u00fablico mais amplo, al\u00e9m dos donos de animais de estima\u00e7\u00e3o.<\/li>\n\n\n\n<li><strong>Alinhamento com m\u00eddias sociais e tend\u00eancias de marketing:<\/strong> A abordagem pet-friendly oferece excelente conte\u00fado para m\u00eddias sociais e campanhas de marketing. Compartilhar imagens e hist\u00f3rias de animais de estima\u00e7\u00e3o aproveitando sua estadia pode aumentar o engajamento e atrair a aten\u00e7\u00e3o no espa\u00e7o digital, proporcionando um \u00e2ngulo novo e atraente para os esfor\u00e7os de marketing do hotel.<\/li>\n<\/ul>\n\n\n\n<h2 class=\"wp-block-heading\">Como a consultoria de rebranding de hot\u00e9is que aceitam animais de estima\u00e7\u00e3o difere da pesquisa de mercado tradicional?<\/h2>\n\n\n\n<p>One of the key differences lies in the level of specialization. Traditional market research tends to take a more generalized approach, covering a wide range of aspects in the hospitality industry. In contrast, pet-friendly hotel rebranding consulting is laser-focused on understanding the unique dynamics of hosting guests with pets. <\/p>\n\n\n\n<p>Another distinction is the practical application of the research. Traditional market research often ends with the provision of data and general recommendations. However, pet-friendly hotel <a title=\"Consultoria em Estrat\u00e9gia Hoteleira\" data-wpil-monitor-id=\"2912\" href=\"https:\/\/www.sisinternational.com\/pt\/solucoes\/consultoria-em-hotelaria-e-turismo-em-viagens\/consultoria-em-estrategia-hoteleira\/\">rebranding consulting<\/a> goes a step further by offering actionable strategies and detailed plans for implementation. <\/p>\n\n\n\n<h2 class=\"wp-block-heading\">Resultados esperados da consultoria de rebranding de hot\u00e9is que aceitam animais de estima\u00e7\u00e3o<\/h2>\n\n\n\n<p>Ao se envolverem em consultoria de rebranding de hot\u00e9is que aceitam animais de estima\u00e7\u00e3o, as empresas podem antecipar um processo abrangente que abrange v\u00e1rios aspectos da opera\u00e7\u00e3o e marketing do hotel, incluindo:<\/p>\n\n\n\n<ul class=\"wp-block-list\">\n<li><strong>Posicionamento estrat\u00e9gico da marca:<\/strong> Os consultores trabalhar\u00e3o no alinhamento da marca do hotel com o mercado pet-friendly. Isto inclui o desenvolvimento de uma mensagem de marca que ressoe junto dos donos de animais de estima\u00e7\u00e3o e a garantia de que os valores e servi\u00e7os do hotel s\u00e3o comunicados a este p\u00fablico-alvo.<\/li>\n\n\n\n<li><strong>Adapta\u00e7\u00f5es de instala\u00e7\u00f5es e servi\u00e7os:<\/strong> One of the critical aspects of the consulting process is advising on necessary changes or enhancements to the hotel\u2019s facilities and services. <\/li>\n\n\n\n<li><strong>Treinamento de pessoal e mudan\u00e7a cultural:<\/strong> Consultants will guide staff training to ensure that all employees are equipped to handle pets and understand the unique needs of guests traveling with animals. <\/li>\n\n\n\n<li><strong>Estrat\u00e9gias de marketing e promocionais:<\/strong> A significant part of the consulting process involves developing effective marketing strategies to promote the hotel\u2019s new pet-friendly brand. <\/li>\n<\/ul>\n\n\n\n<h2 class=\"wp-block-heading\">Tend\u00eancias atuais em consultoria de rebranding de hot\u00e9is que aceitam animais de estima\u00e7\u00e3o<\/h2>\n\n\n\n<p>A ind\u00fastria hoteleira que aceita animais de estima\u00e7\u00e3o est\u00e1 em constante evolu\u00e7\u00e3o, com novas tend\u00eancias surgindo \u00e0 medida que os hot\u00e9is se esfor\u00e7am para atender \u00e0s novas necessidades e prefer\u00eancias dos viajantes que possuem animais de estima\u00e7\u00e3o \u2013 e aqui est\u00e3o algumas tend\u00eancias atuais em consultoria de rebranding de hot\u00e9is que aceitam animais de estima\u00e7\u00e3o:<\/p>\n\n\n\n<ul class=\"wp-block-list\">\n<li><strong>Comodidades sustent\u00e1veis e ecol\u00f3gicas para animais de estima\u00e7\u00e3o:<\/strong> A sustentabilidade \u00e9 uma preocupa\u00e7\u00e3o crescente entre os consumidores e se estende aos servi\u00e7os que aceitam animais de estima\u00e7\u00e3o. Os hot\u00e9is est\u00e3o oferecendo comodidades ecol\u00f3gicas para animais de estima\u00e7\u00e3o, como sacos de lixo biodegrad\u00e1veis, alimentos org\u00e2nicos para animais de estima\u00e7\u00e3o e brinquedos sustent\u00e1veis para animais de estima\u00e7\u00e3o.<\/li>\n\n\n\n<li><strong>Colabora\u00e7\u00f5es com marcas de animais de estima\u00e7\u00e3o e influenciadores:<\/strong> Os hot\u00e9is est\u00e3o colaborando cada vez mais com marcas e influenciadores de animais de estima\u00e7\u00e3o para comercializar seus servi\u00e7os que aceitam animais de estima\u00e7\u00e3o. Estas parcerias podem ajudar os hot\u00e9is a alcan\u00e7ar um p\u00fablico mais vasto e a aumentar a sua credibilidade no mercado que aceita animais de estima\u00e7\u00e3o.<\/li>\n\n\n\n<li><strong>Eventos e atividades centradas em animais de estima\u00e7\u00e3o:<\/strong> Hotels are organizing events and activities that cater specifically to pets and their owners. This includes pet meet-and-greets, dog yoga sessions, and pet-friendly tours.<\/li>\n\n\n\n<li><strong>Espa\u00e7os designados para animais de estima\u00e7\u00e3o:<\/strong> Os hot\u00e9is est\u00e3o projetando \u00e1reas espec\u00edficas para animais de estima\u00e7\u00e3o, como parques para c\u00e3es, salas de jogos para animais de estima\u00e7\u00e3o e at\u00e9 piscinas para animais de estima\u00e7\u00e3o. Esses espa\u00e7os garantem que os animais de estima\u00e7\u00e3o tenham um ambiente seguro e agrad\u00e1vel para relaxar e brincar.<\/li>\n<\/ul>","protected":false},"excerpt":{"rendered":"<p>A consultoria de rebranding de hot\u00e9is que aceitam animais de estima\u00e7\u00e3o auxilia as empresas na cria\u00e7\u00e3o de uma experi\u00eancia \u00fanica e memor\u00e1vel tanto para o animal quanto para seu dono.<\/p>","protected":false},"author":1,"featured_media":63857,"parent":44644,"menu_order":17,"comment_status":"closed","ping_status":"closed","template":"","meta":{"footnotes":""},"class_list":["post-45853","page","type-page","status-publish","has-post-thumbnail"],"_links":{"self":[{"href":"https:\/\/www.sisinternational.com\/pt\/wp-json\/wp\/v2\/pages\/45853","targetHints":{"allow":["GET"]}}],"collection":[{"href":"https:\/\/www.sisinternational.com\/pt\/wp-json\/wp\/v2\/pages"}],"about":[{"href":"https:\/\/www.sisinternational.com\/pt\/wp-json\/wp\/v2\/types\/page"}],"author":[{"embeddable":true,"href":"https:\/\/www.sisinternational.com\/pt\/wp-json\/wp\/v2\/users\/1"}],"replies":[{"embeddable":true,"href":"https:\/\/www.sisinternational.com\/pt\/wp-json\/wp\/v2\/comments?post=45853"}],"version-history":[{"count":15,"href":"https:\/\/www.sisinternational.com\/pt\/wp-json\/wp\/v2\/pages\/45853\/revisions"}],"predecessor-version":[{"id":82117,"href":"https:\/\/www.sisinternational.com\/pt\/wp-json\/wp\/v2\/pages\/45853\/revisions\/82117"}],"up":[{"embeddable":true,"href":"https:\/\/www.sisinternational.com\/pt\/wp-json\/wp\/v2\/pages\/44644"}],"wp:featuredmedia":[{"embeddable":true,"href":"https:\/\/www.sisinternational.com\/pt\/wp-json\/wp\/v2\/media\/63857"}],"wp:attachment":[{"href":"https:\/\/www.sisinternational.com\/pt\/wp-json\/wp\/v2\/media?parent=45853"}],"curies":[{"name":"wp","href":"https:\/\/api.w.org\/{rel}","templated":true}]}}