{"id":45850,"date":"2024-02-02T18:38:13","date_gmt":"2024-02-02T23:38:13","guid":{"rendered":"https:\/\/www.sisinternational.com\/?page_id=45850"},"modified":"2026-01-30T23:37:11","modified_gmt":"2026-01-31T04:37:11","slug":"consultoria-de-rebranding-de-hoteis-de-negocios","status":"publish","type":"page","link":"https:\/\/www.sisinternational.com\/pt\/solucoes\/consultoria-em-hotelaria-e-turismo-em-viagens\/consultoria-de-rebranding-de-hoteis-de-negocios\/","title":{"rendered":"Consultoria de rebranding de hot\u00e9is de neg\u00f3cios"},"content":{"rendered":"<h1 class=\"wp-block-heading\">Consultoria de rebranding de hot\u00e9is de neg\u00f3cios<\/h1>\n\n\n\n<figure class=\"gb-block-image gb-block-image-7456565a\"><img loading=\"lazy\" decoding=\"async\" width=\"1456\" height=\"816\" class=\"gb-image gb-image-7456565a\" src=\"https:\/\/www.sisinternational.com\/wp-content\/uploads\/2025\/10\/Management-Consulting-Automation-2.jpg\" alt=\"Pesquisa e Estrat\u00e9gia de Mercado Internacional da SIS\" title=\"Management Consulting Automation (2)\" srcset=\"https:\/\/www.sisinternational.com\/wp-content\/uploads\/2025\/10\/Management-Consulting-Automation-2.jpg 1456w, https:\/\/www.sisinternational.com\/wp-content\/uploads\/2025\/10\/Management-Consulting-Automation-2-300x168.jpg 300w, https:\/\/www.sisinternational.com\/wp-content\/uploads\/2025\/10\/Management-Consulting-Automation-2-1024x574.jpg 1024w, https:\/\/www.sisinternational.com\/wp-content\/uploads\/2025\/10\/Management-Consulting-Automation-2-768x430.jpg 768w, https:\/\/www.sisinternational.com\/wp-content\/uploads\/2025\/10\/Management-Consulting-Automation-2-18x10.jpg 18w\" sizes=\"auto, (max-width: 1456px) 100vw, 1456px\"><\/figure>\n\n\n\n<p><\/p>\n\n\n\n<hr class=\"wp-block-separator has-alpha-channel-opacity is-style-dots\"\/>\n\n\n\n<p>A consultoria de rebranding de hot\u00e9is de neg\u00f3cios consiste em compreender que, no \u00e2mbito competitivo das viagens de neg\u00f3cios, cada detalhe conta \u2013 desde a efici\u00eancia dos servi\u00e7os de check-in at\u00e9 \u00e0 simplicidade das instala\u00e7\u00f5es para confer\u00eancias. Ajuda as empresas a criar uma narrativa que fala de conforto, conveni\u00eancia, inova\u00e7\u00e3o, conectividade e profissionalismo incompar\u00e1vel.<\/p>\n\n\n\n<h2 class=\"wp-block-heading\">O que \u00e9 consultoria de rebranding de hot\u00e9is de neg\u00f3cios?<\/h2>\n\n\n\n<p>Business <a title=\"Consultoria de rebranding de hot\u00e9is que aceitam animais de estima\u00e7\u00e3o\" href=\"https:\/\/www.sisinternational.com\/pt\/solucoes\/consultoria-em-hotelaria-e-turismo-em-viagens\/consultoria-de-rebranding-de-hoteis-que-aceitam-animais-de-estimacao\/\" data-wpil-monitor-id=\"2823\">hotel rebranding consulting<\/a> involves a comprehensive analysis of the hotel&#8217;s current market position, brand perception, and operational efficiencies to understand the hotel&#8217;s strengths, weaknesses, opportunities, and threats in the context of the current business travel market.<\/p>\n\n\n\n<p>Moreover, this form of <a title=\"Consultoria Hoteleira do Futuro\" href=\"https:\/\/www.sisinternational.com\/pt\/solucoes\/consultoria-em-hotelaria-e-turismo-em-viagens\/hotel-do-futuro-consultoria\/\" data-wpil-monitor-id=\"7389\">consultando<\/a> is highly focused on aligning the hotel&#8217;s services and amenities with the specific needs of business travelers. From the design of meeting rooms and the speed of internet services to the efficiency of check-in and check-out processes, every aspect is scrutinized and optimized to ensure that the hotel caters effectively to its target clientele.<\/p>\n\n\n\n<h2 class=\"wp-block-heading\">Por que a consultoria de rebranding de hot\u00e9is de neg\u00f3cios \u00e9 importante hoje?<\/h2>\n\n\n\n<p>Business <a title=\"Consultoria de rebranding de hot\u00e9is econ\u00f4micos\" href=\"https:\/\/www.sisinternational.com\/pt\/solucoes\/consultoria-em-hotelaria-e-turismo-em-viagens\/consultoria-de-rebranding-de-hotel-economico\/\" data-wpil-monitor-id=\"2882\">hotel rebranding consulting<\/a> ensures that hotels accurately understand and meet the expectations of their clientele, helping hotels to identify these needs and reshape their offerings accordingly.<\/p>\n\n\n\n<p>Moreover, in an era where brand perception can significantly influence decision-making, rebranding consulting is essential for crafting a compelling brand narrative. It creates a brand identity that resonates with values such as professionalism, innovation, and excellence. This <a title=\"Rebranding de hot\u00e9is boutique\" href=\"https:\/\/www.sisinternational.com\/pt\/solucoes\/consultoria-em-hotelaria-e-turismo-em-viagens\/reformulacao-da-marca-do-hotel-boutique\/\" data-wpil-monitor-id=\"2901\">rebranding effort positions the hotel<\/a> not just as a lodging option but as a partner in the traveler&#8217;s business journey, enhancing brand loyalty and preference.<\/p>\n\n\n\n<h2 class=\"wp-block-heading\">Os principais benef\u00edcios da consultoria de rebranding de hot\u00e9is de neg\u00f3cios<\/h2>\n\n\n\n<p>A consultoria de rebranding de hot\u00e9is de neg\u00f3cios revela uma infinidade de benef\u00edcios no competitivo mercado de viagens de neg\u00f3cios \u2013 e veja como ela pode transformar e elevar uma marca de hotel:<\/p>\n\n\n\n<ul class=\"wp-block-list\">\n<li><strong>Vantagem Competitiva no Mercado:<\/strong> In a fiercely competitive industry, business hotel <a title=\"Como expandir seu neg\u00f3cio\" data-wpil-monitor-id=\"1945\" href=\"https:\/\/www.sisinternational.com\/pt\/como-expandir-seu-negocio\/\">rebranding consulting provides the insights and strategies<\/a> necessary to differentiate the hotel from its competitors. <\/li>\n\n\n\n<li><strong>Excel\u00eancia operacional:<\/strong> Esta consultoria investiga a otimiza\u00e7\u00e3o da efici\u00eancia operacional, garantindo que todos os aspectos das opera\u00e7\u00f5es do hotel estejam alinhados com a nova estrat\u00e9gia da marca.<\/li>\n\n\n\n<li><strong>Presen\u00e7a digital robusta:<\/strong> A consultoria de rebranding de hot\u00e9is de neg\u00f3cios garante que as estrat\u00e9gias digitais do hotel \u2013 desde o site at\u00e9 os canais de m\u00eddia social \u2013 sejam envolventes, consistentes com a nova identidade da marca e gerenciadas de forma eficaz para aumentar a visibilidade e a intera\u00e7\u00e3o dos h\u00f3spedes.<\/li>\n<\/ul>\n\n\n\n<h2 class=\"wp-block-heading\">Como \u00e9 realizada a consultoria de rebranding de hot\u00e9is de neg\u00f3cios?<\/h2>\n\n\n\n<p>The process begins with a thorough assessment phase, where the consulting team conducts an in-depth analysis of the hotel&#8217;s current brand position, market performance, guest feedback, and operational efficiencies. <\/p>\n\n\n\n<p>A pr\u00f3xima fase \u00e9 o planejamento estrat\u00e9gico. Nesta etapa, a equipe de consultoria colabora com a gest\u00e3o do hotel para definir a vis\u00e3o, miss\u00e3o e valores da nova marca. Aspectos-chave como o mercado-alvo do hotel, pontos de diferencia\u00e7\u00e3o da marca e padr\u00f5es de servi\u00e7o s\u00e3o discutidos e refinados.<\/p>\n\n\n\n<p>Uma vez definida a estrat\u00e9gia, o foco muda para a implementa\u00e7\u00e3o. Esta fase envolve traduzir a vis\u00e3o estrat\u00e9gica em a\u00e7\u00f5es e mudan\u00e7as tang\u00edveis. Pode incluir o redesenho da identidade visual do hotel (como log\u00f3tipos e materiais da marca), a renova\u00e7\u00e3o das estrat\u00e9gias de marketing e comunica\u00e7\u00e3o, a melhoria dos modelos de presta\u00e7\u00e3o de servi\u00e7os e a potencial renova\u00e7\u00e3o dos espa\u00e7os f\u00edsicos. A fase de implementa\u00e7\u00e3o \u00e9 caracterizada por um gerenciamento detalhado do projeto, garantindo que cada aspecto da reformula\u00e7\u00e3o da marca seja executado dentro do prazo, do or\u00e7amento e do mais alto padr\u00e3o.<\/p>\n\n\n\n<h2 class=\"wp-block-heading\">Consultoria de rebranding de hot\u00e9is de neg\u00f3cios versus pesquisa de mercado tradicional<\/h2>\n\n\n\n<p>O escopo da consultoria de rebranding de hot\u00e9is de neg\u00f3cios \u00e9 muito mais amplo do que a pesquisa de mercado tradicional. Embora a pesquisa de mercado normalmente se concentre na coleta de dados sobre o mercado, concorrentes e consumidores, a consultoria de rebranding vai um passo al\u00e9m. Envolve a aplica\u00e7\u00e3o estrat\u00e9gica de dados para impulsionar mudan\u00e7as fundamentais na identidade da marca do hotel, nas experi\u00eancias dos h\u00f3spedes e nas estrat\u00e9gias operacionais.<\/p>\n\n\n\n<p> The insights gained from market research are used as a foundation to develop and implement a comprehensive rebranding strategy, encompassing everything from visual identity and service offerings to marketing strategies and internal processes.<\/p>\n\n\n\n<p>Por \u00faltimo, a medida do sucesso na consultoria de rebranding de hot\u00e9is de neg\u00f3cios est\u00e1 diretamente ligada ao impacto dos esfor\u00e7os de rebranding no desempenho do hotel. Embora a pesquisa de mercado tradicional possa medir o sucesso em termos da precis\u00e3o e relev\u00e2ncia dos dados recolhidos, a consultoria de rebranding mede o sucesso com base em resultados tang\u00edveis \u2013 tais como maior satisfa\u00e7\u00e3o dos h\u00f3spedes, maior fidelidade \u00e0 marca e melhor desempenho financeiro.<\/p>\n\n\n\n<h2 class=\"wp-block-heading\">Oportunidades na reformula\u00e7\u00e3o da marca de hot\u00e9is de neg\u00f3cios para empresas<\/h2>\n\n\n\n<p>A consultoria de rebranding de hot\u00e9is de neg\u00f3cios oferece uma infinidade de oportunidades para os hot\u00e9is revitalizarem sua marca, aprimorarem as experi\u00eancias dos h\u00f3spedes e fortalecerem sua posi\u00e7\u00e3o no competitivo mercado de viagens de neg\u00f3cios. Veja como a consultoria de rebranding de hot\u00e9is de neg\u00f3cios pode criar oportunidades significativas para as empresas:<\/p>\n\n\n\n<ul class=\"wp-block-list\">\n<li><strong>Visando novos segmentos de neg\u00f3cios:<\/strong> A reformula\u00e7\u00e3o da marca abre portas para atingir novos segmentos de viajantes de neg\u00f3cios. Atrav\u00e9s de uma compreens\u00e3o profunda e do alinhamento com as necessidades espec\u00edficas de nichos como empreendedores tecnol\u00f3gicos, participantes de confer\u00eancias internacionais ou organizadores de retiros corporativos, os hot\u00e9is podem explorar novos fluxos de receitas e expandir a sua clientela.<\/li>\n\n\n\n<li><strong>Fortalecendo a fidelidade \u00e0 marca:<\/strong> Uma mudan\u00e7a de marca bem-sucedida pode melhorar significativamente a percep\u00e7\u00e3o da marca de um hotel entre seus h\u00f3spedes. Ao cumprir a promessa da nova marca e superar as expectativas dos h\u00f3spedes, os hot\u00e9is podem promover uma fidelidade \u00e0 marca mais forte, transformando h\u00f3spedes satisfeitos em defensores da marca e em clientes habituais.<\/li>\n\n\n\n<li><strong>Impulsionando a inova\u00e7\u00e3o em servi\u00e7os e comodidades:<\/strong> Business hotel rebranding consulting encourages innovation in services and amenities tailored for business travelers. <\/li>\n<\/ul>","protected":false},"excerpt":{"rendered":"<p>A consultoria de rebranding de hot\u00e9is de neg\u00f3cios entende que em viagens de neg\u00f3cios cada detalhe conta, desde o check-in at\u00e9 as instala\u00e7\u00f5es para confer\u00eancias.<\/p>","protected":false},"author":1,"featured_media":71588,"parent":44644,"menu_order":16,"comment_status":"closed","ping_status":"closed","template":"","meta":{"footnotes":""},"class_list":["post-45850","page","type-page","status-publish","has-post-thumbnail"],"_links":{"self":[{"href":"https:\/\/www.sisinternational.com\/pt\/wp-json\/wp\/v2\/pages\/45850","targetHints":{"allow":["GET"]}}],"collection":[{"href":"https:\/\/www.sisinternational.com\/pt\/wp-json\/wp\/v2\/pages"}],"about":[{"href":"https:\/\/www.sisinternational.com\/pt\/wp-json\/wp\/v2\/types\/page"}],"author":[{"embeddable":true,"href":"https:\/\/www.sisinternational.com\/pt\/wp-json\/wp\/v2\/users\/1"}],"replies":[{"embeddable":true,"href":"https:\/\/www.sisinternational.com\/pt\/wp-json\/wp\/v2\/comments?post=45850"}],"version-history":[{"count":12,"href":"https:\/\/www.sisinternational.com\/pt\/wp-json\/wp\/v2\/pages\/45850\/revisions"}],"predecessor-version":[{"id":82072,"href":"https:\/\/www.sisinternational.com\/pt\/wp-json\/wp\/v2\/pages\/45850\/revisions\/82072"}],"up":[{"embeddable":true,"href":"https:\/\/www.sisinternational.com\/pt\/wp-json\/wp\/v2\/pages\/44644"}],"wp:featuredmedia":[{"embeddable":true,"href":"https:\/\/www.sisinternational.com\/pt\/wp-json\/wp\/v2\/media\/71588"}],"wp:attachment":[{"href":"https:\/\/www.sisinternational.com\/pt\/wp-json\/wp\/v2\/media?parent=45850"}],"curies":[{"name":"wp","href":"https:\/\/api.w.org\/{rel}","templated":true}]}}