{"id":45819,"date":"2024-02-01T13:36:05","date_gmt":"2024-02-01T18:36:05","guid":{"rendered":"https:\/\/www.sisinternational.com\/?page_id=45819"},"modified":"2026-03-16T23:51:34","modified_gmt":"2026-03-17T03:51:34","slug":"consultoria-em-pesquisa-de-mercado-para-reorganizacao-de-servicos-financeiros","status":"publish","type":"page","link":"https:\/\/www.sisinternational.com\/pt\/solucoes\/consultoria-estrategica\/financial-services-consulting\/consultoria-em-pesquisa-de-mercado-para-reorganizacao-de-servicos-financeiros\/","title":{"rendered":"Pesquisa e Consultoria de Mercado em Reorganiza\u00e7\u00e3o de Servi\u00e7os Financeiros"},"content":{"rendered":"<h1 class=\"wp-block-heading\">Pesquisa e Consultoria de Mercado em Reorganiza\u00e7\u00e3o de Servi\u00e7os Financeiros<\/h1>\n\n\n\n<figure class=\"gb-block-image gb-block-image-6410ca92\"><img loading=\"lazy\" decoding=\"async\" width=\"1456\" height=\"816\" class=\"gb-image gb-image-6410ca92\" src=\"https:\/\/www.sisinternational.com\/wp-content\/uploads\/2025\/10\/Financial-Services-Reorganization-1.jpg\" alt=\"Pesquisa e Estrat\u00e9gia de Mercado Internacional da SIS\" title=\"Financial Services Reorganization (1)\" srcset=\"https:\/\/www.sisinternational.com\/wp-content\/uploads\/2025\/10\/Financial-Services-Reorganization-1.jpg 1456w, https:\/\/www.sisinternational.com\/wp-content\/uploads\/2025\/10\/Financial-Services-Reorganization-1-300x168.jpg 300w, https:\/\/www.sisinternational.com\/wp-content\/uploads\/2025\/10\/Financial-Services-Reorganization-1-1024x574.jpg 1024w, https:\/\/www.sisinternational.com\/wp-content\/uploads\/2025\/10\/Financial-Services-Reorganization-1-768x430.jpg 768w, https:\/\/www.sisinternational.com\/wp-content\/uploads\/2025\/10\/Financial-Services-Reorganization-1-18x10.jpg 18w\" sizes=\"auto, (max-width: 1456px) 100vw, 1456px\"><\/figure>\n\n\n\n<p><\/p>\n\n\n\n<hr class=\"wp-block-separator has-alpha-channel-opacity\"\/>\n\n\n\n<p>The financial sector faces an unprecedented era of transformation. From traditional banking to fintech innovations, the entire spectrum is under scrutiny and needs strategic realignment. Financial services reorganization market research and consulting delve into this transformative process, offering insights and strategies for not just keeping pace with change but leading it.<\/p>\n\n\n\n<h2 class=\"wp-block-heading\">O que \u00e9 Pesquisa e Consultoria de Mercado de Reorganiza\u00e7\u00e3o de Servi\u00e7os Financeiros?<\/h2>\n\n\n\n<p>Financial <a href=\"https:\/\/www.sisinternational.com\/pt\/solucoes\/solucoes-de-pesquisa-quantitativa-qualitativa\/pesquisa-de-mercado-de-servicos-de-campo\/\" title=\"Pesquisa de mercado de servi\u00e7os de campo\"  data-wpil-monitor-id=\"4525\">services reorganization market research<\/a> and consulting analyze and advise on restructuring and transforming businesses within the financial services sector. It aims to comprehensively understand the external factors impacting financial institutions and how they can strategically respond.<\/p>\n\n\n\n<h2 class=\"wp-block-heading\">Import\u00e2ncia da Pesquisa e Consultoria de Mercado em Reorganiza\u00e7\u00e3o de Servi\u00e7os Financeiros<\/h2>\n\n\n\n<p>With regulations constantly evolving, financial <a href=\"https:\/\/www.sisinternational.com\/pt\/pericia\/industrias\/pesquisa-de-mercado-de-servicos-ambientais\/\" title=\"Pesquisa de mercado de servi\u00e7os ambientais\"  data-wpil-monitor-id=\"4849\">services reorganization market research<\/a> and consulting help institutions understand and adapt to these changes, ensuring compliance while maintaining operational efficiency. Furthermore, integrating technology in financial services, from blockchain to artificial intelligence, is reshaping the industry \u2013 and this research assists businesses in leveraging these technologies effectively, ensuring they remain competitive and innovative.<\/p>\n\n\n\n<p>Moreover, businesses need to stay ahead of the curve in an increasingly competitive marketplace. Financial services reorganization consulting assists in strategic restructuring, helping institutions redefine their business models to capitalize on new market opportunities\u2026But, it has many other benefits, including:<\/p>\n\n\n\n<ul class=\"wp-block-list\">\n<li><strong>Efici\u00eancia Operacional e Redu\u00e7\u00e3o de Custos:<\/strong> Consultants provide recommendations on streamlining operations, improving processes, and adopting new technologies, which can lead to increased operational efficiency and significant cost reductions.<\/li>\n\n\n\n<li><strong>Facilitando fus\u00f5es e aquisi\u00e7\u00f5es bem-sucedidas:<\/strong> In mergers and acquisitions, financial services reorganization consulting ensures a smooth integration of systems, cultures, and operations, enhancing the chances of success and growth.<\/li>\n\n\n\n<li><strong>Impulsionando a inova\u00e7\u00e3o e a ado\u00e7\u00e3o de tecnologia:<\/strong> Os servi\u00e7os de consultoria fornecem insights sobre como as institui\u00e7\u00f5es financeiras podem aproveitar as tecnologias mais recentes, como IA, blockchain e inova\u00e7\u00f5es fintech, para melhorar os servi\u00e7os e criar novos fluxos de receita.<\/li>\n\n\n\n<li><strong>Modelos de neg\u00f3cios centrados no cliente:<\/strong> Os consultores ajudam a remodelar os modelos de neg\u00f3cios para serem mais centrados no cliente, respondendo de forma eficaz \u00e0s mudan\u00e7as nos comportamentos e expectativas dos clientes na era digital.<\/li>\n\n\n\n<li><strong>Orienta\u00e7\u00e3o sobre Expans\u00e3o Global:<\/strong> For businesses looking to expand globally, financial <a href=\"https:\/\/www.sisinternational.com\/pt\/pericia\/industrias\/pesquisa-de-mercado-de-servicos-de-comunicacao\/\" title=\"Pesquisa de mercado de servi\u00e7os de comunica\u00e7\u00e3o\"  data-wpil-monitor-id=\"5707\">services reorganization market research<\/a> and consulting provide valuable insights into international markets, helping them make informed decisions about global expansion strategies.<\/li>\n<\/ul>\n\n\n\n<h2 class=\"wp-block-heading\">O que esperar da pesquisa e consultoria de mercado de reorganiza\u00e7\u00e3o de servi\u00e7os financeiros<\/h2>\n\n\n\n<figure class=\"gb-block-image gb-block-image-1434b7f7\"><img loading=\"lazy\" decoding=\"async\" width=\"1456\" height=\"816\" class=\"gb-image gb-image-1434b7f7\" src=\"https:\/\/www.sisinternational.com\/wp-content\/uploads\/2025\/10\/Financial-Services-Reorganization-4.jpg\" alt=\"Pesquisa e Estrat\u00e9gia de Mercado Internacional da SIS\" title=\"Financial Services Reorganization (4)\" srcset=\"https:\/\/www.sisinternational.com\/wp-content\/uploads\/2025\/10\/Financial-Services-Reorganization-4.jpg 1456w, https:\/\/www.sisinternational.com\/wp-content\/uploads\/2025\/10\/Financial-Services-Reorganization-4-300x168.jpg 300w, https:\/\/www.sisinternational.com\/wp-content\/uploads\/2025\/10\/Financial-Services-Reorganization-4-1024x574.jpg 1024w, https:\/\/www.sisinternational.com\/wp-content\/uploads\/2025\/10\/Financial-Services-Reorganization-4-768x430.jpg 768w, https:\/\/www.sisinternational.com\/wp-content\/uploads\/2025\/10\/Financial-Services-Reorganization-4-18x10.jpg 18w\" sizes=\"auto, (max-width: 1456px) 100vw, 1456px\"><\/figure>\n\n\n\n<p><\/p>\n\n\n\n<p>O envolvimento em pesquisa de mercado e consultoria em reorganiza\u00e7\u00e3o de servi\u00e7os financeiros fornece \u00e0s empresas uma orienta\u00e7\u00e3o estrat\u00e9gica valiosa \u2013 e aqui est\u00e1 o que as institui\u00e7\u00f5es financeiras podem esperar quando investem nestes servi\u00e7os:<\/p>\n\n\n\n<ul class=\"wp-block-list\">\n<li><strong>An\u00e1lise abrangente de mercado:<\/strong> Esta an\u00e1lise fornece uma base s\u00f3lida para compreender o cen\u00e1rio do mercado e identificar \u00e1reas para mudan\u00e7a estrat\u00e9gica.<\/li>\n\n\n\n<li><strong>Recomenda\u00e7\u00f5es Estrat\u00e9gicas Personalizadas:<\/strong> Com base na an\u00e1lise de mercado, os consultores oferecer\u00e3o recomenda\u00e7\u00f5es personalizadas para reorganiza\u00e7\u00e3o. Essas estrat\u00e9gias s\u00e3o elaboradas para se alinharem aos objetivos, desafios e posicionamento de mercado espec\u00edficos da institui\u00e7\u00e3o.<\/li>\n\n\n\n<li><strong>Orienta\u00e7\u00e3o sobre conformidade regulat\u00f3ria:<\/strong> Consultants provide expert advice on navigating the financial services sector&#8217;s complex regulatory environment.\u00a0<\/li>\n\n\n\n<li><strong>Planos de Melhoria da Efici\u00eancia Operacional:<\/strong> Businesses can expect recommendations focused on enhancing operational efficiency, including process optimization, technology integration, and cost management strategies.<\/li>\n\n\n\n<li><strong>Acompanhamento e suporte cont\u00ednuo:<\/strong> Financial services reorganization consulting is not a one-time service. Expect ongoing support and follow-up to ensure the successful implementation of recommended strategies and to make adjustments as market conditions evolve.<\/li>\n<\/ul>\n\n\n\n<h2 class=\"wp-block-heading\">Tend\u00eancias Atuais em Pesquisa e Consultoria de Mercado de Reorganiza\u00e7\u00e3o de Servi\u00e7os Financeiros<\/h2>\n\n\n\n<p>Staying informed about the latest trends in financial services <a href=\"https:\/\/www.sisinternational.com\/pt\/solucoes\/pesquisa-de-consultoria-em-estrategia-fintech\/pesquisa-de-mercado-da-industria-de-servicos-financeiros\/\" title=\"Pesquisa de mercado da ind\u00fastria de servi\u00e7os financeiros\"  data-wpil-monitor-id=\"4546\">reorganization market research and consulting<\/a> is crucial for businesses looking to remain competitive and adaptable in a rapidly changing industry. These trends reflect the evolving challenges and opportunities within the sector, and understanding them is key to effective strategic planning.<\/p>\n\n\n\n<ul class=\"wp-block-list\">\n<li><strong>Maior foco na transforma\u00e7\u00e3o digital:<\/strong> The financial services industry is experiencing a growing trend toward digitalization. Consulting now heavily emphasizes digital transformation strategies (including the adoption of fintech, blockchain, and AI technologies) to improve efficiency and customer experience and create new business models.<\/li>\n\n\n\n<li><strong>Integra\u00e7\u00e3o de Pr\u00e1ticas Sustent\u00e1veis e Respons\u00e1veis:<\/strong> Sustainability and corporate responsibility are becoming key considerations. Consulting services increasingly address how financial institutions can incorporate ESG (Environmental, Social, and Governance) factors into their reorganization strategies.<\/li>\n\n\n\n<li><strong>Adapta\u00e7\u00e3o \u00e0s mudan\u00e7as regulat\u00f3rias:<\/strong> As regulatory environments become more stringent and complex, a significant trend in consulting is navigating these changes.\u00a0<\/li>\n\n\n\n<li><strong>Melhorar as medidas de seguran\u00e7a cibern\u00e9tica:<\/strong> \u00c0 medida que a transforma\u00e7\u00e3o digital acelera, aumenta tamb\u00e9m a necessidade de uma seguran\u00e7a cibern\u00e9tica robusta. As tend\u00eancias atuais incluem a integra\u00e7\u00e3o de medidas avan\u00e7adas de seguran\u00e7a cibern\u00e9tica em planos de reorganiza\u00e7\u00e3o para proteger dados confidenciais e manter a confian\u00e7a do cliente.<\/li>\n<\/ul>\n\n\n\n<h2 class=\"wp-block-heading\">Oportunidades<\/h2>\n\n\n\n<figure class=\"gb-block-image gb-block-image-3126cd3a\"><img loading=\"lazy\" decoding=\"async\" width=\"1456\" height=\"816\" class=\"gb-image gb-image-3126cd3a\" src=\"https:\/\/www.sisinternational.com\/wp-content\/uploads\/2025\/10\/Financial-Services-Reorganization-3.jpg\" alt=\"Pesquisa e Estrat\u00e9gia de Mercado Internacional da SIS\" title=\"Financial Services Reorganization (3)\" srcset=\"https:\/\/www.sisinternational.com\/wp-content\/uploads\/2025\/10\/Financial-Services-Reorganization-3.jpg 1456w, https:\/\/www.sisinternational.com\/wp-content\/uploads\/2025\/10\/Financial-Services-Reorganization-3-300x168.jpg 300w, https:\/\/www.sisinternational.com\/wp-content\/uploads\/2025\/10\/Financial-Services-Reorganization-3-1024x574.jpg 1024w, https:\/\/www.sisinternational.com\/wp-content\/uploads\/2025\/10\/Financial-Services-Reorganization-3-768x430.jpg 768w, https:\/\/www.sisinternational.com\/wp-content\/uploads\/2025\/10\/Financial-Services-Reorganization-3-18x10.jpg 18w\" sizes=\"auto, (max-width: 1456px) 100vw, 1456px\"><\/figure>\n\n\n\n<p><\/p>\n\n\n\n<p>A pesquisa de mercado e a consultoria em reorganiza\u00e7\u00e3o de servi\u00e7os financeiros abrem uma gama de oportunidades para as empresas do setor \u2013 e aqui est\u00e1 uma vis\u00e3o geral das oportunidades significativas que esses servi\u00e7os oferecem:<\/p>\n\n\n\n<ul class=\"wp-block-list\">\n<li><strong>Melhoria da efici\u00eancia operacional:<\/strong> Businesses can leverage consulting insights to streamline operations, enhance process efficiencies, and reduce costs.\u00a0<\/li>\n\n\n\n<li><strong>Experi\u00eancia e envolvimento do cliente:<\/strong> With a focus on customer-centric approaches, financial services <a href=\"https:\/\/www.sisinternational.com\/pt\/financial-services-consulting\/financial-services-customer-satisfaction\/\" title=\"Financial Services Customer Satisfaction\"  data-wpil-monitor-id=\"956\">reorganization market research and consulting<\/a> help businesses reorganize their strategies to improve customer engagement and satisfaction, which is key to retaining and attracting clients.<\/li>\n\n\n\n<li><strong>Vantagem Competitiva e Posicionamento de Mercado:<\/strong> Consulting provides insights into market trends and competitor strategies, allowing businesses to position themselves competitively and capitalize on market opportunities.<\/li>\n\n\n\n<li><strong>Expans\u00e3o Global e Estrat\u00e9gias Transfronteiri\u00e7as:<\/strong> Para as empresas que procuram expandir-se globalmente, a pesquisa de mercado e a consultoria em reorganiza\u00e7\u00e3o de servi\u00e7os financeiros oferecem insights sobre os mercados globais, ajudando-as a desenvolver estrat\u00e9gias transfronteiri\u00e7as eficazes e a compreender os ambientes regulat\u00f3rios internacionais.<\/li>\n<\/ul>\n\n\n\n<h2 class=\"wp-block-heading\">Desafios<\/h2>\n\n\n\n<p>Financial services reorganization market research and consulting come with a set of challenges, which can impact the effectiveness of consulting services and businesses&#8217; ability to implement recommended changes successfully.<\/p>\n\n\n\n<ul class=\"wp-block-list\">\n<li><strong>Alinhando os interesses das partes interessadas:<\/strong> Aligning the interests of various stakeholders, including employees, management, and shareholders, can be challenging. Ensuring all parties are on board with the reorganization plan is crucial for its successful implementation.<\/li>\n\n\n\n<li><strong>Equilibrando Custo com Inova\u00e7\u00e3o:<\/strong> Investing in new technologies and reorganization strategies can be costly. Businesses must navigate the challenge of balancing the need for innovation with budget constraints and demonstrating a clear return on investment.<\/li>\n\n\n\n<li><strong>Adapta\u00e7\u00e3o do mercado global:<\/strong> Adapting strategies to fit different market conditions and customer preferences is a significant challenge for businesses operating globally. This includes understanding diverse cultural nuances and regulatory environments.<\/li>\n\n\n\n<li><strong>Medindo o sucesso e o impacto:<\/strong> Quantificar o sucesso e o impacto das estrat\u00e9gias de reorganiza\u00e7\u00e3o pode ser um desafio. Estabelecer m\u00e9tricas claras para o sucesso e monitorizar continuamente o progresso \u00e9 crucial para avaliar a efic\u00e1cia destas mudan\u00e7as.<\/li>\n<\/ul>\n\n\n\n<h2 class=\"wp-block-heading\">Localiza\u00e7\u00e3o de nossas instala\u00e7\u00f5es em Nova York<\/h2>\n\n\n\n<p>  <iframe loading=\"lazy\" src=\"https:\/\/www.google.com\/maps\/embed?pb=!1m18!1m12!1m3!1d3022.976188376966!2d-73.99130312499956!3d40.740549471389315!2m3!1f0!2f0!3f0!3m2!1i1024!2i768!4f13.1!3m3!1m2!1s0x89c259a15798c731%3A0xd695d09bdd495f25!2s11%20E%2022nd%20St%20FL%202%2C%20New%20York%2C%20NY%2010010%2C%20USA!5e0!3m2!1sen!2spe!4v1726171763526!5m2!1sen!2spe\" width=\"600\" height=\"450\" allowfullscreen=\"allowfullscreen\" data-mce-fragment=\"1\"><\/iframe>  <\/p>\n\n\n\n<h3 class=\"wp-block-heading\">11 E 22nd Street, 2\u00ba andar, Nova York, NY 10010 T: +1(212) 505-6805<\/h3>\n\n\n\n<hr class=\"wp-block-separator has-alpha-channel-opacity\"\/>\n\n\n\n<h2 class=\"wp-block-heading\"><span style=\"font-weight: 400;\">Sobre SIS Internacional<\/span><\/h2>\n\n\n\n<p><a href=\"https:\/\/www.sisinternational.com\/pt\/\"><span style=\"font-weight: 400;\">SIS Internacional<\/span><\/a><span style=\"font-weight: 400;\"> oferece pesquisa quantitativa, qualitativa e estrat\u00e9gica. Fornecemos dados, ferramentas, estrat\u00e9gias, relat\u00f3rios e insights para a tomada de decis\u00f5es. Tamb\u00e9m realizamos entrevistas, pesquisas, grupos focais e outros m\u00e9todos e abordagens de Pesquisa de Mercado.<\/span><a href=\"https:\/\/www.sisinternational.com\/pt\/sobre-a-sis-international-research\/contact-sis-international-market-research\/\"><span style=\"font-weight: 400;\"> Entre em contato conosco<\/span><\/a><span style=\"font-weight: 400;\"> para o seu pr\u00f3ximo projeto de pesquisa de mercado.<\/span><\/p>","protected":false},"excerpt":{"rendered":"<p>A pesquisa e consultoria de mercado de reorganiza\u00e7\u00e3o de servi\u00e7os financeiros ajudam as empresas financeiras na reestrutura\u00e7\u00e3o e transforma\u00e7\u00e3o.<\/p>","protected":false},"author":1,"featured_media":71756,"parent":55793,"menu_order":56,"comment_status":"closed","ping_status":"closed","template":"","meta":{"footnotes":""},"class_list":["post-45819","page","type-page","status-publish","has-post-thumbnail"],"_links":{"self":[{"href":"https:\/\/www.sisinternational.com\/pt\/wp-json\/wp\/v2\/pages\/45819","targetHints":{"allow":["GET"]}}],"collection":[{"href":"https:\/\/www.sisinternational.com\/pt\/wp-json\/wp\/v2\/pages"}],"about":[{"href":"https:\/\/www.sisinternational.com\/pt\/wp-json\/wp\/v2\/types\/page"}],"author":[{"embeddable":true,"href":"https:\/\/www.sisinternational.com\/pt\/wp-json\/wp\/v2\/users\/1"}],"replies":[{"embeddable":true,"href":"https:\/\/www.sisinternational.com\/pt\/wp-json\/wp\/v2\/comments?post=45819"}],"version-history":[{"count":14,"href":"https:\/\/www.sisinternational.com\/pt\/wp-json\/wp\/v2\/pages\/45819\/revisions"}],"predecessor-version":[{"id":79408,"href":"https:\/\/www.sisinternational.com\/pt\/wp-json\/wp\/v2\/pages\/45819\/revisions\/79408"}],"up":[{"embeddable":true,"href":"https:\/\/www.sisinternational.com\/pt\/wp-json\/wp\/v2\/pages\/55793"}],"wp:featuredmedia":[{"embeddable":true,"href":"https:\/\/www.sisinternational.com\/pt\/wp-json\/wp\/v2\/media\/71756"}],"wp:attachment":[{"href":"https:\/\/www.sisinternational.com\/pt\/wp-json\/wp\/v2\/media?parent=45819"}],"curies":[{"name":"wp","href":"https:\/\/api.w.org\/{rel}","templated":true}]}}